{"id":15879,"date":"2023-07-15T07:45:29","date_gmt":"2023-07-15T07:45:29","guid":{"rendered":"https:\/\/www.ticketswhales.com\/punta-cana-los-haitises-national-park-yanigua-waterfalls-montana-redonda\/"},"modified":"2023-07-15T07:45:29","modified_gmt":"2023-07-15T07:45:29","slug":"punta-cana-los-haitises-national-park-yanigua-waterfalls-montana-redonda","status":"publish","type":"page","link":"https:\/\/www.boattoursamana.com\/sk\/punta-cana-los-haitises-narodny-park-yanigua-vodopady-montana-redonda","title":{"rendered":"Punta Cana: N\u00e1rodn\u00fd park Los Haitises, vodop\u00e1dy Yanigua a Montana Redonda"},"content":{"rendered":"<p>V\u00fdlet z Punta Cana: N\u00e1rodn\u00fd park Los Haitises, vodop\u00e1dy Yanigua a Montana Redonda. Zah\u0155\u0148a obed a dopravu na n\u00e1v\u0161tevu 3 hlavn\u00fdch jask\u00fd\u0148, prieskum 2 r\u00f4znych ekosyst\u00e9mov mangrovn\u00edkov, v\u00fdh\u013eady a baz\u00e9ny Simming.<br \/>\nn<br \/>\nnCelodenn\u00fd v\u00fdlet do n\u00e1rodn\u00e9ho parku Los Haitises s miestnym turistick\u00fdm sprievodcom. N\u00e1v\u0161teva Cays v n\u00e1rodnom parku Los Haitises, mangrovy, veget\u00e1cia, vt\u00e1ky, jaskyne, piktogramy a historick\u00e9 oblasti Sabana de la Mar v n\u00e1rodnom parku Los Haitises. \u00da\u017easn\u00e9 v\u00fdh\u013eady v Montana Redonda a obed plus baz\u00e9ny vo vodop\u00e1doch Yanigua.<br \/>\nn<br \/>\nn&nbsp;<br \/>\nn<br \/>\nn<strong>Vyberte d\u00e1tum prehliadky:\u00a0<\/strong><\/p>\n<p>&nbsp;<\/p>\n<div class=\"vc_row wpb_row vc_row-fluid\" ><div class=\"wpb_column vc_column_container vc_col-sm-12\"><div class=\"vc_column-inner\"><div class=\"wpb_wrapper\"><div class=\"mkdf-section-title-holder\" style=\"text-align: left\">\n\t<div class=\"mkdf-st-inner\">\n\t\t\t\t\t<h5 class=\"mkdf-st-subtitle\" >\n\t\t\t\tDoprava a obed v cene\t\t\t<\/h5>\n\t\t\t\t\t\t\t<h3 class=\"mkdf-st-title\" >\n\t\t\t\tPunta Cana: N\u00e1rodn\u00fd park Los Haitises, vodop\u00e1dy Yanigua a Montana Redonda\t\t\t<\/h3>\n\t\t\t\t\t<\/div>\n<\/div><\/div><\/div><\/div><\/div><div class=\"vc_row wpb_row vc_row-fluid\" ><div class=\"wpb_column vc_column_container vc_col-sm-12\"><div class=\"vc_column-inner\"><div class=\"wpb_wrapper\">\n\t<div class=\"wpb_text_column wpb_content_element\" >\n\t\t<div class=\"wpb_wrapper\">\n\t\t\t<p>\nn<\/p>\n<h3>Punta Cana: N\u00e1rodn\u00fd park Los Haitises, vodop\u00e1dy Yanigua a Montana Redonda<\/h3>\n<p>n<\/p>\n<h4><b><i>Preh\u013ead <\/i><\/b><\/h4>\n<p>Prehliadka n\u00e1rodn\u00e9ho parku nLos Haitises z celodenn\u00e9ho v\u00fdletu Punta Cana. Po\u010dn\u00fac od v\u00e1\u0161ho hotela v Punta Cana alebo Bavaro. S na\u0161\u00edm sprievodcom sa odvezieme do Montana Redonda. Kde m\u00e1te \u010das urobi\u0165 \u00fa\u017easn\u00e9 fotografie z jedn\u00e9ho z najp\u00f4sobivej\u0161\u00edch v\u00fdh\u013eadov v Dominik\u00e1nskej republike. Po tejto prvej zast\u00e1vke pokra\u010dujeme v n\u00e1v\u0161teve n\u00e1rodn\u00e9ho parku Los Haitises, ob\u010derstvenia a typick\u00fdch n\u00e1pojov, zatia\u013e \u010do obch\u00e1dzame mangrovy, jaskyne a zn\u00e1me skalnat\u00e9 ostrovy ako v Jurskom parku. Po n\u00e1v\u0161teve n\u00e1rodn\u00e9ho parku Los Haitises n\u00e1s \u010dak\u00e1 obed vo vodop\u00e1doch Yanigua. Po miestnom a gastronomickom miestnom obede si ur\u010dite stihnete zapl\u00e1va\u0165 v unik\u00e1tnych pr\u00edrodn\u00fdch baz\u00e9noch, voda poch\u00e1dza z n\u00e1rodn\u00e9ho parku Los Haitises.<br \/>\nn<br \/>\nnPo tejto sk\u00fasenosti sa dostanete sp\u00e4\u0165 do komunity Punta Cana, odkia\u013e v\u00e1s vyzdvihneme.<br \/>\nn<\/p>\n<ul>\nn \t<\/p>\n<li style=\"font-weight: 400;\">Vr\u00e1tane poplatkov<\/li>\n<p>n \t<\/p>\n<li>obed<\/li>\n<p>n \t<\/p>\n<li>Ob\u010derstvenie<\/li>\n<p>n \t<\/p>\n<li style=\"font-weight: 400;\">Miestny turistick\u00fd sprievodca v angli\u010dtine alebo franc\u00faz\u0161tine<\/li>\n<p>n \t<\/p>\n<li>Doprava<\/li>\n<p>n \t<\/p>\n<li>V\u00fdlet na lodi<\/li>\n<p>n \t<\/p>\n<li>Montana Redonda<\/li>\n<p>n \t<\/p>\n<li>Vodop\u00e1d Yanigua<\/li>\n<p>n<\/ul>\n<p>n&nbsp;<br \/>\nn<\/p>\n<h4><b>Inkl\u00fazie a vyl\u00fa\u010denia<\/b><\/h4>\n<p>n&nbsp;<br \/>\nn<br \/>\nn<b>Inkl\u00fazie<\/b><br \/>\nn<\/p>\n<ol>\nn \t<\/p>\n<li style=\"font-weight: 400;\">Prehliadka Los Haitises + jaskyne a piktogramy<\/li>\n<p>n \t<\/p>\n<li>Montana Redonda<\/li>\n<p>n \t<\/p>\n<li>Vodop\u00e1dy Yanigua<\/li>\n<p>n \t<\/p>\n<li>obed<\/li>\n<p>n \t<\/p>\n<li>Hotely Pick Up v oblastiach Punta Cana.<\/li>\n<p>n \t<\/p>\n<li style=\"font-weight: 400;\"><span style=\"font-weight: 400;\">V\u0161etky dane, poplatky a manipula\u010dn\u00e9 poplatky<\/span><\/li>\n<p>n \t<\/p>\n<li style=\"font-weight: 400;\"><span style=\"font-weight: 400;\">Miestne dane<\/span><\/li>\n<p>n \t<\/p>\n<li style=\"font-weight: 400;\"><span style=\"font-weight: 400;\">N\u00e1poje<\/span><\/li>\n<p>n \t<\/p>\n<li>Ob\u010derstvenie<\/li>\n<p>n \t<\/p>\n<li style=\"font-weight: 400;\"><span style=\"font-weight: 400;\">V\u0161etky aktivity<\/span><\/li>\n<p>n \t<\/p>\n<li style=\"font-weight: 400;\"><span style=\"font-weight: 400;\">Miestny sprievodca<\/span><\/li>\n<p>n<\/ol>\n<p>n<b> Vyl\u00fa\u010denia<\/b><br \/>\nn<\/p>\n<ol>\nn \t<\/p>\n<li style=\"font-weight: 400;\"><span style=\"font-weight: 400;\">Spropitn\u00e9<\/span><\/li>\n<p>n \t<\/p>\n<li style=\"font-weight: 400;\"><span style=\"font-weight: 400;\">Alkoholick\u00e9 n\u00e1poje<\/span><\/li>\n<p>n<\/ol>\n<p>n&nbsp;<br \/>\nn<\/p>\n<h4><em><strong>Odchod a n\u00e1vrat<\/strong><\/em><\/h4>\n<p>n<span style=\"font-weight: 400;\">Cestuj\u00faci z\u00edska miesto stretnutia po procese rezerv\u00e1cie. Prehliadky za\u010d\u00ednaj\u00fa a kon\u010dia v miestach na\u0161ich stretnut\u00ed.<\/span><br \/>\nn<\/p>\n<h4><\/h4>\n<p>n<\/p>\n<h3>Punta Cana: N\u00e1rodn\u00fd park Los Haitises, vodop\u00e1dy Yanigua a Montana Redonda<\/h3>\n<p>n<\/p>\n<h4><b><i>\u010co o\u010dak\u00e1va\u0165?<\/i><\/b><\/h4>\n<p>n<em><strong>Z\u00edskajte l\u00edstky<\/strong><\/em> za n\u00e1v\u0161tevu n\u00e1rodn\u00e9ho parku Los Haitises Tour z Punta Cana.<br \/>\nn<br \/>\nnThe\u00a0<strong>tropick\u00e1 pr\u00edroda Dominik\u00e1nskej republiky<\/strong>\u00a0je jedn\u00fdm z hlavn\u00fdch\u00a0<strong>turistick\u00e9 atrakcie<\/strong>\u00a0v krajine. Dnes v\u00e1m chceme navrhn\u00fa\u0165 a\u00a0<strong>jedine\u010dn\u00e1 exkurzia<\/strong>\u00a0ktor\u00e9 m\u00f4\u017eete urobi\u0165 z Punta Cana, a to zah\u0155\u0148a n\u00e1v\u0161tevu troch miest, kde v\u00e1s krajina nech\u00e1 bez slova.<br \/>\nn<br \/>\nnPrv\u00fdm z nich je\u00a0<em>Okr\u00fahla hora<\/em>, miesto, ktor\u00e9 sa v posledn\u00fdch rokoch presl\u00e1vilo svoj\u00edm\u00a0<strong>panoramatick\u00fd v\u00fdh\u013ead<\/strong>\u00a0nad Karibikom, kde\u00a0<strong>momentky na hojda\u010dke<\/strong>\u00a0ktor\u00fd sa pozer\u00e1 smerom k horizontu z neho urobil jeden z\u00a0<strong>najfotografovanej\u0161ie miesta v Dominik\u00e1nskej republike<\/strong>.<br \/>\nn<br \/>\nn<strong>N\u00e1rodn\u00fd park Los Haitises<\/strong>\u00a0je n\u00e1\u0161 \u010fal\u0161\u00ed cie\u013e na mape, oblas\u0165, kde\u00a0<strong>more, mangrovy, d\u017eungle<\/strong>\u00a0a dokonca\u00a0<strong>archeologick\u00e9 pozostatky<\/strong>\u00a0skryt\u00e9 v jaskyniach, odhali\u0165 v\u0161etky\u00a0<strong>pr\u00edrodn\u00fd p\u00f4vab, ktor\u00fd krajina pon\u00faka<\/strong>. Jeho mal\u00e9 kopce pln\u00e9 veget\u00e1cie s\u00fa tie\u017e ide\u00e1lnym miestom na pozorovanie vt\u00e1kov, ktor\u00e9 n\u00e1jdete len tu.<br \/>\nn<br \/>\nnVn\u00fatri parku je \u010fal\u0161\u00ed\u00a0<strong>magick\u00e9 miesto: Vodop\u00e1dy Yanigua Ranch<\/strong>. Tento ve\u013ekolep\u00fd vodop\u00e1d je\u00a0<strong>ide\u00e1lne miesto na odpojenie<\/strong>\u00a0od turistick\u00fdch davov Punta Cana, obklopen\u00e9ho hustou veget\u00e1ciou, ktor\u00e1 n\u00e1s n\u00fati myslie\u0165 si, \u017ee sme viac ako 100 kilometrov od najbli\u017e\u0161ieho mesta, hoci to tak naozaj nie je.<br \/>\nn<\/p>\n<div class=\"body-description secondary\">\nn<br \/>\nnPo obede sa vraciame do Punta Cana!!<br \/>\nn<\/p>\n<h2 id=\"headline-62-1277\" class=\"ct-headline\">Itiner\u00e1r z\u00e1jazdu<\/h2>\n<p>n<\/p>\n<div id=\"_rich_text-77-1277\" class=\"oxy-rich-text\">\nn<br \/>\nnItiner\u00e1r tejto exkurzie je nasledovn\u00fd:<br \/>\nn<\/p>\n<ul>\nn \t<\/p>\n<li><strong>06:50<\/strong>\u00a0\u2013 Vyzdvihneme v\u00e1s vo va\u0161om hoteli.<\/li>\n<p>n \t<\/p>\n<li><strong>08:30<\/strong>\u00a0\u2013 Pr\u00edchod na okr\u00fahlu horu, jedine\u010dn\u00fa krajinu v celej krajine.<\/li>\n<p>n \t<\/p>\n<li><strong>10:30<\/strong>\u00a0\u2013 Odch\u00e1dza zo Sabana de la Mar do n\u00e1rodn\u00e9ho parku Haitises motorov\u00fdm \u010dlnom. Po ceste uvid\u00edme\u00a0<strong>exotick\u00e9 vt\u00e1ky<\/strong>, a pr\u00eddeme na\u00a0<strong>jaskyne<\/strong>\u00a0kde m\u00f4\u017eete vidie\u0165\u00a0<strong>domorod\u00e9 ma\u013eby<\/strong>.<\/li>\n<p>n \t<\/p>\n<li><strong>12:30<\/strong>\u00a0<strong>popoludnie\u00a0<\/strong>\u2013 Cho\u010fte hlboko do d\u017eungle, k\u00fdm sa nedostaneme k vodop\u00e1dom Yanigua Ranch Waterfalls, ide\u00e1lne miesto na obed a k\u00fapanie. M\u00f4\u017eete si tie\u017e urobi\u0165 lie\u010debn\u00fd bahenn\u00fd k\u00fape\u013e.<\/li>\n<p>n \t<\/p>\n<li><strong>02:00<\/strong>\u00a0<strong>popoludnie<\/strong>\u00a0\u2013 M\u00f4\u017eete ochutna\u0165\u00a0<strong>k\u00e1va a kakao<\/strong>\u00a0z miestnych fariem a ran\u010dov.<\/li>\n<p>n \t<\/p>\n<li><strong>03:00<\/strong>\u00a0<strong>popoludnie<\/strong>- Nav\u0161t\u00edvi\u0165\u00a0<strong>modr\u00e1 jant\u00e1rov\u00e1 ba\u0148a<\/strong>.<\/li>\n<p>n \t<\/p>\n<li><strong>16:30<\/strong>\u00a0\u2013 Zastavte sa na fotografickej vyhliadke, kde m\u00f4\u017eete vidie\u0165 n\u00e1dheru n\u00e1rodn\u00e9ho parku Haitises.<\/li>\n<p>n \t<\/p>\n<li><strong>17:00<\/strong>\u00a0\u2013 Nakoniec n\u00e1s sprievodca zavedie k jednej z najkuri\u00f3znej\u0161\u00edch stavieb miesta,\u00a0<em>dom Tarzana<\/em>, ktor\u00fd sa nach\u00e1dza na strome vysokom cez 100 st\u00f4p.<\/li>\n<p>n \t<\/p>\n<li><strong>18:00<\/strong>\u00a0\u2013 N\u00e1vrat do hotelov na\u0161ou dopravou.<\/li>\n<p>n<\/ul>\n<p>n<em>* Vy\u0161\u0161ie uveden\u00e9 \u010dasy s\u00fa pribli\u017en\u00e9<\/em><br \/>\nn<br \/>\nn<\/div>\n<p>n\n<\/p><\/div>\n<p>nV pr\u00edpade, \u017ee sa v\u00e1m tento v\u00fdlet bude p\u00e1\u010di\u0165 dlh\u0161\u00ed alebo krat\u0161\u00ed, kontaktujte n\u00e1s.<br \/>\nn<br \/>\nn&nbsp;<br \/>\nn<\/p>\n<h4><em><strong>\u010co by ste si mali prinies\u0165?<\/strong><\/em><\/h4>\n<p>n<\/p>\n<ul>\nn \t<\/p>\n<li style=\"font-weight: 400;\"><span style=\"font-weight: 400;\">fotoapar\u00e1t<\/span><\/li>\n<p>n \t<\/p>\n<li style=\"font-weight: 400;\"><span style=\"font-weight: 400;\">Repelentn\u00e9 p\u00fa\u010diky<\/span><\/li>\n<p>n \t<\/p>\n<li style=\"font-weight: 400;\"><span style=\"font-weight: 400;\">Opa\u013eovac\u00ed kr\u00e9m<\/span><\/li>\n<p>n \t<\/p>\n<li style=\"font-weight: 400;\"><span style=\"font-weight: 400;\">Klob\u00fak<\/span><\/li>\n<p>n \t<\/p>\n<li style=\"font-weight: 400;\"><span style=\"font-weight: 400;\">Pohodln\u00e9 nohavice<\/span><\/li>\n<p>n \t<\/p>\n<li style=\"font-weight: 400;\"><span style=\"font-weight: 400;\">Turistick\u00e1 obuv do lesa<\/span><\/li>\n<p>n \t<\/p>\n<li style=\"font-weight: 400;\"><span style=\"font-weight: 400;\">Sand\u00e1le do jarn\u00fdch oblast\u00ed.<\/span><\/li>\n<p>n \t<\/p>\n<li style=\"font-weight: 400;\"><span style=\"font-weight: 400;\">Oble\u010denie na pl\u00e1vanie<\/span><\/li>\n<p>n<\/ul>\n<p>n&nbsp;<br \/>\nn<\/p>\n<h4><b><i>Vyzdvihnutie v hoteli <\/i><\/b><\/h4>\n<p>n<span style=\"font-weight: 400;\">Pre tento z\u00e1jazd je k dispoz\u00edcii vyzdvihnutie v hoteli. Tu vyberte n\u00e1zov hotela a \u010das. V pr\u00edpade, \u017ee v\u00e1\u0161 hotel nie je na zozname, kontaktujte n\u00e1s.<\/span><br \/>\nn<br \/>\nn&nbsp;<br \/>\nn<br \/>\nn<b>Pozn\u00e1mka:<\/b><span style=\"font-weight: 400;\"> Ak si rezervujete do 24 hod\u00edn od \u010dasu odchodu z\u00e1jazdu\/exkurzie, m\u00f4\u017eeme zabezpe\u010di\u0165 vyzdvihnutie v hoteli. Po dokon\u010den\u00ed n\u00e1kupu v\u00e1m po\u0161leme kompletn\u00e9 kontaktn\u00e9 inform\u00e1cie (telef\u00f3nne \u010d\u00edslo, e-mailov\u00fa adresu at\u010f.) pre n\u00e1\u0161ho miestneho sprievodcu, aby sme mohli zorganizova\u0165 opatrenia na vyzdvihnutie.<\/span><br \/>\nn<\/p>\n<h4><b><i>Potvrdenie dodato\u010dn\u00fdch inform\u00e1ci\u00ed <\/i><\/b><\/h4>\n<p>n<\/p>\n<ol>\nn \t<\/p>\n<li>Vstupenky s\u00fa potvrden\u00edm po zaplaten\u00ed tohto z\u00e1jazdu. Platbu m\u00f4\u017eete zobrazi\u0165 na telef\u00f3ne.<\/li>\n<p>n \t<\/p>\n<li style=\"font-weight: 400;\"><span style=\"font-weight: 400;\">Miesto stretnutia bude prijat\u00e9 po procese rezerv\u00e1cie.<\/span><\/li>\n<p>n \t<\/p>\n<li style=\"font-weight: 400;\"><span style=\"font-weight: 400;\">Deti musia by\u0165 v sprievode dospelej osoby.<\/span><\/li>\n<p>n \t<\/p>\n<li style=\"font-weight: 400;\"><span style=\"font-weight: 400;\"> Bezbari\u00e9rov\u00fd pr\u00edstup <\/span><\/li>\n<p>n \t<\/p>\n<li style=\"font-weight: 400;\"><span style=\"font-weight: 400;\">Doj\u010dat\u00e1 musia sedie\u0165 na kolen\u00e1ch <\/span><\/li>\n<p>n \t<\/p>\n<li style=\"font-weight: 400;\"><span style=\"font-weight: 400;\">Neodpor\u00fa\u010da sa pre cestuj\u00facich s probl\u00e9mami s chrbtom<\/span><\/li>\n<p>n \t<\/p>\n<li style=\"font-weight: 400;\"><span style=\"font-weight: 400;\">Neodpor\u00fa\u010da sa pre tehotn\u00e9 cestovate\u013eky <\/span><\/li>\n<p>n \t<\/p>\n<li style=\"font-weight: 400;\"><span style=\"font-weight: 400;\"> \u017diadne srdcov\u00e9 probl\u00e9my ani in\u00e9 v\u00e1\u017ene zdravotn\u00e9 \u0165a\u017ekosti <\/span><\/li>\n<p>n \t<\/p>\n<li style=\"font-weight: 400;\"><span style=\"font-weight: 400;\">V\u00e4\u010d\u0161ina cestovate\u013eov sa m\u00f4\u017ee z\u00fa\u010dastni\u0165<\/span><\/li>\n<p>n<\/ol>\n<p>n<\/p>\n<h4><b><i>Podmienky zru\u0161enia<\/i><\/b><\/h4>\n<p>Ak chcete z\u00edska\u0165 pln\u00fa n\u00e1hradu, pre\u010d\u00edtajte si na\u0161e pravidl\u00e1 pre zru\u0161enie\u00a0<a href=\"https:\/\/www.boattoursamana.com\/sk\/online-rezervacia\/\" target=\"_blank\" rel=\"noopener\" data-saferedirecturl=\"https:\/\/www.google.com\/url?q=https:\/\/www.boattoursamana.com\/online-booking\/&amp;source=gmail&amp;ust=1672308980019000&amp;usg=AOvVaw26v5FL8g3-3hyHN76KOvdD\">Kliknite tu<\/a>. Finan\u010dn\u00e9 prostriedky bud\u00fa straten\u00e9, ak bude rezerv\u00e1cia zru\u0161en\u00e1 v ten ist\u00fd de\u0148 z\u00e1jazdu.<\/p>\n\n\t\t<\/div>\n\t<\/div>\n<\/div><\/div><\/div><\/div><div class=\"vc_row wpb_row vc_row-fluid\" ><div class=\"wpb_column vc_column_container vc_col-sm-12\"><div class=\"vc_column-inner\"><div class=\"wpb_wrapper\"><div class=\"vc_empty_space\"   style=\"height: 32px\"><span class=\"vc_empty_space_inner\"><\/span><\/div>\n\t<div class=\"wpb_video_widget wpb_content_element vc_clearfix   vc_video-aspect-ratio-169 vc_video-el-width-100 vc_video-align-left\" >\n\t\t<div class=\"wpb_wrapper\">\n\t\t\t<h2 class=\"wpb_heading wpb_video_heading\">Video z n\u00e1rodn\u00e9ho parku Los Haitises:<\/h2>\n\t\t\t<div class=\"wpb_video_wrapper\"><iframe loading=\"lazy\" title=\"N\u00e1rodn\u00fd park Los Haitises, v\u00fdlety a exkurzie zo Samany alebo Sabana de la Mar. Rezervujte tu:\" src=\"https:\/\/player.vimeo.com\/video\/346508015?dnt=1&amp;app_id=122963\" width=\"1100\" height=\"619\" frameborder=\"0\" allow=\"autoplay; fullscreen; picture-in-picture\" allowfullscreen><\/iframe><\/div>\n\t\t<\/div>\n\t<\/div>\n<div class=\"vc_empty_space\"   style=\"height: 32px\"><span class=\"vc_empty_space_inner\"><\/span><\/div><\/div><\/div><\/div><\/div><div class=\"vc_row wpb_row vc_row-fluid\" ><div class=\"wpb_column vc_column_container vc_col-sm-12\"><div class=\"vc_column-inner\"><div class=\"wpb_wrapper\"><div class=\"vc_empty_space\"   style=\"height: 32px\"><span class=\"vc_empty_space_inner\"><\/span><\/div>\n\t<div class=\"wpb_text_column wpb_content_element\" >\n\t\t<div class=\"wpb_wrapper\">\n\t\t\t<p>\nn<\/p>\n<h4>Kontaktuj n\u00e1s?<\/h4>\n<p>n<\/p>\n<h5><em><strong>Rezerva\u010dn\u00e9 dobrodru\u017estv\u00e1<\/strong><\/em><\/h5>\n<p>n<em><strong>Miestni obyvatelia<\/strong>\u00a0a\u00a0<strong>\u0160t\u00e1tni pr\u00edslu\u0161n\u00edci<\/strong>\u00a0Sprievodcovia a slu\u017eby pre host\u00ed<\/em><br \/>\nn<br \/>\nn<span class=\"text-turquoise\">Rezerv\u00e1cie:<\/span>\u00a0Prehliadky a exkurzie v Dom. Rep.<br \/>\nn<br \/>\nn<img decoding=\"async\" class=\"emoji\" draggable=\"false\" src=\"https:\/\/s.w.org\/images\/core\/emoji\/11.2.0\/svg\/1f4de.svg\" alt=\" \" title=\"\">\u00a0Tel \/ Whatsapp\u00a0\u00a0<a href=\"tel:+1-809-720-6035\">+1-809-720-6035<\/a>.<br \/>\nn<br \/>\nn<img decoding=\"async\" class=\"emoji\" draggable=\"false\" src=\"https:\/\/s.w.org\/images\/core\/emoji\/11.2.0\/svg\/1f4e9.svg\" alt=\" \" title=\"\">\u00a0<a href=\"mailto:info@bookingadventures.com.do\">info@bookingadventures.com.do<\/a><br \/>\nn<br \/>\nn<strong>Flexibilne nastavujeme s\u00fakromn\u00e9 prehliadky od Whatsapp:\u00a0<a href=\"tel:+18097206035\">+18097206035.<\/a><\/strong><\/p>\n\n\t\t<\/div>\n\t<\/div>\n<div class=\"vc_empty_space\"   style=\"height: 32px\"><span class=\"vc_empty_space_inner\"><\/span><\/div><\/div><\/div><\/div><\/div>","protected":false},"excerpt":{"rendered":"<p>Excursion from Punta Cana: Los Haitises National Park, Yanigua Waterfalls &amp; Montana Redonda. Includes Lunch and Transportation for a visit to the 3 main caves, an exploration of 2 different mangroves ecosystems, views, and Simming Pools. n nFull Day Trip to Los Haitises National Park with a Local Tour guide. Visiting the Cays in Los Haitises National Park, Mangroves, Vegetation, Birding, Caves, Pictographs and the historical areas of Sabana de la Mar in Los Haitises National Park. Amazing Views in [&hellip;]<\/p>\n","protected":false},"author":2,"featured_media":0,"parent":0,"menu_order":0,"comment_status":"open","ping_status":"closed","template":"","meta":{"footnotes":""},"class_list":["post-15879","page","type-page","status-publish","hentry"],"_links":{"self":[{"href":"https:\/\/www.boattoursamana.com\/sk\/wp-json\/wp\/v2\/pages\/15879","targetHints":{"allow":["GET"]}}],"collection":[{"href":"https:\/\/www.boattoursamana.com\/sk\/wp-json\/wp\/v2\/pages"}],"about":[{"href":"https:\/\/www.boattoursamana.com\/sk\/wp-json\/wp\/v2\/types\/page"}],"author":[{"embeddable":true,"href":"https:\/\/www.boattoursamana.com\/sk\/wp-json\/wp\/v2\/users\/2"}],"replies":[{"embeddable":true,"href":"https:\/\/www.boattoursamana.com\/sk\/wp-json\/wp\/v2\/comments?post=15879"}],"version-history":[{"count":0,"href":"https:\/\/www.boattoursamana.com\/sk\/wp-json\/wp\/v2\/pages\/15879\/revisions"}],"wp:attachment":[{"href":"https:\/\/www.boattoursamana.com\/sk\/wp-json\/wp\/v2\/media?parent=15879"}],"curies":[{"name":"wp","href":"https:\/\/api.w.org\/{rel}","templated":true}]}}