{"id":11569,"date":"2020-10-10T15:42:33","date_gmt":"2020-10-10T15:42:33","guid":{"rendered":"https:\/\/www.ticketswhales.com\/?post_type=product&#038;p=11569"},"modified":"2023-11-07T21:53:32","modified_gmt":"2023-11-07T21:53:32","slug":"private-kayaking-snorkeling-with-lunch-on-cayo-levantado-island","status":"publish","type":"product","link":"https:\/\/www.boattoursamana.com\/sk\/turne\/sukromna-jazda-na-kajaku-snorchlovanie-s-obedom-na-ostrove-cayo-levantado","title":{"rendered":"Samana: Cayo Levantado a kajakovanie + \u0161norchlovanie"},"content":{"rendered":"<div class=\"wpb_column vc_column_container vc_col-sm-12\"><div class=\"vc_column-inner\"><div class=\"wpb_wrapper\"><\/div><\/div><\/div><div class=\"vc_row wpb_row vc_row-fluid\" ><div class=\"wpb_column vc_column_container vc_col-sm-12\"><div class=\"vc_column-inner\"><div class=\"wpb_wrapper\">\n\t<div class=\"wpb_text_column wpb_content_element\" >\n\t\t<div class=\"wpb_wrapper\">\n\t\t\t<div class=\"vc_row wpb_row vc_row-fluid\">\n<div class=\"wpb_column vc_column_container vc_col-sm-12\">\n<div class=\"vc_column-inner\">\n<div class=\"wpb_wrapper\">\n<div class=\"mkdf-section-title-holder\">\n<div class=\"mkdf-st-inner\">\n<h5 class=\"mkdf-st-subtitle\">Z pr\u00edstavu Samana: S\u00fakromn\u00e1 prehliadka<\/h5>\n<h3 class=\"mkdf-st-title\">S\u00fakromn\u00fd kajak a \u0161norchel s obedom na ostrove Cayo Levantado<\/h3>\n<\/div>\n<\/div>\n<div class=\"vc_empty_space\"><\/div>\n<\/div>\n<\/div>\n<\/div>\n<\/div>\n<div class=\"vc_row wpb_row vc_row-fluid\"><\/div>\n<div class=\"wpb_column vc_column_container vc_col-sm-12\">\n<div class=\"vc_column-inner\">\n<div class=\"wpb_wrapper\"><\/div>\n<\/div>\n<\/div>\n<div class=\"wpb_text_column wpb_content_element\">\n<div class=\"wpb_wrapper\"><\/div>\n<\/div>\n<div class=\"vc_row wpb_row vc_row-fluid\">\n<div class=\"wpb_column vc_column_container vc_col-sm-12\">\n<div class=\"vc_column-inner\">\n<div class=\"wpb_wrapper\">\n<div class=\"wpb_text_column wpb_content_element\">\n<div class=\"wpb_wrapper\">\n<div class=\"vc_row wpb_row vc_row-fluid\">\n<div class=\"wpb_column vc_column_container vc_col-sm-12\">\n<div class=\"vc_column-inner\">\n<div class=\"wpb_wrapper\">\n<div class=\"wpb_text_column wpb_content_element\">\n<div class=\"wpb_wrapper\">\n<h4><b><i>Preh\u013ead\ud83d\udc33<\/i><\/b><\/h4>\n<p><strong>Vyhnite sa ve\u013ek\u00fdm skupin\u00e1m turistov.<\/strong>\u00a0a urobte si s\u00fakromn\u00fa kajak\u00e1rsku a \u0161norchlovaciu t\u00faru v z\u00e1live Saman\u00e1 s odletom z pr\u00edstavu Saman\u00e1.<\/p>\n<p>Obdivujte 40 min\u00fat jedine\u010dn\u00e9ho panoramatick\u00e9ho v\u00fdh\u013eadu na z\u00e1liv Samana z mora na kajaku a \u0161norchlovan\u00ed v kri\u0161t\u00e1\u013eovo \u010distej vode ne\u010falekej pl\u00e1\u017ee na sl\u00e1vnom ostrove Cayo Levantado\/Bacardi. Tam, kde si m\u00f4\u017eeme natiahnu\u0165 nohy a pou\u017ei\u0165 na\u0161e s\u00fapravy na \u0161norchlovanie, je tu \u010fal\u0161\u00ed svet, ktor\u00fd treba presk\u00fama\u0165!<br \/>\nPo \u0161norchlovan\u00ed sa vyberieme na typick\u00fd dominik\u00e1nsky obed na pl\u00e1\u017ei a objav\u00edme najkraj\u0161\u00ed ostrov Dominik\u00e1nskej republiky. Domov n\u00e1dhern\u00e9ho luxusn\u00e9ho hotela, pl\u00e1\u017e\u00ed s bielym pieskom, bujn\u00e9ho da\u017e\u010fov\u00e9ho pralesa a \u00fa\u017easn\u00fdch zru\u010dn\u00fdch umelcov, ktor\u00ed pon\u00fakaj\u00fa svoje ru\u010dne vyr\u00e1ban\u00e9 obrazy a in\u00e9 produkty.<\/p>\n<p>\u010co m\u00f4\u017eete na ostrove robi\u0165?<br \/>\nPl\u00e1vanie, turistika, volejbal, fotenie, \u0161norchlovanie, u\u017e\u00edvanie si pl\u00e1\u017ee alebo len relax v tieni a osvie\u017euj\u00faci drink (Pi\u00f1a Colada, Coco Loco, Cuba Libre at\u010f.) Existuje ve\u013ea mo\u017enost\u00ed, ako si u\u017ei\u0165 ostrov pre ka\u017ed\u00e9ho !<\/p>\n<p>Cestou sp\u00e4\u0165 do Saman\u00e1 men\u00edme perspekt\u00edvu a na\u0161u pozornos\u0165 up\u00fataj\u00fa detaily, ktor\u00e9 sme si predt\u00fdm nev\u0161imli, vychutn\u00e1vame si ka\u017ed\u00fd meter pribli\u017ene 40 min.<\/p>\n<p>Sme jedin\u00ed, ktor\u00ed pon\u00fakaj\u00fa t\u00fato prehliadku v celej Dominik\u00e1nskej republike! Tento jedine\u010dn\u00fd z\u00e1\u017eitok je splnen\u00fdm snom pre milovn\u00edkov pr\u00edrody a mora.<\/p>\n<p><strong>Pozn\u00e1mka:<\/strong>\u00a0T\u00e1to prehliadka je s\u00fakromn\u00e1. (Len vy a va\u0161a rodina alebo priatelia a sprievodca).<\/p>\n<p>&nbsp;<\/p>\n<h4><b>Inkl\u00fazie a vyl\u00fa\u010denia<\/b><\/h4>\n<p>&nbsp;<\/p>\n<p><b>Inkl\u00fazie<\/b><\/p>\n<p>&nbsp;<\/p>\n<ol>\n<li>Obed formou bufetu na pl\u00e1\u017ei.<\/li>\n<li>Turistick\u00fd sprievodca<\/li>\n<li>kajaky, paddleboarding<\/li>\n<li>Z\u00e1chrann\u00e1 vesta<\/li>\n<li>S\u00faprava na \u0161norchlovanie<\/li>\n<li>V\u0161etky dane, poplatky a manipula\u010dn\u00e9 poplatky.<\/li>\n<li>Miestne dane<\/li>\n<li>N\u00e1poje (f\u013ea\u0161a vody na osobu)<\/li>\n<\/ol>\n<p><b>Vyl\u00fa\u010denia<\/b><\/p>\n<ol>\n<li>Tipy<\/li>\n<li>Presun auta<\/li>\n<li>Alkohol<\/li>\n<\/ol>\n<p>&nbsp;<\/p>\n<h4><em><strong>Odlet a n\u00e1vrat<\/strong><\/em><\/h4>\n<p>Tento v\u00fdlet za\u010d\u00edna o 8:00 a kon\u010d\u00ed okolo 16:00. Ale ke\u010f\u017ee p\u00f4jde o s\u00fakromn\u00fa cestu, m\u00f4\u017eete si nastavi\u0165 \u010das za\u010diatku a konca.<\/p>\n<p>Cestuj\u00faci dostane miesto stretnutia po procese rezerv\u00e1cie. Prehliadky za\u010d\u00ednaj\u00fa a kon\u010dia na na\u0161ich miestach stretnutia.<\/p>\n<p>&nbsp;<\/p>\n<h4><b><i>\u010co o\u010dak\u00e1va\u0165?<\/i><\/b><\/h4>\n<p>&nbsp;<\/p>\n<p><em><strong>Z\u00edskajte l\u00edstky<\/strong><\/em>\u00a0na kajakovanie a \u0161norchlovanie v Samana Bay. 40 min\u00fat neporovnate\u013en\u00fdch panoramatick\u00fdch v\u00fdh\u013eadov na z\u00e1liv Saman\u00e1 z mora na kajaku a \u0161norchlovanie v kri\u0161t\u00e1\u013eovo \u010distej vode ne\u010falekej pl\u00e1\u017ee zn\u00e1meho Cayo Levantado\/Bacardi. Typick\u00fd dominik\u00e1nsky obed na pl\u00e1\u017ei. V sez\u00f3ne pozorovania ve\u013er\u00fdb je mo\u017enos\u0165 vidie\u0165 keporkaky.<\/p>\n<p>Prehliadka na kajaku a \u0161norchlovan\u00ed, ktor\u00fa organizuje \u201eBooking Adventures\u201c, za\u010d\u00edna na mieste stretnutia s turistick\u00fdm sprievodcom. Obed na pl\u00e1\u017ei a m\u00f4\u017eete zosta\u0165 tak dlho, ako chcete. Ak ste veg\u00e1n, m\u00f4\u017eeme pre v\u00e1s pripravi\u0165 aj nejak\u00e9 jedlo.<\/p>\n<p><strong>Kalend\u00e1r:<\/strong><\/p>\n<p>8:00 \u2013 16:00<\/p>\n<p>&nbsp;<\/p>\n<h4><em><strong>\u010co by ste si mali prinies\u0165?<\/strong><\/em><\/h4>\n<ul>\n<li>fotoapar\u00e1t<\/li>\n<li>Uter\u00e1k<\/li>\n<li>Ochrana pred slnkom<\/li>\n<li>Klob\u00fak<\/li>\n<li>Pohodln\u00e9 nohavice a top\u00e1nky.<\/li>\n<li>Sand\u00e1le na pl\u00e1\u017e<\/li>\n<li>\u0160aty pre plavky<\/li>\n<li>Peniaze za suven\u00edry<\/li>\n<\/ul>\n<p>&nbsp;<\/p>\n<h4><b><i>Vyzdvihnutie v hoteli<\/i><\/b><\/h4>\n<p>Vyzdvihnutie v hoteli sa pre tento z\u00e1jazd nepon\u00faka.<\/p>\n<p>&nbsp;<\/p>\n<p><b>Pozn\u00e1mka:<\/b>\u00a0Ak vykon\u00e1te rezerv\u00e1ciu do 24 hod\u00edn pred \u010dasom odchodu z\u00e1jazdu\/v\u00fdletu, m\u00f4\u017eeme zabezpe\u010di\u0165 vyzdvihnutie v hoteli s dodato\u010dn\u00fdmi poplatkami. Po dokon\u010den\u00ed n\u00e1kupu v\u00e1m po\u0161leme \u00fapln\u00e9 kontaktn\u00e9 inform\u00e1cie (telef\u00f3nne \u010d\u00edslo, e-mailov\u00fa adresu at\u010f.) n\u00e1\u0161ho miestneho sprievodcu, aby sme si dohodli vyzdvihnutie.<\/p>\n<h4><b><i>Potvrdenie dodato\u010dn\u00fdch inform\u00e1ci\u00ed<\/i><\/b><\/h4>\n<ol>\n<li>Vstupenky s\u00fa potvrden\u00edm po zaplaten\u00ed tohto z\u00e1jazdu. Platbu si m\u00f4\u017eete zobrazi\u0165 na svojom telef\u00f3ne.<\/li>\n<li>Miesto stretnutia bude doru\u010den\u00e9 po procese rezerv\u00e1cie.<\/li>\n<li>Deti musia by\u0165 v sprievode dospelej osoby.<\/li>\n<li>Bezbari\u00e9rov\u00fd pr\u00edstup<\/li>\n<li>B\u00e1b\u00e4tk\u00e1 by mali sedie\u0165 na kolen\u00e1ch.<\/li>\n<li>V\u00e4\u010d\u0161ina cestovate\u013eov sa m\u00f4\u017ee z\u00fa\u010dastni\u0165.<\/li>\n<\/ol>\n<h4><b><i>Podmienky zru\u0161enia<\/i><\/b><\/h4>\n<p>Ak chcete z\u00edska\u0165 pln\u00fa n\u00e1hradu, zru\u0161te aspo\u0148 24 hod\u00edn pred d\u00e1tumom za\u010diatku z\u00e1\u017eitku.<\/p>\n<\/div>\n<\/div>\n<\/div>\n<\/div>\n<\/div>\n<\/div>\n<\/div>\n<\/div>\n<\/div>\n<\/div>\n<\/div>\n<\/div>\n<div class=\"vc_row wpb_row vc_row-fluid\">\n<div class=\"wpb_column vc_column_container vc_col-sm-12\">\n<div class=\"vc_column-inner\">\n<div class=\"wpb_wrapper\">\n<div class=\"vc_empty_space\"><\/div>\n<div class=\"wpb_text_column wpb_content_element\">\n<div class=\"wpb_wrapper\">\n<h4>Kontaktuj n\u00e1s?<\/h4>\n<h5><b><i>Dobrodru\u017en\u00e9 rezerv\u00e1cie<\/i><\/b><\/h5>\n<p><em>Turistick\u00ed sprievodcovia a slu\u017eby pre host\u00ed.\u00a0<strong>miestne<\/strong>\u00a0a\u00a0<strong>n\u00e1rodn\u00e9<\/strong><\/em><\/p>\n<p><span class=\"text-turquoise\">Rezerv\u00e1cie:<\/span>\u00a0Prehliadky a exkurzie v Dom. z\u00e1stupcovia.<\/p>\n<p>\ud83d\udcde Telef\u00f3n\/Whatsapp\u00a0<a href=\"tel: 1-809-720-6035\">+ 1-809-720-6035<\/a>\u00a0.<\/p>\n<p>\ud83d\udce9\u00a0<a href=\"mailto:info@bookingadventures.com.do\">info@bookingadventures.com.do<\/a><\/p>\n<p><strong>Sme s\u00fakromn\u00e9 z\u00e1jazdy s flexibilnou konfigur\u00e1ciou od Whatsapp:\u00a0<a href=\"tel: 18097206035\">+18097206035.<\/a><\/strong><\/p>\n<\/div>\n<\/div>\n<\/div>\n<\/div>\n<\/div>\n<\/div>\n\n\t\t<\/div>\n\t<\/div>\n<\/div><\/div><\/div><\/div>","protected":false},"excerpt":{"rendered":"<p>S\u00fakromn\u00fd v\u00fdlet na kajaku a \u0161norchlovan\u00ed v z\u00e1live Samana v Dominik\u00e1nskej republike s miestnymi sprievodcami. Nev\u00e1hajte a nastavte \u010das za\u010diatku, ktor\u00fd v\u00e1m najviac vyhovuje. Rezervujte si t\u00fato exkurziu v z\u00e1live Samana u\u017e teraz a pre\u017eite skuto\u010dn\u00e9 karibsk\u00e9 dobrodru\u017estvo.<\/p>\n<p>Pozn\u00e1mka: T\u00e1to prehliadka je s\u00fakromn\u00e1!<\/p>\n<p>&nbsp;<\/p>\n<p><em><strong>Vyberte si d\u00e1tum z\u00e1jazdu:<\/strong><\/em><\/p>","protected":false},"featured_media":13413,"template":"","meta":[],"product_cat":[255,946,655],"product_tag":[184,328,208,327,187,342,433,276],"class_list":["post-11569","product","type-product","status-publish","has-post-thumbnail","hentry","product_cat-tours-excursions-samana-bay-dominican-republic","product_cat-1-sabana-de-la-mar","product_cat-1-samana","product_tag-bacardi-island","product_tag-cayo-levantado-day-pass","product_tag-kayaking-dominican-republic","product_tag-private-tours-samana","product_tag-samana-tours","product_tag-samana-whale-watching","product_tag-snorkeling","product_tag-whale-samana"],"_links":{"self":[{"href":"https:\/\/www.boattoursamana.com\/sk\/wp-json\/wp\/v2\/product\/11569","targetHints":{"allow":["GET"]}}],"collection":[{"href":"https:\/\/www.boattoursamana.com\/sk\/wp-json\/wp\/v2\/product"}],"about":[{"href":"https:\/\/www.boattoursamana.com\/sk\/wp-json\/wp\/v2\/types\/product"}],"wp:featuredmedia":[{"embeddable":true,"href":"https:\/\/www.boattoursamana.com\/sk\/wp-json\/wp\/v2\/media\/13413"}],"wp:attachment":[{"href":"https:\/\/www.boattoursamana.com\/sk\/wp-json\/wp\/v2\/media?parent=11569"}],"wp:term":[{"taxonomy":"product_cat","embeddable":true,"href":"https:\/\/www.boattoursamana.com\/sk\/wp-json\/wp\/v2\/product_cat?post=11569"},{"taxonomy":"product_tag","embeddable":true,"href":"https:\/\/www.boattoursamana.com\/sk\/wp-json\/wp\/v2\/product_tag?post=11569"}],"curies":[{"name":"wp","href":"https:\/\/api.w.org\/{rel}","templated":true}]}}