{"id":11750,"date":"2020-12-03T12:24:44","date_gmt":"2020-12-03T12:24:44","guid":{"rendered":"https:\/\/www.ticketswhales.com\/?post_type=product&#038;p=11750"},"modified":"2023-11-07T21:25:16","modified_gmt":"2023-11-07T21:25:16","slug":"bahia-de-las-aguilas-beach-day-trip-by-boat-day-pass-pedernales","status":"publish","type":"product","link":"https:\/\/www.boattoursamana.com\/sk\/turne\/plaz-bahia-de-las-aguilas-celodenny-vylet-lodou-denny-pas-pedernales-2","title":{"rendered":"Bah\u00eda de las Aguilas: Pl\u00e1\u017eov\u00fd celodenn\u00fd v\u00fdlet lo\u010fou \u2013 celodenn\u00fd l\u00edstok \u2013 Pedernales"},"content":{"rendered":"<div class=\"vc_row wpb_row vc_row-fluid\" ><div class=\"wpb_column vc_column_container vc_col-sm-12\"><div class=\"vc_column-inner\"><div class=\"wpb_wrapper\"><div class=\"vc_btn3-container vc_btn3-inline\" ><button class=\"vc_general vc_btn3 vc_btn3-size-md vc_btn3-shape-rounded vc_btn3-style-modern vc_btn3-color-green\">REZERVOVA\u0164<\/button><\/div><div class=\"mkdf-section-title-holder\" style=\"text-align: left\">\n\t<div class=\"mkdf-st-inner\">\n\t\t\t\t\t<h5 class=\"mkdf-st-subtitle\" >\n\t\t\t\tCelodenn\u00fd vstup - \u0161norchlovanie a obed\t\t\t<\/h5>\n\t\t\t\t\t\t\t<h3 class=\"mkdf-st-title\" >\n\t\t\t\tBah\u00eda de las Aguilas: Pl\u00e1\u017eov\u00fd celodenn\u00fd v\u00fdlet lo\u010fou\t\t\t<\/h3>\n\t\t\t\t\t<\/div>\n<\/div><\/div><\/div><\/div><\/div><div class=\"vc_row wpb_row vc_row-fluid\" ><div class=\"wpb_column vc_column_container vc_col-sm-12\"><div class=\"vc_column-inner\"><div class=\"wpb_wrapper\">\n\t<div class=\"wpb_text_column wpb_content_element\" >\n\t\t<div class=\"wpb_wrapper\">\n\t\t\t<h4><b><i>Preh\u013ead<\/i><\/b><\/h4>\n<p>U\u017eite si de\u0148 na pl\u00e1\u017ei a nechajte svoju n\u00e1ladu plyn\u00fa\u0165 \u010faleko od turistick\u00fdch oblast\u00ed a v\u0161etk\u00e9ho stresu. Pr\u00ed\u010fte a objavte n\u00e1rodn\u00fd park Jaragua a Bahia de las \u00c1guilas. Jazda po kr\u00e1snej ceste s \u00fachvatn\u00fdm v\u00fdh\u013eadom na mal\u00fd pr\u00edstav a ryb\u00e1rsku dedinku Cabo Rojo. V Las Cuevas nast\u00fapite na lo\u010f, ktor\u00e1 v\u00e1s vezme na 15 min\u00fat jazdy na jednu z najkraj\u0161\u00edch pr\u00edrodn\u00fdch pl\u00e1\u017e\u00ed sveta. Piesky Bah\u00eda de las Aguilas s\u00fa nedotknut\u00e9 a z\u00e1liv m\u00e1 d\u013a\u017eku 8 km. Za\u017eite v\u00fdnimo\u010dn\u00fa pobre\u017en\u00fa krajinu s kri\u0161t\u00e1\u013eovo \u010distou vodou \u017eiariacu v odtie\u0148och od tyrkysovej a\u017e po op\u00e1lovo modr\u00fa topiacu sa na obzore. Obed sa pod\u00e1va na pl\u00e1\u017ei, cho\u010fte si zapl\u00e1va\u0165 alebo \u0161norchlova\u0165 a presk\u00fama\u0165 tento nedotknut\u00fd pr\u00edrodn\u00fd raj.<\/p>\n<p>&nbsp;<\/p>\n<ul>\n<li>Miestny sprievodca so sk\u00fasenos\u0165ami s bezpe\u010dnos\u0165ou v tejto oblasti.<\/li>\n<li>S\u00fakromn\u00e1 doprava<\/li>\n<li>Vr\u00e1tane poplatkov<\/li>\n<li>obed<\/li>\n<li>Miestny turistick\u00fd sprievodca v \u0161paniel\u010dine, angli\u010dtine alebo franc\u00faz\u0161tine.<\/li>\n<li>Turistika<\/li>\n<li>\u0160norchlovanie<\/li>\n<\/ul>\n<h4><b>Inkl\u00fazie a vyl\u00fa\u010denia<\/b><\/h4>\n<p>&nbsp;<\/p>\n<p><b>Inkl\u00fazie<\/b><\/p>\n<ol>\n<li>Miestny sprievodca so sk\u00fasenos\u0165ami s bezpe\u010dnos\u0165ou v tejto oblasti.<\/li>\n<li>S\u00fakromn\u00e1 doprava pre mal\u00e9 skupiny<\/li>\n<li>V\u0161etky dane, poplatky a manipula\u010dn\u00e9 poplatky<\/li>\n<li>Miestne dane<\/li>\n<li>obed<\/li>\n<li>Turistika<\/li>\n<li>Pr\u00edrodn\u00e9 baz\u00e9ny<\/li>\n<li>\u0160norchlovanie<\/li>\n<li>V\u0161etky aktivity<\/li>\n<\/ol>\n<p><b>Vyl\u00fa\u010denia<\/b><\/p>\n<ol>\n<li>Spropitn\u00e9<\/li>\n<li>V\u0161etky n\u00e1poje<\/li>\n<\/ol>\n<h4><em><strong>Odchod a n\u00e1vrat<\/strong><\/em><\/h4>\n<p>Cestuj\u00faci z\u00edska miesto stretnutia po procese rezerv\u00e1cie. Prehliadky za\u010d\u00ednaj\u00fa a kon\u010dia v miestach na\u0161ich stretnut\u00ed.<\/p>\n<h2 class=\"styles__heading___mD4_3\" data-radium=\"true\">Bah\u00eda de las Aguilas: celodenn\u00fd v\u00fdlet lo\u010fou na pl\u00e1\u017e \u2013 celodenn\u00fd vstup \u2013 \u0161norchlovanie a obed<\/h2>\n<h4><em>\u010co o\u010dak\u00e1va\u0165?<\/em><\/h4>\n<p>Playa de las Aguilas bola pomenovan\u00e1 pod\u013ea p\u00f4vodn\u00e9ho orla. Prehliadka sa uskuto\u010d\u0148uje s\u00fakromnou dopravou z Bahia de las Aguilas, kde v\u00e1m umo\u017en\u00ed objavova\u0165 pr\u00edrodn\u00e9 z\u00e1zraky tejto afrodiziak\u00e1lnej pl\u00e1\u017ee ve\u013emi odli\u0161n\u00fdm a udr\u017eate\u013en\u00fdm sp\u00f4sobom. Str\u00e1vte de\u0148 prech\u00e1dzkou pr\u00edrodou po ju\u017enej \u010dasti krajiny, kde spozn\u00e1te Bahia de las Aguila, jednu z najkraj\u0161\u00edch pl\u00e1\u017e\u00ed Dominik\u00e1nskej republiky, kam sa doplav\u00edme motorov\u00fdm \u010dlnom na t\u00fato rajsk\u00fa pl\u00e1\u017e, oblas\u0165 plne chr\u00e1nen\u00e9 z\u00e1konom o \u017eivotnom prostred\u00ed. Str\u00e1vte oddychov\u00fd \u010das v Bahia de las Aguilas, neob\u00fdvanej pr\u00edrodnej rezerv\u00e1cii a n\u00e1rodnom parku, a vychutnajte si obed v \u0161t\u00fdle grilovania v jaskyniach.<\/p>\n<p>Pokojn\u00e9 more a mierny vietor v\u00e1m zabr\u00e1nia, aby ste pr\u00edli\u0161 trpeli slnkom a hor\u00fa\u010davou. Sta\u0148te sa na de\u0148 prieskumn\u00edkom a objavte ekologick\u00fd, pr\u00edrodn\u00fd a \u00faplne nedotknut\u00fd raj. M\u00f4\u017eete tu pozorova\u0165 viac ako 130 druhov vt\u00e1kov, z ktor\u00fdch 76 \u017eije trvalo v z\u00e1live, 10 je endemick\u00fdch a 47 je migrantov.<\/p>\n<p>08.30 \u2013 Odchod z miesta stretnutia<br \/>\n08.45 \u2013 Odchod lo\u010fou z dediny La Cueva do Bahia de las Aguilas<br \/>\n12.30 \u2013 Typick\u00fd obed na pl\u00e1\u017ei<br \/>\n03.00 \u2013 N\u00e1vrat do La Cueva<br \/>\n05:30 \u2013 Pr\u00edchod na miesto stretnutia<\/p>\n<h4><em><strong>\u010co by ste si mali prinies\u0165?<\/strong><\/em><\/h4>\n<ul>\n<li>fotoapar\u00e1t<\/li>\n<li>Repelentn\u00e9 p\u00fa\u010diky<\/li>\n<li>Opa\u013eovac\u00ed kr\u00e9m<\/li>\n<li>Voda<\/li>\n<li>Klob\u00fak<\/li>\n<li>Pohodln\u00e9 nohavice<\/li>\n<li>Turistick\u00e1 obuv do lesa<\/li>\n<li>Sand\u00e1le do jarn\u00fdch oblast\u00ed.<\/li>\n<li>Oble\u010denie na pl\u00e1vanie<\/li>\n<\/ul>\n<p>&nbsp;<\/p>\n<h4><b><i>Vyzdvihnutie v hoteli<\/i><\/b><\/h4>\n<p>Pre tento z\u00e1jazd je k dispoz\u00edcii vyzdvihnutie v hoteli za pr\u00edplatok.<\/p>\n<p><b>Pozn\u00e1mka:<\/b> Ak si rezervujete do 24 hod\u00edn od \u010dasu odchodu z\u00e1jazdu\/exkurzie, m\u00f4\u017eeme zabezpe\u010di\u0165 vyzdvihnutie v hoteli. Pr\u00e1ve sa vyzdvihneme v oblasti Pedernales. Po dokon\u010den\u00ed n\u00e1kupu v\u00e1m po\u0161leme kompletn\u00e9 kontaktn\u00e9 inform\u00e1cie (telef\u00f3nne \u010d\u00edslo, e-mailov\u00fa adresu at\u010f.) pre n\u00e1\u0161ho miestneho sprievodcu, aby sme mohli zorganizova\u0165 opatrenia na vyzdvihnutie.<\/p>\n<h4><b><i>Potvrdenie dodato\u010dn\u00fdch inform\u00e1ci\u00ed<\/i><\/b><\/h4>\n<ol>\n<li>Vstupenky s\u00fa potvrden\u00edm po zaplaten\u00ed tohto z\u00e1jazdu. Platbu m\u00f4\u017eete zobrazi\u0165 na telef\u00f3ne.<\/li>\n<li>Miesto stretnutia bude prijat\u00e9 po procese rezerv\u00e1cie.<\/li>\n<li>Deti musia by\u0165 v sprievode dospelej osoby.<\/li>\n<li>Bezbari\u00e9rov\u00fd pr\u00edstup<\/li>\n<li>Doj\u010dat\u00e1 musia sedie\u0165 na kolen\u00e1ch<\/li>\n<li>Neodpor\u00fa\u010da sa pre cestuj\u00facich s probl\u00e9mami s chrbtom<\/li>\n<li>Neodpor\u00fa\u010da sa pre tehotn\u00e9 cestovate\u013eky<\/li>\n<li>\u017diadne srdcov\u00e9 probl\u00e9my ani in\u00e9 v\u00e1\u017ene zdravotn\u00e9 \u0165a\u017ekosti<\/li>\n<li>V\u00e4\u010d\u0161ina cestovate\u013eov sa m\u00f4\u017ee z\u00fa\u010dastni\u0165<\/li>\n<\/ol>\n<h4><b><i>Podmienky zru\u0161enia<\/i><\/b><\/h4>\n<p>Ak chcete z\u00edska\u0165 pln\u00fa n\u00e1hradu, pre\u010d\u00edtajte si na\u0161e pravidl\u00e1 pre zru\u0161enie\u00a0<a href=\"https:\/\/www.boattoursamana.com\/sk\/online-rezervacia\/\" target=\"_blank\" rel=\"noopener\" data-saferedirecturl=\"https:\/\/www.google.com\/url?q=https:\/\/www.boattoursamana.com\/online-booking\/&amp;source=gmail&amp;ust=1672449202351000&amp;usg=AOvVaw1yAeVAPktmaVCqDujgUn90\">Kliknite tu<\/a>. Finan\u010dn\u00e9 prostriedky bud\u00fa straten\u00e9, ak bude rezerv\u00e1cia zru\u0161en\u00e1 v ten ist\u00fd de\u0148 z\u00e1jazdu.<\/p>\n\n\t\t<\/div>\n\t<\/div>\n<\/div><\/div><\/div><\/div><div class=\"vc_row wpb_row vc_row-fluid\" ><div class=\"wpb_column vc_column_container vc_col-sm-12\"><div class=\"vc_column-inner\"><div class=\"wpb_wrapper\"><div class=\"vc_btn3-container vc_btn3-inline\" ><button class=\"vc_general vc_btn3 vc_btn3-size-md vc_btn3-shape-rounded vc_btn3-style-modern vc_btn3-color-green\">REZERVOVA\u0164<\/button><\/div><\/div><\/div><\/div><\/div>","protected":false},"excerpt":{"rendered":"<p><span style=\"vertical-align: inherit;\"><span style=\"vertical-align: inherit;\">K\u00fapte si celodenn\u00fd l\u00edstok do Bahia las Aguilas z oblast\u00ed Pedernales. U\u017eite si de\u0148 na pl\u00e1\u017ei a nechajte svoju n\u00e1ladu plyn\u00fa\u0165, \u010faleko od turistick\u00fdch oblast\u00ed a v\u0161etk\u00e9ho stresu. Pr\u00ed\u010fte a objavte n\u00e1rodn\u00fd park Jaragua a Bah\u00eda de las \u00c1guilas. Jazdite po kr\u00e1snej ceste s n\u00e1dhern\u00fdm v\u00fdh\u013eadom na mal\u00fd pr\u00edstav a ryb\u00e1rsku dedinu Cabo Rojo. V Las Cuevas nast\u00fapite na lo\u010f, ktor\u00e1 v\u00e1s za 15 min\u00fat odvezie na jednu z najkraj\u0161\u00edch pr\u00edrodn\u00fdch pl\u00e1\u017e\u00ed na svete. Piesky z\u00e1livu Eagles s\u00fa nedotknut\u00e9 a z\u00e1liv m\u00e1 d\u013a\u017eku 8 km.<\/span><\/span><\/p>\n<p>Za\u017eite v\u00fdnimo\u010dn\u00fa pobre\u017en\u00fa krajinu s kri\u0161t\u00e1\u013eovo \u010distou vodou, ktor\u00e1 sa leskne v odtie\u0148och od tyrkysovej a\u017e po op\u00e1lovo modr\u00fa topiacu sa na obzore. Obed sa pod\u00e1va na pl\u00e1\u017ei, zapl\u00e1vajte si alebo \u0161norchlujte a presk\u00famajte tento nedotknut\u00fd pr\u00edrodn\u00fd raj.<\/p>\n<p><em><strong>Vyberte de\u0148 pre t\u00fato cestu:<\/strong><\/em><\/p>","protected":false},"featured_media":9739,"template":"","meta":[],"product_cat":[549,160],"product_tag":[557,554,555,563,560,556,564,559,553,567,566,561,565,558,562],"class_list":["post-11750","product","type-product","status-publish","has-post-thumbnail","hentry","product_cat-bahia-de-las-aguilas-dominican-republic","product_cat-lunch","product_tag-bahia-de-las-aguilas","product_tag-bahia-de-las-aguilas-pedernales","product_tag-bahia-de-las-aguilas-beach-tour","product_tag-bahia-de-las-aguilas-hoteles","product_tag-bahia-de-las-aguilas-map","product_tag-bahia-de-las-aguilas-private-tour","product_tag-bahia-de-las-aguilas-republica-dominicana-hotel","product_tag-bahia-de-las-aguilas-tour-from-punta-cana","product_tag-bahia-de-las-aguilas-beach-day-trip-by-boat","product_tag-bahia-las-aguilas-tours","product_tag-barahona-tours","product_tag-closest-airport-to-bahia-de-las-aguilas","product_tag-hotel-barahona","product_tag-playa-bahia-de-las-aguilas-dominican-republic","product_tag-tours-a-bahia-de-las-aguilas-desde-santo-domingo"],"_links":{"self":[{"href":"https:\/\/www.boattoursamana.com\/sk\/wp-json\/wp\/v2\/product\/11750","targetHints":{"allow":["GET"]}}],"collection":[{"href":"https:\/\/www.boattoursamana.com\/sk\/wp-json\/wp\/v2\/product"}],"about":[{"href":"https:\/\/www.boattoursamana.com\/sk\/wp-json\/wp\/v2\/types\/product"}],"wp:featuredmedia":[{"embeddable":true,"href":"https:\/\/www.boattoursamana.com\/sk\/wp-json\/wp\/v2\/media\/9739"}],"wp:attachment":[{"href":"https:\/\/www.boattoursamana.com\/sk\/wp-json\/wp\/v2\/media?parent=11750"}],"wp:term":[{"taxonomy":"product_cat","embeddable":true,"href":"https:\/\/www.boattoursamana.com\/sk\/wp-json\/wp\/v2\/product_cat?post=11750"},{"taxonomy":"product_tag","embeddable":true,"href":"https:\/\/www.boattoursamana.com\/sk\/wp-json\/wp\/v2\/product_tag?post=11750"}],"curies":[{"name":"wp","href":"https:\/\/api.w.org\/{rel}","templated":true}]}}