{"id":11778,"date":"2020-12-13T08:28:52","date_gmt":"2020-12-13T08:28:52","guid":{"rendered":"https:\/\/www.ticketswhales.com\/?post_type=product&#038;p=11778"},"modified":"2023-11-07T21:16:27","modified_gmt":"2023-11-07T21:16:27","slug":"hiking-trails-in-barahona-dominican-republic-cachote-mountains-tropical-fruits-swim","status":"publish","type":"product","link":"https:\/\/www.boattoursamana.com\/sk\/turne\/turisticke-chodniky-v-barahone-dominikanskej-republike-cachote-hory-tropicke-ovocie-plavat-2","title":{"rendered":"Turistick\u00e9 chodn\u00edky v Barahone (Dominik\u00e1nska republika). Pohorie Cachote, tropick\u00e9 ovocie a pl\u00e1vanie"},"content":{"rendered":"<div class=\"vc_row wpb_row vc_row-fluid\" ><div class=\"wpb_column vc_column_container vc_col-sm-12\"><div class=\"vc_column-inner\"><div class=\"wpb_wrapper\">\n\t<div class=\"wpb_text_column wpb_content_element\" >\n\t\t<div class=\"wpb_wrapper\">\n\t\t\t<p><span style=\"vertical-align: inherit;\"><span style=\"vertical-align: inherit;\"><\/p>\n\n\t\t<\/div>\n\t<\/div>\n<div class=\"vc_btn3-container vc_btn3-inline\" ><button class=\"vc_general vc_btn3 vc_btn3-size-md vc_btn3-shape-rounded vc_btn3-style-modern vc_btn3-color-green\">REZERVOVA\u0164<\/button><\/div>\n\t<div class=\"wpb_text_column wpb_content_element\" >\n\t\t<div class=\"wpb_wrapper\">\n\t\t\t<p><\/span><\/span><\/p>\n<div class=\"vc_row wpb_row vc_row-fluid\">\n<div class=\"wpb_column vc_column_container vc_col-sm-12\">\n<div class=\"vc_column-inner\">\n<div class=\"wpb_wrapper\">\n<div class=\"mkdf-section-title-holder\">\n<div class=\"mkdf-st-inner\">\n<h5 class=\"mkdf-st-subtitle\">Pohorie Cachote, tropick\u00e9 ovocie a pl\u00e1vanie<\/h5>\n<h3 class=\"mkdf-st-title\">Turistick\u00e9 chodn\u00edky v Barahone (Dominik\u00e1nska republika).<\/h3>\n<\/div>\n<\/div>\n<\/div>\n<\/div>\n<\/div>\n<\/div>\n<div class=\"vc_row wpb_row vc_row-fluid\">\n<div class=\"wpb_column vc_column_container vc_col-sm-12\">\n<div class=\"vc_column-inner\">\n<div class=\"wpb_wrapper\">\n<div class=\"wpb_text_column wpb_content_element\">\n<div class=\"wpb_wrapper\">\n<h4><b><i>Preh\u013ead<\/i><\/b><\/h4>\n<p>U\u017eite si celodenn\u00fa turistiku v pohor\u00ed Cachote, Barahona. Po\u010dn\u00fac komunitou Paraiso. Spozn\u00e1vanie oblast\u00ed k\u00e1vov\u00fdch plant\u00e1\u017e\u00ed. K\u00fapanie v pr\u00edrodn\u00fdch prame\u0148och a na jednej z najkraj\u0161\u00edch pl\u00e1\u017e\u00ed v Dominik\u00e1nskej republike s malebn\u00fdmi fotografiami.<\/p>\n<h4><b>Inkl\u00fazie a vyl\u00fa\u010denia<\/b><\/h4>\n<p>&nbsp;<\/p>\n<p><b>Inkl\u00fazie<\/b><\/p>\n<ol>\n<li>Miestny sprievodca so sk\u00fasenos\u0165ami s bezpe\u010dnos\u0165ou v tejto oblasti.<\/li>\n<li>S\u00fakromn\u00e1 doprava pre mal\u00e9 skupiny<\/li>\n<li>V\u0161etky dane, poplatky a manipula\u010dn\u00e9 poplatky<\/li>\n<li>Vyzdvihnutie \/ doprava z v\u00e1\u0161ho hotela (Barahona \/ Para\u00edso \/ oblas\u0165 Los Patos)<\/li>\n<li>Miestny sprievodca, ktor\u00fd hovor\u00ed anglicky alebo franc\u00fazsky<\/li>\n<li>Typick\u00fd obed (typ sendvi\u010dov) a f\u013ea\u0161a vody<\/li>\n<li>Miestne dane<\/li>\n<li>Turistika<\/li>\n<li>Pr\u00edrodn\u00e9 baz\u00e9ny<\/li>\n<\/ol>\n<p><b>Vyl\u00fa\u010denia<\/b><\/p>\n<ol>\n<li>Spropitn\u00e9<\/li>\n<li>V\u0161etky n\u00e1poje<\/li>\n<li>V\u0161etky slu\u017eby, ktor\u00e9 nie s\u00fa konkr\u00e9tne uveden\u00e9<\/li>\n<li>Osobn\u00e9 v\u00fddavky a tipy<\/li>\n<\/ol>\n<h4><em><strong>Odchod a n\u00e1vrat<\/strong><\/em><\/h4>\n<p>Cestuj\u00faci z\u00edska miesto stretnutia po procese rezerv\u00e1cie. Prehliadky za\u010d\u00ednaj\u00fa a kon\u010dia v miestach na\u0161ich stretnut\u00ed.<\/p>\n<p>Obtia\u017enos\u0165: Stredne n\u00e1ro\u010dn\u00e1<br \/>\nTrvanie prech\u00e1dzky: 5-6 hod\u00edn<br \/>\nPrev\u00fd\u0161enie: 800 metrov<br \/>\nOdchod z hotela: 08:00 hod<br \/>\nN\u00e1vrat do hotela: 17:00<\/p>\n<h2 class=\"styles__heading___mD4_3\" data-radium=\"true\">Turistick\u00e9 chodn\u00edky v Barahone (Dominik\u00e1nska republika). Pohorie Cachote, tropick\u00e9 ovocie a pl\u00e1vanie<\/h2>\n<h4><em>\u010co o\u010dak\u00e1va\u0165?<\/em><\/h4>\n<p>T\u00fato prech\u00e1dzku za\u010dneme v meste\u010dku Ojeda, ktor\u00e9 je presl\u00e1ven\u00e9 skvelou produkciou typick\u00e9ho karibsk\u00e9ho ovocia a zeleniny. Po ceste m\u00f4\u017eeme ochutna\u0165 avok\u00e1do, pomaran\u010de, grapefruity, citr\u00f3ny, guavy, mango, pap\u00e1ja, sapotes a soursop!<\/p>\n<p>Po 1 hodine a pol st\u00fapania sa dostaneme na impozantn\u00fd v\u00fdh\u013ead na mesto Para\u00edso, Riosito a vysok\u00e9 hory Cachote.<\/p>\n<p>Pokra\u010dujeme v st\u00fapan\u00ed v chladnej\u0161om a vlhkej\u0161om podneb\u00ed, k\u00fdm sa nedostaneme do mesta Barrio Nuevo, kde si d\u00e1me obed.<\/p>\n<p>Popoludn\u00ed prejdeme cez ve\u013ekolep\u00fa k\u00e1vov\u00fa farmu na vrchole hory vo v\u00fd\u0161ke 800 metrov nad morom. Potom p\u00f4jdeme 1 hodinu dole, k\u00fdm sa nedostaneme do rokliny Riosito, kde sa m\u00f4\u017eeme ok\u00fapa\u0165 v kr\u00e1snom pr\u00edrodnom baz\u00e9ne obklopenom tropick\u00fdm pralesom.<\/p>\n<p>Pokra\u010dujte v prech\u00e1dzke \u00fadol\u00edm Riosito a zakon\u010dite de\u0148 k\u00fapan\u00edm na pl\u00e1\u017ei Paraiso.<\/p>\n<h4><em><strong>\u010co by ste si mali prinies\u0165?<\/strong><\/em><\/h4>\n<ul>\n<li>fotoapar\u00e1t<\/li>\n<li>Repelentn\u00e9 p\u00fa\u010diky<\/li>\n<li>Opa\u013eovac\u00ed kr\u00e9m<\/li>\n<li>Toaleta, WC<\/li>\n<li>Klob\u00fak<\/li>\n<li>Pohodln\u00e9 nohavice<\/li>\n<li>Turistick\u00e1 obuv do lesa<\/li>\n<li>Sand\u00e1le do jarn\u00fdch oblast\u00ed.<\/li>\n<li>Oble\u010denie na pl\u00e1vanie<\/li>\n<\/ul>\n<p>&nbsp;<\/p>\n<h4><b><i>Pickup Hotel<\/i><\/b><\/h4>\n<p>Pre tento z\u00e1jazd je k dispoz\u00edcii vyzdvihnutie v hoteli. Vyzdvihnutie\/doprava z v\u00e1\u0161ho hotela (oblas\u0165 Barahona\/Paraiso\/Los Patos).<\/p>\n<p><b>Pozn\u00e1mka:<\/b>\u00a0Ak ste rezervovan\u00ed do 24 hod\u00edn od \u010dasu odchodu z\u00e1jazdu\/exkurzie, m\u00f4\u017eeme zabezpe\u010di\u0165 vyzdvihnutie v hoteli. Len vyzdvihneme v oblastiach Barahona. Po dokon\u010den\u00ed n\u00e1kupu v\u00e1m po\u0161leme kompletn\u00e9 kontaktn\u00e9 inform\u00e1cie (telef\u00f3nne \u010d\u00edslo, e-mailov\u00fa adresu at\u010f.) pre n\u00e1\u0161ho miestneho sprievodcu, aby sme mohli zorganizova\u0165 opatrenia na vyzdvihnutie.<\/p>\n<h4><b><i>Potvrdenie dodato\u010dn\u00fdch inform\u00e1ci\u00ed<\/i><\/b><\/h4>\n<ol>\n<li>Vstupenky s\u00fa potvrden\u00edm po zaplaten\u00ed tohto z\u00e1jazdu. Platbu m\u00f4\u017eete zobrazi\u0165 na telef\u00f3ne.<\/li>\n<li>Miesto stretnutia bude prijat\u00e9 po procese rezerv\u00e1cie.<\/li>\n<li>Deti musia by\u0165 v sprievode dospelej osoby.<\/li>\n<li>Bezbari\u00e9rov\u00fd pr\u00edstup<\/li>\n<li>Doj\u010dat\u00e1 musia sedie\u0165 na kolen\u00e1ch<\/li>\n<li>Neodpor\u00fa\u010da sa pre cestuj\u00facich s probl\u00e9mami s chrbtom<\/li>\n<li>Neodpor\u00fa\u010da sa pre tehotn\u00e9 cestovate\u013eky<\/li>\n<li>\u017diadne srdcov\u00e9 probl\u00e9my ani in\u00e9 v\u00e1\u017ene zdravotn\u00e9 \u0165a\u017ekosti<\/li>\n<li>V\u00e4\u010d\u0161ina cestovate\u013eov sa m\u00f4\u017ee z\u00fa\u010dastni\u0165<\/li>\n<\/ol>\n<h4><b><i>Podmienky zru\u0161enia<\/i><\/b><\/h4>\n<p>Ak chcete z\u00edska\u0165 pln\u00fa n\u00e1hradu, zru\u0161te aspo\u0148 72 hod\u00edn pred d\u00e1tumom za\u010diatku z\u00e1\u017eitku. Finan\u010dn\u00e9 prostriedky bud\u00fa straten\u00e9, ak bude rezerv\u00e1cia zru\u0161en\u00e1 v ten ist\u00fd de\u0148 z\u00e1jazdu.<\/p>\n<\/div>\n<\/div>\n<\/div>\n<\/div>\n<\/div>\n<\/div>\n\n\t\t<\/div>\n\t<\/div>\n<\/div><\/div><\/div><\/div><div class=\"wpb_column vc_column_container vc_col-sm-12\"><div class=\"vc_column-inner\"><div class=\"wpb_wrapper\"><\/div><\/div><\/div><div class=\"wpb_column vc_column_container vc_col-sm-12\"><div class=\"vc_column-inner\"><div class=\"wpb_wrapper\"><\/div><\/div><\/div>","protected":false},"excerpt":{"rendered":"<p>K\u00fapte si celodenn\u00fd l\u00edstok do Bahia las Aguilas z Barahony. Jazda cez n\u00e1rodn\u00fd park Jaragua a smer Cabo Rojo, kde na v\u00e1s \u010dak\u00e1 lo\u010f. Po 15 min\u00fatach jazdy lo\u010fou sa dostanete na kr\u00e1snu a izolovan\u00fa Bah\u00eda de las \u00c1guilas, ktor\u00e1 je pova\u017eovan\u00e1 za najkraj\u0161iu pl\u00e1\u017e v krajine. Obed sa pod\u00e1va na pl\u00e1\u017ei a vy m\u00e1te mo\u017enos\u0165 \u00eds\u0165 si zapl\u00e1va\u0165 alebo len tak relaxova\u0165 na pl\u00e1\u017ei. U\u017eite si nedotknut\u00fd biely piesok tejto 8 km dlhej pl\u00e1\u017ee.<\/p>\n<p>&nbsp;<\/p>\n<p><strong>Vyberte de\u0148 pre t\u00fato cestu:<\/strong><\/p>","protected":false},"featured_media":11651,"template":"","meta":[],"product_cat":[160,847],"product_tag":[850,566,849,848],"class_list":["post-11778","product","type-product","status-publish","has-post-thumbnail","hentry","product_cat-lunch","product_cat-barahona","product_tag-barahona-hiking","product_tag-barahona-tours","product_tag-cachote-tour","product_tag-paraiso-tour"],"_links":{"self":[{"href":"https:\/\/www.boattoursamana.com\/sk\/wp-json\/wp\/v2\/product\/11778","targetHints":{"allow":["GET"]}}],"collection":[{"href":"https:\/\/www.boattoursamana.com\/sk\/wp-json\/wp\/v2\/product"}],"about":[{"href":"https:\/\/www.boattoursamana.com\/sk\/wp-json\/wp\/v2\/types\/product"}],"wp:featuredmedia":[{"embeddable":true,"href":"https:\/\/www.boattoursamana.com\/sk\/wp-json\/wp\/v2\/media\/11651"}],"wp:attachment":[{"href":"https:\/\/www.boattoursamana.com\/sk\/wp-json\/wp\/v2\/media?parent=11778"}],"wp:term":[{"taxonomy":"product_cat","embeddable":true,"href":"https:\/\/www.boattoursamana.com\/sk\/wp-json\/wp\/v2\/product_cat?post=11778"},{"taxonomy":"product_tag","embeddable":true,"href":"https:\/\/www.boattoursamana.com\/sk\/wp-json\/wp\/v2\/product_tag?post=11778"}],"curies":[{"name":"wp","href":"https:\/\/api.w.org\/{rel}","templated":true}]}}