{"id":12004,"date":"2021-01-16T16:21:26","date_gmt":"2021-01-16T16:21:26","guid":{"rendered":"https:\/\/www.ticketswhales.com\/Tours-Excursions\/uncategorized\/import-placeholder-for-8658\/"},"modified":"2023-11-07T21:11:43","modified_gmt":"2023-11-07T21:11:43","slug":"excursion-whale-watching-cayo-levantado-from-cap-cana-private-tour","status":"publish","type":"product","link":"https:\/\/www.boattoursamana.com\/sk\/turne\/exkurzia-pozorovanie-velryb-cayo-levantado-z-cap-cana-sukromna-prehliadka","title":{"rendered":"Punta Cana \/ Cap Cana: V\u00fdletn\u00e9 pozorovanie ve\u013er\u00fdb + Cayo Levantado (s\u00fakromn\u00e1 prehliadka)"},"content":{"rendered":"<div class=\"wpb_column vc_column_container vc_col-sm-12\"><div class=\"vc_column-inner\"><div class=\"wpb_wrapper\"><div class=\"vc_btn3-container vc_btn3-inline\" ><a class=\"vc_general vc_btn3 vc_btn3-size-md vc_btn3-shape-rounded vc_btn3-style-modern vc_btn3-color-green\" href=\"https:\/\/bookingadventures.tours\/booking.php?tour_id=6ed21424a849c63fc6398949d1f80266\" title=\"\" rel=\"noopener\">REZERVOVA\u0164<\/a><\/div><\/div><\/div><\/div><div class=\"vc_row wpb_row vc_row-fluid\" ><div class=\"wpb_column vc_column_container vc_col-sm-12\"><div class=\"vc_column-inner\"><div class=\"wpb_wrapper\">\n\t<div class=\"wpb_text_column wpb_content_element\" >\n\t\t<div class=\"wpb_wrapper\">\n\t\t\t<div class=\"vc_row wpb_row vc_row-fluid\">\n<div class=\"wpb_column vc_column_container vc_col-sm-12\">\n<div class=\"vc_column-inner\">\n<div class=\"wpb_wrapper\">\n<div class=\"wpb_text_column wpb_content_element\">\n<div class=\"wpb_wrapper\">\n<h3>V\u00fdlet na pozorovanie ve\u013er\u00fdb + Cayo Levantado z Punta Cana\/Cap Cana (s\u00fakromn\u00e1 prehliadka)<\/h3>\n<p>Pozorovanie ve\u013er\u00fdb v z\u00e1live Samana od hotelov Punta Cana\/Cap Cana v s\u00fakromnej doprave. Tento v\u00fdlet za\u010d\u00edna medzi 6:00 \u2013 8:00 a kon\u010d\u00ed okolo 19:00. Po preru\u0161en\u00ed na\u0161ej lode nav\u0161t\u00edvi\u0165 ve\u013eryby v ich vlastnom prostred\u00ed. Po tomto v\u00fdlete za ve\u013erybami nav\u0161t\u00edvime ostrov Bacardi \/ Cayo Levantado (fakultat\u00edvne). Na ostrove Bacardi bude zabezpe\u010den\u00fd obed formou bufetu v typickom dominik\u00e1nskom \u0161t\u00fdle. Po obede m\u00f4\u017eete pl\u00e1va\u0165 do 16:00. Prehliadka bude ukon\u010den\u00e1 v tom istom pr\u00edstave, odkia\u013e o 17:00 za\u010dne. Potom v\u00e1s vezmeme sp\u00e4\u0165 do v\u00e1\u0161ho hotela.<\/p>\n<p>Pozn\u00e1mka: Toto je s\u00fakromn\u00e1 prehliadka s minim\u00e1lnou platbou 540 USD. Ak m\u00e1te menej ako 4 osoby, kontaktujte n\u00e1s a my v\u00e1m po\u0161leme odkaz, kde si m\u00f4\u017eete t\u00fato prehliadku rezervova\u0165.\u00a0<strong><em>Ak sa chcete pripoji\u0165 ku skupine na pozorovanie ve\u013er\u00fdb s vyzdvihnut\u00edm vo va\u0161om hoteli, pros\u00edm<\/em>\u00a0<\/strong><a href=\"https:\/\/www.boattoursamana.com\/sk\/Tours-Excursions\/tours-excursions-samana-bay-dominican-republic\/whale-watching-2020-in-punta-cana-to-samana-bay-cayo-levantado-bacardi-island-from-hotels\/\" data-mil=\"12004\">KLIKNITE TU.<\/a><\/p>\n<ul>\n<li>Pozorovanie ve\u013er\u00fdb S\u00fakromn\u00fd v\u00fdlet<\/li>\n<li>Vstupn\u00e9 do observat\u00f3ria<\/li>\n<li>Zah\u0155\u0148a obed formou bufetu na pl\u00e1\u017ei<\/li>\n<li>S\u00fakromn\u00fd transfer z hotelov<\/li>\n<li>S\u00fakromn\u00fd transfer lo\u010fou<\/li>\n<li>Kapit\u00e1n poskytuje pokyny a dozor<\/li>\n<li>Turistick\u00fd sprievodca<\/li>\n<\/ul>\n<p>&nbsp;<\/p>\n<h4><b>Inkl\u00fazie a vyl\u00fa\u010denia<\/b><\/h4>\n<p>&nbsp;<\/p>\n<p><b>Inkl\u00fazie<\/b><\/p>\n<ol>\n<li>Obed formou bufetu na pl\u00e1\u017ei<\/li>\n<li>Turistick\u00fd sprievodca<\/li>\n<li>Presun auta<\/li>\n<li>V\u00fdlet na lodi<\/li>\n<li>V\u0161etky dane, poplatky a manipula\u010dn\u00e9 poplatky<\/li>\n<li>Miestne dane<\/li>\n<li>N\u00e1poje<\/li>\n<\/ol>\n<p><b>Vyl\u00fa\u010denia<\/b><\/p>\n<ol>\n<li>Spropitn\u00e9<\/li>\n<li>Alkoholick\u00e9 n\u00e1poje<\/li>\n<\/ol>\n<p>&nbsp;<\/p>\n<h4><em><strong>Odchod a n\u00e1vrat<\/strong><\/em><\/h4>\n<p>Cestuj\u00faci z\u00edska miesto stretnutia po procese rezerv\u00e1cie. Prehliadky za\u010d\u00ednaj\u00fa a kon\u010dia v mieste stretnutia.<\/p>\n<p>&nbsp;<\/p>\n<h4><b><i>\u010co o\u010dak\u00e1va\u0165?<\/i><\/b><\/h4>\n<p>&nbsp;<\/p>\n<p><em><strong>Z\u00edskajte l\u00edstky<\/strong><\/em>\u00a0na jeden de\u0148 s\u00fakromn\u00e9 pozorovanie ve\u013er\u00fdb z Cap Cana do z\u00e1livu Samana plus \u00fa\u017easn\u00fd obed a \u010das na pl\u00e1\u017ei.<\/p>\n<p>V\u00fdlety za pozorovan\u00edm ve\u013er\u00fdb organizuje \u201eBooking Adventures\u201c a za\u010d\u00edna na mieste stretnutia s turistick\u00fdm sprievodcom. Obed na pl\u00e1\u017ei a m\u00f4\u017eete zosta\u0165 tak dlho, ako chcete, k\u00fapa\u0165 sa. Ak ste veg\u00e1n, m\u00f4\u017eeme v\u00e1m tie\u017e pripravi\u0165 nejak\u00e9 jedlo.<\/p>\n<p><strong>Rozvrh hod\u00edn:<\/strong><\/p>\n<p>Flexibiln\u00e9<\/p>\n<p>&nbsp;<\/p>\n<h4><em><strong>\u010co by ste si mali prinies\u0165?<\/strong><\/em><\/h4>\n<ul>\n<li>fotoapar\u00e1t<\/li>\n<li>Repelentn\u00e9 p\u00fa\u010diky<\/li>\n<li>Opa\u013eovac\u00ed kr\u00e9m<\/li>\n<li>Klob\u00fak<\/li>\n<li>Pohodln\u00e9 nohavice<\/li>\n<li>Sand\u00e1le na pl\u00e1\u017e<\/li>\n<li>Oble\u010denie na pl\u00e1vanie<\/li>\n<li>Peniaze za suven\u00edry<\/li>\n<\/ul>\n<p>&nbsp;<\/p>\n<h4><b><i>Vyzdvihnutie v hoteli<\/i><\/b><\/h4>\n<p>Tento z\u00e1jazd zah\u0155\u0148a vyzdvihnutie v hoteli. Vyzdvihneme v akomko\u013evek hoteli v oblasti Punta Cana \/ Cap Cana.<\/p>\n<p>&nbsp;<\/p>\n<p><b>Pozn\u00e1mka:<\/b>\u00a0ak si rezervujete do 24 hod\u00edn od \u010dasu odchodu z\u00e1jazdu\/exkurzie, m\u00f4\u017eeme zariadi\u0165 vyzdvihnutie v hoteli s dodato\u010dn\u00fdmi poplatkami. Po dokon\u010den\u00ed n\u00e1kupu v\u00e1m po\u0161leme kompletn\u00e9 kontaktn\u00e9 inform\u00e1cie (telef\u00f3nne \u010d\u00edslo, e-mailov\u00fa adresu at\u010f.) pre n\u00e1\u0161ho miestneho sprievodcu, aby sme mohli zorganizova\u0165 opatrenia na vyzdvihnutie.<\/p>\n<h4><b><i>Potvrdenie dodato\u010dn\u00fdch inform\u00e1ci\u00ed<\/i><\/b><\/h4>\n<ol>\n<li>Vstupenky s\u00fa potvrden\u00edm po zaplaten\u00ed tohto z\u00e1jazdu. Platbu m\u00f4\u017eete zobrazi\u0165 na telef\u00f3ne.<\/li>\n<li>Miesto stretnutia bude prijat\u00e9 po procese rezerv\u00e1cie.<\/li>\n<li>Deti musia by\u0165 v sprievode dospelej osoby.<\/li>\n<li>bezbari\u00e9rov\u00fd pr\u00edstup<\/li>\n<li>Doj\u010dat\u00e1 musia sedie\u0165 na kolen\u00e1ch<\/li>\n<li>V\u00e4\u010d\u0161ina cestovate\u013eov sa m\u00f4\u017ee z\u00fa\u010dastni\u0165<\/li>\n<\/ol>\n<h4><b><i>Podmienky zru\u0161enia<\/i><\/b><\/h4>\n<p>Ak chcete z\u00edska\u0165 pln\u00fa n\u00e1hradu, zru\u0161te aspo\u0148 24 hod\u00edn pred d\u00e1tumom za\u010diatku z\u00e1\u017eitku.<\/p>\n<\/div>\n<\/div>\n<\/div>\n<\/div>\n<\/div>\n<\/div>\n<div class=\"vc_row wpb_row vc_row-fluid\">\n<div class=\"wpb_column vc_column_container vc_col-sm-12\">\n<div class=\"vc_column-inner\">\n<div class=\"wpb_wrapper\">\n<div class=\"wpb_text_column wpb_content_element\">\n<div class=\"wpb_wrapper\">\n<h4>Kontaktuj n\u00e1s?<\/h4>\n<h5><b><i>PREHLIADKA VE\u013dRYB SAMANA<\/i><\/b><\/h5>\n<p><em><strong>Miestni obyvatelia<\/strong>\u00a0a\u00a0<strong>\u0160t\u00e1tni pr\u00edslu\u0161n\u00edci<\/strong>\u00a0Sprievodcovia a slu\u017eby pre host\u00ed<\/em><\/p>\n<p><span class=\"text-turquoise\">Rezerv\u00e1cie:<\/span>\u00a0\u00a0Tours y Excursiones en Dom. Res.<\/p>\n<p><img decoding=\"async\" class=\"emoji\" draggable=\"false\" src=\"https:\/\/s.w.org\/images\/core\/emoji\/11.2.0\/svg\/1f4de.svg\" alt=\"\ud83d\udcde\" title=\"\">\u00a0Tel \/ Whatsapp\u00a0\u00a0\u00a0<a href=\"tel:+1-809-720-6035\">+ 1-809-720-6035<\/a>\u00a0.<\/p>\n<p data-wp-editing=\"1\"><a href=\"mailto:Reservabatour@gmail.com\"><img decoding=\"async\" class=\"emoji\" draggable=\"false\" src=\"https:\/\/s.w.org\/images\/core\/emoji\/11.2.0\/svg\/1f4e9.svg\" alt=\"\ud83d\udce9\" title=\"\"> Reservabatour@gmail.com<\/a><\/p>\n<p>&nbsp;<\/p>\n<\/div>\n<\/div>\n<\/div>\n<\/div>\n<\/div>\n<\/div>\n\n\t\t<\/div>\n\t<\/div>\n<div class=\"vc_btn3-container vc_btn3-inline\" ><a class=\"vc_general vc_btn3 vc_btn3-size-md vc_btn3-shape-rounded vc_btn3-style-modern vc_btn3-color-green\" href=\"https:\/\/bookingadventures.tours\/booking.php?tour_id=6ed21424a849c63fc6398949d1f80266\" title=\"\" rel=\"noopener\">REZERVOVA\u0164<\/a><\/div><\/div><\/div><\/div><\/div>","protected":false},"excerpt":{"rendered":"<p>Zarezervujte si svoj v\u00fdlet na z\u00e1\u017eitok z pozorovania ve\u013er\u00fdb od Cap Cana na s\u00fakromnom v\u00fdlete s profesion\u00e1lnymi environment\u00e1lnymi sprievodcami. Ak by ste n\u00e1s chceli kontaktova\u0165 so \u017eiados\u0165ou o radu, po\u0161lite n\u00e1m e-mail, Whatsapp alebo Calls Available. Vstupenky si pros\u00edm rezervujte vopred. V sez\u00f3ne ve\u013er\u00fdb je ve\u013ea rezerv\u00e1ci\u00ed a radi by sme pre v\u00e1s mali l\u00edstky v bezpe\u010d\u00ed.<\/p>\n<p>Pozn\u00e1mka: Toto je s\u00fakromn\u00e1 prehliadka s minim\u00e1lnou platbou 4 . Ak m\u00e1te menej ako 4 osoby, kontaktujte n\u00e1s a my v\u00e1m po\u0161leme odkaz, kde si m\u00f4\u017eete t\u00fato prehliadku rezervova\u0165. Ak sa chcete pripoji\u0165 k skupine pozorovania ve\u013er\u00fdb s vyzdvihnut\u00edm z v\u00e1\u0161ho hotela, KLIKNITE SEM.<\/p>\n<p><strong>Upozornenie: Doj\u010dat\u00e1 (0 \u2013 23 mesiacov) zdarma, deti (2 \u2013 10 rokov)<\/strong><\/p>\n<p><em><strong>Vyberte si d\u00e1tum z\u00e1jazdu:<\/strong><\/em><\/p>","protected":false},"featured_media":13304,"template":"","meta":[],"product_cat":[948,655,854,855,971,968,856,662,942,664],"product_tag":[296,682,683,186,667,342,668,524,669,276,274,525,670],"class_list":["post-12004","product","type-product","status-publish","has-post-thumbnail","hentry","product_cat-1-punta-cana","product_cat-1-samana","product_cat-cap-cana-whale-watching","product_cat-outdoor-activities","product_cat-punta-cana-private-tours","product_cat-punta-cana-whale-watching","product_cat-water-activities","product_cat-whale-watching","product_cat-whale-watching-private-tours","product_cat-whale-watching-punta-cana","product_tag-day-trip-punta-cana","product_tag-private-punta-cana","product_tag-punta-cana-whale-watching","product_tag-samana","product_tag-samana-tour","product_tag-samana-whale-watching","product_tag-whale","product_tag-whale-punta-cana","product_tag-whale-sabana-de-la-mar","product_tag-whale-samana","product_tag-whale-watching-dominican-republic","product_tag-whale-watching-punta-cana","product_tag-whales-trips"],"_links":{"self":[{"href":"https:\/\/www.boattoursamana.com\/sk\/wp-json\/wp\/v2\/product\/12004","targetHints":{"allow":["GET"]}}],"collection":[{"href":"https:\/\/www.boattoursamana.com\/sk\/wp-json\/wp\/v2\/product"}],"about":[{"href":"https:\/\/www.boattoursamana.com\/sk\/wp-json\/wp\/v2\/types\/product"}],"wp:featuredmedia":[{"embeddable":true,"href":"https:\/\/www.boattoursamana.com\/sk\/wp-json\/wp\/v2\/media\/13304"}],"wp:attachment":[{"href":"https:\/\/www.boattoursamana.com\/sk\/wp-json\/wp\/v2\/media?parent=12004"}],"wp:term":[{"taxonomy":"product_cat","embeddable":true,"href":"https:\/\/www.boattoursamana.com\/sk\/wp-json\/wp\/v2\/product_cat?post=12004"},{"taxonomy":"product_tag","embeddable":true,"href":"https:\/\/www.boattoursamana.com\/sk\/wp-json\/wp\/v2\/product_tag?post=12004"}],"curies":[{"name":"wp","href":"https:\/\/api.w.org\/{rel}","templated":true}]}}