{"id":12607,"date":"2021-07-16T05:50:21","date_gmt":"2021-07-16T05:50:21","guid":{"rendered":"https:\/\/www.ticketswhales.com\/?post_type=product&#038;p=12607"},"modified":"2023-10-06T11:35:26","modified_gmt":"2023-10-06T11:35:26","slug":"los-haitises-kayaking-boat-trip-caves-and-swimming-at-private-beach-all-in-one","status":"publish","type":"product","link":"https:\/\/www.boattoursamana.com\/sk\/turne\/los-haitises-jazda-na-kajaku-vylet-lodou-jaskyne-a-plavanie-na-sukromnej-plazi-vsetko-v-jednom","title":{"rendered":"Los Haitises Jazda na kajaku + v\u00fdlet lo\u010fou + jaskyne a pl\u00e1vanie na s\u00fakromnej pl\u00e1\u017ei (v\u0161etko v jednom)."},"content":{"rendered":"<div class=\"vc_row wpb_row vc_row-fluid\" ><div class=\"wpb_column vc_column_container vc_col-sm-12\"><div class=\"vc_column-inner\"><div class=\"wpb_wrapper\"><div class=\"vc_btn3-container vc_btn3-inline\" ><button class=\"vc_general vc_btn3 vc_btn3-size-md vc_btn3-shape-rounded vc_btn3-style-modern vc_btn3-color-green\">REZERVOVA\u0164<\/button><\/div>\n\t<div class=\"wpb_text_column wpb_content_element\" >\n\t\t<div class=\"wpb_wrapper\">\n\t\t\t<h4><b><i>Preh\u013ead <\/i><\/b><\/h4>\n<p><span style=\"font-weight: 400;\">Ute\u010dte z mesta a ponorte sa do ekoturizmu provincie Hato Mayor, prvej ekoturistickej provincie Dominik\u00e1nskej republiky. Po\u010fte s nami a u\u017eite si \u010derstv\u00e9 vody jednej z nepreb\u00e1dan\u00fdch pl\u00e1\u017e\u00ed Los Haitises, kde sa nach\u00e1dza z\u00e1liv San Lorenzo. Miesto je dostupn\u00e9 lo\u010fou, obklopen\u00e9 da\u017e\u010fov\u00fdm pralesom a mangrovov\u00fdm lesom. Po\u010das plavby sa dostanete do kontaktu s pr\u00edrodou a nezabudnute\u013enou krajinou tohto n\u00e1rodn\u00e9ho parku. T\u00e1to prehliadka bude kombin\u00e1ciou jazdy na kajaku, plavby lo\u010fou, n\u00e1v\u0161tevy jednej jaskyne a pl\u00e1vania v jednom z najv\u00fdznamnej\u0161\u00edch n\u00e1rodn\u00fdch parkov krajiny, tu je v\u00e4\u010d\u0161ina biodiverzity ostrova a druh\u00fd najv\u00e4\u010d\u0161\u00ed mangrovov\u00fd les s viac ako 98 km2.\u00a0<\/span><\/p>\n<p>&nbsp;<\/p>\n<p><span style=\"font-weight: 400;\">N\u00e1\u0161 miestny a odborn\u00fd person\u00e1l sa postar\u00e1 o to, aby ste skuto\u010dne spoznali kult\u00faru Taino, ich hist\u00f3riu v Los Haitises a ich spojenie s pr\u00edrodou. T\u00e1to prehliadka je v re\u017eime ekoturistiky, kde komunita zohr\u00e1va ve\u013emi d\u00f4le\u017eit\u00fa \u00falohu, s\u00fa to sprievodcovia, kapit\u00e1nske lode a vodi\u010di.<\/span><\/p>\n<p>&nbsp;<\/p>\n<p><span style=\"font-weight: 400;\">Prioritou Booking Adventure je uisti\u0165 sa, \u017ee dostanete to najlep\u0161ie z najlep\u0161ieho od chv\u00edle, ke\u010f si k\u00fapite l\u00edstok, a\u017e po ukon\u010denie cesty. Na\u0161e z\u00e1jazdy s\u00fa zameran\u00e9 na environment\u00e1lnu v\u00fdchovu, dobrodru\u017estvo a miestnu hist\u00f3riu a po\u010das tohto v\u00fdletu uvid\u00edte zo v\u0161etk\u00e9ho trochu.\u00a0<\/span><\/p>\n<h3><span style=\"font-weight: 400;\">Inkl\u00fazie a vyl\u00fa\u010denia<\/span><\/h3>\n<h6><strong>Inkl\u00fazie<\/strong><\/h6>\n<ul>\n<li><span style=\"font-weight: 400;\">Lo\u010f a kapit\u00e1n\u00a0<\/span><\/li>\n<li><span style=\"font-weight: 400;\">Kajaky\u00a0<\/span><\/li>\n<li><span style=\"font-weight: 400;\">Ob\u010derstvenie (voda, ovocie, sendvi\u010de a s\u00f3da)<\/span><\/li>\n<li><span style=\"font-weight: 400;\">V\u0161etky dane, poplatky a manipula\u010dn\u00e9 poplatky<\/span><\/li>\n<li><span style=\"font-weight: 400;\">Miestne dane<\/span><\/li>\n<li><span style=\"font-weight: 400;\">\u00daradn\u00edci Ekol\u00f3govia Sprievodcovia anglicky\/\u0161panielsky<\/span><\/li>\n<li><span style=\"font-weight: 400;\">Pr\u00edrodn\u00e9 baz\u00e9ny a nepreb\u00e1dan\u00e1 pl\u00e1\u017e\u00a0<\/span><\/li>\n<li><span style=\"font-weight: 400;\">Jedna jasky\u0148a\u00a0<\/span><\/li>\n<\/ul>\n<p>&nbsp;<\/p>\n<h6><strong>Vyl\u00fa\u010denia<\/strong><\/h6>\n<p>&nbsp;<\/p>\n<ul>\n<li><span style=\"font-weight: 400;\">Spropitn\u00e9<\/span><\/li>\n<li><span style=\"font-weight: 400;\">N\u00e1poj<\/span><\/li>\n<li><span style=\"font-weight: 400;\">Prestup\u00a0<\/span><\/li>\n<\/ul>\n<p><span style=\"font-weight: 400;\">\u00a0<\/span><\/p>\n<h6><strong>Odchod a n\u00e1vrat<\/strong><\/h6>\n<p>&nbsp;<\/p>\n<p><span style=\"font-weight: 400;\">Prehliadka organizovan\u00e1 \u201eBooking Adventures\u201c za\u010d\u00edna na mieste stretnutia s turistick\u00fdm sprievodcom. Cestuj\u00faci z\u00edska miesto stretnutia po procese rezerv\u00e1cie. Prehliadky za\u010d\u00ednaj\u00fa a kon\u010dia na na\u0161ich miestach stretnutia.<\/span><\/p>\n<h2>Los Haitises Jazda na kajaku + v\u00fdlet lo\u010fou + jaskyne a pl\u00e1vanie na pl\u00e1\u017ei (v\u0161etko v jednom).<\/h2>\n<p><span style=\"font-weight: 400;\">\u010co o\u010dak\u00e1va\u0165?<\/span><\/p>\n<p>&nbsp;<\/p>\n<p><span style=\"font-weight: 400;\">Z\u00edskajte l\u00edstok na eko-dobrodru\u017en\u00fa prehliadku n\u00e1rodn\u00e9ho parku Los Haitises All In One\u00a0<\/span><\/p>\n<p>&nbsp;<\/p>\n<p><span style=\"font-weight: 400;\">T\u00e1to exkurzia sa za\u010d\u00edna na mieste stretnutia, ktor\u00e9 mus\u00edte potvrdi\u0165 na\u0161im cestovn\u00fdm kancel\u00e1ri\u00e1m alebo v\u00e1\u0161mu sprievodcovi, k\u00fdm sa vyd\u00e1te na ak\u00e9ko\u013evek miesto. Ke\u010f sa stretnete so svoj\u00edm sprievodcom, budete ma\u0165 preh\u013ead o prehliadke a v\u0161etkom, \u010do s\u00favis\u00ed s va\u0161\u00edm d\u0148om.<\/span><\/p>\n<p>&nbsp;<\/p>\n<p><span style=\"font-weight: 400;\">Ke\u010f s\u00fa v\u0161etci pripraven\u00ed a vyzdvihneme kajaky, zamierime na prv\u00e9 miesto, ktor\u00fdm je Playita Las Almejas, kde s\u00fa pr\u00edrodn\u00e9 baz\u00e9ny, zatia\u013e \u010do sa prech\u00e1dzame mangrovov\u00fdm lesom a pl\u00e1\u0161\u0165om z\u00e1livu San Lorenzo, podel\u00edme sa s vami o pr\u00edbehy o Los Haitises, Geol\u00f3gia a prejs\u0165 mangrovov\u00fdch druhov s okolo San Lorenzo Bay.\u00a0<\/span><\/p>\n<p>&nbsp;<\/p>\n<p><span style=\"font-weight: 400;\">Ke\u010f pr\u00eddeme na prv\u00e9 miesto, mali by ste si pripravi\u0165 plavky, aby ste mohli \u00eds\u0165 na kajak a p\u00e1dlova\u0165 do Cave of the line so svoj\u00edm turistick\u00fdm sprievodcom, zvy\u0161ok person\u00e1lu na v\u00e1s po\u010dk\u00e1, k\u00fdm nedokon\u010d\u00edte prv\u00fa \u010das\u0165 aktivity.<\/span><\/p>\n<p>&nbsp;<\/p>\n<p><span style=\"font-weight: 400;\">Po\u010das tejto \u010dasti v\u00fdletu budete m\u00f4c\u0165 prejs\u0165 okolo star\u00e9ho pr\u00edstavu Las Perlas, ktor\u00fd je jednou z prv\u00fdch stavieb postaven\u00fdch Eur\u00f3panmi v tejto oblasti, okolo roku 1876, a bol spojen\u00fd s \u017eelezni\u010dnou tra\u0165ou, ktor\u00e1 bola k\u00e1vu, ban\u00e1ny a v\u0161etko, \u010do t\u00e1to skupina Eur\u00f3panov pestovala na \u00fazem\u00ed dne\u0161n\u00e9ho Los Haitises.\u00a0<\/span><\/p>\n<p>&nbsp;<\/p>\n<p><span style=\"font-weight: 400;\">V jaskyni, ktor\u00fa nav\u0161t\u00edvite, je viac ako 1200 piktogramov, ktor\u00e9 nama\u013eovali Tainos, toto bol sp\u00f4sob, ako sa vyjadri\u0165, a dnes n\u00e1m toto umenie rozpr\u00e1va pr\u00edbehy, o ktor\u00fdch sme si ani nemysleli, \u017ee ich dnes n\u00e1jdeme. Ke\u010f tu skon\u010d\u00edte, vr\u00e1time sa sp\u00e4\u0165 do Playa de las Almejas na ob\u010derstvenie a k\u00fapanie.\u00a0<\/span><\/p>\n<p>&nbsp;<\/p>\n<p><span style=\"font-weight: 400;\">Po k\u00fapan\u00ed v pr\u00edrodnom k\u00fapalisku sa vr\u00e1time sp\u00e4\u0165 do hlavn\u00e9ho pr\u00edstavu v oblasti Cano Hondo, toto je 5-hodinov\u00e1 prehliadka, ktor\u00e1 v\u00e1m d\u00e1va mo\u017enos\u0165 dohliadnu\u0165 na v\u00e4\u010d\u0161inu Sabana de la Mar a n\u00e1rodn\u00e9ho parku Los Haitises, t\u00e1to exkurzia kon\u010d\u00ed v r. na rovnakom mieste ako to za\u010dalo.<\/span><\/p>\n<p>&nbsp;<\/p>\n<p><span style=\"font-weight: 400;\">Pozn\u00e1mka: Tieto z\u00e1jazdy s\u00fa s ofici\u00e1lnymi ekologick\u00fdmi sprievodcami. Pros\u00edm, rezervujte si \u010das, preto\u017ee v parku nie je pr\u00edli\u0161 ve\u013ea \u0161pecialistov.<\/span><\/p>\n<p>&nbsp;<\/p>\n<h6><strong>\u010co by ste si mali prinies\u0165?<\/strong><\/h6>\n<ul>\n<li style=\"font-weight: 400;\" aria-level=\"1\"><span style=\"font-weight: 400;\">fotoapar\u00e1t<\/span><\/li>\n<li style=\"font-weight: 400;\" aria-level=\"1\"><span style=\"font-weight: 400;\">Bug Spray\u00a0<\/span><\/li>\n<li style=\"font-weight: 400;\" aria-level=\"1\"><span style=\"font-weight: 400;\">Opa\u013eovac\u00ed kr\u00e9m<\/span><\/li>\n<li style=\"font-weight: 400;\" aria-level=\"1\"><span style=\"font-weight: 400;\">Pohodln\u00e9 nohavice<\/span><\/li>\n<li style=\"font-weight: 400;\" aria-level=\"1\"><span style=\"font-weight: 400;\">Be\u017eeck\u00e9 top\u00e1nky<\/span><\/li>\n<li style=\"font-weight: 400;\" aria-level=\"1\"><span style=\"font-weight: 400;\">Pr\u0161ipl\u00e1\u0161\u0165\u00a0<\/span><\/li>\n<li style=\"font-weight: 400;\" aria-level=\"1\"><span style=\"font-weight: 400;\">Plavky\u00a0<\/span><\/li>\n<li style=\"font-weight: 400;\" aria-level=\"1\"><span style=\"font-weight: 400;\">Uter\u00e1k\u00a0<\/span><\/li>\n<\/ul>\n<h4><b><i>Vyzdvihnutie v hoteli <\/i><\/b><\/h4>\n<p><span style=\"font-weight: 400;\">Vyzdvihnutie v hoteli sa pre tento z\u00e1jazd nepon\u00faka. Len ak ste v hoteli Cano Hondo alebo hoteloch v oblasti Sabana de la mar.<\/span><\/p>\n<p><b>Pozn\u00e1mka:<\/b><span style=\"font-weight: 400;\"> Ak si rezervujete do 72 hod\u00edn od \u010dasu odchodu z\u00e1jazdu\/exkurzie, m\u00f4\u017eeme zariadi\u0165 vyzdvihnutie v hoteli za pr\u00edplatok z ak\u00e9hoko\u013evek miesta Dominik\u00e1nskej republiky. Po dokon\u010den\u00ed n\u00e1kupu v\u00e1m po\u0161leme kompletn\u00e9 kontaktn\u00e9 inform\u00e1cie (telef\u00f3nne \u010d\u00edslo, e-mailov\u00fa adresu at\u010f.) pre n\u00e1\u0161ho miestneho sprievodcu, aby sme mohli zorganizova\u0165 opatrenia na vyzdvihnutie.<\/span><\/p>\n<h4><b><i>Potvrdenie dodato\u010dn\u00fdch inform\u00e1ci\u00ed <\/i><\/b><\/h4>\n<ol>\n<li>Vstupenky s\u00fa potvrden\u00edm po zaplaten\u00ed tohto z\u00e1jazdu. Platbu m\u00f4\u017eete zobrazi\u0165 na telef\u00f3ne.<\/li>\n<li style=\"font-weight: 400;\"><span style=\"font-weight: 400;\">Miesto stretnutia bude prijat\u00e9 po procese rezerv\u00e1cie.<\/span><\/li>\n<li style=\"font-weight: 400;\"><span style=\"font-weight: 400;\">Deti musia by\u0165 v sprievode dospelej osoby.<\/span><\/li>\n<li style=\"font-weight: 400;\"><span style=\"font-weight: 400;\"> Bezbari\u00e9rov\u00fd pr\u00edstup <\/span><\/li>\n<li style=\"font-weight: 400;\"><span style=\"font-weight: 400;\">Doj\u010dat\u00e1 musia sedie\u0165 na kolen\u00e1ch <\/span><\/li>\n<li style=\"font-weight: 400;\"><span style=\"font-weight: 400;\">Neodpor\u00fa\u010da sa pre cestuj\u00facich s probl\u00e9mami s chrbtom<\/span><\/li>\n<li style=\"font-weight: 400;\"><span style=\"font-weight: 400;\">Neodpor\u00fa\u010da sa pre tehotn\u00e9 cestovate\u013eky <\/span><\/li>\n<li style=\"font-weight: 400;\"><span style=\"font-weight: 400;\"> \u017diadne srdcov\u00e9 probl\u00e9my ani in\u00e9 v\u00e1\u017ene zdravotn\u00e9 \u0165a\u017ekosti <\/span><\/li>\n<li style=\"font-weight: 400;\"><span style=\"font-weight: 400;\">V\u00e4\u010d\u0161ina cestovate\u013eov sa m\u00f4\u017ee z\u00fa\u010dastni\u0165<\/span><\/li>\n<\/ol>\n<h4><b><i>Podmienky zru\u0161enia<\/i><\/b><\/h4>\n<p>Ak chcete z\u00edska\u0165 pln\u00fa n\u00e1hradu, pre\u010d\u00edtajte si na\u0161e pravidl\u00e1 pre zru\u0161enie\u00a0<a href=\"https:\/\/www.boattoursamana.com\/sk\/online-rezervacia\/\" target=\"_blank\" rel=\"noopener\" data-saferedirecturl=\"https:\/\/www.google.com\/url?q=https:\/\/www.boattoursamana.com\/online-booking\/&amp;source=gmail&amp;ust=1672449202351000&amp;usg=AOvVaw1yAeVAPktmaVCqDujgUn90\">Kliknite tu<\/a>. Finan\u010dn\u00e9 prostriedky bud\u00fa straten\u00e9, ak bude rezerv\u00e1cia zru\u0161en\u00e1 v ten ist\u00fd de\u0148 z\u00e1jazdu.<\/p>\n\n\t\t<\/div>\n\t<\/div>\n<\/div><\/div><\/div><\/div><div class=\"vc_row wpb_row vc_row-fluid\" ><div class=\"wpb_column vc_column_container vc_col-sm-12\"><div class=\"vc_column-inner\"><div class=\"wpb_wrapper\"><\/div><\/div><\/div><\/div><div class=\"vc_row wpb_row vc_row-fluid\" ><div class=\"wpb_column vc_column_container vc_col-sm-12\"><div class=\"vc_column-inner\"><div class=\"wpb_wrapper\"><\/div><\/div><\/div><\/div><div class=\"wpb_column vc_column_container vc_col-sm-12\"><div class=\"vc_column-inner\"><div class=\"wpb_wrapper\"><\/div><\/div><\/div><div class=\"vc_row wpb_row vc_row-fluid\" ><div class=\"wpb_column vc_column_container vc_col-sm-12\"><div class=\"vc_column-inner\"><div class=\"wpb_wrapper\">\n\t<div class=\"wpb_video_widget wpb_content_element vc_clearfix   vc_video-aspect-ratio-169 vc_video-el-width-100 vc_video-align-left\" >\n\t\t<div class=\"wpb_wrapper\">\n\t\t\t<h2 class=\"wpb_heading wpb_video_heading\">Kajaky Los Haitises<\/h2>\n\t\t\t<div class=\"wpb_video_wrapper\"><iframe loading=\"lazy\" title=\"Kajakovanie a jaskyniarska prehliadka v n\u00e1rodnom parku Los Haitises, Dominik\u00e1nska republika\" width=\"1100\" height=\"619\" src=\"https:\/\/www.youtube.com\/embed\/ucU1uwB57wQ?feature=oembed\" frameborder=\"0\" allow=\"accelerometer; autoplay; clipboard-write; encrypted-media; gyroscope; picture-in-picture; web-share\" allowfullscreen><\/iframe><\/div>\n\t\t<\/div>\n\t<\/div>\n<div class=\"vc_btn3-container vc_btn3-inline\" ><button class=\"vc_general vc_btn3 vc_btn3-size-md vc_btn3-shape-rounded vc_btn3-style-modern vc_btn3-color-green\">REZERVOVA\u0164<\/button><\/div><\/div><\/div><\/div><\/div>","protected":false},"excerpt":{"rendered":"<div>Kajak + plavba lo\u010fou + jaskyne a pl\u00e1\u017e na pl\u00e1vanie (v\u0161etko v jednom). N\u00e1rodn\u00fd park Los Haitises s miestnym sprievodcom zo Sabana de la Mar. N\u00e1v\u0161teva da\u017e\u010fov\u00e9ho pralesa, malej s\u00fakromnej pl\u00e1\u017ee, oblast\u00ed s kokosom, k\u00e1vou a kakaom. Spozn\u00e1vanie p\u00f4vodnej hist\u00f3rie n\u00e1rodn\u00e9ho parku Los Haitises.<\/div>\n<div><\/div>\n<div>Vyberte d\u00e1tum pre dobrodru\u017en\u00fd v\u00fdlet typu v\u0161etko v jednom:<\/div>","protected":false},"featured_media":13254,"template":"","meta":[],"product_cat":[456,946,928,934,862,254,255],"product_tag":[422,268,174,173,577,576,571,570,569,317,316,206,209,575,441,574,572,499,175,498,200,187,573],"class_list":["post-12607","product","type-product","status-publish","has-post-thumbnail","hentry","product_cat-day-trips","product_cat-1-sabana-de-la-mar","product_cat-boat-trip-los-haitises","product_cat-kayaking-los-haitises","product_cat-los-haitises-national-park","product_cat-tours-excursions-los-haitises-national-park","product_cat-tours-excursions-samana-bay-dominican-republic","product_tag-cano-hondo-sabana-de-la-mar","product_tag-caves-los-haitises","product_tag-eco-tours","product_tag-excursion","product_tag-hike-kayak","product_tag-hike-kayak-los-haitises-national-park","product_tag-hiking-los-haitises","product_tag-hiking-sabana-de-la-mar","product_tag-hiking-samana","product_tag-kayak-tour","product_tag-kayaking","product_tag-kayaking-los-haitises","product_tag-los-haitises-national-park","product_tag-los-haitises-national-park-entrance-fee","product_tag-los-haitises-national-park-tour-from-las-terrenas","product_tag-los-haitises-national-park-tour-from-santo-domingo","product_tag-los-haitises-national-park-weather","product_tag-los-haitises-sabana-de-la-mar","product_tag-sabana-de-la-mar","product_tag-sabana-de-la-mar-tour","product_tag-samana-excursions","product_tag-samana-tours","product_tag-secrets-of-los-haitises"],"_links":{"self":[{"href":"https:\/\/www.boattoursamana.com\/sk\/wp-json\/wp\/v2\/product\/12607","targetHints":{"allow":["GET"]}}],"collection":[{"href":"https:\/\/www.boattoursamana.com\/sk\/wp-json\/wp\/v2\/product"}],"about":[{"href":"https:\/\/www.boattoursamana.com\/sk\/wp-json\/wp\/v2\/types\/product"}],"wp:featuredmedia":[{"embeddable":true,"href":"https:\/\/www.boattoursamana.com\/sk\/wp-json\/wp\/v2\/media\/13254"}],"wp:attachment":[{"href":"https:\/\/www.boattoursamana.com\/sk\/wp-json\/wp\/v2\/media?parent=12607"}],"wp:term":[{"taxonomy":"product_cat","embeddable":true,"href":"https:\/\/www.boattoursamana.com\/sk\/wp-json\/wp\/v2\/product_cat?post=12607"},{"taxonomy":"product_tag","embeddable":true,"href":"https:\/\/www.boattoursamana.com\/sk\/wp-json\/wp\/v2\/product_tag?post=12607"}],"curies":[{"name":"wp","href":"https:\/\/api.w.org\/{rel}","templated":true}]}}