{"id":12652,"date":"2021-08-02T05:55:11","date_gmt":"2021-08-02T05:55:11","guid":{"rendered":"https:\/\/www.ticketswhales.com\/?post_type=product&#038;p=12652"},"modified":"2023-11-06T14:24:06","modified_gmt":"2023-11-06T14:24:06","slug":"el-limon-waterfalls-tour-private-from-las-galeras-horse-riding-lunch-swimming","status":"publish","type":"product","link":"https:\/\/www.boattoursamana.com\/sk\/turne\/el-limon-vodopady-sukromna-z-las-galeras-jazda-na-koni-obed-plavanie","title":{"rendered":"Las Galeras: S\u00fakromn\u00e1 prehliadka vodop\u00e1dov El Lim\u00f3n (jazda na koni, obed a pl\u00e1vanie)"},"content":{"rendered":"<div class=\"vc_row wpb_row vc_row-fluid\" ><div class=\"wpb_column vc_column_container vc_col-sm-12\"><div class=\"vc_column-inner\"><div class=\"wpb_wrapper\"><div class=\"vc_btn3-container vc_btn3-inline\" ><a class=\"vc_general vc_btn3 vc_btn3-size-md vc_btn3-shape-rounded vc_btn3-style-modern vc_btn3-color-green\" href=\"https:\/\/bookingadventures.tours\/booking.php?tour_id=bb6af51ba5f35561b927993a771999a0\" title=\"\" rel=\"noopener\">REZERVOVA\u0164<\/a><\/div>\n\t<div class=\"wpb_text_column wpb_content_element\" >\n\t\t<div class=\"wpb_wrapper\">\n\t\t\t<div class=\"vc_row wpb_row vc_row-fluid\">\n<div class=\"wpb_column vc_column_container vc_col-sm-12\">\n<div class=\"vc_column-inner\">\n<div class=\"wpb_wrapper\">\n<div class=\"mkdf-section-title-holder\">\n<div class=\"mkdf-st-inner\">\n<h5 class=\"mkdf-st-subtitle\">(jazda na koni, obed a pl\u00e1vanie)<\/h5>\n<h2 class=\"mkdf-st-title\">S\u00fakromn\u00e1 prehliadka vodop\u00e1dov El Limon z Las Galeras<\/h2>\n<\/div>\n<\/div>\n<\/div>\n<\/div>\n<\/div>\n<\/div>\n<div class=\"vc_row wpb_row vc_row-fluid\"><\/div>\n<h4><a id=\"overview\" class=\"aal_anchor\" href=\"https:\/\/bookingadventures.com.do\/dominicantour\/el-limon-waterfalls-tour-private-from-las-galeras-horse-riding-lunch-swimming\/#overview\" aria-hidden=\"true\" rel=\"noopener\"><\/a><b><i>Preh\u013ead<\/i><\/b><\/h4>\n<p>Toto je s\u00fakromn\u00e1 prehliadka\u00a0<strong>Vodop\u00e1dy El Lim\u00f3n<\/strong>\u00a0s jazdou na ko\u0148och alebo turistikou. N\u00e1v\u0161teva kakaov\u00e9ho a k\u00e1vov\u00e9ho lesa pod Coconuts Palms Canopy. Ke\u010f doraz\u00edte k vodop\u00e1dom, m\u00f4\u017eete si zapl\u00e1va\u0165 a nastavi\u0165 \u010das so svoj\u00edm miestnym sprievodcom. Po vychutnan\u00ed si typick\u00e9ho obeda v komunite El Lim\u00f3n.<\/p>\n<p>U\u010dte sa s miestnymi obyvate\u013emi a z\u00edskajte bezpe\u010dn\u00fd v\u00fdlet. Z\u00edskajte svoje vstupenky v ponuke e\u0161te dnes.<\/p>\n<ul>\n<li>Zah\u0155\u0148a obed<\/li>\n<li>Jazda na koni alebo turistika<\/li>\n<li>Sprievodca poskytuje pokyny a doh\u013ead<\/li>\n<li>Poplatky do n\u00e1rodn\u00e9ho parku<\/li>\n<\/ul>\n<p>&nbsp;<\/p>\n<h4><a id=\"inclusions-exclusions\" class=\"aal_anchor\" href=\"https:\/\/bookingadventures.com.do\/dominicantour\/el-limon-waterfalls-tour-private-from-las-galeras-horse-riding-lunch-swimming\/#inclusions-exclusions\" aria-hidden=\"true\" rel=\"noopener\"><\/a><b>Inkl\u00fazie a vyl\u00fa\u010denia<\/b><\/h4>\n<p>&nbsp;<\/p>\n<p><b>Inkl\u00fazie<\/b><\/p>\n<ol>\n<li>Obed formou bufetu v El Lim\u00f3n<\/li>\n<li>Pe\u0161ia turistika alebo jazda na koni<\/li>\n<li>V\u0161etky dane, poplatky a manipula\u010dn\u00e9 poplatky<\/li>\n<li>Miestne dane<\/li>\n<li>N\u00e1poje<\/li>\n<li>V\u0161etky aktivity<\/li>\n<li>Miestny sprievodca<\/li>\n<\/ol>\n<p><b>Vyl\u00fa\u010denia<\/b><\/p>\n<ol>\n<li>Spropitn\u00e9<\/li>\n<li>Prestup<\/li>\n<li>Alkoholick\u00e9 n\u00e1poje<\/li>\n<li>Jedlo na pl\u00e1\u017ei<\/li>\n<\/ol>\n<p>&nbsp;<\/p>\n<h4><a id=\"departure-return\" class=\"aal_anchor\" href=\"https:\/\/bookingadventures.com.do\/dominicantour\/el-limon-waterfalls-tour-private-from-las-galeras-horse-riding-lunch-swimming\/#departure-return\" aria-hidden=\"true\" rel=\"noopener\"><\/a><em><strong>Odchod a n\u00e1vrat<\/strong><\/em><\/h4>\n<p>Cestuj\u00faci z\u00edska miesto stretnutia po procese rezerv\u00e1cie. Prehliadky za\u010d\u00ednaj\u00fa a kon\u010dia v miestach na\u0161ich stretnut\u00ed.<\/p>\n<p>&nbsp;<\/p>\n<h4><a id=\"what-to-expect\" class=\"aal_anchor\" href=\"https:\/\/bookingadventures.com.do\/dominicantour\/el-limon-waterfalls-tour-private-from-las-galeras-horse-riding-lunch-swimming\/#what-to-expect\" aria-hidden=\"true\" rel=\"noopener\"><\/a><b><i>\u010co o\u010dak\u00e1va\u0165?<\/i><\/b><\/h4>\n<p>&nbsp;<\/p>\n<p><em><strong>Z\u00edskajte l\u00edstky<\/strong><\/em>\u00a0za n\u00e1v\u0161tevu vodop\u00e1dov El Lim\u00f3n v Saman\u00e1 plus skvel\u00fd obed v re\u0161taur\u00e1cii El Lim\u00f3n.<\/p>\n<p>Prehliadka organizovan\u00e1 \u201eBooking Adventures\u201c za\u010d\u00edna na mieste stretnutia s turistick\u00fdm sprievodcom.<\/p>\n<p>Najlep\u0161ie s\u00fakromn\u00e9 v\u00fdlety k vodop\u00e1dom El Limon s miestnym sprievodcom. Objednajte si v\u00fdlet na koni lesom okolo okraja rieky Lim\u00f3n a nav\u0161t\u00edvte kakaov\u00e9 a k\u00e1vov\u00e9 plant\u00e1\u017ee pod kokosov\u00fdmi palmami v tieni paliem.<\/p>\n<p>Najprv sa zastavte pri Malom vodop\u00e1de, kde zvy\u010dajne nie je ve\u013ea \u013eud\u00ed a m\u00f4\u017eete sa ok\u00fapa\u0165. Potom pokra\u010dujeme k ve\u013ek\u00e9mu vodop\u00e1du, kde zostaneme hodinu alebo viac, ak chcete.<\/p>\n<p>N\u00e1vrat kon\u00ed do re\u0161taur\u00e1cie, kde si vychutn\u00e1me typick\u00fd obed na pl\u00e1\u017ei. Frite fish s Tostones a \u0161al\u00e1tom alebo in\u00e9 mo\u017enosti v ponuke za pr\u00edplatok.<\/p>\n<p>Obed v re\u0161taur\u00e1cii v komunite El Lim\u00f3n a m\u00f4\u017eete zosta\u0165 tak dlho, ako chcete. Ak ste veg\u00e1n, m\u00f4\u017eeme v\u00e1m tie\u017e pripravi\u0165 nejak\u00e9 jedlo.<\/p>\n<p>&nbsp;<\/p>\n<h4><a id=\"what-you-should-bring\" class=\"aal_anchor\" href=\"https:\/\/bookingadventures.com.do\/dominicantour\/el-limon-waterfalls-tour-private-from-las-galeras-horse-riding-lunch-swimming\/#what-you-should-bring\" aria-hidden=\"true\" rel=\"noopener\"><\/a><em><strong>\u010co by ste si mali prinies\u0165?<\/strong><\/em><\/h4>\n<ul>\n<li>fotoapar\u00e1t<\/li>\n<li>Repelentn\u00e9 p\u00fa\u010diky<\/li>\n<li>opa\u013eovac\u00ed kr\u00e9m<\/li>\n<li>Klob\u00fak<\/li>\n<li>Pohodln\u00e9 nohavice<\/li>\n<li>Turistick\u00e1 obuv do lesa<\/li>\n<li>Oble\u010denie na pl\u00e1vanie<\/li>\n<\/ul>\n<p>&nbsp;<\/p>\n<h4><a id=\"hotel-pickup\" class=\"aal_anchor\" href=\"https:\/\/bookingadventures.com.do\/dominicantour\/el-limon-waterfalls-tour-private-from-las-galeras-horse-riding-lunch-swimming\/#hotel-pickup\" aria-hidden=\"true\" rel=\"noopener\"><\/a><b><i>Vyzdvihnutie v hoteli<\/i><\/b><\/h4>\n<p>Vyzdvihnutie v hoteli sa pre tento z\u00e1jazd nepon\u00faka.<\/p>\n<p>&nbsp;<\/p>\n<p><b>Pozn\u00e1mka:<\/b>\u00a0ak si rezervujete do 24 hod\u00edn od \u010dasu odchodu z\u00e1jazdu\/exkurzie, m\u00f4\u017eeme zariadi\u0165 vyzdvihnutie v hoteli s dodato\u010dn\u00fdmi poplatkami. Po dokon\u010den\u00ed n\u00e1kupu v\u00e1m po\u0161leme kompletn\u00e9 kontaktn\u00e9 inform\u00e1cie (telef\u00f3nne \u010d\u00edslo, e-mailov\u00fa adresu at\u010f.) pre n\u00e1\u0161ho miestneho sprievodcu, aby sme mohli zorganizova\u0165 opatrenia na vyzdvihnutie.<\/p>\n<h4><a id=\"additional-info-confirmation\" class=\"aal_anchor\" href=\"https:\/\/bookingadventures.com.do\/dominicantour\/el-limon-waterfalls-tour-private-from-las-galeras-horse-riding-lunch-swimming\/#additional-info-confirmation\" aria-hidden=\"true\" rel=\"noopener\"><\/a><b><i>Potvrdenie dodato\u010dn\u00fdch inform\u00e1ci\u00ed<\/i><\/b><\/h4>\n<ol>\n<li>Vstupenky s\u00fa potvrden\u00edm po zaplaten\u00ed tohto z\u00e1jazdu. Platbu m\u00f4\u017eete zobrazi\u0165 na telef\u00f3ne.<\/li>\n<li>Miesto stretnutia bude prijat\u00e9 po procese rezerv\u00e1cie.<\/li>\n<li>Deti musia by\u0165 v sprievode dospelej osoby.<\/li>\n<li>Bezbari\u00e9rov\u00fd pr\u00edstup<\/li>\n<li>Doj\u010dat\u00e1 musia sedie\u0165 na kolen\u00e1ch<\/li>\n<li>Neodpor\u00fa\u010da sa pre cestuj\u00facich s probl\u00e9mami s chrbtom<\/li>\n<li>Neodpor\u00fa\u010da sa pre tehotn\u00e9 cestovate\u013eky<\/li>\n<li>\u017diadne srdcov\u00e9 probl\u00e9my ani in\u00e9 v\u00e1\u017ene zdravotn\u00e9 \u0165a\u017ekosti<\/li>\n<li>V\u00e4\u010d\u0161ina cestovate\u013eov sa m\u00f4\u017ee z\u00fa\u010dastni\u0165<\/li>\n<\/ol>\n\n\t\t<\/div>\n\t<\/div>\n<\/div><\/div><\/div><\/div><div class=\"wpb_column vc_column_container vc_col-sm-12\"><div class=\"vc_column-inner\"><div class=\"wpb_wrapper\"><\/div><\/div><\/div><div class=\"wpb_column vc_column_container vc_col-sm-12\"><div class=\"vc_column-inner\"><div class=\"wpb_wrapper\"><\/div><\/div><\/div>","protected":false},"excerpt":{"rendered":"<p>N\u00e1v\u0161teva vodop\u00e1dov zo Samany v s\u00fakromnom transfere z Las Galeras. Po pr\u00edchode na miesto stretnutia pre jazdu na koni a\u017e k oblasti vodop\u00e1du. V\u00fdlet k vodop\u00e1dom El limon bude trva\u0165 pribli\u017ene 3 hodiny.<\/p>\n<p><strong><span style=\"vertical-align: inherit;\"><span style=\"vertical-align: inherit;\"><span style=\"vertical-align: inherit;\"><span style=\"vertical-align: inherit;\">Vyberte si prehliadku\u00a0<\/span><\/span><\/span><\/span><\/strong><\/p>","protected":false},"featured_media":12594,"template":"","meta":[],"product_cat":[255,655,961,958,159,178,189,160,190,253,254],"product_tag":[183,185,902,202,201,903,186,187],"class_list":["post-12652","product","type-product","status-publish","has-post-thumbnail","hentry","product_cat-tours-excursions-samana-bay-dominican-republic","product_cat-1-samana","product_cat-el-limon-horseback-riding","product_cat-el-limon-las-galeras","product_cat-fees-entrace","product_cat-hiking","product_cat-horse-riding-to-waterfalls","product_cat-lunch","product_cat-safari-samana","product_cat-tours-and-excursions","product_cat-tours-excursions-los-haitises-national-park","product_tag-beach-time","product_tag-el-limon-waterfalls","product_tag-el-limon-waterfalls-tour-private-from-las-galeras-horse-riding","product_tag-hiking-el-limon","product_tag-horses-el-limon","product_tag-lunch-swimming","product_tag-samana","product_tag-samana-tours"],"_links":{"self":[{"href":"https:\/\/www.boattoursamana.com\/sk\/wp-json\/wp\/v2\/product\/12652","targetHints":{"allow":["GET"]}}],"collection":[{"href":"https:\/\/www.boattoursamana.com\/sk\/wp-json\/wp\/v2\/product"}],"about":[{"href":"https:\/\/www.boattoursamana.com\/sk\/wp-json\/wp\/v2\/types\/product"}],"wp:featuredmedia":[{"embeddable":true,"href":"https:\/\/www.boattoursamana.com\/sk\/wp-json\/wp\/v2\/media\/12594"}],"wp:attachment":[{"href":"https:\/\/www.boattoursamana.com\/sk\/wp-json\/wp\/v2\/media?parent=12652"}],"wp:term":[{"taxonomy":"product_cat","embeddable":true,"href":"https:\/\/www.boattoursamana.com\/sk\/wp-json\/wp\/v2\/product_cat?post=12652"},{"taxonomy":"product_tag","embeddable":true,"href":"https:\/\/www.boattoursamana.com\/sk\/wp-json\/wp\/v2\/product_tag?post=12652"}],"curies":[{"name":"wp","href":"https:\/\/api.w.org\/{rel}","templated":true}]}}