{"id":16552,"date":"2023-10-29T11:41:45","date_gmt":"2023-10-29T11:41:45","guid":{"rendered":"https:\/\/www.ticketswhales.com\/?post_type=product&#038;p=16552"},"modified":"2023-10-29T12:15:58","modified_gmt":"2023-10-29T12:15:58","slug":"los-haitises-national-park-lunch-at-cano-hondo-from-sabana-de-la-mar-copy","status":"publish","type":"product","link":"https:\/\/www.boattoursamana.com\/sk\/turne\/narodny-park-los-haitises-obed-v-cano-hondo-zo-sabana-de-la-mar-kopia","title":{"rendered":"N\u00e1rodn\u00fd park Los Haitises + obed v Ca\u00f1o Hondo zo Sabana de la Mar (k\u00f3pia)"},"content":{"rendered":"<div class=\"vc_row wpb_row vc_row-fluid\" ><div class=\"wpb_column vc_column_container vc_col-sm-12\"><div class=\"vc_column-inner\"><div class=\"wpb_wrapper\">\n\t<div class=\"wpb_text_column wpb_content_element\" >\n\t\t<div class=\"wpb_wrapper\">\n\t\t\t<div class=\"mkdf-single-product-content\">\n<div class=\"woocommerce-product-gallery woocommerce-product-gallery--with-images woocommerce-product-gallery--columns-4 images\" data-columns=\"4\"><\/div>\n<\/div>\n<div class=\"woocommerce-tabs wc-tabs-wrapper\">\n<div id=\"tab-description\" class=\"woocommerce-Tabs-panel woocommerce-Tabs-panel--description panel entry-content wc-tab\" role=\"tabpanel\" aria-labelledby=\"tab-title-description\">\n<div class=\"vc_row wpb_row vc_row-fluid\"><a id=\"overview\" class=\"aal_anchor\" style=\"font-size: 25px; font-weight: bold; letter-spacing: -0.005em;\" href=\"https:\/\/bookingadventures.com.do\/dominicantour\/los-haitises-national-park-lunch-at-cano-hondo-from-sabana-de-la-mar\/#overview\" aria-hidden=\"true\" rel=\"noopener\"><\/a><b style=\"color: #303030; font-size: 25px; letter-spacing: -0.005em;\"><i>Preh\u013ead<\/i><\/b><\/div>\n<p>Celodenn\u00fd v\u00fdlet do n\u00e1rodn\u00e9ho parku Los Haitises a obed v Ca\u00f1o Hondo plus k\u00fapanie v pr\u00edrodn\u00fdch prame\u0148och. Po\u010fte s nami nav\u0161t\u00edvi\u0165 najkraj\u0161\u00ed n\u00e1rodn\u00fd park Dominik\u00e1nskej republiky, n\u00e1v\u0161teva mangrovn\u00edkov, jask\u00fd\u0148 a z\u00e1livu San Lorenzo. Sp\u00e4\u0165 do pr\u00edstavu Ca\u00f1o Hondo na t\u00faru 15 min\u00fat a vychutnanie si typick\u00e9ho obeda s v\u00fdh\u013eadom na more do n\u00e1rodn\u00e9ho parku Los Haitises. Po tomto K\u00fapanie v pr\u00edrodnom prameni do 16:30 hod.<\/p>\n<p>Po tomto z\u00e1\u017eitku dostanete svoj \u010das na pl\u00e1\u017ei plus miestny obed na pl\u00e1\u017ei.<\/p>\n<ul>\n<li>Zah\u0155\u0148a obed formou bufetu<\/li>\n<li>K\u00fapanie v pr\u00edrodn\u00fdch prame\u0148och<\/li>\n<li>Vr\u00e1tane poplatkov<\/li>\n<li>Sprievodca poskytuje pokyny a doh\u013ead<\/li>\n<\/ul>\n<p>&nbsp;<\/p>\n<h4><a id=\"inclusions-exclusions\" class=\"aal_anchor\" href=\"https:\/\/bookingadventures.com.do\/dominicantour\/los-haitises-national-park-lunch-at-cano-hondo-from-sabana-de-la-mar\/#inclusions-exclusions\" aria-hidden=\"true\" rel=\"noopener\"><\/a><b>Inkl\u00fazie a vyl\u00fa\u010denia<\/b><\/h4>\n<p>&nbsp;<\/p>\n<p><b>Inkl\u00fazie<\/b><\/p>\n<ol>\n<li>\u00a0obed v Ecolodge<\/li>\n<li>Prehliadka Los Haitises + jaskyne a piktogramy<\/li>\n<li>V\u0161etky dane, poplatky a manipula\u010dn\u00e9 poplatky<\/li>\n<li>Miestne dane<\/li>\n<li>N\u00e1poje<\/li>\n<li>V\u0161etky aktivity<\/li>\n<li>Miestny sprievodca<\/li>\n<\/ol>\n<p><b>Vyl\u00fa\u010denia<\/b><\/p>\n<ol>\n<li>Spropitn\u00e9<\/li>\n<li>Prestup<\/li>\n<li>Alkoholick\u00e9 n\u00e1poje<\/li>\n<\/ol>\n<p>&nbsp;<\/p>\n<h4><a id=\"departure-return\" class=\"aal_anchor\" href=\"https:\/\/bookingadventures.com.do\/dominicantour\/los-haitises-national-park-lunch-at-cano-hondo-from-sabana-de-la-mar\/#departure-return\" aria-hidden=\"true\" rel=\"noopener\"><\/a><em><strong>Odchod a n\u00e1vrat<\/strong><\/em><\/h4>\n<p>Cestuj\u00faci z\u00edska miesto stretnutia po procese rezerv\u00e1cie. Prehliadky za\u010d\u00ednaj\u00fa a kon\u010dia v miestach na\u0161ich stretnut\u00ed.<\/p>\n<p>&nbsp;<\/p>\n<h4><a id=\"what-to-expect\" class=\"aal_anchor\" href=\"https:\/\/bookingadventures.com.do\/dominicantour\/los-haitises-national-park-lunch-at-cano-hondo-from-sabana-de-la-mar\/#what-to-expect\" aria-hidden=\"true\" rel=\"noopener\"><\/a><b><i>\u010co o\u010dak\u00e1va\u0165?<\/i><\/b><\/h4>\n<p>&nbsp;<\/p>\n<p><em><strong>Z\u00edskajte l\u00edstky<\/strong><\/em>\u00a0za n\u00e1v\u0161tevu n\u00e1rodn\u00e9ho parku Los Haitises s n\u00e1dhern\u00fdm obedom v Cano Hondo a k\u00fapan\u00edm v pr\u00edrodn\u00fdch prame\u0148och. Urobte si v\u00fdlet lo\u010fou cez mangrovov\u00e9 mo\u010diare, okolo starovek\u00fdch pir\u00e1tskych jask\u00fd\u0148 a do chr\u00e1nen\u00fdch lesov v tejto malebnej rezerv\u00e1cii, za\u010d\u00ednaj\u00fac od oblasti Ca\u00f1o Hondo Hotels alebo od Sabana de la Mar.<\/p>\n<p>Prehliadka organizovan\u00e1 \u201eBooking Adventures\u201c za\u010d\u00edna na mieste stretnutia s turistick\u00fdm sprievodcom. Pr\u00ed\u010fte s Booking Adventures a za\u010dnite si prezera\u0165 mangrovn\u00edky pln\u00e9 vt\u00e1kov, zvlnen\u00e9 kopce bujnej veget\u00e1cie a jaskyne\u00a0<em><strong>N\u00e1rodn\u00fd park Los Haitises<\/strong><\/em>. Plavba lo\u010fou V\u00fdlet z rieky Ca\u00f1o Hondo, Sabana de la Mar.<\/p>\n<p>Cez mangrovy a krajinu pri otvorenom z\u00e1live San Lorenzo, odkia\u013e m\u00f4\u017eete fotografova\u0165 drsn\u00fa lesn\u00fa krajinu. Pozrite sa na vodu, aby ste na\u0161li\u00a0<em><strong>Lamant\u00edny<\/strong><\/em>, k\u00f4rovce a\u00a0<em><strong>delf\u00edny.<\/strong><\/em><\/p>\n<div class=\"body-description secondary\">\n<p>N\u00e1zov n\u00e1rodn\u00e9ho parku poch\u00e1dza od jeho p\u00f4vodn\u00fdch obyvate\u013eov, Indi\u00e1nov Taino. V ich jazyku \u201eHaitises\u201c znamen\u00e1 vyso\u010diny alebo kopce, \u010do je odkaz na strm\u00e9 geologick\u00e9 \u00fatvary pobre\u017eia s v\u00e1pencami. Vydajte sa hlb\u0161ie do parku a presk\u00famajte jaskyne, ako je napr\u00a0<em><strong>Cueva de la Arena<\/strong><\/em>\u00a0a\u00a0<strong><em>Cueva de la linea.<\/em><\/strong>\u00a0Jaskyne v rezerv\u00e1cii sl\u00fa\u017eili ako \u00fakryt Indi\u00e1nom Taino a nesk\u00f4r aj \u00fakrytom pir\u00e1tov. H\u013eadajte kresby indi\u00e1nov, ktor\u00e9 zdobia niektor\u00e9 steny. Po n\u00e1v\u0161teve n\u00e1rodn\u00e9ho parku Los Haitises p\u00f4jdeme do Ca\u00f1o Hondo. V Ca\u00f1o Hondo sa dozviete o hist\u00f3rii tejto ekolode a o obede s typick\u00fdm jedlom z komunity Sabana de la Mar.<\/p>\n<p>Obed bude chutn\u00fd, ale e\u0161te sme neskon\u010dili. Po obede sa vyk\u00fapeme v pr\u00edrodnom prameni od rieky Jibales, vytrvalej rieky, po rieku Ca\u00f1o Hondo. Ak chcete, zosta\u0148te v Ca\u00f1o Hondo do 18:00 alebo menej.<\/p>\n<\/div>\n<p>V Pools Natural Spring m\u00f4\u017eete zosta\u0165 tak dlho, ako chcete, k\u00fapan\u00edm a turistikou. Ak ste veg\u00e1n, m\u00f4\u017eeme v\u00e1m tie\u017e pripravi\u0165 nejak\u00e9 jedlo.<\/p>\n<p>&nbsp;<\/p>\n<h4><a id=\"what-you-should-bring\" class=\"aal_anchor\" href=\"https:\/\/bookingadventures.com.do\/dominicantour\/los-haitises-national-park-lunch-at-cano-hondo-from-sabana-de-la-mar\/#what-you-should-bring\" aria-hidden=\"true\" rel=\"noopener\"><\/a><em><strong>\u010co by ste si mali prinies\u0165?<\/strong><\/em><\/h4>\n<ul>\n<li>fotoapar\u00e1t<\/li>\n<li>Repelentn\u00e9 p\u00fa\u010diky<\/li>\n<li>opa\u013eovac\u00ed kr\u00e9m<\/li>\n<li>Klob\u00fak<\/li>\n<li>Pohodln\u00e9 nohavice<\/li>\n<li>Turistick\u00e1 obuv do lesa<\/li>\n<li>Sand\u00e1le do jarn\u00fdch oblast\u00ed.<\/li>\n<li>Oble\u010denie na pl\u00e1vanie<\/li>\n<\/ul>\n<p>&nbsp;<\/p>\n<h4><a id=\"hotel-pickup\" class=\"aal_anchor\" href=\"https:\/\/bookingadventures.com.do\/dominicantour\/los-haitises-national-park-lunch-at-cano-hondo-from-sabana-de-la-mar\/#hotel-pickup\" aria-hidden=\"true\" rel=\"noopener\"><\/a><b><i>Vyzdvihnutie v hoteli<\/i><\/b><\/h4>\n<p>Vyzdvihnutie v hoteli sa pre tento z\u00e1jazd nepon\u00faka.<\/p>\n<p>&nbsp;<\/p>\n<p><b>Pozn\u00e1mka:<\/b>\u00a0ak si rezervujete do 24 hod\u00edn od \u010dasu odchodu z\u00e1jazdu\/exkurzie, m\u00f4\u017eeme zariadi\u0165 vyzdvihnutie v hoteli s dodato\u010dn\u00fdmi poplatkami. Po dokon\u010den\u00ed n\u00e1kupu v\u00e1m po\u0161leme kompletn\u00e9 kontaktn\u00e9 inform\u00e1cie (telef\u00f3nne \u010d\u00edslo, e-mailov\u00fa adresu at\u010f.) pre n\u00e1\u0161ho miestneho sprievodcu, aby sme mohli zorganizova\u0165 opatrenia na vyzdvihnutie.<\/p>\n<h4><a id=\"additional-info-confirmation\" class=\"aal_anchor\" href=\"https:\/\/bookingadventures.com.do\/dominicantour\/los-haitises-national-park-lunch-at-cano-hondo-from-sabana-de-la-mar\/#additional-info-confirmation\" aria-hidden=\"true\" rel=\"noopener\"><\/a><b><i>Potvrdenie dodato\u010dn\u00fdch inform\u00e1ci\u00ed<\/i><\/b><\/h4>\n<ol>\n<li>Vstupenky s\u00fa potvrden\u00edm po zaplaten\u00ed tohto z\u00e1jazdu. Platbu m\u00f4\u017eete zobrazi\u0165 na telef\u00f3ne.<\/li>\n<li>Miesto stretnutia bude prijat\u00e9 po procese rezerv\u00e1cie.<\/li>\n<li>Deti musia by\u0165 v sprievode dospelej osoby.<\/li>\n<li>Bezbari\u00e9rov\u00fd pr\u00edstup<\/li>\n<li>Doj\u010dat\u00e1 musia sedie\u0165 na kolen\u00e1ch<\/li>\n<li>Neodpor\u00fa\u010da sa pre cestuj\u00facich s probl\u00e9mami s chrbtom<\/li>\n<li>Neodpor\u00fa\u010da sa pre tehotn\u00e9 cestovate\u013eky<\/li>\n<li>\u017diadne srdcov\u00e9 probl\u00e9my ani in\u00e9 v\u00e1\u017ene zdravotn\u00e9 \u0165a\u017ekosti<\/li>\n<li>V\u00e4\u010d\u0161ina cestovate\u013eov sa m\u00f4\u017ee z\u00fa\u010dastni\u0165<\/li>\n<\/ol>\n<\/div>\n<\/div>\n\n\t\t<\/div>\n\t<\/div>\n<div class=\"vc_btn3-container vc_btn3-inline\" ><a class=\"vc_general vc_btn3 vc_btn3-size-md vc_btn3-shape-rounded vc_btn3-style-modern vc_btn3-color-green\" href=\"https:\/\/bookingadventures.tours\/booking.php?tour_id=564682de5ff3fb75370322d9bb29062a\" title=\"\" rel=\"noopener\">REZERVOVA\u0164<\/a><\/div><div class=\"mkdf-section-title-holder\" style=\"text-align: left\">\n\t<div class=\"mkdf-st-inner\">\n\t\t\t\t\t<h5 class=\"mkdf-st-subtitle\" >\n\t\t\t\tObed a k\u00fapanie v pr\u00edrodn\u00fdch prame\u0148och\t\t\t<\/h5>\n\t\t\t\t\t\t\t<h3 class=\"mkdf-st-title\" >\n\t\t\t\tN\u00e1rodn\u00fd park Los Haitises + obed v Cano Hondo zo Sabana de la Mar\t\t\t<\/h3>\n\t\t\t\t\t<\/div>\n<\/div><div class=\"vc_empty_space\"   style=\"height: 32px\"><span class=\"vc_empty_space_inner\"><\/span><\/div><div class=\"vc_empty_space\"   style=\"height: 32px\"><span class=\"vc_empty_space_inner\"><\/span><\/div><\/div><\/div><\/div><\/div><div class=\"wpb_column vc_column_container vc_col-sm-12\"><div class=\"vc_column-inner\"><div class=\"wpb_wrapper\"><\/div><\/div><\/div><div class=\"wpb_column vc_column_container vc_col-sm-12\"><div class=\"vc_column-inner\"><div class=\"wpb_wrapper\"><\/div><\/div><\/div><div class=\"wpb_column vc_column_container vc_col-sm-12\"><div class=\"vc_column-inner\"><div class=\"wpb_wrapper\"><\/div><\/div><\/div>","protected":false},"excerpt":{"rendered":"<p>Exkurzia do n\u00e1rodn\u00e9ho parku Los Haitises zo Sabana de la Mar, n\u00e1v\u0161teva mangrovn\u00edkov, jask\u00fd\u0148, piktogramov + obed v Can\u00f1o Hondo a baz\u00e9ny.<\/p>\n<p>Nastavte si t\u00fato prehliadku s turistick\u00fdm chodn\u00edkom a spoznajte hist\u00f3riu n\u00e1rodn\u00e9ho parku Los Haitises od miestnych obyvate\u013eov.<\/p>\n<p>&nbsp;<\/p>\n<p><strong>Vyberte si d\u00e1tum z\u00e1jazdu:\u00a0<\/strong><\/p>","protected":false},"featured_media":12271,"template":"","meta":[],"product_cat":[254,946,928,933,255],"product_tag":[176,211,210,192,215,214,171,209,212,175,213],"class_list":["post-16552","product","type-product","status-publish","has-post-thumbnail","hentry","product_cat-tours-excursions-los-haitises-national-park","product_cat-1-sabana-de-la-mar","product_cat-boat-trip-los-haitises","product_cat-natural-pools-los-haitises","product_cat-tours-excursions-samana-bay-dominican-republic","product_tag-cano-hondo","product_tag-cano-hondo-hotel","product_tag-cano-hondo-tours","product_tag-day-tour-cano-hondo","product_tag-la-arena-cave","product_tag-line-cave","product_tag-los-haitises","product_tag-los-haitises-national-park","product_tag-mangroves-los-haitises","product_tag-sabana-de-la-mar","product_tag-san-lorenzo-bay"],"_links":{"self":[{"href":"https:\/\/www.boattoursamana.com\/sk\/wp-json\/wp\/v2\/product\/16552","targetHints":{"allow":["GET"]}}],"collection":[{"href":"https:\/\/www.boattoursamana.com\/sk\/wp-json\/wp\/v2\/product"}],"about":[{"href":"https:\/\/www.boattoursamana.com\/sk\/wp-json\/wp\/v2\/types\/product"}],"wp:featuredmedia":[{"embeddable":true,"href":"https:\/\/www.boattoursamana.com\/sk\/wp-json\/wp\/v2\/media\/12271"}],"wp:attachment":[{"href":"https:\/\/www.boattoursamana.com\/sk\/wp-json\/wp\/v2\/media?parent=16552"}],"wp:term":[{"taxonomy":"product_cat","embeddable":true,"href":"https:\/\/www.boattoursamana.com\/sk\/wp-json\/wp\/v2\/product_cat?post=16552"},{"taxonomy":"product_tag","embeddable":true,"href":"https:\/\/www.boattoursamana.com\/sk\/wp-json\/wp\/v2\/product_tag?post=16552"}],"curies":[{"name":"wp","href":"https:\/\/api.w.org\/{rel}","templated":true}]}}