{"id":16643,"date":"2023-11-06T07:14:14","date_gmt":"2023-11-06T07:14:14","guid":{"rendered":"https:\/\/www.ticketswhales.com\/?post_type=product&#038;p=16643"},"modified":"2023-11-06T08:59:17","modified_gmt":"2023-11-06T08:59:17","slug":"los-haitises-cueva-el-naranjo-y-laguna-cristal-from-samana","status":"publish","type":"product","link":"https:\/\/www.boattoursamana.com\/sk\/turne\/los-haitises-cueva-el-naranjo-y-laguna-cristal-zo-samana","title":{"rendered":"Los Haitises: Cueva el Naranjo a Laguna Cristal zo Samany"},"content":{"rendered":"<div class=\"vc_row wpb_row vc_row-fluid\" ><div class=\"wpb_column vc_column_container vc_col-sm-12\"><div class=\"vc_column-inner\"><div class=\"wpb_wrapper\">\n\t<div class=\"wpb_text_column wpb_content_element\" >\n\t\t<div class=\"wpb_wrapper\">\n\t\t\t<h2><span style=\"font-weight: 400;\">Los Haitises: Cueva el Naranjo a Laguna Cristal<\/span><\/h2>\n<p>&nbsp;<\/p>\n<p><b>Preh\u013ead<\/b><span style=\"font-weight: 400;\">\u00a0<\/span><\/p>\n<p>&nbsp;<\/p>\n<p><span style=\"font-weight: 400;\">N\u00e1rodn\u00fd park Los Haitises je pr\u00edrodn\u00fdm pokladom Dominik\u00e1nskej republiky, kde sa v Hispaniole nach\u00e1dza 251 TP3T sladkej vody. Po\u010das tohto z\u00e1\u017eitku prejdeme niektor\u00e9 z najd\u00f4le\u017eitej\u0161\u00edch miest tohto \u00fa\u017easn\u00e9ho parku. Z\u00edskajte l\u00edstok na presk\u00famanie jaskyne Ojo de Cielo, Laguna Cristal, rieky Barracote a z\u00e1livu Samana.\u00a0<\/span><\/p>\n<p>&nbsp;<\/p>\n<p><span style=\"font-weight: 400;\">Z hydrografick\u00e9ho h\u013eadiska<\/span><span style=\"font-weight: 400;\">, Los Haitises a jeho oblasti vplyvu zah\u0155\u0148aj\u00fa dva regi\u00f3ny: doln\u00e9 povodie rieky Yuna a oblas\u0165 Miches a Sabana de la Mar. Yuna odtek\u00e1 dvoma \u00fastiami: samotn\u00fdm Yuna a \u00fast\u00edm Barracote. Okrem toho sa v oblasti nach\u00e1dzaj\u00fa rieky Payabo, Los Cocos a Naranjo a kan\u00e1ly Cabirma, Estero, Prieto a \u010fal\u0161ie.<\/span><\/p>\n<p>&nbsp;<\/p>\n<p><span style=\"font-weight: 400;\">O krajine Los Haitises,<\/span><span style=\"font-weight: 400;\"> okrem jask\u00fd\u0148 s\u00fa to Ca\u00f1o Hondo, Punta Arena, Ca\u00f1o Salado, Bah\u00eda de San Lorenzo a Cayo de los P\u00e1jaros, ktor\u00e9 s\u00fa ve\u013emi p\u00f4sobiv\u00fdmi krajinn\u00fdmi prvkami. Ten, ktor\u00fd sa nach\u00e1dza medzi Boca del Infierno a El Naranjo Arriba, je \u013eahko rozpoznate\u013en\u00fd pod\u013ea takmer permanentnej pr\u00edtomnosti ucholakov a pelik\u00e1nov.<\/span><\/p>\n<p>&nbsp;<\/p>\n<p><span style=\"font-weight: 400;\">O meste Sanchez,<\/span><span style=\"font-weight: 400;\"> Predt\u00fdm to bolo meste\u010dko Las Ca\u00f1itas, no v roku 1888 bolo pov\u00fd\u0161en\u00e9 na obec pomenovan\u00fa po jednom zo zakladate\u013eov Dominik\u00e1nskej republiky, Franciscovi del Rosario S\u00e1nchez. V\u00fdznam a po\u010det obyvate\u013eov vzr\u00e1stol po zalo\u017een\u00ed \u017eeleznice v roku 1865. T\u00e1to tra\u0165 sa tiahla a\u017e do centr\u00e1lneho regi\u00f3nu Cibao, \u010d\u00edm sa t\u00e1to mal\u00e1 karibsk\u00e1 komunita zmenila na najd\u00f4le\u017eitej\u0161\u00ed pr\u00edstav v krajine od konca 19. storo\u010dia do za\u010diatku r. bud\u00faceho storo\u010dia. .<\/span><\/p>\n<p>&nbsp;<\/p>\n<p><span style=\"font-weight: 400;\">O Laguna Cristal,<\/span><span style=\"font-weight: 400;\"> Laguna Cristal je n\u00e1dhern\u00fdm zdrojom sladkej vody pri br\u00e1nach n\u00e1rodn\u00e9ho parku Los Haitises, severne od provincie Monte Plata, ktor\u00fd m\u00e1 jedine\u010dn\u00fa kr\u00e1su v\u010faka svojim pr\u00edrodn\u00fdm zauj\u00edmavostiam a pokoju, ktor\u00fd n\u00e1m d\u00e1va. Lag\u00fana je nap\u00e1jan\u00e1 spodnou vodou, ktor\u00e1 poch\u00e1dza zo susedn\u00e9ho parku. Z lag\u00fany sa na nieko\u013eko sto metrov vyn\u00e1ra mal\u00e1 splavn\u00e1 rieka, ktor\u00e1 nap\u00e1ja rieku Barracote, ktor\u00e1 sa potom vlieva do z\u00e1livu San Lorenzo. Bola by hlbok\u00e1 asi 200 metrov a priemer 70 metrov.\u00a0<\/span><\/p>\n<p>&nbsp;<\/p>\n<p><span style=\"font-weight: 400;\">Jasky\u0148a El Naranjo<\/span><span style=\"font-weight: 400;\">, Rieka El Naranjo, splavn\u00e1 aj napriek svojej d\u013a\u017eke 120 metrov, pramen\u00ed v jaskyni a mo\u017eno ju pova\u017eova\u0165 za klenot pr\u00edrody v n\u00e1rodnom parku Los Haitises, je to atrakcia, ktor\u00fa stoj\u00ed za to pozna\u0165, v\u010faka ktorej m\u00f4\u017eete oceni\u0165 najkrat\u0161iu rieku v okol\u00ed ostrov, Na \u010dlne sa dostanete a\u017e na koniec jaskyne, odkia\u013e poch\u00e1dza voda. Jasky\u0148a je rezervo\u00e1rom netopierov a rojov a jej vody s\u00fa domovom p\u00f4vodn\u00fdch druhov r\u00fdb, ktor\u00e9 s\u00fa v in\u00fdch riekach a potokoch minulos\u0165ou, ako s\u00fa guabiny, dajaos, carpias, krevety a kraby.<\/span><\/p>\n<p>&nbsp;<\/p>\n<p><b>Inkl\u00fazie<\/b><\/p>\n<p><span style=\"font-weight: 400;\">V\u0161etky dane, poplatky a manipula\u010dn\u00e9 poplatky<\/span><\/p>\n<p><span style=\"font-weight: 400;\">Miestne dane<\/span><\/p>\n<p><span style=\"font-weight: 400;\">\u00daradn\u00edci Ekol\u00f3govia Sprievodcovia anglicky\/\u0161panielsky<\/span><\/p>\n<p><span style=\"font-weight: 400;\">Miestna doprava (vyzdvihnutie v hoteli)<\/span><\/p>\n<p><span style=\"font-weight: 400;\">R\u00fdchla lo\u010f<\/span><\/p>\n<p><span style=\"font-weight: 400;\">Miestny obed<\/span><\/p>\n<p><span style=\"font-weight: 400;\">Laguna Cristal\u00a0\u00a0<\/span><\/p>\n<p><span style=\"font-weight: 400;\">Cueva del Naranjo\u00a0<\/span><\/p>\n<p>&nbsp;<\/p>\n<p><b>Vyl\u00fa\u010denia<\/b><\/p>\n<p>&nbsp;<\/p>\n<p><span style=\"font-weight: 400;\">Spropitn\u00e9<\/span><\/p>\n<p><span style=\"font-weight: 400;\">N\u00e1poj<\/span><\/p>\n<p><span style=\"font-weight: 400;\">\u00a0<\/span><\/p>\n<p>&nbsp;<\/p>\n<p><b>Odchod a n\u00e1vrat<\/b><\/p>\n<p><span style=\"font-weight: 400;\">Prehliadka organizovan\u00e1 \u201eBooking Adventures\u201c za\u010d\u00edna na mieste stretnutia s turistick\u00fdm sprievodcom. Cestuj\u00faci dostane miesto stretnutia po procese rezerv\u00e1cie. Prehliadky za\u010d\u00ednaj\u00fa a kon\u010dia v na\u0161ich miestach stretnutia.<\/span><\/p>\n<p>&nbsp;<\/p>\n<p><b>\u010co o\u010dak\u00e1va\u0165?<\/b><\/p>\n<p><span style=\"font-weight: 400;\">Z\u00edskajte l\u00edstok na H\u013eadanie Los Haitises: Los Haitises: Cueva el Naranjo y Laguna Cristal, t\u00e1to sk\u00fasenos\u0165 v\u00e1m poskytne pr\u00edle\u017eitos\u0165 vidie\u0165 v\u00e4\u010d\u0161inu biodiverzity ostrova.\u00a0<\/span><\/p>\n<p>&nbsp;<\/p>\n<p><span style=\"font-weight: 400;\">T\u00e1to aktivita sa za\u010dne va\u0161\u00edm vyzdvihnut\u00edm z v\u00e1\u0161ho ubytovania v ktorejko\u013evek z t\u00fdchto oblast\u00ed:<\/span><\/p>\n<ul>\n<li style=\"font-weight: 400;\" aria-level=\"1\"><span style=\"font-weight: 400;\">Las Terrenas\u00a0<\/span><\/li>\n<li style=\"font-weight: 400;\" aria-level=\"1\"><span style=\"font-weight: 400;\">Sanchez\u00a0<\/span><\/li>\n<li style=\"font-weight: 400;\" aria-level=\"1\"><span style=\"font-weight: 400;\">Las Galeras<\/span><\/li>\n<li style=\"font-weight: 400;\" aria-level=\"1\"><span style=\"font-weight: 400;\">Santa Barbara de Samana\u00a0<\/span><\/li>\n<\/ul>\n<h3><b>Rozvrh<\/b><b>\u00a0<\/b><\/h3>\n<p><b>Sanchez Samana, Pl\u00e1vanie v Laguna Cristal a El Naranjo River &amp; Caves\u00a0<\/b><\/p>\n<p>&nbsp;<\/p>\n<p><span style=\"font-weight: 400;\">Vyzdvihnutie v hoteli: za\u010d\u00edna o 7:00 (v z\u00e1vislosti od toho, kde sa nach\u00e1dzate). V rezerva\u010dnom formul\u00e1ri s\u00fa r\u00f4zne mo\u017enosti na\u010dasovania. Prehliadka trv\u00e1 8 hod\u00edn.\u00a0<\/span><\/p>\n<p>&nbsp;<\/p>\n<p><span style=\"font-weight: 400;\">Toto bude skor\u00e9 r\u00e1no, kedy v\u00e1s vyzdvihneme z v\u00e1\u0161ho hotela a odvezieme v\u00e1s na miesto stretnutia v Sanchez Samana, kde sa stretnete s miestnym turistick\u00fdm sprievodcom predt\u00fdm, ako si prejdete itiner\u00e1r na zvy\u0161ok d\u0148a.\u00a0<\/span><\/p>\n<p>&nbsp;<\/p>\n<p><span style=\"font-weight: 400;\">Ke\u010f sa priprav\u00edte, nast\u00fapime na n\u00e1\u0161 motorov\u00fd \u010dln a zamierime do El Naranjo, ktor\u00e9 je prvou zast\u00e1vkou d\u0148a, kde sa lo\u010fou dostaneme do jaskyne a zapl\u00e1vame si v sladkej vode najkrat\u0161ej rieky ostrova.\u00a0<\/span><\/p>\n<p>&nbsp;<\/p>\n<p><span style=\"font-weight: 400;\">Va\u0161a druh\u00e1 jazda lo\u010fou bude cez rieku Barracote, aby ste sa dostali do Laguna Cristal. Budeme musie\u0165 splavi\u0165 jednu z najv\u00e4\u010d\u0161\u00edch riek na severov\u00fdchode krajiny. V Cristal Area budeme ma\u0165 prest\u00e1vku na obed pred skokom do vody.<\/span><\/p>\n<p>&nbsp;<\/p>\n<p><span style=\"font-weight: 400;\">Po vysk\u00fa\u0161an\u00ed miestneho obeda si d\u00e1me siestu pri Cristal Lagoon a potom sa p\u00f4jdeme k\u00fapa\u0165 a potom sa vr\u00e1time sp\u00e4\u0165 do Sanchez Samana.\u00a0<\/span><\/p>\n<p>&nbsp;<\/p>\n<p><span style=\"font-weight: 400;\">Odchod z hotela: 16:00 alebo nesk\u00f4r v z\u00e1vislosti od \u010dasu, kedy ste za\u010dali cestu. Celkov\u00e1 d\u013a\u017eka prehliadky je 8 hod\u00edn.\u00a0<\/span><\/p>\n<p>&nbsp;<\/p>\n<p><span style=\"font-weight: 400;\">Dni a aktivity itiner\u00e1ra sa m\u00f4\u017eu zmeni\u0165 bez upozornenia v d\u00f4sledku nepredv\u00eddan\u00fdch okolnost\u00ed alebo udalost\u00ed. Viac inform\u00e1ci\u00ed n\u00e1jdete v \u00fapln\u00fdch zmluvn\u00fdch podmienkach.<\/span><\/p>\n\n\t\t<\/div>\n\t<\/div>\n<\/div><\/div><\/div><\/div>","protected":false},"excerpt":{"rendered":"<p>N\u00e1v\u0161teva rieky el Naranjo s jasky\u0148ou a Cristal Lagun v n\u00e1rodnom parku Los Haitises s miestnym odborn\u00fdm sprievodcom. Obed a doprava s\u00fa zahrnut\u00e9 v provincii Samana.<\/p>","protected":false},"featured_media":16644,"template":"","meta":[],"product_cat":[1096],"product_tag":[1097],"class_list":["post-16643","product","type-product","status-publish","has-post-thumbnail","hentry","product_cat-haitises","product_tag-haitises"],"_links":{"self":[{"href":"https:\/\/www.boattoursamana.com\/sk\/wp-json\/wp\/v2\/product\/16643","targetHints":{"allow":["GET"]}}],"collection":[{"href":"https:\/\/www.boattoursamana.com\/sk\/wp-json\/wp\/v2\/product"}],"about":[{"href":"https:\/\/www.boattoursamana.com\/sk\/wp-json\/wp\/v2\/types\/product"}],"wp:featuredmedia":[{"embeddable":true,"href":"https:\/\/www.boattoursamana.com\/sk\/wp-json\/wp\/v2\/media\/16644"}],"wp:attachment":[{"href":"https:\/\/www.boattoursamana.com\/sk\/wp-json\/wp\/v2\/media?parent=16643"}],"wp:term":[{"taxonomy":"product_cat","embeddable":true,"href":"https:\/\/www.boattoursamana.com\/sk\/wp-json\/wp\/v2\/product_cat?post=16643"},{"taxonomy":"product_tag","embeddable":true,"href":"https:\/\/www.boattoursamana.com\/sk\/wp-json\/wp\/v2\/product_tag?post=16643"}],"curies":[{"name":"wp","href":"https:\/\/api.w.org\/{rel}","templated":true}]}}