{"id":8168,"date":"2019-03-12T13:32:13","date_gmt":"2019-03-12T13:32:13","guid":{"rendered":"https:\/\/www.ticketswhales.com\/?post_type=product&#038;p=8168"},"modified":"2023-09-13T07:33:58","modified_gmt":"2023-09-13T07:33:58","slug":"salto-de-la-jalda-national-park","status":"publish","type":"product","link":"https:\/\/www.boattoursamana.com\/sk\/turne\/salto-de-la-jalda-national-park","title":{"rendered":"Salto La Jalda (pe\u0161ia turistika a pl\u00e1vanie)"},"content":{"rendered":"<div class=\"vc_row wpb_row vc_row-fluid\" ><div class=\"wpb_column vc_column_container vc_col-sm-12\"><div class=\"vc_column-inner\"><div class=\"wpb_wrapper\"><div class=\"mkdf-section-title-holder\" style=\"text-align: left\">\n\t<div class=\"mkdf-st-inner\">\n\t\t\t\t\t<h5 class=\"mkdf-st-subtitle\" >\n\t\t\t\tNajvy\u0161\u0161\u00ed vodop\u00e1d v Karibiku 272 st\u00f4p\t\t\t<\/h5>\n\t\t\t\t\t\t\t<h3 class=\"mkdf-st-title\" >\n\t\t\t\tN\u00e1rodn\u00fd park Salto de la Jalda\t\t\t<\/h3>\n\t\t\t\t\t\t\t<p class=\"mkdf-st-text\" >\n\t\t\t\tT\u00fara alebo jazda na koni.\t\t\t<\/p>\n\t\t\t<\/div>\n<\/div><\/div><\/div><\/div><\/div><div class=\"vc_row wpb_row vc_row-fluid\" ><div class=\"wpb_column vc_column_container vc_col-sm-12\"><div class=\"vc_column-inner\"><div class=\"wpb_wrapper\"><div class=\"vc_btn3-container vc_btn3-inline\" ><a class=\"vc_general vc_btn3 vc_btn3-size-md vc_btn3-shape-rounded vc_btn3-style-modern vc_btn3-color-green\" href=\"https:\/\/bookingadventures.tours\/booking.php?tour_id=15732596c207e72b242ef1044167660d\" title=\"\" rel=\"noopener\">REZERVOVA\u0164<\/a><\/div>\n\t<div class=\"wpb_text_column wpb_content_element\" >\n\t\t<div class=\"wpb_wrapper\">\n\t\t\t<h4><b><i>Preh\u013ead <\/i><\/b><\/h4>\n<p>Toto je s\u00fakromn\u00e1 prehliadka\u00a0<strong>Vodop\u00e1dy Salto de la Jalda<\/strong> s jazdou na koni alebo turistikou. N\u00e1v\u0161teva kakaov\u00e9ho a k\u00e1vov\u00e9ho lesa pod Coconuts Palms Canopy. Ke\u010f doraz\u00edte k vodop\u00e1dom, m\u00f4\u017eete si zapl\u00e1va\u0165 a nastavi\u0165 \u010das so svoj\u00edm miestnym sprievodcom.<\/p>\n<p>U\u010dte sa s miestnymi obyvate\u013emi a z\u00edskajte bezpe\u010dn\u00fd v\u00fdlet. Z\u00edskajte svoje vstupenky v ponuke e\u0161te dnes.<\/p>\n<p>&nbsp;<\/p>\n<ul>\n<li>Jazda na koni alebo turistika<\/li>\n<li style=\"font-weight: 400;\"><span style=\"font-weight: 400;\">Sprievodca poskytuje pokyny a doh\u013ead<\/span><\/li>\n<li>Poplatky do n\u00e1rodn\u00e9ho parku<\/li>\n<\/ul>\n<p>&nbsp;<\/p>\n<h4><b>Inkl\u00fazie a vyl\u00fa\u010denia<\/b><\/h4>\n<p>&nbsp;<\/p>\n<p><b>Inkl\u00fazie<\/b><\/p>\n<ol>\n<li style=\"font-weight: 400;\"><span style=\"font-weight: 400;\">Pe\u0161ia turistika alebo jazda na koni<\/span><\/li>\n<li style=\"font-weight: 400;\"><span style=\"font-weight: 400;\">V\u0161etky dane, poplatky a manipula\u010dn\u00e9 poplatky<\/span><\/li>\n<li style=\"font-weight: 400;\"><span style=\"font-weight: 400;\">Miestne dane<\/span><\/li>\n<li style=\"font-weight: 400;\"><span style=\"font-weight: 400;\">N\u00e1poje<\/span><\/li>\n<li style=\"font-weight: 400;\"><span style=\"font-weight: 400;\">V\u0161etky aktivity<\/span><\/li>\n<li style=\"font-weight: 400;\"><span style=\"font-weight: 400;\">Miestny sprievodca<\/span><\/li>\n<\/ol>\n<p><b> Vyl\u00fa\u010denia<\/b><\/p>\n<ol>\n<li style=\"font-weight: 400;\"><span style=\"font-weight: 400;\">Spropitn\u00e9<\/span><\/li>\n<li style=\"font-weight: 400;\"><span style=\"font-weight: 400;\">Prestup<\/span><\/li>\n<li>obed<\/li>\n<li style=\"font-weight: 400;\"><span style=\"font-weight: 400;\">Alkoholick\u00e9 n\u00e1poje<\/span><\/li>\n<\/ol>\n<p>&nbsp;<\/p>\n<h4><em><strong>Odchod a n\u00e1vrat<\/strong><\/em><\/h4>\n<p><span style=\"font-weight: 400;\">Cestuj\u00faci z\u00edska miesto stretnutia po procese rezerv\u00e1cie. Prehliadky za\u010d\u00ednaj\u00fa a kon\u010dia v miestach na\u0161ich stretnut\u00ed.<\/span><\/p>\n<p>&nbsp;<\/p>\n<h2>T\u00fara N\u00e1rodn\u00fd park Salto de la Jalda<\/h2>\n<h4><b><i>\u010co o\u010dak\u00e1va\u0165?<\/i><\/b><\/h4>\n<p><em><strong>Z\u00edskajte l\u00edstky<\/strong><\/em> za n\u00e1v\u0161tevu Najvy\u0161\u0161\u00edch vodop\u00e1dov v Karibiku.\u00a0 <strong>El Salto la Jalda<\/strong> Pe\u0161ia turistika a jazda na koni.<\/p>\n<p><span style=\"font-weight: 400;\">Prehliadka organizovan\u00e1 \u201eBooking Adventures\u201c za\u010d\u00edna na mieste stretnutia s turistick\u00fdm sprievodcom. <\/span>Aby sme za\u010dali na\u0161e turn\u00e9, stret\u00e1vame sa v<strong> Sabana de la Mar<\/strong>. Potom nast\u00fapime do vozidla, ktor\u00fdm sa vezieme 25 min\u00fat do komunity Magua. Kde sa stretneme s na\u0161imi miestnymi turistick\u00fdmi sprievodcami. Ke\u010f nech\u00e1me svoje vozidlo na bezpe\u010dnom parkovisku, vyraz\u00edme na koni alebo pe\u0161o do N\u00e1rodn\u00e9ho parku Salto de La Jalda s \u010dasom troch hod\u00edn.<\/p>\n<p>Cesta m\u00e1 6,5 kilometra, je to dlh\u00fd z\u00e1\u017eitok cez Dominik\u00e1nsky les, prech\u00e1dzku okolo kakaa, kokosov\u00fdch orechov a k\u00e1vov\u00e9ho lesa. Po\u010das cel\u00e9ho n\u00e1\u0161ho v\u00fdletu prejdeme okolo rieky Magua a prejdeme ju asi 8-kr\u00e1t bez v\u00e4\u010d\u0161\u00edch \u0165a\u017ekost\u00ed.<\/p>\n<p>Takmer cel\u00fd chodn\u00edk m\u00e1 tie\u0148 ve\u013ek\u00e9ho mno\u017estva kakaov\u00e9ho lesa vysaden\u00e9ho pred vyhl\u00e1sen\u00edm oblasti za n\u00e1rodn\u00fd park Salto de La Jalda. V tejto prvej \u010dasti ekoturistick\u00e9ho dobrodru\u017estva si m\u00f4\u017eete vychutna\u0165 spev vt\u00e1kov, zvuk vodn\u00fdch tokov, preva\u017ene rovinat\u00fd ter\u00e9n a v\u0161etku zelen\u00fa veget\u00e1ciu.<\/p>\n<p>Okrem kakaa v krajine n\u00e1rodn\u00e9ho parku La Jalda m\u00f4\u017eete vidie\u0165 aj k\u00e1vov\u00e9 plant\u00e1\u017ee. Takmer po pr\u00edchode k vodop\u00e1du zastavujeme pri domoch str\u00e1\u017ecov parku poch\u00e1dzaj\u00facich z mesta Magua, priraden\u00e9ho k N\u00e1rodn\u00e9mu parku Jalda. Tam si m\u00f4\u017eete urobi\u0165 kr\u00e1tku prest\u00e1vku, odkia\u013e uvid\u00edte vo v\u0161eobecnosti \u00fa\u017easn\u00fd v\u00fdh\u013ead na Salto de La Jalda.<\/p>\n<p>Budeme pokra\u010dova\u0165 a\u017e k vodop\u00e1dom. pl\u00e1va\u0165 tam a po nieko\u013ek\u00fdch hodin\u00e1ch sa po tej istej trase dosta\u0165 sp\u00e4\u0165 k vozidlu. Toto je extr\u00e9mne dobrodru\u017estvo. Pros\u00edm, ak nem\u00e1te podmienky na turistiku, mus\u00edte si zajazdi\u0165 na koni.<\/p>\n<p>&nbsp;<\/p>\n<h4><em><strong>\u010co by ste si mali prinies\u0165?<\/strong><\/em><\/h4>\n<ul>\n<li style=\"font-weight: 400;\"><span style=\"font-weight: 400;\">fotoapar\u00e1t<\/span><\/li>\n<li style=\"font-weight: 400;\"><span style=\"font-weight: 400;\">Repelentn\u00e9 p\u00fa\u010diky<\/span><\/li>\n<li style=\"font-weight: 400;\"><span style=\"font-weight: 400;\">opa\u013eovac\u00ed kr\u00e9m<\/span><\/li>\n<li style=\"font-weight: 400;\"><span style=\"font-weight: 400;\">Klob\u00fak<\/span><\/li>\n<li style=\"font-weight: 400;\"><span style=\"font-weight: 400;\">Pohodln\u00e9 nohavice<\/span><\/li>\n<li style=\"font-weight: 400;\"><span style=\"font-weight: 400;\">Turistick\u00e1 obuv do lesa<\/span><\/li>\n<li style=\"font-weight: 400;\"><span style=\"font-weight: 400;\">Oble\u010denie na pl\u00e1vanie<\/span><\/li>\n<li>Extra f\u013ea\u0161a na vodu<\/li>\n<li>Obed alebo ob\u010derstvenie<\/li>\n<\/ul>\n<p>&nbsp;<\/p>\n<h4><b><i>Vyzdvihnutie v hoteli <\/i><\/b><\/h4>\n<p><span style=\"font-weight: 400;\">Vyzdvihnutie v hoteli sa pre tento z\u00e1jazd nepon\u00faka. <\/span><\/p>\n<p>&nbsp;<\/p>\n<p><b>Pozn\u00e1mka:<\/b><span style=\"font-weight: 400;\"> ak si rezervujete do 24 hod\u00edn od \u010dasu odchodu z\u00e1jazdu\/exkurzie, m\u00f4\u017eeme zariadi\u0165 vyzdvihnutie v hoteli s dodato\u010dn\u00fdmi poplatkami. Po dokon\u010den\u00ed n\u00e1kupu v\u00e1m po\u0161leme kompletn\u00e9 kontaktn\u00e9 inform\u00e1cie (telef\u00f3nne \u010d\u00edslo, e-mailov\u00fa adresu at\u010f.) pre n\u00e1\u0161ho miestneho sprievodcu, aby sme mohli zorganizova\u0165 opatrenia na vyzdvihnutie.<\/span><\/p>\n<h4><b><i>Potvrdenie dodato\u010dn\u00fdch inform\u00e1ci\u00ed <\/i><\/b><\/h4>\n<ol>\n<li>Vstupenky s\u00fa potvrden\u00edm po zaplaten\u00ed tohto z\u00e1jazdu. Platbu m\u00f4\u017eete zobrazi\u0165 na telef\u00f3ne.<\/li>\n<li style=\"font-weight: 400;\"><span style=\"font-weight: 400;\">Miesto stretnutia bude prijat\u00e9 po procese rezerv\u00e1cie.<\/span><\/li>\n<li style=\"font-weight: 400;\"><span style=\"font-weight: 400;\">Deti musia by\u0165 v sprievode dospelej osoby.<\/span><\/li>\n<li style=\"font-weight: 400;\"><span style=\"font-weight: 400;\"> Bezbari\u00e9rov\u00fd pr\u00edstup <\/span><\/li>\n<li style=\"font-weight: 400;\"><span style=\"font-weight: 400;\">Nie Doj\u010dat\u00e1 na tento v\u00fdlet s\u00fa povolen\u00e9<\/span><\/li>\n<li style=\"font-weight: 400;\"><span style=\"font-weight: 400;\">Neodpor\u00fa\u010da sa pre cestuj\u00facich s probl\u00e9mami s chrbtom<\/span><\/li>\n<li style=\"font-weight: 400;\"><span style=\"font-weight: 400;\">Neodpor\u00fa\u010da sa pre tehotn\u00e9 cestovate\u013eky <\/span><\/li>\n<li style=\"font-weight: 400;\"><span style=\"font-weight: 400;\"> \u017diadne srdcov\u00e9 probl\u00e9my ani in\u00e9 v\u00e1\u017ene zdravotn\u00e9 \u0165a\u017ekosti <\/span><\/li>\n<li style=\"font-weight: 400;\"><span style=\"font-weight: 400;\">V\u00e4\u010d\u0161ina cestovate\u013eov sa m\u00f4\u017ee z\u00fa\u010dastni\u0165<\/span><\/li>\n<\/ol>\n<h4><b><i>Podmienky zru\u0161enia<\/i><\/b><\/h4>\n<p>Ak chcete z\u00edska\u0165 pln\u00fa n\u00e1hradu, pre\u010d\u00edtajte si na\u0161e pravidl\u00e1 pre zru\u0161enie\u00a0<a href=\"https:\/\/www.boattoursamana.com\/sk\/online-rezervacia\/\" target=\"_blank\" rel=\"noopener\" data-saferedirecturl=\"https:\/\/www.google.com\/url?q=https:\/\/www.boattoursamana.com\/online-booking\/&amp;source=gmail&amp;ust=1672449202351000&amp;usg=AOvVaw1yAeVAPktmaVCqDujgUn90\">Kliknite tu<\/a>. Finan\u010dn\u00e9 prostriedky bud\u00fa straten\u00e9, ak bude rezerv\u00e1cia zru\u0161en\u00e1 v ten ist\u00fd de\u0148 z\u00e1jazdu.<\/p>\n\n\t\t<\/div>\n\t<\/div>\n<\/div><\/div><\/div><\/div><div class=\"vc_row wpb_row vc_row-fluid\" ><div class=\"wpb_column vc_column_container vc_col-sm-12\"><div class=\"vc_column-inner\"><div class=\"wpb_wrapper\">\n\t<div class=\"wpb_text_column wpb_content_element\" >\n\t\t<div class=\"wpb_wrapper\">\n\t\t\t<h4>Kontaktuj n\u00e1s?<\/h4>\n<h5><em><strong>Rezerva\u010dn\u00e9 dobrodru\u017estv\u00e1<\/strong><\/em><\/h5>\n<p><em><strong>Miestni obyvatelia<\/strong> a <strong>\u0160t\u00e1tni pr\u00edslu\u0161n\u00edci<\/strong> Sprievodcovia a slu\u017eby pre host\u00ed<\/em><\/p>\n<p><span class=\"text-turquoise\">Rezerv\u00e1cie:<\/span> Prehliadky a exkurzie v Dom. Rep.<\/p>\n<p><img decoding=\"async\" class=\"emoji\" draggable=\"false\" src=\"https:\/\/s.w.org\/images\/core\/emoji\/11.2.0\/svg\/1f4de.svg\" alt=\"\ud83d\udcde\" title=\"\"> Tel \/ Whatsapp\u00a0 <a href=\"tel:+1-809-720-6035\">+1-809-720-6035<\/a>.<\/p>\n<p><img decoding=\"async\" class=\"emoji\" draggable=\"false\" src=\"https:\/\/s.w.org\/images\/core\/emoji\/11.2.0\/svg\/1f4e9.svg\" alt=\"\ud83d\udce9\" title=\"\"> <a href=\"mailto:info@bookingadventures.com.do\">info@bookingadventures.com.do<\/a><\/p>\n<p><strong>Flexibilne nastavujeme s\u00fakromn\u00e9 prehliadky od Whatsapp: <a href=\"tel:+18097206035\">+18097206035.<\/a><\/strong><\/p>\n\n\t\t<\/div>\n\t<\/div>\n<\/div><\/div><\/div><\/div><div class=\"vc_row wpb_row vc_row-fluid\" ><div class=\"wpb_column vc_column_container vc_col-sm-12\"><div class=\"vc_column-inner\"><div class=\"wpb_wrapper\"><div class=\"vc_btn3-container vc_btn3-inline\" ><a class=\"vc_general vc_btn3 vc_btn3-size-md vc_btn3-shape-rounded vc_btn3-style-modern vc_btn3-color-green\" href=\"https:\/\/bookingadventures.tours\/booking.php?tour_id=15732596c207e72b242ef1044167660d\" title=\"\" rel=\"noopener\">REZERVOVA\u0164<\/a><\/div><\/div><\/div><\/div><\/div>","protected":false},"excerpt":{"rendered":"<p>Extr\u00e9mne dobrodru\u017estvo k vy\u0161\u0161iemu vodop\u00e1du v Karibiku. Po\u010fte s miestnymi na pe\u0161iu turistiku alebo jazdu na koni k vodop\u00e1du. Spozn\u00e1vanie skuto\u010dn\u00e9ho dominik\u00e1nskeho \u017eivotn\u00e9ho \u0161t\u00fdlu lesa. N\u00e1v\u0161teva najv\u00e4\u010d\u0161\u00edch plant\u00e1\u017e\u00ed kakaov\u00fdch stromov v Dominik\u00e1nskej republike a spozn\u00e1vanie tohto pr\u00edbehu so sprievodcami Natives Tour.<\/p>\n<p>Ke\u010f si rezervujete tento v\u00fdlet, podpor\u00edte rodiny z Maguy, komunity Sabana de la Mar. Kde nie s\u00fa turisti po cel\u00fd rok. Peniaze zost\u00e1vaj\u00fa u t\u00fdchto miestnych obyvate\u013eov.<\/p>\n<p>&nbsp;<\/p>\n<p><strong>Vyberte d\u00e1tum turn\u00e9\u00a0<\/strong><\/p>","protected":false},"featured_media":9206,"template":"","meta":[],"product_cat":[178,946,634,189,170,191,252],"product_tag":[226,635,636,180,637,638,224,225,639,640,227,641,228,175,642,643,644,645],"class_list":["post-8168","product","type-product","status-publish","has-post-thumbnail","hentry","product_cat-hiking","product_cat-1-sabana-de-la-mar","product_cat-hike-to-miches-la-jalda-waterfall-waterfalls","product_cat-horse-riding-to-waterfalls","product_cat-local-tour-guides","product_cat-swimming-natural-springs","product_cat-waterfalls","product_tag-higthest-waterfall-in-the-caribean","product_tag-hike-la-jalda","product_tag-hike-to-miches-la-jalda-waterfall-waterfalls","product_tag-hiking","product_tag-la-jalda-excursions","product_tag-la-jalda-horses","product_tag-la-jalda-national-park","product_tag-la-jalda-waterfall","product_tag-leaping","product_tag-leaping-jalda","product_tag-magua","product_tag-magua-la-jalda","product_tag-miches","product_tag-sabana-de-la-mar","product_tag-salto-de-la-jalda","product_tag-salto-la-jalda-sabana-de-la-mar","product_tag-salto-la-jalda-tours","product_tag-waterfalls"],"_links":{"self":[{"href":"https:\/\/www.boattoursamana.com\/sk\/wp-json\/wp\/v2\/product\/8168","targetHints":{"allow":["GET"]}}],"collection":[{"href":"https:\/\/www.boattoursamana.com\/sk\/wp-json\/wp\/v2\/product"}],"about":[{"href":"https:\/\/www.boattoursamana.com\/sk\/wp-json\/wp\/v2\/types\/product"}],"wp:featuredmedia":[{"embeddable":true,"href":"https:\/\/www.boattoursamana.com\/sk\/wp-json\/wp\/v2\/media\/9206"}],"wp:attachment":[{"href":"https:\/\/www.boattoursamana.com\/sk\/wp-json\/wp\/v2\/media?parent=8168"}],"wp:term":[{"taxonomy":"product_cat","embeddable":true,"href":"https:\/\/www.boattoursamana.com\/sk\/wp-json\/wp\/v2\/product_cat?post=8168"},{"taxonomy":"product_tag","embeddable":true,"href":"https:\/\/www.boattoursamana.com\/sk\/wp-json\/wp\/v2\/product_tag?post=8168"}],"curies":[{"name":"wp","href":"https:\/\/api.w.org\/{rel}","templated":true}]}}