{"id":8852,"date":"2019-06-11T10:52:22","date_gmt":"2019-06-11T10:52:22","guid":{"rendered":"https:\/\/www.ticketswhales.com\/?post_type=product&#038;p=8852"},"modified":"2023-03-20T10:24:27","modified_gmt":"2023-03-20T10:24:27","slug":"los-haitises-national-park-tour-from-samana-port","status":"publish","type":"product","link":"https:\/\/www.boattoursamana.com\/sk\/turne\/los-haitises-national-park-tour-from-samana-port","title":{"rendered":"Prehliadka n\u00e1rodn\u00e9ho parku Los Haitises z pr\u00edstavu Saman\u00e1"},"content":{"rendered":"<div class=\"vc_row wpb_row vc_row-fluid\" ><div class=\"wpb_column vc_column_container vc_col-sm-12\"><div class=\"vc_column-inner\"><div class=\"wpb_wrapper\"><div class=\"mkdf-section-title-holder\" style=\"text-align: left\">\n\t<div class=\"mkdf-st-inner\">\n\t\t\t\t\t<h5 class=\"mkdf-st-subtitle\" >\n\t\t\t\tJust Los Haitises National Park\t\t\t<\/h5>\n\t\t\t\t\t\t\t<h3 class=\"mkdf-st-title\" >\n\t\t\t\tLos Haitises National Park Boat Tour\t\t\t<\/h3>\n\t\t\t\t\t<\/div>\n<\/div><\/div><\/div><\/div><\/div><div class=\"vc_row wpb_row vc_row-fluid\" ><div class=\"wpb_column vc_column_container vc_col-sm-12\"><div class=\"vc_column-inner\"><div class=\"wpb_wrapper\"><div class=\"vc_btn3-container vc_btn3-inline\" ><button class=\"vc_general vc_btn3 vc_btn3-size-md vc_btn3-shape-rounded vc_btn3-style-modern vc_btn3-color-green\">REZERVOVA\u0164<\/button><\/div>\n\t<div class=\"wpb_text_column wpb_content_element\" >\n\t\t<div class=\"wpb_wrapper\">\n\t\t\t<h4><b><i>Preh\u013ead <\/i><\/b><\/h4>\n<p>Visit just Los Haitises National park starting from Saman\u00e1 Port.\u00a0 Come with us and visit the most beautiful national park of the Dominican Republic, Visiting Mangroves, Caves and San Lorenzo Bay plus crossing the gorgeous Saman\u00e1 bay. Then Back to Saman\u00e1 port.<\/p>\n<p>Po tejto sk\u00fasenosti sa dostanete sp\u00e4\u0165 do pr\u00edstavu Saman\u00e1.<\/p>\n<ul>\n<li style=\"font-weight: 400;\">Vr\u00e1tane poplatkov<\/li>\n<li style=\"font-weight: 400;\"><span style=\"font-weight: 400;\">Sprievodca poskytuje pokyny a doh\u013ead<\/span><\/li>\n<\/ul>\n<p>&nbsp;<\/p>\n<h4><b>Inkl\u00fazie a vyl\u00fa\u010denia<\/b><\/h4>\n<p>&nbsp;<\/p>\n<p><b>Inkl\u00fazie<\/b><\/p>\n<p>&nbsp;<\/p>\n<ol>\n<li style=\"font-weight: 400;\">Prehliadka Los Haitises + jaskyne a piktogramy<\/li>\n<li style=\"font-weight: 400;\"><span style=\"font-weight: 400;\">V\u0161etky dane, poplatky a manipula\u010dn\u00e9 poplatky<\/span><\/li>\n<li style=\"font-weight: 400;\"><span style=\"font-weight: 400;\">Miestne dane<\/span><\/li>\n<li style=\"font-weight: 400;\"><span style=\"font-weight: 400;\">N\u00e1poje<\/span><\/li>\n<li style=\"font-weight: 400;\"><span style=\"font-weight: 400;\">V\u0161etky aktivity<\/span><\/li>\n<li style=\"font-weight: 400;\"><span style=\"font-weight: 400;\">Miestny sprievodca<\/span><\/li>\n<\/ol>\n<p><b> Vyl\u00fa\u010denia<\/b><\/p>\n<ol>\n<li style=\"font-weight: 400;\"><span style=\"font-weight: 400;\">Spropitn\u00e9<\/span><\/li>\n<li style=\"font-weight: 400;\"><span style=\"font-weight: 400;\">Prestup<\/span><\/li>\n<li style=\"font-weight: 400;\"><span style=\"font-weight: 400;\">Alkoholick\u00e9 n\u00e1poje<\/span><\/li>\n<li>Lunch Not Included, For lunch include picking one of these trips:\u00a0 <a href=\"https:\/\/www.boattoursamana.com\/sk\/turne\/los-haitises-national-park-tour-from-samana-port\/\">Los Haitises + Cayo Levantado<\/a> from Saman\u00e1 Port or<a href=\"https:\/\/www.boattoursamana.com\/sk\/turne\/narodny-park-los-haitises-obed-v-cano-hondo-z-pristavu-samana\/\"><em><strong> Los Haitises + Cano Hondo z pr\u00edstavu Samana.<\/strong><\/em><\/a><\/li>\n<\/ol>\n<p>&nbsp;<\/p>\n<h4><em><strong>Odchod a n\u00e1vrat<\/strong><\/em><\/h4>\n<p><span style=\"font-weight: 400;\">Cestuj\u00faci z\u00edska miesto stretnutia po procese rezerv\u00e1cie. Prehliadky za\u010d\u00ednaj\u00fa a kon\u010dia v miestach na\u0161ich stretnut\u00ed.<\/span><\/p>\n<p>&nbsp;<\/p>\n<h4><b><i>\u010co o\u010dak\u00e1va\u0165?<\/i><\/b><\/h4>\n<p>&nbsp;<\/p>\n<p><em><strong>Z\u00edskajte l\u00edstky<\/strong><\/em> za n\u00e1v\u0161tevu n\u00e1rodn\u00e9ho parku Los Haitises s n\u00e1dhern\u00fdm obedom v Ca\u00f1o Hondo a k\u00fapan\u00edm v pr\u00edrodn\u00fdch prame\u0148och.<\/p>\n<p>Z pr\u00edstavu Saman\u00e1 na palube \u010dlna alebo katamar\u00e1nu s miestnym turistick\u00fdm sprievodcom prejdeme okolo z\u00e1livu Saman\u00e1 na stranu Sabana de la Mar, kde nav\u0161t\u00edvime jeden z najkraj\u0161\u00edch n\u00e1rodn\u00fdch parkov Dominik\u00e1nskej republiky. <em><strong>N\u00e1rodn\u00fd park Haitises<\/strong><\/em>.<\/p>\n<p>. N\u00e1v\u0161teva ostrova s vt\u00e1kmi okolo. V hniezdnom obdob\u00ed m\u00f4\u017eeme dokonca vidie\u0165 na hniezdach ml\u00e1\u010fat\u00e1 Pelecanos. Dosta\u0165 sa viac na Skalnat\u00e9 ostrovy a nav\u0161t\u00edvi\u0165 jaskyne s piktogramami a petrografmi od domorod\u00fdch obyvate\u013eov.<\/p>\n<p>Prehliadka organizovan\u00e1 \u201eBooking Adventures\u201c za\u010d\u00edna na mieste stretnutia s turistick\u00fdm sprievodcom. Pr\u00ed\u010fte s Booking Adventures a za\u010dnite si prezera\u0165 mangrovn\u00edky pln\u00e9 vt\u00e1kov, zvlnen\u00e9 kopce bujnej veget\u00e1cie a jaskyne <em><strong>N\u00e1rodn\u00fd park Los Haitises<\/strong><\/em>.<\/p>\n<p>Cez mangrovy a krajinu pri otvorenom z\u00e1live San Lorenzo, odkia\u013e m\u00f4\u017eete fotografova\u0165 drsn\u00fa lesn\u00fa krajinu. Pozrite sa na vodu, aby ste na\u0161li <em><strong>Lamant\u00edny<\/strong><\/em>, k\u00f4rovce a <em><strong>delf\u00edny.<\/strong><\/em><\/p>\n<div class=\"body-description secondary\">\n<p>N\u00e1zov n\u00e1rodn\u00e9ho parku poch\u00e1dza od jeho p\u00f4vodn\u00fdch obyvate\u013eov, Indi\u00e1nov Taino. V ich jazyku \u201eHaitises\u201c znamen\u00e1 vyso\u010diny alebo kopce, \u010do je odkaz na strm\u00e9 geologick\u00e9 \u00fatvary pobre\u017eia s v\u00e1pencami. Vydajte sa hlb\u0161ie do parku a presk\u00famajte jaskyne, ako je napr <em><strong>Cueva de la Arena<\/strong><\/em> a <strong><em>Cueva de la L\u00ednea.<\/em><\/strong> Caves in the reserve were used as shelter by the Taino Indians and, later, by hiding pirates. Look for drawings by Indians that decorate some of the walls. After visiting Los Haitises National Park we will go back to Saman\u00e1 port passing Saman\u00e1 bay 30 min.<\/p>\n<\/div>\n<p>V pr\u00edpade, \u017ee sa v\u00e1m tento v\u00fdlet bude p\u00e1\u010di\u0165 dlh\u0161ie, m\u00e1me tieto mo\u017enosti:<\/p>\n<ol>\n<li><a href=\"https:\/\/www.boattoursamana.com\/sk\/turne\/los-haitises-national-park-tour-from-samana-port\/\">Los Haitises + Cayo Levantado z pr\u00edstavu Samana.<\/a><\/li>\n<li><a href=\"https:\/\/www.boattoursamana.com\/sk\/turne\/narodny-park-los-haitises-obed-v-cano-hondo-z-pristavu-samana\/\">Los Haitises + Cano Hondo z pr\u00edstavu Samana.<\/a><\/li>\n<\/ol>\n<p>&nbsp;<\/p>\n<h4><em><strong>\u010co by ste si mali prinies\u0165?<\/strong><\/em><\/h4>\n<ul>\n<li style=\"font-weight: 400;\"><span style=\"font-weight: 400;\">fotoapar\u00e1t<\/span><\/li>\n<li style=\"font-weight: 400;\"><span style=\"font-weight: 400;\">Repelentn\u00e9 p\u00fa\u010diky<\/span><\/li>\n<li style=\"font-weight: 400;\"><span style=\"font-weight: 400;\">opa\u013eovac\u00ed kr\u00e9m<\/span><\/li>\n<li style=\"font-weight: 400;\"><span style=\"font-weight: 400;\">Klob\u00fak<\/span><\/li>\n<li style=\"font-weight: 400;\"><span style=\"font-weight: 400;\">Pohodln\u00e9 nohavice<\/span><\/li>\n<li style=\"font-weight: 400;\"><span style=\"font-weight: 400;\">Turistick\u00e1 obuv do lesa<\/span><\/li>\n<li style=\"font-weight: 400;\"><span style=\"font-weight: 400;\">Sand\u00e1le do jarn\u00fdch oblast\u00ed.<\/span><\/li>\n<li style=\"font-weight: 400;\"><span style=\"font-weight: 400;\">Oble\u010denie na pl\u00e1vanie<\/span><\/li>\n<\/ul>\n<p>&nbsp;<\/p>\n<h4><b><i>Vyzdvihnutie v hoteli <\/i><\/b><\/h4>\n<p><span style=\"font-weight: 400;\">Vyzdvihnutie v hoteli sa pre tento z\u00e1jazd nepon\u00faka. <\/span><\/p>\n<p>&nbsp;<\/p>\n<p><b>Pozn\u00e1mka:<\/b><span style=\"font-weight: 400;\"> ak si rezervujete do 24 hod\u00edn od \u010dasu odchodu z\u00e1jazdu\/exkurzie, m\u00f4\u017eeme zariadi\u0165 vyzdvihnutie v hoteli s dodato\u010dn\u00fdmi poplatkami. Po dokon\u010den\u00ed n\u00e1kupu v\u00e1m po\u0161leme kompletn\u00e9 kontaktn\u00e9 inform\u00e1cie (telef\u00f3nne \u010d\u00edslo, e-mailov\u00fa adresu at\u010f.) pre n\u00e1\u0161ho miestneho sprievodcu, aby sme mohli zorganizova\u0165 opatrenia na vyzdvihnutie.<\/span><\/p>\n<h4><b><i>Potvrdenie dodato\u010dn\u00fdch inform\u00e1ci\u00ed <\/i><\/b><\/h4>\n<ol>\n<li>Vstupenky s\u00fa potvrden\u00edm po zaplaten\u00ed tohto z\u00e1jazdu. Platbu m\u00f4\u017eete zobrazi\u0165 na telef\u00f3ne.<\/li>\n<li style=\"font-weight: 400;\"><span style=\"font-weight: 400;\">Miesto stretnutia bude prijat\u00e9 po procese rezerv\u00e1cie.<\/span><\/li>\n<li style=\"font-weight: 400;\"><span style=\"font-weight: 400;\">Deti musia by\u0165 v sprievode dospelej osoby.<\/span><\/li>\n<li style=\"font-weight: 400;\"><span style=\"font-weight: 400;\"> Bezbari\u00e9rov\u00fd pr\u00edstup <\/span><\/li>\n<li style=\"font-weight: 400;\"><span style=\"font-weight: 400;\">Doj\u010dat\u00e1 musia sedie\u0165 na kolen\u00e1ch <\/span><\/li>\n<li style=\"font-weight: 400;\"><span style=\"font-weight: 400;\">Neodpor\u00fa\u010da sa pre cestuj\u00facich s probl\u00e9mami s chrbtom<\/span><\/li>\n<li style=\"font-weight: 400;\"><span style=\"font-weight: 400;\">Neodpor\u00fa\u010da sa pre tehotn\u00e9 cestovate\u013eky <\/span><\/li>\n<li style=\"font-weight: 400;\"><span style=\"font-weight: 400;\"> \u017diadne srdcov\u00e9 probl\u00e9my ani in\u00e9 v\u00e1\u017ene zdravotn\u00e9 \u0165a\u017ekosti <\/span><\/li>\n<li style=\"font-weight: 400;\"><span style=\"font-weight: 400;\">V\u00e4\u010d\u0161ina cestovate\u013eov sa m\u00f4\u017ee z\u00fa\u010dastni\u0165<\/span><\/li>\n<\/ol>\n<h4><b><i>Podmienky zru\u0161enia<\/i><\/b><\/h4>\n<p>Ak chcete z\u00edska\u0165 pln\u00fa n\u00e1hradu, pre\u010d\u00edtajte si na\u0161e pravidl\u00e1 pre zru\u0161enie\u00a0<a href=\"https:\/\/www.boattoursamana.com\/sk\/online-rezervacia\/\" target=\"_blank\" rel=\"noopener\" data-saferedirecturl=\"https:\/\/www.google.com\/url?q=https:\/\/www.boattoursamana.com\/online-booking\/&amp;source=gmail&amp;ust=1672529771100000&amp;usg=AOvVaw2NIGJBZ0qjB5RhPUl5Obc7\">Kliknite tu<\/a>. Finan\u010dn\u00e9 prostriedky bud\u00fa straten\u00e9, ak bude rezerv\u00e1cia zru\u0161en\u00e1 v ten ist\u00fd de\u0148 z\u00e1jazdu.<\/p>\n\n\t\t<\/div>\n\t<\/div>\n<\/div><\/div><\/div><\/div><div class=\"vc_row wpb_row vc_row-fluid\" ><\/div><div class=\"wpb_column vc_column_container vc_col-sm-12\"><div class=\"vc_column-inner\"><div class=\"wpb_wrapper\"><\/div><\/div><\/div><div class=\"vc_empty_space\"   style=\"height: 32px\"><span class=\"vc_empty_space_inner\"><\/span><\/div><div class=\"vc_empty_space\"   style=\"height: 32px\"><span class=\"vc_empty_space_inner\"><\/span><\/div><div class=\"vc_row wpb_row vc_row-fluid\" ><div class=\"wpb_column vc_column_container vc_col-sm-12\"><div class=\"vc_column-inner\"><div class=\"wpb_wrapper\"><div class=\"vc_btn3-container vc_btn3-inline\" ><button class=\"vc_general vc_btn3 vc_btn3-size-md vc_btn3-shape-rounded vc_btn3-style-modern vc_btn3-color-green\">REZERVOVA\u0164<\/button><\/div><\/div><\/div><\/div><\/div>","protected":false},"excerpt":{"rendered":"<p><span style=\"vertical-align: inherit;\"><span style=\"vertical-align: inherit;\">Viaje ecol\u00f3gico al Parque Nacional Los Haitises con un gu\u00eda tur\u00edstico local. <\/span><span style=\"vertical-align: inherit;\">Nav\u0161t\u00edvte los Cayos v n\u00e1rodnom parku Los Haitises, Manglares, Vegetaci\u00f3n, Observaci\u00f3n de aves, Cuevas, Piktogramy a historick\u00e9 oblasti Sabana de la Mar a N\u00e1rodn\u00fd park Los Haitises.<\/span><\/span><\/p>\n<p>&nbsp;<\/p>\n<p><em><strong><span style=\"vertical-align: inherit;\"><span style=\"vertical-align: inherit;\">Vyberte si prehliadku\u00a0<\/span><\/span><\/strong><\/em><\/p>","protected":false},"featured_media":12744,"template":"","meta":[],"product_cat":[170,655,928,168,159,169],"product_tag":[171,209,186,199,200,187],"class_list":["post-8852","product","type-product","status-publish","has-post-thumbnail","hentry","product_cat-local-tour-guides","product_cat-1-samana","product_cat-boat-trip-los-haitises","product_cat-caves","product_cat-fees-entrace","product_cat-mangroves","product_tag-los-haitises","product_tag-los-haitises-national-park","product_tag-samana","product_tag-samana-bay","product_tag-samana-excursions","product_tag-samana-tours"],"_links":{"self":[{"href":"https:\/\/www.boattoursamana.com\/sk\/wp-json\/wp\/v2\/product\/8852","targetHints":{"allow":["GET"]}}],"collection":[{"href":"https:\/\/www.boattoursamana.com\/sk\/wp-json\/wp\/v2\/product"}],"about":[{"href":"https:\/\/www.boattoursamana.com\/sk\/wp-json\/wp\/v2\/types\/product"}],"wp:featuredmedia":[{"embeddable":true,"href":"https:\/\/www.boattoursamana.com\/sk\/wp-json\/wp\/v2\/media\/12744"}],"wp:attachment":[{"href":"https:\/\/www.boattoursamana.com\/sk\/wp-json\/wp\/v2\/media?parent=8852"}],"wp:term":[{"taxonomy":"product_cat","embeddable":true,"href":"https:\/\/www.boattoursamana.com\/sk\/wp-json\/wp\/v2\/product_cat?post=8852"},{"taxonomy":"product_tag","embeddable":true,"href":"https:\/\/www.boattoursamana.com\/sk\/wp-json\/wp\/v2\/product_tag?post=8852"}],"curies":[{"name":"wp","href":"https:\/\/api.w.org\/{rel}","templated":true}]}}