{"id":8855,"date":"2019-04-11T11:28:37","date_gmt":"2019-04-11T11:28:37","guid":{"rendered":"https:\/\/www.ticketswhales.com\/?post_type=product&#038;p=8855"},"modified":"2023-10-06T11:03:57","modified_gmt":"2023-10-06T11:03:57","slug":"kayaking-in-los-haitises-with-tour-guide-from-cano-hondo-4-hours","status":"publish","type":"product","link":"https:\/\/www.boattoursamana.com\/sk\/turne\/jazda-na-kajaku-v-los-haitises-so-sprievodcom-z-cano-hondo-4-hodiny","title":{"rendered":"4-hodinov\u00fd kajak Los Haitises"},"content":{"rendered":"<div class=\"vc_row wpb_row vc_row-fluid\" ><div class=\"wpb_column vc_column_container vc_col-sm-12\"><div class=\"vc_column-inner\"><div class=\"wpb_wrapper\"><div class=\"vc_empty_space\"   style=\"height: 32px\"><span class=\"vc_empty_space_inner\"><\/span><\/div><\/div><\/div><\/div><\/div><div class=\"vc_row wpb_row vc_row-fluid\" ><div class=\"wpb_column vc_column_container vc_col-sm-12\"><div class=\"vc_column-inner\"><div class=\"wpb_wrapper\"><div class=\"mkdf-section-title-holder\" style=\"text-align: left\">\n\t<div class=\"mkdf-st-inner\">\n\t\t\t\t\t<h5 class=\"mkdf-st-subtitle\" >\n\t\t\t\tMangrovy, jaskyne a \u010fal\u0161ie.\t\t\t<\/h5>\n\t\t\t\t\t\t\t<h3 class=\"mkdf-st-title\" >\n\t\t\t\tKajakovanie v Los Haitises so sprievodcom z Ca\u00f1o Hondo 4 hodiny\t\t\t<\/h3>\n\t\t\t\t\t<\/div>\n<\/div><\/div><\/div><\/div><\/div><div class=\"vc_row wpb_row vc_row-fluid\" ><div class=\"wpb_column vc_column_container vc_col-sm-12\"><div class=\"vc_column-inner\"><div class=\"wpb_wrapper\"><div class=\"vc_empty_space\"   style=\"height: 32px\"><span class=\"vc_empty_space_inner\"><\/span><\/div><\/div><\/div><\/div><\/div><div class=\"vc_row wpb_row vc_row-fluid\" ><div class=\"wpb_column vc_column_container vc_col-sm-12\"><div class=\"vc_column-inner\"><div class=\"wpb_wrapper\"><div class=\"vc_btn3-container vc_btn3-inline\" ><a class=\"vc_general vc_btn3 vc_btn3-size-md vc_btn3-shape-rounded vc_btn3-style-modern vc_btn3-color-green\" href=\"https:\/\/bookingadventures.tours\/booking.php?tour_id=a9cb493d865c3629426ab07d6bacff97\" title=\"\" rel=\"noopener\">REZERVOVA\u0164<\/a><\/div>\n\t<div class=\"wpb_text_column wpb_content_element\" >\n\t\t<div class=\"wpb_wrapper\">\n\t\t\t<h4><b><i>Preh\u013ead <\/i><\/b><\/h4>\n<p>Jazda na kajaku po mangrove v n\u00e1rodnom parku Los Haitises s miestnym sprievodcom 4 hodiny. N\u00e1v\u0161teva mangrovov, jask\u00fd\u0148, piktogramov v rieke Ca\u00f1o Hondo plus preh\u013ead z\u00e1livu San Lorenzo v n\u00e1rodnom parku Los Haitises, oblas\u0165 Sabana de la Mar Ca\u00f1o Hondo. V pr\u00edpade kr\u00e1tkej cesty: <a href=\"https:\/\/www.boattoursamana.com\/sk\/Tours-Excursions\/caves\/kayaking-in-los-haitises-with-tour-guide-from-cano-hondo-2\/\"><em><strong>Na kajaku Los Haitises 2 hodiny<\/strong><\/em><\/a><\/p>\n<ul>\n<li style=\"font-weight: 400;\"><span style=\"font-weight: 400;\">Sprievodca poskytuje pokyny a doh\u013ead<\/span><\/li>\n<li>K dispoz\u00edcii s\u00fa kajaky a p\u00e1dla Doble pre dve osoby a jednoduch\u00e9 len pre jednu osobu.<\/li>\n<\/ul>\n<p>&nbsp;<\/p>\n<h4><b>Inkl\u00fazie a vyl\u00fa\u010denia<\/b><\/h4>\n<p>&nbsp;<\/p>\n<p><b>Inkl\u00fazie<\/b><\/p>\n<p>&nbsp;<\/p>\n<ol>\n<li style=\"font-weight: 400;\">V\u00fdlet na kajaku<\/li>\n<li>Prehliadky jask\u00fd\u0148<\/li>\n<li style=\"font-weight: 400;\"><span style=\"font-weight: 400;\">V\u0161etky dane, poplatky a manipula\u010dn\u00e9 poplatky<\/span><\/li>\n<li style=\"font-weight: 400;\"><span style=\"font-weight: 400;\">Miestne dane<\/span><\/li>\n<li style=\"font-weight: 400;\"><span style=\"font-weight: 400;\">Miestny sprievodca<\/span><\/li>\n<\/ol>\n<p><b> Vyl\u00fa\u010denia<\/b><\/p>\n<ol>\n<li style=\"font-weight: 400;\"><span style=\"font-weight: 400;\">Spropitn\u00e9<\/span><\/li>\n<li style=\"font-weight: 400;\"><span style=\"font-weight: 400;\">Prestup<\/span><\/li>\n<li>V cene nie je zahrnut\u00fd obed<\/li>\n<li style=\"font-weight: 400;\"><span style=\"font-weight: 400;\">Alkoholick\u00e9 n\u00e1poje<\/span><\/li>\n<\/ol>\n<p>&nbsp;<\/p>\n<h4><em><strong>Odchod a n\u00e1vrat<\/strong><\/em><\/h4>\n<p><span style=\"font-weight: 400;\">Cestuj\u00faci z\u00edska miesto stretnutia po procese rezerv\u00e1cie. Prehliadky za\u010d\u00ednaj\u00fa a kon\u010dia v miestach na\u0161ich stretnut\u00ed.<\/span><\/p>\n<p>&nbsp;<\/p>\n<h4><b><i>\u010co o\u010dak\u00e1va\u0165?<\/i><\/b><\/h4>\n<p>&nbsp;<\/p>\n<p><em><strong>Z\u00edskajte l\u00edstky<\/strong><\/em> za n\u00e1v\u0161tevu 4-hodinovej plavby na kajaku rie\u010dny les Cano Hondo (mangrovn\u00edky), skalnat\u00e9 ostrovy, vt\u00e1ky a jaskyne s miestnym sprievodcom.<\/p>\n<p>Ke\u010f z\u00edskame v\u0161etky typy vybavenia potrebn\u00e9ho pre va\u0161u bezpe\u010dnos\u0165 (z\u00e1chrann\u00e9 vesty, at\u010f.), za\u010dnite s kajakom z pr\u00edstavu Ca\u00f1o Hondo River.<\/p>\n<p><span style=\"font-weight: 400;\">Prehliadka organizovan\u00e1 \u201eBooking Adventures\u201c za\u010d\u00edna na mieste stretnutia s turistick\u00fdm sprievodcom. <\/span>Na kajakoch a prech\u00e1dzan\u00ed cez mangrovov\u00e9 mo\u010diare, okolo starovek\u00fdch pir\u00e1tskych jask\u00fd\u0148 a do chr\u00e1nen\u00fdch lesov v tejto malebnej rezerv\u00e1cii za\u010d\u00ednaj\u00fac od oblasti Ca\u00f1o Hondo Hotels alebo od Sabana de la Mar,<\/p>\n<div class=\"body-description secondary\">\n<p>Pr\u00ed\u010fte s Booking Adventures a za\u010dnite si prezera\u0165 mangrovn\u00edky pln\u00e9 vt\u00e1kov, zvlnen\u00e9 kopce bujnej veget\u00e1cie a jaskyne <em><strong>N\u00e1rodn\u00fd park Los Haitises<\/strong><\/em>. V\u00fdlet na kajakoch od rieky Ca\u00f1o Hondo, Sabana de la Mar. Cez mangrovn\u00edky a krajinu pri otvorenom z\u00e1live San Lorenzo, odkia\u013e m\u00f4\u017eete fotografova\u0165 drsn\u00fa lesn\u00fa krajinu. Pozrite sa na vodu, aby ste na\u0161li <em><strong>Lamant\u00edny<\/strong><\/em>, k\u00f4rovce a <em><strong>delf\u00edny.<\/strong><\/em><\/p>\n<p>N\u00e1zov n\u00e1rodn\u00e9ho parku poch\u00e1dza od jeho p\u00f4vodn\u00fdch obyvate\u013eov, Indi\u00e1nov Taino. V ich jazyku \u201eHaitises\u201c znamen\u00e1 vyso\u010diny alebo kopce, \u010do je odkaz na strm\u00e9 geologick\u00e9 \u00fatvary pobre\u017eia s v\u00e1pencami. Vydajte sa hlb\u0161ie do parku a presk\u00famajte jaskyne, ako je napr <em><strong>Cueva de la Arena<\/strong><\/em> a <strong><em>Cueva de la L\u00ednea.<\/em><\/strong> Jaskyne v rezerv\u00e1cii sl\u00fa\u017eili ako \u00fakryt Indi\u00e1nom Taino a nesk\u00f4r aj \u00fakrytom pir\u00e1tov. H\u013eadajte kresby indi\u00e1nov, ktor\u00e9 zdobia niektor\u00e9 steny.<\/p>\n<p>V pr\u00edpade, \u017ee sa v\u00e1m tento kr\u00e1tky v\u00fdlet p\u00e1\u010di, m\u00e1me druh\u00fa mo\u017enos\u0165: <a href=\"https:\/\/www.boattoursamana.com\/sk\/Tours-Excursions\/caves\/kayaking-in-los-haitises-with-tour-guide-from-cano-hondo-2\/\">Jazda na kajaku v Los Haitises 2 hodiny\u00a0<\/a><\/p>\n<p>T\u00fara kon\u010d\u00ed na \u0161tartovom bode v n\u00e1rodnom parku Los Haitises. Tento v\u00fdlet odpor\u00fa\u010dame o 6:00 v pr\u00edpade, \u017ee by ste ho chceli vidie\u0165 <em><strong>Lamant\u00edny<\/strong><\/em>, k\u00f4rovce a <em><strong>delf\u00edny.<\/strong><\/em><\/p>\n<\/div>\n<p><em><strong>6:00 R\u00c1NO<\/strong><\/em> je skoro, tak\u017ee v n\u00e1rodnom parku Los Haitises e\u0161te nie s\u00fa lode.<\/p>\n<h4><em><strong>\u010co by ste si mali prinies\u0165?<\/strong><\/em><\/h4>\n<ul>\n<li style=\"font-weight: 400;\"><span style=\"font-weight: 400;\">fotoapar\u00e1t<\/span><\/li>\n<li style=\"font-weight: 400;\"><span style=\"font-weight: 400;\">Repelentn\u00e9 p\u00fa\u010diky<\/span><\/li>\n<li style=\"font-weight: 400;\"><span style=\"font-weight: 400;\">opa\u013eovac\u00ed kr\u00e9m<\/span><\/li>\n<li style=\"font-weight: 400;\"><span style=\"font-weight: 400;\">Klob\u00fak<\/span><\/li>\n<li style=\"font-weight: 400;\"><span style=\"font-weight: 400;\">Pohodln\u00e9 nohavice<\/span><\/li>\n<li style=\"font-weight: 400;\"><span style=\"font-weight: 400;\">Sand\u00e1le\u00a0<\/span><\/li>\n<li style=\"font-weight: 400;\"><span style=\"font-weight: 400;\">Oble\u010denie na pl\u00e1vanie<\/span><\/li>\n<\/ul>\n<p>&nbsp;<\/p>\n<h4><b><i>Vyzdvihnutie v hoteli <\/i><\/b><\/h4>\n<p><span style=\"font-weight: 400;\">Vyzdvihnutie v hoteli sa pre tento z\u00e1jazd nepon\u00faka. <\/span><\/p>\n<p>&nbsp;<\/p>\n<p><b>Pozn\u00e1mka:<\/b><span style=\"font-weight: 400;\"> ak si rezervujete do 24 hod\u00edn od \u010dasu odchodu z\u00e1jazdu\/exkurzie, m\u00f4\u017eeme zariadi\u0165 vyzdvihnutie v hoteli s dodato\u010dn\u00fdmi poplatkami. Po dokon\u010den\u00ed n\u00e1kupu v\u00e1m po\u0161leme kompletn\u00e9 kontaktn\u00e9 inform\u00e1cie (telef\u00f3nne \u010d\u00edslo, e-mailov\u00fa adresu at\u010f.) pre n\u00e1\u0161ho miestneho sprievodcu, aby sme mohli zorganizova\u0165 opatrenia na vyzdvihnutie.<\/span><\/p>\n<h4><b><i>Potvrdenie dodato\u010dn\u00fdch inform\u00e1ci\u00ed <\/i><\/b><\/h4>\n<ol>\n<li>Vstupenky s\u00fa potvrden\u00edm po zaplaten\u00ed tohto z\u00e1jazdu. Platbu m\u00f4\u017eete zobrazi\u0165 na telef\u00f3ne.<\/li>\n<li style=\"font-weight: 400;\"><span style=\"font-weight: 400;\">Miesto stretnutia bude prijat\u00e9 po procese rezerv\u00e1cie.<\/span><\/li>\n<li style=\"font-weight: 400;\"><span style=\"font-weight: 400;\">Deti musia by\u0165 v sprievode dospelej osoby.<\/span><\/li>\n<li style=\"font-weight: 400;\"><span style=\"font-weight: 400;\"> Bezbari\u00e9rov\u00fd pr\u00edstup <\/span><\/li>\n<li style=\"font-weight: 400;\"><span style=\"font-weight: 400;\">Doj\u010dat\u00e1 musia sedie\u0165 na kolen\u00e1ch <\/span><\/li>\n<li style=\"font-weight: 400;\"><span style=\"font-weight: 400;\">Neodpor\u00fa\u010da sa pre cestuj\u00facich s probl\u00e9mami s chrbtom<\/span><\/li>\n<li style=\"font-weight: 400;\"><span style=\"font-weight: 400;\">Neodpor\u00fa\u010da sa pre tehotn\u00e9 cestovate\u013eky <\/span><\/li>\n<li style=\"font-weight: 400;\"><span style=\"font-weight: 400;\"> \u017diadne srdcov\u00e9 probl\u00e9my ani in\u00e9 v\u00e1\u017ene zdravotn\u00e9 \u0165a\u017ekosti <\/span><\/li>\n<li style=\"font-weight: 400;\"><span style=\"font-weight: 400;\">V\u00e4\u010d\u0161ina cestovate\u013eov sa m\u00f4\u017ee z\u00fa\u010dastni\u0165<\/span><\/li>\n<\/ol>\n<h4><b><i>Podmienky zru\u0161enia<\/i><\/b><\/h4>\n<p>Ak chcete z\u00edska\u0165 pln\u00fa n\u00e1hradu, pre\u010d\u00edtajte si na\u0161e pravidl\u00e1 pre zru\u0161enie\u00a0<a href=\"https:\/\/www.boattoursamana.com\/sk\/online-rezervacia\/\" target=\"_blank\" rel=\"noopener\" data-saferedirecturl=\"https:\/\/www.google.com\/url?q=https:\/\/www.boattoursamana.com\/online-booking\/&amp;source=gmail&amp;ust=1672532492004000&amp;usg=AOvVaw3ylqI1cdbIPTimEqEWneyd\">Kliknite tu<\/a>. Finan\u010dn\u00e9 prostriedky bud\u00fa straten\u00e9, ak bude rezerv\u00e1cia zru\u0161en\u00e1 v ten ist\u00fd de\u0148 z\u00e1jazdu.<\/p>\n\n\t\t<\/div>\n\t<\/div>\n<\/div><\/div><\/div><\/div><div class=\"vc_row wpb_row vc_row-fluid\" ><div class=\"wpb_column vc_column_container vc_col-sm-12\"><div class=\"vc_column-inner\"><div class=\"wpb_wrapper\">\n\t<div class=\"wpb_video_widget wpb_content_element vc_clearfix   vc_video-aspect-ratio-169 vc_video-el-width-100 vc_video-align-left\" >\n\t\t<div class=\"wpb_wrapper\">\n\t\t\t<h2 class=\"wpb_heading wpb_video_heading\">Prehliadka kajakov Los Haitises<\/h2>\n\t\t\t<div class=\"wpb_video_wrapper\"><iframe loading=\"lazy\" title=\"Kajakovanie a jaskyniarska prehliadka v n\u00e1rodnom parku Los Haitises, Dominik\u00e1nska republika\" width=\"1100\" height=\"619\" src=\"https:\/\/www.youtube.com\/embed\/ucU1uwB57wQ?feature=oembed\" frameborder=\"0\" allow=\"accelerometer; autoplay; clipboard-write; encrypted-media; gyroscope; picture-in-picture; web-share\" allowfullscreen><\/iframe><\/div>\n\t\t<\/div>\n\t<\/div>\n<div class=\"vc_btn3-container vc_btn3-inline\" ><a class=\"vc_general vc_btn3 vc_btn3-size-md vc_btn3-shape-rounded vc_btn3-style-modern vc_btn3-color-green\" href=\"https:\/\/bookingadventures.tours\/booking.php?tour_id=a9cb493d865c3629426ab07d6bacff97\" title=\"\" rel=\"noopener\">REZERVOVA\u0164<\/a><\/div><div class=\"vc_empty_space\"   style=\"height: 32px\"><span class=\"vc_empty_space_inner\"><\/span><\/div>\n\t<div class=\"wpb_text_column wpb_content_element\" >\n\t\t<div class=\"wpb_wrapper\">\n\t\t\t<h4>Kontaktuj n\u00e1s?<\/h4>\n<h5>Rezerva\u010dn\u00e9 dobrodru\u017estv\u00e1<\/h5>\n<p><em><strong>Miestni obyvatelia<\/strong>\u00a0a\u00a0<strong>\u0160t\u00e1tni pr\u00edslu\u0161n\u00edci<\/strong>\u00a0Sprievodcovia a slu\u017eby pre host\u00ed<\/em><\/p>\n<p><span class=\"text-turquoise\">Rezerv\u00e1cie:<\/span>\u00a0Prehliadky a exkurzie v Dom. Rep.<\/p>\n<p><img decoding=\"async\" class=\"emoji\" draggable=\"false\" src=\"https:\/\/s.w.org\/images\/core\/emoji\/11.2.0\/svg\/1f4de.svg\" alt=\"\ud83d\udcde\" title=\"\">\u00a0Tel \/ Whatsapp\u00a0\u00a0<a href=\"tel:+1-809-720-6035\">+1-809-720-6035<\/a>.<\/p>\n<p><img decoding=\"async\" class=\"emoji\" draggable=\"false\" src=\"https:\/\/s.w.org\/images\/core\/emoji\/11.2.0\/svg\/1f4e9.svg\" alt=\"\ud83d\udce9\" title=\"\">\u00a0<a href=\"mailto:info@bookingadventures.com.do\">info@bookingadventures.com.do<\/a><\/p>\n<p><strong><span style=\"vertical-align: inherit;\"><span style=\"vertical-align: inherit;\">Somos tours s\u00fakromn\u00e9 flexibiln\u00e9 konfigur\u00e1cie cez Whatsapp:\u00a0<\/span><\/span><a href=\"tel:+18097206035\">+18097206035.<\/a><\/strong><\/p>\n\n\t\t<\/div>\n\t<\/div>\n<div class=\"vc_empty_space\"   style=\"height: 32px\"><span class=\"vc_empty_space_inner\"><\/span><\/div><\/div><\/div><\/div><\/div><div class=\"vc_row wpb_row vc_row-fluid\" ><div class=\"wpb_column vc_column_container vc_col-sm-12\"><div class=\"vc_column-inner\"><div class=\"wpb_wrapper\"><\/div><\/div><\/div><\/div>","protected":false},"excerpt":{"rendered":"<p><span style=\"vertical-align: inherit;\"><span style=\"vertical-align: inherit;\">Excursi\u00f3n al Parque Nacional Los Haitises partiendo de Sabana de la Mar v oblasti Cano Hondo, Visita de manglares, Cuevas, Pictogramas y Formaciones Rocosas.<\/span><\/span><\/p>\n<p><span style=\"vertical-align: inherit;\"><span style=\"vertical-align: inherit;\">Este recorrido se puede configurar con el <\/span><\/span><a href=\"https:\/\/www.boattoursamana.com\/sk\/tours-excursions\/turistika\/tura-na-kajaku-los-haitises-narodny-park\/\"><span style=\"vertical-align: inherit;\"><span style=\"vertical-align: inherit;\">klip<\/span><\/span><\/a><span style=\"vertical-align: inherit;\"><span style=\"vertical-align: inherit;\"> Senderismo <\/span><a href=\"https:\/\/www.boattoursamana.com\/sk\/tours-excursions\/turistika\/tura-na-kajaku-los-haitises-narodny-park\/\"><span style=\"vertical-align: inherit;\">aqu\u00ed. <\/span><\/a><span style=\"vertical-align: inherit;\">Conozca la historia real de la historia del Parque Nacional Los Haitises con los lugare\u00f1os.<\/span><\/span><\/p>\n<p>&nbsp;<\/p>\n<p><strong><span style=\"vertical-align: inherit;\"><span style=\"vertical-align: inherit;\">Seleccione la fecha para el Tour:<\/span><\/span><\/strong><\/p>","protected":false},"featured_media":12719,"template":"","meta":[],"product_cat":[218,946,934,254,255],"product_tag":[176,211,192,319,208,206,207,171,209,426,327,175,199,200],"class_list":["post-8855","product","type-product","status-publish","has-post-thumbnail","hentry","product_cat-kayaking","product_cat-1-sabana-de-la-mar","product_cat-kayaking-los-haitises","product_cat-tours-excursions-los-haitises-national-park","product_cat-tours-excursions-samana-bay-dominican-republic","product_tag-cano-hondo","product_tag-cano-hondo-hotel","product_tag-day-tour-cano-hondo","product_tag-kayak-dominican-republic","product_tag-kayaking-dominican-republic","product_tag-kayaking-los-haitises","product_tag-kayaks","product_tag-los-haitises","product_tag-los-haitises-national-park","product_tag-los-haitises-tours","product_tag-private-tours-samana","product_tag-sabana-de-la-mar","product_tag-samana-bay","product_tag-samana-excursions"],"_links":{"self":[{"href":"https:\/\/www.boattoursamana.com\/sk\/wp-json\/wp\/v2\/product\/8855","targetHints":{"allow":["GET"]}}],"collection":[{"href":"https:\/\/www.boattoursamana.com\/sk\/wp-json\/wp\/v2\/product"}],"about":[{"href":"https:\/\/www.boattoursamana.com\/sk\/wp-json\/wp\/v2\/types\/product"}],"wp:featuredmedia":[{"embeddable":true,"href":"https:\/\/www.boattoursamana.com\/sk\/wp-json\/wp\/v2\/media\/12719"}],"wp:attachment":[{"href":"https:\/\/www.boattoursamana.com\/sk\/wp-json\/wp\/v2\/media?parent=8855"}],"wp:term":[{"taxonomy":"product_cat","embeddable":true,"href":"https:\/\/www.boattoursamana.com\/sk\/wp-json\/wp\/v2\/product_cat?post=8855"},{"taxonomy":"product_tag","embeddable":true,"href":"https:\/\/www.boattoursamana.com\/sk\/wp-json\/wp\/v2\/product_tag?post=8855"}],"curies":[{"name":"wp","href":"https:\/\/api.w.org\/{rel}","templated":true}]}}