{"id":9059,"date":"2019-07-08T07:48:39","date_gmt":"2019-07-08T07:48:39","guid":{"rendered":"https:\/\/www.ticketswhales.com\/?post_type=product&#038;p=9059"},"modified":"2023-10-06T12:11:09","modified_gmt":"2023-10-06T12:11:09","slug":"los-haitises-national-park-tour-from-punta-cana-montana-redonda-cano-hondo","status":"publish","type":"product","link":"https:\/\/www.boattoursamana.com\/sk\/turne\/prehliadka-narodneho-parku-los-haitises-z-punta-cana-montana-redonda-cano-hondo","title":{"rendered":"Prehliadka n\u00e1rodn\u00e9ho parku Los Haitises z Punta Cana, Montana Redonda a Ca\u00f1o Hondo"},"content":{"rendered":"<div class=\"vc_row wpb_row vc_row-fluid\" ><div class=\"wpb_column vc_column_container vc_col-sm-12\"><div class=\"vc_column-inner\"><div class=\"wpb_wrapper\"><div class=\"vc_btn3-container vc_btn3-inline\" ><a class=\"vc_general vc_btn3 vc_btn3-size-md vc_btn3-shape-rounded vc_btn3-style-modern vc_btn3-color-green\" href=\"https:\/\/bookingadventures.tours\/booking.php?tour_id=b932097145c8226c01088bd4aaecde46\" title=\"\" rel=\"noopener\">REZERVOVA\u0164<\/a><\/div><div class=\"mkdf-section-title-holder\" style=\"text-align: left\">\n\t<div class=\"mkdf-st-inner\">\n\t\t\t\t\t<h5 class=\"mkdf-st-subtitle\" >\n\t\t\t\tDoprava a obed v cene\t\t\t<\/h5>\n\t\t\t\t\t\t\t<h3 class=\"mkdf-st-title\" >\n\t\t\t\tPrehliadka n\u00e1rodn\u00e9ho parku Los Haitises z Punta Cana, Montana Redonda a jednod\u0148ov\u00fd v\u00fdlet Cano Hondo.\t\t\t<\/h3>\n\t\t\t\t\t<\/div>\n<\/div><\/div><\/div><\/div><\/div><div class=\"vc_row wpb_row vc_row-fluid\" ><div class=\"wpb_column vc_column_container vc_col-sm-12\"><div class=\"vc_column-inner\"><div class=\"wpb_wrapper\">\n\t<div class=\"wpb_text_column wpb_content_element\" >\n\t\t<div class=\"wpb_wrapper\">\n\t\t\t<h3><\/h3>\n<h4><b><i>Preh\u013ead <\/i><\/b><\/h4>\n<p>Prehliadka n\u00e1rodn\u00e9ho parku Los Haitises z celodenn\u00e9ho v\u00fdletu Punta Cana. Po\u010dn\u00fac od v\u00e1\u0161ho hotela v Punta Cana alebo Bavaro. S na\u0161\u00edm sprievodcom sa odvezieme do Montana Redonda. Kde m\u00e1te \u010das urobi\u0165 \u00fa\u017easn\u00e9 fotografie z jedn\u00e9ho z najp\u00f4sobivej\u0161\u00edch v\u00fdh\u013eadov v Dominik\u00e1nskej republike. Po tejto prvej zast\u00e1vke pokra\u010dujeme v n\u00e1v\u0161teve n\u00e1rodn\u00e9ho parku Los Haitises, ob\u010derstvenia a typick\u00fdch n\u00e1pojov, zatia\u013e \u010do obch\u00e1dzame mangrovy, jaskyne a zn\u00e1me skalnat\u00e9 ostrovy ako v Jurskom parku. Po n\u00e1v\u0161teve n\u00e1rodn\u00e9ho parku Los Haitises n\u00e1s \u010dak\u00e1 obed vo vodop\u00e1doch Yanigua. Po miestnom a gastronomickom miestnom obede si ur\u010dite stihnete zapl\u00e1va\u0165 v unik\u00e1tnych pr\u00edrodn\u00fdch baz\u00e9noch, voda poch\u00e1dza z n\u00e1rodn\u00e9ho parku Los Haitises.<\/p>\n<p>Po tejto sk\u00fasenosti sa dostanete sp\u00e4\u0165 do komunity Punta Cana, odkia\u013e v\u00e1s vyzdvihneme.<\/p>\n<ul>\n<li style=\"font-weight: 400;\">Vr\u00e1tane poplatkov<\/li>\n<li>obed<\/li>\n<li>Ob\u010derstvenie<\/li>\n<li style=\"font-weight: 400;\">Miestny turistick\u00fd sprievodca v angli\u010dtine alebo franc\u00faz\u0161tine<\/li>\n<li>Doprava<\/li>\n<li>V\u00fdlet na lodi<\/li>\n<li>Montana Redonda<\/li>\n<li>Ca\u00f1o Hondo<\/li>\n<\/ul>\n<p>&nbsp;<\/p>\n<h4><b>Inkl\u00fazie a vyl\u00fa\u010denia<\/b><\/h4>\n<p>&nbsp;<\/p>\n<p><b>Inkl\u00fazie<\/b><\/p>\n<ol>\n<li style=\"font-weight: 400;\">Prehliadka Los Haitises + jaskyne a piktogramy<\/li>\n<li>Montana Redonda<\/li>\n<li>Ca\u00f1o Hondo<\/li>\n<li>obed<\/li>\n<li>Hotely Pick Up v oblastiach Punta Cana.<\/li>\n<li style=\"font-weight: 400;\"><span style=\"font-weight: 400;\">V\u0161etky dane, poplatky a manipula\u010dn\u00e9 poplatky<\/span><\/li>\n<li style=\"font-weight: 400;\"><span style=\"font-weight: 400;\">Miestne dane<\/span><\/li>\n<li style=\"font-weight: 400;\"><span style=\"font-weight: 400;\">N\u00e1poje<\/span><\/li>\n<li>Ob\u010derstvenie<\/li>\n<li style=\"font-weight: 400;\"><span style=\"font-weight: 400;\">V\u0161etky aktivity<\/span><\/li>\n<li style=\"font-weight: 400;\"><span style=\"font-weight: 400;\">Miestny sprievodca<\/span><\/li>\n<\/ol>\n<p><b> Vyl\u00fa\u010denia<\/b><\/p>\n<ol>\n<li style=\"font-weight: 400;\"><span style=\"font-weight: 400;\">Spropitn\u00e9<\/span><\/li>\n<li style=\"font-weight: 400;\"><span style=\"font-weight: 400;\">Alkoholick\u00e9 n\u00e1poje<\/span><\/li>\n<\/ol>\n<p>&nbsp;<\/p>\n<h4><em><strong>Odchod a n\u00e1vrat<\/strong><\/em><\/h4>\n<p><span style=\"font-weight: 400;\">Cestuj\u00faci z\u00edska miesto stretnutia po procese rezerv\u00e1cie. Prehliadky za\u010d\u00ednaj\u00fa a kon\u010dia v miestach na\u0161ich stretnut\u00ed.<\/span><\/p>\n<h4><\/h4>\n<h3>Prehliadka n\u00e1rodn\u00e9ho parku Los Haitises z Punta Cana, Montana Redonda a Cano Hondo.<\/h3>\n<h4><b><i>\u010co o\u010dak\u00e1va\u0165?<\/i><\/b><\/h4>\n<p><em><strong>Z\u00edskajte l\u00edstky<\/strong><\/em> za n\u00e1v\u0161tevu n\u00e1rodn\u00e9ho parku Los Haitises Tour z Punta Cana. Celodenn\u00fd v\u00fdlet. Po\u010dn\u00fac Punta Cana, Dominik\u00e1nska republika. Vyu\u017eite dopravu s na\u0161\u00edm miestnym sprievodcom a nav\u0161t\u00edvte vyhliadky Montana Redonda, n\u00e1rodn\u00fd park Los Haitises v Sabana de la Mar a \u010das obeda v Ca\u00f1o Hondo.<\/p>\n<p>Prehliadka organizovan\u00e1 \u201eBooking Adventures\u201c za\u010d\u00edna na mieste stretnutia s turistick\u00fdm sprievodcom. Pr\u00ed\u010fte s Booking Adventures a za\u010dnite si prezera\u0165 mangrovn\u00edky pln\u00e9 vt\u00e1kov, zvlnen\u00e9 kopce bujnej veget\u00e1cie a jaskyne <em><strong>N\u00e1rodn\u00fd park Los Haitises<\/strong><\/em>. N\u00e1v\u0161teva ostrova s vt\u00e1kmi okolo. V hniezdnom obdob\u00ed m\u00f4\u017eeme dokonca vidie\u0165 na hniezdach ml\u00e1\u010fat\u00e1 Pelecanos. Dosta\u0165 sa viac na Skalnat\u00e9 ostrovy a nav\u0161t\u00edvi\u0165 jaskyne s piktogramami a petrografmi od domorod\u00fdch obyvate\u013eov.<\/p>\n<p>Cez mangrovy a krajinu v otvorenom z\u00e1live San Lorenzo, Sabana de la Mar, odkia\u013e m\u00f4\u017eete fotografova\u0165 drsn\u00fa lesn\u00fa krajinu. Pozrite sa na vodu, aby ste na\u0161li <em><strong>Lamant\u00edny<\/strong><\/em>, k\u00f4rovce a <em><strong>delf\u00edny.<\/strong><\/em><\/p>\n<div class=\"body-description secondary\">\n<p>N\u00e1zov n\u00e1rodn\u00e9ho parku poch\u00e1dza od jeho p\u00f4vodn\u00fdch obyvate\u013eov, Indi\u00e1nov Taino. V ich jazyku \u201eHaitises\u201c znamen\u00e1 vyso\u010diny alebo kopce, \u010do je odkaz na strm\u00e9 geologick\u00e9 \u00fatvary pobre\u017eia s v\u00e1pencami. Vydajte sa hlb\u0161ie do parku a presk\u00famajte jaskyne, ako je napr <em><strong>Cueva de la Arena, <\/strong><\/em>a <strong><em>Cueva de la L\u00ednea.<\/em><\/strong><\/p>\n<p>Tieto jaskyne v rezerv\u00e1cii pou\u017e\u00edvali ako \u00fakryt indi\u00e1ni Taino a nesk\u00f4r aj pir\u00e1ti. H\u013eadajte kresby indi\u00e1nov, ktor\u00e9 zdobia niektor\u00e9 steny.<\/p>\n<p>pre n\u00e1v\u0161tevu Montana Redonda (Round Mountain) v Miches, je nezabudnute\u013en\u00fdm miestom, obklopen\u00fd pr\u00edrodou vidieka, vychutna\u0165 si panoramatick\u00fd v\u00fdh\u013ead, kde sa odraz lag\u00fan sp\u00e1ja s v\u00fdchodom slnka na pl\u00e1\u017ei a z\u00e1padom slnka so zele\u0148ou. hory, \u010dist\u00fd vzduch a spievaj\u00face vt\u00e1ky, pokoj a mier, ktor\u00fd nap\u013a\u0148a t\u00fa\u017ebu zosta\u0165.<\/p>\n<\/div>\n<p>Plus Ca\u00f1o Hondo \u00da\u017easn\u00fd komplex na vrchole hory s \u00fachvatn\u00fdm v\u00fdh\u013eadom na z\u00e1toku pln\u00fa pr\u00edrody a z\u00e1liv Samana na dne. Je to, ako keby ste \u017eili v raji da\u017e\u010fov\u00e9ho pralesa s kr\u00e1snym \u0161t\u00fdlom a tak relaxa\u010dn\u00fdm a tich\u00fdm. S pr\u00edstupom do baz\u00e9nov z pr\u00edrodnej rieky z n\u00e1rodn\u00e9ho parku Los Haitises.<\/p>\n<div class=\"body-description secondary\">\n<p>Toto miesto je miesto, kde budeme ma\u0165 typick\u00fd obed. Ak ste veg\u00e1n, bez ob\u00e1v m\u00e1me jedlo aj pre v\u00e1s!<\/p>\n<p>Po obede sa vraciame do Punta Cana!!<\/p>\n<\/div>\n<p>V pr\u00edpade, \u017ee sa v\u00e1m tento v\u00fdlet bude p\u00e1\u010di\u0165 dlh\u0161\u00ed alebo krat\u0161\u00ed, kontaktujte n\u00e1s.<\/p>\n<p>&nbsp;<\/p>\n<h4><em><strong>\u010co by ste si mali prinies\u0165?<\/strong><\/em><\/h4>\n<ul>\n<li style=\"font-weight: 400;\"><span style=\"font-weight: 400;\">fotoapar\u00e1t<\/span><\/li>\n<li style=\"font-weight: 400;\"><span style=\"font-weight: 400;\">Repelentn\u00e9 p\u00fa\u010diky<\/span><\/li>\n<li style=\"font-weight: 400;\"><span style=\"font-weight: 400;\">Opa\u013eovac\u00ed kr\u00e9m<\/span><\/li>\n<li style=\"font-weight: 400;\"><span style=\"font-weight: 400;\">Klob\u00fak<\/span><\/li>\n<li style=\"font-weight: 400;\"><span style=\"font-weight: 400;\">Pohodln\u00e9 nohavice<\/span><\/li>\n<li style=\"font-weight: 400;\"><span style=\"font-weight: 400;\">Turistick\u00e1 obuv do lesa<\/span><\/li>\n<li style=\"font-weight: 400;\"><span style=\"font-weight: 400;\">Sand\u00e1le do jarn\u00fdch oblast\u00ed.<\/span><\/li>\n<li style=\"font-weight: 400;\"><span style=\"font-weight: 400;\">Oble\u010denie na pl\u00e1vanie<\/span><\/li>\n<\/ul>\n<p>&nbsp;<\/p>\n<h4><b><i>Vyzdvihnutie v hoteli <\/i><\/b><\/h4>\n<p><span style=\"font-weight: 400;\">Pre tento z\u00e1jazd je k dispoz\u00edcii vyzdvihnutie v hoteli. Tu vyberte n\u00e1zov hotela a \u010das. V pr\u00edpade, \u017ee v\u00e1\u0161 hotel nie je na zozname, kontaktujte n\u00e1s.<\/span><\/p>\n<p>&nbsp;<\/p>\n<p><b>Pozn\u00e1mka:<\/b><span style=\"font-weight: 400;\"> Ak si rezervujete do 24 hod\u00edn od \u010dasu odchodu z\u00e1jazdu\/exkurzie, m\u00f4\u017eeme zabezpe\u010di\u0165 vyzdvihnutie v hoteli. Po dokon\u010den\u00ed n\u00e1kupu v\u00e1m po\u0161leme kompletn\u00e9 kontaktn\u00e9 inform\u00e1cie (telef\u00f3nne \u010d\u00edslo, e-mailov\u00fa adresu at\u010f.) pre n\u00e1\u0161ho miestneho sprievodcu, aby sme mohli zorganizova\u0165 opatrenia na vyzdvihnutie.<\/span><\/p>\n<h4><b><i>Potvrdenie dodato\u010dn\u00fdch inform\u00e1ci\u00ed <\/i><\/b><\/h4>\n<ol>\n<li>Vstupenky s\u00fa potvrden\u00edm po zaplaten\u00ed tohto z\u00e1jazdu. Platbu m\u00f4\u017eete zobrazi\u0165 na telef\u00f3ne.<\/li>\n<li style=\"font-weight: 400;\"><span style=\"font-weight: 400;\">Miesto stretnutia bude prijat\u00e9 po procese rezerv\u00e1cie.<\/span><\/li>\n<li style=\"font-weight: 400;\"><span style=\"font-weight: 400;\">Deti musia by\u0165 v sprievode dospelej osoby.<\/span><\/li>\n<li style=\"font-weight: 400;\"><span style=\"font-weight: 400;\"> Bezbari\u00e9rov\u00fd pr\u00edstup <\/span><\/li>\n<li style=\"font-weight: 400;\"><span style=\"font-weight: 400;\">Doj\u010dat\u00e1 musia sedie\u0165 na kolen\u00e1ch <\/span><\/li>\n<li style=\"font-weight: 400;\"><span style=\"font-weight: 400;\">Neodpor\u00fa\u010da sa pre cestuj\u00facich s probl\u00e9mami s chrbtom<\/span><\/li>\n<li style=\"font-weight: 400;\"><span style=\"font-weight: 400;\">Neodpor\u00fa\u010da sa pre tehotn\u00e9 cestovate\u013eky <\/span><\/li>\n<li style=\"font-weight: 400;\"><span style=\"font-weight: 400;\"> \u017diadne srdcov\u00e9 probl\u00e9my ani in\u00e9 v\u00e1\u017ene zdravotn\u00e9 \u0165a\u017ekosti <\/span><\/li>\n<li style=\"font-weight: 400;\"><span style=\"font-weight: 400;\">V\u00e4\u010d\u0161ina cestovate\u013eov sa m\u00f4\u017ee z\u00fa\u010dastni\u0165<\/span><\/li>\n<\/ol>\n<h4><b><i>Podmienky zru\u0161enia<\/i><\/b><\/h4>\n<p>Ak chcete z\u00edska\u0165 pln\u00fa n\u00e1hradu, pre\u010d\u00edtajte si na\u0161e pravidl\u00e1 pre zru\u0161enie\u00a0<a href=\"https:\/\/www.boattoursamana.com\/sk\/online-rezervacia\/\" target=\"_blank\" rel=\"noopener\" data-saferedirecturl=\"https:\/\/www.google.com\/url?q=https:\/\/www.boattoursamana.com\/online-booking\/&amp;source=gmail&amp;ust=1672529771100000&amp;usg=AOvVaw2NIGJBZ0qjB5RhPUl5Obc7\">Kliknite tu<\/a>. Finan\u010dn\u00e9 prostriedky bud\u00fa straten\u00e9, ak bude rezerv\u00e1cia zru\u0161en\u00e1 v ten ist\u00fd de\u0148 z\u00e1jazdu.<\/p>\n\n\t\t<\/div>\n\t<\/div>\n<\/div><\/div><\/div><\/div><div class=\"vc_row wpb_row vc_row-fluid\" ><div class=\"wpb_column vc_column_container vc_col-sm-12\"><div class=\"vc_column-inner\"><div class=\"wpb_wrapper\"><div class=\"vc_btn3-container vc_btn3-inline\" ><a class=\"vc_general vc_btn3 vc_btn3-size-md vc_btn3-shape-rounded vc_btn3-style-modern vc_btn3-color-green\" href=\"https:\/\/bookingadventures.tours\/booking.php?tour_id=b932097145c8226c01088bd4aaecde46\" title=\"\" rel=\"noopener\">REZERVOVA\u0164<\/a><\/div><div class=\"vc_empty_space\"   style=\"height: 32px\"><span class=\"vc_empty_space_inner\"><\/span><\/div>\n\t<div class=\"wpb_video_widget wpb_content_element vc_clearfix   vc_video-aspect-ratio-169 vc_video-el-width-100 vc_video-align-left\" >\n\t\t<div class=\"wpb_wrapper\">\n\t\t\t<h2 class=\"wpb_heading wpb_video_heading\">Video z n\u00e1rodn\u00e9ho parku Los Haitises:<\/h2>\n\t\t\t<div class=\"wpb_video_wrapper\"><iframe loading=\"lazy\" title=\"N\u00e1rodn\u00fd park Los Haitises, v\u00fdlety a exkurzie zo Samany alebo Sabana de la Mar. Rezervujte tu:\" src=\"https:\/\/player.vimeo.com\/video\/346508015?dnt=1&amp;app_id=122963\" width=\"1100\" height=\"619\" frameborder=\"0\" allow=\"autoplay; fullscreen\" allowfullscreen><\/iframe><\/div>\n\t\t<\/div>\n\t<\/div>\n<div class=\"vc_empty_space\"   style=\"height: 32px\"><span class=\"vc_empty_space_inner\"><\/span><\/div><\/div><\/div><\/div><\/div><div class=\"vc_row wpb_row vc_row-fluid\" ><div class=\"wpb_column vc_column_container vc_col-sm-12\"><div class=\"vc_column-inner\"><div class=\"wpb_wrapper\"><div class=\"vc_empty_space\"   style=\"height: 32px\"><span class=\"vc_empty_space_inner\"><\/span><\/div>\n\t<div class=\"wpb_text_column wpb_content_element\" >\n\t\t<div class=\"wpb_wrapper\">\n\t\t\t<h4>Kontaktuj n\u00e1s?<\/h4>\n<h5><em><strong>Rezerva\u010dn\u00e9 dobrodru\u017estv\u00e1<\/strong><\/em><\/h5>\n<p><em><strong>Miestni obyvatelia<\/strong>\u00a0a\u00a0<strong>\u0160t\u00e1tni pr\u00edslu\u0161n\u00edci<\/strong>\u00a0Sprievodcovia a slu\u017eby pre host\u00ed<\/em><\/p>\n<p><span class=\"text-turquoise\">Rezerv\u00e1cie:<\/span>\u00a0Prehliadky a exkurzie v Dom. Rep.<\/p>\n<p><img decoding=\"async\" class=\"emoji\" draggable=\"false\" src=\"https:\/\/s.w.org\/images\/core\/emoji\/11.2.0\/svg\/1f4de.svg\" alt=\"\ud83d\udcde\" title=\"\">\u00a0Tel \/ Whatsapp\u00a0\u00a0<a href=\"tel:+1-809-720-6035\">+1-809-720-6035<\/a>.<\/p>\n<p><img decoding=\"async\" class=\"emoji\" draggable=\"false\" src=\"https:\/\/s.w.org\/images\/core\/emoji\/11.2.0\/svg\/1f4e9.svg\" alt=\"\ud83d\udce9\" title=\"\">\u00a0<a href=\"mailto:info@bookingadventures.com.do\">info@bookingadventures.com.do<\/a><\/p>\n<p><strong>Flexibilne nastavujeme s\u00fakromn\u00e9 prehliadky od Whatsapp:\u00a0<a href=\"tel:+18097206035\">+18097206035.<\/a><\/strong><\/p>\n\n\t\t<\/div>\n\t<\/div>\n<div class=\"vc_empty_space\"   style=\"height: 32px\"><span class=\"vc_empty_space_inner\"><\/span><\/div><\/div><\/div><\/div><\/div><div class=\"vc_row wpb_row vc_row-fluid\" ><div class=\"wpb_column vc_column_container vc_col-sm-12\"><div class=\"vc_column-inner\"><div class=\"wpb_wrapper\"><\/div><\/div><\/div><\/div><div class=\"vc_row wpb_row vc_row-fluid\" ><div class=\"wpb_column vc_column_container vc_col-sm-12\"><div class=\"vc_column-inner\"><div class=\"wpb_wrapper\"><div class=\"vc_btn3-container vc_btn3-inline\" ><a class=\"vc_general vc_btn3 vc_btn3-size-md vc_btn3-shape-rounded vc_btn3-style-modern vc_btn3-color-green\" href=\"https:\/\/bookingadventures.tours\/booking.php?tour_id=b932097145c8226c01088bd4aaecde46\" title=\"\" rel=\"noopener\">REZERVOVA\u0164<\/a><\/div><\/div><\/div><\/div><\/div>","protected":false},"excerpt":{"rendered":"<p>V\u00fdlet z Punta Cana s n\u00e1v\u0161tevou n\u00e1rodn\u00e9ho parku Los Haitises, Montana Redonda a Cano Hondo. Zah\u0155\u0148a obed a dopravu na n\u00e1v\u0161tevu 3 hlavn\u00fdch jask\u00fd\u0148, prieskum 2 r\u00f4znych ekosyst\u00e9mov mangrovn\u00edkov, v\u00fdh\u013eady a baz\u00e9ny Simming.<\/p>\n<p>Celodenn\u00fd v\u00fdlet do n\u00e1rodn\u00e9ho parku Los Haitises s miestnym turistick\u00fdm sprievodcom. N\u00e1v\u0161teva Cays v n\u00e1rodnom parku Los Haitises, mangrovy, veget\u00e1cia, vt\u00e1ky, jaskyne, piktogramy a historick\u00e9 oblasti Sabana de la Mar v n\u00e1rodnom parku Los Haitises. \u00da\u017easn\u00e9 v\u00fdh\u013eady v Montana Redonda a obed plus baz\u00e9ny vo vodop\u00e1doch Yanigua.<\/p>\n<p>&nbsp;<\/p>\n<p><strong>Vyberte d\u00e1tum prehliadky:\u00a0<\/strong><\/p>","protected":false},"featured_media":12642,"template":"","meta":[],"product_cat":[294,948,946,928,168,159,160,169,933,972,964,970,253],"product_tag":[176,211,210,268,192,296,267,171,209,440,441,299,212,297,222,298,269],"class_list":["post-9059","product","type-product","status-publish","has-post-thumbnail","hentry","product_cat-tours-excursions-punta-cana-dominican-republic","product_cat-1-punta-cana","product_cat-1-sabana-de-la-mar","product_cat-boat-trip-los-haitises","product_cat-caves","product_cat-fees-entrace","product_cat-lunch","product_cat-mangroves","product_cat-natural-pools-los-haitises","product_cat-punta-cana-group-tours","product_cat-punta-cana-los-haitises","product_cat-punta-cana-montana-redonda","product_cat-tours-and-excursions","product_tag-cano-hondo","product_tag-cano-hondo-hotel","product_tag-cano-hondo-tours","product_tag-caves-los-haitises","product_tag-day-tour-cano-hondo","product_tag-day-trip-punta-cana","product_tag-las-terrenas","product_tag-los-haitises","product_tag-los-haitises-national-park","product_tag-los-haitises-national-park-map","product_tag-los-haitises-national-park-tour-from-las-terrenas","product_tag-los-haitises-national-park-tours-excursions","product_tag-mangroves-los-haitises","product_tag-montana-redonda-tours-excursion","product_tag-punta-cana","product_tag-punta-cana-tours-excursions","product_tag-transportation-los-haitises"],"_links":{"self":[{"href":"https:\/\/www.boattoursamana.com\/sk\/wp-json\/wp\/v2\/product\/9059","targetHints":{"allow":["GET"]}}],"collection":[{"href":"https:\/\/www.boattoursamana.com\/sk\/wp-json\/wp\/v2\/product"}],"about":[{"href":"https:\/\/www.boattoursamana.com\/sk\/wp-json\/wp\/v2\/types\/product"}],"wp:featuredmedia":[{"embeddable":true,"href":"https:\/\/www.boattoursamana.com\/sk\/wp-json\/wp\/v2\/media\/12642"}],"wp:attachment":[{"href":"https:\/\/www.boattoursamana.com\/sk\/wp-json\/wp\/v2\/media?parent=9059"}],"wp:term":[{"taxonomy":"product_cat","embeddable":true,"href":"https:\/\/www.boattoursamana.com\/sk\/wp-json\/wp\/v2\/product_cat?post=9059"},{"taxonomy":"product_tag","embeddable":true,"href":"https:\/\/www.boattoursamana.com\/sk\/wp-json\/wp\/v2\/product_tag?post=9059"}],"curies":[{"name":"wp","href":"https:\/\/api.w.org\/{rel}","templated":true}]}}