{"id":9218,"date":"2019-07-18T11:24:01","date_gmt":"2019-07-18T11:24:01","guid":{"rendered":"https:\/\/www.ticketswhales.com\/?post_type=product&#038;p=9218"},"modified":"2023-02-14T18:40:51","modified_gmt":"2023-02-14T18:40:51","slug":"samana-cayo-levantado-bacardi-island-and-whale-watching-from-miches-in-catamaran","status":"publish","type":"product","link":"https:\/\/www.boattoursamana.com\/sk\/turne\/ostrov-samana-cayo-levantado-bacardi-a-pozorovanie-velryb-z-miches-v-katamarane","title":{"rendered":"Saman\u00e1 Cayo Levantado (ostrov Bacardi) a pozorovanie ve\u013er\u00fdb z Miches v katamar\u00e1ne"},"content":{"rendered":"<div class=\"vc_row wpb_row vc_row-fluid\" ><div class=\"wpb_column vc_column_container vc_col-sm-12\"><div class=\"vc_column-inner\"><div class=\"wpb_wrapper\">\n\t<div class=\"wpb_text_column wpb_content_element\" >\n\t\t<div class=\"wpb_wrapper\">\n\t\t\t<p><span style=\"vertical-align: inherit;\"><span style=\"vertical-align: inherit;\"><\/p>\n\n\t\t<\/div>\n\t<\/div>\n<\/div><\/div><\/div><\/div><div class=\"vc_row wpb_row vc_row-fluid\" ><\/div><div class=\"wpb_column vc_column_container vc_col-sm-12\"><div class=\"vc_column-inner\"><div class=\"wpb_wrapper\"><\/div><\/div><\/div><div class=\"vc_row wpb_row vc_row-fluid\" ><\/div><div class=\"wpb_column vc_column_container vc_col-sm-12\"><div class=\"vc_column-inner\"><div class=\"wpb_wrapper\"><div class=\"vc_btn3-container vc_btn3-inline\" ><button class=\"vc_general vc_btn3 vc_btn3-size-md vc_btn3-shape-rounded vc_btn3-style-modern vc_btn3-color-green\">REZERVOVA\u0164<\/button><\/div><\/div><\/div><\/div><div class=\"mkdf-section-title-holder\" style=\"text-align: left\">\n\t<div class=\"mkdf-st-inner\">\n\t\t\t\t\t\t\t<h3 class=\"mkdf-st-title\" >\n\t\t\t\tCayo Levantado + Avistamiento de ballenas de Miches a katamar\u00e1n\t\t\t<\/h3>\n\t\t\t\t\t<\/div>\n<\/div><div class=\"vc_empty_space\"   style=\"height: 32px\"><span class=\"vc_empty_space_inner\"><\/span><\/div>\n\t<div class=\"wpb_text_column wpb_content_element\" >\n\t\t<div class=\"wpb_wrapper\">\n\t\t\t<p>\u00a0<\/span><\/span><\/p>\n<div class=\"vc_empty_space\"><\/div>\n<div class=\"wpb_text_column wpb_content_element\">\n<div class=\"wpb_wrapper\">\n<div class=\"vc_row wpb_row vc_row-fluid\">\n<div class=\"wpb_column vc_column_container vc_col-sm-12\">\n<div class=\"vc_column-inner\">\n<div class=\"wpb_wrapper\">\n<div class=\"wpb_text_column wpb_content_element\">\n<div class=\"wpb_wrapper\">\n<div class=\"vc_row wpb_row vc_row-fluid\">\n<div class=\"wpb_column vc_column_container vc_col-sm-12\">\n<div class=\"vc_column-inner\">\n<div class=\"wpb_wrapper\">\n<div class=\"wpb_text_column wpb_content_element\">\n<div class=\"wpb_wrapper\">\n<h4><a id=\"overview\" class=\"aal_anchor\" href=\"https:\/\/www.boattoursamana.com\/sk\/turne\/ostrov-samana-cayo-levantado-bacardi-a-pozorovanie-velryb-z-miches-v-katamarane\/#overview\" aria-hidden=\"true\"><\/a><b><i>Preh\u013ead<\/i><\/b><\/h4>\n<p>Pozorovanie ve\u013er\u00fdb v z\u00e1live Saman\u00e1 od pr\u00edstavu Miches v katamar\u00e1ne. Tento v\u00fdlet za\u010d\u00edna o 9:00 a kon\u010d\u00ed o 17:00. Stretnutie predt\u00fdm v na\u0161om pr\u00edstave v Miches. Po preru\u0161en\u00ed n\u00e1\u0161ho katamar\u00e1nu alebo \u010dlna nav\u0161t\u00edvi\u0165 ve\u013eryby v ich vlastnom prostred\u00ed.<\/p>\n<p>Od 9:00 do 12:00 hvezd\u00e1re\u0148 na pozorovanie ve\u013er\u00fdb a po tomto v\u00fdlete za ve\u013erybami nav\u0161t\u00edvime ostrov Bacardi \/ Cayo Levantado. Na ostrove Bacardi bude zabezpe\u010den\u00fd obed formou bufetu v typickom dominik\u00e1nskom \u0161t\u00fdle. Po obede m\u00f4\u017eete pl\u00e1va\u0165 do 16:30. Prehliadka bude ukon\u010den\u00e1 o 17:00 v tom istom pr\u00edstave, kde sa za\u010dne.<\/p>\n<p>Pozn\u00e1mka: T\u00e1to prehliadka nie je s\u00fakromn\u00e1.<strong>\u00a0Pre s\u00fakromn\u00fa prehliadku n\u00e1s pros\u00edm kontaktujte.<\/strong><\/p>\n<ul>\n<li>V\u00fdlet za pozorovan\u00edm ve\u013er\u00fdb<\/li>\n<li>Vstupn\u00e9 do observat\u00f3ria<\/li>\n<li>Zah\u0155\u0148a obed formou bufetu na pl\u00e1\u017ei<\/li>\n<li>Presun lo\u010fou<\/li>\n<li>Kapit\u00e1n poskytuje pokyny a dozor<\/li>\n<li>Turistick\u00fd sprievodca<\/li>\n<\/ul>\n<p>&nbsp;<\/p>\n<h4><a id=\"inclusions-exclusions\" class=\"aal_anchor\" href=\"https:\/\/www.boattoursamana.com\/sk\/turne\/ostrov-samana-cayo-levantado-bacardi-a-pozorovanie-velryb-z-miches-v-katamarane\/#inclusions-exclusions\" aria-hidden=\"true\"><\/a><b>Inkl\u00fazie a vyl\u00fa\u010denia<\/b><\/h4>\n<p>&nbsp;<\/p>\n<p><b>Inkl\u00fazie<\/b><\/p>\n<p>&nbsp;<\/p>\n<ol>\n<li>Obed formou bufetu na pl\u00e1\u017ei<\/li>\n<li>Pozorovanie ve\u013er\u00fdb<\/li>\n<li>Turistick\u00fd sprievodca<\/li>\n<li>Katamar\u00e1n alebo v\u00fdlet lo\u010fou<\/li>\n<li>V\u0161etky dane, poplatky a manipula\u010dn\u00e9 poplatky<\/li>\n<li>Miestne dane<\/li>\n<li>N\u00e1poje<\/li>\n<li>Alkoholick\u00e9 n\u00e1poje<\/li>\n<\/ol>\n<p><b>Vyl\u00fa\u010denia<\/b><\/p>\n<ol>\n<li>Spropitn\u00e9<\/li>\n<li>Presun auta<\/li>\n<\/ol>\n<p>&nbsp;<\/p>\n<h4><a id=\"departure-return\" class=\"aal_anchor\" href=\"https:\/\/www.boattoursamana.com\/sk\/turne\/ostrov-samana-cayo-levantado-bacardi-a-pozorovanie-velryb-z-miches-v-katamarane\/#departure-return\" aria-hidden=\"true\"><\/a><em><strong>Odchod a n\u00e1vrat<\/strong><\/em><\/h4>\n<p>Cestuj\u00faci z\u00edska miesto stretnutia po procese rezerv\u00e1cie. Prehliadky za\u010d\u00ednaj\u00fa a kon\u010dia v miestach na\u0161ich stretnut\u00ed.<\/p>\n<p>&nbsp;<\/p>\n<h4><a id=\"what-to-expect\" class=\"aal_anchor\" href=\"https:\/\/www.boattoursamana.com\/sk\/turne\/ostrov-samana-cayo-levantado-bacardi-a-pozorovanie-velryb-z-miches-v-katamarane\/#what-to-expect\" aria-hidden=\"true\"><\/a><b><i>\u010co o\u010dak\u00e1va\u0165?<\/i><\/b><\/h4>\n<p>&nbsp;<\/p>\n<p><em><strong>Z\u00edskajte l\u00edstky<\/strong><\/em>\u00a0celodenn\u00fd v\u00fdlet za pozorovan\u00edm ve\u013er\u00fdb v z\u00e1live Saman\u00e1 za\u010d\u00ednaj\u00faci z Miches v katamar\u00e1ne s miestnymi n\u00e1pojmi a skvel\u00fdm obedom a pl\u00e1\u017eov\u00fdm \u010dasom.<\/p>\n<p>V\u00fdlety za pozorovan\u00edm ve\u013er\u00fdb organizuje \u201eBooking Adventures\u201c a za\u010d\u00edna na mieste stretnutia s turistick\u00fdm sprievodcom. Obed na pl\u00e1\u017ei a m\u00f4\u017eete zosta\u0165 tak dlho, ako chcete, k\u00fapa\u0165 sa. Ak ste veg\u00e1n, m\u00f4\u017eeme v\u00e1m tie\u017e pripravi\u0165 nejak\u00e9 jedlo.<\/p>\n<p><strong>Rozvrh hod\u00edn:<\/strong><\/p>\n<p>8:45 \u2013 17:00<\/p>\n<p>&nbsp;<\/p>\n<h4><a id=\"what-you-should-bring\" class=\"aal_anchor\" href=\"https:\/\/www.boattoursamana.com\/sk\/turne\/ostrov-samana-cayo-levantado-bacardi-a-pozorovanie-velryb-z-miches-v-katamarane\/#what-you-should-bring\" aria-hidden=\"true\"><\/a><em><strong>\u010co by ste si mali prinies\u0165?<\/strong><\/em><\/h4>\n<ul>\n<li>fotoapar\u00e1t<\/li>\n<li>Repelentn\u00e9 p\u00fa\u010diky<\/li>\n<li>Opa\u013eovac\u00ed kr\u00e9m<\/li>\n<li>Klob\u00fak<\/li>\n<li>Pohodln\u00e9 nohavice<\/li>\n<li>Sand\u00e1le na pl\u00e1\u017e<\/li>\n<li>Oble\u010denie na pl\u00e1vanie<\/li>\n<li>Peniaze za suven\u00edry<\/li>\n<\/ul>\n<p>&nbsp;<\/p>\n<h4><a id=\"hotel-pickup\" class=\"aal_anchor\" href=\"https:\/\/www.boattoursamana.com\/sk\/turne\/ostrov-samana-cayo-levantado-bacardi-a-pozorovanie-velryb-z-miches-v-katamarane\/#hotel-pickup\" aria-hidden=\"true\"><\/a><b><i>Vyzdvihnutie v hoteli<\/i><\/b><\/h4>\n<p>Vyzdvihnutie v hoteli sa pre tento z\u00e1jazd nepon\u00faka.<\/p>\n<p>&nbsp;<\/p>\n<p><b>Pozn\u00e1mka:<\/b>\u00a0ak si rezervujete do 24 hod\u00edn od \u010dasu odchodu z\u00e1jazdu\/exkurzie, m\u00f4\u017eeme zariadi\u0165 vyzdvihnutie v hoteli s dodato\u010dn\u00fdmi poplatkami. Po dokon\u010den\u00ed n\u00e1kupu v\u00e1m po\u0161leme kompletn\u00e9 kontaktn\u00e9 inform\u00e1cie (telef\u00f3nne \u010d\u00edslo, e-mailov\u00fa adresu at\u010f.) pre n\u00e1\u0161ho miestneho sprievodcu, aby sme mohli zorganizova\u0165 opatrenia na vyzdvihnutie.<\/p>\n<h4><a id=\"additional-info-confirmation\" class=\"aal_anchor\" href=\"https:\/\/www.boattoursamana.com\/sk\/turne\/ostrov-samana-cayo-levantado-bacardi-a-pozorovanie-velryb-z-miches-v-katamarane\/#additional-info-confirmation\" aria-hidden=\"true\"><\/a><b><i>Potvrdenie dodato\u010dn\u00fdch inform\u00e1ci\u00ed<\/i><\/b><\/h4>\n<ol>\n<li>Vstupenky s\u00fa potvrden\u00edm po zaplaten\u00ed tohto z\u00e1jazdu. Platbu m\u00f4\u017eete zobrazi\u0165 na telef\u00f3ne.<\/li>\n<li>Miesto stretnutia bude prijat\u00e9 po procese rezerv\u00e1cie.<\/li>\n<li>Deti musia by\u0165 v sprievode dospelej osoby.<\/li>\n<li>bezbari\u00e9rov\u00fd pr\u00edstup<\/li>\n<li>Doj\u010dat\u00e1 musia sedie\u0165 na kolen\u00e1ch<\/li>\n<li>V\u00e4\u010d\u0161ina cestovate\u013eov sa m\u00f4\u017ee z\u00fa\u010dastni\u0165<\/li>\n<\/ol>\n<h4><a id=\"cancellation-policy\" class=\"aal_anchor\" href=\"https:\/\/www.boattoursamana.com\/sk\/turne\/ostrov-samana-cayo-levantado-bacardi-a-pozorovanie-velryb-z-miches-v-katamarane\/#cancellation-policy\" aria-hidden=\"true\"><\/a><b><i>Podmienky zru\u0161enia<\/i><\/b><\/h4>\n<p>Ak chcete z\u00edska\u0165 pln\u00fa n\u00e1hradu, zru\u0161te aspo\u0148 24 hod\u00edn pred d\u00e1tumom za\u010diatku z\u00e1\u017eitku.<\/p>\n<\/div>\n<\/div>\n<\/div>\n<\/div>\n<\/div>\n<\/div>\n<\/div>\n<\/div>\n<\/div>\n<\/div>\n<\/div>\n<\/div>\n<div class=\"vc_row wpb_row vc_row-fluid\">\n<div class=\"wpb_column vc_column_container vc_col-sm-12\">\n<div class=\"vc_column-inner\">\n<div class=\"wpb_wrapper\">\n<div class=\"vc_empty_space\"><\/div>\n<div class=\"wpb_text_column wpb_content_element\">\n<div class=\"wpb_wrapper\">\n<h4><a id=\"contact-us\" class=\"aal_anchor\" href=\"https:\/\/www.boattoursamana.com\/sk\/turne\/ostrov-samana-cayo-levantado-bacardi-a-pozorovanie-velryb-z-miches-v-katamarane\/#contact-us\" aria-hidden=\"true\"><\/a>Kontaktuj n\u00e1s?<\/h4>\n<h5><\/h5>\n<p><em><strong>Miestni obyvatelia<\/strong>\u00a0a\u00a0<strong>\u0160t\u00e1tni pr\u00edslu\u0161n\u00edci<\/strong>\u00a0Sprievodcovia a slu\u017eby pre host\u00ed<\/em><\/p>\n<p><span class=\"text-turquoise\">Rezerv\u00e1cie:<\/span>\u00a0Prehliadky a exkurzie v Dom. Rep.<\/p>\n<p><img decoding=\"async\" class=\"emoji\" title=\"Saman\u00e1 Cayo Levantado (ostrov Bacardi) a pozorovanie ve\u013er\u00fdb z Miches v katamar\u00e1ne\" draggable=\"false\" src=\"https:\/\/s.w.org\/images\/core\/emoji\/11.2.0\/svg\/1f4de.svg\" alt=\"\ud83d\udcde\" \/> Tel \/ Whatsapp <strong><a href=\"tel:+1 (829) 318-9463\">+1 (829) 318-9463.<\/a><\/strong><\/p>\n<p><img decoding=\"async\" class=\"emoji\" title=\"Saman\u00e1 Cayo Levantado (ostrov Bacardi) a pozorovanie ve\u013er\u00fdb z Miches v katamar\u00e1ne\" draggable=\"false\" src=\"https:\/\/s.w.org\/images\/core\/emoji\/11.2.0\/svg\/1f4e9.svg\" alt=\"\ud83d\udce9\" \/>\u00a0<a href=\"mailto:reservabatour@gmail.com\">reservabatour@gmail.com<\/a><\/p>\n<p><strong>Flexibilne nastavujeme s\u00fakromn\u00e9 prehliadky od Whatsapp:\u00a0<a href=\"tel:+1 (829) 318-9463\">+1 (829) 318-9463.<\/a><\/strong><\/p>\n<\/div>\n<\/div>\n<\/div>\n<\/div>\n<\/div>\n<\/div>\n<\/div>\n<\/div>\n\n\t\t<\/div>\n\t<\/div>\n<div class=\"vc_row wpb_row vc_row-fluid\" ><div class=\"wpb_column vc_column_container vc_col-sm-12\"><div class=\"vc_column-inner\"><div class=\"wpb_wrapper\"><div class=\"vc_btn3-container vc_btn3-inline\" ><button class=\"vc_general vc_btn3 vc_btn3-size-md vc_btn3-shape-rounded vc_btn3-style-modern vc_btn3-color-green\">REZERVOVA\u0164<\/button><\/div><\/div><\/div><\/div><\/div>","protected":false},"excerpt":{"rendered":"<p><span style=\"vertical-align: inherit;\"><span style=\"vertical-align: inherit;\">V\u00fdlety a exkurzie za ve\u013erybou Miches. <\/span><span style=\"vertical-align: inherit;\">Rezervova\u0165 na boletos para el avistamiento de ballenas en la Bah\u00eda de Saman\u00e1, comenzando desde de Miches y visitando Cayo Levantado, tambi\u00e9n conocida ako Isla Bacard\u00ed para una aventura con pase de un d\u00eda.<\/span><\/span><\/p>\n<p>&nbsp;<\/p>\n<p><em><strong><span style=\"vertical-align: inherit;\"><span style=\"vertical-align: inherit;\">V\u00fdber v\u00fdletu:<\/span><\/span><\/strong><\/em><\/p>","protected":false},"featured_media":11588,"template":"","meta":[],"product_cat":[255,937],"product_tag":[393,375,342,392,391,276,274,322,394,390],"class_list":["post-9218","product","type-product","status-publish","has-post-thumbnail","hentry","product_cat-tours-excursions-samana-bay-dominican-republic","product_cat-whale-watching-miches","product_tag-miches-whale-watching","product_tag-samana-dominican-republic","product_tag-samana-whale-watching","product_tag-samana-whale-watching-price","product_tag-things-to-do-in-dominican-republic","product_tag-whale-samana","product_tag-whale-watching-dominican-republic","product_tag-whale-watching-miches","product_tag-whale-watching-miches-dominican-republic","product_tag-when-to-see-whales-dominican-republic"],"_links":{"self":[{"href":"https:\/\/www.boattoursamana.com\/sk\/wp-json\/wp\/v2\/product\/9218","targetHints":{"allow":["GET"]}}],"collection":[{"href":"https:\/\/www.boattoursamana.com\/sk\/wp-json\/wp\/v2\/product"}],"about":[{"href":"https:\/\/www.boattoursamana.com\/sk\/wp-json\/wp\/v2\/types\/product"}],"wp:featuredmedia":[{"embeddable":true,"href":"https:\/\/www.boattoursamana.com\/sk\/wp-json\/wp\/v2\/media\/11588"}],"wp:attachment":[{"href":"https:\/\/www.boattoursamana.com\/sk\/wp-json\/wp\/v2\/media?parent=9218"}],"wp:term":[{"taxonomy":"product_cat","embeddable":true,"href":"https:\/\/www.boattoursamana.com\/sk\/wp-json\/wp\/v2\/product_cat?post=9218"},{"taxonomy":"product_tag","embeddable":true,"href":"https:\/\/www.boattoursamana.com\/sk\/wp-json\/wp\/v2\/product_tag?post=9218"}],"curies":[{"name":"wp","href":"https:\/\/api.w.org\/{rel}","templated":true}]}}