{"id":9252,"date":"2019-08-08T10:17:22","date_gmt":"2019-08-08T10:17:22","guid":{"rendered":"https:\/\/www.ticketswhales.com\/?post_type=product&#038;p=9252"},"modified":"2023-03-21T10:49:35","modified_gmt":"2023-03-21T10:49:35","slug":"hiking-boca-del-diablo-mouth-of-the-devil-to-fronton-beach-samana-day-trip","status":"publish","type":"product","link":"https:\/\/www.boattoursamana.com\/sk\/turne\/turistika-boca-del-diablo-usta-diabla-na-plaz-fronton-samana-celodenny-vylet","title":{"rendered":"El Fronton (pe\u0161ia turistika a pl\u00e1vanie)"},"content":{"rendered":"<div class=\"vc_row wpb_row vc_row-fluid\" ><div class=\"wpb_column vc_column_container vc_col-sm-12\"><div class=\"vc_column-inner\"><div class=\"wpb_wrapper\"><\/div><\/div><\/div><\/div><div class=\"vc_row wpb_row vc_row-fluid\" ><div class=\"wpb_column vc_column_container vc_col-sm-12\"><div class=\"vc_column-inner\"><div class=\"wpb_wrapper\"><div class=\"vc_btn3-container vc_btn3-inline\" ><button class=\"vc_general vc_btn3 vc_btn3-size-md vc_btn3-shape-rounded vc_btn3-style-modern vc_btn3-color-green\">REZERVOVA\u0164<\/button><\/div><div class=\"mkdf-section-title-holder\" style=\"text-align: left\">\n\t<div class=\"mkdf-st-inner\">\n\t\t\t\t\t<h5 class=\"mkdf-st-subtitle\" >\n\t\t\t\tTuristika\t\t\t<\/h5>\n\t\t\t\t\t\t\t<h3 class=\"mkdf-st-title\" >\n\t\t\t\tBoca del Diablo \u201e\u00dasta diabla\u201c, na pl\u00e1\u017e Fronton, jednod\u0148ov\u00fd v\u00fdlet do Samany.\t\t\t<\/h3>\n\t\t\t\t\t<\/div>\n<\/div>\n\t<div class=\"wpb_text_column wpb_content_element\" >\n\t\t<div class=\"wpb_wrapper\">\n\t\t\t<h3>Pe\u0161ia turistika Boca del Diablo &#039;\u00dasta diabla&#039;, na pl\u00e1\u017e Fronton, jednod\u0148ov\u00fd v\u00fdlet do Samana.<\/h3>\n<h4><b><i>Preh\u013ead <\/i><\/b><\/h4>\n<p>V\u00fdlet za\u010d\u00edna v mieste stretnutia v Las Galeras, Samana. Najpozoruhodnej\u0161ia turistika v Samane. N\u00e1v\u0161teva \u00dasta diabla v \u0161panielskom Boca Del Diablo, Hluk, ktor\u00fd rob\u00ed glify s prec\u00edznos\u0165ou vody pod skalami. Po n\u00e1v\u0161teve marmolitov\u00fdch jask\u00fd\u0148 a Boca del Diablo pokra\u010dujeme v turistike cez kokosov\u00fd les a kr\u00e1sny v\u00fdh\u013ead na oce\u00e1n a\u017e po jednu z naj\u00fa\u017easnej\u0161\u00edch pl\u00e1\u017e\u00ed v Dominik\u00e1nskej republike. Pl\u00e1\u017e Fronton. nn n nPros\u00edm<\/p>\n<p>nPo tomto z\u00e1\u017eitku sa vr\u00e1tite sp\u00e4\u0165 k pe\u0161ej turistike na miesto stretnutia v komunite Las Galeras.<\/p>\n<ul>\n<li style=\"font-weight: 400;\">Vr\u00e1tane poplatkov<\/li>\n<li>Ob\u010derstvenie<\/li>\n<li style=\"font-weight: 400;\">Miestny turistick\u00fd sprievodca v angli\u010dtine alebo franc\u00faz\u0161tine<\/li>\n<li>Turistika<\/li>\n<\/ul>\n<p>&nbsp;<\/p>\n<h4><b>Inkl\u00fazie a vyl\u00fa\u010denia<\/b><\/h4>\n<p>&nbsp;<\/p>\n<p><b>Inkl\u00fazie<\/b><\/p>\n<ol>\n<li style=\"font-weight: 400;\">Boca del Diablo<\/li>\n<li>Marmolitov\u00e9 jaskyne<\/li>\n<li>Pl\u00e1\u017e Fronton<\/li>\n<li style=\"font-weight: 400;\"><span style=\"font-weight: 400;\">V\u0161etky dane, poplatky a manipula\u010dn\u00e9 poplatky<\/span><\/li>\n<li style=\"font-weight: 400;\"><span style=\"font-weight: 400;\">Miestne dane<\/span><\/li>\n<li>Ob\u010derstvenie<\/li>\n<li>Turistika<\/li>\n<li style=\"font-weight: 400;\"><span style=\"font-weight: 400;\">V\u0161etky aktivity<\/span><\/li>\n<li style=\"font-weight: 400;\"><span style=\"font-weight: 400;\">Miestny sprievodca<\/span><\/li>\n<\/ol>\n<p><b> Vyl\u00fa\u010denia<\/b><\/p>\n<ol>\n<li style=\"font-weight: 400;\"><span style=\"font-weight: 400;\">Spropitn\u00e9<\/span><\/li>\n<li>Doprava<\/li>\n<li>obed<\/li>\n<li style=\"font-weight: 400;\"><span style=\"font-weight: 400;\">Alkoholick\u00e9 n\u00e1poje<\/span><\/li>\n<\/ol>\n<p>&nbsp;<\/p>\n<h4><em><strong>Odchod a n\u00e1vrat<\/strong><\/em><\/h4>\n<p><span style=\"font-weight: 400;\">Cestuj\u00faci z\u00edska miesto stretnutia po procese rezerv\u00e1cie. Prehliadky za\u010d\u00ednaj\u00fa a kon\u010dia v miestach na\u0161ich stretnut\u00ed.<\/span><\/p>\n<p>&nbsp;<\/p>\n<h3><\/h3>\n<h4><b><i>\u010co o\u010dak\u00e1va\u0165?<\/i><\/b><\/h4>\n<p><em><strong>Z\u00edskajte l\u00edstky<\/strong><\/em> za n\u00e1v\u0161tevu Boca del diablo a pl\u00e1\u017ee Fronton v Samane. Denn\u00fd v\u00fdlet. Po\u010dn\u00fac Las Galeras, kokosov\u00e9 palmy, v\u00fdh\u013eady, hory, vt\u00e1ky a jedna z najkraj\u0161\u00edch pl\u00e1\u017e\u00ed v Dominik\u00e1nskej republike.<\/p>\n<p>nPrehliadka organizovan\u00e1 organiz\u00e1ciou \u201eBooking Adventures\u201c sa za\u010d\u00edna na mieste stretnutia so sprievodcom. Pr\u00ed\u010fte s Booking Adventures a za\u010dnite v boca del diablo, jaskyni s prieduchom, kde s\u00fa ve\u013ek\u00e9 vlny\u00a0<img decoding=\"async\" class=\"emoji\" draggable=\"false\" src=\"http:\/\/twemoji.maxcdn.com\/16x16\/1f30a.png\" alt=\"\ud83c\udf0a\" title=\"\">\u00a0r\u00fati sa do\u0148 a morsk\u00e1 voda je vybuchnut\u00e1\u00a0<img decoding=\"async\" class=\"emoji\" draggable=\"false\" src=\"http:\/\/twemoji.maxcdn.com\/16x16\/1f4a8.png\" alt=\"\ud83d\udca8\" title=\"\">\u00a0<img decoding=\"async\" class=\"emoji\" draggable=\"false\" src=\"http:\/\/twemoji.maxcdn.com\/16x16\/1f4a6.png\" alt=\"\ud83d\udca6\" title=\"\">\u00a0von z prieduchu. Ve\u013ek\u00e9 vlny by vytvorili trval\u00fd oblak kvapiek slanej vody, ktor\u00fd by f\u00fakal dos\u0165 \u010faleko do vn\u00fatrozemia. Stav v\u013an bol divok\u00fd, ke\u010f sme tam boli a mali sme celkom par\u00e1du.<\/p>\n<div class=\"body-description secondary\">\n<p>nPo tomto z\u00e1\u017eitku sa vyberieme 1 30 min\u00fat na jednu z najkraj\u0161\u00edch pl\u00e1\u017e\u00ed Fronton Beach s tis\u00edckami odtie\u0148ov farieb, ktor\u00e9 vykres\u013euj\u00fa jej r\u00f4zne krajiny... a tu na pl\u00e1\u017ei Fronton nie je \u017eiadna v\u00fdnimka. V\u0161etko m\u00e1te okolo seba. . Ako by som mohol nec\u00edti\u0165 ten pokoj... ticho z miesta, kde som bol... \u010darovn\u00fa krajinu od mora... od prastar\u00fdch h\u00f4r... slnko pobozkan\u00e9 na\u0161\u00edm ve\u010dn\u00fdm slnkom a jeho nekone\u010dn\u00fd horizont... nebo nad nami. a predsa je tu e\u0161te viac, \u010do si m\u00f4\u017eeme vychutna\u0165... toto je to, \u010do tam c\u00edtime.<\/p>\n<p>nObed a v\u00fdlet lo\u010fou sp\u00e4\u0165 vieme zabezpe\u010di\u0165 za pr\u00edplatok. Po k\u00fapan\u00ed na pl\u00e1\u017ei Fronton sa vraciame sp\u00e4\u0165 na miesto stretnutia.<\/p>\n<p>&nbsp;<\/p>\n<p>&nbsp;<\/p>\n<\/div>\n<h4><em><strong>\u010co by ste si mali prinies\u0165?<\/strong><\/em><\/h4>\n<ul>\n<li style=\"font-weight: 400;\"><span style=\"font-weight: 400;\">fotoapar\u00e1t<\/span><\/li>\n<li style=\"font-weight: 400;\"><span style=\"font-weight: 400;\">Repelentn\u00e9 p\u00fa\u010diky<\/span><\/li>\n<li style=\"font-weight: 400;\"><span style=\"font-weight: 400;\">Opa\u013eovac\u00ed kr\u00e9m<\/span><\/li>\n<li>Voda<\/li>\n<li style=\"font-weight: 400;\"><span style=\"font-weight: 400;\">Klob\u00fak<\/span><\/li>\n<li style=\"font-weight: 400;\"><span style=\"font-weight: 400;\">Pohodln\u00e9 nohavice<\/span><\/li>\n<li style=\"font-weight: 400;\"><span style=\"font-weight: 400;\">Turistick\u00e1 obuv do lesa<\/span><\/li>\n<li style=\"font-weight: 400;\"><span style=\"font-weight: 400;\">Sand\u00e1le do jarn\u00fdch oblast\u00ed.<\/span><\/li>\n<li style=\"font-weight: 400;\"><span style=\"font-weight: 400;\">Oble\u010denie na pl\u00e1vanie<\/span><\/li>\n<\/ul>\n<p>&nbsp;<\/p>\n<h4><b><i>Vyzdvihnutie v hoteli <\/i><\/b><\/h4>\n<p><span style=\"font-weight: 400;\">Vyzdvihnutie v hoteli sa pre tento z\u00e1jazd nepon\u00faka. <\/span><\/p>\n<p>&nbsp;<\/p>\n<p><b>Pozn\u00e1mka:<\/b><span style=\"font-weight: 400;\"> ak si rezervujete do 24 hod\u00edn od \u010dasu odchodu z\u00e1jazdu\/exkurzie, m\u00f4\u017eeme zariadi\u0165 vyzdvihnutie v hoteli s dodato\u010dn\u00fdmi poplatkami. Po dokon\u010den\u00ed n\u00e1kupu v\u00e1m po\u0161leme kompletn\u00e9 kontaktn\u00e9 inform\u00e1cie (telef\u00f3nne \u010d\u00edslo, e-mailov\u00fa adresu at\u010f.) pre n\u00e1\u0161ho miestneho sprievodcu, aby sme mohli zorganizova\u0165 opatrenia na vyzdvihnutie.<\/span><\/p>\n<h4><b><i>Potvrdenie dodato\u010dn\u00fdch inform\u00e1ci\u00ed <\/i><\/b><\/h4>\n<ol>\n<li>Vstupenky s\u00fa potvrden\u00edm po zaplaten\u00ed tohto z\u00e1jazdu. Platbu m\u00f4\u017eete zobrazi\u0165 na telef\u00f3ne.<\/li>\n<li style=\"font-weight: 400;\"><span style=\"font-weight: 400;\">Miesto stretnutia bude prijat\u00e9 po procese rezerv\u00e1cie.<\/span><\/li>\n<li style=\"font-weight: 400;\"><span style=\"font-weight: 400;\">Deti musia by\u0165 v sprievode dospelej osoby.<\/span><\/li>\n<li style=\"font-weight: 400;\"><span style=\"font-weight: 400;\"> Bezbari\u00e9rov\u00fd pr\u00edstup <\/span><\/li>\n<li style=\"font-weight: 400;\"><span style=\"font-weight: 400;\">Doj\u010dat\u00e1 musia sedie\u0165 na kolen\u00e1ch <\/span><\/li>\n<li style=\"font-weight: 400;\"><span style=\"font-weight: 400;\">Neodpor\u00fa\u010da sa pre cestuj\u00facich s probl\u00e9mami s chrbtom<\/span><\/li>\n<li style=\"font-weight: 400;\"><span style=\"font-weight: 400;\">Neodpor\u00fa\u010da sa pre tehotn\u00e9 cestovate\u013eky <\/span><\/li>\n<li style=\"font-weight: 400;\"><span style=\"font-weight: 400;\"> \u017diadne srdcov\u00e9 probl\u00e9my ani in\u00e9 v\u00e1\u017ene zdravotn\u00e9 \u0165a\u017ekosti <\/span><\/li>\n<li style=\"font-weight: 400;\"><span style=\"font-weight: 400;\">V\u00e4\u010d\u0161ina cestovate\u013eov sa m\u00f4\u017ee z\u00fa\u010dastni\u0165<\/span><\/li>\n<\/ol>\n<h4><b><i>Podmienky zru\u0161enia<\/i><\/b><\/h4>\n<p>Ak chcete z\u00edska\u0165 pln\u00fa n\u00e1hradu, pre\u010d\u00edtajte si na\u0161e pravidl\u00e1 pre zru\u0161enie\u00a0<a href=\"https:\/\/www.boattoursamana.com\/sk\/online-rezervacia\/\" target=\"_blank\" rel=\"noopener\" data-saferedirecturl=\"https:\/\/www.google.com\/url?q=https:\/\/www.boattoursamana.com\/online-booking\/&amp;source=gmail&amp;ust=1672449202351000&amp;usg=AOvVaw1yAeVAPktmaVCqDujgUn90\">Kliknite tu<\/a>. Finan\u010dn\u00e9 prostriedky bud\u00fa straten\u00e9, ak bude rezerv\u00e1cia zru\u0161en\u00e1 v ten ist\u00fd de\u0148 z\u00e1jazdu.<\/p>\n\n\t\t<\/div>\n\t<\/div>\n<div class=\"vc_btn3-container vc_btn3-inline\" ><button class=\"vc_general vc_btn3 vc_btn3-size-md vc_btn3-shape-rounded vc_btn3-style-modern vc_btn3-color-green\">REZERVOVA\u0164<\/button><\/div><\/div><\/div><\/div><\/div><div class=\"vc_row wpb_row vc_row-fluid\" ><div class=\"wpb_column vc_column_container vc_col-sm-12\"><div class=\"vc_column-inner\"><div class=\"wpb_wrapper\">\n\t<div class=\"wpb_video_widget wpb_content_element vc_clearfix   vc_video-aspect-ratio-169 vc_video-el-width-100 vc_video-align-left\" >\n\t\t<div class=\"wpb_wrapper\">\n\t\t\t<h2 class=\"wpb_heading wpb_video_heading\">Boca del diablo a pl\u00e1\u017e Fronton<\/h2>\n\t\t\t<div class=\"wpb_video_wrapper\"><iframe loading=\"lazy\" title=\"Polostrov Saman\u00e1, Dominik\u00e1nska republika (DJI Phantom 4 4K)\" width=\"1100\" height=\"619\" src=\"https:\/\/www.youtube.com\/embed\/DYDXVm8Q_iM?feature=oembed\" frameborder=\"0\" allow=\"accelerometer; autoplay; encrypted-media; gyroscope; picture-in-picture\" allowfullscreen><\/iframe><\/div>\n\t\t<\/div>\n\t<\/div>\n<\/div><\/div><\/div><\/div><div class=\"vc_row wpb_row vc_row-fluid\" ><div class=\"wpb_column vc_column_container vc_col-sm-12\"><div class=\"vc_column-inner\"><div class=\"wpb_wrapper\"><div class=\"vc_empty_space\"   style=\"height: 32px\"><span class=\"vc_empty_space_inner\"><\/span><\/div>\n\t<div class=\"wpb_text_column wpb_content_element\" >\n\t\t<div class=\"wpb_wrapper\">\n\t\t\t<h4>Kontaktuj n\u00e1s?<\/h4>\n<h5>Rezerva\u010dn\u00e9 dobrodru\u017estv\u00e1<\/h5>\n<p><em><strong>Miestni obyvatelia<\/strong>\u00a0a\u00a0<strong>\u0160t\u00e1tni pr\u00edslu\u0161n\u00edci<\/strong>\u00a0Sprievodcovia a slu\u017eby pre host\u00ed<\/em><\/p>\n<p><span class=\"text-turquoise\">Rezerv\u00e1cie:<\/span>\u00a0Prehliadky a exkurzie v Dom. Rep.<\/p>\n<p><img decoding=\"async\" class=\"emoji\" draggable=\"false\" src=\"https:\/\/s.w.org\/images\/core\/emoji\/11.2.0\/svg\/1f4de.svg\" alt=\"\ud83d\udcde\" title=\"\">\u00a0Tel \/ Whatsapp\u00a0\u00a0<a href=\"tel:+1-809-720-6035\">+1-809-720-6035<\/a>.<\/p>\n<p><img decoding=\"async\" class=\"emoji\" draggable=\"false\" src=\"https:\/\/s.w.org\/images\/core\/emoji\/11.2.0\/svg\/1f4e9.svg\" alt=\"\ud83d\udce9\" title=\"\">\u00a0<a href=\"mailto:info@bookingadventures.com.do\">info@bookingadventures.com.do<\/a><\/p>\n<p><strong>Flexibilne nastavujeme s\u00fakromn\u00e9 prehliadky od Whatsapp:\u00a0<a href=\"tel:+18097206035\">+18097206035.<\/a><\/strong><\/p>\n\n\t\t<\/div>\n\t<\/div>\n<div class=\"vc_empty_space\"   style=\"height: 32px\"><span class=\"vc_empty_space_inner\"><\/span><\/div><\/div><\/div><\/div><\/div><div class=\"vc_row wpb_row vc_row-fluid\" ><div class=\"wpb_column vc_column_container vc_col-sm-12\"><div class=\"vc_column-inner\"><div class=\"wpb_wrapper\"><div class=\"vc_btn3-container vc_btn3-inline\" ><button class=\"vc_general vc_btn3 vc_btn3-size-md vc_btn3-shape-rounded vc_btn3-style-modern vc_btn3-color-green\">REZERVOVA\u0164<\/button><\/div><\/div><\/div><\/div><\/div>","protected":false},"excerpt":{"rendered":"<p>V\u00fdlet za\u010d\u00edna v mieste stretnutia v Las Galeras, Samana. Najpozoruhodnej\u0161ia turistika v Samane. N\u00e1v\u0161teva \u00dasta diabla v \u0161panielskom Boca Del Diablo, Hluk, ktor\u00fd rob\u00ed glify s prec\u00edznos\u0165ou vody pod skalami. Po n\u00e1v\u0161teve marmolitov\u00fdch jask\u00fd\u0148 a Boca del Diablo pokra\u010dujeme v turistike cez kokosov\u00fd les a kr\u00e1sny v\u00fdh\u013ead na oce\u00e1n a\u017e po jednu z naj\u00fa\u017easnej\u0161\u00edch pl\u00e1\u017e\u00ed v Dominik\u00e1nskej republike. Pl\u00e1\u017e Fronton. nn n nPros\u00edm<\/p>\n<p>&nbsp;<\/p>\n<p><strong>Vyberte d\u00e1tum prehliadky:\u00a0<\/strong><\/p>","protected":false},"featured_media":9260,"template":"","meta":[],"product_cat":[178,255],"product_tag":[268,267,171,209,212,269],"class_list":["post-9252","product","type-product","status-publish","has-post-thumbnail","hentry","product_cat-hiking","product_cat-tours-excursions-samana-bay-dominican-republic","product_tag-caves-los-haitises","product_tag-las-terrenas","product_tag-los-haitises","product_tag-los-haitises-national-park","product_tag-mangroves-los-haitises","product_tag-transportation-los-haitises"],"_links":{"self":[{"href":"https:\/\/www.boattoursamana.com\/sk\/wp-json\/wp\/v2\/product\/9252","targetHints":{"allow":["GET"]}}],"collection":[{"href":"https:\/\/www.boattoursamana.com\/sk\/wp-json\/wp\/v2\/product"}],"about":[{"href":"https:\/\/www.boattoursamana.com\/sk\/wp-json\/wp\/v2\/types\/product"}],"wp:featuredmedia":[{"embeddable":true,"href":"https:\/\/www.boattoursamana.com\/sk\/wp-json\/wp\/v2\/media\/9260"}],"wp:attachment":[{"href":"https:\/\/www.boattoursamana.com\/sk\/wp-json\/wp\/v2\/media?parent=9252"}],"wp:term":[{"taxonomy":"product_cat","embeddable":true,"href":"https:\/\/www.boattoursamana.com\/sk\/wp-json\/wp\/v2\/product_cat?post=9252"},{"taxonomy":"product_tag","embeddable":true,"href":"https:\/\/www.boattoursamana.com\/sk\/wp-json\/wp\/v2\/product_tag?post=9252"}],"curies":[{"name":"wp","href":"https:\/\/api.w.org\/{rel}","templated":true}]}}