{"id":9373,"date":"2019-09-07T08:01:28","date_gmt":"2019-09-07T08:01:28","guid":{"rendered":"https:\/\/www.ticketswhales.com\/?post_type=product&#038;p=9373"},"modified":"2023-02-20T21:20:29","modified_gmt":"2023-02-20T21:20:29","slug":"playa-rincon-rincon-beach-playa-fronton-playa-madame-beach-samana-dominican-republic","status":"publish","type":"product","link":"https:\/\/www.boattoursamana.com\/sk\/turne\/playa-rincon-rincon-plaz-playa-fronton-playa-madame-beach-samana-dominikanska-republika","title":{"rendered":"Playa Rinc\u00f3n (pl\u00e1\u017e Rincon), Playa Fronton + Playa Madame Beach, Saman\u00e1 \u2013 Dominik\u00e1nska republika."},"content":{"rendered":"<div class=\"vc_row wpb_row vc_row-fluid\" ><div class=\"wpb_column vc_column_container vc_col-sm-12\"><div class=\"vc_column-inner\"><div class=\"wpb_wrapper\"><div class=\"vc_btn3-container vc_btn3-inline\" ><button class=\"vc_general vc_btn3 vc_btn3-size-md vc_btn3-shape-rounded vc_btn3-style-modern vc_btn3-color-green\">REZERVOVA\u0164<\/button><\/div><div class=\"mkdf-section-title-holder\" style=\"text-align: left\">\n\t<div class=\"mkdf-st-inner\">\n\t\t\t\t\t<h5 class=\"mkdf-st-subtitle\" >\n\t\t\t\tObed, jazda lo\u010fou a s\u00fakromn\u00e1 doprava z hotelov.\t\t\t<\/h5>\n\t\t\t\t\t\t\t<h3 class=\"mkdf-st-title\" >\n\t\t\t\tPlaya Rinc\u00f3n, Playa Fronton + Playa Madame Beach, Saman\u00e1 - Dominik\u00e1nska republika.\t\t\t<\/h3>\n\t\t\t\t\t<\/div>\n<\/div>\n\t<div class=\"wpb_text_column wpb_content_element\" >\n\t\t<div class=\"wpb_wrapper\">\n\t\t\t<h3><\/h3>\n<h4><b><i>Preh\u013ead <\/i><\/b><\/h4>\n<p>V\u00fdlet za\u010d\u00edna na Vyzdvihnutie vo va\u0161om hoteli alebo airbnb v oblasti Samana. Objavte s nami 3 tajn\u00e9 a divok\u00e9 pl\u00e1\u017ee regi\u00f3nu El Rincon beach, Playa madame a Playa Fronton. Jeden z najkraj\u0161\u00edch v\u00fdletov na polostrove Saman\u00e1. Vst\u00fapte do jedine\u010dnej atmosf\u00e9ry Playa Front\u00f3n, pl\u00e1\u017ee, na ktor\u00fa sa d\u00e1 dosta\u0165 iba lo\u010fou, obklopenej koralov\u00fdm \u00fatesom, okolo ktor\u00e9ho m\u00f4\u017eete \u0161norchlova\u0165, pl\u00e1va\u0165 s rybami a objavova\u0165 jeho koraly a relaxova\u0165 a u\u017e\u00edva\u0165 si \u00fa\u017easn\u00fa scen\u00e9riu. Oddych, pl\u00e1vanie a potom odchod na Playa madame, \u010fal\u0161iu a izolovan\u00fa perfektn\u00fa pl\u00e1\u017e na \u0161norchlovanie, kde m\u00f4\u017eete nav\u0161t\u00edvi\u0165 aj jasky\u0148u a nasn\u00edma\u0165 skvel\u00e9 vide\u00e1 alebo fotografie pre \u00fa\u017easn\u00e9 spomienky.<\/p>\n<p>nObed s prstami na noh\u00e1ch v piesku za zvukov Merengue a Bachaty budete ma\u0165 v \u201eEl Paraiso\u201c \u2013 poslednej re\u0161taur\u00e1cii pred d\u017eung\u013eou \u2013 kde v\u00e1m naserv\u00edruj\u00fa kompletn\u00e9 jedlo vr\u00e1tane rybieho pokrmu doplnen\u00e9ho miestnymi n\u00e1pojmi a kokteilmi. Cestou sp\u00e4\u0165 sa zastav\u00edme na pl\u00e1\u017ei El Rincon, tu n\u00e1jdete pr\u00edrodn\u00fa perlu, ktor\u00e1 je pova\u017eovan\u00e1 za jednu z najkraj\u0161\u00edch pl\u00e1\u017e\u00ed v krajine. Biely jemn\u00fd piesok, tyrkysov\u00e9 more a metrov\u00e9 palmy hovoria za v\u0161etko.<\/p>\n<p>&nbsp;<\/p>\n<ul>\n<li><span style=\"font-weight: 400;\">Miestny sprievodca so sk\u00fasenos\u0165ami s bezpe\u010dnos\u0165ou v tejto oblasti.<\/span><\/li>\n<li>\u0160norchel<\/li>\n<li>S\u00fakromn\u00e1 doprava<\/li>\n<li style=\"font-weight: 400;\">Vr\u00e1tane poplatkov<\/li>\n<li>Obed na Pl\u00e1\u017ei<\/li>\n<li>Plavba na lodi<\/li>\n<li style=\"font-weight: 400;\">Miestny turistick\u00fd sprievodca v \u0161paniel\u010dine, angli\u010dtine alebo franc\u00faz\u0161tine.<\/li>\n<li>Turistika<\/li>\n<\/ul>\n<p>&nbsp;<\/p>\n<h4><b>Inkl\u00fazie a vyl\u00fa\u010denia<\/b><\/h4>\n<p>&nbsp;<\/p>\n<p><b>Inkl\u00fazie<\/b><\/p>\n<ol>\n<li><span style=\"font-weight: 400;\">Miestny sprievodca so sk\u00fasenos\u0165ami s bezpe\u010dnos\u0165ou v tejto oblasti.<\/span><\/li>\n<li>S\u00fakromn\u00e1 doprava pre mal\u00e9 skupiny<\/li>\n<li>\u0160norchel<\/li>\n<li style=\"font-weight: 400;\">Pl\u00e1\u017e El Rincon<\/li>\n<li>Madame Beach<\/li>\n<li>Pl\u00e1\u017e Fronton<\/li>\n<li style=\"font-weight: 400;\"><span style=\"font-weight: 400;\">V\u0161etky dane, poplatky a manipula\u010dn\u00e9 poplatky<\/span><\/li>\n<li style=\"font-weight: 400;\"><span style=\"font-weight: 400;\">Miestne dane<\/span><\/li>\n<li>Obed na Pl\u00e1\u017ei<\/li>\n<li>Turistika<\/li>\n<li style=\"font-weight: 400;\"><span style=\"font-weight: 400;\">V\u0161etky aktivity<\/span><\/li>\n<\/ol>\n<p><b> Vyl\u00fa\u010denia<\/b><\/p>\n<ol>\n<li style=\"font-weight: 400;\"><span style=\"font-weight: 400;\">Spropitn\u00e9<\/span><\/li>\n<\/ol>\n<h4><em><strong>Odchod a n\u00e1vrat<\/strong><\/em><\/h4>\n<p><span style=\"font-weight: 400;\">Cestuj\u00faci z\u00edska miesto stretnutia po procese rezerv\u00e1cie. Prehliadky za\u010d\u00ednaj\u00fa a kon\u010dia v miestach na\u0161ich stretnut\u00ed.<\/span><\/p>\n<h3>Playa Rinc\u00f3n, Playa Fronton + Playa Madame Beach, Saman\u00e1 \u2013 Dominik\u00e1nska republika. Denn\u00fd v\u00fdlet Samana.<\/h3>\n<h4><b><i>\u010co o\u010dak\u00e1va\u0165?<\/i><\/b><\/h4>\n<p><em><strong>Z\u00edskajte l\u00edstky<\/strong><\/em> za n\u00e1v\u0161tevu Boca del diablo a pl\u00e1\u017ee Fronton v Samane. Denn\u00fd v\u00fdlet. Po\u010dn\u00fac hotelov\u00fdmi oblas\u0165ami Samana, n\u00e1v\u0161tevou 3 najunik\u00e1tnej\u0161\u00edch pl\u00e1\u017e\u00ed v Dominik\u00e1nskej republike. Playa Rinc\u00f3n je neporu\u0161en\u00fd p\u00e1s bieleho piesku, ktor\u00fd sa tiahne v d\u013a\u017eke asi 4 kilometre pozd\u013a\u017e nezastavanej \u010dasti pobre\u017eia. T\u00e1to od\u013eahl\u00e1 pl\u00e1\u017e, lemovan\u00e1 hranicou kokosov\u00fdch paliem a na oboch koncoch ohrani\u010den\u00e1 horami a \u00fatesmi, p\u00f4sob\u00ed ako skuto\u010dn\u00e1 ut\u00f3pia, odrezan\u00e1 od civiliz\u00e1cie.<\/p>\n<p>Po pl\u00e1\u017ei El Rincon nav\u0161t\u00edvime Madame. T\u00e1to pl\u00e1\u017e je be\u017enou prvou zast\u00e1vkou pri \u0161norchlovan\u00ed (vr\u00e1tane Playa Fronton, pozri ni\u017e\u0161ie) a je pr\u00edstupn\u00e1 iba lo\u010fou alebo ko\u0148om. Zatia\u013e \u010do scen\u00e9ria bola dramatick\u00e1 a my sme milovali kontrolu ne\u010falek\u00fdch jask\u00fd\u0148 a turistiku na \u00fatesoch.<\/p>\n<p>Poslednou mo\u017enos\u0165ou v na\u0161om v\u00fdlete je Fronton Beach. Voda je tu super \u010dist\u00e1, kr\u00e1sny odtie\u0148 modrej a okolit\u00fd koralov\u00fd \u00fates zais\u0165uje, \u017ee pl\u00e1\u017e je ve\u013emi bezpe\u010dn\u00e1 na k\u00fapanie<\/p>\n<p>&nbsp;<\/p>\n<p>nPrehliadka organizovan\u00e1 organiz\u00e1ciou \u201eBooking Adventures\u201c za\u010d\u00edna na mieste stretnutia s na\u0161\u00edm sprievodcom. Pr\u00ed\u010fte s Booking Adventures a dajte si obed na pl\u00e1\u017ei a u\u017eite si 7 naj\u00fa\u017easnej\u0161\u00edch pl\u00e1\u017e\u00ed v Samane v Dominik\u00e1nskej republike.<\/p>\n<div class=\"body-description secondary\">\n<p>&nbsp;<\/p>\n<\/div>\n<h4><em><strong>\u010co by ste si mali prinies\u0165?<\/strong><\/em><\/h4>\n<ul>\n<li style=\"font-weight: 400;\"><span style=\"font-weight: 400;\">fotoapar\u00e1t<\/span><\/li>\n<li style=\"font-weight: 400;\"><span style=\"font-weight: 400;\">Repelentn\u00e9 p\u00fa\u010diky<\/span><\/li>\n<li style=\"font-weight: 400;\"><span style=\"font-weight: 400;\">Opa\u013eovac\u00ed kr\u00e9m<\/span><\/li>\n<li>Voda<\/li>\n<li style=\"font-weight: 400;\"><span style=\"font-weight: 400;\">Klob\u00fak<\/span><\/li>\n<li style=\"font-weight: 400;\"><span style=\"font-weight: 400;\">Pohodln\u00e9 nohavice<\/span><\/li>\n<li style=\"font-weight: 400;\"><span style=\"font-weight: 400;\">Turistick\u00e1 obuv do lesa<\/span><\/li>\n<li style=\"font-weight: 400;\"><span style=\"font-weight: 400;\">Sand\u00e1le do jarn\u00fdch oblast\u00ed.<\/span><\/li>\n<li style=\"font-weight: 400;\"><span style=\"font-weight: 400;\">Oble\u010denie na pl\u00e1vanie<\/span><\/li>\n<\/ul>\n<p>&nbsp;<\/p>\n<h4><b><i>Vyzdvihnutie v hoteli <\/i><\/b><\/h4>\n<p><span style=\"font-weight: 400;\">Pre tento z\u00e1jazd je k dispoz\u00edcii vyzdvihnutie v hoteli. <\/span><\/p>\n<p>&nbsp;<\/p>\n<p><b>Pozn\u00e1mka:<\/b><span style=\"font-weight: 400;\"> Ak si rezervujete do 24 hod\u00edn od \u010dasu odchodu z\u00e1jazdu\/exkurzie, m\u00f4\u017eeme v\u00e1m za pr\u00edplatok zabezpe\u010di\u0165 vyzdvihnutie v hoteli. Pr\u00e1ve sme si to vyzdvihli v oblasti Samana. Po dokon\u010den\u00ed n\u00e1kupu v\u00e1m po\u0161leme kompletn\u00e9 kontaktn\u00e9 inform\u00e1cie (telef\u00f3nne \u010d\u00edslo, e-mailov\u00fa adresu at\u010f.) pre n\u00e1\u0161ho miestneho sprievodcu, aby sme mohli zabezpe\u010di\u0165 vyzdvihnutie.<\/span><\/p>\n<h4><b><i>Potvrdenie dodato\u010dn\u00fdch inform\u00e1ci\u00ed <\/i><\/b><\/h4>\n<ol>\n<li>Vstupenky s\u00fa potvrden\u00edm po zaplaten\u00ed tohto z\u00e1jazdu. Platbu m\u00f4\u017eete zobrazi\u0165 na telef\u00f3ne.<\/li>\n<li style=\"font-weight: 400;\"><span style=\"font-weight: 400;\">Miesto stretnutia bude prijat\u00e9 po procese rezerv\u00e1cie.<\/span><\/li>\n<li style=\"font-weight: 400;\"><span style=\"font-weight: 400;\">Deti musia by\u0165 v sprievode dospelej osoby.<\/span><\/li>\n<li style=\"font-weight: 400;\"><span style=\"font-weight: 400;\"> Bezbari\u00e9rov\u00fd pr\u00edstup <\/span><\/li>\n<li style=\"font-weight: 400;\"><span style=\"font-weight: 400;\">Doj\u010dat\u00e1 musia sedie\u0165 na kolen\u00e1ch <\/span><\/li>\n<li style=\"font-weight: 400;\"><span style=\"font-weight: 400;\">Neodpor\u00fa\u010da sa pre cestuj\u00facich s probl\u00e9mami s chrbtom<\/span><\/li>\n<li style=\"font-weight: 400;\"><span style=\"font-weight: 400;\">Neodpor\u00fa\u010da sa pre tehotn\u00e9 cestovate\u013eky <\/span><\/li>\n<li style=\"font-weight: 400;\"><span style=\"font-weight: 400;\"> \u017diadne srdcov\u00e9 probl\u00e9my ani in\u00e9 v\u00e1\u017ene zdravotn\u00e9 \u0165a\u017ekosti <\/span><\/li>\n<li style=\"font-weight: 400;\"><span style=\"font-weight: 400;\">V\u00e4\u010d\u0161ina cestovate\u013eov sa m\u00f4\u017ee z\u00fa\u010dastni\u0165<\/span><\/li>\n<\/ol>\n<h4><b><i>Podmienky zru\u0161enia<\/i><\/b><\/h4>\n<p>Ak chcete z\u00edska\u0165 pln\u00fa n\u00e1hradu, pre\u010d\u00edtajte si na\u0161e pravidl\u00e1 pre zru\u0161enie\u00a0<a href=\"https:\/\/www.boattoursamana.com\/sk\/online-rezervacia\/\" target=\"_blank\" rel=\"noopener\" data-saferedirecturl=\"https:\/\/www.google.com\/url?q=https:\/\/www.boattoursamana.com\/online-booking\/&amp;source=gmail&amp;ust=1672449202351000&amp;usg=AOvVaw1yAeVAPktmaVCqDujgUn90\">Kliknite tu<\/a>. Finan\u010dn\u00e9 prostriedky bud\u00fa straten\u00e9, ak bude rezerv\u00e1cia zru\u0161en\u00e1 v ten ist\u00fd de\u0148 z\u00e1jazdu.<\/p>\n\n\t\t<\/div>\n\t<\/div>\n<\/div><\/div><\/div><\/div><div class=\"vc_row wpb_row vc_row-fluid\" ><div class=\"wpb_column vc_column_container vc_col-sm-12\"><div class=\"vc_column-inner\"><div class=\"wpb_wrapper\">\n\t<div class=\"wpb_video_widget wpb_content_element vc_clearfix   vc_video-aspect-ratio-169 vc_video-el-width-100 vc_video-align-left\" >\n\t\t<div class=\"wpb_wrapper\">\n\t\t\t<h2 class=\"wpb_heading wpb_video_heading\">Boca del diablo a pl\u00e1\u017e Fronton<\/h2>\n\t\t\t<div class=\"wpb_video_wrapper\"><iframe loading=\"lazy\" title=\"Polostrov Saman\u00e1, Dominik\u00e1nska republika (DJI Phantom 4 4K)\" width=\"1100\" height=\"619\" src=\"https:\/\/www.youtube.com\/embed\/DYDXVm8Q_iM?feature=oembed\" frameborder=\"0\" allow=\"accelerometer; autoplay; encrypted-media; gyroscope; picture-in-picture\" allowfullscreen><\/iframe><\/div>\n\t\t<\/div>\n\t<\/div>\n<\/div><\/div><\/div><\/div><div class=\"vc_row wpb_row vc_row-fluid\" ><div class=\"wpb_column vc_column_container vc_col-sm-12\"><div class=\"vc_column-inner\"><div class=\"wpb_wrapper\"><div class=\"vc_empty_space\"   style=\"height: 32px\"><span class=\"vc_empty_space_inner\"><\/span><\/div>\n\t<div class=\"wpb_text_column wpb_content_element\" >\n\t\t<div class=\"wpb_wrapper\">\n\t\t\t<h4>Kontaktuj n\u00e1s?<\/h4>\n<h5>Rezerva\u010dn\u00e9 dobrodru\u017estv\u00e1<\/h5>\n<p><em><strong>Miestni obyvatelia<\/strong>\u00a0a\u00a0<strong>\u0160t\u00e1tni pr\u00edslu\u0161n\u00edci<\/strong>\u00a0Sprievodcovia a slu\u017eby pre host\u00ed<\/em><\/p>\n<p><span class=\"text-turquoise\">Rezerv\u00e1cie:<\/span>\u00a0Prehliadky a exkurzie v Dom. Rep.<\/p>\n<p><img decoding=\"async\" class=\"emoji\" draggable=\"false\" src=\"https:\/\/s.w.org\/images\/core\/emoji\/11.2.0\/svg\/1f4de.svg\" alt=\"\ud83d\udcde\" title=\"\">\u00a0Tel \/ Whatsapp\u00a0\u00a0<a href=\"tel:+1-809-720-6035\">+1-809-720-6035<\/a>.<\/p>\n<p><img decoding=\"async\" class=\"emoji\" draggable=\"false\" src=\"https:\/\/s.w.org\/images\/core\/emoji\/11.2.0\/svg\/1f4e9.svg\" alt=\"\ud83d\udce9\" title=\"\">\u00a0<a href=\"mailto:info@bookingadventures.com.do\">info@bookingadventures.com.do<\/a><\/p>\n<p><strong>Flexibilne nastavujeme s\u00fakromn\u00e9 prehliadky od Whatsapp:\u00a0<a href=\"tel:+18097206035\">+18097206035.<\/a><\/strong><\/p>\n\n\t\t<\/div>\n\t<\/div>\n<div class=\"vc_empty_space\"   style=\"height: 32px\"><span class=\"vc_empty_space_inner\"><\/span><\/div><\/div><\/div><\/div><\/div><div class=\"vc_row wpb_row vc_row-fluid\" ><div class=\"wpb_column vc_column_container vc_col-sm-12\"><div class=\"vc_column-inner\"><div class=\"wpb_wrapper\"><div class=\"vc_btn3-container vc_btn3-inline\" ><button class=\"vc_general vc_btn3 vc_btn3-size-md vc_btn3-shape-rounded vc_btn3-style-modern vc_btn3-color-green\">REZERVOVA\u0164<\/button><\/div><\/div><\/div><\/div><\/div>","protected":false},"excerpt":{"rendered":"<p>V\u00fdlet za\u010d\u00edna na mieste Vyzdvihnutie vo va\u0161om hoteli alebo Airbnb v oblasti Samana. Objavte s nami 3 tajn\u00e9 a divok\u00e9 pl\u00e1\u017ee regi\u00f3nu El Rincon beach, Playa madame a Playa Fronton. Jeden z najkraj\u0161\u00edch v\u00fdletov na polostrove Saman\u00e1. Vst\u00fapte do jedine\u010dnej atmosf\u00e9ry Playa Front\u00f3n, pl\u00e1\u017ee, na ktor\u00fa sa d\u00e1 dosta\u0165 iba lo\u010fou, obklopenej koralov\u00fdm \u00fatesom, okolo ktor\u00e9ho m\u00f4\u017eete \u0161norchlova\u0165, pl\u00e1va\u0165 s rybami a objavova\u0165 jeho koraly a relaxova\u0165 a u\u017e\u00edva\u0165 si \u00fa\u017easn\u00fa scen\u00e9riu. Oddych, pl\u00e1vanie a potom odchod na Playa madame, \u010fal\u0161iu a izolovan\u00fa perfektn\u00fa pl\u00e1\u017e na \u0161norchlovanie, kde m\u00f4\u017eete nav\u0161t\u00edvi\u0165 aj jasky\u0148u a nasn\u00edma\u0165 skvel\u00e9 vide\u00e1 alebo fotografie na \u00fa\u017easn\u00e9 spomienky.<\/p>\n<p>&nbsp;<\/p>\n<p><strong>Vyberte d\u00e1tum prehliadky:\u00a0<\/strong><\/p>","protected":false},"featured_media":8240,"template":"","meta":[],"product_cat":[160,655,170,255],"product_tag":[378,377,374,373,379,327,376,375,200,187],"class_list":["post-9373","product","type-product","status-publish","has-post-thumbnail","hentry","product_cat-lunch","product_cat-1-samana","product_cat-local-tour-guides","product_cat-tours-excursions-samana-bay-dominican-republic","product_tag-fronton-beach","product_tag-madame-beach","product_tag-playa-fronton-playa-madame-beach","product_tag-playa-rincon","product_tag-playa-rincon-tours","product_tag-private-tours-samana","product_tag-rincon-beach-tour","product_tag-samana-dominican-republic","product_tag-samana-excursions","product_tag-samana-tours"],"_links":{"self":[{"href":"https:\/\/www.boattoursamana.com\/sk\/wp-json\/wp\/v2\/product\/9373","targetHints":{"allow":["GET"]}}],"collection":[{"href":"https:\/\/www.boattoursamana.com\/sk\/wp-json\/wp\/v2\/product"}],"about":[{"href":"https:\/\/www.boattoursamana.com\/sk\/wp-json\/wp\/v2\/types\/product"}],"wp:featuredmedia":[{"embeddable":true,"href":"https:\/\/www.boattoursamana.com\/sk\/wp-json\/wp\/v2\/media\/8240"}],"wp:attachment":[{"href":"https:\/\/www.boattoursamana.com\/sk\/wp-json\/wp\/v2\/media?parent=9373"}],"wp:term":[{"taxonomy":"product_cat","embeddable":true,"href":"https:\/\/www.boattoursamana.com\/sk\/wp-json\/wp\/v2\/product_cat?post=9373"},{"taxonomy":"product_tag","embeddable":true,"href":"https:\/\/www.boattoursamana.com\/sk\/wp-json\/wp\/v2\/product_tag?post=9373"}],"curies":[{"name":"wp","href":"https:\/\/api.w.org\/{rel}","templated":true}]}}