{"id":9453,"date":"2019-09-23T17:16:42","date_gmt":"2019-09-23T17:16:42","guid":{"rendered":"https:\/\/www.ticketswhales.com\/Tours-Excursions\/uncategorized\/import-placeholder-for-977\/"},"modified":"2023-11-10T17:56:25","modified_gmt":"2023-11-10T17:56:25","slug":"day-pass-cano-hondo-natural-pools-lunch-included","status":"publish","type":"product","link":"https:\/\/www.boattoursamana.com\/sk\/turne\/celodenny-listok-cano-hondo-prirodne-bazeny-obed-v-cene","title":{"rendered":"Celodenn\u00fd l\u00edstok Ca\u00f1o Hondo \u2013 pr\u00edrodn\u00e9 baz\u00e9ny a obed v cene"},"content":{"rendered":"<div class=\"vc_row wpb_row vc_row-fluid\" ><div class=\"wpb_column vc_column_container vc_col-sm-12\"><div class=\"vc_column-inner\"><div class=\"wpb_wrapper\"><div class=\"vc_message_box vc_message_box-standard vc_message_box-rounded vc_color-info\" ><div class=\"vc_message_box-icon\"><i class=\"fas fa-info-circle\"><\/i><\/div><p>Rezervujte si n\u00edzke ceny v izb\u00e1ch Cano Hondo <a href=\"http:\/\/dominican-republic-hotels.com\/hotel\/cano-hondo-hotel-eco-lodge\/\" rel=\"noopener\">Kliknite tu.<\/a><\/p>\n<\/div><div class=\"vc_btn3-container vc_btn3-inline\" ><button class=\"vc_general vc_btn3 vc_btn3-size-md vc_btn3-shape-rounded vc_btn3-style-modern vc_btn3-color-green\">REZERVOVA\u0164<\/button><\/div>\n\t<div class=\"wpb_text_column wpb_content_element\" >\n\t\t<div class=\"wpb_wrapper\">\n\t\t\t<div class=\"vc_row wpb_row vc_row-fluid\">\n<div class=\"wpb_column vc_column_container vc_col-sm-12\">\n<div class=\"vc_column-inner\">\n<div class=\"wpb_wrapper\">\n<div class=\"wpb_text_column wpb_content_element\">\n<div class=\"wpb_wrapper\">\n<h2 class=\"mkdf-single-product-title\">Celodenn\u00fd l\u00edstok Ca\u00f1o Hondo \u2013 pr\u00edrodn\u00e9 baz\u00e9ny a obed v cene<\/h2>\n<h4><b><i>Popis<\/i><\/b><\/h4>\n<p>Ca\u00f1o Hondo Day Pass Ticket to our Natural Outdoor Swimming Pools with Lunch by Buffet included. Every day from 8:30 AM until 5:00 PM.<\/p>\n<div class=\"wpb_text_column wpb_content_element\">\n<div class=\"wpb_wrapper\">\n<p>nBaz\u00e9ny s\u00fa \u00faplne biologick\u00e9 bez potreby chl\u00f3ru alebo chemik\u00e1li\u00ed, ktor\u00e9 vytv\u00e1raj\u00fa svoju vlastn\u00fa prirodzen\u00fa ekol\u00f3giu a vyv\u00e1\u017een\u00fd ekosyst\u00e9m t\u00fdm, \u017ee s\u00fa navrhnut\u00e9 a postaven\u00e9 ur\u010dit\u00fdm sp\u00f4sobom. Po dosiahnut\u00ed rovnov\u00e1hy je voda prirodzene \u010dist\u00e1 ako v horskom jazere.<\/p>\n<\/div>\n<\/div>\n<div class=\"wpb_text_column wpb_content_element\">\n<div class=\"wpb_wrapper\">\n<p><strong>U\u017eite si pr\u00edrodn\u00e9 ekologick\u00e9 baz\u00e9ny, ktor\u00e9 kr\u00e1sne zapadaj\u00fa do pokojnej a origin\u00e1lnej krajiny v n\u00e1rodnom parku Los Haitises, Sabana de la Mar. <\/strong><\/p>\n<p style=\"text-align: center;\"><strong>Str\u00e1vte \u00fa\u017easn\u00fd de\u0148 so svojou rodinou alebo priate\u013emi.<\/strong><\/p>\n<\/div>\n<\/div>\n<p>&nbsp;<\/p>\n<h3><b>Zahrnutie y Vyl\u00fa\u010denia<\/b><\/h3>\n<p><b>Inkl\u00fazie<\/b><\/p>\n<ol>\n<li>Obed \u2013 bufet<\/li>\n<li>Vstup do pr\u00edrodn\u00fdch k\u00fapal\u00edsk<\/li>\n<\/ol>\n<p><b>V\u00fdnimky (nie s\u00fa zahrnut\u00e9)<\/b><\/p>\n<ol>\n<li>Doprava<\/li>\n<li>Alkoholick\u00e9 n\u00e1poje<\/li>\n<\/ol>\n<p>&nbsp;<\/p>\n<h4><em><strong>Pre\u010do si k\u00fapi\u0165 l\u00edstok?<\/strong><\/em><\/h4>\n<p>Please to make a reservation in advance to establish the space in our restaurant and prepare the Lunch Buffet for you. After you make the reservation, our representatives will contact you to give you more information &#8211; How to get to our place, what is the menu of Lunch Buffet and to answer all your questions.<\/p>\n<p><strong>Pozn\u00e1mka: Zdarma pre deti do 3 rokov. Deti od 4 do 10 rokov platia len polovi\u010dn\u00fa cenu.<\/strong><\/p>\n<h2 style=\"text-align: center;\"><strong>Baz\u00e9ny s miner\u00e1lnou vodou navrhnut\u00e9 a postaven\u00e9 s d\u00f4razom na detail a kreativitu.<\/strong><\/h2>\n<p><strong>\u010das:<\/strong><\/p>\n<p>8:30 am &#8211; 5:00 pm<\/p>\n<p>&nbsp;<\/p>\n<h4><em><strong>\u010co by ste si mali vzia\u0165 so sebou?<\/strong><\/em><\/h4>\n<ul>\n<li>Camara<\/li>\n<li>\u00a0Repelent<\/li>\n<li>opa\u013eovac\u00ed kr\u00e9m<\/li>\n<\/ul>\n<p>&nbsp;<\/p>\n<h4><i>Doprava: <\/i><\/h4>\n<p>Transport is not included.<\/p>\n<p><b>Pozn\u00e1mka: Ak m\u00e1te z\u00e1ujem o prevod, kontaktujte n\u00e1s.<\/b><\/p>\n<h4><b><i>Storno podmienky<\/i><\/b><\/h4>\n<p>nAk chcete z\u00edska\u0165 pln\u00fa n\u00e1hradu, pre\u010d\u00edtajte si na\u0161e Z\u00e1sady zru\u0161enia v p\u00e4te webovej str\u00e1nky.<\/p>\n<\/div>\n<\/div>\n<\/div>\n<\/div>\n<\/div>\n<\/div>\n<div class=\"vc_row wpb_row vc_row-fluid\">\n<div class=\"wpb_column vc_column_container vc_col-sm-12\">\n<div class=\"vc_column-inner\">\n<div class=\"wpb_wrapper\">\n<div class=\"wpb_text_column wpb_content_element\">\n<div class=\"wpb_wrapper\">\n<p>&nbsp;<\/p>\n<h3 style=\"text-align: center;\">M\u00f4\u017eete si tie\u017e u\u017ei\u0165 mno\u017estvo aktiv\u00edt a exkurzi\u00ed s miestnym turistick\u00fdm sprievodcom.<\/h3>\n<p><strong>Zoznam aktiv\u00edt:<\/strong><br \/>\nPod\u0161\u00edvka na zips<br \/>\nLezenie po skalnej stene<br \/>\nJazda na koni<br \/>\nGuided or self-guided hikes in the Los Haitises<br \/>\nKayaking in the Los Haitises<br \/>\nGuided boat tours into Los Haitises<br \/>\nWhale watching (from Jan 15 &#8211; March 20)<br \/>\nRiaden\u00e9 pozorovanie vt\u00e1kov<br \/>\nCayo Levantado\/Bacardi island<br \/>\nWildlife and Nature<br \/>\nWaterfalls El Limon, Samana<\/p>\n<p><strong>Pre viac inform\u00e1ci\u00ed o aktivit\u00e1ch a v\u00fdletoch n\u00e1s pros\u00edm kontaktujte. Tie\u017e M\u00f4\u017eete <a href=\"http:\/\/haitises.com\/\" rel=\"noopener\">Rezervujte tu.<\/a><\/strong><\/p>\n<h4><b><i>Podmienky zru\u0161enia<\/i><\/b><\/h4>\n<p>Ak chcete z\u00edska\u0165 pln\u00fa n\u00e1hradu, pre\u010d\u00edtajte si na\u0161e pravidl\u00e1 pre zru\u0161enie\u00a0<a href=\"https:\/\/www.boattoursamana.com\/sk\/online-rezervacia\/\" target=\"_blank\" rel=\"noopener\" data-saferedirecturl=\"https:\/\/www.google.com\/url?q=https:\/\/www.boattoursamana.com\/online-booking\/&amp;source=gmail&amp;ust=1672449202351000&amp;usg=AOvVaw1yAeVAPktmaVCqDujgUn90\">Kliknite tu<\/a>. Finan\u010dn\u00e9 prostriedky bud\u00fa straten\u00e9, ak bude rezerv\u00e1cia zru\u0161en\u00e1 v ten ist\u00fd de\u0148 z\u00e1jazdu.<\/p>\n<\/div>\n<\/div>\n<\/div>\n<\/div>\n<\/div>\n<\/div>\n\n\t\t<\/div>\n\t<\/div>\n<\/div><\/div><\/div><\/div><div class=\"vc_row wpb_row vc_row-fluid\" ><div class=\"wpb_column vc_column_container vc_col-sm-12\"><div class=\"vc_column-inner\"><div class=\"wpb_wrapper\"><div class=\"vc_btn3-container vc_btn3-inline\" ><button class=\"vc_general vc_btn3 vc_btn3-size-md vc_btn3-shape-rounded vc_btn3-style-modern vc_btn3-color-green\">REZERVOVA\u0164<\/button><\/div><\/div><\/div><\/div><\/div>","protected":false},"excerpt":{"rendered":"<p>K\u00fapte si celodenn\u00fd l\u00edstok Pr\u00edrodn\u00e9 baz\u00e9ny v hoteli Ca\u00f1o Hondo v n\u00e1rodnom parku Los Haitises, Sabana de la Mar. Obed je zahrnut\u00fd v cene.<\/p>\n<p>For more information, please contact us.<\/p>","protected":false},"featured_media":9457,"template":"","meta":[],"product_cat":[946,160,933,15],"product_tag":[425,176,421,422,171,209,426,423,424,175,186,187],"class_list":["post-9453","product","type-product","status-publish","has-post-thumbnail","hentry","product_cat-1-sabana-de-la-mar","product_cat-lunch","product_cat-natural-pools-los-haitises","product_cat-uncategorized","product_tag-altos-cano-hondo","product_tag-cano-hondo","product_tag-cano-hondo-day-pass","product_tag-cano-hondo-sabana-de-la-mar","product_tag-los-haitises","product_tag-los-haitises-national-park","product_tag-los-haitises-tours","product_tag-paraiso-cano-hondo","product_tag-parque-los-haitises","product_tag-sabana-de-la-mar","product_tag-samana","product_tag-samana-tours"],"_links":{"self":[{"href":"https:\/\/www.boattoursamana.com\/sk\/wp-json\/wp\/v2\/product\/9453","targetHints":{"allow":["GET"]}}],"collection":[{"href":"https:\/\/www.boattoursamana.com\/sk\/wp-json\/wp\/v2\/product"}],"about":[{"href":"https:\/\/www.boattoursamana.com\/sk\/wp-json\/wp\/v2\/types\/product"}],"wp:featuredmedia":[{"embeddable":true,"href":"https:\/\/www.boattoursamana.com\/sk\/wp-json\/wp\/v2\/media\/9457"}],"wp:attachment":[{"href":"https:\/\/www.boattoursamana.com\/sk\/wp-json\/wp\/v2\/media?parent=9453"}],"wp:term":[{"taxonomy":"product_cat","embeddable":true,"href":"https:\/\/www.boattoursamana.com\/sk\/wp-json\/wp\/v2\/product_cat?post=9453"},{"taxonomy":"product_tag","embeddable":true,"href":"https:\/\/www.boattoursamana.com\/sk\/wp-json\/wp\/v2\/product_tag?post=9453"}],"curies":[{"name":"wp","href":"https:\/\/api.w.org\/{rel}","templated":true}]}}