{"id":9463,"date":"2019-09-25T10:00:51","date_gmt":"2019-09-25T10:00:51","guid":{"rendered":"https:\/\/www.ticketswhales.com\/?post_type=product&#038;p=9463"},"modified":"2023-11-10T17:46:17","modified_gmt":"2023-11-10T17:46:17","slug":"miches-whales-watching-half-day-experience-media-luna-half-moon","status":"publish","type":"product","link":"https:\/\/www.boattoursamana.com\/sk\/turne\/miches-velryby-sledovanie-pol-dna-zazitok-media-luna-polmesiac","title":{"rendered":"Miches Whales Watching Half Day Experience \u2013 Media Luna (Half-Moon)."},"content":{"rendered":"<div class=\"vc_row wpb_row vc_row-fluid\" ><div class=\"wpb_column vc_column_container vc_col-sm-12\"><div class=\"vc_column-inner\"><div class=\"wpb_wrapper\"><div class=\"vc_btn3-container vc_btn3-inline\" ><button class=\"vc_general vc_btn3 vc_btn3-size-md vc_btn3-shape-rounded vc_btn3-style-modern vc_btn3-color-green\">REZERVOVA\u0164<\/button><\/div><div class=\"mkdf-section-title-holder\" style=\"text-align: left\">\n\t<div class=\"mkdf-st-inner\">\n\t\t\t\t\t<h5 class=\"mkdf-st-subtitle\" >\n\t\t\t\tMedia Luna (polmesiac) v cene.\t\t\t<\/h5>\n\t\t\t\t\t\t\t<h3 class=\"mkdf-st-title\" >\n\t\t\t\tMiches Whales Watching Half Day Experience\t\t\t<\/h3>\n\t\t\t\t\t<\/div>\n<\/div><div class=\"vc_empty_space\"   style=\"height: 32px\"><span class=\"vc_empty_space_inner\"><\/span><\/div>\n\t<div class=\"wpb_text_column wpb_content_element\" >\n\t\t<div class=\"wpb_wrapper\">\n\t\t\t<div class=\"vc_row wpb_row vc_row-fluid\">\n<div class=\"wpb_column vc_column_container vc_col-sm-12\">\n<div class=\"vc_column-inner\">\n<div class=\"wpb_wrapper\">\n<div class=\"mkdf-section-title-holder\">\n<div class=\"mkdf-st-inner\">\n<h5 class=\"mkdf-st-subtitle\">Media Luna (polmesiac) v cene.<\/h5>\n<h3 class=\"mkdf-st-title\">Miches Whales Watching Half Day Experience<\/h3>\n<\/div>\n<\/div>\n<\/div>\n<\/div>\n<\/div>\n<\/div>\n<div class=\"vc_row wpb_row vc_row-fluid\"><\/div>\n<div class=\"wpb_column vc_column_container vc_col-sm-12\">\n<div class=\"vc_column-inner\">\n<div class=\"wpb_wrapper\"><\/div>\n<\/div>\n<\/div>\n<div class=\"wpb_text_column wpb_content_element\">\n<div class=\"wpb_wrapper\"><\/div>\n<\/div>\n<div class=\"vc_row wpb_row vc_row-fluid\">\n<div class=\"wpb_column vc_column_container vc_col-sm-12\">\n<div class=\"vc_column-inner\">\n<div class=\"wpb_wrapper\">\n<div class=\"wpb_text_column wpb_content_element\">\n<div class=\"wpb_wrapper\">\n<div class=\"vc_row wpb_row vc_row-fluid\">\n<div class=\"wpb_column vc_column_container vc_col-sm-12\">\n<div class=\"vc_column-inner\">\n<div class=\"wpb_wrapper\">\n<div class=\"wpb_text_column wpb_content_element\">\n<div class=\"wpb_wrapper\">\n<h4><a id=\"overview\" class=\"aal_anchor\" href=\"https:\/\/bookingadventures.com.do\/be\/dominicantour\/miches-whales-watching-half-day-experience-media-luna-half-moon\/#overview\" aria-hidden=\"true\" rel=\"noopener\"><\/a><b><i>Preh\u013ead\ud83d\udc33<\/i><\/b><\/h4>\n<p>Preru\u0161ujeme na\u0161u lo\u010f, aby sme nav\u0161t\u00edvili ve\u013eryby hrbat\u00e9 v ich vlastnom prostred\u00ed. Tento z\u00e1\u017eitok zah\u0155\u0148a pr\u00edrodn\u00fd baz\u00e9n pre morsk\u00e9 hviezdy a ryby. Mo\u017enos\u0165 \u0161norchlovania do pr\u00edrodn\u00fdch baz\u00e9nov.<strong>\u00a0Pozn\u00e1mka:<\/strong>\u00a0Nie na pl\u00e1vanie s ve\u013erybami. Sledovanie Na\u0161i kapit\u00e1ni s\u00fa vy\u0161kolen\u00ed, aby sa uistili, \u017ee vid\u00edte ve\u013eryby.<\/p>\n<p>Od 9:00 do 13:00. Observat\u00f3rium na pozorovanie ve\u013er\u00fdb a Po tomto v\u00fdlete za ve\u013erybou Whatchig sa vr\u00e1time do pr\u00edstavu Miches.<\/p>\n<p><strong>Pozn\u00e1mka:<\/strong>\u00a0T\u00e1to prehliadka nie je s\u00fakromn\u00e1. Ak chcete nastavi\u0165 s\u00fakromn\u00fa prehliadku, kontaktujte n\u00e1s!<\/p>\n<ul>\n<li>V\u00fdlet za pozorovan\u00edm ve\u013er\u00fdb<\/li>\n<li>Pr\u00edrodn\u00e9 k\u00fapalisko na pozorovanie hviezdnych r\u00fdb<\/li>\n<li>Transfer \u010dlnom katamaranom<\/li>\n<li>Kapit\u00e1n poskytuje pokyny a dozor<\/li>\n<li>Turistick\u00fd sprievodca<\/li>\n<\/ul>\n<p>&nbsp;<\/p>\n<h4><a id=\"inclusions-exclusions\" class=\"aal_anchor\" href=\"https:\/\/bookingadventures.com.do\/be\/dominicantour\/miches-whales-watching-half-day-experience-media-luna-half-moon\/#inclusions-exclusions\" aria-hidden=\"true\" rel=\"noopener\"><\/a><b>Inkl\u00fazie a vyl\u00fa\u010denia<\/b><\/h4>\n<p>&nbsp;<\/p>\n<p><b>Inkl\u00fazie<\/b><\/p>\n<ol>\n<li>Turistick\u00fd sprievodca<\/li>\n<li>Katamar\u00e1n alebo v\u00fdlet lo\u010fou<\/li>\n<li>V\u0161etky dane, poplatky a manipula\u010dn\u00e9 poplatky<\/li>\n<li>Miestne dane<\/li>\n<li>N\u00e1poje<\/li>\n<li>Tablety Dramamine (volite\u013en\u00e9)<\/li>\n<li>Vstupn\u00e9 do Santuary. (n\u00e1ramok)<\/li>\n<\/ol>\n<p><b>Vyl\u00fa\u010denia<\/b><\/p>\n<ol>\n<li>Spropitn\u00e9<\/li>\n<li>Presun auta<\/li>\n<li>Alkoholick\u00e9 n\u00e1poje<\/li>\n<\/ol>\n<p>&nbsp;<\/p>\n<h4><a id=\"departure-return\" class=\"aal_anchor\" href=\"https:\/\/bookingadventures.com.do\/be\/dominicantour\/miches-whales-watching-half-day-experience-media-luna-half-moon\/#departure-return\" aria-hidden=\"true\" rel=\"noopener\"><\/a><em><strong>Odchod a n\u00e1vrat<\/strong><\/em><\/h4>\n<p>Cestuj\u00faci z\u00edska miesto stretnutia po procese rezerv\u00e1cie. Prehliadky za\u010d\u00ednaj\u00fa a kon\u010dia v miestach na\u0161ich stretnut\u00ed.<\/p>\n<h3><a id=\"miches-whales-watching-half-day-experience-media-luna-half-moon\" class=\"aal_anchor\" href=\"https:\/\/bookingadventures.com.do\/be\/dominicantour\/miches-whales-watching-half-day-experience-media-luna-half-moon\/#miches-whales-watching-half-day-experience-media-luna-half-moon\" aria-hidden=\"true\" rel=\"noopener\"><\/a>Miches Whales Watching Half Day Experience \u2013 Media Luna (Half-Moon).<\/h3>\n<h4><a id=\"what-to-expect\" class=\"aal_anchor\" href=\"https:\/\/bookingadventures.com.do\/be\/dominicantour\/miches-whales-watching-half-day-experience-media-luna-half-moon\/#what-to-expect\" aria-hidden=\"true\" rel=\"noopener\"><\/a><b><i>\u010co o\u010dak\u00e1va\u0165?<\/i><\/b><\/h4>\n<p>&nbsp;<\/p>\n<p><em><strong>Z\u00edskajte l\u00edstky<\/strong><\/em>\u00a0na poldenn\u00fd v\u00fdlet Pozorovanie ve\u013er\u00fdb v z\u00e1toke Saman\u00e1 od Miches.<\/p>\n<p>Poldenn\u00fd v\u00fdlet za pozorovan\u00edm ve\u013er\u00fdb, ktor\u00fd organizuje \u201eBooking Adventures\u201c, za\u010d\u00edna na mieste stretnutia s turistick\u00fdm sprievodcom. Tento v\u00fdlet nav\u0161t\u00edvi Media Luna (Polmesiac). Obed na pl\u00e1\u017ei je\u00a0<strong>nie<\/strong>\u00a0zahrn\u00fa\u0165 do tejto prehliadky.<\/p>\n<p><strong>\u010co je to Media Luna?<\/strong><\/p>\n<p>Je to miesto, kde hladina vody z\u00e1vis\u00ed od horizontu pr\u00edlivu alebo odlivu alebo morsk\u00fdch pr\u00fadov, ktor\u00fd sa pri vysokej prehlbuje a pri n\u00edzkom prietok baz\u00e9na kles\u00e1. Skrytos\u0165 a pr\u00edstup k nemu pri mori z neho rob\u00ed magick\u00e9 a panensk\u00e9 miesto pre t\u00fdch, ktor\u00ed ho nav\u0161t\u00edvia a nechc\u00fa od\u00eds\u0165. Nie s\u00fa tu \u017eiadne stromy, ktor\u00e9 by sa mohli ukry\u0165 pred slnkom, ale voda je studen\u00e1 v d\u00f4sledku kol\u00edsania alebo kol\u00edsania pas\u00e1tov v tejto oblasti.<\/p>\n<p>D\u00e1 sa zhrn\u00fa\u0165, \u017ee ide o pr\u00edrodn\u00fa lag\u00fanu v Atlantickom oce\u00e1ne, ktor\u00e1 za svoj n\u00e1zov v\u010fa\u010d\u00ed tomu, \u017ee pri poh\u013eade zhora pripom\u00edna polmesiac. Miestni ho naz\u00fdvaj\u00fa aj Cayo de la Media Luna, tvoren\u00fd koralov\u00fdmi \u00fatesmi a bielym pieskom, z kri\u0161t\u00e1\u013eovej vody roztr\u00fasenej v\u0161ade, aby rozb\u00edjal prirodzen\u00e9 vlny, ktor\u00e9 upokojuj\u00fa jej vody. Ke\u010f je pr\u00edliv stabiln\u00fd, jeho h\u013abka nepresahuje tri stopy, v\u010faka \u010domu si deti aj dospel\u00ed u\u017e\u00edvaj\u00fa toto nebesk\u00e9 miesto so slanou vodou.<\/p>\n<p>&nbsp;<\/p>\n<p><strong>Rozvrh hod\u00edn:<\/strong><\/p>\n<p>8:45 \u2013 12:30<\/p>\n<p>&nbsp;<\/p>\n<\/div>\n<p>\u010cas sa m\u00f4\u017ee zmeni\u0165 pod\u013ea toho, ko\u013eko ve\u013er\u00fdb uvid\u00edme.<\/p>\n<div class=\"wpb_wrapper\">\n<p>&nbsp;<\/p>\n<h4><a id=\"what-you-should-bring\" class=\"aal_anchor\" href=\"https:\/\/bookingadventures.com.do\/be\/dominicantour\/miches-whales-watching-half-day-experience-media-luna-half-moon\/#what-you-should-bring\" aria-hidden=\"true\" rel=\"noopener\"><\/a><em><strong>\u010co by ste si mali prinies\u0165?<\/strong><\/em><\/h4>\n<ul>\n<li>fotoapar\u00e1t<\/li>\n<li>Repelentn\u00e9 p\u00fa\u010diky<\/li>\n<li>opa\u013eovac\u00ed kr\u00e9m<\/li>\n<li>Klob\u00fak<\/li>\n<li>Pohodln\u00e9 nohavice<\/li>\n<li>Oble\u010denie na pl\u00e1vanie<\/li>\n<li>Peniaze za suven\u00edry<\/li>\n<\/ul>\n<p>&nbsp;<\/p>\n<h4><a id=\"hotel-pickup\" class=\"aal_anchor\" href=\"https:\/\/bookingadventures.com.do\/be\/dominicantour\/miches-whales-watching-half-day-experience-media-luna-half-moon\/#hotel-pickup\" aria-hidden=\"true\" rel=\"noopener\"><\/a><b><i>Vyzdvihnutie v hoteli<\/i><\/b><\/h4>\n<p>Vyzdvihnutie v hoteli sa pre tento z\u00e1jazd nepon\u00faka. M\u00f4\u017eeme to nastavi\u0165 cez Whatsapp.<\/p>\n<p>&nbsp;<\/p>\n<p><b>Pozn\u00e1mka:<\/b>\u00a0ak si rezervujete do 24 hod\u00edn od \u010dasu odchodu z\u00e1jazdu\/exkurzie, m\u00f4\u017eeme zariadi\u0165 vyzdvihnutie v hoteli s dodato\u010dn\u00fdmi poplatkami. Po dokon\u010den\u00ed n\u00e1kupu v\u00e1m po\u0161leme kompletn\u00e9 kontaktn\u00e9 inform\u00e1cie (telef\u00f3nne \u010d\u00edslo, e-mailov\u00fa adresu at\u010f.) pre n\u00e1\u0161ho miestneho sprievodcu, aby sme mohli zorganizova\u0165 opatrenia na vyzdvihnutie.<\/p>\n<h4><a id=\"additional-info-confirmation\" class=\"aal_anchor\" href=\"https:\/\/bookingadventures.com.do\/be\/dominicantour\/miches-whales-watching-half-day-experience-media-luna-half-moon\/#additional-info-confirmation\" aria-hidden=\"true\" rel=\"noopener\"><\/a><b><i>Potvrdenie dodato\u010dn\u00fdch inform\u00e1ci\u00ed<\/i><\/b><\/h4>\n<ol>\n<li>Vstupenky s\u00fa potvrden\u00edm po zaplaten\u00ed tohto z\u00e1jazdu. Platbu m\u00f4\u017eete zobrazi\u0165 na telef\u00f3ne.<\/li>\n<li>Miesto stretnutia bude prijat\u00e9 po procese rezerv\u00e1cie.<\/li>\n<li>Deti musia by\u0165 v sprievode dospelej osoby.<\/li>\n<li>bezbari\u00e9rov\u00fd pr\u00edstup<\/li>\n<li>Doj\u010dat\u00e1 musia sedie\u0165 na kolen\u00e1ch<\/li>\n<li>V\u00e4\u010d\u0161ina cestovate\u013eov sa m\u00f4\u017ee z\u00fa\u010dastni\u0165<\/li>\n<\/ol>\n<h4><a id=\"cancellation-policy\" class=\"aal_anchor\" href=\"https:\/\/bookingadventures.com.do\/be\/dominicantour\/miches-whales-watching-half-day-experience-media-luna-half-moon\/#cancellation-policy\" aria-hidden=\"true\" rel=\"noopener\"><\/a><b><i>Podmienky zru\u0161enia<\/i><\/b><\/h4>\n<p>Ak chcete z\u00edska\u0165 pln\u00fa n\u00e1hradu, zru\u0161te aspo\u0148 24 hod\u00edn pred d\u00e1tumom za\u010diatku z\u00e1\u017eitku.<\/p>\n<\/div>\n<\/div>\n<\/div>\n<\/div>\n<\/div>\n<\/div>\n<\/div>\n<\/div>\n<\/div>\n<\/div>\n<\/div>\n<\/div>\n\n\t\t<\/div>\n\t<\/div>\n<\/div><\/div><\/div><\/div><div class=\"vc_row wpb_row vc_row-fluid\" ><\/div><div class=\"wpb_column vc_column_container vc_col-sm-12\"><div class=\"vc_column-inner\"><div class=\"wpb_wrapper\"><\/div><\/div><\/div><div class=\"vc_row wpb_row vc_row-fluid\" ><div class=\"wpb_column vc_column_container vc_col-sm-12\"><div class=\"vc_column-inner\"><div class=\"wpb_wrapper\"><div class=\"vc_btn3-container vc_btn3-inline\" ><button class=\"vc_general vc_btn3 vc_btn3-size-md vc_btn3-shape-rounded vc_btn3-style-modern vc_btn3-color-green\">REZERVOVA\u0164<\/button><\/div><\/div><\/div><\/div><\/div>","protected":false},"excerpt":{"rendered":"<p>Poldenn\u00e9 pozorovanie ve\u013er\u00fdb v Samana Bay, Dominik\u00e1nska republika. Pozorovanie ve\u013er\u00fdb z pr\u00edstavu Miches na pohodlnom katamar\u00e1ne alebo lodi. Rezervujte si r\u00e1no po ra\u0148ajk\u00e1ch a nav\u0161t\u00edvte Media Luna (Half Moon) a pozorovanie ve\u013er\u00fdb. Rezervujte si t\u00fato exkurziu v z\u00e1live Samana u\u017e teraz, aby ste mali dobr\u00fd z\u00e1\u017eitok z pozorovania ve\u013er\u00fdb a cestovania po mori.<\/p>\n<p><strong>Vyberte si d\u00e1tum z\u00e1jazdu:<\/strong><\/p>","protected":false},"featured_media":12019,"template":"","meta":[],"product_cat":[427,255,937],"product_tag":[428,429,228,393,327,199,342,276,277,274,389,388,275],"class_list":["post-9463","product","type-product","status-publish","has-post-thumbnail","hentry","product_cat-miches-whale-watching-and-media-luna","product_cat-tours-excursions-samana-bay-dominican-republic","product_cat-whale-watching-miches","product_tag-half-day-whale-watching-miches","product_tag-media-luna-miches","product_tag-miches","product_tag-miches-whale-watching","product_tag-private-tours-samana","product_tag-samana-bay","product_tag-samana-whale-watching","product_tag-whale-samana","product_tag-whale-tours","product_tag-whale-watching-dominican-republic","product_tag-whale-watching-las-galeras","product_tag-whale-watching-las-terrenas","product_tag-whale-watching-samana"],"_links":{"self":[{"href":"https:\/\/www.boattoursamana.com\/sk\/wp-json\/wp\/v2\/product\/9463","targetHints":{"allow":["GET"]}}],"collection":[{"href":"https:\/\/www.boattoursamana.com\/sk\/wp-json\/wp\/v2\/product"}],"about":[{"href":"https:\/\/www.boattoursamana.com\/sk\/wp-json\/wp\/v2\/types\/product"}],"wp:featuredmedia":[{"embeddable":true,"href":"https:\/\/www.boattoursamana.com\/sk\/wp-json\/wp\/v2\/media\/12019"}],"wp:attachment":[{"href":"https:\/\/www.boattoursamana.com\/sk\/wp-json\/wp\/v2\/media?parent=9463"}],"wp:term":[{"taxonomy":"product_cat","embeddable":true,"href":"https:\/\/www.boattoursamana.com\/sk\/wp-json\/wp\/v2\/product_cat?post=9463"},{"taxonomy":"product_tag","embeddable":true,"href":"https:\/\/www.boattoursamana.com\/sk\/wp-json\/wp\/v2\/product_tag?post=9463"}],"curies":[{"name":"wp","href":"https:\/\/api.w.org\/{rel}","templated":true}]}}