{"id":9613,"date":"2019-10-11T07:35:12","date_gmt":"2019-10-11T07:35:12","guid":{"rendered":"https:\/\/www.ticketswhales.com\/?post_type=product&#038;p=9613"},"modified":"2023-11-04T16:43:25","modified_gmt":"2023-11-04T16:43:25","slug":"samana-day-trip-from-punta-cana-el-limon-waterfall-and-bacardi-island","status":"publish","type":"product","link":"https:\/\/www.boattoursamana.com\/sk\/turne\/celodenny-vylet-samana-z-vodopadu-punta-cana-el-limon-a-ostrova-bacardi","title":{"rendered":"Punta Cana: celodenn\u00fd v\u00fdlet Saman\u00e1 \u2013 vodop\u00e1d El Lim\u00f3n a ostrov Bacardi"},"content":{"rendered":"<div class=\"vc_row wpb_row vc_row-fluid\" ><div class=\"wpb_column vc_column_container vc_col-sm-12\"><div class=\"vc_column-inner\"><div class=\"wpb_wrapper\"><div class=\"mkdf-section-title-holder\" style=\"text-align: left\">\n\t<div class=\"mkdf-st-inner\">\n\t\t\t\t\t<h5 class=\"mkdf-st-subtitle\" >\n\t\t\t\t(Vyzdvihnutie v Punta Cana)\t\t\t<\/h5>\n\t\t\t\t\t\t\t<h3 class=\"mkdf-st-title\" >\n\t\t\t\tCelodenn\u00fd v\u00fdlet Samana z Punta Cana - vodop\u00e1d El Limon a ostrov Bacardi\t\t\t<\/h3>\n\t\t\t\t\t<\/div>\n<\/div><div class=\"vc_empty_space\"   style=\"height: 32px\"><span class=\"vc_empty_space_inner\"><\/span><\/div>\n\t<div class=\"wpb_text_column wpb_content_element\" >\n\t\t<div class=\"wpb_wrapper\">\n\t\t\t<div class=\"vc_row wpb_row vc_row-fluid\">\n<div class=\"wpb_column vc_column_container vc_col-sm-12\">\n<div class=\"vc_column-inner\">\n<div class=\"wpb_wrapper\">\n<div class=\"mkdf-section-title-holder\">\n<div class=\"mkdf-st-inner\">\n<h5 class=\"mkdf-st-subtitle\">(Vyzdvihnutie v Punta Cana)<\/h5>\n<h3 class=\"mkdf-st-title\">Celodenn\u00fd v\u00fdlet Samana z Punta Cana \u2013 vodop\u00e1d El Limon a ostrov Bacardi<\/h3>\n<\/div>\n<\/div>\n<\/div>\n<\/div>\n<\/div>\n<\/div>\n<div class=\"vc_row wpb_row vc_row-fluid\"><\/div>\n<div class=\"wpb_column vc_column_container vc_col-sm-12\">\n<div class=\"vc_column-inner\">\n<div class=\"wpb_wrapper\"><\/div>\n<\/div>\n<\/div>\n<div class=\"wpb_text_column wpb_content_element\">\n<div class=\"wpb_wrapper\"><\/div>\n<\/div>\n<h4><a id=\"overview\" class=\"aal_anchor\" href=\"https:\/\/bookingadventures.com.do\/dominicantour\/samana-day-trip-from-punta-cana-el-limon-waterfall-and-bacardi-island\/#overview\" aria-hidden=\"true\" rel=\"noopener\"><\/a><b><i>Preh\u013ead<\/i><\/b><\/h4>\n<p>Ak ste v Punta Cana alebo Bavaro a chcete ma\u0165 jednod\u0148ov\u00fd v\u00fdlet, ktor\u00fd zaplat\u00ed menej ako zvy\u010dajne, pokra\u010dujte a rezervujte si tento v\u00fdlet. V r\u00e1mci tohto v\u00fdletu v\u00e1s zavedieme do Samany, kde v\u00e1s na katamar\u00e1ne odvez\u00fa do Sabana de la Mar, obce Hato Mayor, domu n\u00e1rodn\u00e9ho parku Los Haitises. T\u00e1to cesta zah\u0155\u0148a n\u00e1v\u0161tevu komun\u00edt Samana a El Limon, kde si budete m\u00f4c\u0165 zajazdi\u0165 na koni alebo prejs\u0165 k vodop\u00e1du hne\u010f po prekro\u010den\u00ed z\u00e1livu Samana. Obed sa bude pod\u00e1va\u0165 na ostrove Bacardi. V\u00fdlety za\u010d\u00ednaj\u00fa o 6:00 a kon\u010dia o 18:30. Urobte si rezerv\u00e1ciu teraz!<\/p>\n<p>Po tomto z\u00e1\u017eitku V\u00e1s vysad\u00edme vo Va\u0161om hoteli.<\/p>\n<ul>\n<li>Vr\u00e1tane poplatkov<\/li>\n<li>Obed na pl\u00e1\u017ei v cene<\/li>\n<li>Transfer v cene<\/li>\n<li>Sprievodca poskytuje pokyny a doh\u013ead<\/li>\n<\/ul>\n<p>&nbsp;<\/p>\n<h4><a id=\"inclusions-exclusions\" class=\"aal_anchor\" href=\"https:\/\/bookingadventures.com.do\/dominicantour\/samana-day-trip-from-punta-cana-el-limon-waterfall-and-bacardi-island\/#inclusions-exclusions\" aria-hidden=\"true\" rel=\"noopener\"><\/a><b>Inkl\u00fazie a vyl\u00fa\u010denia<\/b><\/h4>\n<p>&nbsp;<\/p>\n<p><b>Inkl\u00fazie<\/b><\/p>\n<p>&nbsp;<\/p>\n<ol>\n<li>Vyzdvihnutie v hoteli<\/li>\n<li>Z\u00e1toka Saman\u00e1<\/li>\n<li>Ostrov Bacardi, pl\u00e1\u017e a obed<\/li>\n<li>Safari do El Lim\u00f3n<\/li>\n<li>Jazda na koni alebo turistika k vodop\u00e1dom<\/li>\n<li>Dominik\u00e1nske koktaily<\/li>\n<li>V\u0161etky dane, poplatky a manipula\u010dn\u00e9 poplatky<\/li>\n<li>Miestne dane<\/li>\n<li>N\u00e1poje<\/li>\n<li>V\u0161etky aktivity<\/li>\n<li>Miestny sprievodca<\/li>\n<\/ol>\n<p><b>Vyl\u00fa\u010denia<\/b><\/p>\n<ol>\n<li>Spropitn\u00e9<\/li>\n<li>Alkoholick\u00e9 n\u00e1poje po koktailoch<\/li>\n<\/ol>\n<p>&nbsp;<\/p>\n<h4><a id=\"departure-return\" class=\"aal_anchor\" href=\"https:\/\/bookingadventures.com.do\/dominicantour\/samana-day-trip-from-punta-cana-el-limon-waterfall-and-bacardi-island\/#departure-return\" aria-hidden=\"true\" rel=\"noopener\"><\/a><em><strong>Odchod a n\u00e1vrat<\/strong><\/em><\/h4>\n<p>Cestuj\u00faci z\u00edska miesto stretnutia po procese rezerv\u00e1cie. Prehliadky za\u010d\u00ednaj\u00fa a kon\u010dia v miestach na\u0161ich stretnut\u00ed.<\/p>\n<p>&nbsp;<\/p>\n<h3><a id=\"samana-day-trip-from-punta-cana-el-limon-waterfall-and-bacardi-island\" class=\"aal_anchor\" href=\"https:\/\/bookingadventures.com.do\/dominicantour\/samana-day-trip-from-punta-cana-el-limon-waterfall-and-bacardi-island\/#samana-day-trip-from-punta-cana-el-limon-waterfall-and-bacardi-island\" aria-hidden=\"true\" rel=\"noopener\"><\/a>Celodenn\u00fd v\u00fdlet Samana z Punta Cana \u2013 vodop\u00e1d El Limon a ostrov Bacardi<\/h3>\n<h4><a id=\"what-to-expect\" class=\"aal_anchor\" href=\"https:\/\/bookingadventures.com.do\/dominicantour\/samana-day-trip-from-punta-cana-el-limon-waterfall-and-bacardi-island\/#what-to-expect\" aria-hidden=\"true\" rel=\"noopener\"><\/a><b><i>\u010co o\u010dak\u00e1va\u0165?<\/i><\/b><\/h4>\n<p>&nbsp;<\/p>\n<p><strong>Z\u00edskajte l\u00edstky u\u017e teraz<\/strong>. \u010cakaj\u00fa na v\u00e1s vodop\u00e1dy, jazda na koni, turistika a safari, pl\u00e1vanie v pr\u00edrodn\u00fdch prame\u0148och, obed na ostrove Bacardi a \u010fal\u0161ie z\u00e1bavn\u00e9 aktivity.<\/p>\n<p>Autobusom z Punta Cana zamierime do pr\u00edstavu Samana Bay. Po pr\u00edchode do pr\u00edstavu sa nalod\u00edme na lo\u010f alebo katamar\u00e1n s miestnymi sprievodcami, ktor\u00ed v\u00e1s nasmeruj\u00fa do komunity Samana. Safari Tour v\u00e1s v tejto komunite prevedie a nau\u010d\u00ed v\u00e1s o hist\u00f3rii tohto mesta. Ale to nie je v\u0161etko, na rade je vodop\u00e1d El Limon, tu si budete m\u00f4c\u0165 zapl\u00e1va\u0165 a prejs\u0165 sa alebo zajazdi\u0165 na koni. Vodop\u00e1d El Limon je fantastick\u00e1 pr\u00edrodn\u00e1 pamiatka s tropick\u00fdm pralesom a \u010dist\u00fdmi pr\u00edrodn\u00fdmi prame\u0148mi. Na spiato\u010dnej ceste do Samany sa zastav\u00edme na ostrove Bacardi, kde sa bude pod\u00e1va\u0165 obed a budete si m\u00f4c\u0165 zapl\u00e1va\u0165 v jednom z najprirodzenej\u0161\u00edch baz\u00e9nov Dominik\u00e1nskej republiky.<\/p>\n<p>&nbsp;<\/p>\n<p>V pr\u00edpade, \u017ee by ste chceli tento v\u00fdlet upravi\u0165 tak, aby bol krat\u0161\u00ed alebo dlh\u0161\u00ed, kontaktujte n\u00e1s.<\/p>\n<p>&nbsp;<\/p>\n<h4><a id=\"what-you-should-bring\" class=\"aal_anchor\" href=\"https:\/\/bookingadventures.com.do\/dominicantour\/samana-day-trip-from-punta-cana-el-limon-waterfall-and-bacardi-island\/#what-you-should-bring\" aria-hidden=\"true\" rel=\"noopener\"><\/a><em><strong>\u010co by ste si mali prinies\u0165?<\/strong><\/em><\/h4>\n<ul>\n<li>fotoapar\u00e1t<\/li>\n<li>Repelentn\u00e9 p\u00fa\u010diky<\/li>\n<li>opa\u013eovac\u00ed kr\u00e9m<\/li>\n<li>Klob\u00fak<\/li>\n<li>Pohodln\u00e9 nohavice<\/li>\n<li>Turistick\u00e1 obuv do lesa<\/li>\n<li>Sand\u00e1le do jarn\u00fdch oblast\u00ed.<\/li>\n<li>Oble\u010denie na pl\u00e1vanie<\/li>\n<\/ul>\n<p>&nbsp;<\/p>\n<h4><a id=\"hotel-pickup\" class=\"aal_anchor\" href=\"https:\/\/bookingadventures.com.do\/dominicantour\/samana-day-trip-from-punta-cana-el-limon-waterfall-and-bacardi-island\/#hotel-pickup\" aria-hidden=\"true\" rel=\"noopener\"><\/a><b><i>Vyzdvihnutie v hoteli<\/i><\/b><\/h4>\n<p>Cestovate\u013esk\u00e9 vyzdvihnutie je pon\u00fakan\u00e9!<\/p>\n<p>Vyzdvihujeme zo v\u0161etk\u00fdch hotelov v Punta Cana. Miesto vyzdvihnutia je hotelov\u00e1 hala<br \/>\nAk ste ubytovan\u00ed v byte v tejto oblasti, vyzdvihneme v\u00e1s v byte alebo pri vchode do najbli\u017e\u0161ieho rezortu. Nastavili sme vyzdvihnutie, aby n\u00e1s kontaktovalo cez WhatsApp.<\/p>\n<p><b>Pozn\u00e1mka:<\/b>\u00a0Ak si rezervujete do 24 hod\u00edn od \u010dasu odchodu z\u00e1jazdu\/exkurzie, m\u00f4\u017eeme zabezpe\u010di\u0165 vyzdvihnutie v hoteli. Po dokon\u010den\u00ed n\u00e1kupu v\u00e1m po\u0161leme kompletn\u00e9 kontaktn\u00e9 inform\u00e1cie (telef\u00f3nne \u010d\u00edslo, e-mailov\u00fa adresu at\u010f.) pre n\u00e1\u0161ho miestneho sprievodcu, aby sme mohli zorganizova\u0165 opatrenia na vyzdvihnutie.<\/p>\n<h4><a id=\"additional-info-confirmation\" class=\"aal_anchor\" href=\"https:\/\/bookingadventures.com.do\/dominicantour\/samana-day-trip-from-punta-cana-el-limon-waterfall-and-bacardi-island\/#additional-info-confirmation\" aria-hidden=\"true\" rel=\"noopener\"><\/a><b><i>Potvrdenie dodato\u010dn\u00fdch inform\u00e1ci\u00ed<\/i><\/b><\/h4>\n<ol>\n<li>Vstupenky s\u00fa potvrden\u00edm po zaplaten\u00ed tohto z\u00e1jazdu. Platbu m\u00f4\u017eete zobrazi\u0165 na telef\u00f3ne.<\/li>\n<li>Miesto stretnutia bude prijat\u00e9 po procese rezerv\u00e1cie.<\/li>\n<li>Deti musia by\u0165 v sprievode dospelej osoby.<\/li>\n<li>Bezbari\u00e9rov\u00fd pr\u00edstup<\/li>\n<li>Doj\u010dat\u00e1 musia sedie\u0165 na kolen\u00e1ch<\/li>\n<li>Neodpor\u00fa\u010da sa pre cestuj\u00facich s probl\u00e9mami s chrbtom<\/li>\n<li>Neodpor\u00fa\u010da sa pre tehotn\u00e9 cestovate\u013eky<\/li>\n<li>\u017diadne srdcov\u00e9 probl\u00e9my ani in\u00e9 v\u00e1\u017ene zdravotn\u00e9 \u0165a\u017ekosti<\/li>\n<li>V\u00e4\u010d\u0161ina cestovate\u013eov sa m\u00f4\u017ee z\u00fa\u010dastni\u0165<\/li>\n<\/ol>\n\n\t\t<\/div>\n\t<\/div>\n<\/div><\/div><\/div><\/div><div class=\"wpb_column vc_column_container vc_col-sm-12\"><div class=\"vc_column-inner\"><div class=\"wpb_wrapper\"><\/div><\/div><\/div><div class=\"wpb_column vc_column_container vc_col-sm-12\"><div class=\"vc_column-inner\"><div class=\"wpb_wrapper\"><\/div><\/div><\/div>","protected":false},"excerpt":{"rendered":"<p>Ak ste v Punta Cana alebo Bavaro a chcete si urobi\u0165 jednod\u0148ov\u00fd v\u00fdlet, ktor\u00fd zaplat\u00ed menej ako zvy\u010dajne, rezervujte si tento v\u00fdlet. V r\u00e1mci tohto v\u00fdletu v\u00e1s zavedieme do Samany, kde v\u00e1s na katamar\u00e1ne odvez\u00fa do Sabana de la Mar, obce Hato Mayor, ktor\u00e1 je domovom n\u00e1rodn\u00e9ho parku Los Haitises. Tento v\u00fdlet zah\u0155\u0148a Safari Tour, katamar\u00e1n, vodop\u00e1d a pl\u00e1\u017eov\u00e9 pl\u00e1vanie a \u010fal\u0161ie. V\u00fdlet za\u010d\u00edna o 6:00 a kon\u010d\u00ed o 18:30.<\/p>\n<p><strong>Vyberte d\u00e1tum prehliadky\u00a0<\/strong><\/p>","protected":false},"featured_media":11580,"template":"","meta":[],"product_cat":[456,948,961,959,189,972,963,190,307,253,254,255],"product_tag":[184,183,384,223,382,380,185,381,222,175,383,186,458,457,200,187],"class_list":["post-9613","product","type-product","status-publish","has-post-thumbnail","hentry","product_cat-day-trips","product_cat-1-punta-cana","product_cat-el-limon-horseback-riding","product_cat-el-limon-punta-cana","product_cat-horse-riding-to-waterfalls","product_cat-punta-cana-group-tours","product_cat-punta-cana-samana-day-trips","product_cat-safari-samana","product_cat-salto-el-limon-and-bacardi-island","product_cat-tours-and-excursions","product_cat-tours-excursions-los-haitises-national-park","product_cat-tours-excursions-samana-bay-dominican-republic","product_tag-bacardi-island","product_tag-beach-time","product_tag-cascada-el-limon-salto-el-limon-samana-republica-dominicana","product_tag-cayo-levantado","product_tag-el-limon-waterfall-bacardi-island-from-punta-cana","product_tag-el-limon-waterfall-and-bacardi-island-tour-from-punta-cana","product_tag-el-limon-waterfalls","product_tag-guided-adventures","product_tag-punta-cana","product_tag-sabana-de-la-mar","product_tag-salto-de-limon-punta-cana","product_tag-samana","product_tag-samana-day-trip-from-punta-cana","product_tag-samana-day-trip-from-punta-cana-el-limon-waterfall-and-bacardi-island","product_tag-samana-excursions","product_tag-samana-tours"],"_links":{"self":[{"href":"https:\/\/www.boattoursamana.com\/sk\/wp-json\/wp\/v2\/product\/9613","targetHints":{"allow":["GET"]}}],"collection":[{"href":"https:\/\/www.boattoursamana.com\/sk\/wp-json\/wp\/v2\/product"}],"about":[{"href":"https:\/\/www.boattoursamana.com\/sk\/wp-json\/wp\/v2\/types\/product"}],"wp:featuredmedia":[{"embeddable":true,"href":"https:\/\/www.boattoursamana.com\/sk\/wp-json\/wp\/v2\/media\/11580"}],"wp:attachment":[{"href":"https:\/\/www.boattoursamana.com\/sk\/wp-json\/wp\/v2\/media?parent=9613"}],"wp:term":[{"taxonomy":"product_cat","embeddable":true,"href":"https:\/\/www.boattoursamana.com\/sk\/wp-json\/wp\/v2\/product_cat?post=9613"},{"taxonomy":"product_tag","embeddable":true,"href":"https:\/\/www.boattoursamana.com\/sk\/wp-json\/wp\/v2\/product_tag?post=9613"}],"curies":[{"name":"wp","href":"https:\/\/api.w.org\/{rel}","templated":true}]}}