{"id":9686,"date":"2019-10-25T17:17:13","date_gmt":"2019-10-25T17:17:13","guid":{"rendered":"https:\/\/www.ticketswhales.com\/?post_type=product&#038;p=9686"},"modified":"2023-10-25T07:18:51","modified_gmt":"2023-10-25T07:18:51","slug":"ermitano-beach-playa-ermitano-boat-tour-and-playa-onda-half-day-trip-samana-dominican-republic","status":"publish","type":"product","link":"https:\/\/www.boattoursamana.com\/sk\/turne\/ermitano-beach-playa-ermitano-vylet-lodou-a-playa-onda-poldenny-vylet-samana-dominikanska-republika","title":{"rendered":"(Pl\u00e1\u017e Ermitano) Playa Ermita\u00f1o V\u00fdlet lo\u010fou a Playa Onda, Poldenn\u00fd v\u00fdlet, Saman\u00e1 \u2013 Dominik\u00e1nska republika."},"content":{"rendered":"<div class=\"vc_row wpb_row vc_row-fluid\" ><div class=\"wpb_column vc_column_container vc_col-sm-12\"><div class=\"vc_column-inner\"><div class=\"wpb_wrapper\"><div class=\"vc_btn3-container vc_btn3-inline\" ><a class=\"vc_general vc_btn3 vc_btn3-size-md vc_btn3-shape-rounded vc_btn3-style-modern vc_btn3-color-green\" href=\"https:\/\/bookingadventures.tours\/booking.php?tour_id=7e99c2fca5922e90ee3d1d2969786362\" title=\"\" rel=\"noopener\">REZERVOVA\u0164<\/a><\/div><div class=\"mkdf-section-title-holder\" style=\"text-align: left\">\n\t<div class=\"mkdf-st-inner\">\n\t\t\t\t\t<h5 class=\"mkdf-st-subtitle\" >\n\t\t\t\tObed, jazda lo\u010fou a s\u00fakromn\u00e1 doprava z hotelov.\t\t\t<\/h5>\n\t\t\t\t\t\t\t<h3 class=\"mkdf-st-title\" >\n\t\t\t\t(Pl\u00e1\u017e Ermitano) Playa Ermita\u00f1o V\u00fdlet lo\u010fou a Playa Onda, Poldenn\u00fd v\u00fdlet, Saman\u00e1 - Dominik\u00e1nska republika.\t\t\t<\/h3>\n\t\t\t\t\t<\/div>\n<\/div>\n\t<div class=\"wpb_text_column wpb_content_element\" >\n\t\t<div class=\"wpb_wrapper\">\n\t\t\t<h2 class=\"styles__heading___mD4_3\" data-radium=\"true\">(Pl\u00e1\u017e Ermitano) V\u00fdlet lo\u010fou Playa Ermita\u00f1o a s\u00fakromn\u00fd v\u00fdlet Playa Onda.<\/h2>\n<h4><b><i>Preh\u013ead <\/i><\/b><\/h4>\n<p>V\u00fdlet v\u00e1s vyzdvihne vo va\u0161om hoteli alebo na letisku v oblasti Samana alebo Las Galeras. Za\u010dnite svoj z\u00e1\u017eitok na Playa El Valle, kr\u00e1snej a jedine\u010dnej pl\u00e1\u017ei ne\u010faleko Saman\u00e1. U\u017eite si 25-min\u00fatov\u00fa plavbu lo\u010fou na Playa Ermita\u00f1o, \u010do je st\u00e1le nepreb\u00e1dan\u00e1 a izolovan\u00e1 pl\u00e1\u017e s tyrkysovo modrou vodou. Vychutnajte si \u010derstv\u00fa kokosov\u00fa vodu. Objavte skuto\u010dn\u00fa a nedotknut\u00fa kr\u00e1su Dominik\u00e1nskej republiky a ponorte sa do pr\u00edrody pri objavovan\u00ed ne\u010falekej tajnej jaskyne. Zosta\u0148te v Playa Ermita\u00f1o tak dlho, ako chcete, a nav\u0161t\u00edvte Playa Onda, \u010fal\u0161iu kr\u00e1snu divok\u00fa pl\u00e1\u017e, vzdialen\u00fa len 15 min\u00fat plavby lo\u010fou. Vr\u00e1\u0165te sa do Playa El Valle a potom pokra\u010dujte do Saman\u00e1, uvid\u00edte miestne domy a dozviete sa o skuto\u010dnom \u017eivote dominik\u00e1nov.<\/p>\n<p>&nbsp;<\/p>\n<ul>\n<li>Miestny sprievodca so sk\u00fasenos\u0165ami s bezpe\u010dnos\u0165ou v tejto oblasti.<\/li>\n<li>S\u00fakromn\u00e1 doprava<\/li>\n<li>Vr\u00e1tane poplatkov<\/li>\n<li>Obed na Pl\u00e1\u017ei<\/li>\n<li>Miestny turistick\u00fd sprievodca v \u0161paniel\u010dine, angli\u010dtine alebo franc\u00faz\u0161tine.<\/li>\n<li>Turistika<\/li>\n<\/ul>\n<h4><b>Inkl\u00fazie a vyl\u00fa\u010denia<\/b><\/h4>\n<p>&nbsp;<\/p>\n<p><b>Inkl\u00fazie<\/b><\/p>\n<ol>\n<li><span style=\"font-weight: 400;\">Miestny sprievodca so sk\u00fasenos\u0165ami s bezpe\u010dnos\u0165ou v tejto oblasti.<\/span><\/li>\n<li>S\u00fakromn\u00e1 doprava pre mal\u00e9 skupiny<\/li>\n<li style=\"font-weight: 400;\">Pl\u00e1\u017e El Rincon<\/li>\n<li>Ran\u010d Dominik\u00e1nsky dom<\/li>\n<li>Rieka Cano Frio<\/li>\n<li style=\"font-weight: 400;\"><span style=\"font-weight: 400;\">V\u0161etky dane, poplatky a manipula\u010dn\u00e9 poplatky<\/span><\/li>\n<li style=\"font-weight: 400;\"><span style=\"font-weight: 400;\">Miestne dane<\/span><\/li>\n<li>Obed na Pl\u00e1\u017ei<\/li>\n<li>Turistika<\/li>\n<li style=\"font-weight: 400;\"><span style=\"font-weight: 400;\">V\u0161etky aktivity<\/span><\/li>\n<\/ol>\n<p><b> Vyl\u00fa\u010denia<\/b><\/p>\n<ol>\n<li style=\"font-weight: 400;\"><span style=\"font-weight: 400;\">Spropitn\u00e9<\/span><\/li>\n<li>V\u0161etky n\u00e1poje<\/li>\n<\/ol>\n<h4><em><strong>Odchod a n\u00e1vrat<\/strong><\/em><\/h4>\n<p><span style=\"font-weight: 400;\">Cestuj\u00faci z\u00edska miesto stretnutia po procese rezerv\u00e1cie. Prehliadky za\u010d\u00ednaj\u00fa a kon\u010dia v miestach na\u0161ich stretnut\u00ed.<\/span><\/p>\n<h2 class=\"styles__heading___mD4_3\" data-radium=\"true\">(Pl\u00e1\u017e Ermitano) V\u00fdlet lo\u010fou Playa Ermita\u00f1o a s\u00fakromn\u00fd v\u00fdlet Playa Onda.<\/h2>\n<h4><em>\u010co o\u010dak\u00e1va\u0165?<\/em><\/h4>\n<p>Po opusten\u00ed hotelovej oblasti Samana a prejazde dominik\u00e1nskymi ulicami uvid\u00edte a dozviete sa o \u017eivotnom \u0161t\u00fdle miestnych obyvate\u013eov. T\u00e1to pl\u00e1\u017e sa nach\u00e1dza medzi Playa Honda a Playa El Valle na polostrove Samana. M\u00e1 d\u013a\u017eku 400 metrov a je obklopen\u00fd \u00fatesmi. Jedin\u00fdm sp\u00f4sobom, ako sa dosta\u0165 na t\u00fato pl\u00e1\u017e, je pe\u0161ia turistika, cez hust\u00fa cesti\u010dku podobn\u00fa d\u017eungli alebo s lo\u010fou.<\/p>\n<p><span style=\"vertical-align: inherit;\"><span style=\"vertical-align: inherit;\">La historia de su nombre es tan fascinante e interesante\u2026 Juan El Ermita\u00f1o sa pripravuje v \u00e9re franc\u00fazskych pir\u00e1tov, arrepentido, desembarc\u00f3 un d\u00eda en esta playa de Saman\u00e1. <\/span><span style=\"vertical-align: inherit;\">Cuenta la historia que hab\u00eda estado solo y aislado del mundo durante el a\u00f1o 1780. La leyenda dice que despu\u00e9s de 22 a\u00f1os de exilio, fue descubierto por sorpresa por sus antiguos compa\u00f1eron corscres <\/span><span style=\"vertical-align: inherit;\">Pero los espa\u00f1oles, asombrados por su austeridad y constancia, le concedieron el perd\u00f3n, pova\u017eovan\u00fd za casi un santo. <\/span><span style=\"vertical-align: inherit;\">Ale ako sa t\u00e1to hist\u00f3ria pir\u00e1tov t\u00fdka, Juan El Ermita\u00f1o str\u00e1\u017eca tajomstva prasiatok: str\u00e1\u017eca prec\u00edznych bot\u00edn de su \u00e9poca de pirata que se escond\u00eda en esta playa.<\/span><\/span><\/p>\n<p>Ke\u010f tam pr\u00eddete, uvid\u00edte pred sebou poh\u013eadnicov\u00fa dokonal\u00fa krajinu. Na tomto \u010darovnom mieste s bujnou tropickou veget\u00e1ciou a kr\u00e1sou kri\u0161t\u00e1\u013eovo \u010distej vody budete ma\u0165 dojem, \u017ee ste svetov\u00fd unik\u00e1t. T\u00e1to pl\u00e1\u017e rob\u00ed \u00fa\u017easn\u00fd z\u00e1\u017eitok.<\/p>\n<p>Na tejto pl\u00e1\u017ei sa nat\u00e1\u010dala tureck\u00e1 a \u0161v\u00e9dska verzia telev\u00edzneho seri\u00e1lu Survivor<\/p>\n<p>nPrehliadka organizovan\u00e1 organiz\u00e1ciou \u201eBooking Adventures\u201c za\u010d\u00edna na mieste stretnutia s na\u0161\u00edm sprievodcom. Pr\u00ed\u010fte s Booking Adventures a dajte si obed na pl\u00e1\u017ei a u\u017eite si 7 naj\u00fa\u017easnej\u0161\u00edch pl\u00e1\u017e\u00ed v Samane v Dominik\u00e1nskej republike.<\/p>\n<h4><em><strong>\u010co by ste si mali prinies\u0165?<\/strong><\/em><\/h4>\n<ul>\n<li style=\"font-weight: 400;\"><span style=\"font-weight: 400;\">fotoapar\u00e1t<\/span><\/li>\n<li style=\"font-weight: 400;\"><span style=\"font-weight: 400;\">Repelentn\u00e9 p\u00fa\u010diky<\/span><\/li>\n<li style=\"font-weight: 400;\"><span style=\"font-weight: 400;\">Opa\u013eovac\u00ed kr\u00e9m<\/span><\/li>\n<li>Voda<\/li>\n<li style=\"font-weight: 400;\"><span style=\"font-weight: 400;\">Klob\u00fak<\/span><\/li>\n<li style=\"font-weight: 400;\"><span style=\"font-weight: 400;\">Pohodln\u00e9 nohavice<\/span><\/li>\n<li style=\"font-weight: 400;\"><span style=\"font-weight: 400;\">Turistick\u00e1 obuv do lesa<\/span><\/li>\n<li style=\"font-weight: 400;\"><span style=\"font-weight: 400;\">Sand\u00e1le do jarn\u00fdch oblast\u00ed.<\/span><\/li>\n<li style=\"font-weight: 400;\"><span style=\"font-weight: 400;\">Oble\u010denie na pl\u00e1vanie<\/span><\/li>\n<\/ul>\n<p>&nbsp;<\/p>\n<h4><b><i>Vyzdvihnutie v hoteli <\/i><\/b><\/h4>\n<p><span style=\"font-weight: 400;\">Pre tento z\u00e1jazd je k dispoz\u00edcii vyzdvihnutie v hoteli. <\/span><\/p>\n<p>&nbsp;<\/p>\n<p><b>Pozn\u00e1mka:<\/b><span style=\"font-weight: 400;\"> Ak si rezervujete do 24 hod\u00edn od \u010dasu odchodu z\u00e1jazdu\/exkurzie, m\u00f4\u017eeme v\u00e1m za pr\u00edplatok zabezpe\u010di\u0165 vyzdvihnutie v hoteli. Pr\u00e1ve sme si to vyzdvihli v oblasti Samana. Po dokon\u010den\u00ed n\u00e1kupu v\u00e1m po\u0161leme kompletn\u00e9 kontaktn\u00e9 inform\u00e1cie (telef\u00f3nne \u010d\u00edslo, e-mailov\u00fa adresu at\u010f.) pre n\u00e1\u0161ho miestneho sprievodcu, aby sme mohli zabezpe\u010di\u0165 vyzdvihnutie.<\/span><\/p>\n<h4><b><i>Potvrdenie dodato\u010dn\u00fdch inform\u00e1ci\u00ed <\/i><\/b><\/h4>\n<ol>\n<li>Vstupenky s\u00fa potvrden\u00edm po zaplaten\u00ed tohto z\u00e1jazdu. Platbu m\u00f4\u017eete zobrazi\u0165 na telef\u00f3ne.<\/li>\n<li style=\"font-weight: 400;\"><span style=\"font-weight: 400;\">Miesto stretnutia bude prijat\u00e9 po procese rezerv\u00e1cie.<\/span><\/li>\n<li style=\"font-weight: 400;\"><span style=\"font-weight: 400;\">Deti musia by\u0165 v sprievode dospelej osoby.<\/span><\/li>\n<li style=\"font-weight: 400;\"><span style=\"font-weight: 400;\"> Bezbari\u00e9rov\u00fd pr\u00edstup <\/span><\/li>\n<li style=\"font-weight: 400;\"><span style=\"font-weight: 400;\">Doj\u010dat\u00e1 musia sedie\u0165 na kolen\u00e1ch <\/span><\/li>\n<li style=\"font-weight: 400;\"><span style=\"font-weight: 400;\">Neodpor\u00fa\u010da sa pre cestuj\u00facich s probl\u00e9mami s chrbtom<\/span><\/li>\n<li style=\"font-weight: 400;\"><span style=\"font-weight: 400;\">Neodpor\u00fa\u010da sa pre tehotn\u00e9 cestovate\u013eky <\/span><\/li>\n<li style=\"font-weight: 400;\"><span style=\"font-weight: 400;\"> \u017diadne srdcov\u00e9 probl\u00e9my ani in\u00e9 v\u00e1\u017ene zdravotn\u00e9 \u0165a\u017ekosti <\/span><\/li>\n<li style=\"font-weight: 400;\"><span style=\"font-weight: 400;\">V\u00e4\u010d\u0161ina cestovate\u013eov sa m\u00f4\u017ee z\u00fa\u010dastni\u0165<\/span><\/li>\n<\/ol>\n<h4><b><i>Podmienky zru\u0161enia<\/i><\/b><\/h4>\n<p>Ak chcete z\u00edska\u0165 pln\u00fa n\u00e1hradu, pre\u010d\u00edtajte si na\u0161e pravidl\u00e1 pre zru\u0161enie\u00a0<a href=\"https:\/\/www.boattoursamana.com\/sk\/online-rezervacia\/\" target=\"_blank\" rel=\"noopener\" data-saferedirecturl=\"https:\/\/www.google.com\/url?q=https:\/\/www.boattoursamana.com\/online-booking\/&amp;source=gmail&amp;ust=1672532492004000&amp;usg=AOvVaw3ylqI1cdbIPTimEqEWneyd\">Kliknite tu<\/a>. Finan\u010dn\u00e9 prostriedky bud\u00fa straten\u00e9, ak bude rezerv\u00e1cia zru\u0161en\u00e1 v ten ist\u00fd de\u0148 z\u00e1jazdu.<\/p>\n\n\t\t<\/div>\n\t<\/div>\n<\/div><\/div><\/div><\/div><div class=\"vc_row wpb_row vc_row-fluid\" ><div class=\"wpb_column vc_column_container vc_col-sm-12\"><div class=\"vc_column-inner\"><div class=\"wpb_wrapper\">\n\t<div class=\"wpb_video_widget wpb_content_element vc_clearfix   vc_video-aspect-ratio-169 vc_video-el-width-100 vc_video-align-left\" >\n\t\t<div class=\"wpb_wrapper\">\n\t\t\t<h2 class=\"wpb_heading wpb_video_heading\">Pozeraj video:<\/h2>\n\t\t\t<div class=\"wpb_video_wrapper\"><iframe loading=\"lazy\" title=\"Playa Ermita\u00f1o - Saman\u00e1, Rep\u00fablica Dominicana\" src=\"https:\/\/player.vimeo.com\/video\/263076708?dnt=1&amp;app_id=122963\" width=\"1100\" height=\"619\" frameborder=\"0\" allow=\"autoplay; fullscreen\" allowfullscreen><\/iframe><\/div>\n\t\t<\/div>\n\t<\/div>\n<\/div><\/div><\/div><\/div><div class=\"vc_row wpb_row vc_row-fluid\" ><div class=\"wpb_column vc_column_container vc_col-sm-12\"><div class=\"vc_column-inner\"><div class=\"wpb_wrapper\"><div class=\"vc_empty_space\"   style=\"height: 32px\"><span class=\"vc_empty_space_inner\"><\/span><\/div>\n\t<div class=\"wpb_text_column wpb_content_element\" >\n\t\t<div class=\"wpb_wrapper\">\n\t\t\t<h4>Kontaktuj n\u00e1s?<\/h4>\n<h5>Rezerva\u010dn\u00e9 dobrodru\u017estv\u00e1<\/h5>\n<p><em><strong>Miestni obyvatelia<\/strong>\u00a0a\u00a0<strong>\u0160t\u00e1tni pr\u00edslu\u0161n\u00edci<\/strong>\u00a0Sprievodcovia a slu\u017eby pre host\u00ed<\/em><\/p>\n<p><span class=\"text-turquoise\">Rezerv\u00e1cie:<\/span>\u00a0Prehliadky a exkurzie v Dom. Rep.<\/p>\n<p><img decoding=\"async\" class=\"emoji\" draggable=\"false\" src=\"https:\/\/s.w.org\/images\/core\/emoji\/11.2.0\/svg\/1f4de.svg\" alt=\"\ud83d\udcde\" title=\"\">\u00a0Tel \/ Whatsapp\u00a0\u00a0<a href=\"tel:+1-809-720-6035\">+1-809-720-6035<\/a>.<\/p>\n<p><img decoding=\"async\" class=\"emoji\" draggable=\"false\" src=\"https:\/\/s.w.org\/images\/core\/emoji\/11.2.0\/svg\/1f4e9.svg\" alt=\"\ud83d\udce9\" title=\"\">\u00a0<a href=\"mailto:info@bookingadventures.com.do\">info@bookingadventures.com.do<\/a><\/p>\n<p><strong>Flexibilne nastavujeme s\u00fakromn\u00e9 prehliadky od Whatsapp:\u00a0<a href=\"tel:+18097206035\">+18097206035.<\/a><\/strong><\/p>\n\n\t\t<\/div>\n\t<\/div>\n<div class=\"vc_empty_space\"   style=\"height: 32px\"><span class=\"vc_empty_space_inner\"><\/span><\/div><\/div><\/div><\/div><\/div><div class=\"vc_row wpb_row vc_row-fluid\" ><div class=\"wpb_column vc_column_container vc_col-sm-12\"><div class=\"vc_column-inner\"><div class=\"wpb_wrapper\"><div class=\"vc_btn3-container vc_btn3-inline\" ><a class=\"vc_general vc_btn3 vc_btn3-size-md vc_btn3-shape-rounded vc_btn3-style-modern vc_btn3-color-green\" href=\"https:\/\/bookingadventures.tours\/booking.php?tour_id=7e99c2fca5922e90ee3d1d2969786362\" title=\"\" rel=\"noopener\">REZERVOVA\u0164<\/a><\/div><\/div><\/div><\/div><\/div>","protected":false},"excerpt":{"rendered":"<pre id=\"tw-target-text\" class=\"tw-data-text tw-text-large tw-ta\" dir=\"ltr\" data-placeholder=\"Translation\" data-ved=\"2ahUKEwiCmvnO05CCAxVehP0HHTI_C5cQ3ewLegQIChAQ\"><span class=\"Y2IQFc\" lang=\"en\">Za\u010dnite svoj z\u00e1\u017eitok na Playa El Valle, kr\u00e1snej a jedine\u010dnej pl\u00e1\u017ei ne\u010faleko Saman\u00e1. U\u017eite si 25-min\u00fatov\u00fa plavbu lo\u010fou na Playa Ermita\u00f1o, \u010do je st\u00e1le nepreb\u00e1dan\u00e1 a od\u013eahl\u00e1 pl\u00e1\u017e s tyrkysovo modrou vodou. Vychutnajte si \u010derstv\u00fa kokosov\u00fa vodu. Objavte skuto\u010dn\u00fa, nedotknut\u00fa kr\u00e1su Dominik\u00e1nskej republiky a ponorte sa do pr\u00edrody pri sk\u00faman\u00ed tajnej jaskyne v okol\u00ed. Zosta\u0148te v Playa Ermita\u00f1o, ako dlho chcete, a nav\u0161t\u00edvte Playa Onda, \u010fal\u0161iu kr\u00e1snu divok\u00fa pl\u00e1\u017e, len 15 min\u00fat jazdy lo\u010fou. Vr\u00e1\u0165te sa do Playa El Valle a potom pokra\u010dujte do Saman\u00e1, uvid\u00edte miestne domy a dozviete sa o skuto\u010dnom dominik\u00e1nskom \u017eivote. Ide o poldenn\u00fd z\u00e1\u017eitok zo skuto\u010dnej Saman\u00e1 v Dominik\u00e1nskej republike.<\/span><\/pre>\n<p>&nbsp;<\/p>\n<p><i><b>Kliknut\u00edm na polo\u017eku REZERVOVA\u0164 TERAZ zobraz\u00edte dostupnos\u0165\u00a0<\/b><\/i><\/p>","protected":false},"featured_media":9698,"template":"","meta":[],"product_cat":[160,655,456,170,255],"product_tag":[510,516,520,515,519,522,521,517,523,511,518,512,514,513,327,375,200,187],"class_list":["post-9686","product","type-product","status-publish","has-post-thumbnail","hentry","product_cat-lunch","product_cat-1-samana","product_cat-day-trips","product_cat-local-tour-guides","product_cat-tours-excursions-samana-bay-dominican-republic","product_tag-ermitano-beach-playa-ermitano-boat-tour-and-playa-onda-private-trip","product_tag-ermitano-beach","product_tag-ermitano-excursion","product_tag-ermitano-samana","product_tag-ermitano-tour","product_tag-las-terrenas-excursions","product_tag-las-terrenas-tours","product_tag-onda-beach","product_tag-playa-ermitano-and-playa-onda-private-boat-tour","product_tag-playa-ermitano-tour","product_tag-playa-honda-samana","product_tag-playa-onda","product_tag-playa-onda-location","product_tag-playa-onda-samana-maps","product_tag-private-tours-samana","product_tag-samana-dominican-republic","product_tag-samana-excursions","product_tag-samana-tours"],"_links":{"self":[{"href":"https:\/\/www.boattoursamana.com\/sk\/wp-json\/wp\/v2\/product\/9686","targetHints":{"allow":["GET"]}}],"collection":[{"href":"https:\/\/www.boattoursamana.com\/sk\/wp-json\/wp\/v2\/product"}],"about":[{"href":"https:\/\/www.boattoursamana.com\/sk\/wp-json\/wp\/v2\/types\/product"}],"wp:featuredmedia":[{"embeddable":true,"href":"https:\/\/www.boattoursamana.com\/sk\/wp-json\/wp\/v2\/media\/9698"}],"wp:attachment":[{"href":"https:\/\/www.boattoursamana.com\/sk\/wp-json\/wp\/v2\/media?parent=9686"}],"wp:term":[{"taxonomy":"product_cat","embeddable":true,"href":"https:\/\/www.boattoursamana.com\/sk\/wp-json\/wp\/v2\/product_cat?post=9686"},{"taxonomy":"product_tag","embeddable":true,"href":"https:\/\/www.boattoursamana.com\/sk\/wp-json\/wp\/v2\/product_tag?post=9686"}],"curies":[{"name":"wp","href":"https:\/\/api.w.org\/{rel}","templated":true}]}}