{"id":9731,"date":"2019-11-07T08:01:34","date_gmt":"2019-11-07T08:01:34","guid":{"rendered":"https:\/\/www.ticketswhales.com\/?post_type=product&#038;p=9731"},"modified":"2023-11-10T16:52:57","modified_gmt":"2023-11-10T16:52:57","slug":"bahia-de-las-aguilas-beach-day-trip-by-boat-day-pass-snorkeling-lunch","status":"publish","type":"product","link":"https:\/\/www.boattoursamana.com\/sk\/turne\/plaz-bahia-de-las-aguilas-celodenny-vylet-lodou-celodenny-listok-snorchlovanie-obed","title":{"rendered":"Bah\u00eda de las \u00c1guilas: celodenn\u00fd v\u00fdlet lo\u010fou na pl\u00e1\u017e \u2013 celodenn\u00fd l\u00edstok \u2013 \u0161norchlovanie a obed"},"content":{"rendered":"<div class=\"vc_row wpb_row vc_row-fluid\" ><div class=\"wpb_column vc_column_container vc_col-sm-12\"><div class=\"vc_column-inner\"><div class=\"wpb_wrapper\"><div class=\"vc_btn3-container vc_btn3-inline\" ><button class=\"vc_general vc_btn3 vc_btn3-size-md vc_btn3-shape-rounded vc_btn3-style-modern vc_btn3-color-green\">REZERVOVA\u0164<\/button><\/div>\n\t<div class=\"wpb_text_column wpb_content_element\" >\n\t\t<div class=\"wpb_wrapper\">\n\t\t\t<div class=\"vc_row wpb_row vc_row-fluid\">\n<div class=\"wpb_column vc_column_container vc_col-sm-12\">\n<div class=\"vc_column-inner\">\n<div class=\"wpb_wrapper\">\n<div class=\"mkdf-section-title-holder\">\n<div class=\"mkdf-st-inner\">\n<h5 class=\"mkdf-st-subtitle\">Day Pass &#8211; Snorkeling &amp; Lunch<\/h5>\n<h3 class=\"mkdf-st-title\">Bah\u00eda de las Aguilas: Pl\u00e1\u017eov\u00fd celodenn\u00fd v\u00fdlet lo\u010fou<\/h3>\n<\/div>\n<\/div>\n<\/div>\n<\/div>\n<\/div>\n<\/div>\n<div class=\"vc_row wpb_row vc_row-fluid\">\n<div class=\"wpb_column vc_column_container vc_col-sm-12\">\n<div class=\"vc_column-inner\">\n<div class=\"wpb_wrapper\">\n<div class=\"wpb_text_column wpb_content_element\">\n<div class=\"wpb_wrapper\">\n<h4><b><i>Preh\u013ead<\/i><\/b><\/h4>\n<p>U\u017eite si de\u0148 na pl\u00e1\u017ei a nechajte svoju n\u00e1ladu plyn\u00fa\u0165 \u010faleko od turistick\u00fdch oblast\u00ed a v\u0161etk\u00e9ho stresu. Pr\u00ed\u010fte a objavte n\u00e1rodn\u00fd park Jaragua a Bahia de las \u00c1guilas. Jazda po kr\u00e1snej ceste s \u00fachvatn\u00fdm v\u00fdh\u013eadom na mal\u00fd pr\u00edstav a ryb\u00e1rsku dedinku Cabo Rojo. V Las Cuevas nast\u00fapite na lo\u010f, ktor\u00e1 v\u00e1s vezme na 15 min\u00fat jazdy na jednu z najkraj\u0161\u00edch pr\u00edrodn\u00fdch pl\u00e1\u017e\u00ed sveta. Piesky Bah\u00eda de las Aguilas s\u00fa nedotknut\u00e9 a z\u00e1liv m\u00e1 d\u013a\u017eku 8 km. Za\u017eite v\u00fdnimo\u010dn\u00fa pobre\u017en\u00fa krajinu s kri\u0161t\u00e1\u013eovo \u010distou vodou \u017eiariacu v odtie\u0148och od tyrkysovej a\u017e po op\u00e1lovo modr\u00fa topiacu sa na obzore. Obed sa pod\u00e1va na pl\u00e1\u017ei, cho\u010fte si zapl\u00e1va\u0165 alebo \u0161norchlova\u0165 a presk\u00fama\u0165 tento nedotknut\u00fd pr\u00edrodn\u00fd raj.<\/p>\n<p>&nbsp;<\/p>\n<ul>\n<li>Miestny sprievodca so sk\u00fasenos\u0165ami s bezpe\u010dnos\u0165ou v tejto oblasti.<\/li>\n<li>S\u00fakromn\u00e1 doprava<\/li>\n<li>Vr\u00e1tane poplatkov<\/li>\n<li>obed<\/li>\n<li>Miestny turistick\u00fd sprievodca v \u0161paniel\u010dine, angli\u010dtine alebo franc\u00faz\u0161tine.<\/li>\n<li>Turistika<\/li>\n<li>\u0160norchlovanie<\/li>\n<\/ul>\n<h4><b>Inkl\u00fazie a vyl\u00fa\u010denia<\/b><\/h4>\n<p>&nbsp;<\/p>\n<p><b>Inkl\u00fazie<\/b><\/p>\n<ol>\n<li>Miestny sprievodca so sk\u00fasenos\u0165ami s bezpe\u010dnos\u0165ou v tejto oblasti.<\/li>\n<li>S\u00fakromn\u00e1 doprava pre mal\u00e9 skupiny<\/li>\n<li>V\u0161etky dane, poplatky a manipula\u010dn\u00e9 poplatky<\/li>\n<li>Miestne dane<\/li>\n<li>obed<\/li>\n<li>Turistika<\/li>\n<li>Pr\u00edrodn\u00e9 baz\u00e9ny<\/li>\n<li>\u0160norchlovanie<\/li>\n<li>V\u0161etky aktivity<\/li>\n<\/ol>\n<p><b>Vyl\u00fa\u010denia<\/b><\/p>\n<ol>\n<li>Spropitn\u00e9<\/li>\n<li>V\u0161etky n\u00e1poje<\/li>\n<\/ol>\n<h4><em><strong>Odchod a n\u00e1vrat<\/strong><\/em><\/h4>\n<p>Cestuj\u00faci z\u00edska miesto stretnutia po procese rezerv\u00e1cie. Prehliadky za\u010d\u00ednaj\u00fa a kon\u010dia v miestach na\u0161ich stretnut\u00ed.<\/p>\n<h2 class=\"styles__heading___mD4_3\" data-radium=\"true\">Bah\u00eda de las Aguilas: Beach Day Trip by Boat -Day Pass \u2013 Snorkeling &amp; Lunch<\/h2>\n<h4><em>\u010co o\u010dak\u00e1va\u0165?<\/em><\/h4>\n<p>Playa de las Aguilas was named after the indigenous eagle. It is famously known as the most beautiful beach of the entire country. The park climate is very arid and the vegetation mainly composed of cacti and other desert plants. The red dirt road that runs along the bay is comparable to an African savanna landscape.<br \/>\nDiscover this paradise for fishermen and lovers of white sand beaches and crystal-clear water. But first, travel to the village La Cueva, where local fishermen live inside caves.<\/p>\n<p>Is there anything missing from this picture perfect moment?<\/p>\n<p>Pokojn\u00e9 more a mierny vietor v\u00e1m zabr\u00e1nia, aby ste pr\u00edli\u0161 trpeli slnkom a hor\u00fa\u010davou. Sta\u0148te sa na de\u0148 prieskumn\u00edkom a objavte ekologick\u00fd, pr\u00edrodn\u00fd a \u00faplne nedotknut\u00fd raj. M\u00f4\u017eete tu pozorova\u0165 viac ako 130 druhov vt\u00e1kov, z ktor\u00fdch 76 \u017eije trvalo v z\u00e1live, 10 je endemick\u00fdch a 47 je migrantov.<\/p>\n<p>08.00 \u2013 Departure from your hotel<br \/>\n09.30 \u2013 Short stop at the Laguna de Oviedo to enjoy the view from the viewing platform<br \/>\n11.00 \u2013 Departure by boat from the village La Cueva to the Bahia de las Aguilas<br \/>\n12.30 \u2013 Typick\u00fd obed na pl\u00e1\u017ei<br \/>\n03.00 \u2013 N\u00e1vrat do La Cueva<br \/>\n06.00 \u2013 Arrival at your hotel<\/p>\n<h4><em><strong>\u010co by ste si mali prinies\u0165?<\/strong><\/em><\/h4>\n<ul>\n<li>fotoapar\u00e1t<\/li>\n<li>Repelentn\u00e9 p\u00fa\u010diky<\/li>\n<li>Opa\u013eovac\u00ed kr\u00e9m<\/li>\n<li>Toaleta, WC<\/li>\n<li>Klob\u00fak<\/li>\n<li>Pohodln\u00e9 nohavice<\/li>\n<li>Turistick\u00e1 obuv do lesa<\/li>\n<li>Sand\u00e1le do jarn\u00fdch oblast\u00ed.<\/li>\n<li>Oble\u010denie na pl\u00e1vanie<\/li>\n<\/ul>\n<p>&nbsp;<\/p>\n<h4><b><i>Pickup Hotel<\/i><\/b><\/h4>\n<p>Pre tento z\u00e1jazd je k dispoz\u00edcii vyzdvihnutie v hoteli. Vyzdvihnutie\/doprava z v\u00e1\u0161ho hotela (oblas\u0165 Barahona\/Paraiso\/Los Patos).<\/p>\n<p><b>Pozn\u00e1mka:<\/b>\u00a0If you are booked within 24 hours of the tour\/Excursion departure time, we can arrange hotel pick-up. We just pick up in Samana area. Once your purchase is complete, we will send you complete contact information (phone number, email address, etc.) for our local Tour guide to organize pick-up arrangements.<\/p>\n<h4><b><i>Potvrdenie dodato\u010dn\u00fdch inform\u00e1ci\u00ed<\/i><\/b><\/h4>\n<ol>\n<li>Vstupenky s\u00fa potvrden\u00edm po zaplaten\u00ed tohto z\u00e1jazdu. Platbu m\u00f4\u017eete zobrazi\u0165 na telef\u00f3ne.<\/li>\n<li>Miesto stretnutia bude prijat\u00e9 po procese rezerv\u00e1cie.<\/li>\n<li>Deti musia by\u0165 v sprievode dospelej osoby.<\/li>\n<li>Bezbari\u00e9rov\u00fd pr\u00edstup<\/li>\n<li>Doj\u010dat\u00e1 musia sedie\u0165 na kolen\u00e1ch<\/li>\n<li>Neodpor\u00fa\u010da sa pre cestuj\u00facich s probl\u00e9mami s chrbtom<\/li>\n<li>Neodpor\u00fa\u010da sa pre tehotn\u00e9 cestovate\u013eky<\/li>\n<li>\u017diadne srdcov\u00e9 probl\u00e9my ani in\u00e9 v\u00e1\u017ene zdravotn\u00e9 \u0165a\u017ekosti<\/li>\n<li>V\u00e4\u010d\u0161ina cestovate\u013eov sa m\u00f4\u017ee z\u00fa\u010dastni\u0165<\/li>\n<\/ol>\n<h4><b><i>Podmienky zru\u0161enia<\/i><\/b><\/h4>\n<p>Ak chcete z\u00edska\u0165 pln\u00fa n\u00e1hradu, zru\u0161te aspo\u0148 72 hod\u00edn pred d\u00e1tumom za\u010diatku z\u00e1\u017eitku. Finan\u010dn\u00e9 prostriedky bud\u00fa straten\u00e9, ak bude rezerv\u00e1cia zru\u0161en\u00e1 v ten ist\u00fd de\u0148 z\u00e1jazdu.<\/p>\n<\/div>\n<\/div>\n<\/div>\n<\/div>\n<\/div>\n<\/div>\n\n\t\t<\/div>\n\t<\/div>\n<\/div><\/div><\/div><\/div><div class=\"wpb_column vc_column_container vc_col-sm-12\"><div class=\"vc_column-inner\"><div class=\"wpb_wrapper\"><\/div><\/div><\/div>","protected":false},"excerpt":{"rendered":"<p>Buy a day ticket to Bahia las Aguilas from Barahona. Driving through Jaragua National Park and heading to Cabo Rojo, where a boat awaits you. After a 15-minute boat ride, you&#8217;ll arrive at the beautiful and secluded Bay of Eagles, considered the most beautiful beach in the country. Lunch will be served on the beach and you will have the opportunity to swim or just relax on the beach. Enjoy the pristine white sand of this 8 km long beach.<\/p>\n<p><strong>Select the day for this for this trip:\u00a0<\/strong><\/p>","protected":false},"featured_media":9747,"template":"","meta":[],"product_cat":[549,160],"product_tag":[557,554,555,563,560,556,564,559,553,567,566,561,565,558,562],"class_list":["post-9731","product","type-product","status-publish","has-post-thumbnail","hentry","product_cat-bahia-de-las-aguilas-dominican-republic","product_cat-lunch","product_tag-bahia-de-las-aguilas","product_tag-bahia-de-las-aguilas-pedernales","product_tag-bahia-de-las-aguilas-beach-tour","product_tag-bahia-de-las-aguilas-hoteles","product_tag-bahia-de-las-aguilas-map","product_tag-bahia-de-las-aguilas-private-tour","product_tag-bahia-de-las-aguilas-republica-dominicana-hotel","product_tag-bahia-de-las-aguilas-tour-from-punta-cana","product_tag-bahia-de-las-aguilas-beach-day-trip-by-boat","product_tag-bahia-las-aguilas-tours","product_tag-barahona-tours","product_tag-closest-airport-to-bahia-de-las-aguilas","product_tag-hotel-barahona","product_tag-playa-bahia-de-las-aguilas-dominican-republic","product_tag-tours-a-bahia-de-las-aguilas-desde-santo-domingo"],"_links":{"self":[{"href":"https:\/\/www.boattoursamana.com\/sk\/wp-json\/wp\/v2\/product\/9731","targetHints":{"allow":["GET"]}}],"collection":[{"href":"https:\/\/www.boattoursamana.com\/sk\/wp-json\/wp\/v2\/product"}],"about":[{"href":"https:\/\/www.boattoursamana.com\/sk\/wp-json\/wp\/v2\/types\/product"}],"wp:featuredmedia":[{"embeddable":true,"href":"https:\/\/www.boattoursamana.com\/sk\/wp-json\/wp\/v2\/media\/9747"}],"wp:attachment":[{"href":"https:\/\/www.boattoursamana.com\/sk\/wp-json\/wp\/v2\/media?parent=9731"}],"wp:term":[{"taxonomy":"product_cat","embeddable":true,"href":"https:\/\/www.boattoursamana.com\/sk\/wp-json\/wp\/v2\/product_cat?post=9731"},{"taxonomy":"product_tag","embeddable":true,"href":"https:\/\/www.boattoursamana.com\/sk\/wp-json\/wp\/v2\/product_tag?post=9731"}],"curies":[{"name":"wp","href":"https:\/\/api.w.org\/{rel}","templated":true}]}}