{"id":15784,"date":"2023-07-15T07:43:40","date_gmt":"2023-07-15T07:43:40","guid":{"rendered":"https:\/\/www.ticketswhales.com\/punta-cana-buggy-tour-pick-up-from-punta-cana-hotels\/"},"modified":"2023-07-15T07:43:40","modified_gmt":"2023-07-15T07:43:40","slug":"punta-cana-buggy-tour-pick-up-from-punta-cana-hotels","status":"publish","type":"page","link":"https:\/\/www.boattoursamana.com\/sl\/punta-cana-izlet-z-buggyjem-prevzem-iz-hotelov-v-punta-cani","title":{"rendered":"Punta Cana Buggy Tour \u2013 Prevzem iz hotelov Punta Cana"},"content":{"rendered":"<p>Ko vas poberemo iz va\u0161ega hotela, se bomo odpravili v notranjost Punta Cane. Obdan z\u00a0<strong>planta\u017ee kave in kakava<\/strong>, tvoj\u00a0<strong>lokalni vodniki<\/strong>\u00a0vam bo razlo\u017eil potovanje in vse, kar morate vedeti za vo\u017enjo va\u0161ega vozi\u010dka.<br \/>\nn<br \/>\nnThen we&#8217;ll turn the key in the ignition, and begin the excitement, zipping over\u00a0<strong>po hribih, skozi nasade kave ter po makadamskih poteh in re\u010dnih strugah<\/strong>.<br \/>\nn<br \/>\nn&nbsp;<br \/>\nn<br \/>\nn<em><strong>Prosimo izberite datum za turnejo\u00a0<\/strong><\/em><\/p>\n<p>&nbsp;<\/p>\n<div class=\"vc_row wpb_row vc_row-fluid\" ><div class=\"wpb_column vc_column_container vc_col-sm-12\"><div class=\"vc_column-inner\"><div class=\"wpb_wrapper\"><div class=\"mkdf-section-title-holder\" style=\"text-align: left\">\n\t<div class=\"mkdf-st-inner\">\n\t\t\t\t\t<h5 class=\"mkdf-st-subtitle\" >\n\t\t\t\tIz hotelov Punta Cana\t\t\t<\/h5>\n\t\t\t\t\t\t\t<h3 class=\"mkdf-st-title\" >\n\t\t\t\tPunta Cana Buggies - Buggy\t\t\t<\/h3>\n\t\t\t\t\t\t\t<p class=\"mkdf-st-text\" >\n\t\t\t\tOpomba: ta ogled se za\u010dne ob 7:00 zjutraj, odvisno od tega, kje je hotel za prevzem, se lahko \u010das spremeni. Dodatni stro\u0161ki za prevzem na obmo\u010djih, ki niso navedena v na\u0161em opisu.\t\t\t<\/p>\n\t\t\t<\/div>\n<\/div><\/div><\/div><\/div><\/div><div class=\"vc_row wpb_row vc_row-fluid\" ><div class=\"wpb_column vc_column_container vc_col-sm-12\"><div class=\"vc_column-inner\"><div class=\"wpb_wrapper\"><div class=\"vc_empty_space\"   style=\"height: 32px\"><span class=\"vc_empty_space_inner\"><\/span><\/div><\/div><\/div><\/div><\/div><div class=\"vc_row wpb_row vc_row-fluid\" ><div class=\"wpb_column vc_column_container vc_col-sm-12\"><div class=\"vc_column-inner\"><div class=\"wpb_wrapper\">\n\t<div class=\"wpb_text_column wpb_content_element\" >\n\t\t<div class=\"wpb_wrapper\">\n\t\t\t<p>\nn<\/p>\n<h4><b><i>Pregled <\/i><\/b><\/h4>\n<p>n<\/p>\n<div>\nn<br \/>\nnTour the paradise landscapes of Punta Cana, onboard your very own buggy! You&#8217;ll <strong>odkrijte vas Macao in njene idili\u010dne pla\u017ee<\/strong>, pa tudi kopanje v avtohtonem cenotu.<br \/>\nn<br \/>\nn<\/div>\n<p>n<\/p>\n<ul class=\"vcs-highlights\">\nn \t<\/p>\n<li>Na izbiro ve\u010d odhodov \u010dez dan<\/li>\n<p>n \t<\/p>\n<li>U\u017eivajte v fantasti\u010dnih razgledih<\/li>\n<p>n \t<\/p>\n<li>Dru\u017eini prijazno<\/li>\n<p>n \t<\/p>\n<li>Prevzem z osrednjega zbirali\u0161\u010da<\/li>\n<p>n \t<\/p>\n<li>Romanti\u010dno do\u017eivetje, kot nala\u0161\u010d za pare<\/li>\n<p>n<\/ul>\n<p>n&nbsp;<br \/>\nn<\/p>\n<h4><b>Vklju\u010ditve in izklju\u010ditve<\/b><\/h4>\n<p>n&nbsp;<br \/>\nn<br \/>\nn<b>Vklju\u010dki<\/b><br \/>\nn<br \/>\nn&nbsp;<br \/>\nn<\/p>\n<ol>\nn \t<\/p>\n<li>Tour z vozi\u010dki<\/li>\n<p>n \t<\/p>\n<li>Prevzem avtobusa iz va\u0161ega hotela<\/li>\n<p>n \t<\/p>\n<li style=\"font-weight: 400;\"><span style=\"font-weight: 400;\">Vsi davki, pristojbine in manipulativni stro\u0161ki<\/span><\/li>\n<p>n \t<\/p>\n<li style=\"font-weight: 400;\"><span style=\"font-weight: 400;\">Lokalni davki<\/span><\/li>\n<p>n \t<\/p>\n<li style=\"font-weight: 400;\"><span style=\"font-weight: 400;\">pija\u010de<\/span><\/li>\n<p>n<\/ol>\n<p>n<b> Izklju\u010ditve<\/b><br \/>\nn<\/p>\n<ol>\nn \t<\/p>\n<li style=\"font-weight: 400;\"><span style=\"font-weight: 400;\">Napitnine<\/span><\/li>\n<p>n \t<\/p>\n<li>Kosilo<\/li>\n<p>n<\/ol>\n<p>n&nbsp;<br \/>\nn<\/p>\n<h4><em><strong>Odhod in povratek<\/strong><\/em><\/h4>\n<p>n<span style=\"font-weight: 400;\">Potnik bo dobil zbirali\u0161\u010de po opravljenem postopku rezervacije. Ogledi se za\u010dnejo in kon\u010dajo na na\u0161ih zbirali\u0161\u010dih.<\/span><br \/>\nn<br \/>\nn&nbsp;<br \/>\nn<\/p>\n<h4><b><i>Kaj pri\u010dakovati?<\/i><\/b><\/h4>\n<p>nHaving picked you up from your hotel we&#8217;ll make our way to the Punta Cana interior. Surrounded by <strong>planta\u017ee kave in kakava<\/strong>, tvoj\u00a0<strong>lokalni vodniki<\/strong>\u00a0vam bo razlo\u017eil potovanje in vse, kar morate vedeti za vo\u017enjo va\u0161ega vozi\u010dka.<br \/>\nn<br \/>\nnThen we&#8217;ll turn the key in the ignition, and begin the excitement, zipping over\u00a0<strong>po hribih, skozi nasade kave ter po makadamskih poteh in re\u010dnih strugah<\/strong>.<br \/>\nn<br \/>\nnOur first stop will be at Macao beach. Far from the large hotels and tourist areas, this\u00a0<strong>naravni raj<\/strong>\u00a0in njegova kristalno \u010dista voda je popolno mesto za kopanje in tukaj boste imeli prosti \u010das\u00a0<strong>zaplavajte v osupljivem Karibskem morju<\/strong>.<br \/>\nn<br \/>\nNato se bomo povzpeli nazaj na na\u0161 vozi\u010dek na poti do tako imenovanih &quot;avtohtonih izvirov&quot; in odkrili enega najbolj idili\u010dnih<strong>\u00a0cenotes<\/strong>\u00a0v Punta Cani. Tukaj boste imeli pol ure prosto za raziskovanje tega podzemnega bazena in plavanje v njegovih turkiznih vodah.<br \/>\nn<br \/>\nnFinally, we&#8217;ll leave the buggies behind, and we&#8217;ll accompany you back to your accommodation, putting an end to an unforgettable day.<br \/>\nn<br \/>\nn<strong>urnik:<\/strong><br \/>\nn<br \/>\nn7:00 AM &#8211; 7:00 PM&#8230; Time change depending on were in Punta Cana you are located.<br \/>\nn<\/p>\n<h4>Solo ali Sharing?<\/h4>\n<p>Ob rezervaciji lahko izberete, ali bi raje vozili buggy zase ali si vozilo delili z enim ali tremi drugimi. Prikazana cena je na osebo.<br \/>\nn<br \/>\nn&nbsp;<br \/>\nn<\/p>\n<h4><em><strong>Kaj morate prinesti?<\/strong><\/em><\/h4>\n<p>n<\/p>\n<ul>\nn \t<\/p>\n<li style=\"font-weight: 400;\"><span style=\"font-weight: 400;\">Kamera<\/span><\/li>\n<p>n \t<\/p>\n<li style=\"font-weight: 400;\"><span style=\"font-weight: 400;\">Odganjalni popki<\/span><\/li>\n<p>n \t<\/p>\n<li style=\"font-weight: 400;\"><span style=\"font-weight: 400;\">son\u010dna krema<\/span><\/li>\n<p>n \t<\/p>\n<li style=\"font-weight: 400;\"><span style=\"font-weight: 400;\">Klobuk<\/span><\/li>\n<p>n \t<\/p>\n<li style=\"font-weight: 400;\"><span style=\"font-weight: 400;\">Udobne hla\u010de<\/span><\/li>\n<p>n \t<\/p>\n<li style=\"font-weight: 400;\"><span style=\"font-weight: 400;\">Pohodni\u0161ki \u010devlji za gozd<\/span><\/li>\n<p>n \t<\/p>\n<li style=\"font-weight: 400;\"><span style=\"font-weight: 400;\">Sandali za na pla\u017eo<\/span><\/li>\n<p>n \t<\/p>\n<li style=\"font-weight: 400;\"><span style=\"font-weight: 400;\">Kopalna obla\u010dila<\/span><\/li>\n<p>n \t<\/p>\n<li>Gotovina za spominke<\/li>\n<p>n<\/ul>\n<p>n&nbsp;<br \/>\nn<\/p>\n<h4><b><i>Prevzem v hotelu <\/i><\/b><\/h4>\n<p>n<span style=\"font-weight: 400;\">Na voljo je prevzem popotnika!<\/span><br \/>\nn<br \/>\nn<span style=\"font-weight: 400;\">Pobiramo iz vseh hotelov v Punta Cani. Lokacija prevzema je hotelsko preddverje<br \/>\nn\u010ce bivate v stanovanju na tem obmo\u010dju, vas bomo pobrali pri stanovanju ali na vhodu v najbli\u017eje letovi\u0161\u010de. Nastavili smo prevzem tako, da nas kontaktira prek Whatsappa.<\/span><br \/>\nn<br \/>\nn<b>Opomba:<\/b><span style=\"font-weight: 400;\"> \u010de rezervirate v 24 urah po \u010dasu odhoda potovanja\/izleta, lahko organiziramo hotelski prevzem z dopla\u010dilom. Ko bo va\u0161 nakup opravljen, vam bomo poslali popolne kontaktne podatke (telefonsko \u0161tevilko, e-po\u0161tni naslov itd.) za na\u0161ega lokalnega turisti\u010dnega vodnika, ki bo organiziral prevzem.<\/span><br \/>\nn<\/p>\n<h4><b><i>Potrditev dodatnih informacij <\/i><\/b><\/h4>\n<p>n<\/p>\n<ol>\nn \t<\/p>\n<li>Vstopnice so potrdilo po pla\u010dilu tega izleta. Pla\u010dilo lahko prika\u017eete na telefonu.<\/li>\n<p>n \t<\/p>\n<li style=\"font-weight: 400;\"><span style=\"font-weight: 400;\">Zbirno mesto bo prejeto po opravljenem postopku rezervacije.<\/span><\/li>\n<p>n \t<\/p>\n<li style=\"font-weight: 400;\"><strong>Otroci med 5. in 11<\/strong>\u00a0lahko sodelujejo le, \u010de se vozijo z vozi\u010dkom za 2 ali 4 osebe v spremstvu odrasle osebe, saj vozi\u010dka ne morejo voziti.<\/li>\n<p>n \t<\/p>\n<li style=\"font-weight: 400;\"><span style=\"font-weight: 400;\">dostopno z invalidskim vozi\u010dkom <\/span><\/li>\n<p>n \t<\/p>\n<li style=\"font-weight: 400;\"><span style=\"font-weight: 400;\">Dojen\u010dki morajo sedeti v naro\u010dju <\/span><\/li>\n<p>n \t<\/p>\n<li style=\"font-weight: 400;\"><span style=\"font-weight: 400;\">Ve\u010dina popotnikov lahko sodeluje<\/span><\/li>\n<p>n \t<\/p>\n<li><strong>Nose\u010dnica<\/strong>\u00a0ne morejo sodelovati pri tej dejavnosti.<\/li>\n<p>n<\/ol>\n<p>n<\/p>\n<h4><b><i>Politika odpovedi<\/i><\/b><\/h4>\n<p>n<span style=\"font-weight: 400;\">Za celotno vra\u010dilo preberite na\u0161e pravilnike o odpovedih\u00a0<a href=\"https:\/\/www.boattoursamana.com\/sl\/spletna-rezervacija\/\" target=\"_blank\" rel=\"noopener\" data-saferedirecturl=\"https:\/\/www.google.com\/url?q=https:\/\/www.boattoursamana.com\/online-booking\/&amp;source=gmail&amp;ust=1672449202351000&amp;usg=AOvVaw1yAeVAPktmaVCqDujgUn90\">Klikni tukaj<\/a>. Sredstva bodo izgubljena, \u010de je rezervacija odpovedana isti dan potovanja.<\/span><\/p>\n\n\t\t<\/div>\n\t<\/div>\n<\/div><\/div><\/div><\/div><div class=\"vc_row wpb_row vc_row-fluid\" ><div class=\"wpb_column vc_column_container vc_col-sm-12\"><div class=\"vc_column-inner\"><div class=\"wpb_wrapper\">\n\t<div class=\"wpb_text_column wpb_content_element\" >\n\t\t<div class=\"wpb_wrapper\">\n\t\t\t<p>\nn<\/p>\n<h4>Kontaktiraj nas?<\/h4>\n<p>n<\/p>\n<h5><em><strong>Booking Adventures<\/strong><\/em><\/h5>\n<p>n<em><strong>Doma\u010dini<\/strong> in <strong>Dr\u017eavljani<\/strong> Turisti\u010dni vodniki in storitve za goste<\/em><br \/>\nn<br \/>\nn<span class=\"text-turquoise\">Rezervacije:<\/span> Ogledi in izleti v Dom. Rep.<\/p>\n\n\t\t<\/div>\n\t<\/div>\n<\/div><\/div><\/div><\/div><div class=\"vc_row wpb_row vc_row-fluid\" ><div class=\"wpb_column vc_column_container vc_col-sm-12\"><div class=\"vc_column-inner\"><div class=\"wpb_wrapper\"><div class=\"vc_empty_space\"   style=\"height: 32px\"><span class=\"vc_empty_space_inner\"><\/span><\/div>\n\t<div class=\"wpb_text_column wpb_content_element\" >\n\t\t<div class=\"wpb_wrapper\">\n\t\t\t<p>\nn<\/p>\n<h4>Kontaktiraj nas?<\/h4>\n<p>n<\/p>\n<h5>Booking Adventures<\/h5>\n<p>n<em><strong>Doma\u010dini<\/strong>\u00a0in\u00a0<strong>Dr\u017eavljani<\/strong>\u00a0Turisti\u010dni vodniki in storitve za goste<\/em><br \/>\nn<br \/>\nn<span class=\"text-turquoise\">Rezervacije:<\/span>\u00a0Ogledi in izleti v Dom. Rep.<br \/>\nn<br \/>\nn<img decoding=\"async\" class=\"emoji\" draggable=\"false\" src=\"https:\/\/s.w.org\/images\/core\/emoji\/11.2.0\/svg\/1f4de.svg\" alt=\" \" title=\"\">\u00a0Tel\/Whatsapp\u00a0\u00a0<a href=\"tel:+1-809-720-6035\">+1-809-720-6035<\/a>.<br \/>\nn<br \/>\nn<img decoding=\"async\" class=\"emoji\" draggable=\"false\" src=\"https:\/\/s.w.org\/images\/core\/emoji\/11.2.0\/svg\/1f4e9.svg\" alt=\" \" title=\"\">\u00a0<a href=\"mailto:info@bookingadventures.com.do\">info@bookingadventures.com.do<\/a><br \/>\nn<br \/>\nn<strong>Zasebne izlete prek Whatsappa smo prilagodljivi:\u00a0<a href=\"tel:+18097206035\">+18097206035.<\/a><\/strong><\/p>\n\n\t\t<\/div>\n\t<\/div>\n<div class=\"vc_empty_space\"   style=\"height: 32px\"><span class=\"vc_empty_space_inner\"><\/span><\/div><\/div><\/div><\/div><\/div>","protected":false},"excerpt":{"rendered":"<p>Ko vas poberemo iz va\u0161ega hotela, se bomo odpravili v notranjost Punta Cane. Va\u0161i lokalni vodniki vam bodo obdani z nasadi kave in kakava razlo\u017eili ogled in vse, kar morate vedeti za vo\u017enjo s svojim vozi\u010dkom. n nPotem bomo obrnili klju\u010d v kontaktni klju\u010davnici in za\u010deli z razburjenjem, drvenjem \u010dez hribe, skozi nasade kave ter po makadamskih poteh in re\u010dnih strugah. n n n nProsimo, izberite datum za turnejo\u00a0 &nbsp;<\/p>","protected":false},"author":2,"featured_media":0,"parent":0,"menu_order":0,"comment_status":"open","ping_status":"closed","template":"","meta":{"footnotes":""},"class_list":["post-15784","page","type-page","status-publish","hentry"],"_links":{"self":[{"href":"https:\/\/www.boattoursamana.com\/sl\/wp-json\/wp\/v2\/pages\/15784","targetHints":{"allow":["GET"]}}],"collection":[{"href":"https:\/\/www.boattoursamana.com\/sl\/wp-json\/wp\/v2\/pages"}],"about":[{"href":"https:\/\/www.boattoursamana.com\/sl\/wp-json\/wp\/v2\/types\/page"}],"author":[{"embeddable":true,"href":"https:\/\/www.boattoursamana.com\/sl\/wp-json\/wp\/v2\/users\/2"}],"replies":[{"embeddable":true,"href":"https:\/\/www.boattoursamana.com\/sl\/wp-json\/wp\/v2\/comments?post=15784"}],"version-history":[{"count":0,"href":"https:\/\/www.boattoursamana.com\/sl\/wp-json\/wp\/v2\/pages\/15784\/revisions"}],"wp:attachment":[{"href":"https:\/\/www.boattoursamana.com\/sl\/wp-json\/wp\/v2\/media?parent=15784"}],"curies":[{"name":"wp","href":"https:\/\/api.w.org\/{rel}","templated":true}]}}