{"id":15790,"date":"2023-07-15T07:43:59","date_gmt":"2023-07-15T07:43:59","guid":{"rendered":"https:\/\/www.ticketswhales.com\/samana-day-trip-from-bayahibe-el-limon-waterfall-and-bacardi-island\/"},"modified":"2023-07-15T07:43:59","modified_gmt":"2023-07-15T07:43:59","slug":"samana-day-trip-from-bayahibe-el-limon-waterfall-and-bacardi-island","status":"publish","type":"page","link":"https:\/\/www.boattoursamana.com\/sl\/enodnevni-izlet-samana-od-slapa-bayahibe-el-limon-in-otoka-bacardi","title":{"rendered":"Enodnevni izlet Saman\u00e1 iz mesta Bayahibe \u2013 slap El Lim\u00f3n in otok Bacardi"},"content":{"rendered":"<p><span style=\"vertical-align: inherit;\"><span style=\"vertical-align: inherit;\">Si est\u00e1s en Punta Cana o B\u00e1varo y quieres hacer una excursi\u00f3n de un d\u00eda pagando menos de lo habitual, reserva este viaje. <\/span><span style=\"vertical-align: inherit;\">Dentro de este viaje, lo llevaremos a Samana, donde en un catamar\u00e1n, lo llevar\u00e1n a Sabana de la Mar, un municipio de Hato Mayor, la casa del Parque Nacional Los Haitises. <\/span><span style=\"vertical-align: inherit;\">Este viaje incluye Safari Tour, Catamar\u00e1n, Cascada y nataci\u00f3n en la playa, y m\u00e1s. <\/span><span style=\"vertical-align: inherit;\">El viaje comienza a las 6:00 am y termina a las 6:30 pm. <\/span><span style=\"vertical-align: inherit;\">\u00a1No te lo pierdas!<\/span><\/span><br \/>\nn<br \/>\nn&nbsp;<br \/>\nn<br \/>\nn&nbsp;<br \/>\nn<br \/>\nn<strong><span style=\"vertical-align: inherit;\"><span style=\"vertical-align: inherit;\">Seleccione la fecha para el tour\u00a0<\/span><\/span><\/strong><\/p>\n<p>&nbsp;<\/p>\n<div class=\"vc_row wpb_row vc_row-fluid\" ><div class=\"wpb_column vc_column_container vc_col-sm-12\"><div class=\"vc_column-inner\"><div class=\"wpb_wrapper\"><div class=\"mkdf-section-title-holder\" style=\"text-align: left\">\n\t<div class=\"mkdf-st-inner\">\n\t\t\t\t\t<h5 class=\"mkdf-st-subtitle\" >\n\t\t\t\t(Prevzem v hotelih Bayahibe)\t\t\t<\/h5>\n\t\t\t\t\t\t\t<h3 class=\"mkdf-st-title\" >\n\t\t\t\tEnodnevni izlet Samana iz mesta Bayahibe \u2013 slap El Limon in otok Bacardi\t\t\t<\/h3>\n\t\t\t\t\t<\/div>\n<\/div><\/div><\/div><\/div><\/div><div class=\"vc_row wpb_row vc_row-fluid\" ><div class=\"wpb_column vc_column_container vc_col-sm-12\"><div class=\"vc_column-inner\"><div class=\"wpb_wrapper\">\n\t<div class=\"wpb_text_column wpb_content_element\" >\n\t\t<div class=\"wpb_wrapper\">\n\t\t\t<p>\nn<\/p>\n<h4><b><i>Pregled <\/i><\/b><\/h4>\n<p>nIf you are in Bayahibe, Punta Cana or Bavaro, and wants to have a day trip paying less than usual, go ahead and book this trip. Within this trip, we will take you to Samana, where on a catamaran, you will be taken to Sabana de la Mar, a township of Hato Mayor the house of \u00a0Los Haitises National Park. This journey includes visiting the communities of Samana and El Limon where you will be able to do Horse Riding or Hiking to a waterfall right after crossing Samana Bay. The lunch will be served at Bacardi Island. The trips begins at 6:00am and ends by 6:30pm. Do your reservation now!<br \/>\nn<br \/>\nnAfter this experience,\u00a0 we will drop you off at Your Hotel.<br \/>\nn<\/p>\n<ul>\nn \t<\/p>\n<li style=\"font-weight: 400;\">Pristojbine vklju\u010dene<\/li>\n<p>n \t<\/p>\n<li>Vklju\u010deno kosilo na pla\u017ei<\/li>\n<p>n \t<\/p>\n<li>Transfer vklju\u010den<\/li>\n<p>n \t<\/p>\n<li style=\"font-weight: 400;\"><span style=\"font-weight: 400;\">Vodnik zagotavlja navodila in nadzor<\/span><\/li>\n<p>n<\/ul>\n<p>n&nbsp;<br \/>\nn<\/p>\n<h4><b>Vklju\u010ditve in izklju\u010ditve<\/b><\/h4>\n<p>n&nbsp;<br \/>\nn<br \/>\nn<b>Vklju\u010dki<\/b><br \/>\nn<br \/>\nn&nbsp;<br \/>\nn<\/p>\n<ol>\nn \t<\/p>\n<li style=\"font-weight: 400;\">Prevzem v hotelu<\/li>\n<p>n \t<\/p>\n<li style=\"font-weight: 400;\">Zaliv Saman\u00e1<\/li>\n<p>n \t<\/p>\n<li>Otok Bacardi, pla\u017ea in kosilo<\/li>\n<p>n \t<\/p>\n<li>Safari do El Limon<\/li>\n<p>n \t<\/p>\n<li>Jahanje ali pohodni\u0161tvo do slapov<\/li>\n<p>n \t<\/p>\n<li>Dominikanski koktajli<\/li>\n<p>n \t<\/p>\n<li style=\"font-weight: 400;\"><span style=\"font-weight: 400;\">Vsi davki, pristojbine in manipulativni stro\u0161ki<\/span><\/li>\n<p>n \t<\/p>\n<li style=\"font-weight: 400;\"><span style=\"font-weight: 400;\">Lokalni davki<\/span><\/li>\n<p>n \t<\/p>\n<li style=\"font-weight: 400;\"><span style=\"font-weight: 400;\">pija\u010de<\/span><\/li>\n<p>n \t<\/p>\n<li style=\"font-weight: 400;\"><span style=\"font-weight: 400;\">Vse dejavnosti<\/span><\/li>\n<p>n \t<\/p>\n<li style=\"font-weight: 400;\"><span style=\"font-weight: 400;\">Lokalni vodnik<\/span><\/li>\n<p>n<\/ol>\n<p>n<b> Izklju\u010ditve<\/b><br \/>\nn<\/p>\n<ol>\nn \t<\/p>\n<li style=\"font-weight: 400;\"><span style=\"font-weight: 400;\">Napitnine<\/span><\/li>\n<p>n \t<\/p>\n<li style=\"font-weight: 400;\"><span style=\"font-weight: 400;\">Alkoholne pija\u010de po koktajlih\u00a0<\/span><\/li>\n<p>n<\/ol>\n<p>n&nbsp;<br \/>\nn<\/p>\n<h4><em><strong>Odhod in povratek<\/strong><\/em><\/h4>\n<p>n<span style=\"font-weight: 400;\">Potnik bo dobil zbirali\u0161\u010de po opravljenem postopku rezervacije. Ogledi se za\u010dnejo in kon\u010dajo na na\u0161ih zbirali\u0161\u010dih.<\/span><br \/>\nn<br \/>\nn&nbsp;<br \/>\nn<\/p>\n<h3>Enodnevni izlet Samana iz mesta Bayahibe \u2013 slap El Limon in otok Bacardi<\/h3>\n<p>n<\/p>\n<h4><b><i>Kaj pri\u010dakovati?<\/i><\/b><\/h4>\n<p>n&nbsp;<br \/>\nn<br \/>\nn<strong>Zagotovite si vstopnice zdaj<\/strong>. \u010cakajo vas slapovi, jahanje, pohodni\u0161tvo in safari tura, kopanje v naravnih izvirih, kosilo na otoku Bacardi in druge zabavne aktivnosti.<br \/>\nn<br \/>\nnDeparting Bayahibe on a bus, we will head to Samana Bay port. Once at the port, we will get onboard of a boat or Catamaran with local tour guides who will direct you to the community of Samana. In this community a Safari Tour will take you around teaching you about the history of this town. \u00a0But this is not all, El Limon waterfall is next, here you will be able swim and hike or do horse riding. \u00a0El Limon waterfall is a fantastic natural monument with a tropical forest and clear natural springs. On the way back to Samana we will have a stop at Bacardi Island where a lunch will be served and you are going to be able to swim in one of the most natural pools of Dominican Republic.<br \/>\nn<br \/>\nn&nbsp;<br \/>\nn<br \/>\nnIn case you would like to adjust this trip so it is shorter or longer, please contact us.<br \/>\nn<br \/>\nn&nbsp;<br \/>\nn<\/p>\n<h4><em><strong>Kaj morate prinesti?<\/strong><\/em><\/h4>\n<p>n<\/p>\n<ul>\nn \t<\/p>\n<li style=\"font-weight: 400;\"><span style=\"font-weight: 400;\">Kamera<\/span><\/li>\n<p>n \t<\/p>\n<li style=\"font-weight: 400;\"><span style=\"font-weight: 400;\">Odganjalni popki<\/span><\/li>\n<p>n \t<\/p>\n<li style=\"font-weight: 400;\"><span style=\"font-weight: 400;\">son\u010dna krema<\/span><\/li>\n<p>n \t<\/p>\n<li style=\"font-weight: 400;\"><span style=\"font-weight: 400;\">Klobuk<\/span><\/li>\n<p>n \t<\/p>\n<li style=\"font-weight: 400;\"><span style=\"font-weight: 400;\">Udobne hla\u010de<\/span><\/li>\n<p>n \t<\/p>\n<li style=\"font-weight: 400;\"><span style=\"font-weight: 400;\">Pohodni\u0161ki \u010devlji za gozd<\/span><\/li>\n<p>n \t<\/p>\n<li style=\"font-weight: 400;\"><span style=\"font-weight: 400;\">Sandali za pomladna obmo\u010dja.<\/span><\/li>\n<p>n \t<\/p>\n<li style=\"font-weight: 400;\"><span style=\"font-weight: 400;\">Kopalna obla\u010dila<\/span><\/li>\n<p>n<\/ul>\n<p>n&nbsp;<br \/>\nn<\/p>\n<h4><b><i>Prevzem v hotelu <\/i><\/b><\/h4>\n<p>n<span style=\"font-weight: 400;\">Na voljo je prevzem popotnika!<\/span><br \/>\nn<br \/>\nn<span style=\"font-weight: 400;\">Pobiramo iz vseh hotelov v Bayahibeju. Lokacija prevzema je hotelsko preddverje<br \/>\nn\u010ce bivate v stanovanju na tem obmo\u010dju, vas bomo pobrali pri stanovanju ali na vhodu v najbli\u017eje letovi\u0161\u010de. Nastavili smo prevzem tako, da nas kontaktira prek Whatsappa.<\/span><br \/>\nn<br \/>\nn<b>Opomba:<\/b><span style=\"font-weight: 400;\"> \u010de rezervirate v 24 urah po \u010dasu odhoda potovanja\/izleta, lahko organiziramo hotelski prevzem z dopla\u010dilom. Ko bo va\u0161 nakup opravljen, vam bomo poslali popolne kontaktne podatke (telefonsko \u0161tevilko, e-po\u0161tni naslov itd.) za na\u0161ega lokalnega turisti\u010dnega vodnika, ki bo organiziral prevzem.<\/span><br \/>\nn<\/p>\n<h4><b><i>Potrditev dodatnih informacij <\/i><\/b><\/h4>\n<p>n<\/p>\n<ol>\nn \t<\/p>\n<li>Vstopnice so potrdilo po pla\u010dilu tega izleta. Pla\u010dilo lahko prika\u017eete na telefonu.<\/li>\n<p>n \t<\/p>\n<li style=\"font-weight: 400;\"><span style=\"font-weight: 400;\">Zbirno mesto bo prejeto po opravljenem postopku rezervacije.<\/span><\/li>\n<p>n \t<\/p>\n<li style=\"font-weight: 400;\"><span style=\"font-weight: 400;\">Otroci morajo biti v spremstvu odrasle osebe.<\/span><\/li>\n<p>n \t<\/p>\n<li style=\"font-weight: 400;\"><span style=\"font-weight: 400;\"> Ni dostopno z invalidskim vozi\u010dkom <\/span><\/li>\n<p>n \t<\/p>\n<li style=\"font-weight: 400;\"><span style=\"font-weight: 400;\">Dojen\u010dki morajo sedeti v naro\u010dju <\/span><\/li>\n<p>n \t<\/p>\n<li style=\"font-weight: 400;\"><span style=\"font-weight: 400;\">Ni priporo\u010dljivo za popotnike s te\u017eavami s hrbtom<\/span><\/li>\n<p>n \t<\/p>\n<li style=\"font-weight: 400;\"><span style=\"font-weight: 400;\">Ni priporo\u010dljivo za nose\u010dnice <\/span><\/li>\n<p>n \t<\/p>\n<li style=\"font-weight: 400;\"><span style=\"font-weight: 400;\"> Brez te\u017eav s srcem ali drugih resnih zdravstvenih te\u017eav <\/span><\/li>\n<p>n \t<\/p>\n<li style=\"font-weight: 400;\"><span style=\"font-weight: 400;\">Ve\u010dina popotnikov lahko sodeluje<\/span><\/li>\n<p>n<\/ol>\n<p>n<\/p>\n<h4><b><i>Politika odpovedi<\/i><\/b><\/h4>\n<p>Za celotno vra\u010dilo preberite na\u0161e pravilnike o odpovedih\u00a0<a href=\"https:\/\/www.boattoursamana.com\/sl\/spletna-rezervacija\/\" target=\"_blank\" rel=\"noopener\" data-saferedirecturl=\"https:\/\/www.google.com\/url?q=https:\/\/www.boattoursamana.com\/online-booking\/&amp;source=gmail&amp;ust=1672449202351000&amp;usg=AOvVaw1yAeVAPktmaVCqDujgUn90\">Klikni tukaj<\/a>. Sredstva bodo izgubljena, \u010de je rezervacija odpovedana isti dan potovanja.<\/p>\n\n\t\t<\/div>\n\t<\/div>\n<\/div><\/div><\/div><\/div><div class=\"vc_row wpb_row vc_row-fluid\" ><\/div><div class=\"wpb_column vc_column_container vc_col-sm-12\"><div class=\"vc_column-inner\"><div class=\"wpb_wrapper\"><\/div><\/div><\/div><div class=\"vc_empty_space\"   style=\"height: 32px\"><span class=\"vc_empty_space_inner\"><\/span><\/div>\n\t<div class=\"wpb_text_column wpb_content_element\" >\n\t\t<div class=\"wpb_wrapper\">\n\t\t\t<p>\nn<br \/>\nnJaz sem besedilni blok. Kliknite gumb za urejanje, da spremenite to besedilo. Lorem ipsum dolor sit amet, consectetur adipiscing elit. Ut elit tellus, luctus nec ullamcorper mattis, pulvinar dapibus leo.<br \/>\nn<br \/>\nn<\/p>\n\n\t\t<\/div>\n\t<\/div>\n<div class=\"vc_empty_space\"   style=\"height: 32px\"><span class=\"vc_empty_space_inner\"><\/span><\/div>","protected":false},"excerpt":{"rendered":"<p>Si est\u00e1s en Punta Cana o B\u00e1varo y quieres hacer una excursi\u00f3n de un d\u00eda pagando menos de lo habitual, reserva este viaje. Dentro de este viaje, lo llevaremos a Samana, donde en un catamar\u00e1n, lo llevar\u00e1n a Sabana de la Mar, un municipio de Hato Mayor, la casa del Parque Nacional Los Haitises. Este viaje incluye Safari Tour, Catamar\u00e1n, Cascada y nataci\u00f3n en la playa, y m\u00e1s. El viaje comienza a las 6:00 am y termina a las 6:30 [&hellip;]<\/p>\n","protected":false},"author":2,"featured_media":0,"parent":0,"menu_order":0,"comment_status":"open","ping_status":"closed","template":"","meta":{"footnotes":""},"class_list":["post-15790","page","type-page","status-publish","hentry"],"_links":{"self":[{"href":"https:\/\/www.boattoursamana.com\/sl\/wp-json\/wp\/v2\/pages\/15790","targetHints":{"allow":["GET"]}}],"collection":[{"href":"https:\/\/www.boattoursamana.com\/sl\/wp-json\/wp\/v2\/pages"}],"about":[{"href":"https:\/\/www.boattoursamana.com\/sl\/wp-json\/wp\/v2\/types\/page"}],"author":[{"embeddable":true,"href":"https:\/\/www.boattoursamana.com\/sl\/wp-json\/wp\/v2\/users\/2"}],"replies":[{"embeddable":true,"href":"https:\/\/www.boattoursamana.com\/sl\/wp-json\/wp\/v2\/comments?post=15790"}],"version-history":[{"count":0,"href":"https:\/\/www.boattoursamana.com\/sl\/wp-json\/wp\/v2\/pages\/15790\/revisions"}],"wp:attachment":[{"href":"https:\/\/www.boattoursamana.com\/sl\/wp-json\/wp\/v2\/media?parent=15790"}],"curies":[{"name":"wp","href":"https:\/\/api.w.org\/{rel}","templated":true}]}}