{"id":15798,"date":"2023-07-15T07:43:59","date_gmt":"2023-07-15T07:43:59","guid":{"rendered":"https:\/\/www.ticketswhales.com\/bahia-de-las-aguilas-beach-day-trip-by-boat-day-pass-pedernales\/"},"modified":"2023-07-15T07:43:59","modified_gmt":"2023-07-15T07:43:59","slug":"bahia-de-las-aguilas-beach-day-trip-by-boat-day-pass-pedernales","status":"publish","type":"page","link":"https:\/\/www.boattoursamana.com\/sl\/enodnevni-izlet-z-ladjo-na-plazo-bahia-de-las-aguilas-dnevna-vozovnica-pedernales","title":{"rendered":"Bah\u00eda de las Aguilas: enodnevni izlet z ladjo ob pla\u017ei \u2013 dnevna karta \u2013 Pedernales"},"content":{"rendered":"<p><span style=\"vertical-align: inherit;\"><span style=\"vertical-align: inherit;\">Compre un boleto de un d\u00eda a Bah\u00eda las \u00c1guilas desde las \u00e1reas de Pedernales. <\/span><span style=\"vertical-align: inherit;\">Disfruta de un d\u00eda de playa y deja fluir el \u00e1nimo, lejos de las zonas tur\u00edsticas y de todo el estr\u00e9s. <\/span><span style=\"vertical-align: inherit;\">Ven y descubre el Parque Nacional Jaragua y Bah\u00eda de las \u00c1guilas. <\/span><span style=\"vertical-align: inherit;\">Conduzca por una hermosa carretera con impresionantes vistas del peque\u00f1o puerto y el pueblo pesquero de Cabo Rojo. <\/span><span style=\"vertical-align: inherit;\">En Las Cuevas, abordar\u00e1 un bote que lo llevar\u00e1 en un viaje de 15 minutos a una de las playas naturales m\u00e1s hermosas del mundo. <\/span><span style=\"vertical-align: inherit;\">Las arenas de la Bah\u00eda de las \u00c1guilas son v\u00edrgenes y la bah\u00eda cubre 8 km. <\/span><span style=\"vertical-align: inherit;\">Experimente un paisaje costero excepcional con aguas cristalinas que brillan en tonos que van del turquesa al azul \u00f3palo que se derrite en el horizonte. <\/span><span style=\"vertical-align: inherit;\">El almuerzo se sirve en la playa, nadar o bucear y explorar este para\u00edso natural virgen.<\/span><\/span><br \/>\nn<br \/>\nn&nbsp;<br \/>\nn<br \/>\nn<strong><span style=\"vertical-align: inherit;\"><span style=\"vertical-align: inherit;\">Seleccione el d\u00eda para este viaje:<\/span><\/span><\/strong><\/p>\n<p>&nbsp;<\/p>\n<div class=\"vc_row wpb_row vc_row-fluid\" ><div class=\"wpb_column vc_column_container vc_col-sm-12\"><div class=\"vc_column-inner\"><div class=\"wpb_wrapper\"><div class=\"mkdf-section-title-holder\" style=\"text-align: left\">\n\t<div class=\"mkdf-st-inner\">\n\t\t\t\t\t<h5 class=\"mkdf-st-subtitle\" >\n\t\t\t\tDnevna vstopnica - potapljanje z masko in kosilo\t\t\t<\/h5>\n\t\t\t\t\t\t\t<h3 class=\"mkdf-st-title\" >\n\t\t\t\tBah\u00eda de las Aguilas: enodnevni izlet z ladjo na pla\u017eo\t\t\t<\/h3>\n\t\t\t\t\t<\/div>\n<\/div><\/div><\/div><\/div><\/div><div class=\"vc_row wpb_row vc_row-fluid\" ><div class=\"wpb_column vc_column_container vc_col-sm-12\"><div class=\"vc_column-inner\"><div class=\"wpb_wrapper\">\n\t<div class=\"wpb_text_column wpb_content_element\" >\n\t\t<div class=\"wpb_wrapper\">\n\t\t\t<p>\nn<\/p>\n<h4><b><i>Pregled<\/i><\/b><\/h4>\n<p>U\u017eivajte v dnevu na pla\u017ei in pustite razpolo\u017eenju, dale\u010d stran od turisti\u010dnih obmo\u010dij in vsega stresa. Pridite in odkrijte narodni park Jaragua in Bahia de las \u00c1guilas. Vo\u017enja po lepi cesti s \u010dudovitim razgledom na majhno pristani\u0161\u010de in ribi\u0161ko vasico Cabo Rojo. V Las Cuevasu se vkrcate na ladjo, ki vas popelje na 15 minutno vo\u017enjo do ene najlep\u0161ih naravnih pla\u017e na svetu. Pesek Bah\u00eda de las Aguilas je nedotaknjen in zaliv pokriva 8 km. Do\u017eivite izjemno obalno pokrajino s kristalno \u010disto vodo, ki sije v odtenkih od turkizne do opalno modre, ki se topi v obzorju. Kosilo vam postre\u017eejo na pla\u017ei, pojdite na plavanje ali potapljanje z masko in razi\u0161\u010dite ta nedotaknjeni naravni raj.<br \/>\nn<br \/>\nn&nbsp;<br \/>\nn<\/p>\n<ul>\nn \t<\/p>\n<li>Lokalni vodnik z varnostnimi izku\u0161njami na tem obmo\u010dju.<\/li>\n<p>n \t<\/p>\n<li>Privatni prevoz<\/li>\n<p>n \t<\/p>\n<li>Pristojbine vklju\u010dene<\/li>\n<p>n \t<\/p>\n<li>Kosilo<\/li>\n<p>n \t<\/p>\n<li>Lokalni turisti\u010dni vodnik v \u0161pan\u0161\u010dini, angle\u0161\u010dini ali franco\u0161\u010dini.<\/li>\n<p>n \t<\/p>\n<li>Pohodni\u0161tvo<\/li>\n<p>n \t<\/p>\n<li>Potapljanje z masko<\/li>\n<p>n<\/ul>\n<p>n<\/p>\n<h4><b>Vklju\u010ditve in izklju\u010ditve<\/b><\/h4>\n<p>n&nbsp;<br \/>\nn<br \/>\nn<b>Vklju\u010dki<\/b><br \/>\nn<\/p>\n<ol>\nn \t<\/p>\n<li>Lokalni vodnik z izku\u0161njami na podro\u010dju varnosti na tem obmo\u010dju.<\/li>\n<p>n \t<\/p>\n<li>Privatni prevoz za manj\u0161e skupine<\/li>\n<p>n \t<\/p>\n<li>Vsi davki, pristojbine in manipulativni stro\u0161ki<\/li>\n<p>n \t<\/p>\n<li>Lokalni davki<\/li>\n<p>n \t<\/p>\n<li>Kosilo<\/li>\n<p>n \t<\/p>\n<li>Pohodni\u0161tvo<\/li>\n<p>n \t<\/p>\n<li>Naravni bazeni<\/li>\n<p>n \t<\/p>\n<li>Potapljanje z masko<\/li>\n<p>n \t<\/p>\n<li>Vse dejavnosti<\/li>\n<p>n<\/ol>\n<p>n<b>Izklju\u010ditve<\/b><br \/>\nn<\/p>\n<ol>\nn \t<\/p>\n<li>Napitnine<\/li>\n<p>n \t<\/p>\n<li>Vse pija\u010de<\/li>\n<p>n<\/ol>\n<p>n<\/p>\n<h4><em><strong>Odhod in povratek<\/strong><\/em><\/h4>\n<p>nThe traveler will get a meeting point after the Reservation Process. Tours start and Finish in your meeting points.<br \/>\nn<\/p>\n<h2 class=\"styles__heading___mD4_3\" data-radium=\"true\">Bah\u00eda de las Aguilas: enodnevni izlet na pla\u017eo z ladjo \u2013 dnevna vstopnica \u2013 potapljanje z masko in kosilo<\/h2>\n<p>n<\/p>\n<h4><em>Kaj pri\u010dakovati?<\/em><\/h4>\n<p>Playa de las Aguilas je dobila ime po avtohtonem orlu. Tura poteka z zasebnim prevozom iz Bahie de las Aguilas, kjer vam omogo\u010da odkrivanje naravnih \u010dudes te afrodizia\u010dne pla\u017ee na zelo druga\u010den in trajnosten na\u010din. Pre\u017eivite dan na izletu v naravi po ju\u017enem delu dr\u017eave, kjer boste spoznali Bahio de las Aguila, eno najlep\u0161ih pla\u017e v Dominikanski republiki, kamor bomo z gliserjem prispeli na to rajsko pla\u017eo, obmo\u010dje popolnoma za\u0161\u010diten z okoljsko zakonodajo. Pre\u017eivite spro\u0161\u010dujo\u010d \u010das v Bahia de las Aguilas, nenaseljenem naravnem rezervatu in nacionalnem parku, ter u\u017eivajte v kosilu z \u017eara v jamah.<br \/>\nn<br \/>\nMirno morje in rahel veter vam bosta prepre\u010dila, da bi preve\u010d trpeli zaradi sonca in vro\u010dine. Postanite raziskovalec za en dan in odkrijte ekolo\u0161ki, naraven in popolnoma neokrnjen raj. Opazujete lahko ve\u010d kot 130 vrst ptic, od tega jih 76 stalno \u017eivi v zalivu, 10 je endemi\u010dnih in 47 selivk.<br \/>\nn<br \/>\nn08.30 \u2013 Departure from Meeting Point<br \/>\nn08.45 \u2013 Departure by boat from the village La Cueva to the Bahia de las Aguilas<br \/>\nn12.30 \u2013 Typical lunch on the beach<br \/>\nn03.00 \u2013 Return to La Cueva<br \/>\nn05.30 \u2013 Arrival at Meeting Point<br \/>\nn<\/p>\n<h4><em><strong>Kaj morate prinesti?<\/strong><\/em><\/h4>\n<p>n<\/p>\n<ul>\nn \t<\/p>\n<li>Kamera<\/li>\n<p>n \t<\/p>\n<li>Odganjalni popki<\/li>\n<p>n \t<\/p>\n<li>Son\u010dna krema<\/li>\n<p>n \t<\/p>\n<li>voda<\/li>\n<p>n \t<\/p>\n<li>Klobuk<\/li>\n<p>n \t<\/p>\n<li>Udobne hla\u010de<\/li>\n<p>n \t<\/p>\n<li>Pohodni\u0161ki \u010devlji za gozd<\/li>\n<p>n \t<\/p>\n<li>Sandali za pomladna obmo\u010dja.<\/li>\n<p>n \t<\/p>\n<li>Kopalna obla\u010dila<\/li>\n<p>n<\/ul>\n<p>n&nbsp;<br \/>\nn<\/p>\n<h4><b><i>Prevzem v hotelu<\/i><\/b><\/h4>\n<p>nHotel pick-up is offered for this tour with Extra Cost.<br \/>\nn<br \/>\nn<b>Opomba:<\/b> \u010ce rezervirate v 24 urah po \u010dasu odhoda potovanja\/izleta, lahko organiziramo prevzem iz hotela. Samo poberemo na obmo\u010dju Pedernales. Ko bo va\u0161 nakup opravljen, vam bomo poslali popolne kontaktne podatke (telefonsko \u0161tevilko, e-po\u0161tni naslov itd.) za na\u0161ega lokalnega turisti\u010dnega vodnika, ki bo organiziral prevzem.<br \/>\nn<\/p>\n<h4><b><i>Potrditev dodatnih informacij<\/i><\/b><\/h4>\n<p>n<\/p>\n<ol>\nn \t<\/p>\n<li>Vstopnice so potrdilo po pla\u010dilu tega izleta. Pla\u010dilo lahko prika\u017eete na telefonu.<\/li>\n<p>n \t<\/p>\n<li>Zbirno mesto bo prejeto po opravljenem postopku rezervacije.<\/li>\n<p>n \t<\/p>\n<li>Otroci morajo biti v spremstvu odrasle osebe.<\/li>\n<p>n \t<\/p>\n<li>Ni dostopno z invalidskim vozi\u010dkom<\/li>\n<p>n \t<\/p>\n<li>Dojen\u010dki morajo sedeti v naro\u010dju<\/li>\n<p>n \t<\/p>\n<li>Ni priporo\u010dljivo za popotnike s te\u017eavami s hrbtom<\/li>\n<p>n \t<\/p>\n<li>Ni priporo\u010dljivo za nose\u010dnice<\/li>\n<p>n \t<\/p>\n<li>Brez te\u017eav s srcem ali drugih resnih zdravstvenih te\u017eav<\/li>\n<p>n \t<\/p>\n<li>Ve\u010dina popotnikov lahko sodeluje<\/li>\n<p>n<\/ol>\n<p>n<\/p>\n<h4><b><i>Politika odpovedi<\/i><\/b><\/h4>\n<p>Za celotno vra\u010dilo preberite na\u0161e pravilnike o odpovedih\u00a0<a href=\"https:\/\/www.boattoursamana.com\/sl\/spletna-rezervacija\/\" target=\"_blank\" rel=\"noopener\" data-saferedirecturl=\"https:\/\/www.google.com\/url?q=https:\/\/www.boattoursamana.com\/online-booking\/&amp;source=gmail&amp;ust=1672449202351000&amp;usg=AOvVaw1yAeVAPktmaVCqDujgUn90\">Klikni tukaj<\/a>. Sredstva bodo izgubljena, \u010de je rezervacija odpovedana isti dan potovanja.<\/p>\n\n\t\t<\/div>\n\t<\/div>\n<\/div><\/div><\/div><\/div>","protected":false},"excerpt":{"rendered":"<p>Compre un boleto de un d\u00eda a Bah\u00eda las \u00c1guilas desde las \u00e1reas de Pedernales. Disfruta de un d\u00eda de playa y deja fluir el \u00e1nimo, lejos de las zonas tur\u00edsticas y de todo el estr\u00e9s. Ven y descubre el Parque Nacional Jaragua y Bah\u00eda de las \u00c1guilas. Conduzca por una hermosa carretera con impresionantes vistas del peque\u00f1o puerto y el pueblo pesquero de Cabo Rojo. En Las Cuevas, abordar\u00e1 un bote que lo llevar\u00e1 en un viaje de 15 [&hellip;]<\/p>\n","protected":false},"author":2,"featured_media":0,"parent":0,"menu_order":0,"comment_status":"open","ping_status":"closed","template":"","meta":{"footnotes":""},"class_list":["post-15798","page","type-page","status-publish","hentry"],"_links":{"self":[{"href":"https:\/\/www.boattoursamana.com\/sl\/wp-json\/wp\/v2\/pages\/15798","targetHints":{"allow":["GET"]}}],"collection":[{"href":"https:\/\/www.boattoursamana.com\/sl\/wp-json\/wp\/v2\/pages"}],"about":[{"href":"https:\/\/www.boattoursamana.com\/sl\/wp-json\/wp\/v2\/types\/page"}],"author":[{"embeddable":true,"href":"https:\/\/www.boattoursamana.com\/sl\/wp-json\/wp\/v2\/users\/2"}],"replies":[{"embeddable":true,"href":"https:\/\/www.boattoursamana.com\/sl\/wp-json\/wp\/v2\/comments?post=15798"}],"version-history":[{"count":0,"href":"https:\/\/www.boattoursamana.com\/sl\/wp-json\/wp\/v2\/pages\/15798\/revisions"}],"wp:attachment":[{"href":"https:\/\/www.boattoursamana.com\/sl\/wp-json\/wp\/v2\/media?parent=15798"}],"curies":[{"name":"wp","href":"https:\/\/api.w.org\/{rel}","templated":true}]}}