{"id":15800,"date":"2023-07-15T07:43:59","date_gmt":"2023-07-15T07:43:59","guid":{"rendered":"https:\/\/www.ticketswhales.com\/punta-cana-cap-cana-excursion-whale-watching-cayo-levantado-private-tour\/"},"modified":"2023-07-15T07:43:59","modified_gmt":"2023-07-15T07:43:59","slug":"punta-cana-cap-cana-excursion-whale-watching-cayo-levantado-private-tour","status":"publish","type":"page","link":"https:\/\/www.boattoursamana.com\/sl\/punta-cana-cap-cana-excursion-whale-watching-cayo-levantado-private-tour","title":{"rendered":"Punta Cana\/Cap Cana: Izletni\u0161ko opazovanje kitov + Cayo Levantado (zasebni ogled)"},"content":{"rendered":"<p><span style=\"vertical-align: inherit;\"><span style=\"vertical-align: inherit;\">Reserve su viaje para una experiencia de avistamiento de ballenas comenzando desde Cap Cana en un viaje privado con gu\u00edas profesionales ecologistas. <\/span><span style=\"vertical-align: inherit;\">Si desea ponerse en contacto con nosotros para recibir asesoramiento, env\u00ede un correo electr\u00f3nico, Whatsapp ali Llamadas disponibles. <\/span><span style=\"vertical-align: inherit;\">Por favor reserve con tiempo sus entradas. <\/span><span style=\"vertical-align: inherit;\">En la temporada de ballenas hay muchas reservas y nos gustar\u00eda tener sus entradas a salvo para usted.<\/span><\/span><br \/>\nn<br \/>\nn<span style=\"vertical-align: inherit;\"><span style=\"vertical-align: inherit;\">Nota: Este es un Tour Privado con un pago m\u00ednimo de 540 USD. <\/span><span style=\"vertical-align: inherit;\">Si son menos de 4 personas, cont\u00e1ctenos y le enviaremos un enlace donde puede reservar este Tour. <\/span><span style=\"vertical-align: inherit;\">Para unirse a un grupo de observaci\u00f3n de ballenas con recogida en su hotel, <\/span><\/span><a href=\"https:\/\/www.boattoursamana.com\/sl\/Tours-Excursions\/tours-excursions-samana-bay-dominican-republic\/whale-watching-2020-in-punta-cana-to-samana-bay-cayo-levantado-bacardi-island-from-hotels\/\"><span style=\"vertical-align: inherit;\"><span style=\"vertical-align: inherit;\">HAGA CLIC AQU\u00cd.<\/span><\/span><\/a><br \/>\nn<br \/>\nn<strong><span style=\"vertical-align: inherit;\"><span style=\"vertical-align: inherit;\">Tenga en cuenta<\/span><\/span><\/strong><span style=\"vertical-align: inherit;\"><span style=\"vertical-align: inherit;\"> : <\/span><\/span><em><span style=\"vertical-align: inherit;\"><span style=\"vertical-align: inherit;\">Beb\u00e9s<\/span><\/span><\/em><span style=\"vertical-align: inherit;\"><span style=\"vertical-align: inherit;\"> (0 &#8211; 23 meses) gratis, <\/span><\/span><em><span style=\"vertical-align: inherit;\"><span style=\"vertical-align: inherit;\">Ni\u00f1os<\/span><\/span><\/em><span style=\"vertical-align: inherit;\"><span style=\"vertical-align: inherit;\"> (2 &#8211; 10 <\/span><\/span><em><span style=\"vertical-align: inherit;\"><span style=\"vertical-align: inherit;\">a\u00f1os<\/span><\/span><\/em><span style=\"vertical-align: inherit;\"><span style=\"vertical-align: inherit;\"> )<\/span><\/span><br \/>\nn<br \/>\nn<em><strong><span style=\"vertical-align: inherit;\"><span style=\"vertical-align: inherit;\">Seleccione la fecha de la excursi\u00f3n:<\/span><\/span><\/strong><\/em><\/p>\n<p>&nbsp;<\/p>\n<div class=\"wpb_column vc_column_container vc_col-sm-12\"><div class=\"vc_column-inner\"><div class=\"wpb_wrapper\"><div class=\"vc_btn3-container vc_btn3-inline\" ><a class=\"vc_general vc_btn3 vc_btn3-size-md vc_btn3-shape-rounded vc_btn3-style-modern vc_btn3-color-green\" href=\"https:\/\/bookingadventures.tours\/booking.php?tour_id=6ed21424a849c63fc6398949d1f80266\" title=\"\" rel=\"noopener\">REZERVIRAJTE ZDAJ<\/a><\/div><\/div><\/div><\/div><div class=\"vc_row wpb_row vc_row-fluid\" ><div class=\"wpb_column vc_column_container vc_col-sm-12\"><div class=\"vc_column-inner\"><div class=\"wpb_wrapper\">\n\t<div class=\"wpb_text_column wpb_content_element\" >\n\t\t<div class=\"wpb_wrapper\">\n\t\t\t<p>\nn<\/p>\n<div class=\"vc_row wpb_row vc_row-fluid\">\nn<\/p>\n<div class=\"wpb_column vc_column_container vc_col-sm-12\">\nn<\/p>\n<div class=\"vc_column-inner\">\nn<\/p>\n<div class=\"wpb_wrapper\">\nn<\/p>\n<div class=\"wpb_text_column wpb_content_element\">\nn<\/p>\n<div class=\"wpb_wrapper\">\nn<\/p>\n<h3>Ekskurzija Opazovanje kitov + Cayo Levantado iz Punta Cane\/Cap Cana (zasebni izlet)<\/h3>\n<p>nWhale watching in Samana bay starting from Punta Cana\/Cap Cana hotels in Private transportation. This Trip starts between 6:00 \u2013 8:00 Am and finishes around 7:00 Pm. After aborting our boat to visit the Whales in their own habitat. After this Whale trip we will visit Bacardi Island \/ Cayo Levantado (optional). In Bacardi Island, Lunch Buffet from a typical Dominican Style will be provided. When lunch is finished you are allowed to swim until 4:00 pm. Tour will be finished at the same port from where it will start at 5:00 pm. After this, we take you back to your hotel.<br \/>\nn<br \/>\nnNote: This is a Private Tour with a minimum payment of 540 USD. If you are less then 4 people, please contact us and we will send you a link where you can book this Tour.\u00a0<strong><em>\u010ce se \u017eelite pridru\u017eiti skupini za opazovanje kitov s prevzemom v va\u0161em hotelu<\/em>\u00a0<\/strong><a href=\"https:\/\/www.boattoursamana.com\/sl\/Tours-Excursions\/tours-excursions-samana-bay-dominican-republic\/whale-watching-2020-in-punta-cana-to-samana-bay-cayo-levantado-bacardi-island-from-hotels\/\" data-mil=\"12004\">KLIKNI TUKAJ.<\/a><br \/>\nn<\/p>\n<ul>\nn \t<\/p>\n<li>Zasebno potovanje za opazovanje kitov<\/li>\n<p>n \t<\/p>\n<li>Vstopnine v Observatorij<\/li>\n<p>n \t<\/p>\n<li>Vklju\u010duje samopostre\u017eno kosilo na pla\u017ei<\/li>\n<p>n \t<\/p>\n<li>Zasebni prevoz iz hotelov<\/li>\n<p>n \t<\/p>\n<li>Zasebni prevoz z ladjo<\/li>\n<p>n \t<\/p>\n<li>Kapitan zagotavlja navodila in nadzor<\/li>\n<p>n \t<\/p>\n<li>Vodi\u010d<\/li>\n<p>n<\/ul>\n<p>n&nbsp;<br \/>\nn<\/p>\n<h4><b>Vklju\u010ditve in izklju\u010ditve<\/b><\/h4>\n<p>n&nbsp;<br \/>\nn<br \/>\nn<b>Vklju\u010dki<\/b><br \/>\nn<\/p>\n<ol>\nn \t<\/p>\n<li>Samopostre\u017eno kosilo na pla\u017ei<\/li>\n<p>n \t<\/p>\n<li>Vodi\u010d<\/li>\n<p>n \t<\/p>\n<li>Avto za prenos<\/li>\n<p>n \t<\/p>\n<li>Izlet z ladjo<\/li>\n<p>n \t<\/p>\n<li>Vsi davki, pristojbine in manipulativni stro\u0161ki<\/li>\n<p>n \t<\/p>\n<li>Lokalni davki<\/li>\n<p>n \t<\/p>\n<li>pija\u010de<\/li>\n<p>n<\/ol>\n<p>n<b>Izklju\u010ditve<\/b><br \/>\nn<\/p>\n<ol>\nn \t<\/p>\n<li>Napitnine<\/li>\n<p>n \t<\/p>\n<li>Alkoholne pija\u010de<\/li>\n<p>n<\/ol>\n<p>n&nbsp;<br \/>\nn<\/p>\n<h4><em><strong>Odhod in povratek<\/strong><\/em><\/h4>\n<p>nThe traveler will get a meeting point after the Reservation Process. Tours start and finished at the meeting point.<br \/>\nn<br \/>\nn&nbsp;<br \/>\nn<\/p>\n<h4><b><i>Kaj pri\u010dakovati?<\/i><\/b><\/h4>\n<p>n&nbsp;<br \/>\nn<br \/>\nn<em><strong>Zagotovite si vstopnice<\/strong><\/em>\u00a0za en dan zasebno opazovanje kitov od Cap Cana do zaliva Samana, plus \u010dudovito kosilo in \u010das na pla\u017ei.<br \/>\nn<br \/>\nDnevna vstopnica za opazovanje kitov, ki jo organizira &quot;Booking Adventures&quot;, se za\u010dne na zbirnem mestu, ki ga dolo\u010di vodnik. Kosilo na pla\u017ei in lahko ostanete, kolikor \u017eelite, plavate naokoli. \u010ce ste vegan, vam lahko pripravimo tudi hrano.<br \/>\nn<br \/>\nn<strong>urnik:<\/strong><br \/>\nn<br \/>\nnFlexible<br \/>\nn<br \/>\nn&nbsp;<br \/>\nn<\/p>\n<h4><em><strong>Kaj morate prinesti?<\/strong><\/em><\/h4>\n<p>n<\/p>\n<ul>\nn \t<\/p>\n<li>Kamera<\/li>\n<p>n \t<\/p>\n<li>Odganjalni popki<\/li>\n<p>n \t<\/p>\n<li>Son\u010dna krema<\/li>\n<p>n \t<\/p>\n<li>Klobuk<\/li>\n<p>n \t<\/p>\n<li>Udobne hla\u010de<\/li>\n<p>n \t<\/p>\n<li>Sandali za na pla\u017eo<\/li>\n<p>n \t<\/p>\n<li>Kopalna obla\u010dila<\/li>\n<p>n \t<\/p>\n<li>Gotovina za spominke<\/li>\n<p>n<\/ul>\n<p>n&nbsp;<br \/>\nn<\/p>\n<h4><b><i>Prevzem v hotelu<\/i><\/b><\/h4>\n<p>nHotel pick-up is included for this tour. We Pick up in any hotel in Punta Cana\/ Cap Cana area.<br \/>\nn<br \/>\nn&nbsp;<br \/>\nn<br \/>\nn<b>Opomba:<\/b>\u00a0\u010de rezervirate v 24 urah po \u010dasu odhoda potovanja\/izleta, lahko organiziramo hotelski prevzem z dopla\u010dilom. Ko bo va\u0161 nakup opravljen, vam bomo poslali popolne kontaktne podatke (telefonsko \u0161tevilko, e-po\u0161tni naslov itd.) za na\u0161ega lokalnega turisti\u010dnega vodnika, ki bo organiziral prevzem.<br \/>\nn<\/p>\n<h4><b><i>Potrditev dodatnih informacij<\/i><\/b><\/h4>\n<p>n<\/p>\n<ol>\nn \t<\/p>\n<li>Vstopnice so potrdilo po pla\u010dilu tega izleta. Pla\u010dilo lahko prika\u017eete na telefonu.<\/li>\n<p>n \t<\/p>\n<li>Zbirno mesto bo prejeto po opravljenem postopku rezervacije.<\/li>\n<p>n \t<\/p>\n<li>Otroci morajo biti v spremstvu odrasle osebe.<\/li>\n<p>n \t<\/p>\n<li>dostopno z invalidskim vozi\u010dkom<\/li>\n<p>n \t<\/p>\n<li>Dojen\u010dki morajo sedeti v naro\u010dju<\/li>\n<p>n \t<\/p>\n<li>Ve\u010dina popotnikov lahko sodeluje<\/li>\n<p>n<\/ol>\n<p>n<\/p>\n<h4><b><i>Politika odpovedi<\/i><\/b><\/h4>\n<p>nZa povra\u010dilo celotnega zneska prekli\u010dite vsaj 24 ur pred datumom za\u010detka do\u017eivetja.<br \/>\nn<br \/>\nn\n<\/div>\n<p>n\n<\/p><\/div>\n<p>n\n<\/p><\/div>\n<p>n\n<\/p><\/div>\n<p>n\n<\/p><\/div>\n<p>n\n<\/p><\/div>\n<p>n<\/p>\n<div class=\"vc_row wpb_row vc_row-fluid\">\nn<\/p>\n<div class=\"wpb_column vc_column_container vc_col-sm-12\">\nn<\/p>\n<div class=\"vc_column-inner\">\nn<\/p>\n<div class=\"wpb_wrapper\">\nn<\/p>\n<div class=\"wpb_text_column wpb_content_element\">\nn<\/p>\n<div class=\"wpb_wrapper\">\nn<\/p>\n<h4>Kontaktiraj nas?<\/h4>\n<p>n<\/p>\n<h5><b><i>TOUR WALES SAMANA<\/i><\/b><\/h5>\n<p>n<em><strong>Doma\u010dini<\/strong>\u00a0in\u00a0<strong>Dr\u017eavljani<\/strong>\u00a0Turisti\u010dni vodniki in storitve za goste<\/em><br \/>\nn<br \/>\nn<span class=\"text-turquoise\">Rezervacije:<\/span>\u00a0\u00a0Tours y Excursiones en Dom. Reps.<br \/>\nn<br \/>\nn<img decoding=\"async\" class=\"emoji\" draggable=\"false\" src=\"https:\/\/s.w.org\/images\/core\/emoji\/11.2.0\/svg\/1f4de.svg\" alt=\" \" title=\"\">\u00a0Tel\/Whatsapp\u00a0\u00a0\u00a0<a href=\"tel:+1-809-720-6035\">+ 1-809-720-6035<\/a>\u00a0.<br \/>\nn<\/p>\n<p data-wp-editing=\"1\"><a href=\"mailto:Reservabatour@gmail.com\"><img decoding=\"async\" class=\"emoji\" draggable=\"false\" src=\"https:\/\/s.w.org\/images\/core\/emoji\/11.2.0\/svg\/1f4e9.svg\" alt=\" \" title=\"\"> Reservabatour@gmail.com<\/a><\/p>\n<p>n&nbsp;<br \/>\nn<br \/>\nn\n<\/div>\n<p>n\n<\/p><\/div>\n<p>n\n<\/p><\/div>\n<p>n\n<\/p><\/div>\n<p>n\n<\/p><\/div>\n<p>n\n<\/p><\/div>\n<p>n<\/p>\n\n\t\t<\/div>\n\t<\/div>\n<div class=\"vc_btn3-container vc_btn3-inline\" ><a class=\"vc_general vc_btn3 vc_btn3-size-md vc_btn3-shape-rounded vc_btn3-style-modern vc_btn3-color-green\" href=\"https:\/\/bookingadventures.tours\/booking.php?tour_id=6ed21424a849c63fc6398949d1f80266\" title=\"\" rel=\"noopener\">REZERVIRAJTE ZDAJ<\/a><\/div><\/div><\/div><\/div><\/div>","protected":false},"excerpt":{"rendered":"<p>Reserve su viaje para una experiencia de avistamiento de ballenas comenzando desde Cap Cana en un viaje privado con gu\u00edas profesionales ecologistas. Si desea ponerse en contacto con nosotros para recibir asesoramiento, env\u00ede un correo electr\u00f3nico, Whatsapp o Llamadas disponibles. Por favor reserve con tiempo sus entradas. En la temporada de ballenas hay muchas reservas y nos gustar\u00eda tener sus entradas a salvo para usted. n nNota: Este es un Tour Privado con un pago m\u00ednimo de 540 USD. Si [&hellip;]<\/p>\n","protected":false},"author":2,"featured_media":0,"parent":0,"menu_order":0,"comment_status":"open","ping_status":"closed","template":"","meta":{"footnotes":""},"class_list":["post-15800","page","type-page","status-publish","hentry"],"_links":{"self":[{"href":"https:\/\/www.boattoursamana.com\/sl\/wp-json\/wp\/v2\/pages\/15800","targetHints":{"allow":["GET"]}}],"collection":[{"href":"https:\/\/www.boattoursamana.com\/sl\/wp-json\/wp\/v2\/pages"}],"about":[{"href":"https:\/\/www.boattoursamana.com\/sl\/wp-json\/wp\/v2\/types\/page"}],"author":[{"embeddable":true,"href":"https:\/\/www.boattoursamana.com\/sl\/wp-json\/wp\/v2\/users\/2"}],"replies":[{"embeddable":true,"href":"https:\/\/www.boattoursamana.com\/sl\/wp-json\/wp\/v2\/comments?post=15800"}],"version-history":[{"count":0,"href":"https:\/\/www.boattoursamana.com\/sl\/wp-json\/wp\/v2\/pages\/15800\/revisions"}],"wp:attachment":[{"href":"https:\/\/www.boattoursamana.com\/sl\/wp-json\/wp\/v2\/media?parent=15800"}],"curies":[{"name":"wp","href":"https:\/\/api.w.org\/{rel}","templated":true}]}}