{"id":15805,"date":"2023-07-15T07:43:59","date_gmt":"2023-07-15T07:43:59","guid":{"rendered":"https:\/\/www.ticketswhales.com\/mountain-bikes-4-hours-kayaks-los-haitises\/"},"modified":"2023-07-15T07:43:59","modified_gmt":"2023-07-15T07:43:59","slug":"mountain-bikes-4-hours-kayaks-los-haitises","status":"publish","type":"page","link":"https:\/\/www.boattoursamana.com\/sl\/gorska-kolesa-4-ure-kajaki-los-haitises","title":{"rendered":"Gorska kolesa + 4 ure kajaka Los Haitises"},"content":{"rendered":"<p><span style=\"font-weight: 400;\"><span style=\"vertical-align: inherit;\"><span style=\"vertical-align: inherit;\"><span style=\"vertical-align: inherit;\"><span style=\"vertical-align: inherit;\">Viaje con un experto local y obtenga la experiencia \u00fanica de andar en bicicleta comenzando desde Sabana de la Mar, este tour lo llevar\u00e1 a ver el hermoso paisaje del campo de la Rep\u00fablica Dominicana. <\/span><\/span><\/span><span style=\"vertical-align: inherit;\"><span style=\"vertical-align: inherit;\"><span style=\"vertical-align: inherit;\">\u00a1Mientras andas en bicicleta podr\u00e1s saludar! <\/span><\/span><\/span><span style=\"vertical-align: inherit;\"><span style=\"vertical-align: inherit;\"><span style=\"vertical-align: inherit;\">los agricultores montando sus caballos o motocicletas a su propiedad y durante el recorrido, podr\u00e1 emerger en la aventura y la cultura local de Sabana de la Mar. \u00a1Experiencia \u00fanica en bicicleta de monta\u00f1a!<\/span><\/span><\/span><\/span><\/span><br \/>\nn<br \/>\nn&nbsp;<br \/>\nn<br \/>\nn<strong><span style=\"vertical-align: inherit;\"><span style=\"vertical-align: inherit;\"><span style=\"vertical-align: inherit;\"><span style=\"vertical-align: inherit;\">Seleccione la fecha para el Tour:<\/span><\/span><\/span><\/span><\/strong><\/p>\n<p>&nbsp;<\/p>\n<div class=\"vc_row wpb_row vc_row-fluid\" ><div class=\"wpb_column vc_column_container vc_col-sm-12\"><div class=\"vc_column-inner\"><div class=\"wpb_wrapper\"><div class=\"vc_empty_space\"   style=\"height: 32px\"><span class=\"vc_empty_space_inner\"><\/span><\/div><\/div><\/div><\/div><\/div><div class=\"vc_row wpb_row vc_row-fluid\" ><div class=\"wpb_column vc_column_container vc_col-sm-12\"><div class=\"vc_column-inner\"><div class=\"wpb_wrapper\"><div class=\"mkdf-section-title-holder\" style=\"text-align: left\">\n\t<div class=\"mkdf-st-inner\">\n\t\t\t\t\t<h5 class=\"mkdf-st-subtitle\" >\n\t\t\t\tKolo, mangrove, kajaki, jame in ve\u010d.\t\t\t<\/h5>\n\t\t\t\t\t\t\t<h3 class=\"mkdf-st-title\" >\n\t\t\t\tGorsko kolo Los Haitises + kajaki\t\t\t<\/h3>\n\t\t\t\t\t<\/div>\n<\/div><\/div><\/div><\/div><\/div><div class=\"vc_row wpb_row vc_row-fluid\" ><div class=\"wpb_column vc_column_container vc_col-sm-12\"><div class=\"vc_column-inner\"><div class=\"wpb_wrapper\"><div class=\"vc_empty_space\"   style=\"height: 32px\"><span class=\"vc_empty_space_inner\"><\/span><\/div><\/div><\/div><\/div><\/div><div class=\"vc_row wpb_row vc_row-fluid\" ><div class=\"wpb_column vc_column_container vc_col-sm-12\"><div class=\"vc_column-inner\"><div class=\"wpb_wrapper\">\n\t<div class=\"wpb_text_column wpb_content_element\" >\n\t\t<div class=\"wpb_wrapper\">\n\t\t\t<p>\nn<\/p>\n<h5><strong>Pregled<\/strong><\/h5>\n<p>n<span style=\"font-weight: 400;\">Potujte z lokalnim strokovnjakom in pridobite edinstveno izku\u0161njo kolesarjenja, ki se za\u010dne v mestu Sabana de la Mar. Ta tura vas bo popeljala po \u010dudoviti pokrajini pode\u017eelja Dominikanske republike. Ko se boste vozili s kolesom, se boste lahko pozdravili! kmetom, ki jezdijo svoje konje ali motorje do svoje posesti in med ogledom se boste lahko spustili v pustolov\u0161\u010dino in lokalno kulturo iz Sabane de la Mar. Nekaj dejstev o Los Haitises: je ena najve\u010djih apnen\u010dastih formacij na svetu, kraj za ohranjanje endemi\u010dnih vrst, Lokacija z ve\u010dino biotske raznovrstnosti otoka, tam je eden najve\u010djih gozdov mangrove Quisqueya in jama z najve\u010d piktogrami Karibov.<\/span><br \/>\nn<br \/>\nn&nbsp;<br \/>\nn<br \/>\nn<strong>Vklju\u010ditve in izklju\u010ditve<\/strong><br \/>\nn<br \/>\nn&nbsp;<br \/>\nn<br \/>\nn<strong>Vklju\u010dki<\/strong><br \/>\nn<br \/>\nn<span style=\"font-weight: 400;\">Kolesarjenje<\/span><br \/>\nn<br \/>\nn<span style=\"font-weight: 400;\">Kajaka\u0161tvo<\/span><br \/>\nn<br \/>\nn<span style=\"font-weight: 400;\">Prigrizki<\/span><br \/>\nn<br \/>\nn<span style=\"font-weight: 400;\">1 steklenica vode\u00a0<\/span><br \/>\nn<br \/>\nn<span style=\"font-weight: 400;\">Komplet prve pomo\u010di\u00a0<\/span><br \/>\nn<br \/>\nn<span style=\"font-weight: 400;\">Vsi davki, pristojbine in manipulativni stro\u0161ki<\/span><br \/>\nn<br \/>\nn<span style=\"font-weight: 400;\">Lokalni davki<\/span><br \/>\nn<br \/>\nn<span style=\"font-weight: 400;\">Uradni turisti\u010dni vodi\u010di ekolog angle\u0161ki\/\u0161panski jezik<\/span><br \/>\nn<br \/>\nn&nbsp;<br \/>\nn<br \/>\nn<strong>Izklju\u010ditve<\/strong><br \/>\nn<br \/>\nn<span style=\"font-weight: 400;\">Napitnine<\/span><br \/>\nn<br \/>\nn<span style=\"font-weight: 400;\">Prenos<\/span><br \/>\nn<br \/>\nn<span style=\"font-weight: 400;\">pija\u010da<\/span><br \/>\nn<br \/>\nn<span style=\"font-weight: 400;\">\u00a0<\/span><br \/>\nn<br \/>\nn&nbsp;<br \/>\nn<br \/>\nn<span style=\"font-weight: 400;\">Odhod in povratek<\/span><br \/>\nn<br \/>\nn&nbsp;<br \/>\nn<br \/>\nn<span style=\"font-weight: 400;\">Tura, ki jo organizira &quot;Booking Adventures&quot;, se za\u010dne na zbirnem mestu, ki ga dolo\u010di vodnik ali \u010dlan osebja. Potnik bo dobil zbirali\u0161\u010de po opravljenem postopku rezervacije. Ture se za\u010dnejo in kon\u010dajo na na\u0161ih zbirali\u0161\u010dih.<\/span><br \/>\nn<br \/>\nn&nbsp;<br \/>\nn<br \/>\nn<span style=\"font-weight: 400;\">Kaj pri\u010dakovati?<\/span><br \/>\nn<br \/>\nn&nbsp;<br \/>\nn<br \/>\nn<span style=\"font-weight: 400;\">Zagotovite si vozovnico za kolesarjenje in kajaka\u0161tvo v mestu Sabana de la Mar\u00a0<\/span><br \/>\nn<br \/>\nn&nbsp;<br \/>\nn<br \/>\nn<span style=\"font-weight: 400;\">Ta izlet se za\u010dne na zbirnem mestu, ki ga morate potrditi pri na\u0161ih potovalnih agentih ali va\u0161em vodniku, preden se odpravite na katero koli lokacijo. Ko se sre\u010date z vodnikom, boste imeli povzetek o ogledu in vsem, kar je povezano z va\u0161im dnevom.<\/span><br \/>\nn<br \/>\nn&nbsp;<br \/>\nn<br \/>\nn<span style=\"font-weight: 400;\">Ko bodo vsi pripravljeni, se bomo odpravili do pristani\u0161\u010da nacionalnega parka Los Haitises, kjer boste za\u010deli kajak pri reki Cano Hondo, ki se kon\u010da v zalivu San Lorenzo, to je majhen zaliv s samo 10 km2 in dve uri boste izstopili sami v razli\u010dnih ekosistemih Los Haitises.\u00a0<\/span><br \/>\nn<br \/>\nn&nbsp;<br \/>\nn<br \/>\nn<span style=\"font-weight: 400;\">Med tem delom potovanja boste veslali po gozdu mangrov, ki je z ve\u010d kot 90 km2 drugi najve\u010dji na otoku, in ko boste prispeli do zaliva San Lorenzo, boste videli polotok in zaliv Samana.\u00a0<\/span><br \/>\nn<br \/>\nn&nbsp;<br \/>\nn<br \/>\nn<span style=\"font-weight: 400;\">Medtem ko ste na poti, lahko vidite nekatere delfine, ptice, kot so modra \u010daplja, siva \u010daplja, vrane, rjavi pelikan, kraljeva \u010digra, veli\u010dastna fregata in edinstven razgled na nacionalni park Los Haitises. Po 4 urah in pol aktivnosti v narodnem parku Los Haitises in Sabana de la Mar se ta izlet kon\u010da na istem mestu, kot se je za\u010del.<\/span><br \/>\nn<br \/>\nn&nbsp;<br \/>\nn<br \/>\nn<span style=\"font-weight: 400;\">Opomba: Ti izleti potekajo z uradnimi turisti\u010dnimi vodniki Ekologa. Rezervirajte pravo\u010dasno, ker v parku ni preve\u010d strokovnjakov.<\/span><br \/>\nn<br \/>\nn&nbsp;<br \/>\nn<br \/>\nn<span style=\"font-weight: 400;\">\u00a0<\/span><br \/>\nn<br \/>\nn&nbsp;<br \/>\nn<br \/>\nn<span style=\"font-weight: 400;\">Kaj morate prinesti?<\/span><br \/>\nn<\/p>\n<ul>\nn \t<\/p>\n<li style=\"font-weight: 400;\" aria-level=\"1\"><span style=\"font-weight: 400;\">Kamera<\/span><\/li>\n<p>n \t<\/p>\n<li style=\"font-weight: 400;\" aria-level=\"1\"><span style=\"font-weight: 400;\">Odganjalni popki<\/span><\/li>\n<p>n \t<\/p>\n<li style=\"font-weight: 400;\" aria-level=\"1\"><span style=\"font-weight: 400;\">son\u010dna krema<\/span><\/li>\n<p>n \t<\/p>\n<li style=\"font-weight: 400;\" aria-level=\"1\"><span style=\"font-weight: 400;\">Klobuk<\/span><\/li>\n<p>n \t<\/p>\n<li style=\"font-weight: 400;\" aria-level=\"1\"><span style=\"font-weight: 400;\">Udobne hla\u010de<\/span><\/li>\n<p>n \t<\/p>\n<li style=\"font-weight: 400;\" aria-level=\"1\"><span style=\"font-weight: 400;\">Teka\u0161ki \u010devlji\u00a0<\/span><\/li>\n<p>n \t<\/p>\n<li style=\"font-weight: 400;\" aria-level=\"1\"><span style=\"font-weight: 400;\">Sandali za kajak\u00a0<\/span><\/li>\n<p>n \t<\/p>\n<li style=\"font-weight: 400;\" aria-level=\"1\"><span style=\"font-weight: 400;\">Kopalna obla\u010dila<\/span><\/li>\n<p>n \t<\/p>\n<li style=\"font-weight: 400;\" aria-level=\"1\"><span style=\"font-weight: 400;\">Brisa\u010de\u00a0<\/span><\/li>\n<p>n<\/ul>\n<p>n&nbsp;<br \/>\nn<\/p>\n<h4><b><i>Prevzem v hotelu <\/i><\/b><\/h4>\n<p>n<span style=\"font-weight: 400;\">Prevzem iz hotela za to turnejo ni na voljo. <\/span><br \/>\nn<br \/>\nn&nbsp;<br \/>\nn<br \/>\nn<b>Opomba:<\/b><span style=\"font-weight: 400;\"> \u010de rezervirate v 24 urah po \u010dasu odhoda potovanja\/izleta, lahko organiziramo hotelski prevzem z dopla\u010dilom. Ko bo va\u0161 nakup opravljen, vam bomo poslali popolne kontaktne podatke (telefonsko \u0161tevilko, e-po\u0161tni naslov itd.) za na\u0161ega lokalnega turisti\u010dnega vodnika, ki bo organiziral prevzem.<\/span><br \/>\nn<\/p>\n<h4><b><i>Potrditev dodatnih informacij <\/i><\/b><\/h4>\n<p>n<\/p>\n<ol>\nn \t<\/p>\n<li>Vstopnice so potrdilo po pla\u010dilu tega izleta. Pla\u010dilo lahko prika\u017eete na telefonu.<\/li>\n<p>n \t<\/p>\n<li style=\"font-weight: 400;\"><span style=\"font-weight: 400;\">Zbirno mesto bo prejeto po opravljenem postopku rezervacije.<\/span><\/li>\n<p>n \t<\/p>\n<li style=\"font-weight: 400;\"><span style=\"font-weight: 400;\">Otroci morajo biti v spremstvu odrasle osebe.<\/span><\/li>\n<p>n \t<\/p>\n<li style=\"font-weight: 400;\"><span style=\"font-weight: 400;\"> Ni dostopno z invalidskim vozi\u010dkom <\/span><\/li>\n<p>n \t<\/p>\n<li style=\"font-weight: 400;\"><span style=\"font-weight: 400;\">Dojen\u010dki morajo sedeti v naro\u010dju <\/span><\/li>\n<p>n \t<\/p>\n<li style=\"font-weight: 400;\"><span style=\"font-weight: 400;\">Ni priporo\u010dljivo za popotnike s te\u017eavami s hrbtom<\/span><\/li>\n<p>n \t<\/p>\n<li style=\"font-weight: 400;\"><span style=\"font-weight: 400;\">Ni priporo\u010dljivo za nose\u010dnice <\/span><\/li>\n<p>n \t<\/p>\n<li style=\"font-weight: 400;\"><span style=\"font-weight: 400;\"> Brez te\u017eav s srcem ali drugih resnih zdravstvenih te\u017eav <\/span><\/li>\n<p>n \t<\/p>\n<li style=\"font-weight: 400;\"><span style=\"font-weight: 400;\">Ve\u010dina popotnikov lahko sodeluje<\/span><\/li>\n<p>n<\/ol>\n<p>n<\/p>\n<h4><b><i>Politika odpovedi<\/i><\/b><\/h4>\n<p>Za celotno vra\u010dilo preberite na\u0161e pravilnike o odpovedih\u00a0<a href=\"https:\/\/www.boattoursamana.com\/sl\/spletna-rezervacija\/\" target=\"_blank\" rel=\"noopener\" data-saferedirecturl=\"https:\/\/www.google.com\/url?q=https:\/\/www.boattoursamana.com\/online-booking\/&amp;source=gmail&amp;ust=1672449202351000&amp;usg=AOvVaw1yAeVAPktmaVCqDujgUn90\">Klikni tukaj<\/a>. Sredstva bodo izgubljena, \u010de je rezervacija odpovedana isti dan potovanja.<\/p>\n\n\t\t<\/div>\n\t<\/div>\n<\/div><\/div><\/div><\/div><div class=\"vc_row wpb_row vc_row-fluid\" ><\/div><div class=\"wpb_column vc_column_container vc_col-sm-12\"><div class=\"vc_column-inner\"><div class=\"wpb_wrapper\"><\/div><\/div><\/div><div class=\"vc_empty_space\"   style=\"height: 32px\"><span class=\"vc_empty_space_inner\"><\/span><\/div>\n\t<div class=\"wpb_text_column wpb_content_element\" >\n\t\t<div class=\"wpb_wrapper\">\n\t\t\t<p>\nn<br \/>\nnJaz sem besedilni blok. Kliknite gumb za urejanje, da spremenite to besedilo. Lorem ipsum dolor sit amet, consectetur adipiscing elit. Ut elit tellus, luctus nec ullamcorper mattis, pulvinar dapibus leo.<br \/>\nn<br \/>\nn<\/p>\n\n\t\t<\/div>\n\t<\/div>\n<div class=\"vc_empty_space\"   style=\"height: 32px\"><span class=\"vc_empty_space_inner\"><\/span><\/div>","protected":false},"excerpt":{"rendered":"<p>Viaje con un experto local y obtenga la experiencia \u00fanica de andar en bicicleta comenzando desde Sabana de la Mar, este tour lo llevar\u00e1 a ver el hermoso paisaje del campo de la Rep\u00fablica Dominicana. \u00a1Mientras andas en bicicleta podr\u00e1s saludar! los agricultores montando sus caballos o motocicletas a su propiedad y durante el recorrido, podr\u00e1 emerger en la aventura y la cultura local de Sabana de la Mar. \u00a1Experiencia \u00fanica en bicicleta de monta\u00f1a! n n&nbsp; n nSeleccione la [&hellip;]<\/p>\n","protected":false},"author":2,"featured_media":0,"parent":0,"menu_order":0,"comment_status":"open","ping_status":"closed","template":"","meta":{"footnotes":""},"class_list":["post-15805","page","type-page","status-publish","hentry"],"_links":{"self":[{"href":"https:\/\/www.boattoursamana.com\/sl\/wp-json\/wp\/v2\/pages\/15805","targetHints":{"allow":["GET"]}}],"collection":[{"href":"https:\/\/www.boattoursamana.com\/sl\/wp-json\/wp\/v2\/pages"}],"about":[{"href":"https:\/\/www.boattoursamana.com\/sl\/wp-json\/wp\/v2\/types\/page"}],"author":[{"embeddable":true,"href":"https:\/\/www.boattoursamana.com\/sl\/wp-json\/wp\/v2\/users\/2"}],"replies":[{"embeddable":true,"href":"https:\/\/www.boattoursamana.com\/sl\/wp-json\/wp\/v2\/comments?post=15805"}],"version-history":[{"count":0,"href":"https:\/\/www.boattoursamana.com\/sl\/wp-json\/wp\/v2\/pages\/15805\/revisions"}],"wp:attachment":[{"href":"https:\/\/www.boattoursamana.com\/sl\/wp-json\/wp\/v2\/media?parent=15805"}],"curies":[{"name":"wp","href":"https:\/\/api.w.org\/{rel}","templated":true}]}}