{"id":15821,"date":"2023-07-15T07:44:18","date_gmt":"2023-07-15T07:44:18","guid":{"rendered":"https:\/\/www.ticketswhales.com\/los-haitises-kayaking-boat-trip-caves-and-swimming-at-private-beach-all-in-one\/"},"modified":"2023-07-15T07:44:18","modified_gmt":"2023-07-15T07:44:18","slug":"los-haitises-kayaking-boat-trip-caves-and-swimming-at-private-beach-all-in-one","status":"publish","type":"page","link":"https:\/\/www.boattoursamana.com\/sl\/los-haitises-voznja-s-kajakom-jame-in-kopanje-na-zasebni-plazi-v-enem","title":{"rendered":"Vo\u017enja s kajakom Los Haitises + izlet z ladjo + jame in kopanje na zasebni pla\u017ei (vse v enem)."},"content":{"rendered":"<p><span style=\"vertical-align: inherit;\"><span style=\"vertical-align: inherit;\">Kajak + Paseo en Barco + Cuevas y Playa para Nadar (Todo en Uno). <\/span><span style=\"vertical-align: inherit;\">Parque Nacional Los Haitises con un gu\u00eda tur\u00edstico local desde Sabana de la Mar. Visita a la selva tropical, la peque\u00f1a playa privada, las \u00e1reas de coco, caf\u00e9 y cacao. <\/span><span style=\"vertical-align: inherit;\">Aprendiendo sobre la historia original del Parque Nacional Los Haitises.<\/span><\/span><br \/>\nn<br \/>\nn&nbsp;<br \/>\nn<br \/>\nn<strong><span style=\"vertical-align: inherit;\"><span style=\"vertical-align: inherit;\">Seleccione la fecha para el viaje de aventura todo en uno:<\/span><\/span><\/strong><\/p>\n<p>&nbsp;<\/p>\n<div class=\"vc_row wpb_row vc_row-fluid\" ><div class=\"wpb_column vc_column_container vc_col-sm-12\"><div class=\"vc_column-inner\"><div class=\"wpb_wrapper\"><div class=\"vc_btn3-container vc_btn3-inline\" ><button class=\"vc_general vc_btn3 vc_btn3-size-md vc_btn3-shape-rounded vc_btn3-style-modern vc_btn3-color-green\">REZERVIRAJTE ZDAJ<\/button><\/div>\n\t<div class=\"wpb_text_column wpb_content_element\" >\n\t\t<div class=\"wpb_wrapper\">\n\t\t\t<p>\nn<\/p>\n<h4><b><i>Pregled <\/i><\/b><\/h4>\n<p>n<span style=\"font-weight: 400;\">Pobegnite iz mesta in se potopite v ekoturizem province Hato Mayor, prve ekoturisti\u010dne province Dominikanske republike. Pojdite z nami in u\u017eivajte v sve\u017eih vodah ene od neraziskanih pla\u017e Los Haitises, kjer se nahaja zaliv San Lorenzo. Kraj je dostopen s \u010dolnom, obdan z de\u017eevnim in mangrovim gozdom. Med navigacijo boste pri\u0161li v stik z naravo in nepozabno pokrajino tega narodnega parka. Ta tura bo me\u0161anica vo\u017enje s kajakom, \u010dolnarjenja, obiska ene jame in kopanja v enem najpomembnej\u0161ih nacionalnih parkov v dr\u017eavi, kjer je ve\u010dina biotske raznovrstnosti otoka in drugi najve\u010dji mangrov gozd z ve\u010d kot 98 km2.\u00a0<\/span><br \/>\nn<br \/>\nn&nbsp;<br \/>\nn<br \/>\nn<span style=\"font-weight: 400;\">Na\u0161e lokalno in strokovno osebje bo poskrbelo, da boste resni\u010dno spoznali kulturo Taino, njihovo zgodovino v Los Haitises in njihovo povezanost z naravo. Ta turneja je v na\u010dinu ekoturizma, kjer ima skupnost zelo pomembno vlogo, saj so vodniki, \u010dolni Capitan in vozniki.<\/span><br \/>\nn<br \/>\nn&nbsp;<br \/>\nn<br \/>\nn<span style=\"font-weight: 400;\">Prednostna naloga Booking Adventure je zagotoviti, da dobite najbolj\u0161e od najbolj\u0161ega, od trenutka, ko kupite vozovnico, do konca svojega potovanja. Na\u0161i izleti so osredoto\u010deni na okoljsko izobra\u017eevanje, avanturo in lokalno zgodovino, med tem izletom pa boste videli vsega po malem.\u00a0<\/span><br \/>\nn<\/p>\n<h3><span style=\"font-weight: 400;\">Vklju\u010ditve in izklju\u010ditve<\/span><\/h3>\n<p>n<\/p>\n<h6><strong>Vklju\u010dki<\/strong><\/h6>\n<p>n<\/p>\n<ul>\nn \t<\/p>\n<li><span style=\"font-weight: 400;\">\u010coln in kapitan\u00a0<\/span><\/li>\n<p>n \t<\/p>\n<li><span style=\"font-weight: 400;\">Kajaki\u00a0<\/span><\/li>\n<p>n \t<\/p>\n<li><span style=\"font-weight: 400;\">Prigrizki (voda, sadje, sendvi\u010di in soda)<\/span><\/li>\n<p>n \t<\/p>\n<li><span style=\"font-weight: 400;\">Vsi davki, pristojbine in manipulativni stro\u0161ki<\/span><\/li>\n<p>n \t<\/p>\n<li><span style=\"font-weight: 400;\">Lokalni davki<\/span><\/li>\n<p>n \t<\/p>\n<li><span style=\"font-weight: 400;\">Uradni turisti\u010dni vodi\u010di ekolog angle\u0161ki\/\u0161panski jezik<\/span><\/li>\n<p>n \t<\/p>\n<li><span style=\"font-weight: 400;\">Plavalni naravni bazeni in neraziskana pla\u017ea\u00a0<\/span><\/li>\n<p>n \t<\/p>\n<li><span style=\"font-weight: 400;\">Ena jama\u00a0<\/span><\/li>\n<p>n<\/ul>\n<p>n&nbsp;<br \/>\nn<\/p>\n<h6><strong>Izklju\u010ditve<\/strong><\/h6>\n<p>n&nbsp;<br \/>\nn<\/p>\n<ul>\nn \t<\/p>\n<li><span style=\"font-weight: 400;\">Napitnine<\/span><\/li>\n<p>n \t<\/p>\n<li><span style=\"font-weight: 400;\">pija\u010da<\/span><\/li>\n<p>n \t<\/p>\n<li><span style=\"font-weight: 400;\">Prenos\u00a0<\/span><\/li>\n<p>n<\/ul>\n<p>n<span style=\"font-weight: 400;\">\u00a0<\/span><br \/>\nn<\/p>\n<h6><strong>Odhod in povratek<\/strong><\/h6>\n<p>n&nbsp;<br \/>\nn<br \/>\nn<span style=\"font-weight: 400;\">Tura, ki jo organizira &quot;Booking Adventures&quot;, se za\u010dne na zbirnem mestu, ki ga dolo\u010di vodnik ali \u010dlan osebja. Potnik bo dobil zbirali\u0161\u010de po opravljenem postopku rezervacije. Ture se za\u010dnejo in kon\u010dajo na na\u0161ih zbirali\u0161\u010dih.<\/span><br \/>\nn<\/p>\n<h2>Vo\u017enja s kajakom Los Haitises + izlet z ladjo + jame in plavalna pla\u017ea (vse v enem).<\/h2>\n<p>n<span style=\"font-weight: 400;\">Kaj pri\u010dakovati?<\/span><br \/>\nn<br \/>\nn&nbsp;<br \/>\nn<br \/>\nn<span style=\"font-weight: 400;\">Zagotovite si vstopnico za ekolo\u0161ko pustolovsko turnejo Los Haitises National Park All In One\u00a0<\/span><br \/>\nn<br \/>\nn&nbsp;<br \/>\nn<br \/>\nn<span style=\"font-weight: 400;\">Ta izlet se za\u010dne na zbirnem mestu, ki ga morate potrditi pri na\u0161ih potovalnih agentih ali va\u0161em vodniku, preden se odpravite na katero koli lokacijo. Ko se sre\u010date z vodnikom, boste imeli povzetek o ogledu in vsem, kar je povezano z va\u0161im dnevom.<\/span><br \/>\nn<br \/>\nn&nbsp;<br \/>\nn<br \/>\nn<span style=\"font-weight: 400;\">Ko so vsi pripravljeni in prevzamemo kajake, se bomo odpravili na prvo lokacijo, to je Playita Las Almejas, kjer so naravni bazeni, medtem ko bomo pluli skozi gozd mangrov in pla\u0161\u010d zaliva San Lorenzo, bomo z vami delili zgodbe o Los Haitises, Geologija in preglejte vrste mangrov z okolico zaliva San Lorenzo.\u00a0<\/span><br \/>\nn<br \/>\nn&nbsp;<br \/>\nn<br \/>\nn<span style=\"font-weight: 400;\">Ko prispemo na prvo lokacijo, si pripravite kopalke, da greste na kajak in s svojim turisti\u010dnim vodi\u010dem odveslate do Cave of line, ostalo osebje vas bo po\u010dakalo, dokler ne zaklju\u010dite prvega dela aktivnosti.<\/span><br \/>\nn<br \/>\nn&nbsp;<br \/>\nn<br \/>\nn<span style=\"font-weight: 400;\">Med tem delom va\u0161ega potovanja se boste lahko odpravili okoli starega pristani\u0161\u010da Las Perlas, ki je ena prvih struktur, ki so jih zgradili Evropejci na tem obmo\u010dju, okoli leta 1876, in je bila povezana z \u017eelezni\u0161ko progo, ki je bila prevoz za kava, banane in vse, kar je ta skupina Evropejcev gojila v dana\u0161njem Los Haitisesu.\u00a0<\/span><br \/>\nn<br \/>\nn&nbsp;<br \/>\nn<br \/>\nn<span style=\"font-weight: 400;\">V jami, ki jo boste obiskali, je ve\u010d kot 1200 piktografov, ki so jih naslikali Tainovi, to je bil na\u010din izra\u017eanja, danes pa nam ta umetnost pripoveduje zgodbe, za katere si nikoli nismo mislili, da jih bomo na\u0161li danes. Ko kon\u010date tukaj, se bomo vrnili v Playa de las Almejas na prigrizke in kopanje.\u00a0<\/span><br \/>\nn<br \/>\nn&nbsp;<br \/>\nn<br \/>\nn<span style=\"font-weight: 400;\">Po plavanju v naravnem bazenu se bomo vrnili v glavno pristani\u0161\u010de na obmo\u010dju Cano Hondo, to je 5-urna tura, ki vam daje prilo\u017enost, da nadzirate ve\u010dino Sabana de la Mar in narodnega parka Los Haitises, ta ekskurzija se kon\u010da v na istem mestu, kot se je za\u010delo.<\/span><br \/>\nn<br \/>\nn&nbsp;<br \/>\nn<br \/>\nn<span style=\"font-weight: 400;\">Opomba: Ti izleti potekajo z uradnimi turisti\u010dnimi vodniki Ekologa. Rezervirajte pravo\u010dasno, ker v parku ni preve\u010d strokovnjakov.<\/span><br \/>\nn<br \/>\nn&nbsp;<br \/>\nn<\/p>\n<h6><strong>Kaj morate prinesti?<\/strong><\/h6>\n<p>n<\/p>\n<ul>\nn \t<\/p>\n<li style=\"font-weight: 400;\" aria-level=\"1\"><span style=\"font-weight: 400;\">Kamera<\/span><\/li>\n<p>n \t<\/p>\n<li style=\"font-weight: 400;\" aria-level=\"1\"><span style=\"font-weight: 400;\">Sprej proti hro\u0161\u010dem\u00a0<\/span><\/li>\n<p>n \t<\/p>\n<li style=\"font-weight: 400;\" aria-level=\"1\"><span style=\"font-weight: 400;\">Son\u010dna krema<\/span><\/li>\n<p>n \t<\/p>\n<li style=\"font-weight: 400;\" aria-level=\"1\"><span style=\"font-weight: 400;\">Udobne hla\u010de<\/span><\/li>\n<p>n \t<\/p>\n<li style=\"font-weight: 400;\" aria-level=\"1\"><span style=\"font-weight: 400;\">Teka\u0161ki \u010devlji<\/span><\/li>\n<p>n \t<\/p>\n<li style=\"font-weight: 400;\" aria-level=\"1\"><span style=\"font-weight: 400;\">De\u017ena jakna\u00a0<\/span><\/li>\n<p>n \t<\/p>\n<li style=\"font-weight: 400;\" aria-level=\"1\"><span style=\"font-weight: 400;\">Kopalke\u00a0<\/span><\/li>\n<p>n \t<\/p>\n<li style=\"font-weight: 400;\" aria-level=\"1\"><span style=\"font-weight: 400;\">Brisa\u010do\u00a0<\/span><\/li>\n<p>n<\/ul>\n<p>n<\/p>\n<h4><b><i>Prevzem v hotelu <\/i><\/b><\/h4>\n<p>n<span style=\"font-weight: 400;\">Prevzem iz hotela za to turnejo ni na voljo. Samo \u010de ste v hotelu Cano Hondo ali hotelih na obmo\u010dju Sabana de la mar.<\/span><br \/>\nn<br \/>\nn<b>Opomba:<\/b><span style=\"font-weight: 400;\"> \u010ce rezervirate v 24 urah po \u010dasu odhoda potovanja\/izleta, lahko z dopla\u010dilom organiziramo hotelski prevzem iz katerega koli kraja v Dominikanski republiki. Ko bo va\u0161 nakup opravljen, vam bomo poslali popolne kontaktne podatke (telefonsko \u0161tevilko, e-po\u0161tni naslov itd.) za na\u0161ega lokalnega turisti\u010dnega vodnika, ki bo organiziral prevzem.<\/span><br \/>\nn<\/p>\n<h4><b><i>Potrditev dodatnih informacij <\/i><\/b><\/h4>\n<p>n<\/p>\n<ol>\nn \t<\/p>\n<li>Vstopnice so potrdilo po pla\u010dilu tega izleta. Pla\u010dilo lahko prika\u017eete na telefonu.<\/li>\n<p>n \t<\/p>\n<li style=\"font-weight: 400;\"><span style=\"font-weight: 400;\">Zbirno mesto bo prejeto po opravljenem postopku rezervacije.<\/span><\/li>\n<p>n \t<\/p>\n<li style=\"font-weight: 400;\"><span style=\"font-weight: 400;\">Otroci morajo biti v spremstvu odrasle osebe.<\/span><\/li>\n<p>n \t<\/p>\n<li style=\"font-weight: 400;\"><span style=\"font-weight: 400;\"> Ni dostopno z invalidskim vozi\u010dkom <\/span><\/li>\n<p>n \t<\/p>\n<li style=\"font-weight: 400;\"><span style=\"font-weight: 400;\">Dojen\u010dki morajo sedeti v naro\u010dju <\/span><\/li>\n<p>n \t<\/p>\n<li style=\"font-weight: 400;\"><span style=\"font-weight: 400;\">Ni priporo\u010dljivo za popotnike s te\u017eavami s hrbtom<\/span><\/li>\n<p>n \t<\/p>\n<li style=\"font-weight: 400;\"><span style=\"font-weight: 400;\">Ni priporo\u010dljivo za nose\u010dnice <\/span><\/li>\n<p>n \t<\/p>\n<li style=\"font-weight: 400;\"><span style=\"font-weight: 400;\"> Brez te\u017eav s srcem ali drugih resnih zdravstvenih te\u017eav <\/span><\/li>\n<p>n \t<\/p>\n<li style=\"font-weight: 400;\"><span style=\"font-weight: 400;\">Ve\u010dina popotnikov lahko sodeluje<\/span><\/li>\n<p>n<\/ol>\n<p>n<\/p>\n<h4><b><i>Politika odpovedi<\/i><\/b><\/h4>\n<p>Za celotno vra\u010dilo preberite na\u0161e pravilnike o odpovedih\u00a0<a href=\"https:\/\/www.boattoursamana.com\/sl\/spletna-rezervacija\/\" target=\"_blank\" rel=\"noopener\" data-saferedirecturl=\"https:\/\/www.google.com\/url?q=https:\/\/www.boattoursamana.com\/online-booking\/&amp;source=gmail&amp;ust=1672449202351000&amp;usg=AOvVaw1yAeVAPktmaVCqDujgUn90\">Klikni tukaj<\/a>. Sredstva bodo izgubljena, \u010de je rezervacija odpovedana isti dan potovanja.<\/p>\n\n\t\t<\/div>\n\t<\/div>\n<\/div><\/div><\/div><\/div><div class=\"vc_row wpb_row vc_row-fluid\" ><div class=\"wpb_column vc_column_container vc_col-sm-12\"><div class=\"vc_column-inner\"><div class=\"wpb_wrapper\"><\/div><\/div><\/div><\/div><div class=\"vc_row wpb_row vc_row-fluid\" ><\/div><div class=\"wpb_column vc_column_container vc_col-sm-12\"><div class=\"vc_column-inner\"><div class=\"wpb_wrapper\"><\/div><\/div><\/div><div class=\"vc_empty_space\"   style=\"height: 32px\"><span class=\"vc_empty_space_inner\"><\/span><\/div><div class=\"vc_empty_space\"   style=\"height: 32px\"><span class=\"vc_empty_space_inner\"><\/span><\/div><div class=\"vc_row wpb_row vc_row-fluid\" ><div class=\"wpb_column vc_column_container vc_col-sm-12\"><div class=\"vc_column-inner\"><div class=\"wpb_wrapper\"><div class=\"vc_btn3-container vc_btn3-inline\" ><button class=\"vc_general vc_btn3 vc_btn3-size-md vc_btn3-shape-rounded vc_btn3-style-modern vc_btn3-color-green\">REZERVIRAJTE ZDAJ<\/button><\/div><\/div><\/div><\/div><\/div>","protected":false},"excerpt":{"rendered":"<p>Kayak + Paseo en Barco + Cuevas y Playa para Nadar (Todo en Uno). Parque Nacional Los Haitises con un gu\u00eda tur\u00edstico local desde Sabana de la Mar. Visita a la selva tropical, la peque\u00f1a playa privada, las \u00e1reas de coco, caf\u00e9 y cacao. Aprendiendo sobre la historia original del Parque Nacional Los Haitises. n n&nbsp; n nSeleccione la fecha para el viaje de aventura todo en uno: &nbsp;<\/p>","protected":false},"author":2,"featured_media":0,"parent":0,"menu_order":0,"comment_status":"open","ping_status":"closed","template":"","meta":{"footnotes":""},"class_list":["post-15821","page","type-page","status-publish","hentry"],"_links":{"self":[{"href":"https:\/\/www.boattoursamana.com\/sl\/wp-json\/wp\/v2\/pages\/15821","targetHints":{"allow":["GET"]}}],"collection":[{"href":"https:\/\/www.boattoursamana.com\/sl\/wp-json\/wp\/v2\/pages"}],"about":[{"href":"https:\/\/www.boattoursamana.com\/sl\/wp-json\/wp\/v2\/types\/page"}],"author":[{"embeddable":true,"href":"https:\/\/www.boattoursamana.com\/sl\/wp-json\/wp\/v2\/users\/2"}],"replies":[{"embeddable":true,"href":"https:\/\/www.boattoursamana.com\/sl\/wp-json\/wp\/v2\/comments?post=15821"}],"version-history":[{"count":0,"href":"https:\/\/www.boattoursamana.com\/sl\/wp-json\/wp\/v2\/pages\/15821\/revisions"}],"wp:attachment":[{"href":"https:\/\/www.boattoursamana.com\/sl\/wp-json\/wp\/v2\/media?parent=15821"}],"curies":[{"name":"wp","href":"https:\/\/api.w.org\/{rel}","templated":true}]}}