{"id":15853,"date":"2023-07-15T07:45:08","date_gmt":"2023-07-15T07:45:08","guid":{"rendered":"https:\/\/www.ticketswhales.com\/private-speed-boat-lancha-samana-bay\/"},"modified":"2023-07-15T07:45:08","modified_gmt":"2023-07-15T07:45:08","slug":"private-speed-boat-lancha-samana-bay","status":"publish","type":"page","link":"https:\/\/www.boattoursamana.com\/sl\/zasebni-gliser-lancha-samana-bay","title":{"rendered":"Zasebni gliser (Lancha) v zalivu Saman\u00e1"},"content":{"rendered":"<p>Zasebni gliser (Lancha) Zaliv Samana Najemite ta \u010dudoviti gliser za cel dan za do 5 ljudi, da obi\u0161\u010dete <a href=\"https:\/\/www.boattoursamana.com\/sl\/destinacije\/los-haitises-national-park-tickets-tours\/\" target=\"_blank\" rel=\"noopener\" data-saferedirecturl=\"https:\/\/www.google.com\/url?q=https:\/\/www.boattoursamana.com\/destinations\/los-haitises-national-park-tickets-tours\/&amp;source=gmail&amp;ust=1637749313206000&amp;usg=AOvVaw2iM1LFDbYv-Gthna0qZt2n\">Haitises<\/a> in Cayo Levantado. Tudi v sezoni opazovanja kitov lahko uporabite \u010doln za ogled kitov v zalivu Samana.<\/p>\n<p>&nbsp;<\/p>\n<div class=\"vc_row wpb_row vc_row-fluid\" ><div class=\"wpb_column vc_column_container vc_col-sm-12\"><div class=\"vc_column-inner\"><div class=\"wpb_wrapper\"><div class=\"vc_btn3-container vc_btn3-inline\" ><button class=\"vc_general vc_btn3 vc_btn3-size-md vc_btn3-shape-rounded vc_btn3-style-modern vc_btn3-color-green\">REZERVIRAJTE ZDAJ<\/button><\/div>\n\t<div class=\"wpb_text_column wpb_content_element\" >\n\t\t<div class=\"wpb_wrapper\">\n\t\t\t<p>\nn<\/p>\n<div class=\"custom-left\">\nn<\/p>\n<div class=\"row\">\nn<\/p>\n<div class=\"col-md-12 cust-clas\">\nn<\/p>\n<div class=\"product-header alignleft\">\nn<br \/>\nnSAMANA \u010cOLN \u2013 NAJEM<br \/>\nn<br \/>\nnZASEBNI CELODNEVNI NAJEM SAMANA BAY<br \/>\nn<br \/>\nn8 URNI IZLET- OD PONEDELJKA DO NEDELJE<br \/>\nn<br \/>\nn<\/div>\n<p>n\n<\/p><\/div>\n<p>n\n<\/p><\/div>\n<p>n\n<\/p><\/div>\n<p>n<\/p>\n<div class=\"custom-left para-p\">\nn<\/p>\n<div class=\"info_content_label\">\nn<br \/>\nn<label>Informacije:<\/label><br \/>\nn<br \/>\nnNajemite ta \u010dudoviti gliser za cel dan za do 5 oseb, ki jih lahko obi\u0161\u010dete <a href=\"https:\/\/www.boattoursamana.com\/sl\/destinacije\/los-haitises-national-park-tickets-tours\/\" target=\"_blank\" rel=\"noopener\" data-saferedirecturl=\"https:\/\/www.google.com\/url?q=https:\/\/www.boattoursamana.com\/destinations\/los-haitises-national-park-tickets-tours\/&amp;source=gmail&amp;ust=1637749313206000&amp;usg=AOvVaw2iM1LFDbYv-Gthna0qZt2n\">Haitises<\/a> in Cayo Levantado. Tudi v sezoni opazovanja kitov lahko uporabite \u010doln za ogled kitov v zalivu Samana.<br \/>\nn<br \/>\nnVklju\u010duje posadko, gorivo in hladilnik ledu.<br \/>\nn<br \/>\nnMo\u017enosti hrane so na voljo za dopla\u010dilo:<br \/>\nn<br \/>\nn<strong>Podrobnosti o tradicionalnem samopostre\u017enem kosilu, $15 USD na osebo:<\/strong><br \/>\nn<br \/>\nn-zelena solata<br \/>\nn-Kruh<br \/>\nn-Moro de Guandule (ri\u017e na dominikanski na\u010din) s kokosom<br \/>\nn\u2013 Testenine v paradi\u017enikovi omaki<br \/>\nn-Yuca enolon\u010dnice<br \/>\nn-riba in pi\u0161\u010danec na \u017earu (dorado) + po \u017eelji omaka iz kokosovega mleka<br \/>\nn-sve\u017ee sadje<br \/>\nn-1 brezalkoholna pija\u010da (soda ali voda)<br \/>\nn-kava<br \/>\nn<br \/>\nn<strong>Dodatna storitev jastoga + kokosovi bonboni $19 USD (dodatno).<\/strong><br \/>\nn<br \/>\nn<\/div>\n<p>n<label>Vklju\u010duje:<\/label>\u00a0Vklju\u010dene druge storitve (vklju\u010dena je posadka, gorivo in hladilnik z ledom)<br \/>\nn<br \/>\nn<label>Ni vklju\u010den:<\/label>\u00a0Pija\u010da ali hrana NISO vklju\u010deni<br \/>\nn<br \/>\nn<label>Vklju\u010di gorivo:<\/label>\u00a0ja<br \/>\nn<br \/>\nn<\/div>\n<p>nPi\u0161ite nam prek Whatsappa: +1-809-720-6035. Najbolj\u0161a cena na spletu\u2026<br \/>\nn<br \/>\nn&nbsp;<br \/>\nn<\/p>\n<h4><b><i>Politika odpovedi<\/i><\/b><\/h4>\n<p>Za celotno vra\u010dilo preberite na\u0161e pravilnike o odpovedih\u00a0<a href=\"https:\/\/www.boattoursamana.com\/sl\/spletna-rezervacija\/\" target=\"_blank\" rel=\"noopener\" data-saferedirecturl=\"https:\/\/www.google.com\/url?q=https:\/\/www.boattoursamana.com\/online-booking\/&amp;source=gmail&amp;ust=1672449202351000&amp;usg=AOvVaw1yAeVAPktmaVCqDujgUn90\">Klikni tukaj<\/a>. Sredstva bodo izgubljena, \u010de je rezervacija odpovedana isti dan potovanja.<\/p>\n\n\t\t<\/div>\n\t<\/div>\n<\/div><\/div><\/div><\/div><div class=\"vc_row wpb_row vc_row-fluid\" ><div class=\"wpb_column vc_column_container vc_col-sm-12\"><div class=\"vc_column-inner\"><div class=\"wpb_wrapper\"><div class=\"vc_btn3-container vc_btn3-inline\" ><button class=\"vc_general vc_btn3 vc_btn3-size-md vc_btn3-shape-rounded vc_btn3-style-modern vc_btn3-color-green\">REZERVIRAJTE ZDAJ<\/button><\/div><\/div><\/div><\/div><\/div>","protected":false},"excerpt":{"rendered":"<p>Zasebni gliser (Lancha) Zaliv Samana Najemite ta \u010dudoviti gliser za cel dan za najve\u010d 5 oseb, da obi\u0161\u010dete Haitises in Cayo Levantado. Tudi v sezoni opazovanja kitov lahko uporabite \u010doln za ogled kitov v zalivu Samana. &nbsp;<\/p>","protected":false},"author":2,"featured_media":0,"parent":0,"menu_order":0,"comment_status":"open","ping_status":"closed","template":"","meta":{"footnotes":""},"class_list":["post-15853","page","type-page","status-publish","hentry"],"_links":{"self":[{"href":"https:\/\/www.boattoursamana.com\/sl\/wp-json\/wp\/v2\/pages\/15853","targetHints":{"allow":["GET"]}}],"collection":[{"href":"https:\/\/www.boattoursamana.com\/sl\/wp-json\/wp\/v2\/pages"}],"about":[{"href":"https:\/\/www.boattoursamana.com\/sl\/wp-json\/wp\/v2\/types\/page"}],"author":[{"embeddable":true,"href":"https:\/\/www.boattoursamana.com\/sl\/wp-json\/wp\/v2\/users\/2"}],"replies":[{"embeddable":true,"href":"https:\/\/www.boattoursamana.com\/sl\/wp-json\/wp\/v2\/comments?post=15853"}],"version-history":[{"count":0,"href":"https:\/\/www.boattoursamana.com\/sl\/wp-json\/wp\/v2\/pages\/15853\/revisions"}],"wp:attachment":[{"href":"https:\/\/www.boattoursamana.com\/sl\/wp-json\/wp\/v2\/media?parent=15853"}],"curies":[{"name":"wp","href":"https:\/\/api.w.org\/{rel}","templated":true}]}}