{"id":15861,"date":"2023-07-15T07:45:08","date_gmt":"2023-07-15T07:45:08","guid":{"rendered":"https:\/\/www.ticketswhales.com\/27-waterfalls-from-santo-domingo-private-or-small-group-trip\/"},"modified":"2023-07-15T07:45:08","modified_gmt":"2023-07-15T07:45:08","slug":"27-waterfalls-from-santo-domingo-private-or-small-group-trip","status":"publish","type":"page","link":"https:\/\/www.boattoursamana.com\/sl\/27-slapov-iz-santo-dominga-zasebno-ali-majhno-skupinsko-potovanje","title":{"rendered":"27 slapov iz Santo Dominga \u2013 zasebno ali majhno skupinsko potovanje"},"content":{"rendered":"<p id=\"tw-target-text\" class=\"tw-data-text tw-text-large tw-ta\" dir=\"ltr\" data-placeholder=\"Translation\"><span class=\"Y2IQFc\" lang=\"en\">Ta izlet iz Santo Dominga do 27 slapov Damajagua v Puerto Plati, kosilo in izlet skozi 27 slapov, sprehod in skok do reke. Ekolo\u0161ki izlet do 27 slapov Puerto Plata. Zagotovite si vstopnice za celodnevni izlet od obmo\u010dja Punta Cana do Cascade 27 iz mesta Damajagua. <\/span><\/p>\n<p>n<\/p>\n<p class=\"tw-data-text tw-text-large tw-ta\" dir=\"ltr\" data-placeholder=\"Translation\"><span class=\"Y2IQFc\" lang=\"en\">Vstopnice s kosilom in izletom Vklju\u010dujejo skoke in kopanje v najlep\u0161ih slapovih Dominikanske republike. Pohodite in plavajte z varnostno opremo za najbolj\u0161o izku\u0161njo!<\/span><\/p>\n<p>n<\/p>\n<p class=\"tw-data-text tw-text-large tw-ta\" dir=\"ltr\" data-placeholder=\"Translation\"><strong><span class=\"Y2IQFc\" lang=\"en\">Izberite datum izleta:<\/span><\/strong><\/p>\n<p>&nbsp;<\/p>\n<div class=\"vc_row wpb_row vc_row-fluid\" ><div class=\"wpb_column vc_column_container vc_col-sm-12\"><div class=\"vc_column-inner\"><div class=\"wpb_wrapper\"><div class=\"vc_btn3-container vc_btn3-inline\" ><button class=\"vc_general vc_btn3 vc_btn3-size-md vc_btn3-shape-rounded vc_btn3-style-modern vc_btn3-color-green\">REZERVIRAJTE ZDAJ<\/button><\/div><div class=\"mkdf-section-title-holder\" style=\"text-align: left\">\n\t<div class=\"mkdf-st-inner\">\n\t\t\t\t\t<h5 class=\"mkdf-st-subtitle\" >\n\t\t\t\tKosilo in prevoz vklju\u010deni\t\t\t<\/h5>\n\t\t\t\t\t\t\t<h3 class=\"mkdf-st-title\" >\n\t\t\t\t27 slapov iz Santo Dominga - zasebno ali majhno skupinsko potovanje\t\t\t<\/h3>\n\t\t\t\t\t<\/div>\n<\/div><\/div><\/div><\/div><\/div><div class=\"vc_row wpb_row vc_row-fluid\" ><div class=\"wpb_column vc_column_container vc_col-sm-12\"><div class=\"vc_column-inner\"><div class=\"wpb_wrapper\">\n\t<div class=\"wpb_text_column wpb_content_element\" >\n\t\t<div class=\"wpb_wrapper\">\n\t\t\t<p>\nn<\/p>\n<h3 class=\"ui_header h1 attractions-product-info-ProductTitle__title--1qM0o\"><\/h3>\n<p>n<\/p>\n<h4><b><i>Pregled <\/i><\/b><\/h4>\n<p>nGet your Tickets for a Full Day excursion starting from Santo Domingo to the 27 Waterfall from Damajagua. Entrance tickets with Lunch and Excursion Include jumping and swimming in the most beautiful waterfalls of the Dominican Republic. Hiking and Swimming with safety equipment to have the best experience ever!!<br \/>\nn<br \/>\nnAfter this experience, you will get back to Santo Domingo in the Location where you meet with the Tour Guide or Hotel.<br \/>\nn<\/p>\n<ul>\nn \t<\/p>\n<li style=\"font-weight: 400;\">Pristojbine vklju\u010dene<\/li>\n<p>n \t<\/p>\n<li>Kosilo<\/li>\n<p>n \t<\/p>\n<li>Prigrizki<\/li>\n<p>n \t<\/p>\n<li style=\"font-weight: 400;\">Lokalni turisti\u010dni vodnik v angle\u0161\u010dini<\/li>\n<p>n<\/ul>\n<p>n&nbsp;<br \/>\nn<\/p>\n<h4><b>Vklju\u010ditve in izklju\u010ditve<\/b><\/h4>\n<p>n&nbsp;<br \/>\nn<br \/>\nn<b>Vklju\u010dki<\/b><br \/>\nn<\/p>\n<ol>\nn \t<\/p>\n<li style=\"font-weight: 400;\">27 Slapovi Damajagua<\/li>\n<p>n \t<\/p>\n<li>Kosilo<\/li>\n<p>n \t<\/p>\n<li style=\"font-weight: 400;\"><span style=\"font-weight: 400;\">Vsi davki, pristojbine in manipulativni stro\u0161ki<\/span><\/li>\n<p>n \t<\/p>\n<li style=\"font-weight: 400;\"><span style=\"font-weight: 400;\">Lokalni davki<\/span><\/li>\n<p>n \t<\/p>\n<li style=\"font-weight: 400;\"><span style=\"font-weight: 400;\">pija\u010de<\/span><\/li>\n<p>n \t<\/p>\n<li>Prigrizki<\/li>\n<p>n \t<\/p>\n<li style=\"font-weight: 400;\"><span style=\"font-weight: 400;\">Vse dejavnosti<\/span><\/li>\n<p>n \t<\/p>\n<li style=\"font-weight: 400;\"><span style=\"font-weight: 400;\">Lokalni vodnik<\/span><\/li>\n<p>n \t<\/p>\n<li>Prevozni\u0161tvo<\/li>\n<p>n<\/ol>\n<p>n<b> Izklju\u010ditve<\/b><br \/>\nn<\/p>\n<ol>\nn \t<\/p>\n<li style=\"font-weight: 400;\"><span style=\"font-weight: 400;\">Napitnine<\/span><\/li>\n<p>n \t<\/p>\n<li style=\"font-weight: 400;\"><span style=\"font-weight: 400;\">Alkoholne pija\u010de<\/span><\/li>\n<p>n<\/ol>\n<p>n&nbsp;<br \/>\nn<\/p>\n<h4><em><strong>Odhod in povratek<\/strong><\/em><\/h4>\n<p>n<span style=\"font-weight: 400;\">Potnika bodo pobrali v hotelih Santo Domingo. Ogledi se za\u010dnejo in kon\u010dajo na va\u0161ih zbirali\u0161\u010dih.<\/span><br \/>\nn<\/p>\n<h4><\/h4>\n<p>n<\/p>\n<h3 class=\"ui_header h1 attractions-product-info-ProductTitle__title--1qM0o\">Tura 27 slapov Damajagua iz Santo Dominga.<\/h3>\n<p>n<\/p>\n<h4><b><i>Kaj pri\u010dakovati?<\/i><\/b><\/h4>\n<p>n<\/p>\n<div class=\"apd_content_block\" data-tab=\"TABS_OVERVIEW\">\nn<\/p>\n<div class=\"ui_card section attractions-product-details-Overview__sectionMargin--uHktd attractions-product-details-Overview__cleanslateOverrideDT--39Ov7\"><strong>Opomba:<\/strong> Potovanje v eno smer od Santo Dominga do Puerto Plate traja pribli\u017eno 3 ure. Iz Santo Dominga \u0161tartamo okrog 7.00. Nazaj v Santo Domingo okoli 19.00.<\/div>\n<p>n\n<\/p><\/div>\n<p>n<\/p>\n<div data-tab=\"TABS_WHAT_TO_EXPECT\">\nn<\/p>\n<div class=\"ui_card attractions-card-CollapsibleProductDetailsCard__cardContainer--3r2wk attractions-card-CollapsibleProductDetailsCard__cleanslateOverrideDT--2AJh0\">\nn<\/p>\n<div class=\"attractions-card-CollapsibleCard__header--IDA3r\">\nn<\/p>\n<div class=\"attractions-card-CollapsibleCard__headerSection--3gTKb\"><\/div>\n<p>n\n<\/p><\/div>\n<p>n<\/p>\n<div class=\"attractions-card-CollapsibleCard__content--2Ws8q\">\nn<\/p>\n<div class=\"attractions-card-CollapsibleCard__contentWrap--374jk attractions-card-CollapsibleCard__titleUnderline--1uHze\">\nn<\/p>\n<div>Odkrijte osamljene slapove Damajagua, skrite v hribih severnega koridorja Dominikanske republike, na tem celodnevnem izletu iz Puerto Plate. Z lokalnim vodnikom razi\u0161\u010dite sedemindvajset neokrnjenih slapov, ki se spu\u0161\u010dajo \u010dez apnenec. Pridobite kratek varnostni napotek, nato pa ska\u010dite, plavajte in se spu\u0161\u010dajte po naravnih toboganih.<\/div>\n<p>n<\/p>\n<div><\/div>\n<p>n<\/p>\n<div>Kosilo, pija\u010da je vklju\u010dena. Zmerno 40-minutno vzpenjanje skozi \u010dudovito d\u017eungelsko pokrajino vas pripelje do 12. slapa ali, \u010de ste v odli\u010dni fizi\u010dni formi, se odlo\u010dite za pohod vse do vrha 27 slapov (pribli\u017eno 70 minut) in do\u017eivite vse .<\/div>\n<p>n<\/p>\n<div class=\"attractions-card-CollapsibleProductDetailsCard__cardContent--23ext\">\nn<\/p>\n<div class=\"common-text-ReadMore__readMore--3Iu8c common-text-ReadMore__variantFadeOut--1tInd\">\nn<\/p>\n<div class=\"common-text-ReadMore__content--2X4LR\">\nn<\/p>\n<div class=\"ui_columns is-desktop\">\nn<\/p>\n<div><\/div>\n<p>n<\/p>\n<div class=\"ui_column\">Kakor koli \u017ee, va\u0161a prava zabava se za\u010dne, ko se vrnemo navzdol po reki, vi pa ska\u010dete, drsite in plavate skozi niz spektakularnih slapov, kanjonov in azurnih tolmunov, ki se pojavijo z neumnim nasme\u0161kom na obrazu in neverjetnimi spomini, ki jih morate ceniti! Ture vklju\u010dujejo skoke do 25 \u010devljev (8 metrov), vendar ne skrbite, veliki imajo drugo pot navzdol, \u010de ne \u017eelite sko\u010diti.<\/div>\n<p>n<\/p>\n<div><\/div>\n<p>n<\/p>\n<div class=\"ui_column\">Po 15-minutni hoji nazaj v bazni tabor in preobleki v suha obla\u010dila u\u017eivajte v okusnem in raznolikem dominikanskem samopostre\u017enem kosilu, ki vklju\u010duje stvari, kot so pi\u0161\u010danec in svinjina na \u017earu, enolon\u010dnice, ri\u017e, testenine in solate.<\/div>\n<p>n<\/p>\n<div><\/div>\n<p>n<\/p>\n<div class=\"ui_column\">Vklju\u010dene so lokalne pija\u010de z rumom, gazirane pija\u010de in voda (pivo je na voljo, vendar ni vklju\u010deno). Po obroku se poslovite od lokalnih vodnikov in va\u0161a najbolj\u0161a izku\u0161nja bo ostala v spominu ter na fotografijah ali videih do konca \u017eivljenja.<\/div>\n<p>n<\/p>\n<div class=\"ui_column\">Po tem se odpeljemo nazaj v Santo Domingo.<\/div>\n<p>n\n<\/p><\/div>\n<p>n\n<\/p><\/div>\n<p>n\n<\/p><\/div>\n<p>n\n<\/p><\/div>\n<p>n\n<\/p><\/div>\n<p>n\n<\/p><\/div>\n<p>n\n<\/p><\/div>\n<p>n\n<\/p><\/div>\n<p>n<\/p>\n<h4><em><strong>Kaj morate prinesti?<\/strong><\/em><\/h4>\n<p>n<\/p>\n<ul>\nn \t<\/p>\n<li style=\"font-weight: 400;\"><span style=\"font-weight: 400;\">Kamera<\/span><\/li>\n<p>n \t<\/p>\n<li style=\"font-weight: 400;\"><span style=\"font-weight: 400;\">Odganjalni popki<\/span><\/li>\n<p>n \t<\/p>\n<li style=\"font-weight: 400;\"><span style=\"font-weight: 400;\">Son\u010dna krema<\/span><\/li>\n<p>n \t<\/p>\n<li style=\"font-weight: 400;\"><span style=\"font-weight: 400;\">Klobuk<\/span><\/li>\n<p>n \t<\/p>\n<li style=\"font-weight: 400;\"><span style=\"font-weight: 400;\">Udobne hla\u010de<\/span><\/li>\n<p>n \t<\/p>\n<li style=\"font-weight: 400;\"><span style=\"font-weight: 400;\">Pohodni\u0161ki \u010devlji za gozd<\/span><\/li>\n<p>n \t<\/p>\n<li style=\"font-weight: 400;\"><span style=\"font-weight: 400;\">Sandali za pomladna obmo\u010dja.<\/span><\/li>\n<p>n \t<\/p>\n<li style=\"font-weight: 400;\"><span style=\"font-weight: 400;\">Kopalna obla\u010dila<\/span><\/li>\n<p>n<\/ul>\n<p>n&nbsp;<br \/>\nn<\/p>\n<h4><b><i>Prevzem v hotelu <\/i><\/b><\/h4>\n<p>n<span style=\"font-weight: 400;\">Za to turnejo je na voljo prevzem iz hotela. Nastavili smo, da nas Pick up kontaktira prek Whatsappa.<\/span><br \/>\nn<br \/>\nn&nbsp;<br \/>\nn<br \/>\nn<b>Opomba:<\/b><span style=\"font-weight: 400;\"> \u010de rezervirate v 24 urah po \u010dasu odhoda potovanja\/izleta, lahko organiziramo hotelski prevzem z dopla\u010dilom. Ko bo va\u0161 nakup opravljen, vam bomo poslali popolne kontaktne podatke (telefonsko \u0161tevilko, e-po\u0161tni naslov itd.) za na\u0161ega lokalnega turisti\u010dnega vodnika, ki bo organiziral prevzem.<\/span><br \/>\nn<\/p>\n<h4><b><i>Potrditev dodatnih informacij <\/i><\/b><\/h4>\n<p>n<\/p>\n<ol>\nn \t<\/p>\n<li>Vstopnice so potrdilo po pla\u010dilu tega izleta. Pla\u010dilo lahko prika\u017eete na telefonu.<\/li>\n<p>n \t<\/p>\n<li style=\"font-weight: 400;\"><span style=\"font-weight: 400;\">Zbirno mesto bo prejeto po opravljenem postopku rezervacije.<\/span><\/li>\n<p>n \t<\/p>\n<li style=\"font-weight: 400;\"><span style=\"font-weight: 400;\">Otroci morajo biti v spremstvu odrasle osebe.<\/span><\/li>\n<p>n \t<\/p>\n<li style=\"font-weight: 400;\"><span style=\"font-weight: 400;\"> Ni dostopno z invalidskim vozi\u010dkom <\/span><\/li>\n<p>n \t<\/p>\n<li style=\"font-weight: 400;\"><span style=\"font-weight: 400;\">Dojen\u010dki morajo sedeti v naro\u010dju <\/span><\/li>\n<p>n \t<\/p>\n<li style=\"font-weight: 400;\"><span style=\"font-weight: 400;\">Ni priporo\u010dljivo za popotnike s te\u017eavami s hrbtom<\/span><\/li>\n<p>n \t<\/p>\n<li style=\"font-weight: 400;\"><span style=\"font-weight: 400;\">Ni priporo\u010dljivo za nose\u010dnice <\/span><\/li>\n<p>n \t<\/p>\n<li style=\"font-weight: 400;\"><span style=\"font-weight: 400;\"> Brez te\u017eav s srcem ali drugih resnih zdravstvenih te\u017eav <\/span><\/li>\n<p>n \t<\/p>\n<li style=\"font-weight: 400;\"><span style=\"font-weight: 400;\">Ve\u010dina popotnikov lahko sodeluje<\/span><\/li>\n<p>n<\/ol>\n<p>n<\/p>\n<h4><b><i>Politika odpovedi<\/i><\/b><\/h4>\n<p>Za celotno vra\u010dilo preberite na\u0161e pravilnike o odpovedih\u00a0<a href=\"https:\/\/www.boattoursamana.com\/sl\/spletna-rezervacija\/\" target=\"_blank\" rel=\"noopener\" data-saferedirecturl=\"https:\/\/www.google.com\/url?q=https:\/\/www.boattoursamana.com\/online-booking\/&amp;source=gmail&amp;ust=1672449202351000&amp;usg=AOvVaw1yAeVAPktmaVCqDujgUn90\">Klikni tukaj<\/a>. Sredstva bodo izgubljena, \u010de je rezervacija odpovedana isti dan potovanja.<\/p>\n\n\t\t<\/div>\n\t<\/div>\n<div class=\"vc_btn3-container vc_btn3-inline\" ><button class=\"vc_general vc_btn3 vc_btn3-size-md vc_btn3-shape-rounded vc_btn3-style-modern vc_btn3-color-green\">REZERVIRAJTE ZDAJ<\/button><\/div><\/div><\/div><\/div><\/div><div class=\"vc_row wpb_row vc_row-fluid\" ><div class=\"wpb_column vc_column_container vc_col-sm-12\"><div class=\"vc_column-inner\"><div class=\"wpb_wrapper\">\n\t<div class=\"wpb_video_widget wpb_content_element vc_clearfix   vc_video-aspect-ratio-169 vc_video-el-width-100 vc_video-align-left\" >\n\t\t<div class=\"wpb_wrapper\">\n\t\t\t<h2 class=\"wpb_heading wpb_video_heading\">27 slapov Damajagua Tour iz Puerto Plata:<\/h2>\n\t\t\t<div class=\"wpb_video_wrapper\"><iframe loading=\"lazy\" title=\"27 slapov Damajagua z Booking Adventures &amp; Travel Dominikanska republika\" width=\"1100\" height=\"619\" src=\"https:\/\/www.youtube.com\/embed\/AVNh_we_RQE?start=17&feature=oembed\" frameborder=\"0\" allow=\"accelerometer; autoplay; clipboard-write; encrypted-media; gyroscope; picture-in-picture; web-share\" allowfullscreen><\/iframe><\/div>\n\t\t<\/div>\n\t<\/div>\n<\/div><\/div><\/div><\/div><div class=\"wpb_column vc_column_container vc_col-sm-12\"><div class=\"vc_column-inner\"><div class=\"wpb_wrapper\"><\/div><\/div><\/div><div class=\"vc_row wpb_row vc_row-fluid\" ><div class=\"wpb_column vc_column_container vc_col-sm-12\"><div class=\"vc_column-inner\"><div class=\"wpb_wrapper\"><div class=\"vc_btn3-container vc_btn3-inline\" ><button class=\"vc_general vc_btn3 vc_btn3-size-md vc_btn3-shape-rounded vc_btn3-style-modern vc_btn3-color-green\">REZERVIRAJTE ZDAJ<\/button><\/div><\/div><\/div><\/div><\/div>","protected":false},"excerpt":{"rendered":"<p>This excursion from Santo Domingo to 27 waterfalls of Damajagua in Puerto Plata, Lunch and Excursion through the 27 waterfalls, walk and jump to the river. Ecological trip to the 27 waterfalls of Puerto Plata. Get your tickets for a full-day excursion from the Punta Cana area to Cascada 27 from Damajagua. n Entrance tickets with lunch and excursion They include jumps and swimming in the most beautiful waterfalls in the Dominican Republic. Hike and swim with safety equipment to [&hellip;]<\/p>\n","protected":false},"author":2,"featured_media":0,"parent":0,"menu_order":0,"comment_status":"open","ping_status":"closed","template":"","meta":{"footnotes":""},"class_list":["post-15861","page","type-page","status-publish","hentry"],"_links":{"self":[{"href":"https:\/\/www.boattoursamana.com\/sl\/wp-json\/wp\/v2\/pages\/15861","targetHints":{"allow":["GET"]}}],"collection":[{"href":"https:\/\/www.boattoursamana.com\/sl\/wp-json\/wp\/v2\/pages"}],"about":[{"href":"https:\/\/www.boattoursamana.com\/sl\/wp-json\/wp\/v2\/types\/page"}],"author":[{"embeddable":true,"href":"https:\/\/www.boattoursamana.com\/sl\/wp-json\/wp\/v2\/users\/2"}],"replies":[{"embeddable":true,"href":"https:\/\/www.boattoursamana.com\/sl\/wp-json\/wp\/v2\/comments?post=15861"}],"version-history":[{"count":0,"href":"https:\/\/www.boattoursamana.com\/sl\/wp-json\/wp\/v2\/pages\/15861\/revisions"}],"wp:attachment":[{"href":"https:\/\/www.boattoursamana.com\/sl\/wp-json\/wp\/v2\/media?parent=15861"}],"curies":[{"name":"wp","href":"https:\/\/api.w.org\/{rel}","templated":true}]}}