{"id":15866,"date":"2023-07-15T07:45:08","date_gmt":"2023-07-15T07:45:08","guid":{"rendered":"https:\/\/www.ticketswhales.com\/punta-cana-helicopter-tour-to-salto-de-la-jalda-waterfall-60-minutes-experience\/"},"modified":"2023-07-15T07:45:08","modified_gmt":"2023-07-15T07:45:08","slug":"punta-cana-helicopter-tour-to-salto-de-la-jalda-waterfall-60-minutes-experience","status":"publish","type":"page","link":"https:\/\/www.boattoursamana.com\/sl\/punta-cana-helicopter-tour-to-salto-de-la-jalda-waterfall-60-minutes-experience","title":{"rendered":"Punta Cana helikopterski izlet do slapa Salto de la Jalda 60-minutno do\u017eivetje"},"content":{"rendered":"<p>U\u017eivajte v edinstveni izku\u0161nji letenja s helikopterjem nad najvi\u0161jim slapom na Karibih, Salto La Jada. Oglejte si neokrnjene pla\u017ee Punta Cane in odkrijte \u010darobnost te neverjetne lepote, ugnezdene globoko v bujnem tropskem de\u017eevnem gozdu.<br \/>\nn<br \/>\nn&nbsp;<br \/>\nn<br \/>\nn<strong>Prosimo izberite datum za turnejo\u00a0<\/strong><\/p>\n<p>&nbsp;<\/p>\n<div class=\"vc_row wpb_row vc_row-fluid\" ><div class=\"wpb_column vc_column_container vc_col-sm-12\"><div class=\"vc_column-inner\"><div class=\"wpb_wrapper\"><div class=\"mkdf-section-title-holder\" style=\"text-align: left\">\n\t<div class=\"mkdf-st-inner\">\n\t\t\t\t\t<h5 class=\"mkdf-st-subtitle\" >\n\t\t\t\tSalto la Jalda\t\t\t<\/h5>\n\t\t\t\t\t\t\t<h3 class=\"mkdf-st-title\" >\n\t\t\t\thelikopterska tura punta cana do slapa Salto de la jalda 60-minutna izku\u0161nja\t\t\t<\/h3>\n\t\t\t\t\t\t\t<p class=\"mkdf-st-text\" >\n\t\t\t\t60-minutno do\u017eivetje s helikopterjem\t\t\t<\/p>\n\t\t\t<\/div>\n<\/div><\/div><\/div><\/div><\/div><div class=\"vc_row wpb_row vc_row-fluid\" ><div class=\"wpb_column vc_column_container vc_col-sm-12\"><div class=\"vc_column-inner\"><div class=\"wpb_wrapper\">\n\t<div class=\"wpb_text_column wpb_content_element\" >\n\t\t<div class=\"wpb_wrapper\">\n\t\t\t<p>\nn<\/p>\n<h4><b><i>Pregled <\/i><\/b><\/h4>\n<p>nTo je zasebna tura do\u00a0<strong>Slapovi Salto de la Jalda <\/strong>Globoko v gorovju Cordillera Oriental in obkro\u017een z bujnim tropskim de\u017eevnim gozdom je najvi\u0161ji slap na Karibih, Salto La Jalda. Poletite vzdol\u017e neokrnjenih pla\u017e Punta Cane, mimo mirnih vasic do severnih pobo\u010dij Sierre in odkrijte \u010darobnost in skrivnost te neverjetne lepote, ki le\u017ei globoko v bujnem tropskem de\u017eevnem gozdu. Do\u017eivite 60-minutni povratni let s helikopterjem nad slapom in Playo Esmeraldo z enournim postankom za piknik. Poglejte, kako se dero\u010da voda preliva \u010dez pe\u010dine in nato u\u017eivajte v miru in ti\u0161ini narave med bivanjem na najbolj osupljivi pla\u017ei Esmeralda.<br \/>\nn<br \/>\nn&nbsp;<br \/>\nn<\/p>\n<ul>\nn \t<\/p>\n<li class=\"activity-highlights__list-item\" data-v-86039ad0=\"\">Odkrijte \u010darobnost najvi\u0161jega slapa na Karibih, Salto La jada<\/li>\n<p>n \t<\/p>\n<li class=\"activity-highlights__list-item\" data-v-86039ad0=\"\">Razi\u0161\u010dite naravo med bivanjem na pla\u017ei Esmeralda<\/li>\n<p>n \t<\/p>\n<li class=\"activity-highlights__list-item\" data-v-86039ad0=\"\">Poletite nad \u010dudovitimi pla\u017eami in mimo mirnih vasi do severnih pobo\u010dij Sierre<\/li>\n<p>n \t<\/p>\n<li class=\"activity-highlights__list-item\" data-v-86039ad0=\"\">Poglejte, kako se dero\u010de vode razlivajo po pe\u010dinah<\/li>\n<p>n<\/ul>\n<p>n<\/p>\n<h4><b>Vklju\u010ditve in izklju\u010ditve<\/b><\/h4>\n<p>n&nbsp;<br \/>\nn<br \/>\nn<b>Vklju\u010dki<\/b><br \/>\nn<\/p>\n<ol>\nn \t<\/p>\n<li class=\"activity-inclusions__item activity-inclusions__item--inclusion\" data-v-0d17907c=\"\"><span class=\"activity-inclusions__test activity-inclusions__test--include\" data-v-0d17907c=\"\">Kopenski prevoz do\/iz va\u0161ega hotela<\/span><\/li>\n<p>n \t<\/p>\n<li class=\"activity-inclusions__item activity-inclusions__item--inclusion\" data-v-0d17907c=\"\"><span class=\"activity-inclusions__test activity-inclusions__test--include\" data-v-0d17907c=\"\">Hitra VIP prijava ob prihodu<\/span><\/li>\n<p>n \t<\/p>\n<li class=\"activity-inclusions__item activity-inclusions__item--inclusion\" data-v-0d17907c=\"\"><span class=\"activity-inclusions__test activity-inclusions__test--include\" data-v-0d17907c=\"\">60-minutni povratni let s helikopterjem<\/span><\/li>\n<p>n \t<\/p>\n<li class=\"activity-inclusions__item activity-inclusions__item--inclusion\" data-v-0d17907c=\"\"><span class=\"activity-inclusions__test activity-inclusions__test--include\" data-v-0d17907c=\"\">1-urno skupno bivanje na najbolj neverjetni neokrnjeni pla\u017ei<\/span><\/li>\n<p>n \t<\/p>\n<li class=\"activity-inclusions__item activity-inclusions__item--inclusion\" data-v-0d17907c=\"\"><span class=\"activity-inclusions__test activity-inclusions__test--include\" data-v-0d17907c=\"\">Subway piknik kosilo na pla\u017ei z brezalkoholnimi pija\u010dami in vodo<\/span><\/li>\n<p>n \t<\/p>\n<li style=\"font-weight: 400;\"><span style=\"font-weight: 400;\">Vsi davki, pristojbine in manipulativni stro\u0161ki<\/span><\/li>\n<p>n \t<\/p>\n<li style=\"font-weight: 400;\"><span style=\"font-weight: 400;\">Lokalni davki<\/span><\/li>\n<p>n \t<\/p>\n<li style=\"font-weight: 400;\"><span style=\"font-weight: 400;\">Vse dejavnosti<\/span><\/li>\n<p>n \t<\/p>\n<li style=\"font-weight: 400;\"><span style=\"font-weight: 400;\">Lokalni vodnik<\/span><\/li>\n<p>n<\/ol>\n<p>n<b> Izklju\u010ditve<\/b><br \/>\nn<\/p>\n<ol>\nn \t<\/p>\n<li style=\"font-weight: 400;\"><span style=\"font-weight: 400;\">Napitnine<\/span><\/li>\n<p>n \t<\/p>\n<li style=\"font-weight: 400;\"><span style=\"font-weight: 400;\">Prenos<\/span><\/li>\n<p>n \t<\/p>\n<li>Kosilo<\/li>\n<p>n \t<\/p>\n<li style=\"font-weight: 400;\"><span style=\"font-weight: 400;\">Alkoholne pija\u010de<\/span><\/li>\n<p>n<\/ol>\n<p>n&nbsp;<br \/>\nn<\/p>\n<h4><em><strong>Odhod in povratek<\/strong><\/em><\/h4>\n<p>n<span style=\"font-weight: 400;\">Potnik bo dobil zbirali\u0161\u010de po opravljenem postopku rezervacije. Ogledi se za\u010dnejo in kon\u010dajo na na\u0161ih zbirali\u0161\u010dih.<\/span><br \/>\nn<br \/>\nn&nbsp;<br \/>\nn<\/p>\n<h2>Helikopter Punta Cana<\/h2>\n<p>n<\/p>\n<h4><b><i>Kaj pri\u010dakovati?<\/i><\/b><\/h4>\n<p>n<em><strong>Zagotovite si vstopnice<\/strong><\/em> za obisk najvi\u0161jih slapov na Karibih.\u00a0 <strong>El Salto la Jalda<\/strong> letenje s helikopterjem iz Punta Cane.<br \/>\nn<br \/>\nnOdkrijte kot ptica Salto La Jalda \u2013 najvi\u0161ji slap na Karibih, ki le\u017ei globoko v gorovju Cordillera Oriental in je obdan z bujnim tropskim de\u017eevnim gozdom. Izku\u0161nja, ki je ne boste nikoli pozabili.<br \/>\nn<br \/>\nnObstaja samo en na\u010din, kako ceniti \u0161iroke doline in dramati\u010dno pokrajino najvi\u0161jega slapa Dominikanske republike \u2013 in to je iz zraka. Za nepozabno po\u010ditni\u0161ko do\u017eivetje se odpravite na osupljiv polet s helikopterjem nad nacionalnim parkom Salto Jalda.<br \/>\nn<br \/>\nnPustolov\u0161\u010dina se za\u010dne, ko vas odpeljejo iz hotela na heliport. Povzpnite se na helikopter in se pripravite na vzlet. Kmalu se boste povzpeli nad oddaljene kmetije, vasi in bujne zelene de\u017eevne gozdove proti severnim pobo\u010djem gorovja Cordillera Oriental. Va\u0161 strokovni pilot se vam bo pribli\u017eal bli\u017eje kot kadar koli prej, da boste lahko ob\u010dudovali 272 ft vi\u0161ine Salto Jalda.<br \/>\nn<br \/>\nnNato se boste spu\u0161\u010dali skozi kro\u0161nje d\u017eungle in se dotaknili osamljene pla\u017ee Playa Esmerelda. Tukaj razgrnite brisa\u010do in se nau\u017eijte sonca na belem pesku. In imate \u010das za kopanje v Karibih, preden povratni let postre\u017ee z ve\u010d razgledi na tribune.<br \/>\nn<br \/>\nn&nbsp;<br \/>\nn<\/p>\n<h4><em><strong>Kaj morate prinesti?<\/strong><\/em><\/h4>\n<p>n<\/p>\n<ul>\nn \t<\/p>\n<li style=\"font-weight: 400;\"><span style=\"font-weight: 400;\">Kamera<\/span><\/li>\n<p>n \t<\/p>\n<li style=\"font-weight: 400;\"><span style=\"font-weight: 400;\">Odganjalni popki<\/span><\/li>\n<p>n \t<\/p>\n<li style=\"font-weight: 400;\"><span style=\"font-weight: 400;\">son\u010dna krema<\/span><\/li>\n<p>n \t<\/p>\n<li style=\"font-weight: 400;\"><span style=\"font-weight: 400;\">Klobuk<\/span><\/li>\n<p>n \t<\/p>\n<li style=\"font-weight: 400;\"><span style=\"font-weight: 400;\">Udobne hla\u010de<\/span><\/li>\n<p>n \t<\/p>\n<li style=\"font-weight: 400;\"><span style=\"font-weight: 400;\">Pohodni\u0161ki \u010devlji za gozd<\/span><\/li>\n<p>n \t<\/p>\n<li style=\"font-weight: 400;\"><span style=\"font-weight: 400;\">Kopalna obla\u010dila<\/span><\/li>\n<p>n \t<\/p>\n<li>Dodatna steklenica za vodo<\/li>\n<p>n \t<\/p>\n<li>Kosilo ali malica<\/li>\n<p>n<\/ul>\n<p>n&nbsp;<br \/>\nn<\/p>\n<h4><b><i>Prevzem v hotelu <\/i><\/b><\/h4>\n<p>n<span style=\"font-weight: 400;\">Za to turnejo je na voljo prevzem iz hotela. <\/span><br \/>\nn<br \/>\nn&nbsp;<br \/>\nn<br \/>\nn<b>Opomba:<\/b><span style=\"font-weight: 400;\"> \u010de rezervirate v 24 urah po \u010dasu odhoda potovanja\/izleta, lahko organiziramo hotelski prevzem z dopla\u010dilom. Ko bo va\u0161 nakup opravljen, vam bomo poslali popolne kontaktne podatke (telefonsko \u0161tevilko, e-po\u0161tni naslov itd.) za na\u0161ega lokalnega turisti\u010dnega vodnika, ki bo organiziral prevzem.<\/span><br \/>\nn<\/p>\n<h4><b><i>Potrditev dodatnih informacij <\/i><\/b><\/h4>\n<p>n<\/p>\n<ol>\nn \t<\/p>\n<li>Vstopnice so potrdilo po pla\u010dilu tega izleta. Pla\u010dilo lahko prika\u017eete na telefonu.<\/li>\n<p>n \t<\/p>\n<li style=\"font-weight: 400;\"><span style=\"font-weight: 400;\">Zbirno mesto bo prejeto po opravljenem postopku rezervacije.<\/span><\/li>\n<p>n \t<\/p>\n<li style=\"font-weight: 400;\"><span style=\"font-weight: 400;\">Otroci morajo biti v spremstvu odrasle osebe, najmanj\u0161a starost pa je 7 let.<\/span><\/li>\n<p>n \t<\/p>\n<li class=\"activity-important-information__item\" data-v-772d15b6=\"\" data-v-45a03bbc=\"\">Ta izlet ni priporo\u010dljiv za osebe z omejeno mobilnostjo, razen \u010de imajo vsaj 2 osebi, ki jim lahko pomagata<\/li>\n<p>n \t<\/p>\n<li class=\"activity-important-information__item\" data-v-772d15b6=\"\" data-v-45a03bbc=\"\">Vsi leti so odvisni od razpolo\u017eljivosti in vremenskih razmer<\/li>\n<p>n \t<\/p>\n<li class=\"activity-important-information__item\" data-v-772d15b6=\"\" data-v-45a03bbc=\"\">Ponudnik aktivnosti si pridr\u017euje pravico, da na izlet vklju\u010di dodatne potnike<\/li>\n<p>n \t<\/p>\n<li style=\"font-weight: 400;\"><span style=\"font-weight: 400;\"> Ni dostopno z invalidskim vozi\u010dkom <\/span><\/li>\n<p>n \t<\/p>\n<li style=\"font-weight: 400;\"><span style=\"font-weight: 400;\">Dojen\u010dki za to potovanje niso dovoljeni<\/span><\/li>\n<p>n \t<\/p>\n<li style=\"font-weight: 400;\"><span style=\"font-weight: 400;\">Ni priporo\u010dljivo za popotnike s te\u017eavami s hrbtom<\/span><\/li>\n<p>n \t<\/p>\n<li style=\"font-weight: 400;\"><span style=\"font-weight: 400;\">Ni priporo\u010dljivo za nose\u010dnice <\/span><\/li>\n<p>n \t<\/p>\n<li style=\"font-weight: 400;\"><span style=\"font-weight: 400;\"> Brez te\u017eav s srcem ali drugih resnih zdravstvenih te\u017eav <\/span><\/li>\n<p>n \t<\/p>\n<li style=\"font-weight: 400;\"><span style=\"font-weight: 400;\">Ve\u010dina popotnikov lahko sodeluje<\/span><\/li>\n<p>n<\/ol>\n<p>n<\/p>\n<h4><b><i>Politika odpovedi<\/i><\/b><\/h4>\n<p>Za celotno vra\u010dilo preberite na\u0161e pravilnike o odpovedih\u00a0<a href=\"https:\/\/www.boattoursamana.com\/sl\/spletna-rezervacija\/\" target=\"_blank\" rel=\"noopener\" data-saferedirecturl=\"https:\/\/www.google.com\/url?q=https:\/\/www.boattoursamana.com\/online-booking\/&amp;source=gmail&amp;ust=1672449202351000&amp;usg=AOvVaw1yAeVAPktmaVCqDujgUn90\">Klikni tukaj<\/a>. Sredstva bodo izgubljena, \u010de je rezervacija odpovedana isti dan potovanja.<\/p>\n\n\t\t<\/div>\n\t<\/div>\n<\/div><\/div><\/div><\/div><div class=\"vc_row wpb_row vc_row-fluid\" ><div class=\"wpb_column vc_column_container vc_col-sm-12\"><div class=\"vc_column-inner\"><div class=\"wpb_wrapper\">\n\t<div class=\"wpb_text_column wpb_content_element\" >\n\t\t<div class=\"wpb_wrapper\">\n\t\t\t<p>\nn<\/p>\n<h4>Kontaktiraj nas?<\/h4>\n<p>n<\/p>\n<h5><em><strong>Booking Adventures<\/strong><\/em><\/h5>\n<p>n<em><strong>Doma\u010dini<\/strong> in <strong>Dr\u017eavljani<\/strong> Turisti\u010dni vodniki in storitve za goste<\/em><br \/>\nn<br \/>\nn<span class=\"text-turquoise\">Rezervacije:<\/span> Ogledi in izleti v Dom. Rep.<br \/>\nn<br \/>\nn<img decoding=\"async\" class=\"emoji\" draggable=\"false\" src=\"https:\/\/s.w.org\/images\/core\/emoji\/11.2.0\/svg\/1f4de.svg\" alt=\" \" title=\"\"> Tel\/Whatsapp\u00a0 <a href=\"tel:+1-809-720-6035\">+1-809-720-6035<\/a>.<br \/>\nn<br \/>\nn<img decoding=\"async\" class=\"emoji\" draggable=\"false\" src=\"https:\/\/s.w.org\/images\/core\/emoji\/11.2.0\/svg\/1f4e9.svg\" alt=\" \" title=\"\"> <a href=\"mailto:info@bookingadventures.com.do\">info@bookingadventures.com.do<\/a><br \/>\nn<br \/>\nn<strong>Zasebne izlete prek Whatsappa smo prilagodljivi: <a href=\"tel:+18097206035\">+18097206035.<\/a><\/strong><\/p>\n\n\t\t<\/div>\n\t<\/div>\n<\/div><\/div><\/div><\/div>","protected":false},"excerpt":{"rendered":"<p>Enjoy a unique experience flying in a helicopter over the highest waterfall in the Caribbean, Salto La Jada. See the pristine beaches of Punta Cana and discover the magic of this incredible beauty nestled deep in a lush tropical rainforest. n n&nbsp; n nPlease Select date for The Tour\u00a0 &nbsp;<\/p>","protected":false},"author":2,"featured_media":0,"parent":0,"menu_order":0,"comment_status":"open","ping_status":"closed","template":"","meta":{"footnotes":""},"class_list":["post-15866","page","type-page","status-publish","hentry"],"_links":{"self":[{"href":"https:\/\/www.boattoursamana.com\/sl\/wp-json\/wp\/v2\/pages\/15866","targetHints":{"allow":["GET"]}}],"collection":[{"href":"https:\/\/www.boattoursamana.com\/sl\/wp-json\/wp\/v2\/pages"}],"about":[{"href":"https:\/\/www.boattoursamana.com\/sl\/wp-json\/wp\/v2\/types\/page"}],"author":[{"embeddable":true,"href":"https:\/\/www.boattoursamana.com\/sl\/wp-json\/wp\/v2\/users\/2"}],"replies":[{"embeddable":true,"href":"https:\/\/www.boattoursamana.com\/sl\/wp-json\/wp\/v2\/comments?post=15866"}],"version-history":[{"count":0,"href":"https:\/\/www.boattoursamana.com\/sl\/wp-json\/wp\/v2\/pages\/15866\/revisions"}],"wp:attachment":[{"href":"https:\/\/www.boattoursamana.com\/sl\/wp-json\/wp\/v2\/media?parent=15866"}],"curies":[{"name":"wp","href":"https:\/\/api.w.org\/{rel}","templated":true}]}}