{"id":15878,"date":"2023-07-15T07:45:29","date_gmt":"2023-07-15T07:45:29","guid":{"rendered":"https:\/\/www.ticketswhales.com\/los-haitises-all-in-one-kayaking-hiking-boating-caving-swimming-natural-pool-lunch-from-las-terrenas\/"},"modified":"2023-07-15T07:45:29","modified_gmt":"2023-07-15T07:45:29","slug":"los-haitises-all-in-one-kayaking-hiking-boating-caving-swimming-natural-pool-lunch-from-las-terrenas","status":"publish","type":"page","link":"https:\/\/www.boattoursamana.com\/sl\/los-haitises-vse-v-enem-kajak-pohodnistvo-colnarjenje-jamarstvo-kopanje-naravni-bazen-kosilo-iz-las-terrenas","title":{"rendered":"Los Haitises Vse v enem (vo\u017enja s kajakom, pohodni\u0161tvo, \u010dolnarjenje, jamarstvo, naravni bazen in kosilo) iz Las Terrenasa"},"content":{"rendered":"<p><span style=\"font-weight: 400;\">Pobegnite iz mesta in se potopite med zgodovinskim in ribi\u0161kim mestom Sanchez ter glavnim mestom Los Haitises Sabana de la Mar. Sanchez je znan kot sredi\u0161\u010de izvoza in po tem, da so konec leta 1800 zgradili vlak, ki je prihajal iz province La vega Pojdite z nami in u\u017eivajte v sve\u017eih vodah ene od neraziskanih pla\u017e narodnega parka Los Haitises, kjer se nahaja zaliv San Lorenzo. Kraj je dostopen s \u010dolnom, obkro\u017een z de\u017eevnim in mangrovim gozdom. Med navigacijo od Sancheza do Los Haitises boste pri\u0161li v stik z naravo in nepozabno pokrajino tega parka. Ta tura bo me\u0161anica vo\u017enje s kajakom, \u010dolnarjenja, obiska ene jame in kopanja v enem najpomembnej\u0161ih nacionalnih parkov v dr\u017eavi, kjer je ve\u010dina biotske raznovrstnosti otoka in drugi najve\u010dji mangrov gozd z ve\u010d kot 98 km2.\u00a0<\/span><br \/>\nn<br \/>\nn&nbsp;<br \/>\nn<br \/>\nn<strong><span style=\"vertical-align: inherit;\"><span style=\"vertical-align: inherit;\">Izberite datum za to avanturo:<\/span><\/span><\/strong><\/p>\n<p>&nbsp;<\/p>\n<div class=\"vc_row wpb_row vc_row-fluid\" ><div class=\"wpb_column vc_column_container vc_col-sm-12\"><div class=\"vc_column-inner\"><div class=\"wpb_wrapper\">\n\t<div class=\"wpb_text_column wpb_content_element\" >\n\t\t<div class=\"wpb_wrapper\">\n\t\t\t<p>\nn<\/p>\n<h2>Los Haitises Vse v enem (vo\u017enja s kajakom, pohodni\u0161tvo, \u010dolnarjenje, jamarstvo, naravni bazen in kosilo) iz Las Terrenasa<\/h2>\n<p>n<\/p>\n<h4><b><i>Pregled <\/i><\/b><\/h4>\n<p>n<span style=\"font-weight: 400;\">Los Haitises All In One je pobeg iz mesta, da se potopite med zgodovinskim in ribi\u0161kim mestom Sanchez ter glavnim mestom Los Haitises Sabana de la Mar. Sanchez je znan kot sredi\u0161\u010de izvoza in ker ima vlak, ki prihaja iz Provinca La vega je bila zgrajena konec leta 1800. Pojdite z nami in u\u017eivajte v sladkih vodah ene od neraziskanih pla\u017e narodnega parka Los Haitises, kjer se nahaja zaliv San Lorenzo. <\/span><br \/>\nn<br \/>\nn<span style=\"font-weight: 400;\">Kraj je dostopen s \u010dolnom, obkro\u017een z de\u017eevnim in mangrovim gozdom. Med navigacijo od Sancheza do Los Haitises boste pri\u0161li v stik z naravo in nepozabno pokrajino tega parka. Ta tura bo me\u0161anica vo\u017enje s kajakom, \u010dolnarjenja, obiska ene jame in kopanja v enem najpomembnej\u0161ih nacionalnih parkov v dr\u017eavi, kjer je ve\u010dina biotske raznovrstnosti otoka in drugi najve\u010dji mangrov gozd z ve\u010d kot 98 km2.\u00a0<\/span><br \/>\nn<br \/>\nn<span style=\"font-weight: 400;\">Na\u0161e lokalno in strokovno osebje bo poskrbelo, da boste resni\u010dno spoznali kulturo Taino, njihovo zgodovino v Los Haitises in njihovo povezanost z naravo. Ta turneja je v na\u010dinu ekoturizma, kjer ima skupnost zelo pomembno vlogo, saj so vodniki, \u010dolni Capitan in vozniki.<\/span><br \/>\nn<br \/>\nn<span style=\"font-weight: 400;\">Prednostna naloga Booking Adventure je zagotoviti, da dobite najbolj\u0161e od najbolj\u0161ega, od trenutka, ko kupite vozovnico, do konca svojega potovanja. Na\u0161i izleti so osredoto\u010deni na okoljsko izobra\u017eevanje, avanturo in lokalno zgodovino, med tem izletom pa boste videli vsega po malem.\u00a0<\/span><br \/>\nn<\/p>\n<h3><span style=\"font-weight: 400;\">Vklju\u010ditve in izklju\u010ditve<\/span><\/h3>\n<p>n<\/p>\n<h6><strong>Vklju\u010dki<\/strong><\/h6>\n<p>n<\/p>\n<ul>\nn \t<\/p>\n<li><span style=\"font-weight: 400;\">Gliser in kapitan\u00a0<\/span><\/li>\n<p>n \t<\/p>\n<li><span style=\"font-weight: 400;\">Kajaka\u0161tvo\u00a0<\/span><\/li>\n<p>n \t<\/p>\n<li>Pohodni\u0161ka pot<\/li>\n<p>n \t<\/p>\n<li><span style=\"font-weight: 400;\">Prigrizki (voda, sadje, soda)<\/span><\/li>\n<p>n \t<\/p>\n<li>Lokalno kosilo<\/li>\n<p>n \t<\/p>\n<li><span style=\"font-weight: 400;\">Vsi davki, pristojbine in manipulativni stro\u0161ki<\/span><\/li>\n<p>n \t<\/p>\n<li><span style=\"font-weight: 400;\">Uradni turisti\u010dni vodi\u010di ekolog angle\u0161ki\/\u0161panski jezik<\/span><\/li>\n<p>n \t<\/p>\n<li><span style=\"font-weight: 400;\">Kopanje v naravnih bazenih ali neraziskani pla\u017ei\u00a0<\/span><\/li>\n<p>n \t<\/p>\n<li><span style=\"font-weight: 400;\">Jamarstvo<\/span><\/li>\n<p>n \t<\/p>\n<li>Prevzem v hotelu<\/li>\n<p>n<\/ul>\n<p>n<\/p>\n<h6><strong>Izklju\u010ditve<\/strong><\/h6>\n<p>n<\/p>\n<ul>\nn \t<\/p>\n<li><span style=\"font-weight: 400;\">Napitnine<\/span><\/li>\n<p>n \t<\/p>\n<li><span style=\"font-weight: 400;\">pija\u010da<\/span><\/li>\n<p>n<\/ul>\n<p>n<\/p>\n<h6><strong>Odhod in povratek<\/strong><\/h6>\n<p>n<span style=\"font-weight: 400;\">Tura, ki jo organizira &quot;Booking Adventures&quot;, se za\u010dne na zbirnem mestu, ki ga dolo\u010di vodnik ali \u010dlan osebja. Potnik bo dobil zbirali\u0161\u010de po opravljenem postopku rezervacije. Ture se za\u010dnejo in kon\u010dajo na na\u0161ih zbirali\u0161\u010dih.<\/span><br \/>\nn<\/p>\n<h2>Los Haitises Vse v enem (vo\u017enja s kajakom, pohodni\u0161tvo, \u010dolnarjenje, jamarstvo, naravni bazen in kosilo) iz Las Terrenasa<\/h2>\n<p>n<span style=\"font-weight: 400;\">Kaj pri\u010dakovati?<\/span><br \/>\nn<br \/>\nn<span style=\"font-weight: 400;\">Zagotovite si vstopnico za ekolo\u0161ko pustolovsko turnejo Los Haitises National Park All In One\u00a0<\/span><br \/>\nn<br \/>\nn<span style=\"font-weight: 400;\">Ta izlet se za\u010dne na zbirnem mestu, ki ga morate potrditi pri na\u0161ih potovalnih agentih ali va\u0161em vodniku, preden se odpravite na katero koli lokacijo. Ko se sre\u010date z vodnikom, boste imeli povzetek o ogledu in vsem, kar je povezano z va\u0161im dnevom.<\/span><br \/>\nn<br \/>\nn<span style=\"font-weight: 400;\">Ko bodo vsi pripravljeni, se bomo odpravili na prvo lokacijo, to je pot Los Haitises, kjer boste imeli 30-minutni pohod, med pohodom bomo videli razli\u010dne vrste endemi\u010dnih rastlin in ptic.\u00a0<\/span><br \/>\nn<br \/>\nn<span style=\"font-weight: 400;\">Po pohodu se vrnemo na \u010doln in se odpeljemo do Playita Las Almejas, kjer so naravni bazeni, medtem ko plujemo skozi gozd mangrov in pla\u0161\u010d zaliva San Lorenzo, bomo z vami delili zgodbe o Los Haitises, geologiji in pregledali vrste mangrov z okoli zaliva San Lorenzo.\u00a0<\/span><br \/>\nn<br \/>\nn<span style=\"font-weight: 400;\">Ko prispemo v Las Almejas, si pripravite kopalke, da greste na kajak in s svojim turisti\u010dnim vodi\u010dem odveslate do jame na liniji, ostalo osebje pa vas bo \u010dakalo, dokler ne kon\u010date prvega dela aktivnosti.<\/span><br \/>\nn<br \/>\nn<span style=\"font-weight: 400;\">Med tem delom va\u0161ega potovanja se boste lahko odpravili okoli starega pristani\u0161\u010da Las Perlas, ki je ena prvih struktur, ki so jih zgradili Evropejci na tem obmo\u010dju, okoli leta 1876, in je bila povezana z \u017eelezni\u0161ko progo, ki je bila prevoz za kava, banane in vse, kar je ta skupina Evropejcev gojila v dana\u0161njem Los Haitisesu.\u00a0<\/span><br \/>\nn<br \/>\nn<span style=\"font-weight: 400;\">V jami, ki jo boste obiskali, je ve\u010d kot 1200 piktografov, ki so jih naslikali Tainovi, to je bil na\u010din izra\u017eanja, danes pa nam ta umetnost pripoveduje zgodbe, za katere si nikoli nismo mislili, da jih bomo na\u0161li danes. Ko kon\u010date tukaj, se bomo vrnili v Playa de las Almejas na prigrizke in kopanje.\u00a0<\/span><br \/>\nn<br \/>\nn<span style=\"font-weight: 400;\">Na poti nazaj s tega obmo\u010dja vam bomo pokazali nekaj vrst mangrov in se pogovarjali o pomenu mangrovega gozda za ekologijo kot ekosistem.<\/span><br \/>\nn<br \/>\nn<span style=\"font-weight: 400;\">Ko kon\u010damo s kajakom in kopanjem, si bomo privo\u0161\u010dili nekaj lokalnega kosila, kjer bomo u\u017eivali v doma\u010di kuhinji in okusili najbolj\u0161i beli ri\u017e in rde\u010di fi\u017eol na Karibskem otoku.\u00a0<\/span><br \/>\nn<br \/>\nn<span style=\"font-weight: 400;\">Po kosilu in nekaj kopanja v nacionalnem parku Los Haitises se vrnemo v Sanchez, na poti nazaj u\u017eivamo v 30-minutni vo\u017enji do polotoka Samana, ta izlet se kon\u010da na istem mestu, kot se je za\u010del.<\/span><br \/>\nn<br \/>\nn<span style=\"font-weight: 400;\">Opomba: Ti izleti potekajo z uradnimi turisti\u010dnimi vodniki Ekologa. Rezervirajte pravo\u010dasno, ker v parku ni preve\u010d strokovnjakov.<\/span><br \/>\nn<\/p>\n<h6><strong>Kaj morate prinesti?<\/strong><\/h6>\n<p>n<\/p>\n<ul>\nn \t<\/p>\n<li style=\"font-weight: 400;\" aria-level=\"1\"><span style=\"font-weight: 400;\">Kamera<\/span><\/li>\n<p>n \t<\/p>\n<li style=\"font-weight: 400;\" aria-level=\"1\"><span style=\"font-weight: 400;\">Sprej proti hro\u0161\u010dem\u00a0<\/span><\/li>\n<p>n \t<\/p>\n<li style=\"font-weight: 400;\" aria-level=\"1\"><span style=\"font-weight: 400;\">Son\u010dna krema<\/span><\/li>\n<p>n \t<\/p>\n<li style=\"font-weight: 400;\" aria-level=\"1\"><span style=\"font-weight: 400;\">Udobne hla\u010de<\/span><\/li>\n<p>n \t<\/p>\n<li style=\"font-weight: 400;\" aria-level=\"1\"><span style=\"font-weight: 400;\">Pohodni\u0161ki \u010devlji<\/span><\/li>\n<p>n \t<\/p>\n<li style=\"font-weight: 400;\" aria-level=\"1\"><span style=\"font-weight: 400;\">De\u017ena jakna\u00a0<\/span><\/li>\n<p>n \t<\/p>\n<li style=\"font-weight: 400;\" aria-level=\"1\"><span style=\"font-weight: 400;\">Kopalke\u00a0<\/span><\/li>\n<p>n \t<\/p>\n<li style=\"font-weight: 400;\" aria-level=\"1\"><span style=\"font-weight: 400;\">Brisa\u010do<\/span><\/li>\n<p>n \t<\/p>\n<li style=\"font-weight: 400;\" aria-level=\"1\"><span style=\"font-weight: 400;\">Drybag\u00a0\u00a0<\/span><\/li>\n<p>n<\/ul>\n<p>n<\/p>\n<h4><b><i>Prevzem v hotelu <\/i><\/b><\/h4>\n<p>n<span style=\"font-weight: 400;\">Za to turnejo je na voljo prevzem iz hotela. Samo ste v Santa Barbari de Samana, Las Terrenas, Las Galeras &amp; Sanchez\u00a0<\/span><br \/>\nn<br \/>\nn<b>Opomba:<\/b><span style=\"font-weight: 400;\"> \u010ce rezervirate v 24 urah po \u010dasu odhoda potovanja\/izleta, lahko z dopla\u010dilom organiziramo hotelski prevzem iz katerega koli kraja v Dominikanski republiki. Ko bo va\u0161 nakup opravljen, vam bomo poslali popolne kontaktne podatke (telefonsko \u0161tevilko, e-po\u0161tni naslov itd.) za na\u0161ega lokalnega turisti\u010dnega vodnika, ki bo organiziral prevzem.<\/span><br \/>\nn<\/p>\n<h4><b><i>Potrditev dodatnih informacij <\/i><\/b><\/h4>\n<p>n<\/p>\n<ol>\nn \t<\/p>\n<li>Vstopnice so potrdilo po pla\u010dilu tega izleta. Pla\u010dilo lahko prika\u017eete na telefonu.<\/li>\n<p>n \t<\/p>\n<li style=\"font-weight: 400;\"><span style=\"font-weight: 400;\">Zbirno mesto bo prejeto po opravljenem postopku rezervacije.<\/span><\/li>\n<p>n \t<\/p>\n<li style=\"font-weight: 400;\"><span style=\"font-weight: 400;\">Otroci morajo biti v spremstvu odrasle osebe.<\/span><\/li>\n<p>n \t<\/p>\n<li style=\"font-weight: 400;\"><span style=\"font-weight: 400;\"> Ni dostopno z invalidskim vozi\u010dkom <\/span><\/li>\n<p>n \t<\/p>\n<li style=\"font-weight: 400;\"><span style=\"font-weight: 400;\">Dojen\u010dki morajo sedeti v naro\u010dju <\/span><\/li>\n<p>n \t<\/p>\n<li style=\"font-weight: 400;\"><span style=\"font-weight: 400;\">Ni priporo\u010dljivo za popotnike s te\u017eavami s hrbtom<\/span><\/li>\n<p>n \t<\/p>\n<li style=\"font-weight: 400;\"><span style=\"font-weight: 400;\">Ni priporo\u010dljivo za nose\u010dnice <\/span><\/li>\n<p>n \t<\/p>\n<li style=\"font-weight: 400;\"><span style=\"font-weight: 400;\"> Brez te\u017eav s srcem ali drugih resnih zdravstvenih te\u017eav <\/span><\/li>\n<p>n \t<\/p>\n<li style=\"font-weight: 400;\"><span style=\"font-weight: 400;\">Ve\u010dina popotnikov lahko sodeluje<\/span><\/li>\n<p>n<\/ol>\n<p>n<\/p>\n<h4><b><i>Politika odpovedi<\/i><\/b><\/h4>\n<p>n<span style=\"font-weight: 400;\">Za celotno vra\u010dilo preberite na\u0161e pravilnike o odpovedih\u00a0<a href=\"https:\/\/www.boattoursamana.com\/sl\/spletna-rezervacija\/\" target=\"_blank\" rel=\"noopener\" data-saferedirecturl=\"https:\/\/www.google.com\/url?q=https:\/\/www.boattoursamana.com\/online-booking\/&amp;source=gmail&amp;ust=1672449202351000&amp;usg=AOvVaw1yAeVAPktmaVCqDujgUn90\">Klikni tukaj<\/a>. Sredstva bodo izgubljena, \u010de je rezervacija odpovedana isti dan potovanja.<\/span><\/p>\n\n\t\t<\/div>\n\t<\/div>\n<div class=\"mkdf-section-title-holder\" style=\"text-align: left\">\n\t<div class=\"mkdf-st-inner\">\n\t\t\t\t\t<h5 class=\"mkdf-st-subtitle\" >\n\t\t\t\t( Vse v enem )\t\t\t<\/h5>\n\t\t\t\t\t\t\t<h3 class=\"mkdf-st-title\" >\n\t\t\t\tHaitises All In One (vo\u017enja s kajakom, pohodni\u0161tvo, \u010dolnarjenje, jamarstvo, naravni bazen in kosilo) iz Las Terrenasa\t\t\t<\/h3>\n\t\t\t\t\t\t\t<p class=\"mkdf-st-text\" >\n\t\t\t\tZa to izku\u0161njo so potrebni najmanj 4 udele\u017eenci. \u010ce \u0161e niste 4, vas prosimo, da nas kontaktirate!\t\t\t<\/p>\n\t\t\t<\/div>\n<\/div><\/div><\/div><\/div><\/div><div class=\"vc_row wpb_row vc_row-fluid\" ><div class=\"wpb_column vc_column_container vc_col-sm-12\"><div class=\"vc_column-inner\"><div class=\"wpb_wrapper\"><\/div><\/div><\/div><\/div><div class=\"vc_row wpb_row vc_row-fluid\" ><\/div><div class=\"wpb_column vc_column_container vc_col-sm-12\"><div class=\"vc_column-inner\"><div class=\"wpb_wrapper\"><\/div><\/div><\/div><div class=\"vc_empty_space\"   style=\"height: 32px\"><span class=\"vc_empty_space_inner\"><\/span><\/div><div class=\"vc_empty_space\"   style=\"height: 32px\"><span class=\"vc_empty_space_inner\"><\/span><\/div>","protected":false},"excerpt":{"rendered":"<p>Escape the city to immerse yourself between the historical and fishing town of Sanchez and the capital of Los HaitisesSabana de la Mar. Sanchez is known as a center of exportation and for having a train that was coming from La vega province built a the end of 1800. Come with us and enjoy the fresh waters of one of the unexplored beaches of Los Haitises National Park, where San Lorenzo Bay is located. The place is accessible by boat, [&hellip;]<\/p>\n","protected":false},"author":2,"featured_media":0,"parent":0,"menu_order":0,"comment_status":"open","ping_status":"closed","template":"","meta":{"footnotes":""},"class_list":["post-15878","page","type-page","status-publish","hentry"],"_links":{"self":[{"href":"https:\/\/www.boattoursamana.com\/sl\/wp-json\/wp\/v2\/pages\/15878","targetHints":{"allow":["GET"]}}],"collection":[{"href":"https:\/\/www.boattoursamana.com\/sl\/wp-json\/wp\/v2\/pages"}],"about":[{"href":"https:\/\/www.boattoursamana.com\/sl\/wp-json\/wp\/v2\/types\/page"}],"author":[{"embeddable":true,"href":"https:\/\/www.boattoursamana.com\/sl\/wp-json\/wp\/v2\/users\/2"}],"replies":[{"embeddable":true,"href":"https:\/\/www.boattoursamana.com\/sl\/wp-json\/wp\/v2\/comments?post=15878"}],"version-history":[{"count":0,"href":"https:\/\/www.boattoursamana.com\/sl\/wp-json\/wp\/v2\/pages\/15878\/revisions"}],"wp:attachment":[{"href":"https:\/\/www.boattoursamana.com\/sl\/wp-json\/wp\/v2\/media?parent=15878"}],"curies":[{"name":"wp","href":"https:\/\/api.w.org\/{rel}","templated":true}]}}