{"id":16299,"date":"2023-10-14T17:15:19","date_gmt":"2023-10-14T17:15:19","guid":{"rendered":"https:\/\/www.ticketswhales.com\/?page_id=16299"},"modified":"2023-11-03T09:31:38","modified_gmt":"2023-11-03T09:31:38","slug":"bird-watching-dominican-republic","status":"publish","type":"page","link":"https:\/\/www.boattoursamana.com\/sl\/opazovanje-ptic-dominikanska-republika","title":{"rendered":"Opazovanje ptic Dominikanska republika"},"content":{"rendered":"<div class=\"vc_row wpb_row vc_row-fluid\" ><div class=\"wpb_column vc_column_container vc_col-sm-12\"><div class=\"vc_column-inner\"><div class=\"wpb_wrapper\"><div class=\"mkdf-section-title-holder\" style=\"text-align: left\">\n\t<div class=\"mkdf-st-inner\">\n\t\t\t\t\t<h5 class=\"mkdf-st-subtitle\" >\n\t\t\t\tPti\u010denje Dominikanske republike\t\t\t<\/h5>\n\t\t\t\t\t\t\t<h3 class=\"mkdf-st-title\" >\n\t\t\t\tOpazovanje ptic Dominikanska republika\t\t\t<\/h3>\n\t\t\t\t\t\t\t<p class=\"mkdf-st-text\" >\n\t\t\t\tDominikanska republika je fantasti\u010dno do\u017eivetje za ljubitelje ptic. Dr\u017eava je dom raznolikih vrst ptic, vklju\u010dno s pticami stalnicami in pticami selivkami. Dominikanska republika s svojimi raznolikimi ekosistemi, kot so de\u017eevni gozdovi, mangrove in obalna obmo\u010dja, ponuja odli\u010dne mo\u017enosti za opazovanje ptic. Priljubljene destinacije za opazovanje ptic v dr\u017eavi so nacionalni park Jaragua, nacionalni park Sierra de Bahoruco in nacionalni park Los Haitises. Ta obmo\u010dja zagotavljajo habitate za \u0161iroko paleto vrst ptic, vklju\u010dno s hispansko papigo, hispanskim \u017eolno in endemi\u010dnim hispanskim trogonom. \u010ce \u017eelite kar najbolje izkoristiti svoje izku\u0161nje z opazovanjem ptic, priporo\u010damo, da najamete lokalnega vodnika za opazovanje ptic pri Booking Adventures, ki dobro pozna pti\u010dje vrste in njihove habitate v regiji. Pomagajo vam lahko opaziti in identificirati razli\u010dne vrste ptic, prav tako pa nudijo dragocen vpogled v njihovo vedenje in prizadevanja za ohranitev. Ne pozabite spo\u0161tovati naravnega okolja in upo\u0161tevati eti\u010dne prakse opazovanja ptic, kot je vzdr\u017eevanje varne razdalje od ptic in njihovih gnezd ter izogibanje motenju njihovega naravnega vedenja.\t\t\t<\/p>\n\t\t\t<\/div>\n<\/div><div class=\"vc_empty_space\"   style=\"height: 32px\"><span class=\"vc_empty_space_inner\"><\/span><\/div><\/div><\/div><\/div><\/div><div class=\"vc_row wpb_row vc_row-fluid\" ><div class=\"wpb_column vc_column_container vc_col-sm-12\"><div class=\"vc_column-inner\"><div class=\"wpb_wrapper\"><div class=\"vc_empty_space\"   style=\"height: 32px\"><span class=\"vc_empty_space_inner\"><\/span><\/div>\n\t<div class=\"wpb_text_column wpb_content_element\" >\n\t\t<div class=\"wpb_wrapper\">\n\t\t\t<h2><strong>Izleti z opazovanjem ptic v Dominikanski republiki:\u00a0<\/strong><\/h2>\n\n\t\t<\/div>\n\t<\/div>\n<div class=\"vc_empty_space\"   style=\"height: 32px\"><span class=\"vc_empty_space_inner\"><\/span><\/div><div class=\"woocommerce columns-4\"><ul class=\"products columns-4\">\n<li class=\"product type-product post-8848 status-publish first instock product_cat-hiking product_cat-1-sabana-de-la-mar product_cat-birdwatching-los-haitises product_cat-caves product_cat-fees-entrace product_cat-local-tour-guides product_cat-mangroves product_cat-tours-and-excursions product_cat-tours-excursions-los-haitises-national-park product_cat-tours-excursions-samana-bay-dominican-republic product_tag-biding-sabana-de-la-mar product_tag-birding product_tag-birding-dominican-republic product_tag-birding-in-los-haitises product_tag-los-haitises-national-park-birding-tour-from-punta-cana product_tag-birdwatching product_tag-birdwatching-dominicana product_tag-birdwtaching product_tag-boat-tour-birding product_tag-carretera-cano-hondo product_tag-eco-lodge-paraiso-cano-hondo product_tag-hire-a-guide-in-los-haitises product_tag-los-haitises product_tag-los-haitises-birding product_tag-los-haitises-national-park product_tag-los-haitises-national-park-cano-hondo product_tag-los-haitises-samana product_tag-nature product_tag-ridgways-hawk product_tag-sabana-de-la-mar product_tag-samana product_tag-samana-bay product_tag-wildlife has-post-thumbnail sale sold-individually shipping-taxable product-type-external\">\n\t<div class=\"mkdf-pl-inner\"><div class=\"mkdf-pl-image\"><div class=\"mkdf-pl-text\"><div class=\"mkdf-pl-text-outer\"><div class=\"mkdf-pl-text-inner\"><a href=\"https:\/\/bookingadventures.tours\/booking.php?tour_id=ba22ca77a6307e3f7dfd43d2873c8f4d\" data-quantity=\"1\" class=\"button wp-element-button product_type_external\" data-product_id=\"8848\" data-product_sku=\"\" aria-label=\"REZERVIRAJTE ZDAJ\" rel=\"nofollow noopener\">REZERVIRAJTE ZDAJ<\/a><\/div><\/div><\/div><\/div><a href=\"https:\/\/www.boattoursamana.com\/sl\/turneja\/opazovanje-ptic-v-narodnem-parku-los-haitises\" class=\"woocommerce-LoopProduct-link woocommerce-loop-product__link\"><\/a><\/div><div class=\"mkdf-pl-text-wrapper\"><div class=\"mkdf-pl-rating-holder\"><\/div><h4 class=\"mkdf-product-list-title\"><a href=\"https:\/\/www.boattoursamana.com\/sl\/turneja\/opazovanje-ptic-v-narodnem-parku-los-haitises\">Opazovanje ptic v narodnem parku Los Haitises<\/a><\/h4>\n\t<span class=\"price\"><del aria-hidden=\"true\"><span class=\"woocommerce-Price-amount amount\"><bdi><span class=\"woocommerce-Price-currencySymbol\">&#36;<\/span>75.00<\/bdi><\/span><\/del> <ins><span class=\"woocommerce-Price-amount amount\"><bdi><span class=\"woocommerce-Price-currencySymbol\">&#36;<\/span>65.99<\/bdi><\/span><\/ins><\/span>\n<\/div><\/li><li class=\"product type-product post-9918 status-publish instock product_cat-hiking product_cat-1-punta-cana product_cat-1-sabana-de-la-mar product_cat-birdwatching-los-haitises product_cat-caves product_cat-fees-entrace product_cat-hiking-los-haitises product_cat-local-tour-guides product_cat-mangroves product_cat-private-tours-excursions product_cat-punta-cana-private-tours product_cat-punta-cana-los-haitises product_cat-tours-and-excursions product_cat-tours-excursions-los-haitises-national-park product_cat-tours-excursions-samana-bay-dominican-republic product_tag-biding-sabana-de-la-mar product_tag-birding product_tag-birding-dominican-republic product_tag-birding-in-los-haitises product_tag-los-haitises-national-park-birding-tour-from-punta-cana product_tag-birdwatching product_tag-birdwatching-dominicana product_tag-birdwtaching product_tag-carretera-cano-hondo product_tag-eco-lodge-paraiso-cano-hondo product_tag-hire-a-guide-in-los-haitises product_tag-los-haitises product_tag-los-haitises-birding product_tag-los-haitises-national-park product_tag-los-haitises-national-park-cano-hondo product_tag-nature product_tag-ridgways-hawk product_tag-sabana-de-la-mar product_tag-wildlife has-post-thumbnail sale sold-individually shipping-taxable product-type-external\">\n\t<div class=\"mkdf-pl-inner\"><div class=\"mkdf-pl-image\"><div class=\"mkdf-pl-text\"><div class=\"mkdf-pl-text-outer\"><div class=\"mkdf-pl-text-inner\"><a href=\"https:\/\/bookingadventures.tours\/booking.php?tour_id=7508224bb326afaef3e2c26d0a22b762\" data-quantity=\"1\" class=\"button wp-element-button product_type_external\" data-product_id=\"9918\" data-product_sku=\"\" aria-label=\"REZERVIRAJTE ZDAJ\" rel=\"nofollow noopener\">REZERVIRAJTE ZDAJ<\/a><\/div><\/div><\/div><\/div><a href=\"https:\/\/www.boattoursamana.com\/sl\/turneja\/opazovanje-ptic-punta-cana-pticje-ture-od-punta-cane-do-narodnega-parka-los-haitises\" class=\"woocommerce-LoopProduct-link woocommerce-loop-product__link\"><\/a><\/div><div class=\"mkdf-pl-text-wrapper\"><h4 class=\"mkdf-product-list-title\"><a href=\"https:\/\/www.boattoursamana.com\/sl\/turneja\/opazovanje-ptic-punta-cana-pticje-ture-od-punta-cane-do-narodnega-parka-los-haitises\">Opazovanje ptic Punta Cana \u2013 Pti\u010dja potovanja od Punta Cane do nacionalnega parka Los Haitises<\/a><\/h4>\n\t<span class=\"price\"><del aria-hidden=\"true\"><span class=\"woocommerce-Price-amount amount\"><bdi><span class=\"woocommerce-Price-currencySymbol\">&#36;<\/span>195.00<\/bdi><\/span><\/del> <ins><span class=\"woocommerce-Price-amount amount\"><bdi><span class=\"woocommerce-Price-currencySymbol\">&#36;<\/span>145.00<\/bdi><\/span><\/ins><\/span>\n<\/div><\/li><li class=\"product type-product post-16285 status-publish instock product_cat-tours-excursions-samana-bay-dominican-republic product_cat-bestbirding product_cat-bird-watching-dominican-republic product_cat-birding-dominican-republic product_cat-birdwatching-los-haitises product_cat-hiking product_cat-tours-and-excursions product_cat-ultimo2022 product_cat-w product_cat-whale-watching-la-romana-bayahibe product_tag-bird-watching product_tag-birding-dominican-republic product_tag-birding-in-los-haitises product_tag-los-haitises-national-park-birding-tour-from-punta-cana product_tag-birds-of-dominican-republic product_tag-birdwatching-dominicana has-post-thumbnail sale shipping-taxable product-type-external\">\n\t<div class=\"mkdf-pl-inner\"><div class=\"mkdf-pl-image\"><div class=\"mkdf-pl-text\"><div class=\"mkdf-pl-text-outer\"><div class=\"mkdf-pl-text-inner\"><a href=\"https:\/\/bookingadventures.tours\/booking.php?tour_id=a45f385425edc461f216e91e21abe0c5\" data-quantity=\"1\" class=\"button wp-element-button product_type_external\" data-product_id=\"16285\" data-product_sku=\"\" aria-label=\"REZERVIRAJTE ZDAJ\" rel=\"nofollow noopener\">REZERVIRAJTE ZDAJ<\/a><\/div><\/div><\/div><\/div><a href=\"https:\/\/www.boattoursamana.com\/sl\/turneja\/opazovanje-ptic\" class=\"woocommerce-LoopProduct-link woocommerce-loop-product__link\"><\/a><\/div><div class=\"mkdf-pl-text-wrapper\"><h4 class=\"mkdf-product-list-title\"><a href=\"https:\/\/www.boattoursamana.com\/sl\/turneja\/opazovanje-ptic\">New Birding Dominikanska republika en teden<\/a><\/h4>\n\t<span class=\"price\"><del aria-hidden=\"true\"><span class=\"woocommerce-Price-amount amount\"><bdi><span class=\"woocommerce-Price-currencySymbol\">&#36;<\/span>3,000.00<\/bdi><\/span><\/del> <ins><span class=\"woocommerce-Price-amount amount\"><bdi><span class=\"woocommerce-Price-currencySymbol\">&#36;<\/span>2,800.00<\/bdi><\/span><\/ins><\/span>\n<\/div><\/li><li class=\"product type-product post-16326 status-publish last instock product_cat-birding-dominican-republic product_tag-bird-watching product_tag-birding-dominican-republic product_tag-birding-in-los-haitises product_tag-birding-punta-cana product_tag-los-haitises-national-park-birding-tour-from-punta-cana product_tag-birds-of-dominican-republic product_tag-birdwatching-dominicana product_tag-punta-cana has-post-thumbnail sale shipping-taxable product-type-external\">\n\t<div class=\"mkdf-pl-inner\"><div class=\"mkdf-pl-image\"><div class=\"mkdf-pl-text\"><div class=\"mkdf-pl-text-outer\"><div class=\"mkdf-pl-text-inner\"><a href=\"https:\/\/bookingadventures.tours\/booking.php?tour_id=a45f385425edc461f216e91e21abe0c5\" data-quantity=\"1\" class=\"button wp-element-button product_type_external\" data-product_id=\"16326\" data-product_sku=\"\" aria-label=\"REZERVIRAJTE ZDAJ\" rel=\"nofollow noopener\">REZERVIRAJTE ZDAJ<\/a><\/div><\/div><\/div><\/div><a href=\"https:\/\/www.boattoursamana.com\/sl\/turneja\/opazovanje-ptic-punta-cana-na-obmocju-fundacije-punta-cana\" class=\"woocommerce-LoopProduct-link woocommerce-loop-product__link\"><\/a><\/div><div class=\"mkdf-pl-text-wrapper\"><h4 class=\"mkdf-product-list-title\"><a href=\"https:\/\/www.boattoursamana.com\/sl\/turneja\/opazovanje-ptic-punta-cana-na-obmocju-fundacije-punta-cana\">Punta Cana: Opazovanje ptic na obmo\u010dju fundacije Punta Cana<\/a><\/h4>\n\t<span class=\"price\"><del aria-hidden=\"true\"><span class=\"woocommerce-Price-amount amount\"><bdi><span class=\"woocommerce-Price-currencySymbol\">&#36;<\/span>250.00<\/bdi><\/span><\/del> <ins><span class=\"woocommerce-Price-amount amount\"><bdi><span class=\"woocommerce-Price-currencySymbol\">&#36;<\/span>170.00<\/bdi><\/span><\/ins><\/span>\n<\/div><\/li><li class=\"product type-product post-8850 status-publish first instock product_cat-tours-excursions-samana-bay-dominican-republic product_cat-1-sabana-de-la-mar product_cat-birdwatching-los-haitises product_cat-hiking-los-haitises product_cat-tours-and-excursions product_cat-tours-excursions-los-haitises-national-park product_tag-birding product_tag-birdwatching product_tag-los-haitises product_tag-los-haitises-national-park product_tag-nature product_tag-ridgways-hawk product_tag-sabana-de-la-mar product_tag-samana product_tag-samana-bay product_tag-wildlife has-post-thumbnail sale shipping-taxable product-type-external\">\n\t<div class=\"mkdf-pl-inner\"><div class=\"mkdf-pl-image\"><div class=\"mkdf-pl-text\"><div class=\"mkdf-pl-text-outer\"><div class=\"mkdf-pl-text-inner\"><a href=\"https:\/\/bookingadventures.tours\/booking.php?tour_id=3f582351e669d76f309c91a7d64fcfca\" data-quantity=\"1\" class=\"button wp-element-button product_type_external\" data-product_id=\"8850\" data-product_sku=\"\" aria-label=\"REZERVIRAJTE ZDAJ\" rel=\"nofollow noopener\">REZERVIRAJTE ZDAJ<\/a><\/div><\/div><\/div><\/div><a href=\"https:\/\/www.boattoursamana.com\/sl\/turneja\/ridgways-ogled-jastrebov-opazovanje-ptic-ogled-nacionalnega-parka-los-haitises\" class=\"woocommerce-LoopProduct-link woocommerce-loop-product__link\"><\/a><\/div><div class=\"mkdf-pl-text-wrapper\"><div class=\"mkdf-pl-rating-holder\"><\/div><h4 class=\"mkdf-product-list-title\"><a href=\"https:\/\/www.boattoursamana.com\/sl\/turneja\/ridgways-ogled-jastrebov-opazovanje-ptic-ogled-nacionalnega-parka-los-haitises\">Ridgway&#039;s Hawk Tour \u2013 ogled ptic v nacionalnem parku Los Haitises<\/a><\/h4>\n\t<span class=\"price\"><del aria-hidden=\"true\"><span class=\"woocommerce-Price-amount amount\"><bdi><span class=\"woocommerce-Price-currencySymbol\">&#36;<\/span>65.00<\/bdi><\/span><\/del> <ins><span class=\"woocommerce-Price-amount amount\"><bdi><span class=\"woocommerce-Price-currencySymbol\">&#36;<\/span>49.00<\/bdi><\/span><\/ins><\/span>\n<\/div><\/li><li class=\"product type-product post-16295 status-publish instock product_cat-birding-dominican-republic product_tag-bird-watching product_tag-birding-dominican-republic product_tag-birding-in-los-haitises product_tag-los-haitises-national-park-birding-tour-from-punta-cana product_tag-birds-of-dominican-republic product_tag-birdwatching-dominicana has-post-thumbnail sale shipping-taxable product-type-external\">\n\t<div class=\"mkdf-pl-inner\"><div class=\"mkdf-pl-image\"><div class=\"mkdf-pl-text\"><div class=\"mkdf-pl-text-outer\"><div class=\"mkdf-pl-text-inner\"><a href=\"https:\/\/bookingadventures.tours\/booking.php?tour_id=65169de389500d780418f30a412b7e7b\" data-quantity=\"1\" class=\"button wp-element-button product_type_external\" data-product_id=\"16295\" data-product_sku=\"\" aria-label=\"REZERVIRAJTE ZDAJ\" rel=\"nofollow noopener\">REZERVIRAJTE ZDAJ<\/a><\/div><\/div><\/div><\/div><a href=\"https:\/\/www.boattoursamana.com\/sl\/turneja\/samana-opazovanje-ptic-limon-slap\" class=\"woocommerce-LoopProduct-link woocommerce-loop-product__link\"><\/a><\/div><div class=\"mkdf-pl-text-wrapper\"><h4 class=\"mkdf-product-list-title\"><a href=\"https:\/\/www.boattoursamana.com\/sl\/turneja\/samana-opazovanje-ptic-limon-slap\">Samana: opazovanje ptic in slap Limon<\/a><\/h4>\n\t<span class=\"price\"><del aria-hidden=\"true\"><span class=\"woocommerce-Price-amount amount\"><bdi><span class=\"woocommerce-Price-currencySymbol\">&#36;<\/span>250.00<\/bdi><\/span><\/del> <ins><span class=\"woocommerce-Price-amount amount\"><bdi><span class=\"woocommerce-Price-currencySymbol\">&#36;<\/span>170.00<\/bdi><\/span><\/ins><\/span>\n<\/div><\/li><\/ul>\n<\/div><div class=\"vc_empty_space\"   style=\"height: 32px\"><span class=\"vc_empty_space_inner\"><\/span><\/div><\/div><\/div><\/div><\/div>","protected":false},"excerpt":{"rendered":"Birding Dominican Republic Bird Watching Dominican Republic Dominican Republic is a fantastic experience for bird enthusiasts. The country is home to a diverse range of bird species, including both resident and migratory birds. With its varied ecosystems, such as rainforests, mangroves, and coastal areas, the Dominican Republic offers excellent birding opportunities. Popular birding destinations in the country include the Jaragua National Park, Sierra de Bahoruco National Park, and Los Haitises National Park. These areas provide habitats for a wide array [...]","protected":false},"author":8,"featured_media":0,"parent":0,"menu_order":0,"comment_status":"closed","ping_status":"closed","template":"","meta":{"footnotes":""},"class_list":["post-16299","page","type-page","status-publish","hentry"],"_links":{"self":[{"href":"https:\/\/www.boattoursamana.com\/sl\/wp-json\/wp\/v2\/pages\/16299","targetHints":{"allow":["GET"]}}],"collection":[{"href":"https:\/\/www.boattoursamana.com\/sl\/wp-json\/wp\/v2\/pages"}],"about":[{"href":"https:\/\/www.boattoursamana.com\/sl\/wp-json\/wp\/v2\/types\/page"}],"author":[{"embeddable":true,"href":"https:\/\/www.boattoursamana.com\/sl\/wp-json\/wp\/v2\/users\/8"}],"replies":[{"embeddable":true,"href":"https:\/\/www.boattoursamana.com\/sl\/wp-json\/wp\/v2\/comments?post=16299"}],"version-history":[{"count":0,"href":"https:\/\/www.boattoursamana.com\/sl\/wp-json\/wp\/v2\/pages\/16299\/revisions"}],"wp:attachment":[{"href":"https:\/\/www.boattoursamana.com\/sl\/wp-json\/wp\/v2\/media?parent=16299"}],"curies":[{"name":"wp","href":"https:\/\/api.w.org\/{rel}","templated":true}]}}