{"id":11524,"date":"2020-09-08T10:03:31","date_gmt":"2020-09-08T10:03:31","guid":{"rendered":"https:\/\/www.ticketswhales.com\/Tours-Excursions\/uncategorized\/import-placeholder-for-302174\/"},"modified":"2023-11-10T13:47:26","modified_gmt":"2023-11-10T13:47:26","slug":"saona-island-private-tour-from-punta-cana-hotels-punta-cana-lobby","status":"publish","type":"product","link":"https:\/\/www.boattoursamana.com\/sl\/turneja\/zasebna-tura-po-otoku-saona-iz-hotelov-punta-cana-lobby-punta-cana","title":{"rendered":"Zasebni ogled otoka Saona iz hotelov Punta Cana \u2013 preddverje Punta Cana"},"content":{"rendered":"<div class=\"vc_row wpb_row vc_row-fluid\" ><div class=\"wpb_column vc_column_container vc_col-sm-12\"><div class=\"vc_column-inner\"><div class=\"wpb_wrapper\"><div class=\"vc_btn3-container vc_btn3-inline\" ><a class=\"vc_general vc_btn3 vc_btn3-size-md vc_btn3-shape-rounded vc_btn3-style-modern vc_btn3-color-green\" href=\"https:\/\/bookingadventures.tours\/booking.php?tour_id=8b86c0abbfbae1c1c9782c709a48c939\" title=\"\" rel=\"noopener\">REZERVIRAJTE ZDAJ<\/a><\/div>\n\t<div class=\"wpb_text_column wpb_content_element\" >\n\t\t<div class=\"wpb_wrapper\">\n\t\t\t<h2><b><i>Zasebni izlet na otok Saona\u00a0<\/i><\/b><\/h2>\n<h4><b><i>Pregled<\/i><\/b><\/h4>\n<div>Odhod je z glavnega pomola <strong>Bayahibe<\/strong> ob 9.00 in povratek ob 17.00. \u010de\u00a0<b>(dodajate zasebni prevoz iz drugih odhodov na to potovanje se lahko \u010das spremeni)<\/b> <span style=\"font-size: 16px;\">To potovanje vas popelje na najbolj\u0161e pla\u017ee v <strong>Otok Saona<\/strong> (Isla Saona) za\u010dnete iz mesta Bayahibe, kosilo je na otoku in ustavili se boste ob naravnih bazenih<strong> Nacionalni park Cotubanama<\/strong>. U\u017eivanje v \u010dudoviti jugovzhodni obali Dominikanske republike, kjer boste po ladji pluli vzdol\u017e obale in opazovali razli\u010dne pla\u017ee, pokrajine, mangrove in apnen\u010daste formacije tega edinstvenega kraja.\u00a0<\/span><\/div>\n<div>\n<p><span style=\"font-weight: 400;\">Prihod do otoka traja pribli\u017eno 45 minut in med ogledom boste imeli mo\u017enost ogleda <strong>Mano Juan<\/strong>, ki je edina skupnost ustanovljena na otoku, na tem istem mestu imate mo\u017enost kosila, \u010de ne pridete do Mano Juana, boste obiskali razli\u010dne pla\u017ee v okolici in kosilo bo na pla\u017ei, na otoku boste imeli tudi mo\u017enost snorklanja.<\/span><\/p>\n<p><span style=\"font-weight: 400;\">Ko kon\u010date svoje potovanje na razli\u010dnih lokacijah na otoku, se boste vrnili na lokacijo, kjer se sre\u010date z vodnikom.<\/span><\/p>\n<ul>\n<li style=\"font-weight: 400;\"><span style=\"font-weight: 400;\">Vklju\u010duje samopostre\u017eno kosilo na pla\u017ei.<\/span><\/li>\n<li style=\"font-weight: 400;\"><span style=\"font-weight: 400;\">Naravni bazen<\/span><\/li>\n<li style=\"font-weight: 400;\"><span style=\"font-weight: 400;\">Transfer z ladjo ali katamaranom<\/span><\/li>\n<li style=\"font-weight: 400;\"><span style=\"font-weight: 400;\">Kapitan zagotavlja navodila in nadzor<\/span><\/li>\n<\/ul>\n<\/div>\n<p>&nbsp;<\/p>\n<h2><b>Vklju\u010ditve in izklju\u010ditve<\/b><\/h2>\n<p><b>Vklju\u010dki<\/b><\/p>\n<ol>\n<li>Izlet z gliserjem ali katamaranom (vse je odvisno od velikosti skupine)<\/li>\n<li style=\"font-weight: 400;\"><span style=\"font-weight: 400;\">Samopostre\u017eno kosilo na pla\u017ei<\/span><\/li>\n<li>Naravni bazen<\/li>\n<li style=\"font-weight: 400;\"><span style=\"font-weight: 400;\">Vsi davki, pristojbine in manipulativni stro\u0161ki<\/span><\/li>\n<li style=\"font-weight: 400;\"><span style=\"font-weight: 400;\">Lokalni davki<\/span><\/li>\n<li style=\"font-weight: 400;\"><span style=\"font-weight: 400;\">pija\u010de<\/span><\/li>\n<\/ol>\n<p><b> Izklju\u010ditve<\/b><\/p>\n<ol>\n<li style=\"font-weight: 400;\"><span style=\"font-weight: 400;\">Napitnine<\/span><\/li>\n<li>Lokalni vodnik<\/li>\n<\/ol>\n<p>&nbsp;<\/p>\n<h4><em><strong>Odhod in povratek<\/strong><\/em><\/h4>\n<p><span style=\"font-weight: 400;\">Imamo urnik, zasnovan tako, da vas poberemo in odlo\u017eimo glede na obmo\u010dje, v katerem se nahajate. <\/span><span style=\"font-weight: 400;\">Potnik bo dobil zbirali\u0161\u010de po opravljenem postopku rezervacije. Ogledi se za\u010dnejo in kon\u010dajo na na\u0161ih zbirali\u0161\u010dih.<\/span><\/p>\n<p>&nbsp;<\/p>\n<h4><b><i>Kaj pri\u010dakovati?<\/i><\/b><\/h4>\n<p>&nbsp;<\/p>\n<p><em><strong>Zagotovite si vstopnice<\/strong><\/em> fora dnevna karta na otoku Saona (Isla Saona) v Bayahibeju plus \u010dudovito kosilo in \u010das na pla\u017ei.<\/p>\n<p><span style=\"font-weight: 400;\">Enodnevni izlet, ki ga organizira \u201cBooking Adventures\u201d, se za\u010dne na zbirnem mestu, ki ga dolo\u010di vodnik. <\/span>Kosilo na pla\u017ei in lahko ostanete, kolikor \u017eelite, plavate naokoli. \u010ce ste vegan, vam lahko pripravimo tudi hrano.<\/p>\n<p>Ta izlet z ladjo se za\u010dne v kraju Bayahibe, vendar nudimo zasebni prevoz za dopla\u010dilo, odvisno od tega, kje je skupina.<\/p>\n<p><strong>urnik:<\/strong><\/p>\n<p>7.45 \u2013 18.00<\/p>\n<p>&nbsp;<\/p>\n<h4><em><strong>Kaj morate prinesti?<\/strong><\/em><\/h4>\n<ul>\n<li style=\"font-weight: 400;\"><span style=\"font-weight: 400;\">Kamera<\/span><\/li>\n<li style=\"font-weight: 400;\"><span style=\"font-weight: 400;\">Odganjalni popki<\/span><\/li>\n<li style=\"font-weight: 400;\"><span style=\"font-weight: 400;\">son\u010dna krema<\/span><\/li>\n<li style=\"font-weight: 400;\"><span style=\"font-weight: 400;\">Klobuk<\/span><\/li>\n<li style=\"font-weight: 400;\"><span style=\"font-weight: 400;\">Udobne hla\u010de<\/span><\/li>\n<li style=\"font-weight: 400;\"><span style=\"font-weight: 400;\">Pohodni\u0161ki \u010devlji za gozd<\/span><\/li>\n<li style=\"font-weight: 400;\"><span style=\"font-weight: 400;\">Sandali za na pla\u017eo<\/span><\/li>\n<li style=\"font-weight: 400;\"><span style=\"font-weight: 400;\">Kopalna obla\u010dila<\/span><\/li>\n<li>Gotovina za spominke<\/li>\n<\/ul>\n<p>&nbsp;<\/p>\n<h2><b><i>Prevzem iz hotela za enodnevni izlet na otok Saona<\/i><\/b><\/h2>\n<p><span style=\"font-weight: 400;\">To je program, ki smo ga dolo\u010dili glede na va\u0161e lokacije. Sporo\u010dite nam svoj dolo\u010den hotel in kontaktirali vas bomo, da vam povemo, kje se lahko sre\u010damo. Te mo\u017enosti prevoza veljajo za dopla\u010dilo. To potovanje se za\u010dne v Bayahibeju.<\/span><\/p>\n<table style=\"height: 487px;\" width=\"420\">\n<tbody>\n<tr>\n<td><b>Mesto<\/b><\/td>\n<td><b>\u010cas<\/b><\/td>\n<\/tr>\n<tr>\n<td><b>Punta Cana<\/b><\/td>\n<td><b>7:45 zjutraj<\/b><\/td>\n<\/tr>\n<tr>\n<td><b>B\u00e1varo<\/b><\/td>\n<td><b>7:30 zjutraj<\/b><\/td>\n<\/tr>\n<tr>\n<td><b>Uvero Altos<\/b><\/td>\n<td><b>7:00 zjutraj<\/b><\/td>\n<\/tr>\n<tr>\n<td><b>Club Med<\/b><\/td>\n<td><b>7:00 zjutraj<\/b><\/td>\n<\/tr>\n<tr>\n<td><b>Boca Chica<\/b><\/td>\n<td><b>7:00 zjutraj<\/b><\/td>\n<\/tr>\n<tr>\n<td><b>Santo Domingo<\/b><\/td>\n<td><b>6:40 zjutraj<\/b><\/td>\n<\/tr>\n<tr>\n<td><b>Juan Doli\u00f3<\/b><\/td>\n<td><b>7:00 zjutraj<\/b><\/td>\n<\/tr>\n<\/tbody>\n<\/table>\n<p>&nbsp;<\/p>\n<p><b>Opomba:<\/b><span style=\"font-weight: 400;\"> \u010de rezervirate v 24 urah po \u010dasu odhoda potovanja\/izleta, lahko organiziramo hotelski prevzem z dopla\u010dilom. Ko bo va\u0161 nakup opravljen, vam bomo poslali popolne kontaktne podatke (telefonsko \u0161tevilko, e-po\u0161tni naslov itd.) za na\u0161ega lokalnega turisti\u010dnega vodnika, ki bo organiziral prevzem.<\/span><\/p>\n<h4><b><i>Potrditev dodatnih informacij <\/i><\/b><\/h4>\n<ol>\n<li>Vstopnice so potrdilo po pla\u010dilu tega izleta. Pla\u010dilo lahko prika\u017eete na telefonu.<\/li>\n<li style=\"font-weight: 400;\"><span style=\"font-weight: 400;\">Zbirno mesto bo prejeto po opravljenem postopku rezervacije.<\/span><\/li>\n<li style=\"font-weight: 400;\"><span style=\"font-weight: 400;\">Otroci morajo biti v spremstvu odrasle osebe.<\/span><\/li>\n<li style=\"font-weight: 400;\"><span style=\"font-weight: 400;\">dostopno z invalidskim vozi\u010dkom <\/span><\/li>\n<li style=\"font-weight: 400;\"><span style=\"font-weight: 400;\">Dojen\u010dki morajo sedeti v naro\u010dju <\/span><\/li>\n<li style=\"font-weight: 400;\"><span style=\"font-weight: 400;\">Ve\u010dina popotnikov lahko sodeluje<\/span><\/li>\n<\/ol>\n<h4><b><i>Politika odpovedi<\/i><\/b><\/h4>\n<p>Za celotno vra\u010dilo preberite na\u0161e pravilnike o odpovedih\u00a0<a href=\"https:\/\/www.boattoursamana.com\/sl\/spletna-rezervacija\/\" target=\"_blank\" rel=\"noopener\" data-saferedirecturl=\"https:\/\/www.google.com\/url?q=https:\/\/www.boattoursamana.com\/online-booking\/&amp;source=gmail&amp;ust=1672449202351000&amp;usg=AOvVaw1yAeVAPktmaVCqDujgUn90\">Klikni tukaj<\/a>. Sredstva bodo izgubljena, \u010de je rezervacija odpovedana isti dan potovanja.<\/p>\n<p>OPOMBA: \u010ce se \u017eelite odpraviti na to ekskurzijo in \u017eelite izvedeti ve\u010d podrobnosti, lahko<a href=\"mailto:info@bookingadventures.com.do\">\u00a0kontaktirajte nas po e-po\u0161ti<\/a>l<strong>\u00a0<\/strong>ali prek na\u0161ega neposrednega servisnega klepeta Whatsapp na tej \u0161tevilki:\u00a0<strong>+1 809-720-6035<\/strong>. Takoj se vam bomo posvetili in vam lahko izdelamo ponudbo s prilagoditvijo cene glede na \u0161tevilo oseb.<\/p>\n<p>n(Za organizacijo zasebnega izleta potrebujemo najmanj 4 osebe. Za manj ljudi lahko organiziramo polzasebni izlet z najve\u010d 15 osebami).<\/p>\n<div id=\"gtx-trans\" style=\"position: absolute; left: -1px; top: 1055.03px;\">\n<div class=\"gtx-trans-icon\"><\/div>\n<\/div>\n\n\t\t<\/div>\n\t<\/div>\n<\/div><\/div><\/div><\/div><div class=\"vc_row wpb_row vc_row-fluid\" ><div class=\"wpb_column vc_column_container vc_col-sm-12\"><div class=\"vc_column-inner\"><div class=\"wpb_wrapper\"><div class=\"vc_btn3-container vc_btn3-inline\" ><a class=\"vc_general vc_btn3 vc_btn3-size-md vc_btn3-shape-rounded vc_btn3-style-modern vc_btn3-color-green\" href=\"https:\/\/bookingadventures.tours\/booking.php?tour_id=8b86c0abbfbae1c1c9782c709a48c939\" title=\"\" rel=\"noopener\">REZERVIRAJTE ZDAJ<\/a><\/div><\/div><\/div><\/div><\/div><div class=\"vc_row wpb_row vc_row-fluid\" ><div class=\"wpb_column vc_column_container vc_col-sm-12\"><div class=\"vc_column-inner\"><div class=\"wpb_wrapper\"><div class=\"vc_empty_space\"   style=\"height: 32px\"><span class=\"vc_empty_space_inner\"><\/span><\/div>\n\t<div class=\"wpb_video_widget wpb_content_element vc_clearfix   vc_video-aspect-ratio-169 vc_video-el-width-100 vc_video-align-left\" >\n\t\t<div class=\"wpb_wrapper\">\n\t\t\t<h2 class=\"wpb_heading wpb_video_heading\">Videoposnetek ogledov in izletov po otoku Saona:<\/h2>\n\t\t\t<div class=\"wpb_video_wrapper\"><iframe loading=\"lazy\" title=\"Otok Saola Cel dan z Booking Adventures, potovanje Dominikanska republika\" width=\"1100\" height=\"619\" src=\"https:\/\/www.youtube.com\/embed\/sas91N4zMHo?feature=oembed\" frameborder=\"0\" allow=\"accelerometer; autoplay; encrypted-media; gyroscope; picture-in-picture\" allowfullscreen><\/iframe><\/div>\n\t\t<\/div>\n\t<\/div>\n<div class=\"vc_empty_space\"   style=\"height: 32px\"><span class=\"vc_empty_space_inner\"><\/span><\/div><div class=\"vc_btn3-container vc_btn3-inline\" ><a class=\"vc_general vc_btn3 vc_btn3-size-md vc_btn3-shape-rounded vc_btn3-style-modern vc_btn3-color-green\" href=\"https:\/\/bookingadventures.tours\/booking.php?tour_id=8b86c0abbfbae1c1c9782c709a48c939\" title=\"\" rel=\"noopener\">REZERVIRAJTE ZDAJ<\/a><\/div><\/div><\/div><\/div><\/div><div class=\"vc_row wpb_row vc_row-fluid\" ><\/div><div class=\"wpb_column vc_column_container vc_col-sm-12\"><div class=\"vc_column-inner\"><div class=\"wpb_wrapper\"><\/div><\/div><\/div><div class=\"vc_empty_space\"   style=\"height: 32px\"><span class=\"vc_empty_space_inner\"><\/span><\/div><div class=\"vc_empty_space\"   style=\"height: 32px\"><span class=\"vc_empty_space_inner\"><\/span><\/div>","protected":false},"excerpt":{"rendered":"<p>Dnevna karta za otok Saona iz pristani\u0161\u010da Bayahibe. Vklju\u010deno je kosilo in naravni bazeni. Po potrebi transfer iz katerega koli dela Dominikanske republike. Preprosto stopite v stik z nami in u\u017eivajte v najbolj\u0161i izku\u0161nji v Isla Saona.<\/p>\n<p>&nbsp;<\/p>\n<p><strong>Izberite datum za ogled:<\/strong><\/p>","protected":false},"featured_media":11546,"template":"","meta":[],"product_cat":[948,971,965,821,822],"product_tag":[400,244,242,395,272,823,690,241,243,315,398,824,825,314],"class_list":["post-11524","product","type-product","status-publish","has-post-thumbnail","hentry","product_cat-1-punta-cana","product_cat-punta-cana-private-tours","product_cat-punta-cana-saona-island","product_cat-saona-island-offers","product_cat-saona-island-private-tour-from-punta-cana-hotels-punta-cana-lobby","product_tag-all-inclusive-trip-to-saona-island-by-speedboat-catamaran","product_tag-bayahibe","product_tag-catamaran","product_tag-how-to-get-to-saona-island","product_tag-isla-saona","product_tag-private-day-trip-saona","product_tag-private-tours","product_tag-saona","product_tag-saona-island","product_tag-saona-island-excursion","product_tag-saona-island-hotels","product_tag-saona-island-private","product_tag-saona-island-private-tour-from-punta-cana-hotels-punta-cana-lobby","product_tag-saona-island-tour"],"_links":{"self":[{"href":"https:\/\/www.boattoursamana.com\/sl\/wp-json\/wp\/v2\/product\/11524","targetHints":{"allow":["GET"]}}],"collection":[{"href":"https:\/\/www.boattoursamana.com\/sl\/wp-json\/wp\/v2\/product"}],"about":[{"href":"https:\/\/www.boattoursamana.com\/sl\/wp-json\/wp\/v2\/types\/product"}],"wp:featuredmedia":[{"embeddable":true,"href":"https:\/\/www.boattoursamana.com\/sl\/wp-json\/wp\/v2\/media\/11546"}],"wp:attachment":[{"href":"https:\/\/www.boattoursamana.com\/sl\/wp-json\/wp\/v2\/media?parent=11524"}],"wp:term":[{"taxonomy":"product_cat","embeddable":true,"href":"https:\/\/www.boattoursamana.com\/sl\/wp-json\/wp\/v2\/product_cat?post=11524"},{"taxonomy":"product_tag","embeddable":true,"href":"https:\/\/www.boattoursamana.com\/sl\/wp-json\/wp\/v2\/product_tag?post=11524"}],"curies":[{"name":"wp","href":"https:\/\/api.w.org\/{rel}","templated":true}]}}