{"id":11569,"date":"2020-10-10T15:42:33","date_gmt":"2020-10-10T15:42:33","guid":{"rendered":"https:\/\/www.ticketswhales.com\/?post_type=product&#038;p=11569"},"modified":"2023-11-07T21:53:32","modified_gmt":"2023-11-07T21:53:32","slug":"private-kayaking-snorkeling-with-lunch-on-cayo-levantado-island","status":"publish","type":"product","link":"https:\/\/www.boattoursamana.com\/sl\/turneja\/zasebno-snorklanje-s-kajakom-s-kosilom-na-otoku-cayo-levantado","title":{"rendered":"Samana: Cayo Levantado in kajak + potapljanje"},"content":{"rendered":"<div class=\"wpb_column vc_column_container vc_col-sm-12\"><div class=\"vc_column-inner\"><div class=\"wpb_wrapper\"><\/div><\/div><\/div><div class=\"vc_row wpb_row vc_row-fluid\" ><div class=\"wpb_column vc_column_container vc_col-sm-12\"><div class=\"vc_column-inner\"><div class=\"wpb_wrapper\">\n\t<div class=\"wpb_text_column wpb_content_element\" >\n\t\t<div class=\"wpb_wrapper\">\n\t\t\t<div class=\"vc_row wpb_row vc_row-fluid\">\n<div class=\"wpb_column vc_column_container vc_col-sm-12\">\n<div class=\"vc_column-inner\">\n<div class=\"wpb_wrapper\">\n<div class=\"mkdf-section-title-holder\">\n<div class=\"mkdf-st-inner\">\n<h5 class=\"mkdf-st-subtitle\">Iz pristani\u0161\u010da Samana: zasebni ogled<\/h5>\n<h3 class=\"mkdf-st-title\">Zasebni kajak in dihalka s kosilom na otoku Cayo Levantado<\/h3>\n<\/div>\n<\/div>\n<div class=\"vc_empty_space\"><\/div>\n<\/div>\n<\/div>\n<\/div>\n<\/div>\n<div class=\"vc_row wpb_row vc_row-fluid\"><\/div>\n<div class=\"wpb_column vc_column_container vc_col-sm-12\">\n<div class=\"vc_column-inner\">\n<div class=\"wpb_wrapper\"><\/div>\n<\/div>\n<\/div>\n<div class=\"wpb_text_column wpb_content_element\">\n<div class=\"wpb_wrapper\"><\/div>\n<\/div>\n<div class=\"vc_row wpb_row vc_row-fluid\">\n<div class=\"wpb_column vc_column_container vc_col-sm-12\">\n<div class=\"vc_column-inner\">\n<div class=\"wpb_wrapper\">\n<div class=\"wpb_text_column wpb_content_element\">\n<div class=\"wpb_wrapper\">\n<div class=\"vc_row wpb_row vc_row-fluid\">\n<div class=\"wpb_column vc_column_container vc_col-sm-12\">\n<div class=\"vc_column-inner\">\n<div class=\"wpb_wrapper\">\n<div class=\"wpb_text_column wpb_content_element\">\n<div class=\"wpb_wrapper\">\n<h4><b><i>Pregled\ud83d\udc33<\/i><\/b><\/h4>\n<p><strong>Izogibajte se velikim skupinam turistov.<\/strong>\u00a0in se odpravite na svoj zasebni izlet s kajakom in dihalko v zalivu Saman\u00e1, ki odpluje iz pristani\u0161\u010da Saman\u00e1.<\/p>\n<p>Ob\u010dudujte 40 minut neprimerljivega panoramskega pogleda na zaliv Samana z morja s kajakom in dihalko v kristalno \u010distih vodah bli\u017enje pla\u017ee na znamenitem otoku Cayo Levantado\/Bacardi. Tam, kjer lahko pretegnemo noge in uporabimo komplete za dihalko, je \u0161e en svet za raziskovanje!<br \/>\nPo snorklanju se bomo odpravili na tipi\u010dno dominikansko kosilo na pla\u017ei in odkrivali najlep\u0161i otok v Dominikanski republiki. Dom \u010dudovitega luksuznega hotela, belih pe\u0161\u010denih pla\u017e, bujnega de\u017eevnega gozda in neverjetnih umetnikov, ki ponujajo svoje ro\u010dno izdelane slike in druge izdelke.<\/p>\n<p>Kaj lahko po\u010dnete na otoku?<br \/>\nPlavanje, pohodni\u0161tvo, igranje odbojke, fotografiranje, potapljanje z masko, u\u017eivanje na pla\u017ei ali samo spro\u0161\u010danje v senci in osve\u017eilna pija\u010da (Pi\u00f1a Colada, Coco Loco, Cuba Libre itd.) Obstaja veliko mo\u017enosti za u\u017eivanje na otoku za vsakogar !<\/p>\n<p>Na poti nazaj v Saman\u00e1 spremenimo perspektivo in na\u0161o pozornost pritegnejo podrobnosti, ki jih prej nismo opazili, u\u017eivamo vsak meter pribli\u017eno 40 minut.<\/p>\n<p>Smo edini, ki ponujamo to turnejo v celotni Dominikanski republiki! To edinstveno do\u017eivetje je uresni\u010ditev sanj za ljubitelje narave in morja.<\/p>\n<p><strong>Opomba:<\/strong>\u00a0Ta turneja je zasebna. (Samo vi in va\u0161a dru\u017eina ali prijatelji ter turisti\u010dni vodnik).<\/p>\n<p>&nbsp;<\/p>\n<h4><b>Vklju\u010ditve in izklju\u010ditve<\/b><\/h4>\n<p>&nbsp;<\/p>\n<p><b>Vklju\u010dki<\/b><\/p>\n<p>&nbsp;<\/p>\n<ol>\n<li>Samopostre\u017eno kosilo na pla\u017ei.<\/li>\n<li>Vodi\u010d<\/li>\n<li>kajaki, veslanje na deski<\/li>\n<li>Re\u0161ilni jopi\u010d<\/li>\n<li>Komplet za dihalko<\/li>\n<li>Vsi davki, pristojbine in manipulativni stro\u0161ki.<\/li>\n<li>Lokalni davki<\/li>\n<li>Pija\u010da (steklenica vode na osebo)<\/li>\n<\/ol>\n<p><b>Izklju\u010ditve<\/b><\/p>\n<ol>\n<li>Nasveti<\/li>\n<li>Prevoz z avtomobilom<\/li>\n<li>Alkohol<\/li>\n<\/ol>\n<p>&nbsp;<\/p>\n<h4><em><strong>Odhod in povratek<\/strong><\/em><\/h4>\n<p>To potovanje se za\u010dne ob 8.00 in kon\u010da okoli 16.00. Ker pa bo to zasebno potovanje, lahko nastavite za\u010detni in kon\u010dni \u010das.<\/p>\n<p>Potnik bo dobil zbirali\u0161\u010de po postopku rezervacije. Ogledi se za\u010dnejo in kon\u010dajo na na\u0161ih zbirali\u0161\u010dih.<\/p>\n<p>&nbsp;<\/p>\n<h4><b><i>Kaj pri\u010dakovati?<\/i><\/b><\/h4>\n<p>&nbsp;<\/p>\n<p><em><strong>Zagotovite si vstopnice<\/strong><\/em>\u00a0za kajak in snorklanje v zalivu Samana. 40 minut neprimerljivega panoramskega pogleda na zaliv Saman\u00e1 z morja s kajakom in potapljanjem v kristalno \u010disti vodi bli\u017enje pla\u017ee znamenitega Cayo Levantado\/Bacardi. Tipi\u010dno dominikansko kosilo na pla\u017ei. V sezoni opazovanja kitov je mo\u017enost videti kite grbavce.<\/p>\n<p>Tura s kajakom in dihalko, ki jo organizira &quot;Booking Adventures&quot;, se za\u010dne na zbirnem mestu, ki ga dolo\u010di vodnik. Kosilo na pla\u017ei in kopanje lahko ostanete kolikor \u017eelite. \u010ce ste vegan, vam lahko pripravimo tudi kak\u0161no hrano.<\/p>\n<p><strong>Koledar:<\/strong><\/p>\n<p>8.00 \u2013 16.00<\/p>\n<p>&nbsp;<\/p>\n<h4><em><strong>Kaj morate prinesti?<\/strong><\/em><\/h4>\n<ul>\n<li>Kamera<\/li>\n<li>Brisa\u010do<\/li>\n<li>Za\u0161\u010dita pred soncem<\/li>\n<li>Klobuk<\/li>\n<li>Udobne hla\u010de in \u010devlji.<\/li>\n<li>Sandali za na pla\u017eo<\/li>\n<li>Plavalna obleka<\/li>\n<li>Gotovina za spominke<\/li>\n<\/ul>\n<p>&nbsp;<\/p>\n<h4><b><i>Prevzem v hotelu<\/i><\/b><\/h4>\n<p>Prevzem iz hotela za to turnejo ni na voljo.<\/p>\n<p>&nbsp;<\/p>\n<p><b>Opomba:<\/b>\u00a0\u010ce rezervirate 24 ur pred odhodom ture\/izleta, vam lahko organiziramo hotelski prevzem z dopla\u010dilom. Ko bo va\u0161 nakup opravljen, vam bomo poslali vse kontaktne podatke (telefonsko \u0161tevilko, e-po\u0161tni naslov itd.) na\u0161ega lokalnega vodnika, da se dogovorimo za prevzem.<\/p>\n<h4><b><i>Potrditev dodatnih informacij<\/i><\/b><\/h4>\n<ol>\n<li>Vstopnice so potrdilo po pla\u010dilu tega izleta. Pla\u010dilo lahko prika\u017eete na telefonu.<\/li>\n<li>Zbirno mesto bomo prejeli po opravljeni rezervaciji.<\/li>\n<li>Otroci morajo biti v spremstvu odrasle osebe.<\/li>\n<li>Dostopno z invalidskim vozi\u010dkom<\/li>\n<li>Dojen\u010dki naj sedijo v naro\u010dju.<\/li>\n<li>Ve\u010dina popotnikov je upravi\u010dena do sodelovanja.<\/li>\n<\/ol>\n<h4><b><i>Politika odpovedi<\/i><\/b><\/h4>\n<p>\u010ce \u017eelite povrniti celotno kupnino, prekli\u010dite vsaj 24 ur pred za\u010detnim datumom izku\u0161nje.<\/p>\n<\/div>\n<\/div>\n<\/div>\n<\/div>\n<\/div>\n<\/div>\n<\/div>\n<\/div>\n<\/div>\n<\/div>\n<\/div>\n<\/div>\n<div class=\"vc_row wpb_row vc_row-fluid\">\n<div class=\"wpb_column vc_column_container vc_col-sm-12\">\n<div class=\"vc_column-inner\">\n<div class=\"wpb_wrapper\">\n<div class=\"vc_empty_space\"><\/div>\n<div class=\"wpb_text_column wpb_content_element\">\n<div class=\"wpb_wrapper\">\n<h4>Kontaktiraj nas?<\/h4>\n<h5><b><i>Rezervacije pustolov\u0161\u010din<\/i><\/b><\/h5>\n<p><em>Turisti\u010dni vodniki in storitve gostov.\u00a0<strong>lokalni<\/strong>\u00a0in\u00a0<strong>nacionalni<\/strong><\/em><\/p>\n<p><span class=\"text-turquoise\">Rezervacije:<\/span>\u00a0Ogledi in izleti v Dom. Predstavniki.<\/p>\n<p>\ud83d\udcde Telefon\/Whatsapp\u00a0<a href=\"tel: 1-809-720-6035\">+ 1-809-720-6035<\/a>\u00a0.<\/p>\n<p>\ud83d\udce9\u00a0<a href=\"mailto:info@bookingadventures.com.do\">info@bookingadventures.com.do<\/a><\/p>\n<p><strong>Smo zasebni izleti s prilagodljivo konfiguracijo Whatsapp:\u00a0<a href=\"tel: 18097206035\">+18097206035.<\/a><\/strong><\/p>\n<\/div>\n<\/div>\n<\/div>\n<\/div>\n<\/div>\n<\/div>\n\n\t\t<\/div>\n\t<\/div>\n<\/div><\/div><\/div><\/div>","protected":false},"excerpt":{"rendered":"<p>Zasebna tura s kajakom in snorklanjem v zalivu Samana v Dominikanski republiki z lokalnimi turisti\u010dnimi vodniki. Prosto nastavite za\u010detni \u010das, ki vam najbolj ustreza. Rezervirajte ta izlet v zaliv Samana zdaj in do\u017eivite pravo karibsko pustolov\u0161\u010dino.<\/p>\n<p>Opomba: ta ogled je zaseben!<\/p>\n<p>&nbsp;<\/p>\n<p><em><strong>Izberite datum izleta:<\/strong><\/em><\/p>","protected":false},"featured_media":13413,"template":"","meta":[],"product_cat":[255,946,655],"product_tag":[184,328,208,327,187,342,433,276],"class_list":["post-11569","product","type-product","status-publish","has-post-thumbnail","hentry","product_cat-tours-excursions-samana-bay-dominican-republic","product_cat-1-sabana-de-la-mar","product_cat-1-samana","product_tag-bacardi-island","product_tag-cayo-levantado-day-pass","product_tag-kayaking-dominican-republic","product_tag-private-tours-samana","product_tag-samana-tours","product_tag-samana-whale-watching","product_tag-snorkeling","product_tag-whale-samana"],"_links":{"self":[{"href":"https:\/\/www.boattoursamana.com\/sl\/wp-json\/wp\/v2\/product\/11569","targetHints":{"allow":["GET"]}}],"collection":[{"href":"https:\/\/www.boattoursamana.com\/sl\/wp-json\/wp\/v2\/product"}],"about":[{"href":"https:\/\/www.boattoursamana.com\/sl\/wp-json\/wp\/v2\/types\/product"}],"wp:featuredmedia":[{"embeddable":true,"href":"https:\/\/www.boattoursamana.com\/sl\/wp-json\/wp\/v2\/media\/13413"}],"wp:attachment":[{"href":"https:\/\/www.boattoursamana.com\/sl\/wp-json\/wp\/v2\/media?parent=11569"}],"wp:term":[{"taxonomy":"product_cat","embeddable":true,"href":"https:\/\/www.boattoursamana.com\/sl\/wp-json\/wp\/v2\/product_cat?post=11569"},{"taxonomy":"product_tag","embeddable":true,"href":"https:\/\/www.boattoursamana.com\/sl\/wp-json\/wp\/v2\/product_tag?post=11569"}],"curies":[{"name":"wp","href":"https:\/\/api.w.org\/{rel}","templated":true}]}}