{"id":11750,"date":"2020-12-03T12:24:44","date_gmt":"2020-12-03T12:24:44","guid":{"rendered":"https:\/\/www.ticketswhales.com\/?post_type=product&#038;p=11750"},"modified":"2023-11-07T21:25:16","modified_gmt":"2023-11-07T21:25:16","slug":"bahia-de-las-aguilas-beach-day-trip-by-boat-day-pass-pedernales","status":"publish","type":"product","link":"https:\/\/www.boattoursamana.com\/sl\/turneja\/enodnevni-izlet-z-ladjo-na-plazo-bahia-de-las-aguilas-dnevna-vozovnica-pedernales","title":{"rendered":"Bah\u00eda de las Aguilas: enodnevni izlet z ladjo ob pla\u017ei \u2013 dnevna karta \u2013 Pedernales"},"content":{"rendered":"<div class=\"vc_row wpb_row vc_row-fluid\" ><div class=\"wpb_column vc_column_container vc_col-sm-12\"><div class=\"vc_column-inner\"><div class=\"wpb_wrapper\"><div class=\"vc_btn3-container vc_btn3-inline\" ><button class=\"vc_general vc_btn3 vc_btn3-size-md vc_btn3-shape-rounded vc_btn3-style-modern vc_btn3-color-green\">REZERVIRAJTE ZDAJ<\/button><\/div><div class=\"mkdf-section-title-holder\" style=\"text-align: left\">\n\t<div class=\"mkdf-st-inner\">\n\t\t\t\t\t<h5 class=\"mkdf-st-subtitle\" >\n\t\t\t\tDnevna vstopnica - potapljanje z masko in kosilo\t\t\t<\/h5>\n\t\t\t\t\t\t\t<h3 class=\"mkdf-st-title\" >\n\t\t\t\tBah\u00eda de las Aguilas: enodnevni izlet z ladjo na pla\u017eo\t\t\t<\/h3>\n\t\t\t\t\t<\/div>\n<\/div><\/div><\/div><\/div><\/div><div class=\"vc_row wpb_row vc_row-fluid\" ><div class=\"wpb_column vc_column_container vc_col-sm-12\"><div class=\"vc_column-inner\"><div class=\"wpb_wrapper\">\n\t<div class=\"wpb_text_column wpb_content_element\" >\n\t\t<div class=\"wpb_wrapper\">\n\t\t\t<h4><b><i>Pregled<\/i><\/b><\/h4>\n<p>U\u017eivajte v dnevu na pla\u017ei in pustite razpolo\u017eenju, dale\u010d stran od turisti\u010dnih obmo\u010dij in vsega stresa. Pridite in odkrijte narodni park Jaragua in Bahia de las \u00c1guilas. Vo\u017enja po lepi cesti s \u010dudovitim razgledom na majhno pristani\u0161\u010de in ribi\u0161ko vasico Cabo Rojo. V Las Cuevasu se vkrcate na ladjo, ki vas popelje na 15 minutno vo\u017enjo do ene najlep\u0161ih naravnih pla\u017e na svetu. Pesek Bah\u00eda de las Aguilas je nedotaknjen in zaliv pokriva 8 km. Do\u017eivite izjemno obalno pokrajino s kristalno \u010disto vodo, ki sije v odtenkih od turkizne do opalno modre, ki se topi v obzorju. Kosilo vam postre\u017eejo na pla\u017ei, pojdite na plavanje ali potapljanje z masko in razi\u0161\u010dite ta nedotaknjeni naravni raj.<\/p>\n<p>&nbsp;<\/p>\n<ul>\n<li>Lokalni vodnik z varnostnimi izku\u0161njami na tem obmo\u010dju.<\/li>\n<li>Privatni prevoz<\/li>\n<li>Pristojbine vklju\u010dene<\/li>\n<li>Kosilo<\/li>\n<li>Lokalni turisti\u010dni vodnik v \u0161pan\u0161\u010dini, angle\u0161\u010dini ali franco\u0161\u010dini.<\/li>\n<li>Pohodni\u0161tvo<\/li>\n<li>Potapljanje z masko<\/li>\n<\/ul>\n<h4><b>Vklju\u010ditve in izklju\u010ditve<\/b><\/h4>\n<p>&nbsp;<\/p>\n<p><b>Vklju\u010dki<\/b><\/p>\n<ol>\n<li>Lokalni vodnik z izku\u0161njami na podro\u010dju varnosti na tem obmo\u010dju.<\/li>\n<li>Privatni prevoz za manj\u0161e skupine<\/li>\n<li>Vsi davki, pristojbine in manipulativni stro\u0161ki<\/li>\n<li>Lokalni davki<\/li>\n<li>Kosilo<\/li>\n<li>Pohodni\u0161tvo<\/li>\n<li>Naravni bazeni<\/li>\n<li>Potapljanje z masko<\/li>\n<li>Vse dejavnosti<\/li>\n<\/ol>\n<p><b>Izklju\u010ditve<\/b><\/p>\n<ol>\n<li>Napitnine<\/li>\n<li>Vse pija\u010de<\/li>\n<\/ol>\n<h4><em><strong>Odhod in povratek<\/strong><\/em><\/h4>\n<p>Potnik bo dobil zbirali\u0161\u010de po opravljenem postopku rezervacije. Ogledi se za\u010dnejo in kon\u010dajo na na\u0161ih zbirali\u0161\u010dih.<\/p>\n<h2 class=\"styles__heading___mD4_3\" data-radium=\"true\">Bah\u00eda de las Aguilas: enodnevni izlet na pla\u017eo z ladjo \u2013 dnevna vstopnica \u2013 potapljanje z masko in kosilo<\/h2>\n<h4><em>Kaj pri\u010dakovati?<\/em><\/h4>\n<p>Playa de las Aguilas je dobila ime po avtohtonem orlu. Tura poteka z zasebnim prevozom iz Bahie de las Aguilas, kjer vam omogo\u010da odkrivanje naravnih \u010dudes te afrodizia\u010dne pla\u017ee na zelo druga\u010den in trajnosten na\u010din. Pre\u017eivite dan na izletu v naravi po ju\u017enem delu dr\u017eave, kjer boste spoznali Bahio de las Aguila, eno najlep\u0161ih pla\u017e v Dominikanski republiki, kamor bomo z gliserjem prispeli na to rajsko pla\u017eo, obmo\u010dje popolnoma za\u0161\u010diten z okoljsko zakonodajo. Pre\u017eivite spro\u0161\u010dujo\u010d \u010das v Bahia de las Aguilas, nenaseljenem naravnem rezervatu in nacionalnem parku, ter u\u017eivajte v kosilu z \u017eara v jamah.<\/p>\n<p>Mirno morje in rahel veter vam bosta prepre\u010dila, da bi preve\u010d trpeli zaradi sonca in vro\u010dine. Postanite raziskovalec za en dan in odkrijte ekolo\u0161ki, naraven in popolnoma neokrnjen raj. Opazujete lahko ve\u010d kot 130 vrst ptic, od tega jih 76 stalno \u017eivi v zalivu, 10 je endemi\u010dnih in 47 selivk.<\/p>\n<p>08.30 \u2013 Odhod iz zbirnega mesta<br \/>\n08.45 \u2013 Odhod z ladjo iz vasi La Cueva do Bahia de las Aguilas<br \/>\n12.30 \u2013 Tipi\u010dno kosilo na pla\u017ei<br \/>\n03.00 \u2013 Vrnitev v La Cueva<br \/>\n05.30 \u2013 Prihod na zbirno mesto<\/p>\n<h4><em><strong>Kaj morate prinesti?<\/strong><\/em><\/h4>\n<ul>\n<li>Kamera<\/li>\n<li>Odganjalni popki<\/li>\n<li>Son\u010dna krema<\/li>\n<li>voda<\/li>\n<li>Klobuk<\/li>\n<li>Udobne hla\u010de<\/li>\n<li>Pohodni\u0161ki \u010devlji za gozd<\/li>\n<li>Sandali za pomladna obmo\u010dja.<\/li>\n<li>Kopalna obla\u010dila<\/li>\n<\/ul>\n<p>&nbsp;<\/p>\n<h4><b><i>Prevzem v hotelu<\/i><\/b><\/h4>\n<p>Za to turnejo je na voljo hotelski prevoz z dopla\u010dilom.<\/p>\n<p><b>Opomba:<\/b> \u010ce rezervirate v 24 urah po \u010dasu odhoda potovanja\/izleta, lahko organiziramo prevzem iz hotela. Samo poberemo na obmo\u010dju Pedernales. Ko bo va\u0161 nakup opravljen, vam bomo poslali popolne kontaktne podatke (telefonsko \u0161tevilko, e-po\u0161tni naslov itd.) za na\u0161ega lokalnega turisti\u010dnega vodnika, ki bo organiziral prevzem.<\/p>\n<h4><b><i>Potrditev dodatnih informacij<\/i><\/b><\/h4>\n<ol>\n<li>Vstopnice so potrdilo po pla\u010dilu tega izleta. Pla\u010dilo lahko prika\u017eete na telefonu.<\/li>\n<li>Zbirno mesto bo prejeto po opravljenem postopku rezervacije.<\/li>\n<li>Otroci morajo biti v spremstvu odrasle osebe.<\/li>\n<li>Ni dostopno z invalidskim vozi\u010dkom<\/li>\n<li>Dojen\u010dki morajo sedeti v naro\u010dju<\/li>\n<li>Ni priporo\u010dljivo za popotnike s te\u017eavami s hrbtom<\/li>\n<li>Ni priporo\u010dljivo za nose\u010dnice<\/li>\n<li>Brez te\u017eav s srcem ali drugih resnih zdravstvenih te\u017eav<\/li>\n<li>Ve\u010dina popotnikov lahko sodeluje<\/li>\n<\/ol>\n<h4><b><i>Politika odpovedi<\/i><\/b><\/h4>\n<p>Za celotno vra\u010dilo preberite na\u0161e pravilnike o odpovedih\u00a0<a href=\"https:\/\/www.boattoursamana.com\/sl\/spletna-rezervacija\/\" target=\"_blank\" rel=\"noopener\" data-saferedirecturl=\"https:\/\/www.google.com\/url?q=https:\/\/www.boattoursamana.com\/online-booking\/&amp;source=gmail&amp;ust=1672449202351000&amp;usg=AOvVaw1yAeVAPktmaVCqDujgUn90\">Klikni tukaj<\/a>. Sredstva bodo izgubljena, \u010de je rezervacija odpovedana isti dan potovanja.<\/p>\n\n\t\t<\/div>\n\t<\/div>\n<\/div><\/div><\/div><\/div><div class=\"vc_row wpb_row vc_row-fluid\" ><div class=\"wpb_column vc_column_container vc_col-sm-12\"><div class=\"vc_column-inner\"><div class=\"wpb_wrapper\"><div class=\"vc_btn3-container vc_btn3-inline\" ><button class=\"vc_general vc_btn3 vc_btn3-size-md vc_btn3-shape-rounded vc_btn3-style-modern vc_btn3-color-green\">REZERVIRAJTE ZDAJ<\/button><\/div><\/div><\/div><\/div><\/div>","protected":false},"excerpt":{"rendered":"<p><span style=\"vertical-align: inherit;\"><span style=\"vertical-align: inherit;\">Kupite dnevno vozovnico za Bahia las Aguilas iz obmo\u010dij Pedernales. U\u017eivajte v dnevu na pla\u017ei in se prepustite razpolo\u017eenju, stran od turisti\u010dnih obmo\u010dij in vsega stresa. Pridite in odkrijte nacionalni park Jaragua in Bah\u00eda de las \u00c1guilas. Vo\u017enja po lepi cesti s \u010dudovitim razgledom na majhno pristani\u0161\u010de in ribi\u0161ko vasico Cabo Rojo. V Las Cuevasu se boste vkrcali na ladjo, ki vas bo popeljala na 15-minutno vo\u017enjo do ene najlep\u0161ih naravnih pla\u017e na svetu. Pesek zaliva Eagles je neokrnjen in zaliv obsega 8 km.<\/span><\/span><\/p>\n<p>Do\u017eivite izjemno obalno pokrajino s kristalno \u010distimi vodami, ki se lesketajo v odtenkih od turkizne do opalno modre, ki se topi na obzorju. Kosilo vam postre\u017eejo na pla\u017ei, plavajte ali potapljajte in razi\u0161\u010dite ta neokrnjeni naravni raj.<\/p>\n<p><em><strong>Izberite dan za to potovanje:<\/strong><\/em><\/p>","protected":false},"featured_media":9739,"template":"","meta":[],"product_cat":[549,160],"product_tag":[557,554,555,563,560,556,564,559,553,567,566,561,565,558,562],"class_list":["post-11750","product","type-product","status-publish","has-post-thumbnail","hentry","product_cat-bahia-de-las-aguilas-dominican-republic","product_cat-lunch","product_tag-bahia-de-las-aguilas","product_tag-bahia-de-las-aguilas-pedernales","product_tag-bahia-de-las-aguilas-beach-tour","product_tag-bahia-de-las-aguilas-hoteles","product_tag-bahia-de-las-aguilas-map","product_tag-bahia-de-las-aguilas-private-tour","product_tag-bahia-de-las-aguilas-republica-dominicana-hotel","product_tag-bahia-de-las-aguilas-tour-from-punta-cana","product_tag-bahia-de-las-aguilas-beach-day-trip-by-boat","product_tag-bahia-las-aguilas-tours","product_tag-barahona-tours","product_tag-closest-airport-to-bahia-de-las-aguilas","product_tag-hotel-barahona","product_tag-playa-bahia-de-las-aguilas-dominican-republic","product_tag-tours-a-bahia-de-las-aguilas-desde-santo-domingo"],"_links":{"self":[{"href":"https:\/\/www.boattoursamana.com\/sl\/wp-json\/wp\/v2\/product\/11750","targetHints":{"allow":["GET"]}}],"collection":[{"href":"https:\/\/www.boattoursamana.com\/sl\/wp-json\/wp\/v2\/product"}],"about":[{"href":"https:\/\/www.boattoursamana.com\/sl\/wp-json\/wp\/v2\/types\/product"}],"wp:featuredmedia":[{"embeddable":true,"href":"https:\/\/www.boattoursamana.com\/sl\/wp-json\/wp\/v2\/media\/9739"}],"wp:attachment":[{"href":"https:\/\/www.boattoursamana.com\/sl\/wp-json\/wp\/v2\/media?parent=11750"}],"wp:term":[{"taxonomy":"product_cat","embeddable":true,"href":"https:\/\/www.boattoursamana.com\/sl\/wp-json\/wp\/v2\/product_cat?post=11750"},{"taxonomy":"product_tag","embeddable":true,"href":"https:\/\/www.boattoursamana.com\/sl\/wp-json\/wp\/v2\/product_tag?post=11750"}],"curies":[{"name":"wp","href":"https:\/\/api.w.org\/{rel}","templated":true}]}}