{"id":11778,"date":"2020-12-13T08:28:52","date_gmt":"2020-12-13T08:28:52","guid":{"rendered":"https:\/\/www.ticketswhales.com\/?post_type=product&#038;p=11778"},"modified":"2023-11-07T21:16:27","modified_gmt":"2023-11-07T21:16:27","slug":"hiking-trails-in-barahona-dominican-republic-cachote-mountains-tropical-fruits-swim","status":"publish","type":"product","link":"https:\/\/www.boattoursamana.com\/sl\/turneja\/pohodniske-poti-v-barahoni-dominikanska-republika-gore-cachote-tropsko-sadje-plavanje","title":{"rendered":"Pohodni\u0161ke poti v Barahoni (Dominikanska republika). Gore Cachote, tropsko sadje in plavanje"},"content":{"rendered":"<div class=\"vc_row wpb_row vc_row-fluid\" ><div class=\"wpb_column vc_column_container vc_col-sm-12\"><div class=\"vc_column-inner\"><div class=\"wpb_wrapper\">\n\t<div class=\"wpb_text_column wpb_content_element\" >\n\t\t<div class=\"wpb_wrapper\">\n\t\t\t<p><span style=\"vertical-align: inherit;\"><span style=\"vertical-align: inherit;\"><\/p>\n\n\t\t<\/div>\n\t<\/div>\n<div class=\"vc_btn3-container vc_btn3-inline\" ><button class=\"vc_general vc_btn3 vc_btn3-size-md vc_btn3-shape-rounded vc_btn3-style-modern vc_btn3-color-green\">REZERVIRAJTE ZDAJ<\/button><\/div>\n\t<div class=\"wpb_text_column wpb_content_element\" >\n\t\t<div class=\"wpb_wrapper\">\n\t\t\t<p><\/span><\/span><\/p>\n<div class=\"vc_row wpb_row vc_row-fluid\">\n<div class=\"wpb_column vc_column_container vc_col-sm-12\">\n<div class=\"vc_column-inner\">\n<div class=\"wpb_wrapper\">\n<div class=\"mkdf-section-title-holder\">\n<div class=\"mkdf-st-inner\">\n<h5 class=\"mkdf-st-subtitle\">Gore Cachote, tropsko sadje in plavanje<\/h5>\n<h3 class=\"mkdf-st-title\">Pohodni\u0161ke poti v Barahoni (Dominikanska republika).<\/h3>\n<\/div>\n<\/div>\n<\/div>\n<\/div>\n<\/div>\n<\/div>\n<div class=\"vc_row wpb_row vc_row-fluid\">\n<div class=\"wpb_column vc_column_container vc_col-sm-12\">\n<div class=\"vc_column-inner\">\n<div class=\"wpb_wrapper\">\n<div class=\"wpb_text_column wpb_content_element\">\n<div class=\"wpb_wrapper\">\n<h4><b><i>Pregled<\/i><\/b><\/h4>\n<p>U\u017eivajte v dnevnem pohodni\u0161tvu v gorah Cachote v Barahoni. Za\u010den\u0161i s skupnostjo Paraiso. Spoznavanje obmo\u010dij nasadov kave. Kopanje v naravnih vrelcih in eni najlep\u0161ih pla\u017e v Dominikanski republiki s slikovitimi fotografijami.<\/p>\n<h4><b>Vklju\u010ditve in izklju\u010ditve<\/b><\/h4>\n<p>&nbsp;<\/p>\n<p><b>Vklju\u010dki<\/b><\/p>\n<ol>\n<li>Lokalni vodnik z varnostnimi izku\u0161njami na tem obmo\u010dju.<\/li>\n<li>Privatni prevoz za manj\u0161e skupine<\/li>\n<li>Vsi davki, pristojbine in manipulativni stro\u0161ki<\/li>\n<li>Prevzem \/ prevoz iz va\u0161ega hotela (obmo\u010dje Barahona \/ Para\u00edso \/ Los Patos)<\/li>\n<li>Lokalni vodnik, ki govori angle\u0161ko ali francosko<\/li>\n<li>Tipi\u010dno kosilo (tipa sendvi\u010dev) in steklenica vode<\/li>\n<li>Lokalni davki<\/li>\n<li>Pohodni\u0161tvo<\/li>\n<li>Naravni bazeni<\/li>\n<\/ol>\n<p><b>Izklju\u010ditve<\/b><\/p>\n<ol>\n<li>Napitnine<\/li>\n<li>Vse pija\u010de<\/li>\n<li>Vse storitve, ki niso posebej navedene<\/li>\n<li>Osebni stro\u0161ki in napitnine<\/li>\n<\/ol>\n<h4><em><strong>Odhod in povratek<\/strong><\/em><\/h4>\n<p>Potnik bo dobil zbirali\u0161\u010de po opravljenem postopku rezervacije. Ogledi se za\u010dnejo in kon\u010dajo na na\u0161ih zbirali\u0161\u010dih.<\/p>\n<p>Te\u017eavnost: srednje zahtevna<br \/>\nTrajanje hoje: 5-6 ur<br \/>\nNadmorska vi\u0161ina: 800 metrov<br \/>\nOdhod iz hotela: 08.00<br \/>\nPovratek v hotel: 17.00<\/p>\n<h2 class=\"styles__heading___mD4_3\" data-radium=\"true\">Pohodni\u0161ke poti v Barahoni (Dominikanska republika). Gore Cachote, tropsko sadje in plavanje<\/h2>\n<h4><em>Kaj pri\u010dakovati?<\/em><\/h4>\n<p>Ta sprehod bomo za\u010deli v mestu Ojeda, ki slovi po odli\u010dni pridelavi zna\u010dilnega karibskega sadja in zelenjave. Na poti lahko poskusimo avokado, pomaran\u010de, grenivke, limone, guave, mango, papajo, sapote in kislo sok!<\/p>\n<p>Po 1 uri in pol vzpona bomo dosegli impresiven razgled na mesto Para\u00edso, Riosito in visoke gore Cachote.<\/p>\n<p>Plezanje bomo nadaljevali v hladnej\u0161em in bolj vla\u017enem podnebju, dokler ne pridemo do mesta Barrio Nuevo, kjer bomo imeli kosilo.<\/p>\n<p>Popoldan bomo pre\u010dkali veli\u010dastno farmo kave na vrhu gore na 800 metrih nadmorske vi\u0161ine. Nato se bomo spu\u0161\u010dali za 1 uro do soteske Riosito, kjer se bomo lahko okopali v \u010dudovitem naravnem bazenu, obdanem s tropskim gozdom.<\/p>\n<p>Nadaljujte s hojo skozi dolino Riosito in zaklju\u010dite dan s kopanjem na pla\u017ei Paraiso.<\/p>\n<h4><em><strong>Kaj morate prinesti?<\/strong><\/em><\/h4>\n<ul>\n<li>Kamera<\/li>\n<li>Odganjalni popki<\/li>\n<li>Son\u010dna krema<\/li>\n<li>Strani\u0161\u010de<\/li>\n<li>Klobuk<\/li>\n<li>Udobne hla\u010de<\/li>\n<li>Pohodni\u0161ki \u010devlji za gozd<\/li>\n<li>Sandali za pomladna obmo\u010dja.<\/li>\n<li>Kopalna obla\u010dila<\/li>\n<\/ul>\n<p>&nbsp;<\/p>\n<h4><b><i>Prevzem hotela<\/i><\/b><\/h4>\n<p>Za to turnejo je na voljo prevzem iz hotela. Prevzem\/prevoz iz va\u0161ega hotela (obmo\u010dje Barahona\/Paraiso\/Los Patos).<\/p>\n<p><b>Opomba:<\/b>\u00a0\u010ce ste rezervirani v 24 urah po \u010dasu odhoda potovanja\/izleta, lahko organiziramo prevzem iz hotela. Prevzamemo samo na obmo\u010djih Barahone. Ko bo va\u0161 nakup opravljen, vam bomo poslali popolne kontaktne podatke (telefonsko \u0161tevilko, e-po\u0161tni naslov itd.) za na\u0161ega lokalnega turisti\u010dnega vodnika, ki bo organiziral prevzem.<\/p>\n<h4><b><i>Potrditev dodatnih informacij<\/i><\/b><\/h4>\n<ol>\n<li>Vstopnice so potrdilo po pla\u010dilu tega izleta. Pla\u010dilo lahko prika\u017eete na telefonu.<\/li>\n<li>Zbirno mesto bo prejeto po opravljenem postopku rezervacije.<\/li>\n<li>Otroci morajo biti v spremstvu odrasle osebe.<\/li>\n<li>Ni dostopno z invalidskim vozi\u010dkom<\/li>\n<li>Dojen\u010dki morajo sedeti v naro\u010dju<\/li>\n<li>Ni priporo\u010dljivo za popotnike s te\u017eavami s hrbtom<\/li>\n<li>Ni priporo\u010dljivo za nose\u010dnice<\/li>\n<li>Brez te\u017eav s srcem ali drugih resnih zdravstvenih te\u017eav<\/li>\n<li>Ve\u010dina popotnikov lahko sodeluje<\/li>\n<\/ol>\n<h4><b><i>Politika odpovedi<\/i><\/b><\/h4>\n<p>Za polno povra\u010dilo prekli\u010dite vsaj 72 ur pred datumom za\u010detka do\u017eivetja. Sredstva bodo izgubljena, \u010de je rezervacija odpovedana isti dan potovanja.<\/p>\n<\/div>\n<\/div>\n<\/div>\n<\/div>\n<\/div>\n<\/div>\n\n\t\t<\/div>\n\t<\/div>\n<\/div><\/div><\/div><\/div><div class=\"wpb_column vc_column_container vc_col-sm-12\"><div class=\"vc_column-inner\"><div class=\"wpb_wrapper\"><\/div><\/div><\/div><div class=\"wpb_column vc_column_container vc_col-sm-12\"><div class=\"vc_column-inner\"><div class=\"wpb_wrapper\"><\/div><\/div><\/div>","protected":false},"excerpt":{"rendered":"<p>Kupite dnevno vozovnico za Bahia las Aguilas iz Barahone. Vo\u017enja skozi nacionalni park Jaragua in vo\u017enja do Cabo Rojo, kjer vas \u010daka ladja. Po 15 minutah vo\u017enje z ladjico boste prispeli do \u010dudovite in osamljene pla\u017ee Bah\u00eda de las \u00c1guilas, ki velja za najlep\u0161o pla\u017eo v dr\u017eavi. Kosilo bo postre\u017eeno na pla\u017ei in imeli boste mo\u017enost plavanja ali samo sprostitve na pla\u017ei. U\u017eivajte v nedotaknjenem belem pesku te 8 km dolge pla\u017ee.<\/p>\n<p>&nbsp;<\/p>\n<p><strong>Izberite dan za to potovanje:<\/strong><\/p>","protected":false},"featured_media":11651,"template":"","meta":[],"product_cat":[160,847],"product_tag":[850,566,849,848],"class_list":["post-11778","product","type-product","status-publish","has-post-thumbnail","hentry","product_cat-lunch","product_cat-barahona","product_tag-barahona-hiking","product_tag-barahona-tours","product_tag-cachote-tour","product_tag-paraiso-tour"],"_links":{"self":[{"href":"https:\/\/www.boattoursamana.com\/sl\/wp-json\/wp\/v2\/product\/11778","targetHints":{"allow":["GET"]}}],"collection":[{"href":"https:\/\/www.boattoursamana.com\/sl\/wp-json\/wp\/v2\/product"}],"about":[{"href":"https:\/\/www.boattoursamana.com\/sl\/wp-json\/wp\/v2\/types\/product"}],"wp:featuredmedia":[{"embeddable":true,"href":"https:\/\/www.boattoursamana.com\/sl\/wp-json\/wp\/v2\/media\/11651"}],"wp:attachment":[{"href":"https:\/\/www.boattoursamana.com\/sl\/wp-json\/wp\/v2\/media?parent=11778"}],"wp:term":[{"taxonomy":"product_cat","embeddable":true,"href":"https:\/\/www.boattoursamana.com\/sl\/wp-json\/wp\/v2\/product_cat?post=11778"},{"taxonomy":"product_tag","embeddable":true,"href":"https:\/\/www.boattoursamana.com\/sl\/wp-json\/wp\/v2\/product_tag?post=11778"}],"curies":[{"name":"wp","href":"https:\/\/api.w.org\/{rel}","templated":true}]}}