{"id":12091,"date":"2021-02-05T16:38:28","date_gmt":"2021-02-05T16:38:28","guid":{"rendered":"https:\/\/www.ticketswhales.com\/?post_type=product&#038;p=12091"},"modified":"2023-11-07T21:00:20","modified_gmt":"2023-11-07T21:00:20","slug":"27-waterfalls-buggies-tour-puerto-plata","status":"publish","type":"product","link":"https:\/\/www.boattoursamana.com\/sl\/turneja\/27-slapov-buggies-turneja-puerto-plata","title":{"rendered":"27 slapov Buggies (pohodni\u0161tvo in plavanje)"},"content":{"rendered":"<div class=\"vc_row wpb_row vc_row-fluid\" ><div class=\"wpb_column vc_column_container vc_col-sm-12\"><div class=\"vc_column-inner\"><div class=\"wpb_wrapper\"><div class=\"mkdf-section-title-holder\" style=\"text-align: left\">\n\t<div class=\"mkdf-st-inner\">\n\t\t\t\t\t<h5 class=\"mkdf-st-subtitle\" >\n\t\t\t\tKosilo vklju\u010deno\t\t\t<\/h5>\n\t\t\t\t\t\t\t<h3 class=\"mkdf-st-title\" >\n\t\t\t\t27 Waterfalls Buggies Tour Puerto Plata\t\t\t<\/h3>\n\t\t\t\t\t<\/div>\n<\/div><div class=\"vc_message_box vc_message_box-standard vc_message_box-rounded vc_color-info\" ><div class=\"vc_message_box-icon\"><i class=\"fas fa-info-circle\"><\/i><\/div><p>Rezervirajte samo vstopnice ali s prevozom: <a href=\"https:\/\/www.boattoursamana.com\/sl\/?s=27+waterfalls&amp;post_type=product&amp;dgwt_wcas=1\">Klikni tukaj.<\/a><\/p>\n<\/div><div class=\"vc_empty_space\"   style=\"height: 32px\"><span class=\"vc_empty_space_inner\"><\/span><\/div><\/div><\/div><\/div><\/div><div class=\"vc_row wpb_row vc_row-fluid\" ><div class=\"wpb_column vc_column_container vc_col-sm-12\"><div class=\"vc_column-inner\"><div class=\"wpb_wrapper\"><div class=\"vc_btn3-container vc_btn3-inline\" ><button class=\"vc_general vc_btn3 vc_btn3-size-md vc_btn3-shape-rounded vc_btn3-style-modern vc_btn3-color-green\">REZERVIRAJTE ZDAJ<\/button><\/div>\n\t<div class=\"wpb_text_column wpb_content_element\" >\n\t\t<div class=\"wpb_wrapper\">\n\t\t\t<h2 class=\"ui_header h1 attractions-product-info-ProductTitle__title--1qM0o\">27 Waterfalls Buggies Tour Puerto Plata<\/h2>\n<p><b><i>Pregled <\/i><\/b><\/p>\n<p>Zagotovite si vstopnice za Buggies v Puerto Plati po najni\u017eji ceni slapov damajagua. Obmo\u010dja Damajagua z najbolj\u0161imi <strong data-key=\"puerto plata waterfall excursion\">izlet s slapom Puerto Plata.\u00a0<\/strong><\/p>\n<p>Ni bolj razburljivega na\u010dina za raziskovanje divjega dominikanskega pode\u017eelja kot eden od teh vozi\u010dkov na turneji, ki jo predstavljajo doma\u010dini. Podajte se na brezpotja s 27 gozdnimi obmo\u010dji s slapovi in plavajte v reki ali na pla\u017ei na tej poldnevni jutranji avanturi.<\/p>\n<p>Po strokovnih navodilih je \u010das, da se odpravite na pot in se podate na pode\u017eelje. Med hitrim spu\u0161\u010danjem po pra\u0161nih poteh v d\u017eungli boste \u0161li mimo nasadov palm, rustikalnih kmetijskih zemlji\u0161\u010d in vasi \u2013 dale\u010d stran od uhojenih poti.<\/p>\n<p>Na voljo bo nekaj postankov, kjer si lahko privo\u0161\u010dite sve\u017e kokos za na pot, \u010de boste \u017eejni. Poleg tega se boste tako ali druga\u010de umazali, zato vzemite svoje kopalke in se ohladite na pla\u017ei ali naravni reki \u2013 \u010dudovit na\u010din za brisanje prahu. Razburljiv dan si boste lahko poplaknili tudi z brezpla\u010dnim ledeno mrzlim pivom ali koktajlom v bazi. Kontaktirajte nas za na\u0161e <strong>kombinacija slapov damajagua in terenskega vozi\u010dka<\/strong> .<\/p>\n<ul>\n<li style=\"font-weight: 400;\">Pristojbine vklju\u010dene<\/li>\n<li>Kosilo<\/li>\n<li>Prigrizki<\/li>\n<li style=\"font-weight: 400;\">Lokalni turisti\u010dni vodnik v angle\u0161\u010dini<\/li>\n<\/ul>\n<p>&nbsp;<\/p>\n<h4><b>Vklju\u010ditve in izklju\u010ditve<\/b><\/h4>\n<p>&nbsp;<\/p>\n<p><b>Vklju\u010dki<\/b><\/p>\n<ol>\n<li>Kosilo<\/li>\n<li style=\"font-weight: 400;\"><span style=\"font-weight: 400;\">Vsi davki, pristojbine in manipulativni stro\u0161ki<\/span><\/li>\n<li style=\"font-weight: 400;\"><span style=\"font-weight: 400;\">Lokalni davki<\/span><\/li>\n<li style=\"font-weight: 400;\"><span style=\"font-weight: 400;\">pija\u010de<\/span><\/li>\n<li>Prigrizki<\/li>\n<li style=\"font-weight: 400;\"><span style=\"font-weight: 400;\">Vse dejavnosti<\/span><\/li>\n<li style=\"font-weight: 400;\"><span style=\"font-weight: 400;\">Lokalni vodnik<\/span><\/li>\n<\/ol>\n<p><b> Izklju\u010ditve<\/b><\/p>\n<ol>\n<li style=\"font-weight: 400;\"><span style=\"font-weight: 400;\">Napitnine<\/span><\/li>\n<li>prevoz (nastavite tako, da nas kontaktirate)<\/li>\n<li style=\"font-weight: 400;\"><span style=\"font-weight: 400;\">Alkoholne pija\u010de<\/span><\/li>\n<\/ol>\n<p>&nbsp;<\/p>\n<p><em><strong>Odhod in povratek<\/strong><\/em><\/p>\n<p><span style=\"font-weight: 400;\">Potnik bo dobil zbirali\u0161\u010de po opravljenem postopku rezervacije. Ogledi se za\u010dnejo in kon\u010dajo na na\u0161ih zbirali\u0161\u010dih.<\/span><\/p>\n<h4><\/h4>\n<h3 class=\"ui_header h1 attractions-product-info-ProductTitle__title--1qM0o\">27 slapov Damajagua Puerto Plata ogledi izleti<\/h3>\n<p><b><i>Kaj pri\u010dakovati?<\/i><\/b><\/p>\n<div class=\"apd_content_block\" data-tab=\"TABS_OVERVIEW\"><\/div>\n<div data-tab=\"TABS_WHAT_TO_EXPECT\">\n<div class=\"ui_card attractions-card-CollapsibleProductDetailsCard__cardContainer--3r2wk attractions-card-CollapsibleProductDetailsCard__cleanslateOverrideDT--2AJh0\">\n<div class=\"attractions-card-CollapsibleCard__content--2Ws8q\">\n<div class=\"attractions-card-CollapsibleCard__contentWrap--374jk attractions-card-CollapsibleCard__titleUnderline--1uHze\">\n<div class=\"attractions-card-CollapsibleProductDetailsCard__cardContent--23ext\">\n<div class=\"common-text-ReadMore__readMore--3Iu8c common-text-ReadMore__variantFadeOut--1tInd\">\n<div class=\"common-text-ReadMore__content--2X4LR\">\n<div class=\"ui_columns is-desktop\">\n<div class=\"ui_column\">\n<p>Damajagua Buggy&#039;s<\/p>\n<p>Za\u017eenimo na\u0161e motorje in za\u010dnimo vznemirljivo pot po blatnih poteh, tropskih gozdovih in rekah. To je uro in pol dolga tura med 10 in 15 kilometri.<\/p>\n<p>Prvi postanek bo na reki Bajabonico v skupnosti Bellaco. Na poti boste lahko nabrali nekaj sadja in celo jedli lokalne polpete.<\/p>\n<p>Pot z buggyji bomo nadaljevali do skupnosti Bajabonico Arriba, kjer jih lahko poskusimo\u00a0 <strong>slapovi damajagua temperatura vode.<\/strong> Palmar Grande in Los Felix. Ko se vozimo znotraj teh skupnosti, moramo upo\u010dasniti hitrost zaradi otrok, \u017eivali in lokalnih ljudi, ki \u017eivijo svoje obi\u010dajno \u017eivljenje.<br \/>\nSestopili bomo iz vozil in se imeli prilo\u017enost zakopati v sladki vodi reke!<br \/>\nNazaj grede bomo \u0161li po zunanji cesti, tako da bomo lahko enega za drugim pre\u010dkali kar 12-krat reko.<br \/>\nKon\u010dno se bomo vrnili na zbirno to\u010dko, vi pa se lahko vrnete na svoje mesto in se pogovorite s prijatelji o tej nepozabni turi.<\/p>\n<\/div>\n<\/div>\n<\/div>\n<\/div>\n<\/div>\n<\/div>\n<\/div>\n<\/div>\n<\/div>\n<p><em><strong>Kaj morate prinesti?<\/strong><\/em><\/p>\n<ul>\n<li style=\"font-weight: 400;\"><span style=\"font-weight: 400;\">Kamera<\/span><\/li>\n<li style=\"font-weight: 400;\"><span style=\"font-weight: 400;\">Odganjalni popki<\/span><\/li>\n<li style=\"font-weight: 400;\"><span style=\"font-weight: 400;\">Son\u010dna krema<\/span><\/li>\n<li style=\"font-weight: 400;\"><span style=\"font-weight: 400;\">Klobuk<\/span><\/li>\n<li style=\"font-weight: 400;\"><span style=\"font-weight: 400;\">Udobne hla\u010de<\/span><\/li>\n<li style=\"font-weight: 400;\"><span style=\"font-weight: 400;\">Pohodni\u0161ki \u010devlji za gozd<\/span><\/li>\n<li style=\"font-weight: 400;\"><span style=\"font-weight: 400;\">Sandali za pomladna obmo\u010dja.<\/span><\/li>\n<li style=\"font-weight: 400;\"><span style=\"font-weight: 400;\">Kopalna obla\u010dila<\/span><\/li>\n<\/ul>\n<p>&nbsp;<\/p>\n<h3><b><i>Prevzem iz hotela:\u00a0<\/i><\/b><\/h3>\n<p><span style=\"font-weight: 400;\"><strong>Prevzem v hotelu ni<\/strong> na voljo za to turnejo. Pick up nastavimo tako, da nas kontaktirate prek Whatsappa. Imamo ponudbe v primeru, da prihajate iz <strong>jantarni zaliv 27 slapov.\u00a0<\/strong><\/span><\/p>\n<p>&nbsp;<\/p>\n<p><b>Opomba:<\/b><span style=\"font-weight: 400;\"> \u010de rezervirate v 24 urah po \u010dasu odhoda potovanja\/izleta, lahko organiziramo hotelski prevzem z dopla\u010dilom. Ko bo va\u0161 nakup opravljen, vam bomo poslali popolne kontaktne podatke (telefonsko \u0161tevilko, e-po\u0161tni naslov itd.) za na\u0161ega lokalnega turisti\u010dnega vodnika, ki bo organiziral prevzem.<\/span><\/p>\n<p><b><i>Potrditev dodatnih informacij <\/i><\/b><\/p>\n<ol>\n<li>Vstopnice so potrdilo po pla\u010dilu tega izleta. Pla\u010dilo lahko prika\u017eete na telefonu.<\/li>\n<li style=\"font-weight: 400;\"><span style=\"font-weight: 400;\">Zbirno mesto bo prejeto po opravljenem postopku rezervacije.<\/span><\/li>\n<li style=\"font-weight: 400;\"><span style=\"font-weight: 400;\">Otroci morajo biti v spremstvu odrasle osebe.<\/span><\/li>\n<li style=\"font-weight: 400;\"><span style=\"font-weight: 400;\"> Ni dostopno z invalidskim vozi\u010dkom <\/span><\/li>\n<li style=\"font-weight: 400;\"><span style=\"font-weight: 400;\">Dojen\u010dki morajo sedeti v naro\u010dju <\/span><\/li>\n<li style=\"font-weight: 400;\"><span style=\"font-weight: 400;\">Ni priporo\u010dljivo za popotnike s te\u017eavami s hrbtom<\/span><\/li>\n<li style=\"font-weight: 400;\"><span style=\"font-weight: 400;\">Ni priporo\u010dljivo za nose\u010dnice <\/span><\/li>\n<li style=\"font-weight: 400;\"><span style=\"font-weight: 400;\"> Brez te\u017eav s srcem ali drugih resnih zdravstvenih te\u017eav <\/span><\/li>\n<li style=\"font-weight: 400;\"><span style=\"font-weight: 400;\">Ve\u010dina popotnikov lahko sodeluje<\/span><\/li>\n<\/ol>\n<h4><b><i>Politika odpovedi<\/i><\/b><\/h4>\n<p>Za celotno vra\u010dilo preberite na\u0161e pravilnike o odpovedih\u00a0<a href=\"https:\/\/www.boattoursamana.com\/sl\/spletna-rezervacija\/\" target=\"_blank\" rel=\"noopener\" data-saferedirecturl=\"https:\/\/www.google.com\/url?q=https:\/\/www.boattoursamana.com\/online-booking\/&amp;source=gmail&amp;ust=1672449202351000&amp;usg=AOvVaw1yAeVAPktmaVCqDujgUn90\">Klikni tukaj<\/a>. Sredstva bodo izgubljena, \u010de je rezervacija odpovedana isti dan potovanja.<\/p>\n<p>&nbsp;<\/p>\n<p><em><strong>Ljudje i\u0161\u010dejo tudi:\u00a0<\/strong><\/em><\/p>\n<p>pregled vklju\u010ditve izklju\u010ditve odhod<\/p>\n<p>vklju\u010ditve izklju\u010ditve odhod povratek<\/p>\n<p>smrti slapov damajagua<\/p>\n<p>27 slapov Dominikanska republika smrt<\/p>\n<p>cena slapov damajagua<\/p>\n<p>&nbsp;<\/p>\n\n\t\t<\/div>\n\t<\/div>\n<\/div><\/div><\/div><\/div><div class=\"vc_row wpb_row vc_row-fluid\" ><div class=\"wpb_column vc_column_container vc_col-sm-12\"><div class=\"vc_column-inner\"><div class=\"wpb_wrapper\"><div class=\"vc_btn3-container vc_btn3-inline\" ><button class=\"vc_general vc_btn3 vc_btn3-size-md vc_btn3-shape-rounded vc_btn3-style-modern vc_btn3-color-green\">REZERVIRAJTE ZDAJ<\/button><\/div>\n\t<div class=\"wpb_video_widget wpb_content_element vc_clearfix   vc_video-aspect-ratio-169 vc_video-el-width-100 vc_video-align-left\" >\n\t\t<div class=\"wpb_wrapper\">\n\t\t\t<h2 class=\"wpb_heading wpb_video_heading\">27 slapov Damajagua Tour iz Puerto Plata:<\/h2>\n\t\t\t<div class=\"wpb_video_wrapper\"><iframe loading=\"lazy\" title=\"27 slapov Damajagua z Booking Adventures &amp; Travel Dominikanska republika\" width=\"1100\" height=\"619\" src=\"https:\/\/www.youtube.com\/embed\/AVNh_we_RQE?start=17&feature=oembed\" frameborder=\"0\" allow=\"accelerometer; autoplay; encrypted-media; gyroscope; picture-in-picture\" allowfullscreen><\/iframe><\/div>\n\t\t<\/div>\n\t<\/div>\n<\/div><\/div><\/div><\/div><div class=\"vc_row wpb_row vc_row-fluid\" ><\/div><div class=\"wpb_column vc_column_container vc_col-sm-12\"><div class=\"vc_column-inner\"><div class=\"wpb_wrapper\"><\/div><\/div><\/div><div class=\"vc_empty_space\"   style=\"height: 32px\"><span class=\"vc_empty_space_inner\"><\/span><\/div><div class=\"vc_empty_space\"   style=\"height: 32px\"><span class=\"vc_empty_space_inner\"><\/span><\/div><div class=\"vc_row wpb_row vc_row-fluid\" ><div class=\"wpb_column vc_column_container vc_col-sm-12\"><div class=\"vc_column-inner\"><div class=\"wpb_wrapper\"><div class=\"vc_btn3-container vc_btn3-inline\" ><button class=\"vc_general vc_btn3 vc_btn3-size-md vc_btn3-shape-rounded vc_btn3-style-modern vc_btn3-color-green\">REZERVIRAJTE ZDAJ<\/button><\/div><\/div><\/div><\/div><\/div>","protected":false},"excerpt":{"rendered":"<p>Ta izlet od 27 slapov Damajagua v Puerto Plati, kosilo in ogled 27 slapov, pohod in skok do reke.<\/p>\n<p>Ekolo\u0161ki izlet do 27 slapov Puerto Plata. Zagotovite si vstopnice za poldnevni izlet tukaj pri slapu Damajagua 27. Vstopnice s kosilom in izletom vklju\u010dujejo skakanje in plavanje v najlep\u0161ih slapovih v Dominikanski republiki. Pohodni\u0161tvo in plavanje z varnostno opremo za najbolj\u0161o izku\u0161njo!<\/p>\n<p><strong><span style=\"vertical-align: inherit;\"><span style=\"vertical-align: inherit;\"><span style=\"vertical-align: inherit;\"><span style=\"vertical-align: inherit;\">Seleccione la fecha para el Tour:\u00a0<\/span><\/span><\/span><\/span><\/strong><\/p>","protected":false},"featured_media":12093,"template":"","meta":[],"product_cat":[283,947,864,159,253,252],"product_tag":[405,865,403,402,285,407],"class_list":["post-12091","product","type-product","status-publish","has-post-thumbnail","hentry","product_cat-damajagua","product_cat-1-puerto-plata","product_cat-buggies-puerto-plata","product_cat-fees-entrace","product_cat-tours-and-excursions","product_cat-waterfalls","product_tag-amber-cove-excursions","product_tag-buggies-puerto-plata","product_tag-damajagua-national-park","product_tag-how-to-get-to-27-waterfalls-from-puerto-plata","product_tag-puerto-plata","product_tag-things-to-do-in-amber-cove"],"_links":{"self":[{"href":"https:\/\/www.boattoursamana.com\/sl\/wp-json\/wp\/v2\/product\/12091","targetHints":{"allow":["GET"]}}],"collection":[{"href":"https:\/\/www.boattoursamana.com\/sl\/wp-json\/wp\/v2\/product"}],"about":[{"href":"https:\/\/www.boattoursamana.com\/sl\/wp-json\/wp\/v2\/types\/product"}],"wp:featuredmedia":[{"embeddable":true,"href":"https:\/\/www.boattoursamana.com\/sl\/wp-json\/wp\/v2\/media\/12093"}],"wp:attachment":[{"href":"https:\/\/www.boattoursamana.com\/sl\/wp-json\/wp\/v2\/media?parent=12091"}],"wp:term":[{"taxonomy":"product_cat","embeddable":true,"href":"https:\/\/www.boattoursamana.com\/sl\/wp-json\/wp\/v2\/product_cat?post=12091"},{"taxonomy":"product_tag","embeddable":true,"href":"https:\/\/www.boattoursamana.com\/sl\/wp-json\/wp\/v2\/product_tag?post=12091"}],"curies":[{"name":"wp","href":"https:\/\/api.w.org\/{rel}","templated":true}]}}