{"id":12996,"date":"2021-09-16T15:48:58","date_gmt":"2021-09-16T15:48:58","guid":{"rendered":"https:\/\/www.ticketswhales.com\/?post_type=product&#038;p=12996"},"modified":"2023-10-16T08:39:25","modified_gmt":"2023-10-16T08:39:25","slug":"los-haitises-mountain-bike-private-boat-trip-copy","status":"publish","type":"product","link":"https:\/\/www.boattoursamana.com\/sl\/turneja\/los-haitises-gorsko-kolo-zasebni-izlet-s-colnom-izvod-2","title":{"rendered":"Gorsko kolo Los Haitises + zasebni izlet z ladjo"},"content":{"rendered":"<div class=\"vc_row wpb_row vc_row-fluid\" ><div class=\"wpb_column vc_column_container vc_col-sm-12\"><div class=\"vc_column-inner\"><div class=\"wpb_wrapper\"><div class=\"vc_btn3-container vc_btn3-inline\" ><a class=\"vc_general vc_btn3 vc_btn3-size-md vc_btn3-shape-rounded vc_btn3-style-modern vc_btn3-color-green\" href=\"https:\/\/bookingadventures.tours\/booking.php?tour_id=a7eaf8f70968fc40037fc986faa80770\" title=\"\" rel=\"noopener\">REZERVIRAJTE ZDAJ<\/a><\/div><div class=\"vc_empty_space\"   style=\"height: 32px\"><span class=\"vc_empty_space_inner\"><\/span><\/div>\n\t<div class=\"wpb_text_column wpb_content_element\" >\n\t\t<div class=\"wpb_wrapper\">\n\t\t\t<div class=\"vc_row wpb_row vc_row-fluid\">\n<div class=\"wpb_column vc_column_container vc_col-sm-12\">\n<div class=\"vc_column-inner\">\n<div class=\"wpb_wrapper\">\n<div class=\"mkdf-section-title-holder\">\n<div class=\"mkdf-st-inner\">\n<h5 class=\"mkdf-st-subtitle\">Kolo, mangrove, izlet z ladjo, jame in ve\u010d.<\/h5>\n<h3 class=\"mkdf-st-title\">Gorsko kolo Los Haitises + zasebni izlet z ladjo<\/h3>\n<\/div>\n<\/div>\n<\/div>\n<\/div>\n<\/div>\n<\/div>\n<div class=\"vc_row wpb_row vc_row-fluid\">\n<div class=\"wpb_column vc_column_container vc_col-sm-12\">\n<div class=\"vc_column-inner\">\n<div class=\"wpb_wrapper\">\n<div class=\"vc_empty_space\"><\/div>\n<\/div>\n<\/div>\n<\/div>\n<\/div>\n<div class=\"vc_row wpb_row vc_row-fluid\">\n<div class=\"wpb_column vc_column_container vc_col-sm-12\">\n<div class=\"vc_column-inner\">\n<div class=\"wpb_wrapper\">\n<div class=\"wpb_text_column wpb_content_element\">\n<div class=\"wpb_wrapper\">\n<h5><strong>Pregled<\/strong><\/h5>\n<p>Potujte z lokalnim strokovnjakom in pridobite edinstveno izku\u0161njo kolesarjenja, ki se za\u010dne v mestu Sabana de la Mar. Ta tura vas bo popeljala po \u010dudoviti pokrajini pode\u017eelja Dominikanske republike. Ko se boste vozili s kolesom, se boste lahko pozdravili! kmetom, ki jezdijo svoje konje ali motorje do svoje posesti in med ogledom se boste lahko spustili v pustolov\u0161\u010dino in lokalno kulturo iz Sabane de la Mar. Nekaj dejstev o Los Haitises: je ena najve\u010djih apnen\u010dastih formacij na svetu, kraj za ohranjanje endemi\u010dnih vrst, Lokacija z ve\u010dino biotske raznovrstnosti otoka, tam je eden najve\u010djih gozdov mangrove Quisqueya in jama z najve\u010d piktogrami Karibov.<\/p>\n<p>&nbsp;<\/p>\n<p><strong>Vklju\u010ditve in izklju\u010ditve<\/strong><\/p>\n<p>&nbsp;<\/p>\n<p><strong>Vklju\u010dki<\/strong><\/p>\n<p>Kolesarjenje<\/p>\n<p>Izlet z ladjo<\/p>\n<p>Prigrizki<\/p>\n<p>1 steklenica vode<\/p>\n<p>Komplet prve pomo\u010di<\/p>\n<p>Vsi davki, pristojbine in manipulativni stro\u0161ki<\/p>\n<p>Lokalni davki<\/p>\n<p>Uradni turisti\u010dni vodi\u010di ekolog angle\u0161ki\/\u0161panski jezik<\/p>\n<p>&nbsp;<\/p>\n<p><strong>Izklju\u010ditve<\/strong><\/p>\n<p>Napitnine<\/p>\n<p>Prenos<\/p>\n<p>pija\u010da<\/p>\n<p>&nbsp;<\/p>\n<p>&nbsp;<\/p>\n<p>Odhod in povratek<\/p>\n<p>&nbsp;<\/p>\n<p>Tura, ki jo organizira &quot;Booking Adventures&quot;, se za\u010dne na zbirnem mestu, ki ga dolo\u010di vodnik ali \u010dlan osebja. Potnik bo dobil zbirali\u0161\u010de po opravljenem postopku rezervacije. Ture se za\u010dnejo in kon\u010dajo na na\u0161ih zbirali\u0161\u010dih.<\/p>\n<p>&nbsp;<\/p>\n<p>Kaj pri\u010dakovati?<\/p>\n<p>Zagotovite si vozovnico za kolesarjenje in \u010dolnarjenje v mestu Sabana de la Mar<\/p>\n<p>&nbsp;<\/p>\n<p>Ta izlet se za\u010dne na zbirnem mestu, ki ga morate potrditi pri na\u0161ih potovalnih agentih ali va\u0161em vodniku, preden se odpravite na katero koli lokacijo. Ko se sre\u010date z vodnikom, boste imeli povzetek o ogledu in vsem, kar je povezano z va\u0161im dnevom.<\/p>\n<p>&nbsp;<\/p>\n<p>Ko bodo vsi pripravljeni, se bomo odpravili do pristani\u0161\u010da nacionalnega parka Los Haitises, kjer boste za\u010deli s \u010dolnom po reki Cano Hondo, ki se kon\u010da v zalivu San Lorenzo, to je majhen zaliv s samo 10 km2 in dve uri boste izstopili v razli\u010dne ekosisteme Los Haitises.<\/p>\n<p>&nbsp;<\/p>\n<p>Med tem delom va\u0161ega potovanja se boste pomikali po gozdu mangrov, ki je z ve\u010d kot 90 km2 drugi najve\u010dji na otoku, in ko boste prispeli do zaliva San Lorenzo, boste videli polotok in zaliv Samana.<\/p>\n<p>&nbsp;<\/p>\n<p>Medtem ko ste na poti, lahko vidite nekatere delfine, ptice, kot so modra \u010daplja, siva \u010daplja, vrane, rjavi pelikan, kraljeva \u010digra, veli\u010dastna fregata in edinstven razgled na nacionalni park Los Haitises. Po 4 urah in pol aktivnosti v narodnem parku Los Haitises in Sabana de la Mar se ta izlet kon\u010da na istem mestu, kot se je za\u010del.<\/p>\n<p>&nbsp;<\/p>\n<p>Opomba: Ti izleti potekajo z uradnimi turisti\u010dnimi vodniki Ekologa. Rezervirajte pravo\u010dasno, ker v parku ni preve\u010d strokovnjakov.<\/p>\n<p>&nbsp;<\/p>\n<p>&nbsp;<\/p>\n<p>Kaj morate prinesti?<\/p>\n<ul>\n<li aria-level=\"1\">Kamera<\/li>\n<li aria-level=\"1\">Odganjalni popki<\/li>\n<li aria-level=\"1\">son\u010dna krema<\/li>\n<li aria-level=\"1\">Klobuk<\/li>\n<li aria-level=\"1\">Udobne hla\u010de<\/li>\n<li aria-level=\"1\">Teka\u0161ki \u010devlji<\/li>\n<li aria-level=\"1\">Sandali za kajak<\/li>\n<li aria-level=\"1\">Kopalna obla\u010dila<\/li>\n<li aria-level=\"1\">Brisa\u010de<\/li>\n<\/ul>\n<p>&nbsp;<\/p>\n<h4><b><i>Prevzem v hotelu<\/i><\/b><\/h4>\n<p>Prevzem iz hotela za to turnejo ni na voljo.<\/p>\n<p>&nbsp;<\/p>\n<p><b>Opomba:<\/b>\u00a0\u010de rezervirate v 24 urah po \u010dasu odhoda potovanja\/izleta, lahko organiziramo hotelski prevzem z dopla\u010dilom. Ko bo va\u0161 nakup opravljen, vam bomo poslali popolne kontaktne podatke (telefonsko \u0161tevilko, e-po\u0161tni naslov itd.) za na\u0161ega lokalnega turisti\u010dnega vodnika, ki bo organiziral prevzem.<\/p>\n<h4><b><i>Potrditev dodatnih informacij<\/i><\/b><\/h4>\n<ol>\n<li>Vstopnice so potrdilo po pla\u010dilu tega izleta. Pla\u010dilo lahko prika\u017eete na telefonu.<\/li>\n<li>Zbirno mesto bo prejeto po opravljenem postopku rezervacije.<\/li>\n<li>Otroci morajo biti v spremstvu odrasle osebe.<\/li>\n<li>Ni dostopno z invalidskim vozi\u010dkom<\/li>\n<li>Dojen\u010dki morajo sedeti v naro\u010dju<\/li>\n<li>Ni priporo\u010dljivo za popotnike s te\u017eavami s hrbtom<\/li>\n<li>Ni priporo\u010dljivo za nose\u010dnice<\/li>\n<li>Brez te\u017eav s srcem ali drugih resnih zdravstvenih te\u017eav<\/li>\n<li>Ve\u010dina popotnikov lahko sodeluje<\/li>\n<\/ol>\n<h4><b><i>Politika odpovedi<\/i><\/b><\/h4>\n<p>Za povra\u010dilo celotnega zneska prekli\u010dite vsaj 24 ur pred datumom za\u010detka do\u017eivetja.<\/p>\n<\/div>\n<\/div>\n<\/div>\n<\/div>\n<\/div>\n<\/div>\n<div class=\"vc_row wpb_row vc_row-fluid\">\n<div class=\"wpb_column vc_column_container vc_col-sm-12\">\n<div class=\"vc_column-inner\">\n<div class=\"wpb_wrapper\">\n<div class=\"vc_empty_space\"><\/div>\n<div class=\"wpb_text_column wpb_content_element\">\n<div class=\"wpb_wrapper\">\n<h4>Kontaktiraj nas?<\/h4>\n<h5>Booking Adventures<\/h5>\n<p><em><strong>Doma\u010dini<\/strong>\u00a0in\u00a0<strong>Dr\u017eavljani<\/strong>\u00a0Turisti\u010dni vodniki in storitve za goste<\/em><\/p>\n<p><span class=\"text-turquoise\">Rezervacije:<\/span>\u00a0Ogledi in izleti v Dom. Rep.<\/p>\n<p>\ud83d\udcde Tel\/Whatsapp\u00a0\u00a0<a href=\"tel:+1-809-720-6035\">+1-809-720-6035<\/a>.<\/p>\n<p>\ud83d\udce9\u00a0<a href=\"mailto:info@bookingadventures.com.do\">info@bookingadventures.com.do<\/a><\/p>\n<p><strong>Zasebne izlete prek Whatsappa smo prilagodljivi:\u00a0<a href=\"tel:+18097206035\">+18097206035.<\/a><\/strong><\/p>\n<\/div>\n<\/div>\n<\/div>\n<\/div>\n<\/div>\n<\/div>\n\n\t\t<\/div>\n\t<\/div>\n<\/div><\/div><\/div><\/div><div class=\"wpb_column vc_column_container vc_col-sm-12\"><div class=\"vc_column-inner\"><div class=\"wpb_wrapper\"><\/div><\/div><\/div><div class=\"wpb_column vc_column_container vc_col-sm-12\"><div class=\"vc_column-inner\"><div class=\"wpb_wrapper\"><\/div><\/div><\/div>","protected":false},"excerpt":{"rendered":"<div class=\"woocommerce-product-details__short-description\">\n<p>Potujte z lokalnim strokovnjakom in pridobite edinstveno izku\u0161njo kolesarjenja, ki se za\u010dne v mestu Sabana de la Mar. Ta tura vas bo popeljala naokrog in si ogledala \u010dudovito pokrajino pode\u017eelja Dominikanske republike. Ko se boste vozili s kolesom, se boste lahko pozdravili! kmetje, ki jahajo svoje konje ali motorje do svoje posesti in med turo, se boste lahko spustili v pustolov\u0161\u010dino in lokalno kulturo iz Sabane de la Mar. Edinstvena gorsko kolesarska izku\u0161nja!<\/p>\n<p>&nbsp;<\/p>\n<p><strong>Prosimo izberite datum turneje:<\/strong><\/p>\n<\/div>","protected":false},"featured_media":12428,"template":"","meta":[],"product_cat":[870,946,928,838,930,254,255],"product_tag":[176,211,192,171,209,426,327,175,199,200],"class_list":["post-12996","product","type-product","status-publish","has-post-thumbnail","hentry","product_cat-private-boat-trip-los-haitises","product_cat-1-sabana-de-la-mar","product_cat-boat-trip-los-haitises","product_cat-mangroves-projects","product_cat-mountain-bike-los-haitises","product_cat-tours-excursions-los-haitises-national-park","product_cat-tours-excursions-samana-bay-dominican-republic","product_tag-cano-hondo","product_tag-cano-hondo-hotel","product_tag-day-tour-cano-hondo","product_tag-los-haitises","product_tag-los-haitises-national-park","product_tag-los-haitises-tours","product_tag-private-tours-samana","product_tag-sabana-de-la-mar","product_tag-samana-bay","product_tag-samana-excursions"],"_links":{"self":[{"href":"https:\/\/www.boattoursamana.com\/sl\/wp-json\/wp\/v2\/product\/12996","targetHints":{"allow":["GET"]}}],"collection":[{"href":"https:\/\/www.boattoursamana.com\/sl\/wp-json\/wp\/v2\/product"}],"about":[{"href":"https:\/\/www.boattoursamana.com\/sl\/wp-json\/wp\/v2\/types\/product"}],"wp:featuredmedia":[{"embeddable":true,"href":"https:\/\/www.boattoursamana.com\/sl\/wp-json\/wp\/v2\/media\/12428"}],"wp:attachment":[{"href":"https:\/\/www.boattoursamana.com\/sl\/wp-json\/wp\/v2\/media?parent=12996"}],"wp:term":[{"taxonomy":"product_cat","embeddable":true,"href":"https:\/\/www.boattoursamana.com\/sl\/wp-json\/wp\/v2\/product_cat?post=12996"},{"taxonomy":"product_tag","embeddable":true,"href":"https:\/\/www.boattoursamana.com\/sl\/wp-json\/wp\/v2\/product_tag?post=12996"}],"curies":[{"name":"wp","href":"https:\/\/api.w.org\/{rel}","templated":true}]}}