{"id":13398,"date":"2021-11-23T10:25:21","date_gmt":"2021-11-23T10:25:21","guid":{"rendered":"https:\/\/www.ticketswhales.com\/?post_type=product&#038;p=13398"},"modified":"2023-02-26T03:44:21","modified_gmt":"2023-02-26T03:44:21","slug":"private-speed-boat-lancha-samana-bay","status":"publish","type":"product","link":"https:\/\/www.boattoursamana.com\/sl\/turneja\/zasebni-gliser-lancha-samana-bay","title":{"rendered":"Zasebni gliser (Lancha) v zalivu Saman\u00e1"},"content":{"rendered":"<div class=\"vc_row wpb_row vc_row-fluid\" ><div class=\"wpb_column vc_column_container vc_col-sm-12\"><div class=\"vc_column-inner\"><div class=\"wpb_wrapper\"><div class=\"vc_btn3-container vc_btn3-inline\" ><button class=\"vc_general vc_btn3 vc_btn3-size-md vc_btn3-shape-rounded vc_btn3-style-modern vc_btn3-color-green\">REZERVIRAJTE ZDAJ<\/button><\/div>\n\t<div class=\"wpb_text_column wpb_content_element\" >\n\t\t<div class=\"wpb_wrapper\">\n\t\t\t<div class=\"custom-left\">\n<div class=\"row\">\n<div class=\"col-md-12 cust-clas\">\n<div class=\"product-header alignleft\">\n<p>SAMANA\u00a0 BOAT &#8211; RENTAL<\/p>\n<p>PRIVATE FULL DAY CHARTER SAMANA BAY<\/p>\n<p>8 HOUR TRIP- MONDAY TO SUNDAY<\/p>\n<\/div>\n<\/div>\n<\/div>\n<\/div>\n<div class=\"custom-left para-p\">\n<div class=\"info_content_label\">\n<p><label>Informacije:<\/label><\/p>\n<p>Rent this fabulous speed boat\u00a0 for the full day for up to 5 people to visit the <a href=\"https:\/\/www.boattoursamana.com\/sl\/destinacije\/los-haitises-national-park-tickets-tours\/\" target=\"_blank\" rel=\"noopener\" data-saferedirecturl=\"https:\/\/www.google.com\/url?q=https:\/\/www.boattoursamana.com\/destinations\/los-haitises-national-park-tickets-tours\/&amp;source=gmail&amp;ust=1637749313206000&amp;usg=AOvVaw2iM1LFDbYv-Gthna0qZt2n\">Haitises<\/a> in Cayo Levantado. Tudi v sezoni opazovanja kitov lahko uporabite \u010doln za ogled kitov v zalivu Samana.<\/p>\n<p>Includes crew, fuel and ice cooler.<\/p>\n<p>Food Options available for an extra price:<\/p>\n<p><strong>Podrobnosti o tradicionalnem samopostre\u017enem kosilu, $15 USD na osebo:<\/strong><\/p>\n<p>-Zelena solata<br \/>\n-Kruh<br \/>\n-Moro de Guandule (ri\u017e na dominikanski na\u010din) s kokosom<br \/>\n\u2013 Testenine v paradi\u017enikovi omaki<br \/>\n- Yuca enolon\u010dnice<br \/>\n-Riba in pi\u0161\u010danec na \u017earu (dorado) + po \u017eelji omaka iz kokosovega mleka<br \/>\n-Sve\u017ee sadje<br \/>\n- 1 brezalkoholna pija\u010da (soda ali voda)<br \/>\n-Kava<\/p>\n<p><strong>Dodatna storitev jastoga + kokosovi bonboni $19 USD (dodatno).<\/strong><\/p>\n<\/div>\n<p><label>Vklju\u010duje:<\/label>\u00a0Vklju\u010dene druge storitve (vklju\u010dena je posadka, gorivo in hladilnik z ledom)<\/p>\n<p><label>Ni vklju\u010den:<\/label>\u00a0Pija\u010da ali hrana NISO vklju\u010deni<\/p>\n<p><label>Vklju\u010di gorivo:<\/label>\u00a0ja<\/p>\n<\/div>\n<p>Contact us by Whatsapp: +1-809-720-6035. Best price online&#8230;<\/p>\n<p>&nbsp;<\/p>\n<h4><b><i>Politika odpovedi<\/i><\/b><\/h4>\n<p>Za celotno vra\u010dilo preberite na\u0161e pravilnike o odpovedih\u00a0<a href=\"https:\/\/www.boattoursamana.com\/sl\/spletna-rezervacija\/\" target=\"_blank\" rel=\"noopener\" data-saferedirecturl=\"https:\/\/www.google.com\/url?q=https:\/\/www.boattoursamana.com\/online-booking\/&amp;source=gmail&amp;ust=1672449202351000&amp;usg=AOvVaw1yAeVAPktmaVCqDujgUn90\">Klikni tukaj<\/a>. Sredstva bodo izgubljena, \u010de je rezervacija odpovedana isti dan potovanja.<\/p>\n\n\t\t<\/div>\n\t<\/div>\n<\/div><\/div><\/div><\/div><div class=\"vc_row wpb_row vc_row-fluid\" ><div class=\"wpb_column vc_column_container vc_col-sm-12\"><div class=\"vc_column-inner\"><div class=\"wpb_wrapper\"><div class=\"vc_btn3-container vc_btn3-inline\" ><button class=\"vc_general vc_btn3 vc_btn3-size-md vc_btn3-shape-rounded vc_btn3-style-modern vc_btn3-color-green\">REZERVIRAJTE ZDAJ<\/button><\/div><\/div><\/div><\/div><\/div>","protected":false},"excerpt":{"rendered":"<p>Zasebni gliser (Lancha) Zaliv Samana Najemite ta \u010dudoviti gliser za cel dan za do 5 ljudi, da obi\u0161\u010dete <a href=\"https:\/\/www.boattoursamana.com\/sl\/destinacije\/los-haitises-national-park-tickets-tours\/\" target=\"_blank\" rel=\"noopener\" data-saferedirecturl=\"https:\/\/www.google.com\/url?q=https:\/\/www.boattoursamana.com\/destinations\/los-haitises-national-park-tickets-tours\/&amp;source=gmail&amp;ust=1637749313206000&amp;usg=AOvVaw2iM1LFDbYv-Gthna0qZt2n\">Haitises<\/a> in Cayo Levantado. Tudi v sezoni opazovanja kitov lahko uporabite \u010doln za ogled kitov v zalivu Samana.<\/p>","protected":false},"featured_media":12415,"template":"","meta":[],"product_cat":[1054,841,1000],"product_tag":[842,843,844,845],"class_list":["post-13398","product","type-product","status-publish","has-post-thumbnail","hentry","product_cat-private-speed-boat-lancha-samana-bay","product_cat-rent-catamaran-or-boat-samana","product_cat-ultimo2022","product_tag-catamaran-for-renting-samana","product_tag-samana-boat-rentals","product_tag-samana-catamaran","product_tag-samana-rentals"],"_links":{"self":[{"href":"https:\/\/www.boattoursamana.com\/sl\/wp-json\/wp\/v2\/product\/13398","targetHints":{"allow":["GET"]}}],"collection":[{"href":"https:\/\/www.boattoursamana.com\/sl\/wp-json\/wp\/v2\/product"}],"about":[{"href":"https:\/\/www.boattoursamana.com\/sl\/wp-json\/wp\/v2\/types\/product"}],"wp:featuredmedia":[{"embeddable":true,"href":"https:\/\/www.boattoursamana.com\/sl\/wp-json\/wp\/v2\/media\/12415"}],"wp:attachment":[{"href":"https:\/\/www.boattoursamana.com\/sl\/wp-json\/wp\/v2\/media?parent=13398"}],"wp:term":[{"taxonomy":"product_cat","embeddable":true,"href":"https:\/\/www.boattoursamana.com\/sl\/wp-json\/wp\/v2\/product_cat?post=13398"},{"taxonomy":"product_tag","embeddable":true,"href":"https:\/\/www.boattoursamana.com\/sl\/wp-json\/wp\/v2\/product_tag?post=13398"}],"curies":[{"name":"wp","href":"https:\/\/api.w.org\/{rel}","templated":true}]}}