{"id":13984,"date":"2022-03-17T14:52:59","date_gmt":"2022-03-17T14:52:59","guid":{"rendered":"https:\/\/www.ticketswhales.com\/?post_type=product&#038;p=13984"},"modified":"2023-10-19T15:18:55","modified_gmt":"2023-10-19T15:18:55","slug":"jarabacoa-buggy-with-baiguate-waterfall-double","status":"publish","type":"product","link":"https:\/\/www.boattoursamana.com\/sl\/turneja\/vozicek-jarabacoa-z-dvojnim-slapom-baiguate-2","title":{"rendered":"Jarabacoa Buggy z dvojnim slapom Baiguate"},"content":{"rendered":"<div class=\"vc_row wpb_row vc_row-fluid\" ><div class=\"wpb_column vc_column_container vc_col-sm-12\"><div class=\"vc_column-inner\"><div class=\"wpb_wrapper\"><div class=\"mkdf-section-title-holder\" style=\"text-align: left\">\n\t<div class=\"mkdf-st-inner\">\n\t\t\t\t\t<h5 class=\"mkdf-st-subtitle\" >\n\t\t\t\tBuggy - Buggies\t\t\t<\/h5>\n\t\t\t\t\t\t\t<h3 class=\"mkdf-st-title\" >\n\t\t\t\tJarabacoa s slapovoma Jimenoa in Baiguate\t\t\t<\/h3>\n\t\t\t\t\t<\/div>\n<\/div><\/div><\/div><\/div><\/div><div class=\"vc_row wpb_row vc_row-fluid\" ><div class=\"wpb_column vc_column_container vc_col-sm-12\"><div class=\"vc_column-inner\"><div class=\"wpb_wrapper\"><div class=\"vc_btn3-container vc_btn3-inline\" ><a class=\"vc_general vc_btn3 vc_btn3-size-md vc_btn3-shape-rounded vc_btn3-style-modern vc_btn3-color-green\" href=\"https:\/\/bookingadventures.tours\/booking.php?tour_id=e29316590922029738666cca35b0d5d9\" title=\"\" rel=\"noopener\">REZERVIRAJTE ZDAJ<\/a><\/div>\n\t<div class=\"wpb_text_column wpb_content_element\" >\n\t\t<div class=\"wpb_wrapper\">\n\t\t\t<h3 class=\"ui_header h1 attractions-product-info-ProductTitle__title--1qM0o\">Jarabacoa buggy z Baiguate Waterfall Double<\/h3>\n<h4><b><i>Pregled <\/i><\/b><\/h4>\n<p><span style=\"font-weight: 400;\">Pridru\u017eite se nam in potujte z lokalnim strokovnjakom iz Jarabacoe ter pridobite edinstveno izku\u0161njo obiska najbolj\u0161ih to\u010dk iz prestolnice ekoturizma, ki se za\u010dne v Jarabacoi. Ta tura vas bo popeljala naokrog in si ogledala \u010dudovito pokrajino najve\u010djega gorskega ran\u010da Dominikanske republike. Ko se boste vozili na razli\u010dne lokacije, boste za\u010dutili gorski zrak in u\u017eivali v lepotah pode\u017eelja.\u00a0<\/span><\/p>\n<p><span style=\"font-weight: 400;\">Za to turnejo lahko pridemo do razli\u010dnih lokacij. Imeli boste mo\u017enosti: Kolesarjenje, Jahanje, Safari, \u0160tiri kolesa ali Buggy. Kupite vstopnico prek spleta zdaj in se zabavajmo ob spoznavanju Jarabacoe in kulture Dominikanske republike, medtem ko potujete po najbolj\u0161ih lokacijah v mestu.<\/span><\/p>\n<p><span style=\"font-weight: 400;\">Jarabacoa je mesto ve\u010dnih pomladnih po\u010ditnic zaradi vremena in druga najpomembnej\u0161a ob\u010dina v provinci La Vega. Glede na zgodovino Jarabacoa pomeni &quot;kraj z veliko vode&quot;. 27. septembra 1858 je Jarabacoa za\u010dela svoje \u017eivljenje kot ob\u010dina, kategorija, pridobljena po karieri, ki je pri\u0161la z za\u010detka 19. stoletja. Potujte z nami in spoznajte gore, naravo, kulturo in ljudi severne regije Dominikanske republike.\u00a0<\/span><\/p>\n<ul>\n<li style=\"font-weight: 400;\">Pristojbine vklju\u010dene<\/li>\n<li>Kosilo<\/li>\n<li>Prigrizki<\/li>\n<li style=\"font-weight: 400;\">Lokalni turisti\u010dni vodnik v angle\u0161\u010dini<\/li>\n<\/ul>\n<h4><b>Vklju\u010ditve in izklju\u010ditve<\/b><\/h4>\n<p><b>Vklju\u010dki<\/b><\/p>\n<ol>\n<li>Kosilo<\/li>\n<li style=\"font-weight: 400;\"><span style=\"font-weight: 400;\">Vsi davki, pristojbine in manipulativni stro\u0161ki<\/span><\/li>\n<li style=\"font-weight: 400;\"><span style=\"font-weight: 400;\">Lokalni davki<\/span><\/li>\n<li style=\"font-weight: 400;\"><span style=\"font-weight: 400;\">pija\u010de<\/span><\/li>\n<li>Prigrizki<\/li>\n<li style=\"font-weight: 400;\"><span style=\"font-weight: 400;\">Vse dejavnosti<\/span><\/li>\n<li style=\"font-weight: 400;\"><span style=\"font-weight: 400;\">Lokalni vodnik<\/span><\/li>\n<\/ol>\n<p><b> Izklju\u010ditve<\/b><\/p>\n<ol>\n<li style=\"font-weight: 400;\"><span style=\"font-weight: 400;\">Napitnine<\/span><\/li>\n<li>prevoz (nastavite tako, da nas kontaktirate)<\/li>\n<li style=\"font-weight: 400;\"><span style=\"font-weight: 400;\">Alkoholne pija\u010de<\/span><\/li>\n<\/ol>\n<h4><em><strong>Odhod in povratek<\/strong><\/em><\/h4>\n<p><span style=\"font-weight: 400;\">Potnik bo dobil zbirali\u0161\u010de po opravljenem postopku rezervacije. Ogledi se za\u010dnejo in kon\u010dajo na na\u0161ih zbirali\u0161\u010dih.<\/span><\/p>\n<h3 class=\"ui_header h1 attractions-product-info-ProductTitle__title--1qM0o\">Jarabacoa buggy z Baiguate Waterfall Double<\/h3>\n<h4><b><i>Kaj pri\u010dakovati?<\/i><\/b><\/h4>\n<p><span style=\"font-weight: 400;\">Zagotovite si vstopnico za slapove Baiguate iz mesta Jarabacoa z Buggyjem.\u00a0<\/span><\/p>\n<p><span style=\"font-weight: 400;\">Ko govorimo o buggiju, govorimo o terenskem vozilu, ki nudi varnost in lahkotnost upravljanja, hkrati pa uporabniku med vo\u017enjo omogo\u010da ve\u010dji stik s terenom in naravo, ki ga obdaja. Ob\u010dutite vetri\u010d, sonce, de\u017e, glejte pokrajino ob sebi v udobni in varni napravi, zasnovani za u\u017eivanje na gozdnih stezah in brezpotjih.<\/span><\/p>\n<p><span style=\"font-weight: 400;\">Ta izlet se za\u010dne na zbirnem mestu, ki ga morate potrditi pri na\u0161ih potovalnih agentih ali va\u0161em vodniku, preden se odpravite na katero koli lokacijo. Ko se sre\u010date z vodnikom, boste imeli povzetek o ogledu in vsem, kar je povezano z va\u0161im dnevom.<\/span><\/p>\n<p><span style=\"font-weight: 400;\">Ko bodo vsi pripravljeni, bomo za\u010deli na\u0161o vo\u017enjo do nekaterih pode\u017eelskih obmo\u010dij mesta Jarabacoa, medtem ko boste vozili svoj vozi\u010dek, vam bodo neravne ceste in gorski zrak pode\u017eelja iz osrednjega severa dr\u017eave pokazali lepoto in naravo skozi to pustolov\u0161\u010dino.<\/span><\/p>\n<p><span style=\"font-weight: 400;\">Nekatere lokacije, ki jih boste obiskali med tem potovanjem, so La Confluencia, kjer se sre\u010data reki Jimenoa in Yaque Del Norte, Cieneguita in Monte Arriba.\u00a0<\/span><\/p>\n<p><span style=\"font-weight: 400;\">Po pribli\u017eno 30 kilometrih jahanja se bomo odpravili do slapa Baiguate na 10 minutni pohod in kopanje v naravnih bazenih.\u00a0<\/span><\/p>\n<p><span style=\"font-weight: 400;\">Med tem delom va\u0161ega potovanja se boste lahko pribli\u017eno 1 uro kopali in si vzeli odmor, da vsak dan poskusite nekaj sve\u017eega sadja, pridelanega z zemlje kmetov Jarabacoa. Baiguate ima 82 metrov visok padec in je popoln kraj za sprostitev, preden se vrnete v mesto.\u00a0\u00a0<\/span><\/p>\n<p><span style=\"font-weight: 400;\">Med tem delom va\u0161ega potovanja se boste lahko pribli\u017eno 1 uro kopali in si vzeli odmor, da vsak dan poskusite nekaj sve\u017eega sadja, pridelanega z zemlje kmetov Jarabacoa. Baiguate ima 82 metrov visok padec in je popoln kraj za sprostitev, preden se vrnete v mesto.\u00a0\u00a0<\/span><\/p>\n<p><span style=\"font-weight: 400;\">Kasneje po slapu Baiguate se bomo odpravili k Ivonu, da poskusimo najbolj\u0161i lokalni sladoled, ki ga doma izdela lokalni strokovnjak, in se sprehodili do osrednjega parka Duarte za zadnji del va\u0161ega potovanja. To je 6-urna tura, ki vam daje prilo\u017enost, da nadzira Jarabacoa, se ta izlet kon\u010da na istem mestu, kot se je za\u010del.<\/span><\/p>\n<p><span style=\"font-weight: 400;\">Opomba: Ti izleti potekajo z uradnimi turisti\u010dnimi vodniki Ekologa. Rezervirajte pravo\u010dasno, ker v parku ni preve\u010d strokovnjakov.<\/span><\/p>\n<h4><em><strong>Kaj morate prinesti?<\/strong><\/em><\/h4>\n<ul>\n<li style=\"font-weight: 400;\"><span style=\"font-weight: 400;\">Kamera<\/span><\/li>\n<li style=\"font-weight: 400;\"><span style=\"font-weight: 400;\">Odganjalni popki<\/span><\/li>\n<li style=\"font-weight: 400;\"><span style=\"font-weight: 400;\">Son\u010dna krema<\/span><\/li>\n<li style=\"font-weight: 400;\"><span style=\"font-weight: 400;\">Klobuk<\/span><\/li>\n<li style=\"font-weight: 400;\"><span style=\"font-weight: 400;\">Udobne hla\u010de<\/span><\/li>\n<li style=\"font-weight: 400;\"><span style=\"font-weight: 400;\">Pohodni\u0161ki \u010devlji za gozd<\/span><\/li>\n<li style=\"font-weight: 400;\"><span style=\"font-weight: 400;\">Sandali za pomladna obmo\u010dja.<\/span><\/li>\n<li style=\"font-weight: 400;\"><span style=\"font-weight: 400;\">Kopalna obla\u010dila<\/span><\/li>\n<\/ul>\n<h4><b><i>Prevzem v hotelu <\/i><\/b><\/h4>\n<p><span style=\"font-weight: 400;\">Prevzem iz hotela za to turnejo ni na voljo. Pick up nastavimo tako, da nas kontaktirate prek Whatsappa.<\/span><\/p>\n<p><b>Opomba:<\/b><span style=\"font-weight: 400;\"> \u010de rezervirate v 24 urah po \u010dasu odhoda potovanja\/izleta, lahko organiziramo hotelski prevzem z dopla\u010dilom. Ko bo va\u0161 nakup opravljen, vam bomo poslali popolne kontaktne podatke (telefonsko \u0161tevilko, e-po\u0161tni naslov itd.) za na\u0161ega lokalnega turisti\u010dnega vodnika, ki bo organiziral prevzem.<\/span><\/p>\n<h4><b><i>Potrditev dodatnih informacij <\/i><\/b><\/h4>\n<ol>\n<li>Vstopnice so potrdilo po pla\u010dilu tega izleta. Pla\u010dilo lahko prika\u017eete na telefonu.<\/li>\n<li style=\"font-weight: 400;\"><span style=\"font-weight: 400;\">Zbirno mesto bo prejeto po opravljenem postopku rezervacije.<\/span><\/li>\n<li style=\"font-weight: 400;\"><span style=\"font-weight: 400;\">Otroci morajo biti v spremstvu odrasle osebe.<\/span><\/li>\n<li style=\"font-weight: 400;\"><span style=\"font-weight: 400;\"> Ni dostopno z invalidskim vozi\u010dkom <\/span><\/li>\n<li style=\"font-weight: 400;\"><span style=\"font-weight: 400;\">Dojen\u010dki morajo sedeti v naro\u010dju <\/span><\/li>\n<li style=\"font-weight: 400;\"><span style=\"font-weight: 400;\">Ni priporo\u010dljivo za popotnike s te\u017eavami s hrbtom<\/span><\/li>\n<li style=\"font-weight: 400;\"><span style=\"font-weight: 400;\">Ni priporo\u010dljivo za nose\u010dnice <\/span><\/li>\n<li style=\"font-weight: 400;\"><span style=\"font-weight: 400;\"> Brez te\u017eav s srcem ali drugih resnih zdravstvenih te\u017eav <\/span><\/li>\n<li style=\"font-weight: 400;\"><span style=\"font-weight: 400;\">Ve\u010dina popotnikov lahko sodeluje<\/span><\/li>\n<\/ol>\n<h4><b><i>Politika odpovedi<\/i><\/b><\/h4>\n<p>Za celotno vra\u010dilo preberite na\u0161e pravilnike o odpovedih\u00a0<a href=\"https:\/\/www.boattoursamana.com\/sl\/spletna-rezervacija\/\" target=\"_blank\" rel=\"noopener\" data-saferedirecturl=\"https:\/\/www.google.com\/url?q=https:\/\/www.boattoursamana.com\/online-booking\/&amp;source=gmail&amp;ust=1672449202351000&amp;usg=AOvVaw1yAeVAPktmaVCqDujgUn90\">Klikni tukaj<\/a>. Sredstva bodo izgubljena, \u010de je rezervacija odpovedana isti dan potovanja.<\/p>\n\n\t\t<\/div>\n\t<\/div>\n<div class=\"vc_btn3-container vc_btn3-inline\" ><a class=\"vc_general vc_btn3 vc_btn3-size-md vc_btn3-shape-rounded vc_btn3-style-modern vc_btn3-color-green\" href=\"https:\/\/bookingadventures.tours\/booking.php?tour_id=e29316590922029738666cca35b0d5d9\" title=\"\" rel=\"noopener\">REZERVIRAJTE ZDAJ<\/a><\/div><\/div><\/div><\/div><\/div><div class=\"vc_row wpb_row vc_row-fluid\" ><div class=\"wpb_column vc_column_container vc_col-sm-12\"><div class=\"vc_column-inner\"><div class=\"wpb_wrapper\">\n\t<div class=\"wpb_video_widget wpb_content_element vc_clearfix   vc_video-aspect-ratio-169 vc_video-el-width-100 vc_video-align-left\" >\n\t\t<div class=\"wpb_wrapper\">\n\t\t\t<h2 class=\"wpb_heading wpb_video_heading\">Video o mestu Jarabacoa:<\/h2>\n\t\t\t<div class=\"wpb_video_wrapper\"><iframe loading=\"lazy\" title=\"Jarabacoa, Turismo entre rios y monta\u00f1a\" width=\"1100\" height=\"619\" src=\"https:\/\/www.youtube.com\/embed\/FRHfK4RS39A?feature=oembed\" frameborder=\"0\" allow=\"accelerometer; autoplay; clipboard-write; encrypted-media; gyroscope; picture-in-picture\" allowfullscreen><\/iframe><\/div>\n\t\t<\/div>\n\t<\/div>\n<\/div><\/div><\/div><\/div><div class=\"vc_row wpb_row vc_row-fluid\" ><\/div><div class=\"wpb_column vc_column_container vc_col-sm-12\"><div class=\"vc_column-inner\"><div class=\"wpb_wrapper\"><\/div><\/div><\/div><div class=\"vc_empty_space\"   style=\"height: 32px\"><span class=\"vc_empty_space_inner\"><\/span><\/div><div class=\"vc_row wpb_row vc_row-fluid\" ><div class=\"wpb_column vc_column_container vc_col-sm-12\"><div class=\"vc_column-inner\"><div class=\"wpb_wrapper\"><div class=\"vc_btn3-container vc_btn3-inline\" ><a class=\"vc_general vc_btn3 vc_btn3-size-md vc_btn3-shape-rounded vc_btn3-style-modern vc_btn3-color-green\" href=\"https:\/\/bookingadventures.tours\/booking.php?tour_id=e29316590922029738666cca35b0d5d9\" title=\"\" rel=\"noopener\">REZERVIRAJTE ZDAJ<\/a><\/div><\/div><\/div><\/div><\/div>","protected":false},"excerpt":{"rendered":"<p>Pridru\u017eite se nam in potujte z lokalnim strokovnjakom za Jarabacoo ter pridobite edinstveno izku\u0161njo obiska najbolj\u0161ih krajev v prestolnici ekoturizma, za\u010den\u0161i z Jarabacoo. Ta tura vas bo popeljala v \u010dudovito pokrajino najve\u010djega gorskega ran\u010da v Dominikanski republiki. Med vo\u017enjo skozi razli\u010dne kraje boste za\u010dutili gorski zrak in u\u017eivali v lepotah pode\u017eelja.<\/p>\n<p><strong>Izberite datum izleta:<\/strong><\/p>","protected":false},"featured_media":12529,"template":"","meta":[],"product_cat":[946,159,889,253],"product_tag":[895,892,891,890,896,894,893],"class_list":["post-13984","product","type-product","status-publish","has-post-thumbnail","hentry","product_cat-1-sabana-de-la-mar","product_cat-fees-entrace","product_cat-jarabacoa-buggy","product_cat-tours-and-excursions","product_tag-baiguate-waterfall","product_tag-jarabacoa-buggies","product_tag-jarabacoa-buggy","product_tag-jarabacoa-tour","product_tag-jimenoa-waterfall","product_tag-salto-baiguate","product_tag-salto-jimenoa"],"_links":{"self":[{"href":"https:\/\/www.boattoursamana.com\/sl\/wp-json\/wp\/v2\/product\/13984","targetHints":{"allow":["GET"]}}],"collection":[{"href":"https:\/\/www.boattoursamana.com\/sl\/wp-json\/wp\/v2\/product"}],"about":[{"href":"https:\/\/www.boattoursamana.com\/sl\/wp-json\/wp\/v2\/types\/product"}],"wp:featuredmedia":[{"embeddable":true,"href":"https:\/\/www.boattoursamana.com\/sl\/wp-json\/wp\/v2\/media\/12529"}],"wp:attachment":[{"href":"https:\/\/www.boattoursamana.com\/sl\/wp-json\/wp\/v2\/media?parent=13984"}],"wp:term":[{"taxonomy":"product_cat","embeddable":true,"href":"https:\/\/www.boattoursamana.com\/sl\/wp-json\/wp\/v2\/product_cat?post=13984"},{"taxonomy":"product_tag","embeddable":true,"href":"https:\/\/www.boattoursamana.com\/sl\/wp-json\/wp\/v2\/product_tag?post=13984"}],"curies":[{"name":"wp","href":"https:\/\/api.w.org\/{rel}","templated":true}]}}