{"id":14291,"date":"2022-11-02T08:35:02","date_gmt":"2022-11-02T08:35:02","guid":{"rendered":"https:\/\/www.ticketswhales.com\/?post_type=product&#038;p=14291"},"modified":"2023-10-12T02:05:54","modified_gmt":"2023-10-12T02:05:54","slug":"punta-cana-los-haitises-national-park-yanigua-waterfalls-montana-redonda","status":"publish","type":"product","link":"https:\/\/www.boattoursamana.com\/sl\/turneja\/nacionalni-park-punta-cana-los-haitises-slapovi-yanigua-montana-redonda","title":{"rendered":"Punta Cana: nacionalni park Los Haitises, slapovi Yanigua in Montana Redonda"},"content":{"rendered":"<div class=\"vc_row wpb_row vc_row-fluid\" ><div class=\"wpb_column vc_column_container vc_col-sm-12\"><div class=\"vc_column-inner\"><div class=\"wpb_wrapper\"><div class=\"mkdf-section-title-holder\" style=\"text-align: left\">\n\t<div class=\"mkdf-st-inner\">\n\t\t\t\t\t<h5 class=\"mkdf-st-subtitle\" >\n\t\t\t\tVklju\u010den prevoz in kosilo\t\t\t<\/h5>\n\t\t\t\t\t\t\t<h3 class=\"mkdf-st-title\" >\n\t\t\t\tPunta Cana: nacionalni park Los Haitises, slapovi Yanigua in Montana Redonda\t\t\t<\/h3>\n\t\t\t\t\t<\/div>\n<\/div><\/div><\/div><\/div><\/div><div class=\"vc_row wpb_row vc_row-fluid\" ><div class=\"wpb_column vc_column_container vc_col-sm-12\"><div class=\"vc_column-inner\"><div class=\"wpb_wrapper\"><div class=\"vc_btn3-container vc_btn3-inline\" ><a class=\"vc_general vc_btn3 vc_btn3-size-md vc_btn3-shape-rounded vc_btn3-style-modern vc_btn3-color-green\" href=\"https:\/\/bookingadventures.tours\/booking.php?tour_id=8081df21d5fc51981b39e270d99ab5ab\" title=\"\" rel=\"noopener\">REZERVIRAJTE ZDAJ <\/a><\/div>\n\t<div class=\"wpb_text_column wpb_content_element\" >\n\t\t<div class=\"wpb_wrapper\">\n\t\t\t<h3>Punta Cana: nacionalni park Los Haitises, slapovi Yanigua in Montana Redonda<\/h3>\n<h4><b><i>Pregled <\/i><\/b><\/h4>\n<p>Ogled nacionalnega parka Los Haitises z enodnevnega izleta v Punta Cano. Za\u010detek iz va\u0161ega hotela v Punta Cani ali Bavaru. Z vodi\u010dem se bomo odpeljali v Montano Redonda. Kjer imate \u010das za snemanje osupljivih fotografij z enega najbolj osupljivih razgledov v Dominikanski republiki. Po tem prvem postanku nadaljujemo z obiskom nacionalnega parka Los Haitises, nekaj prigrizkov in tipi\u010dnih pija\u010d, medtem ko gremo okoli mangrov, jam in slavnih skalnatih otokov, kot je v Jurskem parku. Po ogledu nacionalnega parka Los Haitises nas \u010daka kosilo v slapovih Yanigua. \u010ce ste po lokalnem in gastronomskem lokalnem kosilu, morate imeti \u010das za kopanje v edinstvenih naravnih bazenih, voda prihaja iz narodnega parka Los Haitises.<\/p>\n<p>Po tej izku\u0161nji se boste vrnili v skupnost Punta Cana, od koder vas poberemo.<\/p>\n<ul>\n<li style=\"font-weight: 400;\">Pristojbine vklju\u010dene<\/li>\n<li>Kosilo<\/li>\n<li>Prigrizki<\/li>\n<li style=\"font-weight: 400;\">Lokalni turisti\u010dni vodnik v angle\u0161\u010dini ali franco\u0161\u010dini<\/li>\n<li>Prevozni\u0161tvo<\/li>\n<li>Izlet z ladjo<\/li>\n<li>Montana Redonda<\/li>\n<li>Slap Yanigua<\/li>\n<\/ul>\n<p>&nbsp;<\/p>\n<h4><b>Vklju\u010ditve in izklju\u010ditve<\/b><\/h4>\n<p>&nbsp;<\/p>\n<p><b>Vklju\u010dki<\/b><\/p>\n<ol>\n<li style=\"font-weight: 400;\">Ogled Los Haitises + jame in piktogrami<\/li>\n<li>Montana Redonda<\/li>\n<li>Slapovi Yanigua<\/li>\n<li>Kosilo<\/li>\n<li>Prevzem hotelov na obmo\u010djih Punta Cane.<\/li>\n<li style=\"font-weight: 400;\"><span style=\"font-weight: 400;\">Vsi davki, pristojbine in manipulativni stro\u0161ki<\/span><\/li>\n<li style=\"font-weight: 400;\"><span style=\"font-weight: 400;\">Lokalni davki<\/span><\/li>\n<li style=\"font-weight: 400;\"><span style=\"font-weight: 400;\">pija\u010de<\/span><\/li>\n<li>Prigrizki<\/li>\n<li style=\"font-weight: 400;\"><span style=\"font-weight: 400;\">Vse dejavnosti<\/span><\/li>\n<li style=\"font-weight: 400;\"><span style=\"font-weight: 400;\">Lokalni vodnik<\/span><\/li>\n<\/ol>\n<p><b> Izklju\u010ditve<\/b><\/p>\n<ol>\n<li style=\"font-weight: 400;\"><span style=\"font-weight: 400;\">Napitnine<\/span><\/li>\n<li style=\"font-weight: 400;\"><span style=\"font-weight: 400;\">Alkoholne pija\u010de<\/span><\/li>\n<\/ol>\n<p>&nbsp;<\/p>\n<h4><em><strong>Odhod in povratek<\/strong><\/em><\/h4>\n<p><span style=\"font-weight: 400;\">Potnik bo dobil zbirali\u0161\u010de po opravljenem postopku rezervacije. Ogledi se za\u010dnejo in kon\u010dajo na na\u0161ih zbirali\u0161\u010dih.<\/span><\/p>\n<h4><\/h4>\n<h3>Punta Cana: nacionalni park Los Haitises, slapovi Yanigua in Montana Redonda<\/h3>\n<h4><b><i>Kaj pri\u010dakovati?<\/i><\/b><\/h4>\n<p><em><strong>Zagotovite si vstopnice<\/strong><\/em> za obisk Los Haitises National Park Tour iz Punta Cane.<\/p>\n<p>The\u00a0<strong>tropska narava Dominikanske republike<\/strong>\u00a0je eden glavnih\u00a0<strong>turisti\u010dne atrakcije<\/strong>\u00a0v dr\u017eavi. Danes vam \u017eelimo predlagati a\u00a0<strong>edinstven izlet<\/strong>\u00a0ki jih lahko naredite iz Punta Cane, in to vklju\u010duje obisk treh krajev, kjer vas bo pokrajina pustila brez besed.<\/p>\n<p>Prvi med njimi je\u00a0<em>Okrogla gora<\/em>, kraj, ki je v zadnjih letih zaslovel po\u00a0<strong>panoramski pogled<\/strong>\u00a0nad Karibi, kjer\u00a0<strong>utrinki na gugalnici<\/strong>\u00a0ki gledajo proti obzorju, so ga uvrstili med\u00a0<strong>najbolj fotografirani kraji v Dominikanski republiki<\/strong>.<\/p>\n<p><strong>Nacionalni park Los Haitises<\/strong>\u00a0je na\u0161 naslednji cilj na zemljevidu, obmo\u010dje, kjer\u00a0<strong>morje, mangrove, d\u017eungle<\/strong>\u00a0in celo\u00a0<strong>arheolo\u0161ke ostaline<\/strong>\u00a0skrite v jamah, razkrivajo vse\u00a0<strong>naravni \u010dar, ki ga de\u017eela ponuja<\/strong>. Njegovi mali gri\u010di, polni vegetacije, so tudi idealen kraj za opazovanje ptic, ki ga boste na\u0161li le tukaj.<\/p>\n<p>Znotraj parka je \u0161e ena\u00a0<strong>\u010darobno mesto: slapovi Yanigua Ranch<\/strong>. Ta spektakularen slap je\u00a0<strong>idealen kraj za odklop<\/strong>\u00a0od turisti\u010dne gne\u010de Punta Cane, obdan z gostim rastlinjem, da se nam zdi, da smo od najbli\u017ejega mesta oddaljeni ve\u010d kot 100 kilometrov, \u010deprav v resnici ni tako.<\/p>\n<div class=\"body-description secondary\">\n<p>Po kosilu se vrnemo v Punta Cano!!<\/p>\n<h2 id=\"headline-62-1277\" class=\"ct-headline\">Itinerar turneje<\/h2>\n<div id=\"_rich_text-77-1277\" class=\"oxy-rich-text\">\n<p>Itinerar te ekskurzije je naslednji:<\/p>\n<ul>\n<li><strong>06:50 zjutraj<\/strong>\u00a0\u2013 Poberem vas v va\u0161em hotelu.<\/li>\n<li><strong>08:30 zjutraj<\/strong>\u00a0\u2013 Prihod na okroglo goro, edinstveno pokrajino v celi dr\u017eavi.<\/li>\n<li><strong>10:30 zjutraj<\/strong>\u00a0\u2013 Odhod iz mesta Sabana de la Mar proti narodnemu parku Haitises z gliserjem. Na poti bomo videli\u00a0<strong>eksoti\u010dne ptice<\/strong>, in prispeli bomo do\u00a0<strong>jame<\/strong>\u00a0kjer lahko vidite\u00a0<strong>avtohtone slike<\/strong>.<\/li>\n<li><strong>12:30<\/strong>\u00a0<strong>popoldne\u00a0<\/strong>\u2013 Pojdite globoko v d\u017eunglo, dokler ne pridemo do slapov Yanigua Ranch, ki so popoln kraj za kosilo in kopanje. Lahko si privo\u0161\u010dite tudi terapevtsko blatno kopel.<\/li>\n<li><strong>02:00<\/strong>\u00a0<strong>popoldne<\/strong>\u00a0\u2013 Lahko okusite\u00a0<strong>kava in kakav<\/strong>\u00a0z lokalnih kmetij in ran\u010dev.<\/li>\n<li><strong>03:00<\/strong>\u00a0<strong>popoldne<\/strong>\u2013 Obi\u0161\u010dite\u00a0<strong>rudnik modrega jantarja<\/strong>.<\/li>\n<li><strong>16:30<\/strong>\u00a0\u2013 Ustavite se na fotografski razgledni to\u010dki, kjer si lahko ogledate sijaj nacionalnega parka Haitises.<\/li>\n<li><strong>17:00<\/strong>\u00a0\u2013 Nazadnje nas bo vodi\u010d popeljal do ene najbolj radovednih zgradb v kraju,\u00a0<em>Tarzanova hi\u0161a<\/em>, ki se nahaja na ve\u010d kot 100 metrov visokem drevesu.<\/li>\n<li><strong>18:00<\/strong>\u00a0\u2013 Povratek v hotele z na\u0161im prevozom.<\/li>\n<\/ul>\n<p><em>* Zgoraj navedeni \u010dasi so pribli\u017eni<\/em><\/p>\n<\/div>\n<\/div>\n<p>V primeru, da vam bo to potovanje v\u0161e\u010d dalj\u0161e ali kraj\u0161e, nas kontaktirajte.<\/p>\n<p>&nbsp;<\/p>\n<h4><em><strong>Kaj morate prinesti?<\/strong><\/em><\/h4>\n<ul>\n<li style=\"font-weight: 400;\"><span style=\"font-weight: 400;\">Kamera<\/span><\/li>\n<li style=\"font-weight: 400;\"><span style=\"font-weight: 400;\">Odganjalni popki<\/span><\/li>\n<li style=\"font-weight: 400;\"><span style=\"font-weight: 400;\">Son\u010dna krema<\/span><\/li>\n<li style=\"font-weight: 400;\"><span style=\"font-weight: 400;\">Klobuk<\/span><\/li>\n<li style=\"font-weight: 400;\"><span style=\"font-weight: 400;\">Udobne hla\u010de<\/span><\/li>\n<li style=\"font-weight: 400;\"><span style=\"font-weight: 400;\">Pohodni\u0161ki \u010devlji za gozd<\/span><\/li>\n<li style=\"font-weight: 400;\"><span style=\"font-weight: 400;\">Sandali za pomladna obmo\u010dja.<\/span><\/li>\n<li style=\"font-weight: 400;\"><span style=\"font-weight: 400;\">Kopalna obla\u010dila<\/span><\/li>\n<\/ul>\n<p>&nbsp;<\/p>\n<h4><b><i>Prevzem v hotelu <\/i><\/b><\/h4>\n<p><span style=\"font-weight: 400;\">Za to turnejo je na voljo prevzem iz hotela. Tukaj zgoraj izberite ime hotela in \u010das. V primeru, da va\u0161ega hotela ni na seznamu, nas kontaktirajte.<\/span><\/p>\n<p>&nbsp;<\/p>\n<p><b>Opomba:<\/b><span style=\"font-weight: 400;\"> \u010de rezervirate v 24 urah po \u010dasu odhoda potovanja\/izleta, lahko organiziramo hotelski prevzem z dopla\u010dilom. Ko bo va\u0161 nakup opravljen, vam bomo poslali popolne kontaktne podatke (telefonsko \u0161tevilko, e-po\u0161tni naslov itd.) za na\u0161ega lokalnega turisti\u010dnega vodnika, ki bo organiziral prevzem.<\/span><\/p>\n<h4><b><i>Potrditev dodatnih informacij <\/i><\/b><\/h4>\n<ol>\n<li>Vstopnice so potrdilo po pla\u010dilu tega izleta. Pla\u010dilo lahko prika\u017eete na telefonu.<\/li>\n<li style=\"font-weight: 400;\"><span style=\"font-weight: 400;\">Zbirno mesto bo prejeto po opravljenem postopku rezervacije.<\/span><\/li>\n<li style=\"font-weight: 400;\"><span style=\"font-weight: 400;\">Otroci morajo biti v spremstvu odrasle osebe.<\/span><\/li>\n<li style=\"font-weight: 400;\"><span style=\"font-weight: 400;\"> Ni dostopno z invalidskim vozi\u010dkom <\/span><\/li>\n<li style=\"font-weight: 400;\"><span style=\"font-weight: 400;\">Dojen\u010dki morajo sedeti v naro\u010dju <\/span><\/li>\n<li style=\"font-weight: 400;\"><span style=\"font-weight: 400;\">Ni priporo\u010dljivo za popotnike s te\u017eavami s hrbtom<\/span><\/li>\n<li style=\"font-weight: 400;\"><span style=\"font-weight: 400;\">Ni priporo\u010dljivo za nose\u010dnice <\/span><\/li>\n<li style=\"font-weight: 400;\"><span style=\"font-weight: 400;\"> Brez te\u017eav s srcem ali drugih resnih zdravstvenih te\u017eav <\/span><\/li>\n<li style=\"font-weight: 400;\"><span style=\"font-weight: 400;\">Ve\u010dina popotnikov lahko sodeluje<\/span><\/li>\n<\/ol>\n<h4><b><i>Politika odpovedi<\/i><\/b><\/h4>\n<p>Za celotno vra\u010dilo preberite na\u0161e pravilnike o odpovedih\u00a0<a href=\"https:\/\/www.boattoursamana.com\/sl\/spletna-rezervacija\/\" target=\"_blank\" rel=\"noopener\" data-saferedirecturl=\"https:\/\/www.google.com\/url?q=https:\/\/www.boattoursamana.com\/online-booking\/&amp;source=gmail&amp;ust=1672308980019000&amp;usg=AOvVaw26v5FL8g3-3hyHN76KOvdD\">Klikni tukaj<\/a>. Sredstva bodo izgubljena, \u010de je rezervacija odpovedana isti dan potovanja.<\/p>\n\n\t\t<\/div>\n\t<\/div>\n<div class=\"vc_btn3-container vc_btn3-inline\" ><a class=\"vc_general vc_btn3 vc_btn3-size-md vc_btn3-shape-rounded vc_btn3-style-modern vc_btn3-color-green\" href=\"https:\/\/bookingadventures.tours\/booking.php?tour_id=8081df21d5fc51981b39e270d99ab5ab\" title=\"\" rel=\"noopener\">REZERVIRAJTE ZDAJ <\/a><\/div><\/div><\/div><\/div><\/div><div class=\"vc_row wpb_row vc_row-fluid\" ><div class=\"wpb_column vc_column_container vc_col-sm-12\"><div class=\"vc_column-inner\"><div class=\"wpb_wrapper\"><div class=\"vc_empty_space\"   style=\"height: 32px\"><span class=\"vc_empty_space_inner\"><\/span><\/div>\n\t<div class=\"wpb_video_widget wpb_content_element vc_clearfix   vc_video-aspect-ratio-169 vc_video-el-width-100 vc_video-align-left\" >\n\t\t<div class=\"wpb_wrapper\">\n\t\t\t<h2 class=\"wpb_heading wpb_video_heading\">Video o narodnem parku Los Haitises:<\/h2>\n\t\t\t<div class=\"wpb_video_wrapper\"><iframe loading=\"lazy\" title=\"Nacionalni park Los Haitises, ogledi in izleti iz Samane ali Sabane de la Mar. Rezervirajte tukaj:\" src=\"https:\/\/player.vimeo.com\/video\/346508015?dnt=1&amp;app_id=122963\" width=\"1100\" height=\"619\" frameborder=\"0\" allow=\"autoplay; fullscreen\" allowfullscreen><\/iframe><\/div>\n\t\t<\/div>\n\t<\/div>\n<div class=\"vc_empty_space\"   style=\"height: 32px\"><span class=\"vc_empty_space_inner\"><\/span><\/div><\/div><\/div><\/div><\/div><div class=\"vc_row wpb_row vc_row-fluid\" ><div class=\"wpb_column vc_column_container vc_col-sm-12\"><div class=\"vc_column-inner\"><div class=\"wpb_wrapper\"><div class=\"vc_empty_space\"   style=\"height: 32px\"><span class=\"vc_empty_space_inner\"><\/span><\/div>\n\t<div class=\"wpb_text_column wpb_content_element\" >\n\t\t<div class=\"wpb_wrapper\">\n\t\t\t<h4>Kontaktiraj nas?<\/h4>\n<h5><em><strong>Booking Adventures<\/strong><\/em><\/h5>\n<p><em><strong>Doma\u010dini<\/strong>\u00a0in\u00a0<strong>Dr\u017eavljani<\/strong>\u00a0Turisti\u010dni vodniki in storitve za goste<\/em><\/p>\n<p><span class=\"text-turquoise\">Rezervacije:<\/span>\u00a0Ogledi in izleti v Dom. Rep.<\/p>\n<p><img decoding=\"async\" class=\"emoji\" draggable=\"false\" src=\"https:\/\/s.w.org\/images\/core\/emoji\/11.2.0\/svg\/1f4de.svg\" alt=\"\ud83d\udcde\" title=\"\">\u00a0Tel\/Whatsapp\u00a0\u00a0<a href=\"tel:+1-809-720-6035\">+1-809-720-6035<\/a>.<\/p>\n<p><img decoding=\"async\" class=\"emoji\" draggable=\"false\" src=\"https:\/\/s.w.org\/images\/core\/emoji\/11.2.0\/svg\/1f4e9.svg\" alt=\"\ud83d\udce9\" title=\"\">\u00a0<a href=\"mailto:info@bookingadventures.com.do\">info@bookingadventures.com.do<\/a><\/p>\n<p><strong>Zasebne izlete prek Whatsappa smo prilagodljivi:\u00a0<a href=\"tel:+18097206035\">+18097206035.<\/a><\/strong><\/p>\n\n\t\t<\/div>\n\t<\/div>\n<div class=\"vc_empty_space\"   style=\"height: 32px\"><span class=\"vc_empty_space_inner\"><\/span><\/div><\/div><\/div><\/div><\/div>","protected":false},"excerpt":{"rendered":"<p>Izlet iz Punta Cane: nacionalni park Los Haitises, slapovi Yanigua in Montana Redonda. Vklju\u010duje kosilo in prevoz za obisk 3 glavnih jam, raziskovanje 2 razli\u010dnih ekosistemov mangrov, razglede in Simming Pools.<\/p>\n<p>Celodnevni izlet v nacionalni park Los Haitises z lokalnim vodnikom. Obisk Cays v narodnem parku Los Haitises, mangrove, vegetacija, ptice, jame, piktografi in zgodovinska obmo\u010dja Sabana de la Mar v narodnem parku Los Haitises. \u010cudoviti razgledi v Montana Redonda in kosilo ter bazeni v slapovih Yanigua.<\/p>\n<p>&nbsp;<\/p>\n<p><strong>Prosimo izberite datum izleta:\u00a0<\/strong><\/p>","protected":false},"featured_media":14278,"template":"","meta":[],"product_cat":[948,946,928,168,1050,1049],"product_tag":[268,296,267,171,209,440,441,299,1052,212,297,222,298,269,1053,1051],"class_list":["post-14291","product","type-product","status-publish","has-post-thumbnail","hentry","product_cat-1-punta-cana","product_cat-1-sabana-de-la-mar","product_cat-boat-trip-los-haitises","product_cat-caves","product_cat-waterfalls-los-haitises","product_cat-yanigua-waterfalls-montana-redonda","product_tag-caves-los-haitises","product_tag-day-trip-punta-cana","product_tag-las-terrenas","product_tag-los-haitises","product_tag-los-haitises-national-park","product_tag-los-haitises-national-park-map","product_tag-los-haitises-national-park-tour-from-las-terrenas","product_tag-los-haitises-national-park-tours-excursions","product_tag-los-haitises-waterfall","product_tag-mangroves-los-haitises","product_tag-montana-redonda-tours-excursion","product_tag-punta-cana","product_tag-punta-cana-tours-excursions","product_tag-transportation-los-haitises","product_tag-waterfalls-dominican-republic","product_tag-yanigua-waterfalls"],"_links":{"self":[{"href":"https:\/\/www.boattoursamana.com\/sl\/wp-json\/wp\/v2\/product\/14291","targetHints":{"allow":["GET"]}}],"collection":[{"href":"https:\/\/www.boattoursamana.com\/sl\/wp-json\/wp\/v2\/product"}],"about":[{"href":"https:\/\/www.boattoursamana.com\/sl\/wp-json\/wp\/v2\/types\/product"}],"wp:featuredmedia":[{"embeddable":true,"href":"https:\/\/www.boattoursamana.com\/sl\/wp-json\/wp\/v2\/media\/14278"}],"wp:attachment":[{"href":"https:\/\/www.boattoursamana.com\/sl\/wp-json\/wp\/v2\/media?parent=14291"}],"wp:term":[{"taxonomy":"product_cat","embeddable":true,"href":"https:\/\/www.boattoursamana.com\/sl\/wp-json\/wp\/v2\/product_cat?post=14291"},{"taxonomy":"product_tag","embeddable":true,"href":"https:\/\/www.boattoursamana.com\/sl\/wp-json\/wp\/v2\/product_tag?post=14291"}],"curies":[{"name":"wp","href":"https:\/\/api.w.org\/{rel}","templated":true}]}}