{"id":16552,"date":"2023-10-29T11:41:45","date_gmt":"2023-10-29T11:41:45","guid":{"rendered":"https:\/\/www.ticketswhales.com\/?post_type=product&#038;p=16552"},"modified":"2023-10-29T12:15:58","modified_gmt":"2023-10-29T12:15:58","slug":"los-haitises-national-park-lunch-at-cano-hondo-from-sabana-de-la-mar-copy","status":"publish","type":"product","link":"https:\/\/www.boattoursamana.com\/sl\/turneja\/los-haitises-nacionalni-park-kosilo-v-cano-hondo-iz-sabana-de-la-mar-kopija","title":{"rendered":"Narodni park Los Haitises + kosilo v Ca\u00f1o Hondo iz Sabana de la Mar (kopija)"},"content":{"rendered":"<div class=\"vc_row wpb_row vc_row-fluid\" ><div class=\"wpb_column vc_column_container vc_col-sm-12\"><div class=\"vc_column-inner\"><div class=\"wpb_wrapper\">\n\t<div class=\"wpb_text_column wpb_content_element\" >\n\t\t<div class=\"wpb_wrapper\">\n\t\t\t<div class=\"mkdf-single-product-content\">\n<div class=\"woocommerce-product-gallery woocommerce-product-gallery--with-images woocommerce-product-gallery--columns-4 images\" data-columns=\"4\"><\/div>\n<\/div>\n<div class=\"woocommerce-tabs wc-tabs-wrapper\">\n<div id=\"tab-description\" class=\"woocommerce-Tabs-panel woocommerce-Tabs-panel--description panel entry-content wc-tab\" role=\"tabpanel\" aria-labelledby=\"tab-title-description\">\n<div class=\"vc_row wpb_row vc_row-fluid\"><a id=\"overview\" class=\"aal_anchor\" style=\"font-size: 25px; font-weight: bold; letter-spacing: -0.005em;\" href=\"https:\/\/bookingadventures.com.do\/dominicantour\/los-haitises-national-park-lunch-at-cano-hondo-from-sabana-de-la-mar\/#overview\" aria-hidden=\"true\" rel=\"noopener\"><\/a><b style=\"color: #303030; font-size: 25px; letter-spacing: -0.005em;\"><i>Pregled<\/i><\/b><\/div>\n<p>Celodnevni izlet v nacionalni park Los Haitises in kosilo v Ca\u00f1o Hondo ter kopanje v naravnih izvirih. Pojdite z nami in obi\u0161\u010dite najlep\u0161i nacionalni park Dominikanske republike, obi\u0161\u010dite mangrove, jame in zaliv San Lorenzo. Nazaj v pristani\u0161\u010de Ca\u00f1o Hondo na 15-minutni pohod in u\u017eivanje v tipi\u010dnem kosilu s pogledom na morje do narodnega parka Los Haitises. Po tem kopanje v naravnem izviru do 16.30.<\/p>\n<p>Po tej izku\u0161nji boste imeli \u010das na pla\u017ei in lokalno kosilo na pla\u017ei.<\/p>\n<ul>\n<li>Vklju\u010duje samopostre\u017eno kosilo<\/li>\n<li>Kopanje v naravnih izvirih<\/li>\n<li>Pristojbine vklju\u010dene<\/li>\n<li>Vodnik zagotavlja navodila in nadzor<\/li>\n<\/ul>\n<p>&nbsp;<\/p>\n<h4><a id=\"inclusions-exclusions\" class=\"aal_anchor\" href=\"https:\/\/bookingadventures.com.do\/dominicantour\/los-haitises-national-park-lunch-at-cano-hondo-from-sabana-de-la-mar\/#inclusions-exclusions\" aria-hidden=\"true\" rel=\"noopener\"><\/a><b>Vklju\u010ditve in izklju\u010ditve<\/b><\/h4>\n<p>&nbsp;<\/p>\n<p><b>Vklju\u010dki<\/b><\/p>\n<ol>\n<li>\u00a0kosilo v Ecolodgeu<\/li>\n<li>Ogled Los Haitises + jame in piktogrami<\/li>\n<li>Vsi davki, pristojbine in manipulativni stro\u0161ki<\/li>\n<li>Lokalni davki<\/li>\n<li>pija\u010de<\/li>\n<li>Vse dejavnosti<\/li>\n<li>Lokalni vodnik<\/li>\n<\/ol>\n<p><b>Izklju\u010ditve<\/b><\/p>\n<ol>\n<li>Napitnine<\/li>\n<li>Prenos<\/li>\n<li>Alkoholne pija\u010de<\/li>\n<\/ol>\n<p>&nbsp;<\/p>\n<h4><a id=\"departure-return\" class=\"aal_anchor\" href=\"https:\/\/bookingadventures.com.do\/dominicantour\/los-haitises-national-park-lunch-at-cano-hondo-from-sabana-de-la-mar\/#departure-return\" aria-hidden=\"true\" rel=\"noopener\"><\/a><em><strong>Odhod in povratek<\/strong><\/em><\/h4>\n<p>Potnik bo dobil zbirali\u0161\u010de po opravljenem postopku rezervacije. Ogledi se za\u010dnejo in kon\u010dajo na na\u0161ih zbirali\u0161\u010dih.<\/p>\n<p>&nbsp;<\/p>\n<h4><a id=\"what-to-expect\" class=\"aal_anchor\" href=\"https:\/\/bookingadventures.com.do\/dominicantour\/los-haitises-national-park-lunch-at-cano-hondo-from-sabana-de-la-mar\/#what-to-expect\" aria-hidden=\"true\" rel=\"noopener\"><\/a><b><i>Kaj pri\u010dakovati?<\/i><\/b><\/h4>\n<p>&nbsp;<\/p>\n<p><em><strong>Zagotovite si vstopnice<\/strong><\/em>\u00a0za obisk nacionalnega parka Los Haitises s \u010dudovitim kosilom v Cano Hondo in kopanjem v naravnih izvirih. Odpravite se na izlet z ladjo skozi mo\u010dvirja z mangrovami, mimo starodavnih gusarskih jam in v za\u0161\u010ditene gozdove v tem slikovitem rezervatu, za\u010den\u0161i z obmo\u010dja hotelov Ca\u00f1o Hondo ali iz mesta Sabana de la Mar.<\/p>\n<p>Tura, ki jo organizira &quot;Booking Adventures&quot;, se za\u010dne na zbirnem mestu, ki ga dolo\u010di vodnik. Pridite z Booking Adventures in za\u010dnite preverjati mangrove, polne ptic, gri\u010de z bujno vegetacijo in jame\u00a0<em><strong>Nacionalni park Los Haitises<\/strong><\/em>. Vo\u017enja z ladjo Izlet od reke Ca\u00f1o Hondo, Sabana de la Mar.<\/p>\n<p>Skozi mangrove in de\u017eelo ob odprtem zalivu San Lorenzo, od koder lahko fotografirate razgibano gozdno pokrajino. Poglejte v vodo, da opazite\u00a0<em><strong>morske krave<\/strong><\/em>, raki in\u00a0<em><strong>delfini.<\/strong><\/em><\/p>\n<div class=\"body-description secondary\">\n<p>nIme nacionalnega parka izvira iz njegovih prvotnih prebivalcev, Indijancev Taino. V njihovem jeziku &quot;Haitises&quot; pomeni visokogorje ali hribovje, kar pomeni strme geolo\u0161ke formacije obale z apnenci. Pustolov\u0161\u010dina globlje v park, da razi\u0161\u010dete jame, kot je\u00a0<em><strong>Cueva de la Arena<\/strong><\/em>\u00a0in\u00a0<strong><em>Cueva de la linea.<\/em><\/strong>\u00a0Jame v rezervatu so uporabljali kot zavetje Indijanci Taino in kasneje skrivajo\u010di se pirati. Poi\u0161\u010dite risbe Indijancev, ki krasijo nekatere stene. Po obisku nacionalnega parka Los Haitises se bomo odpravili v Ca\u00f1o Hondo. V Ca\u00f1o Hondo spoznavanje zgodovine te ekolo\u0161ke hi\u0161e in kosilo s tipi\u010dno hrano iz skupnosti Sabana de la Mar.<\/p>\n<p>Kosilo bo okusno, vendar \u0161e nismo kon\u010dali. Po kosilu bomo plavali v naravnem izviru od reke Jibales, trajne reke, do reke Ca\u00f1o Hondo. Bivanje v Ca\u00f1o Hondo do 18:00, \u010de \u017eelite ali manj.<\/p>\n<\/div>\n<p>V naravnem izviru bazenov lahko ostanete tako dolgo, kot \u017eelite, kopanje in pohodni\u0161tvo. \u010ce ste vegan, vam lahko pripravimo tudi hrano.<\/p>\n<p>&nbsp;<\/p>\n<h4><a id=\"what-you-should-bring\" class=\"aal_anchor\" href=\"https:\/\/bookingadventures.com.do\/dominicantour\/los-haitises-national-park-lunch-at-cano-hondo-from-sabana-de-la-mar\/#what-you-should-bring\" aria-hidden=\"true\" rel=\"noopener\"><\/a><em><strong>Kaj morate prinesti?<\/strong><\/em><\/h4>\n<ul>\n<li>Kamera<\/li>\n<li>Odganjalni popki<\/li>\n<li>son\u010dna krema<\/li>\n<li>Klobuk<\/li>\n<li>Udobne hla\u010de<\/li>\n<li>Pohodni\u0161ki \u010devlji za gozd<\/li>\n<li>Sandali za pomladna obmo\u010dja.<\/li>\n<li>Kopalna obla\u010dila<\/li>\n<\/ul>\n<p>&nbsp;<\/p>\n<h4><a id=\"hotel-pickup\" class=\"aal_anchor\" href=\"https:\/\/bookingadventures.com.do\/dominicantour\/los-haitises-national-park-lunch-at-cano-hondo-from-sabana-de-la-mar\/#hotel-pickup\" aria-hidden=\"true\" rel=\"noopener\"><\/a><b><i>Prevzem v hotelu<\/i><\/b><\/h4>\n<p>Prevzem iz hotela za to turnejo ni na voljo.<\/p>\n<p>&nbsp;<\/p>\n<p><b>Opomba:<\/b>\u00a0\u010de rezervirate v 24 urah po \u010dasu odhoda potovanja\/izleta, lahko organiziramo hotelski prevzem z dopla\u010dilom. Ko bo va\u0161 nakup opravljen, vam bomo poslali popolne kontaktne podatke (telefonsko \u0161tevilko, e-po\u0161tni naslov itd.) za na\u0161ega lokalnega turisti\u010dnega vodnika, ki bo organiziral prevzem.<\/p>\n<h4><a id=\"additional-info-confirmation\" class=\"aal_anchor\" href=\"https:\/\/bookingadventures.com.do\/dominicantour\/los-haitises-national-park-lunch-at-cano-hondo-from-sabana-de-la-mar\/#additional-info-confirmation\" aria-hidden=\"true\" rel=\"noopener\"><\/a><b><i>Potrditev dodatnih informacij<\/i><\/b><\/h4>\n<ol>\n<li>Vstopnice so potrdilo po pla\u010dilu tega izleta. Pla\u010dilo lahko prika\u017eete na telefonu.<\/li>\n<li>Zbirno mesto bo prejeto po opravljenem postopku rezervacije.<\/li>\n<li>Otroci morajo biti v spremstvu odrasle osebe.<\/li>\n<li>Ni dostopno z invalidskim vozi\u010dkom<\/li>\n<li>Dojen\u010dki morajo sedeti v naro\u010dju<\/li>\n<li>Ni priporo\u010dljivo za popotnike s te\u017eavami s hrbtom<\/li>\n<li>Ni priporo\u010dljivo za nose\u010dnice<\/li>\n<li>Brez te\u017eav s srcem ali drugih resnih zdravstvenih te\u017eav<\/li>\n<li>Ve\u010dina popotnikov lahko sodeluje<\/li>\n<\/ol>\n<\/div>\n<\/div>\n\n\t\t<\/div>\n\t<\/div>\n<div class=\"vc_btn3-container vc_btn3-inline\" ><a class=\"vc_general vc_btn3 vc_btn3-size-md vc_btn3-shape-rounded vc_btn3-style-modern vc_btn3-color-green\" href=\"https:\/\/bookingadventures.tours\/booking.php?tour_id=564682de5ff3fb75370322d9bb29062a\" title=\"\" rel=\"noopener\">REZERVIRAJTE ZDAJ<\/a><\/div><div class=\"mkdf-section-title-holder\" style=\"text-align: left\">\n\t<div class=\"mkdf-st-inner\">\n\t\t\t\t\t<h5 class=\"mkdf-st-subtitle\" >\n\t\t\t\tKosilo in kopanje v naravnih izvirih\t\t\t<\/h5>\n\t\t\t\t\t\t\t<h3 class=\"mkdf-st-title\" >\n\t\t\t\tNacionalni park Los Haitises + kosilo v Cano Hondo iz Sabana de la Mar\t\t\t<\/h3>\n\t\t\t\t\t<\/div>\n<\/div><div class=\"vc_empty_space\"   style=\"height: 32px\"><span class=\"vc_empty_space_inner\"><\/span><\/div><div class=\"vc_empty_space\"   style=\"height: 32px\"><span class=\"vc_empty_space_inner\"><\/span><\/div><\/div><\/div><\/div><\/div><div class=\"wpb_column vc_column_container vc_col-sm-12\"><div class=\"vc_column-inner\"><div class=\"wpb_wrapper\"><\/div><\/div><\/div><div class=\"wpb_column vc_column_container vc_col-sm-12\"><div class=\"vc_column-inner\"><div class=\"wpb_wrapper\"><\/div><\/div><\/div><div class=\"wpb_column vc_column_container vc_col-sm-12\"><div class=\"vc_column-inner\"><div class=\"wpb_wrapper\"><\/div><\/div><\/div>","protected":false},"excerpt":{"rendered":"<p>Ekskurzija v narodni park Los Haitises, ki se za\u010dne v Sabana de la Mar, obisk mangrov, jam, piktogramov + kosilo v Can\u00f1o Hondo ogledih in bazenih.<\/p>\n<p>Naredite to turo s pohodni\u0161ko potjo in spoznajte zgodovino narodnega parka Los Haitises od doma\u010dinov.<\/p>\n<p>&nbsp;<\/p>\n<p><strong>Izberite datum za ogled:\u00a0<\/strong><\/p>","protected":false},"featured_media":12271,"template":"","meta":[],"product_cat":[254,946,928,933,255],"product_tag":[176,211,210,192,215,214,171,209,212,175,213],"class_list":["post-16552","product","type-product","status-publish","has-post-thumbnail","hentry","product_cat-tours-excursions-los-haitises-national-park","product_cat-1-sabana-de-la-mar","product_cat-boat-trip-los-haitises","product_cat-natural-pools-los-haitises","product_cat-tours-excursions-samana-bay-dominican-republic","product_tag-cano-hondo","product_tag-cano-hondo-hotel","product_tag-cano-hondo-tours","product_tag-day-tour-cano-hondo","product_tag-la-arena-cave","product_tag-line-cave","product_tag-los-haitises","product_tag-los-haitises-national-park","product_tag-mangroves-los-haitises","product_tag-sabana-de-la-mar","product_tag-san-lorenzo-bay"],"_links":{"self":[{"href":"https:\/\/www.boattoursamana.com\/sl\/wp-json\/wp\/v2\/product\/16552","targetHints":{"allow":["GET"]}}],"collection":[{"href":"https:\/\/www.boattoursamana.com\/sl\/wp-json\/wp\/v2\/product"}],"about":[{"href":"https:\/\/www.boattoursamana.com\/sl\/wp-json\/wp\/v2\/types\/product"}],"wp:featuredmedia":[{"embeddable":true,"href":"https:\/\/www.boattoursamana.com\/sl\/wp-json\/wp\/v2\/media\/12271"}],"wp:attachment":[{"href":"https:\/\/www.boattoursamana.com\/sl\/wp-json\/wp\/v2\/media?parent=16552"}],"wp:term":[{"taxonomy":"product_cat","embeddable":true,"href":"https:\/\/www.boattoursamana.com\/sl\/wp-json\/wp\/v2\/product_cat?post=16552"},{"taxonomy":"product_tag","embeddable":true,"href":"https:\/\/www.boattoursamana.com\/sl\/wp-json\/wp\/v2\/product_tag?post=16552"}],"curies":[{"name":"wp","href":"https:\/\/api.w.org\/{rel}","templated":true}]}}