{"id":9228,"date":"2019-07-19T06:00:45","date_gmt":"2019-07-19T06:00:45","guid":{"rendered":"https:\/\/www.ticketswhales.com\/?post_type=product&#038;p=9228"},"modified":"2023-02-19T13:36:18","modified_gmt":"2023-02-19T13:36:18","slug":"cayo-levantado-whale-watching-from-samana-port-private-boat-tour","status":"publish","type":"product","link":"https:\/\/www.boattoursamana.com\/sl\/turneja\/cayo-levantado-opazovanje-kitov-iz-pristanisca-samana-zasebni-izlet-z-ladjo","title":{"rendered":"Zasebni ogled Saman\u00e1 Whale Watching + Cayo Levantado (otok Bacardi) iz pristani\u0161\u010da Saman\u00e1"},"content":{"rendered":"<div class=\"vc_row wpb_row vc_row-fluid\" ><div class=\"wpb_column vc_column_container vc_col-sm-12\"><div class=\"vc_column-inner\"><div class=\"wpb_wrapper\"><div class=\"vc_empty_space\"   style=\"height: 32px\"><span class=\"vc_empty_space_inner\"><\/span><\/div><div class=\"mkdf-section-title-holder\" style=\"text-align: left\">\n\t<div class=\"mkdf-st-inner\">\n\t\t\t\t\t<h5 class=\"mkdf-st-subtitle\" >\n\t\t\t\tZasebni izlet z ladjo iz pristani\u0161\u010da Saman\u00e1\t\t\t<\/h5>\n\t\t\t\t\t\t\t<h3 class=\"mkdf-st-title\" >\n\t\t\t\tSamana Cayo Levantado + opazovanje kitov\t\t\t<\/h3>\n\t\t\t\t\t<\/div>\n<\/div><div class=\"vc_message_box vc_message_box-standard vc_message_box-rounded vc_color-info\" ><div class=\"vc_message_box-icon\"><i class=\"fas fa-info-circle\"><\/i><\/div><p>To je zasebna tura za najmanj 4 osebe. Za rezervacijo istega izleta v skupinah katamaranov <a href=\"https:\/\/www.boattoursamana.com\/sl\/tours-excursions\/tours-and-excursions\/samana-opazovanje-kitov-cayo-levantado\/\">Klikni tukaj.<\/a><\/p>\n<p>\u010ce ste manj kot 4 osebe in vam je v\u0161e\u010d zasebno, nas kontaktirajte.<\/p>\n<\/div><div class=\"vc_empty_space\"   style=\"height: 32px\"><span class=\"vc_empty_space_inner\"><\/span><\/div><\/div><\/div><\/div><\/div><div class=\"vc_row wpb_row vc_row-fluid\" ><div class=\"wpb_column vc_column_container vc_col-sm-12\"><div class=\"vc_column-inner\"><div class=\"wpb_wrapper\"><div class=\"vc_btn3-container vc_btn3-inline\" ><a class=\"vc_general vc_btn3 vc_btn3-size-md vc_btn3-shape-rounded vc_btn3-style-modern vc_btn3-color-green\" href=\"https:\/\/bookingadventures.tours\/booking.php?tour_id=ccd2fafcfb0614232b46b749871336cb\" title=\"REZERVIRAJTE ZDAJ\" rel=\"noopener\">REZERVIRAJTE ZDAJ<\/a><\/div>\n\t<div class=\"wpb_text_column wpb_content_element\" >\n\t\t<div class=\"wpb_wrapper\">\n\t\t\t<div class=\"vc_row wpb_row vc_row-fluid\">\n<div class=\"wpb_column vc_column_container vc_col-sm-12\">\n<div class=\"vc_column-inner\">\n<div class=\"wpb_wrapper\">\n<div class=\"wpb_text_column wpb_content_element\">\n<div class=\"wpb_wrapper\">\n<div class=\"vc_row wpb_row vc_row-fluid\">\n<div class=\"wpb_column vc_column_container vc_col-sm-12\">\n<div class=\"vc_column-inner\">\n<div class=\"wpb_wrapper\">\n<div class=\"wpb_text_column wpb_content_element\">\n<div class=\"wpb_wrapper\">\n<h4><b><i>Pregled<img decoding=\"async\" class=\"emoji\" draggable=\"false\" src=\"https:\/\/s.w.org\/images\/core\/emoji\/12.0.0-1\/svg\/1f433.svg\" alt=\"\ud83d\udc33\" title=\"\"><\/i><\/b><\/h4>\n<p><strong>Izogibajte se velikim skupinam turistov<\/strong>\u00a0in opravite svoje opazovanje kitov v zalivu Saman\u00e1, ki se za\u010dne v pristani\u0161\u010du Saman\u00e1 z zasebnim \u010dolnom. To potovanje se za\u010dne ob 9.00 in kon\u010da ob 17.00. Ker pa bo to zasebno potovanje, lahko dolo\u010dite \u010das za\u010detka in konca. Predhodni sestanek v na\u0161i pisarni poleg restavracije Royal. Po prekinitvi na\u0161ega \u010dolna, da obi\u0161\u010demo kite v njihovem lastnem habitatu. Na\u0161i kapitani so usposobljeni, da zagotovijo, da vidite kite.<\/p>\n<p>Od 9.00 do 12.00 observatorij za opazovanje kitov in po tem izletu s kiti bomo obiskali otok Bacardi \/ Cayo Levantado. Na otoku Bacardi bo na voljo samopostre\u017eno kosilo v tipi\u010dnem dominikanskem stilu (ri\u017e, fi\u017eol, ribe, solate ...). Ko je kosilo kon\u010dano, lahko plavate do 16.30. Zaklju\u010dek ture bo ob 17. uri v istem pristani\u0161\u010du, od koder se bo za\u010dela.<\/p>\n<p><strong>Opomba:<\/strong>\u00a0Ta ogled je zaseben. (Samo vi in dru\u017eina ali prijatelji na krovu s kapitanom in vodnikom).<\/p>\n<ul>\n<li>Izlet z opazovanjem kitov<\/li>\n<li>Vstopnine v Observatorij<\/li>\n<li>Vklju\u010duje samopostre\u017eno kosilo na pla\u017ei<\/li>\n<li>Prevoz z ladjo<\/li>\n<li>Kapitan zagotavlja navodila in nadzor<\/li>\n<li>Vodi\u010d<\/li>\n<\/ul>\n<p>&nbsp;<\/p>\n<h4><b>Vklju\u010ditve in izklju\u010ditve<\/b><\/h4>\n<p>&nbsp;<\/p>\n<p><b>Vklju\u010dki<\/b><\/p>\n<p>&nbsp;<\/p>\n<ol>\n<li>Samopostre\u017eno kosilo na pla\u017ei<\/li>\n<li>Vodi\u010d<\/li>\n<li>Izlet s katamaranom ali \u010dolnom<\/li>\n<li>Vsi davki, pristojbine in manipulativni stro\u0161ki<\/li>\n<li>Lokalni davki<\/li>\n<li>pija\u010de<\/li>\n<\/ol>\n<p><b>Izklju\u010ditve<\/b><\/p>\n<ol>\n<li>Napitnine<\/li>\n<li>Avto za prenos<\/li>\n<li>Alkoholne pija\u010de<\/li>\n<\/ol>\n<p>&nbsp;<\/p>\n<h4><em><strong>Odhod in povratek<\/strong><\/em><\/h4>\n<p>Potnik bo dobil zbirali\u0161\u010de po opravljenem postopku rezervacije. Ogledi se za\u010dnejo in kon\u010dajo na na\u0161ih zbirali\u0161\u010dih.<\/p>\n<p>&nbsp;<\/p>\n<h4><b><i>Kaj pri\u010dakovati?<\/i><\/b><\/h4>\n<p>&nbsp;<\/p>\n<p><em><strong>Zagotovite si vstopnice<\/strong><\/em>\u00a0za enodnevni zasebni izlet z opazovanjem kitov v zalivu Saman\u00e1 plus \u010dudovito kosilo in \u010das na pla\u017ei na otoku Bacardi.<\/p>\n<p>Dnevna vstopnica za opazovanje kitov, ki jo organizira &quot;Booking Adventures&quot;, se za\u010dne na zbirnem mestu, ki ga dolo\u010di vodnik. Kosilo na pla\u017ei in lahko ostanete, kolikor \u017eelite, plavate naokoli. \u010ce ste vegan, vam lahko pripravimo tudi hrano.<\/p>\n<p><strong>urnik:<\/strong><\/p>\n<p>8.45 \u2013 17.00<\/p>\n<p>&nbsp;<\/p>\n<h4><em><strong>Kaj morate prinesti?<\/strong><\/em><\/h4>\n<ul>\n<li>Kamera<\/li>\n<li>Odganjalni popki<\/li>\n<li>son\u010dna krema<\/li>\n<li>Klobuk<\/li>\n<li>Udobne hla\u010de<\/li>\n<li>Sandali za na pla\u017eo<\/li>\n<li>Kopalna obla\u010dila<\/li>\n<li>Gotovina za spominke<\/li>\n<\/ul>\n<p>&nbsp;<\/p>\n<h4><b><i>Prevzem v hotelu<\/i><\/b><\/h4>\n<p>Prevzem iz hotela za to turnejo ni na voljo.<\/p>\n<p>&nbsp;<\/p>\n<p><b>Opomba:<\/b>\u00a0\u010de rezervirate v 24 urah po \u010dasu odhoda potovanja\/izleta, lahko organiziramo hotelski prevzem z dopla\u010dilom. Ko bo va\u0161 nakup opravljen, vam bomo poslali popolne kontaktne podatke (telefonsko \u0161tevilko, e-po\u0161tni naslov itd.) za na\u0161ega lokalnega turisti\u010dnega vodnika, ki bo organiziral prevzem.<\/p>\n<h4><b><i>Potrditev dodatnih informacij<\/i><\/b><\/h4>\n<ol>\n<li>Vstopnice so potrdilo po pla\u010dilu tega izleta. Pla\u010dilo lahko prika\u017eete na telefonu.<\/li>\n<li>Zbirno mesto bo prejeto po opravljenem postopku rezervacije.<\/li>\n<li>Otroci morajo biti v spremstvu odrasle osebe.<\/li>\n<li>dostopno z invalidskim vozi\u010dkom<\/li>\n<li>Dojen\u010dki morajo sedeti v naro\u010dju<\/li>\n<li>Ve\u010dina popotnikov lahko sodeluje<\/li>\n<\/ol>\n<h4><b><i>Politika odpovedi<\/i><\/b><\/h4>\n<p><span style=\"font-weight: 400;\">Za celotno vra\u010dilo preberite na\u0161e pravilnike o odpovedih\u00a0<a href=\"https:\/\/www.boattoursamana.com\/sl\/spletna-rezervacija\/\" target=\"_blank\" rel=\"noopener\" data-saferedirecturl=\"https:\/\/www.google.com\/url?q=https:\/\/www.boattoursamana.com\/online-booking\/&amp;source=gmail&amp;ust=1672449202351000&amp;usg=AOvVaw1yAeVAPktmaVCqDujgUn90\">Klikni tukaj<\/a>. Sredstva bodo izgubljena, \u010de je rezervacija odpovedana isti dan potovanja.<\/span><\/p>\n<\/div>\n<\/div>\n<\/div>\n<\/div>\n<\/div>\n<\/div>\n<\/div>\n<\/div>\n<\/div>\n<\/div>\n<\/div>\n<\/div>\n<div class=\"vc_row wpb_row vc_row-fluid\">\n<div class=\"wpb_column vc_column_container vc_col-sm-12\">\n<div class=\"vc_column-inner\">\n<div class=\"wpb_wrapper\">\n<div class=\"vc_empty_space\"><\/div>\n<div class=\"wpb_text_column wpb_content_element\">\n<div class=\"wpb_wrapper\">\n<h4>Kontaktiraj nas?<\/h4>\n<h5><b><i>TOUR WALES SAMANA<\/i><\/b><\/h5>\n<p><em><strong>Doma\u010dini<\/strong>\u00a0in\u00a0<strong>Dr\u017eavljani<\/strong>\u00a0Turisti\u010dni vodniki in storitve za goste<\/em><\/p>\n<p><span class=\"text-turquoise\">Rezervacije:<\/span>\u00a0Ogledi in izleti v Dom. Rep.<\/p>\n<p><img decoding=\"async\" class=\"emoji\" draggable=\"false\" src=\"https:\/\/s.w.org\/images\/core\/emoji\/11.2.0\/svg\/1f4de.svg\" alt=\"\ud83d\udcde\" title=\"\">\u00a0Tel\/Whatsapp\u00a0\u00a0<a href=\"tel:+1-809-720-6035\">+1-809-720-6035<\/a>.<\/p>\n<p><img decoding=\"async\" class=\"emoji\" draggable=\"false\" src=\"https:\/\/s.w.org\/images\/core\/emoji\/11.2.0\/svg\/1f4e9.svg\" alt=\"\ud83d\udce9\" title=\"\">\u00a0<a href=\"mailto:info@bookingadventures.com.do\">info@bookingadventures.com.do<\/a><\/p>\n<p><strong>Zasebne izlete prek Whatsappa smo prilagodljivi:\u00a0<a href=\"tel:+18097206035\">+18097206035.<\/a><\/strong><\/p>\n<\/div>\n<\/div>\n<\/div>\n<\/div>\n<\/div>\n<\/div>\n\n\t\t<\/div>\n\t<\/div>\n<div class=\"vc_btn3-container vc_btn3-inline\" ><a class=\"vc_general vc_btn3 vc_btn3-size-md vc_btn3-shape-rounded vc_btn3-style-modern vc_btn3-color-green\" href=\"https:\/\/bookingadventures.tours\/booking.php?tour_id=ccd2fafcfb0614232b46b749871336cb\" title=\"REZERVIRAJTE ZDAJ\" rel=\"noopener\">REZERVIRAJTE ZDAJ<\/a><\/div><\/div><\/div><\/div><\/div>","protected":false},"excerpt":{"rendered":"<p>Zasebno opazovanje kitov v zalivu Samana v Dominikanski republiki z lokalnimi vodniki. Prosto si dolo\u010dite \u010das prihoda ali zaklju\u010dka ekskurzije. Kosilo in \u010das dolo\u010dite sami. Rezervirajte zdaj ta izlet v zaliv Samana za dobro izku\u0161njo opazovanja kitov.<\/p>\n<p>Opomba: Ta tura je zasebna tura z minimalnim pla\u010dilom. Prosimo, da se pridru\u017eite skupini za opazovanje kitov po enaki ceni v katamaranu\u00a0 <a href=\"https:\/\/www.boattoursamana.com\/sl\/tours-excursions\/tours-and-excursions\/samana-opazovanje-kitov-cayo-levantado\/\">KLIKNI TUKAJ.<\/a><\/p>\n<p>&nbsp;<\/p>\n<p><em><strong>Prosimo izberite datum ekskurzije:<\/strong><\/em><\/p>","protected":false},"featured_media":12061,"template":"","meta":[],"product_cat":[255,655,942,273],"product_tag":[184,328,327,187,604,342,648,276,605,529,274],"class_list":["post-9228","product","type-product","status-publish","has-post-thumbnail","hentry","product_cat-tours-excursions-samana-bay-dominican-republic","product_cat-1-samana","product_cat-whale-watching-private-tours","product_cat-whale-watching-samana","product_tag-bacardi-island","product_tag-cayo-levantado-day-pass","product_tag-private-tours-samana","product_tag-samana-tours","product_tag-samana-whale","product_tag-samana-whale-watching","product_tag-samana-whale-watching-excursions","product_tag-whale-samana","product_tag-whale-watching","product_tag-whale-watching-2020","product_tag-whale-watching-dominican-republic"],"_links":{"self":[{"href":"https:\/\/www.boattoursamana.com\/sl\/wp-json\/wp\/v2\/product\/9228","targetHints":{"allow":["GET"]}}],"collection":[{"href":"https:\/\/www.boattoursamana.com\/sl\/wp-json\/wp\/v2\/product"}],"about":[{"href":"https:\/\/www.boattoursamana.com\/sl\/wp-json\/wp\/v2\/types\/product"}],"wp:featuredmedia":[{"embeddable":true,"href":"https:\/\/www.boattoursamana.com\/sl\/wp-json\/wp\/v2\/media\/12061"}],"wp:attachment":[{"href":"https:\/\/www.boattoursamana.com\/sl\/wp-json\/wp\/v2\/media?parent=9228"}],"wp:term":[{"taxonomy":"product_cat","embeddable":true,"href":"https:\/\/www.boattoursamana.com\/sl\/wp-json\/wp\/v2\/product_cat?post=9228"},{"taxonomy":"product_tag","embeddable":true,"href":"https:\/\/www.boattoursamana.com\/sl\/wp-json\/wp\/v2\/product_tag?post=9228"}],"curies":[{"name":"wp","href":"https:\/\/api.w.org\/{rel}","templated":true}]}}