{"id":9373,"date":"2019-09-07T08:01:28","date_gmt":"2019-09-07T08:01:28","guid":{"rendered":"https:\/\/www.ticketswhales.com\/?post_type=product&#038;p=9373"},"modified":"2023-02-20T21:20:29","modified_gmt":"2023-02-20T21:20:29","slug":"playa-rincon-rincon-beach-playa-fronton-playa-madame-beach-samana-dominican-republic","status":"publish","type":"product","link":"https:\/\/www.boattoursamana.com\/sl\/turneja\/playa-rincon-plaza-rincon-playa-fronton-playa-madame-beach-samana-dominikanska-republika","title":{"rendered":"Playa Rinc\u00f3n (Pla\u017ea Rincon), Playa Fronton + Playa Madame Beach, Saman\u00e1 - Dominikanska republika."},"content":{"rendered":"<div class=\"vc_row wpb_row vc_row-fluid\" ><div class=\"wpb_column vc_column_container vc_col-sm-12\"><div class=\"vc_column-inner\"><div class=\"wpb_wrapper\"><div class=\"vc_btn3-container vc_btn3-inline\" ><button class=\"vc_general vc_btn3 vc_btn3-size-md vc_btn3-shape-rounded vc_btn3-style-modern vc_btn3-color-green\">REZERVIRAJTE ZDAJ<\/button><\/div><div class=\"mkdf-section-title-holder\" style=\"text-align: left\">\n\t<div class=\"mkdf-st-inner\">\n\t\t\t\t\t<h5 class=\"mkdf-st-subtitle\" >\n\t\t\t\tKosilo, vo\u017enja s \u010dolnom in zasebni prevozi iz hotelov.\t\t\t<\/h5>\n\t\t\t\t\t\t\t<h3 class=\"mkdf-st-title\" >\n\t\t\t\tPlaya Rinc\u00f3n, Playa Fronton + Playa Madame Beach, Saman\u00e1 - Dominikanska republika.\t\t\t<\/h3>\n\t\t\t\t\t<\/div>\n<\/div>\n\t<div class=\"wpb_text_column wpb_content_element\" >\n\t\t<div class=\"wpb_wrapper\">\n\t\t\t<h3><\/h3>\n<h4><b><i>Pregled <\/i><\/b><\/h4>\n<p>Potovanje se za\u010dne ob prevzemu v va\u0161em hotelu ali airbnbju na obmo\u010dju Samana. Z nami odkrijte 3 skrivne in divje pla\u017ee regije El Rincon beach, Playa madame in Playa Fronton. Eden najlep\u0161ih izletov na polotoku Saman\u00e1. Vstopite v edinstveno vzdu\u0161je Playa Front\u00f3n, pla\u017ee, do katere lahko pridete le s \u010dolnom, obdano s koralnim grebenom, okoli katerega lahko potapljate, plavate z ribami in odkrivate njegove korale ter se sprostite in u\u017eivate v \u010dudoviti pokrajini. Sprostitev, kopanje in nato odhod na Playa madame, \u0161e eno in izolirano popolno pla\u017eo za snorklanje, kjer lahko obi\u0161\u010dete tudi jamo in posnamete odli\u010dne videoposnetke ali fotografije za \u010dudovite spomine.<\/p>\n<p>Kosilo boste imeli s prsti na nogah v pesku ob zvokih Merengue in Bachate v \u00bbEl Paraiso\u00ab \u2013 zadnji restavraciji pred d\u017eunglo \u2013 kjer vam bodo postregli s popolnim obrokom, vklju\u010dno z ribjo jedjo, skupaj z lokalnimi pija\u010dami in koktajli. Na poti nazaj se bomo ustavili na pla\u017ei El Rincon, tu boste na\u0161li naravni biser, ki velja za eno najlep\u0161ih pla\u017e v dr\u017eavi. Beli drobni pesek, turkizno morje in meter visoke palme govorijo zase.<\/p>\n<p>&nbsp;<\/p>\n<ul>\n<li><span style=\"font-weight: 400;\">Lokalni vodnik z izku\u0161njami na podro\u010dju varnosti na tem obmo\u010dju.<\/span><\/li>\n<li>dihalka<\/li>\n<li>Zasebni prevoz<\/li>\n<li style=\"font-weight: 400;\">Pristojbine vklju\u010dene<\/li>\n<li>Kosilo na pla\u017ei<\/li>\n<li>Vo\u017enja s \u010dolnom<\/li>\n<li style=\"font-weight: 400;\">Lokalni turisti\u010dni vodnik v \u0161pan\u0161\u010dini, angle\u0161\u010dini ali franco\u0161\u010dini.<\/li>\n<li>Pohodni\u0161tvo<\/li>\n<\/ul>\n<p>&nbsp;<\/p>\n<h4><b>Vklju\u010ditve in izklju\u010ditve<\/b><\/h4>\n<p>&nbsp;<\/p>\n<p><b>Vklju\u010dki<\/b><\/p>\n<ol>\n<li><span style=\"font-weight: 400;\">Lokalni vodnik z izku\u0161njami na podro\u010dju varnosti na tem obmo\u010dju.<\/span><\/li>\n<li>Privatni prevoz za manj\u0161e skupine<\/li>\n<li>dihalka<\/li>\n<li style=\"font-weight: 400;\">Pla\u017ea El Rincon<\/li>\n<li>Madame Beach<\/li>\n<li>Pla\u017ea Fronton<\/li>\n<li style=\"font-weight: 400;\"><span style=\"font-weight: 400;\">Vsi davki, pristojbine in manipulativni stro\u0161ki<\/span><\/li>\n<li style=\"font-weight: 400;\"><span style=\"font-weight: 400;\">Lokalni davki<\/span><\/li>\n<li>Kosilo na pla\u017ei<\/li>\n<li>Pohodni\u0161tvo<\/li>\n<li style=\"font-weight: 400;\"><span style=\"font-weight: 400;\">Vse dejavnosti<\/span><\/li>\n<\/ol>\n<p><b> Izklju\u010ditve<\/b><\/p>\n<ol>\n<li style=\"font-weight: 400;\"><span style=\"font-weight: 400;\">Napitnine<\/span><\/li>\n<\/ol>\n<h4><em><strong>Odhod in povratek<\/strong><\/em><\/h4>\n<p><span style=\"font-weight: 400;\">Potnik bo dobil zbirali\u0161\u010de po opravljenem postopku rezervacije. Ogledi se za\u010dnejo in kon\u010dajo na na\u0161ih zbirali\u0161\u010dih.<\/span><\/p>\n<h3>Playa Rinc\u00f3n, Playa Fronton + Playa Madame Beach, Saman\u00e1 \u2013 Dominikanska republika. Samana enodnevni izlet.<\/h3>\n<h4><b><i>Kaj pri\u010dakovati?<\/i><\/b><\/h4>\n<p><em><strong>Zagotovite si vstopnice<\/strong><\/em> za obisk Boca del Diablo in Fronton Beach v Samani. Dnevni izlet. Za\u010den\u0161i s predeli hotelov Samana, obisk 3 najbolj edinstvenih pla\u017e v Dominikanski republiki. Playa Rinc\u00f3n je neokrnjen pas belega peska, ki se razteza pribli\u017eno 2,5 milje (4 kilometre) vzdol\u017e nerazvitega dela obale. Ta osamljena pla\u017ea, obdana z mejo kokosovih palm in obdana z gorskimi in pe\u010dinskimi vrhovi na obeh koncih, se zdi kot prava utopija, odrezana od civilizacije.<\/p>\n<p>Po pla\u017ei El Rincon bomo obiskali Madame. Ta pla\u017ea je obi\u010dajna prva postaja na potaplja\u0161ki turneji (vklju\u010dno s Playo Fronton, glejte spodaj) in je dostopna samo s \u010dolnom ali s konjem. Medtem ko je bila pokrajina dramati\u010dna in radi smo si ogledovali bli\u017enje jame in se sprehajali po pe\u010dinah.<\/p>\n<p>Zadnja mo\u017enost na\u0161ega potovanja je Fronton Beach. Tukaj je voda izjemno \u010dista, \u010dudovitega modrega odtenka, okoli\u0161ki koralni greben pa zagotavlja, da je pla\u017ea zelo varna za kopanje<\/p>\n<p>&nbsp;<\/p>\n<p>Tura, ki jo organizira \u201cBooking Adventures\u201d, se za\u010dne na zbirnem mestu, ki ga dolo\u010di na\u0161 vodi\u010d. Pridite z Booking Adventures in si privo\u0161\u010dite kosilo na pla\u017ei ter u\u017eivajte na 3 najbolj osupljivih pla\u017eah v Samani v Dominikanski republiki.<\/p>\n<div class=\"body-description secondary\">\n<p>&nbsp;<\/p>\n<\/div>\n<h4><em><strong>Kaj morate prinesti?<\/strong><\/em><\/h4>\n<ul>\n<li style=\"font-weight: 400;\"><span style=\"font-weight: 400;\">Kamera<\/span><\/li>\n<li style=\"font-weight: 400;\"><span style=\"font-weight: 400;\">Odganjalni popki<\/span><\/li>\n<li style=\"font-weight: 400;\"><span style=\"font-weight: 400;\">Son\u010dna krema<\/span><\/li>\n<li>voda<\/li>\n<li style=\"font-weight: 400;\"><span style=\"font-weight: 400;\">Klobuk<\/span><\/li>\n<li style=\"font-weight: 400;\"><span style=\"font-weight: 400;\">Udobne hla\u010de<\/span><\/li>\n<li style=\"font-weight: 400;\"><span style=\"font-weight: 400;\">Pohodni\u0161ki \u010devlji za gozd<\/span><\/li>\n<li style=\"font-weight: 400;\"><span style=\"font-weight: 400;\">Sandali za pomladna obmo\u010dja.<\/span><\/li>\n<li style=\"font-weight: 400;\"><span style=\"font-weight: 400;\">Kopalna obla\u010dila<\/span><\/li>\n<\/ul>\n<p>&nbsp;<\/p>\n<h4><b><i>Prevzem v hotelu <\/i><\/b><\/h4>\n<p><span style=\"font-weight: 400;\">Za to turnejo je na voljo prevzem iz hotela. <\/span><\/p>\n<p>&nbsp;<\/p>\n<p><b>Opomba:<\/b><span style=\"font-weight: 400;\"> \u010ce rezervirate v 24 urah po \u010dasu odhoda potovanja\/izleta, lahko organiziramo prevzem v hotelu. Samo poberemo na obmo\u010dju Samane. Ko bo va\u0161 nakup opravljen, vam bomo poslali popolne kontaktne podatke (telefonsko \u0161tevilko, e-po\u0161tni naslov itd.) za na\u0161ega lokalnega turisti\u010dnega vodnika, ki bo organiziral prevzem.<\/span><\/p>\n<h4><b><i>Potrditev dodatnih informacij <\/i><\/b><\/h4>\n<ol>\n<li>Vstopnice so potrdilo po pla\u010dilu tega izleta. Pla\u010dilo lahko prika\u017eete na telefonu.<\/li>\n<li style=\"font-weight: 400;\"><span style=\"font-weight: 400;\">Zbirno mesto bo prejeto po opravljenem postopku rezervacije.<\/span><\/li>\n<li style=\"font-weight: 400;\"><span style=\"font-weight: 400;\">Otroci morajo biti v spremstvu odrasle osebe.<\/span><\/li>\n<li style=\"font-weight: 400;\"><span style=\"font-weight: 400;\"> Ni dostopno z invalidskim vozi\u010dkom <\/span><\/li>\n<li style=\"font-weight: 400;\"><span style=\"font-weight: 400;\">Dojen\u010dki morajo sedeti v naro\u010dju <\/span><\/li>\n<li style=\"font-weight: 400;\"><span style=\"font-weight: 400;\">Ni priporo\u010dljivo za popotnike s te\u017eavami s hrbtom<\/span><\/li>\n<li style=\"font-weight: 400;\"><span style=\"font-weight: 400;\">Ni priporo\u010dljivo za nose\u010dnice <\/span><\/li>\n<li style=\"font-weight: 400;\"><span style=\"font-weight: 400;\"> Brez te\u017eav s srcem ali drugih resnih zdravstvenih te\u017eav <\/span><\/li>\n<li style=\"font-weight: 400;\"><span style=\"font-weight: 400;\">Ve\u010dina popotnikov lahko sodeluje<\/span><\/li>\n<\/ol>\n<h4><b><i>Politika odpovedi<\/i><\/b><\/h4>\n<p>Za celotno vra\u010dilo preberite na\u0161e pravilnike o odpovedih\u00a0<a href=\"https:\/\/www.boattoursamana.com\/sl\/spletna-rezervacija\/\" target=\"_blank\" rel=\"noopener\" data-saferedirecturl=\"https:\/\/www.google.com\/url?q=https:\/\/www.boattoursamana.com\/online-booking\/&amp;source=gmail&amp;ust=1672449202351000&amp;usg=AOvVaw1yAeVAPktmaVCqDujgUn90\">Klikni tukaj<\/a>. Sredstva bodo izgubljena, \u010de je rezervacija odpovedana isti dan potovanja.<\/p>\n\n\t\t<\/div>\n\t<\/div>\n<\/div><\/div><\/div><\/div><div class=\"vc_row wpb_row vc_row-fluid\" ><div class=\"wpb_column vc_column_container vc_col-sm-12\"><div class=\"vc_column-inner\"><div class=\"wpb_wrapper\">\n\t<div class=\"wpb_video_widget wpb_content_element vc_clearfix   vc_video-aspect-ratio-169 vc_video-el-width-100 vc_video-align-left\" >\n\t\t<div class=\"wpb_wrapper\">\n\t\t\t<h2 class=\"wpb_heading wpb_video_heading\">Boca del Diablo in pla\u017ea Fronton<\/h2>\n\t\t\t<div class=\"wpb_video_wrapper\"><iframe loading=\"lazy\" title=\"Polotok Saman\u00e1, Dominikanska republika (DJI Phantom 4 4K)\" width=\"1100\" height=\"619\" src=\"https:\/\/www.youtube.com\/embed\/DYDXVm8Q_iM?feature=oembed\" frameborder=\"0\" allow=\"accelerometer; autoplay; encrypted-media; gyroscope; picture-in-picture\" allowfullscreen><\/iframe><\/div>\n\t\t<\/div>\n\t<\/div>\n<\/div><\/div><\/div><\/div><div class=\"vc_row wpb_row vc_row-fluid\" ><div class=\"wpb_column vc_column_container vc_col-sm-12\"><div class=\"vc_column-inner\"><div class=\"wpb_wrapper\"><div class=\"vc_empty_space\"   style=\"height: 32px\"><span class=\"vc_empty_space_inner\"><\/span><\/div>\n\t<div class=\"wpb_text_column wpb_content_element\" >\n\t\t<div class=\"wpb_wrapper\">\n\t\t\t<h4>Kontaktiraj nas?<\/h4>\n<h5>Booking Adventures<\/h5>\n<p><em><strong>Doma\u010dini<\/strong>\u00a0in\u00a0<strong>Dr\u017eavljani<\/strong>\u00a0Turisti\u010dni vodniki in storitve za goste<\/em><\/p>\n<p><span class=\"text-turquoise\">Rezervacije:<\/span>\u00a0Ogledi in izleti v Dom. Rep.<\/p>\n<p><img decoding=\"async\" class=\"emoji\" draggable=\"false\" src=\"https:\/\/s.w.org\/images\/core\/emoji\/11.2.0\/svg\/1f4de.svg\" alt=\"\ud83d\udcde\" title=\"\">\u00a0Tel\/Whatsapp\u00a0\u00a0<a href=\"tel:+1-809-720-6035\">+1-809-720-6035<\/a>.<\/p>\n<p><img decoding=\"async\" class=\"emoji\" draggable=\"false\" src=\"https:\/\/s.w.org\/images\/core\/emoji\/11.2.0\/svg\/1f4e9.svg\" alt=\"\ud83d\udce9\" title=\"\">\u00a0<a href=\"mailto:info@bookingadventures.com.do\">info@bookingadventures.com.do<\/a><\/p>\n<p><strong>Zasebne izlete prek Whatsappa smo prilagodljivi:\u00a0<a href=\"tel:+18097206035\">+18097206035.<\/a><\/strong><\/p>\n\n\t\t<\/div>\n\t<\/div>\n<div class=\"vc_empty_space\"   style=\"height: 32px\"><span class=\"vc_empty_space_inner\"><\/span><\/div><\/div><\/div><\/div><\/div><div class=\"vc_row wpb_row vc_row-fluid\" ><div class=\"wpb_column vc_column_container vc_col-sm-12\"><div class=\"vc_column-inner\"><div class=\"wpb_wrapper\"><div class=\"vc_btn3-container vc_btn3-inline\" ><button class=\"vc_general vc_btn3 vc_btn3-size-md vc_btn3-shape-rounded vc_btn3-style-modern vc_btn3-color-green\">REZERVIRAJTE ZDAJ<\/button><\/div><\/div><\/div><\/div><\/div>","protected":false},"excerpt":{"rendered":"<p>Potovanje se za\u010dne ob prevzemu v va\u0161em hotelu ali Airbnbju na obmo\u010dju Samane. Z nami odkrijte 3 skrivne in divje pla\u017ee regije El Rincon beach, Playa madame in Playa Fronton. Eden najlep\u0161ih izletov na polotoku Saman\u00e1. Vstopite v edinstveno vzdu\u0161je Playa Front\u00f3n, pla\u017ee, do katere lahko pridete le s \u010dolnom, obdano s koralnim grebenom, okoli katerega lahko potapljate, plavate z ribami in odkrivate njegove korale ter se sprostite in u\u017eivate v \u010dudoviti pokrajini. Sprostitev, kopanje in nato odhod na Playa madame, \u0161e eno in osamljeno popolno pla\u017eo za snorklanje, kjer lahko obi\u0161\u010dete tudi jamo in posnamete odli\u010dne videoposnetke ali fotografije za \u010dudovite spomine.<\/p>\n<p>&nbsp;<\/p>\n<p><strong>Prosimo izberite datum izleta:\u00a0<\/strong><\/p>","protected":false},"featured_media":8240,"template":"","meta":[],"product_cat":[160,655,170,255],"product_tag":[378,377,374,373,379,327,376,375,200,187],"class_list":["post-9373","product","type-product","status-publish","has-post-thumbnail","hentry","product_cat-lunch","product_cat-1-samana","product_cat-local-tour-guides","product_cat-tours-excursions-samana-bay-dominican-republic","product_tag-fronton-beach","product_tag-madame-beach","product_tag-playa-fronton-playa-madame-beach","product_tag-playa-rincon","product_tag-playa-rincon-tours","product_tag-private-tours-samana","product_tag-rincon-beach-tour","product_tag-samana-dominican-republic","product_tag-samana-excursions","product_tag-samana-tours"],"_links":{"self":[{"href":"https:\/\/www.boattoursamana.com\/sl\/wp-json\/wp\/v2\/product\/9373","targetHints":{"allow":["GET"]}}],"collection":[{"href":"https:\/\/www.boattoursamana.com\/sl\/wp-json\/wp\/v2\/product"}],"about":[{"href":"https:\/\/www.boattoursamana.com\/sl\/wp-json\/wp\/v2\/types\/product"}],"wp:featuredmedia":[{"embeddable":true,"href":"https:\/\/www.boattoursamana.com\/sl\/wp-json\/wp\/v2\/media\/8240"}],"wp:attachment":[{"href":"https:\/\/www.boattoursamana.com\/sl\/wp-json\/wp\/v2\/media?parent=9373"}],"wp:term":[{"taxonomy":"product_cat","embeddable":true,"href":"https:\/\/www.boattoursamana.com\/sl\/wp-json\/wp\/v2\/product_cat?post=9373"},{"taxonomy":"product_tag","embeddable":true,"href":"https:\/\/www.boattoursamana.com\/sl\/wp-json\/wp\/v2\/product_tag?post=9373"}],"curies":[{"name":"wp","href":"https:\/\/api.w.org\/{rel}","templated":true}]}}