{"id":9453,"date":"2019-09-23T17:16:42","date_gmt":"2019-09-23T17:16:42","guid":{"rendered":"https:\/\/www.ticketswhales.com\/Tours-Excursions\/uncategorized\/import-placeholder-for-977\/"},"modified":"2023-11-10T17:56:25","modified_gmt":"2023-11-10T17:56:25","slug":"day-pass-cano-hondo-natural-pools-lunch-included","status":"publish","type":"product","link":"https:\/\/www.boattoursamana.com\/sl\/turneja\/dnevna-karta-kano-hondo-naravni-bazeni-vkljuceno-kosilo","title":{"rendered":"Dnevna vstopnica Ca\u00f1o Hondo \u2013 naravni bazeni in kosilo vklju\u010deni"},"content":{"rendered":"<div class=\"vc_row wpb_row vc_row-fluid\" ><div class=\"wpb_column vc_column_container vc_col-sm-12\"><div class=\"vc_column-inner\"><div class=\"wpb_wrapper\"><div class=\"vc_message_box vc_message_box-standard vc_message_box-rounded vc_color-info\" ><div class=\"vc_message_box-icon\"><i class=\"fas fa-info-circle\"><\/i><\/div><p>Rezervirajte nizke cene v sobah Cano Hondo <a href=\"http:\/\/dominican-republic-hotels.com\/hotel\/cano-hondo-hotel-eco-lodge\/\" rel=\"noopener\">Klikni tukaj.<\/a><\/p>\n<\/div><div class=\"vc_btn3-container vc_btn3-inline\" ><button class=\"vc_general vc_btn3 vc_btn3-size-md vc_btn3-shape-rounded vc_btn3-style-modern vc_btn3-color-green\">REZERVIRAJTE ZDAJ<\/button><\/div>\n\t<div class=\"wpb_text_column wpb_content_element\" >\n\t\t<div class=\"wpb_wrapper\">\n\t\t\t<div class=\"vc_row wpb_row vc_row-fluid\">\n<div class=\"wpb_column vc_column_container vc_col-sm-12\">\n<div class=\"vc_column-inner\">\n<div class=\"wpb_wrapper\">\n<div class=\"wpb_text_column wpb_content_element\">\n<div class=\"wpb_wrapper\">\n<h2 class=\"mkdf-single-product-title\">Dnevna vstopnica Ca\u00f1o Hondo \u2013 naravni bazeni in kosilo vklju\u010deni<\/h2>\n<h4><b><i>Opis<\/i><\/b><\/h4>\n<p>Dnevna vstopnica Ca\u00f1o Hondo za na\u0161e naravne zunanje bazene z vklju\u010denim samopostre\u017enim kosilom. Vsak dan od 8.30 do 17.00.<\/p>\n<div class=\"wpb_text_column wpb_content_element\">\n<div class=\"wpb_wrapper\">\n<p>Bazeni so popolnoma biolo\u0161ki brez potrebe po kloru ali kemikalijah, ki razvijajo lastno naravno ekologijo in uravnote\u017een ekosistem tako, da so zasnovani in zgrajeni na dolo\u010den na\u010din. Ko je ravnovesje dose\u017eeno, je voda naravno \u010dista kot v gorskem jezeru.<\/p>\n<\/div>\n<\/div>\n<div class=\"wpb_text_column wpb_content_element\">\n<div class=\"wpb_wrapper\">\n<p><strong>U\u017eivajte v naravnih ekolo\u0161kih bazenih, ki se \u010dudovito zlijejo z mirno in izvirno pokrajino v narodnem parku Los Haitises, Sabana de la Mar. <\/strong><\/p>\n<p style=\"text-align: center;\"><strong>Pre\u017eivite \u010dudovit dan s svojo dru\u017eino ali prijatelji.<\/strong><\/p>\n<\/div>\n<\/div>\n<p>&nbsp;<\/p>\n<h3><b>Vklju\u010ditev in izklju\u010ditev<\/b><\/h3>\n<p><b>Vklju\u010dki<\/b><\/p>\n<ol>\n<li>Kosilo \u2013 bife<\/li>\n<li>Vstop v naravne bazene<\/li>\n<\/ol>\n<p><b>Izjeme (ni vklju\u010deno)<\/b><\/p>\n<ol>\n<li>Transport<\/li>\n<li>Alkoholne pija\u010de<\/li>\n<\/ol>\n<p>&nbsp;<\/p>\n<h4><em><strong>Zakaj kupiti vstopnico?<\/strong><\/em><\/h4>\n<p>Prosimo za predhodno rezervacijo, da zagotovimo prostor v na\u0161i restavraciji in vam pripravimo samopostre\u017eno kosilo. Po opravljeni rezervaciji vas bodo kontaktirali na\u0161i predstavniki, ki vam bodo posredovali ve\u010d informacij \u2013 kako priti do nas, kak\u0161en je meni samopostre\u017enega kosila in vam odgovorili na vsa va\u0161a vpra\u0161anja.<\/p>\n<p><strong>Opomba: Brezpla\u010dno za otroke, mlaj\u0161e od 3 let. Otroci od 4 do 10 let pla\u010dajo le polovi\u010dno ceno.<\/strong><\/p>\n<h2 style=\"text-align: center;\"><strong>Bazeni z mineralno vodo so zasnovani in zgrajeni s pozornostjo do detajlov in ustvarjalnosti.<\/strong><\/h2>\n<p><strong>\u010cas:<\/strong><\/p>\n<p>8.30 \u2013 17.00<\/p>\n<p>&nbsp;<\/p>\n<h4><em><strong>Kaj morate vzeti s seboj?<\/strong><\/em><\/h4>\n<ul>\n<li>Camara<\/li>\n<li>\u00a0Repelent<\/li>\n<li>son\u010dna krema<\/li>\n<\/ul>\n<p>&nbsp;<\/p>\n<h4><i>Prevoz: <\/i><\/h4>\n<p>Prevoz ni vklju\u010den.<\/p>\n<p><b>Opomba: \u010ce \u017eelite prenos, nas kontaktirajte.<\/b><\/p>\n<h4><b><i>Politika odpovedi<\/i><\/b><\/h4>\n<p>Za celotno vra\u010dilo preberite na\u0161e pravilnike o preklicah v nogi spletnega mesta.<\/p>\n<\/div>\n<\/div>\n<\/div>\n<\/div>\n<\/div>\n<\/div>\n<div class=\"vc_row wpb_row vc_row-fluid\">\n<div class=\"wpb_column vc_column_container vc_col-sm-12\">\n<div class=\"vc_column-inner\">\n<div class=\"wpb_wrapper\">\n<div class=\"wpb_text_column wpb_content_element\">\n<div class=\"wpb_wrapper\">\n<p>&nbsp;<\/p>\n<h3 style=\"text-align: center;\">U\u017eivate lahko tudi v \u0161tevilnih aktivnostih in izletih z lokalnim turisti\u010dnim vodnikom.<\/h3>\n<p><strong>Seznam aktivnosti:<\/strong><br \/>\nPodloga na zadrgo<br \/>\nPlezanje po skalni steni<br \/>\nJahanje konja<br \/>\nVodeni ali samovodeni pohodi v Los Haitises<br \/>\nVo\u017enja s kajakom v Los Haitises<br \/>\nVodeni izleti z ladjo v Los Haitises<br \/>\nOpazovanje kitov (od 15. januarja do 20. marca)<br \/>\nVodeno opazovanje ptic<br \/>\nOtok Cayo Levantado\/Bacardi<br \/>\nDivje \u017eivali in narava<br \/>\nSlapovi El Limon, Samana<\/p>\n<p><strong>Za ve\u010d informacij o aktivnostih in izletih nas kontaktirajte. Tudi ti lahko <a href=\"http:\/\/haitises.com\/\" rel=\"noopener\">Rezervirajte tukaj.<\/a><\/strong><\/p>\n<h4><b><i>Politika odpovedi<\/i><\/b><\/h4>\n<p>Za celotno vra\u010dilo preberite na\u0161e pravilnike o odpovedih\u00a0<a href=\"https:\/\/www.boattoursamana.com\/sl\/spletna-rezervacija\/\" target=\"_blank\" rel=\"noopener\" data-saferedirecturl=\"https:\/\/www.google.com\/url?q=https:\/\/www.boattoursamana.com\/online-booking\/&amp;source=gmail&amp;ust=1672449202351000&amp;usg=AOvVaw1yAeVAPktmaVCqDujgUn90\">Klikni tukaj<\/a>. Sredstva bodo izgubljena, \u010de je rezervacija odpovedana isti dan potovanja.<\/p>\n<\/div>\n<\/div>\n<\/div>\n<\/div>\n<\/div>\n<\/div>\n\n\t\t<\/div>\n\t<\/div>\n<\/div><\/div><\/div><\/div><div class=\"vc_row wpb_row vc_row-fluid\" ><div class=\"wpb_column vc_column_container vc_col-sm-12\"><div class=\"vc_column-inner\"><div class=\"wpb_wrapper\"><div class=\"vc_btn3-container vc_btn3-inline\" ><button class=\"vc_general vc_btn3 vc_btn3-size-md vc_btn3-shape-rounded vc_btn3-style-modern vc_btn3-color-green\">REZERVIRAJTE ZDAJ<\/button><\/div><\/div><\/div><\/div><\/div>","protected":false},"excerpt":{"rendered":"<p>Kupite dnevno vstopnico za naravne bazene v hotelu Ca\u00f1o Hondo v narodnem parku Los Haitises, Sabana de la Mar. Kosilo je vklju\u010deno.<\/p>\n<p>Za ve\u010d informacij nas kontaktirajte.<\/p>","protected":false},"featured_media":9457,"template":"","meta":[],"product_cat":[946,160,933,15],"product_tag":[425,176,421,422,171,209,426,423,424,175,186,187],"class_list":["post-9453","product","type-product","status-publish","has-post-thumbnail","hentry","product_cat-1-sabana-de-la-mar","product_cat-lunch","product_cat-natural-pools-los-haitises","product_cat-uncategorized","product_tag-altos-cano-hondo","product_tag-cano-hondo","product_tag-cano-hondo-day-pass","product_tag-cano-hondo-sabana-de-la-mar","product_tag-los-haitises","product_tag-los-haitises-national-park","product_tag-los-haitises-tours","product_tag-paraiso-cano-hondo","product_tag-parque-los-haitises","product_tag-sabana-de-la-mar","product_tag-samana","product_tag-samana-tours"],"_links":{"self":[{"href":"https:\/\/www.boattoursamana.com\/sl\/wp-json\/wp\/v2\/product\/9453","targetHints":{"allow":["GET"]}}],"collection":[{"href":"https:\/\/www.boattoursamana.com\/sl\/wp-json\/wp\/v2\/product"}],"about":[{"href":"https:\/\/www.boattoursamana.com\/sl\/wp-json\/wp\/v2\/types\/product"}],"wp:featuredmedia":[{"embeddable":true,"href":"https:\/\/www.boattoursamana.com\/sl\/wp-json\/wp\/v2\/media\/9457"}],"wp:attachment":[{"href":"https:\/\/www.boattoursamana.com\/sl\/wp-json\/wp\/v2\/media?parent=9453"}],"wp:term":[{"taxonomy":"product_cat","embeddable":true,"href":"https:\/\/www.boattoursamana.com\/sl\/wp-json\/wp\/v2\/product_cat?post=9453"},{"taxonomy":"product_tag","embeddable":true,"href":"https:\/\/www.boattoursamana.com\/sl\/wp-json\/wp\/v2\/product_tag?post=9453"}],"curies":[{"name":"wp","href":"https:\/\/api.w.org\/{rel}","templated":true}]}}