{"id":9686,"date":"2019-10-25T17:17:13","date_gmt":"2019-10-25T17:17:13","guid":{"rendered":"https:\/\/www.ticketswhales.com\/?post_type=product&#038;p=9686"},"modified":"2023-10-25T07:18:51","modified_gmt":"2023-10-25T07:18:51","slug":"ermitano-beach-playa-ermitano-boat-tour-and-playa-onda-half-day-trip-samana-dominican-republic","status":"publish","type":"product","link":"https:\/\/www.boattoursamana.com\/sl\/turneja\/plaza-ermitano-playa-ermitano-izlet-z-ladjo-in-playa-onda-poldnevni-izlet-samana-dominikanska-republika","title":{"rendered":"(Pla\u017ea Ermitano) Izlet z ladjo Playa Ermita\u00f1o in Playa Onda, poldnevni izlet, Saman\u00e1 \u2013 Dominikanska republika."},"content":{"rendered":"<div class=\"vc_row wpb_row vc_row-fluid\" ><div class=\"wpb_column vc_column_container vc_col-sm-12\"><div class=\"vc_column-inner\"><div class=\"wpb_wrapper\"><div class=\"vc_btn3-container vc_btn3-inline\" ><a class=\"vc_general vc_btn3 vc_btn3-size-md vc_btn3-shape-rounded vc_btn3-style-modern vc_btn3-color-green\" href=\"https:\/\/bookingadventures.tours\/booking.php?tour_id=7e99c2fca5922e90ee3d1d2969786362\" title=\"\" rel=\"noopener\">REZERVIRAJTE ZDAJ<\/a><\/div><div class=\"mkdf-section-title-holder\" style=\"text-align: left\">\n\t<div class=\"mkdf-st-inner\">\n\t\t\t\t\t<h5 class=\"mkdf-st-subtitle\" >\n\t\t\t\tKosilo, vo\u017enja s \u010dolnom in zasebni prevozi iz hotelov.\t\t\t<\/h5>\n\t\t\t\t\t\t\t<h3 class=\"mkdf-st-title\" >\n\t\t\t\t(Pla\u017ea Ermitano) Izlet z ladjo Playa Ermita\u00f1o in Playa Onda, poldnevni izlet, Saman\u00e1 - Dominikanska republika.\t\t\t<\/h3>\n\t\t\t\t\t<\/div>\n<\/div>\n\t<div class=\"wpb_text_column wpb_content_element\" >\n\t\t<div class=\"wpb_wrapper\">\n\t\t\t<h2 class=\"styles__heading___mD4_3\" data-radium=\"true\">(Pla\u017ea Ermitano) Izlet z ladjo Playa Ermita\u00f1o in zasebni izlet Playa Onda.<\/h2>\n<h4><b><i>Pregled <\/i><\/b><\/h4>\n<p>nPotovanje vas za\u010dne pobirati v va\u0161em hotelu ali na letali\u0161\u010du v predelu Samana ali Las Galeras. Za\u010dnite svojo izku\u0161njo na Playa El Valle, \u010dudoviti in edinstveni pla\u017ei v bli\u017eini mesta Saman\u00e1. U\u017eivajte v 25-minutni vo\u017enji z ladjo do Playa Ermita\u00f1o, ki je \u0161e vedno neraziskana in izolirana pla\u017ea s turkizno modro vodo. U\u017eivajte v sve\u017ei kokosovi vodi. Odkrijte pravo in nedotaknjeno lepoto Dominikanske republike in se potopite v naravo, medtem ko raziskujete skrivno jamo v bli\u017eini. Ostanite v Playa Ermita\u00f1o, kolikor \u017eelite, in obi\u0161\u010dite Playa Onda, \u0161e eno \u010dudovito divjo pla\u017eo, ki je oddaljena le 15 minut vo\u017enje z ladjo. Vrnite se v Playa El Valle in nato nadaljujte v Saman\u00e1, si boste ogledali lokalne hi\u0161e in spoznali resni\u010dno \u017eivljenje Dominikanc.<\/p>\n<p>&nbsp;<\/p>\n<ul>\n<li>Lokalni vodnik z varnostnimi izku\u0161njami na tem obmo\u010dju.<\/li>\n<li>Privatni prevoz<\/li>\n<li>Pristojbine vklju\u010dene<\/li>\n<li>Kosilo na pla\u017ei<\/li>\n<li>Lokalni turisti\u010dni vodnik v \u0161pan\u0161\u010dini, angle\u0161\u010dini ali franco\u0161\u010dini.<\/li>\n<li>Pohodni\u0161tvo<\/li>\n<\/ul>\n<h4><b>Vklju\u010ditve in izklju\u010ditve<\/b><\/h4>\n<p>&nbsp;<\/p>\n<p><b>Vklju\u010dki<\/b><\/p>\n<ol>\n<li><span style=\"font-weight: 400;\">Lokalni vodnik z izku\u0161njami na podro\u010dju varnosti na tem obmo\u010dju.<\/span><\/li>\n<li>Privatni prevoz za manj\u0161e skupine<\/li>\n<li style=\"font-weight: 400;\">Pla\u017ea El Rincon<\/li>\n<li>Ran\u010d Dominikanske hi\u0161e<\/li>\n<li>Reka Cano Frio<\/li>\n<li style=\"font-weight: 400;\"><span style=\"font-weight: 400;\">Vsi davki, pristojbine in manipulativni stro\u0161ki<\/span><\/li>\n<li style=\"font-weight: 400;\"><span style=\"font-weight: 400;\">Lokalni davki<\/span><\/li>\n<li>Kosilo na pla\u017ei<\/li>\n<li>Pohodni\u0161tvo<\/li>\n<li style=\"font-weight: 400;\"><span style=\"font-weight: 400;\">Vse dejavnosti<\/span><\/li>\n<\/ol>\n<p><b> Izklju\u010ditve<\/b><\/p>\n<ol>\n<li style=\"font-weight: 400;\"><span style=\"font-weight: 400;\">Napitnine<\/span><\/li>\n<li>Vse pija\u010de<\/li>\n<\/ol>\n<h4><em><strong>Odhod in povratek<\/strong><\/em><\/h4>\n<p><span style=\"font-weight: 400;\">Potnik bo dobil zbirali\u0161\u010de po opravljenem postopku rezervacije. Ogledi se za\u010dnejo in kon\u010dajo na na\u0161ih zbirali\u0161\u010dih.<\/span><\/p>\n<h2 class=\"styles__heading___mD4_3\" data-radium=\"true\">(Pla\u017ea Ermitano) Izlet z ladjo Playa Ermita\u00f1o in zasebni izlet Playa Onda.<\/h2>\n<h4><em>Kaj pri\u010dakovati?<\/em><\/h4>\n<p>nPo odhodu iz obmo\u010dja hotelov Samana in vo\u017enji po dominikanskih ulicah boste videli in spoznali lokalni \u017eivljenjski slog. Ta pla\u017ea se nahaja med Playa Honda in Playa El Valle na polotoku Samana. Dolga je 400 metrov in je obdana z grebeni. Edini na\u010din dostopa do te pla\u017ee je pohodni\u0161tvo, skozi gosto d\u017eunglo podobno stezo ali s \u010dolnom.<\/p>\n<p><span style=\"vertical-align: inherit;\"><span style=\"vertical-align: inherit;\">La historia de su nombre es tan fascinante e interesante\u2026 Juan El Ermita\u00f1o aparentemente era un pirata franc\u00e9s que, arrepentido, desembarc\u00f3 un d\u00eda en esta playa de Saman\u00e1. <\/span><span style=\"vertical-align: inherit;\">Cuenta la historia que hab\u00eda estado solo y aislado del mundo durante el a\u00f1o 1780. La leyenda dice que despu\u00e9s de 22 a\u00f1os de exilio, fue descubierto por sorpresa por sus antiguos compa\u00f1eros corsarios que lo creyeron muerto. <\/span><span style=\"vertical-align: inherit;\">Pero los espa\u00f1oles, asombrados por su austeridad y constancia, le concedieron el perd\u00f3n, consider\u00e1ndolo casi un santo. <\/span><span style=\"vertical-align: inherit;\">Pero como toda historia de piratas que se precie, Juan El Ermita\u00f1o guardaba un gran secreto: guardaba un precioso bot\u00edn de su \u00e9poca de pirata que se escond\u00eda en esta playa.<\/span><\/span><\/p>\n<p>nKo prispete tja, boste pred seboj videli popolno pokrajino z razglednice. Imeli boste vtis, da ste edinstveni na svetu v tem \u010darobnem kraju z bujno in tropsko vegetacijo ter po lepoti kristalno \u010distih voda. Ta pla\u017ea poskrbi za uresni\u010ditev vau-izku\u0161nje.<\/p>\n<p>nNa tej pla\u017ei so snemali tur\u0161ko in \u0161vedsko razli\u010dico serije Survivor<\/p>\n<p>To potovanje, ki ga organizira &quot;Booking Adventures&quot;, se za\u010dne na zbirnem mestu, ki ga dolo\u010di na\u0161 vodnik. Pridite z Booking Adventures in si privo\u0161\u010dite kosilo na pla\u017ei ter u\u017eivajte na eni najbolj osupljivih pla\u017e v Samani v Dominikanski republiki.<\/p>\n<h4><em><strong>Kaj morate prinesti?<\/strong><\/em><\/h4>\n<ul>\n<li style=\"font-weight: 400;\"><span style=\"font-weight: 400;\">Kamera<\/span><\/li>\n<li style=\"font-weight: 400;\"><span style=\"font-weight: 400;\">Odganjalni popki<\/span><\/li>\n<li style=\"font-weight: 400;\"><span style=\"font-weight: 400;\">Son\u010dna krema<\/span><\/li>\n<li>voda<\/li>\n<li style=\"font-weight: 400;\"><span style=\"font-weight: 400;\">Klobuk<\/span><\/li>\n<li style=\"font-weight: 400;\"><span style=\"font-weight: 400;\">Udobne hla\u010de<\/span><\/li>\n<li style=\"font-weight: 400;\"><span style=\"font-weight: 400;\">Pohodni\u0161ki \u010devlji za gozd<\/span><\/li>\n<li style=\"font-weight: 400;\"><span style=\"font-weight: 400;\">Sandali za pomladna obmo\u010dja.<\/span><\/li>\n<li style=\"font-weight: 400;\"><span style=\"font-weight: 400;\">Kopalna obla\u010dila<\/span><\/li>\n<\/ul>\n<p>&nbsp;<\/p>\n<h4><b><i>Prevzem v hotelu <\/i><\/b><\/h4>\n<p><span style=\"font-weight: 400;\">Za to turnejo je na voljo prevzem iz hotela. <\/span><\/p>\n<p>&nbsp;<\/p>\n<p><b>Opomba:<\/b><span style=\"font-weight: 400;\"> \u010ce rezervirate v 24 urah po \u010dasu odhoda potovanja\/izleta, lahko organiziramo prevzem v hotelu. Samo poberemo na obmo\u010dju Samane. Ko bo va\u0161 nakup opravljen, vam bomo poslali popolne kontaktne podatke (telefonsko \u0161tevilko, e-po\u0161tni naslov itd.) za na\u0161ega lokalnega turisti\u010dnega vodnika, ki bo organiziral prevzem.<\/span><\/p>\n<h4><b><i>Potrditev dodatnih informacij <\/i><\/b><\/h4>\n<ol>\n<li>Vstopnice so potrdilo po pla\u010dilu tega izleta. Pla\u010dilo lahko prika\u017eete na telefonu.<\/li>\n<li style=\"font-weight: 400;\"><span style=\"font-weight: 400;\">Zbirno mesto bo prejeto po opravljenem postopku rezervacije.<\/span><\/li>\n<li style=\"font-weight: 400;\"><span style=\"font-weight: 400;\">Otroci morajo biti v spremstvu odrasle osebe.<\/span><\/li>\n<li style=\"font-weight: 400;\"><span style=\"font-weight: 400;\"> Ni dostopno z invalidskim vozi\u010dkom <\/span><\/li>\n<li style=\"font-weight: 400;\"><span style=\"font-weight: 400;\">Dojen\u010dki morajo sedeti v naro\u010dju <\/span><\/li>\n<li style=\"font-weight: 400;\"><span style=\"font-weight: 400;\">Ni priporo\u010dljivo za popotnike s te\u017eavami s hrbtom<\/span><\/li>\n<li style=\"font-weight: 400;\"><span style=\"font-weight: 400;\">Ni priporo\u010dljivo za nose\u010dnice <\/span><\/li>\n<li style=\"font-weight: 400;\"><span style=\"font-weight: 400;\"> Brez te\u017eav s srcem ali drugih resnih zdravstvenih te\u017eav <\/span><\/li>\n<li style=\"font-weight: 400;\"><span style=\"font-weight: 400;\">Ve\u010dina popotnikov lahko sodeluje<\/span><\/li>\n<\/ol>\n<h4><b><i>Politika odpovedi<\/i><\/b><\/h4>\n<p>Za celotno vra\u010dilo preberite na\u0161e pravilnike o odpovedih\u00a0<a href=\"https:\/\/www.boattoursamana.com\/sl\/spletna-rezervacija\/\" target=\"_blank\" rel=\"noopener\" data-saferedirecturl=\"https:\/\/www.google.com\/url?q=https:\/\/www.boattoursamana.com\/online-booking\/&amp;source=gmail&amp;ust=1672532492004000&amp;usg=AOvVaw3ylqI1cdbIPTimEqEWneyd\">Klikni tukaj<\/a>. Sredstva bodo izgubljena, \u010de je rezervacija odpovedana isti dan potovanja.<\/p>\n\n\t\t<\/div>\n\t<\/div>\n<\/div><\/div><\/div><\/div><div class=\"vc_row wpb_row vc_row-fluid\" ><div class=\"wpb_column vc_column_container vc_col-sm-12\"><div class=\"vc_column-inner\"><div class=\"wpb_wrapper\">\n\t<div class=\"wpb_video_widget wpb_content_element vc_clearfix   vc_video-aspect-ratio-169 vc_video-el-width-100 vc_video-align-left\" >\n\t\t<div class=\"wpb_wrapper\">\n\t\t\t<h2 class=\"wpb_heading wpb_video_heading\">Oglejte si video:<\/h2>\n\t\t\t<div class=\"wpb_video_wrapper\"><iframe loading=\"lazy\" title=\"Playa Ermita\u00f1o - Saman\u00e1, Dominikanska Republika\" src=\"https:\/\/player.vimeo.com\/video\/263076708?dnt=1&amp;app_id=122963\" width=\"1100\" height=\"619\" frameborder=\"0\" allow=\"autoplay; fullscreen\" allowfullscreen><\/iframe><\/div>\n\t\t<\/div>\n\t<\/div>\n<\/div><\/div><\/div><\/div><div class=\"vc_row wpb_row vc_row-fluid\" ><div class=\"wpb_column vc_column_container vc_col-sm-12\"><div class=\"vc_column-inner\"><div class=\"wpb_wrapper\"><div class=\"vc_empty_space\"   style=\"height: 32px\"><span class=\"vc_empty_space_inner\"><\/span><\/div>\n\t<div class=\"wpb_text_column wpb_content_element\" >\n\t\t<div class=\"wpb_wrapper\">\n\t\t\t<h4>Kontaktiraj nas?<\/h4>\n<h5>Booking Adventures<\/h5>\n<p><em><strong>Doma\u010dini<\/strong>\u00a0in\u00a0<strong>Dr\u017eavljani<\/strong>\u00a0Turisti\u010dni vodniki in storitve za goste<\/em><\/p>\n<p><span class=\"text-turquoise\">Rezervacije:<\/span>\u00a0Ogledi in izleti v Dom. Rep.<\/p>\n<p><img decoding=\"async\" class=\"emoji\" draggable=\"false\" src=\"https:\/\/s.w.org\/images\/core\/emoji\/11.2.0\/svg\/1f4de.svg\" alt=\"\ud83d\udcde\" title=\"\">\u00a0Tel\/Whatsapp\u00a0\u00a0<a href=\"tel:+1-809-720-6035\">+1-809-720-6035<\/a>.<\/p>\n<p><img decoding=\"async\" class=\"emoji\" draggable=\"false\" src=\"https:\/\/s.w.org\/images\/core\/emoji\/11.2.0\/svg\/1f4e9.svg\" alt=\"\ud83d\udce9\" title=\"\">\u00a0<a href=\"mailto:info@bookingadventures.com.do\">info@bookingadventures.com.do<\/a><\/p>\n<p><strong>Zasebne izlete prek Whatsappa smo prilagodljivi:\u00a0<a href=\"tel:+18097206035\">+18097206035.<\/a><\/strong><\/p>\n\n\t\t<\/div>\n\t<\/div>\n<div class=\"vc_empty_space\"   style=\"height: 32px\"><span class=\"vc_empty_space_inner\"><\/span><\/div><\/div><\/div><\/div><\/div><div class=\"vc_row wpb_row vc_row-fluid\" ><div class=\"wpb_column vc_column_container vc_col-sm-12\"><div class=\"vc_column-inner\"><div class=\"wpb_wrapper\"><div class=\"vc_btn3-container vc_btn3-inline\" ><a class=\"vc_general vc_btn3 vc_btn3-size-md vc_btn3-shape-rounded vc_btn3-style-modern vc_btn3-color-green\" href=\"https:\/\/bookingadventures.tours\/booking.php?tour_id=7e99c2fca5922e90ee3d1d2969786362\" title=\"\" rel=\"noopener\">REZERVIRAJTE ZDAJ<\/a><\/div><\/div><\/div><\/div><\/div>","protected":false},"excerpt":{"rendered":"<pre id=\"tw-target-text\" class=\"tw-data-text tw-text-large tw-ta\" dir=\"ltr\" data-placeholder=\"Translation\" data-ved=\"2ahUKEwiCmvnO05CCAxVehP0HHTI_C5cQ3ewLegQIChAQ\"><span class=\"Y2IQFc\" lang=\"en\">Za\u010dnite svojo izku\u0161njo na Playa El Valle, \u010dudoviti in edinstveni pla\u017ei v bli\u017eini Samane. U\u017eivajte v 25-minutni vo\u017enji z ladjo do Playa Ermita\u00f1o, ki je \u0161e vedno neraziskana in osamljena pla\u017ea s turkizno modro vodo. U\u017eivajte v sve\u017ei kokosovi vodi. Odkrijte pravo, nedotaknjeno lepoto Dominikanske republike in se potopite v naravo med raziskovanjem skrivne jame v bli\u017eini. Ostanite v Playa Ermita\u00f1o, kolikor \u017eelite, in obi\u0161\u010dite Playa Onda, \u0161e eno \u010dudovito divjo pla\u017eo, ki je oddaljena le 15 minut vo\u017enje z ladjo. Vrnite se v Playa El Valle in nato nadaljujte v Saman\u00e1, videli boste lokalne hi\u0161e in spoznali pravo dominikansko \u017eivljenje. To je poldnevno do\u017eivetje prave Samane v Dominikanski republiki.<\/span><\/pre>\n<p>&nbsp;<\/p>\n<p><i><b>Kliknite REZERVIRAJ ZDAJ, da vidite razpolo\u017eljivost\u00a0<\/b><\/i><\/p>","protected":false},"featured_media":9698,"template":"","meta":[],"product_cat":[160,655,456,170,255],"product_tag":[510,516,520,515,519,522,521,517,523,511,518,512,514,513,327,375,200,187],"class_list":["post-9686","product","type-product","status-publish","has-post-thumbnail","hentry","product_cat-lunch","product_cat-1-samana","product_cat-day-trips","product_cat-local-tour-guides","product_cat-tours-excursions-samana-bay-dominican-republic","product_tag-ermitano-beach-playa-ermitano-boat-tour-and-playa-onda-private-trip","product_tag-ermitano-beach","product_tag-ermitano-excursion","product_tag-ermitano-samana","product_tag-ermitano-tour","product_tag-las-terrenas-excursions","product_tag-las-terrenas-tours","product_tag-onda-beach","product_tag-playa-ermitano-and-playa-onda-private-boat-tour","product_tag-playa-ermitano-tour","product_tag-playa-honda-samana","product_tag-playa-onda","product_tag-playa-onda-location","product_tag-playa-onda-samana-maps","product_tag-private-tours-samana","product_tag-samana-dominican-republic","product_tag-samana-excursions","product_tag-samana-tours"],"_links":{"self":[{"href":"https:\/\/www.boattoursamana.com\/sl\/wp-json\/wp\/v2\/product\/9686","targetHints":{"allow":["GET"]}}],"collection":[{"href":"https:\/\/www.boattoursamana.com\/sl\/wp-json\/wp\/v2\/product"}],"about":[{"href":"https:\/\/www.boattoursamana.com\/sl\/wp-json\/wp\/v2\/types\/product"}],"wp:featuredmedia":[{"embeddable":true,"href":"https:\/\/www.boattoursamana.com\/sl\/wp-json\/wp\/v2\/media\/9698"}],"wp:attachment":[{"href":"https:\/\/www.boattoursamana.com\/sl\/wp-json\/wp\/v2\/media?parent=9686"}],"wp:term":[{"taxonomy":"product_cat","embeddable":true,"href":"https:\/\/www.boattoursamana.com\/sl\/wp-json\/wp\/v2\/product_cat?post=9686"},{"taxonomy":"product_tag","embeddable":true,"href":"https:\/\/www.boattoursamana.com\/sl\/wp-json\/wp\/v2\/product_tag?post=9686"}],"curies":[{"name":"wp","href":"https:\/\/api.w.org\/{rel}","templated":true}]}}