{"id":9717,"date":"2019-11-01T19:22:33","date_gmt":"2019-11-01T19:22:33","guid":{"rendered":"https:\/\/www.ticketswhales.com\/?post_type=product&#038;p=9717"},"modified":"2023-11-10T16:55:15","modified_gmt":"2023-11-10T16:55:15","slug":"whale-watching-in-punta-cana-to-samana-bay-cayo-levantado-bacardi-island-from-hotels","status":"publish","type":"product","link":"https:\/\/www.boattoursamana.com\/sl\/turneja\/opazovanje-kitov-v-punta-cani-do-zaliva-samana-cayo-levantado-otok-bacardi-iz-hotelov","title":{"rendered":"Opazovanje kitov v Punta Cani \/ Cap Cani do zaliva Saman\u00e1 + Cayo Levantado (otok Bacardi) iz hotelov."},"content":{"rendered":"<div class=\"vc_row wpb_row vc_row-fluid\" ><div class=\"wpb_column vc_column_container vc_col-sm-12\"><div class=\"vc_column-inner\"><div class=\"wpb_wrapper\"><div class=\"mkdf-section-title-holder\" style=\"text-align: left\">\n\t<div class=\"mkdf-st-inner\">\n\t\t\t\t\t<h5 class=\"mkdf-st-subtitle\" >\n\t\t\t\tPrevzem iz hotelov in Cayo Levantado (otok Bacardi).\t\t\t<\/h5>\n\t\t\t\t\t\t\t<h3 class=\"mkdf-st-title\" >\n\t\t\t\tOpazovanje kitov 2023 v Punta Cani\/Cap Cana do zaliva Samana\t\t\t<\/h3>\n\t\t\t\t\t<\/div>\n<\/div><\/div><\/div><\/div><\/div><div class=\"vc_row wpb_row vc_row-fluid\" ><div class=\"wpb_column vc_column_container vc_col-sm-12\"><div class=\"vc_column-inner\"><div class=\"wpb_wrapper\"><div class=\"vc_btn3-container vc_btn3-inline\" ><button class=\"vc_general vc_btn3 vc_btn3-size-md vc_btn3-shape-rounded vc_btn3-style-modern vc_btn3-color-green\">REZERVIRAJTE ZDAJ<\/button><\/div>\n\t<div class=\"wpb_text_column wpb_content_element\" >\n\t\t<div class=\"wpb_wrapper\">\n\t\t\t<div class=\"vc_row wpb_row vc_row-fluid\">\n<div class=\"wpb_column vc_column_container vc_col-sm-12\">\n<div class=\"vc_column-inner\">\n<div class=\"wpb_wrapper\">\n<div class=\"wpb_text_column wpb_content_element\">\n<div class=\"wpb_wrapper\">\n<div class=\"vc_row wpb_row vc_row-fluid\">\n<div class=\"wpb_column vc_column_container vc_col-sm-12\">\n<div class=\"vc_column-inner\">\n<div class=\"wpb_wrapper\">\n<div class=\"wpb_text_column wpb_content_element\">\n<div class=\"wpb_wrapper\">\n<h4><b><i>Pregled<img decoding=\"async\" class=\"emoji\" draggable=\"false\" src=\"https:\/\/s.w.org\/images\/core\/emoji\/12.0.0-1\/svg\/1f433.svg\" alt=\"\ud83d\udc33\" title=\"\"><\/i><\/b><\/h4>\n<p>Whale Punta Cana, opazovanje kitov v zalivu Saman\u00e1 in obisk Cayo Levantado med tem celodnevnim izletom iz hotelov v Punta Cani. Potovanje do zaliva Saman\u00e1 z udobnim, klimatiziranim avtobusom, nato prestop na \u010doln Katamaran v Michesu. Odkri\u017earite po odprtih vodah in poi\u0161\u010dite \u010drede kitov grbavcev, ki pridejo na to obmo\u010dje, da se razmno\u017eijo in imajo svoje mladi\u010de. Spoznajte vedenje in biologijo teh morskih sesalcev iz svojega strokovnega naravoslovnega vodnika. Nadaljujte do otoka Cayo Levantado ali otoka Bacardi za kosilo na pla\u017ei in kopanje v modri vodi, preden se vrnete v Punta Cano.<\/p>\n<p>&nbsp;<\/p>\n<p><strong>Opomba: <\/strong>Ta tura lahko vklju\u010duje postanek pri\u00a0<strong>Limonski slap<\/strong>. Prosimo, da rezervirate isti izlet s slapovi <a href=\"https:\/\/www.boattoursamana.com\/sl\/tours-excursions\/fees-entrace\/samana-opazovanje-kitov-cayo-levantado-otok-bacardi-slapovi-limon-iz-hotelov-v-punta-cani\/\">KLIKNI TUKAJ.<\/a><\/p>\n<p>&nbsp;<\/p>\n<ul>\n<li>Izlet z opazovanjem kitov<\/li>\n<li>Vstopnine v Observatorij<\/li>\n<li>Vklju\u010duje samopostre\u017eno kosilo na pla\u017ei<\/li>\n<li>Prevoz z ladjo<\/li>\n<li>Transfer iz hotelov Punta Cana<\/li>\n<li>Kapitan zagotavlja navodila in nadzor<\/li>\n<li>Vodi\u010d<\/li>\n<\/ul>\n<p>&nbsp;<\/p>\n<h4><b>Vklju\u010ditve in izklju\u010ditve<\/b><\/h4>\n<p>&nbsp;<\/p>\n<p><b>Vklju\u010dki<\/b><\/p>\n<p>&nbsp;<\/p>\n<ol>\n<li>Samopostre\u017eno kosilo na pla\u017ei<\/li>\n<li>Vodi\u010d<\/li>\n<li>Izlet s katamaranom ali \u010dolnom<\/li>\n<li>Vsi davki, pristojbine in manipulativni stro\u0161ki<\/li>\n<li>Lokalni davki<\/li>\n<li>pija\u010de<\/li>\n<\/ol>\n<p><b>Izklju\u010ditve<\/b><\/p>\n<ol>\n<li>Napitnine<\/li>\n<\/ol>\n<p>&nbsp;<\/p>\n<h4><em><strong>Odhod in povratek<\/strong><\/em><\/h4>\n<p>Za to turnejo je na voljo prevzem iz hotela. V opombe samo napi\u0161ite ime hotela, ki vas pobere. Poberemo v vseh hotelih Punta Cana.<\/p>\n<p>&nbsp;<\/p>\n<h3>Opazovanje kitov v Punta Cani\/Cap Cani do zaliva Samana + Cayo Levantado (otok Bacardi) iz hotelov.<\/h3>\n<h4><b><i>Kaj pri\u010dakovati?<\/i><\/b><\/h4>\n<p>Pribli\u017eajte se ne\u017enim morskim velikanom Dominikanske republike med tem 12-urnim izletom z opazovanjem grbavega kita v zalivu S\u00e1mana. Pre\u017eivite nepozaben dan ob opazovanju na tiso\u010de kitov, ki se vsako leto zgrinjajo na otok, da bi se parili, hranili in igrali v toplih tropskih vodah. Ko boste opazovali ta \u010dudovita bitja, boste u\u017eivali v edinstvenih spoznanjih va\u0161ega strokovnega vodnika za opazovanje kitov. Dan zaklju\u010dite z vklju\u010denim kosilom in \u010dasom na pla\u017ei na \u010dudovitem otoku Cayo Levantado. Vklju\u010den je tudi povratni hotelski prevoz.<\/p>\n<p>Od 9.00 do 12.00 observatorij za opazovanje kitov in po tem izletu s kiti bomo obiskali otok Bacardi \/ Cayo Levantado. Na otoku Bacardi bo na voljo samopostre\u017eno kosilo v tipi\u010dnem dominikanskem stilu (ri\u017e, fi\u017eol, ribe, solate ...). Ko je kosilo kon\u010dano, lahko plavate in se pripravite na odhod do slapov El limon do 16:30. Tura se bo kon\u010dala ob 17:00 v istem pristani\u0161\u010du, od koder se bo za\u010dela z na\u0161im katamaranom in njihovim avtobusom nazaj do hotelov Punta Cana.<\/p>\n<p>Ta tura lahko vklju\u010duje postanek pri\u00a0<strong>Limonski slap<\/strong>. Prosimo, da rezervirate isti izlet s slapovi <a href=\"https:\/\/www.boattoursamana.com\/sl\/tours-excursions\/fees-entrace\/samana-opazovanje-kitov-cayo-levantado-otok-bacardi-slapovi-limon-iz-hotelov-v-punta-cani\/\">KLIKNI TUKAJ.<\/a><\/p>\n<p><strong>urnik:<\/strong><\/p>\n<p>6:00 \u2013 7:00 Pobiranje strank iz razli\u010dnih hotelov<br \/>\n07:00 Odhod v Las Canitas v Sabana de la mar<br \/>\n08:15 Prihod na zasebni dok<br \/>\n08:15 \u2013 8:40 Zajtrk (sendvi\u010di, mafini, \u010daj, kava, sokovi)<br \/>\n8:45 Vkrcanje za za\u010detek na\u0161ega potovanja do zaveti\u0161\u010da kitov grbavcev v Samani<br \/>\n11:00 Iskanje kitov traja 45 minut - To je \u010das, ki ga upo\u0161tevajo vladna pravila.<br \/>\n11:45 Odpravite se do Cayo Levantado v zalivu Samana<br \/>\n12:30 Prihod v Cayo Levantado<br \/>\n13:00 \u010cas za kosilo (bife za kosilo, tipi\u010dno dominikansko)*<br \/>\n13:45 \u2013 15:30 Prosti \u010das v Cayo Levantado<br \/>\n15:00 \u2013 15:45 Ponovno na krovu smer nazaj v Miches<br \/>\n17:00 Prihod v Miches in odhod do hotelov v Punta Cani<br \/>\n19:30 \u2013 20:00 Prihod v hotele v Punta Cani<\/p>\n<p><strong>*Meni za kosilo (tipi\u010dno dominikansko)<br \/>\n<\/strong>Ri\u017e, pi\u0161\u010danec na \u017earu ali riba na \u017earu, solata, zelenjava, sve\u017ee sadje.<\/p>\n<p><strong>* Stranke, ki se odlo\u010dijo dodati postanek pri slapu El Limon po ogledu kitov, se bodo premaknile na oglas za slap, bodo imele manj \u010dasa za pre\u017eivljanje v Cayo Levantado.<\/strong><\/p>\n<p>Ta tura lahko vklju\u010duje postanek pri\u00a0<strong>Limonski slap<\/strong>. Prosimo, da rezervirate isti izlet s slapovi <a href=\"https:\/\/www.boattoursamana.com\/sl\/tours-excursions\/fees-entrace\/samana-opazovanje-kitov-cayo-levantado-otok-bacardi-slapovi-limon-iz-hotelov-v-punta-cani\/\">KLIKNI TUKAJ.<\/a><\/p>\n<p>&nbsp;<\/p>\n<h4><em><strong>Kaj morate prinesti?<\/strong><\/em><\/h4>\n<ul>\n<li>Kamera<\/li>\n<li>Odganjalni popki<\/li>\n<li>son\u010dna krema<\/li>\n<li>Klobuk<\/li>\n<li>Udobne hla\u010de<\/li>\n<li>Sandali za na pla\u017eo<\/li>\n<li>Kopalna obla\u010dila<\/li>\n<li>Gotovina za spominke<\/li>\n<\/ul>\n<p>&nbsp;<\/p>\n<h4><b><i>Prevzem v hotelu<\/i><\/b><\/h4>\n<p>Za to turnejo je na voljo prevzem iz hotela. V opombe samo napi\u0161ite ime hotela, ki vas pobere. Poberemo v vseh hotelih Punta Cana.<\/p>\n<p>&nbsp;<\/p>\n<p><b>Opomba:<\/b> \u010de rezervirate v 24 urah po \u010dasu odhoda potovanja\/izleta, lahko organiziramo hotelski prevzem z dopla\u010dilom. Ko bo va\u0161 nakup opravljen, vam bomo poslali popolne kontaktne podatke (telefonsko \u0161tevilko, e-po\u0161tni naslov itd.) za na\u0161ega lokalnega turisti\u010dnega vodnika, ki bo organiziral prevzem.<\/p>\n<h4><b><i>Potrditev dodatnih informacij<\/i><\/b><\/h4>\n<ol>\n<li>Vstopnice so potrdilo po pla\u010dilu tega izleta. Pla\u010dilo lahko prika\u017eete na telefonu.<\/li>\n<li>Zbirno mesto bo prejeto po opravljenem postopku rezervacije.<\/li>\n<li>Otroci morajo biti v spremstvu odrasle osebe.<\/li>\n<li>dostopno z invalidskim vozi\u010dkom<\/li>\n<li>Dojen\u010dki morajo sedeti v naro\u010dju<\/li>\n<li>Ve\u010dina popotnikov lahko sodeluje<\/li>\n<\/ol>\n<h5><b><i>Politika odpovedi<\/i><\/b><\/h5>\n<p>Za celotno vra\u010dilo preberite na\u0161e pravilnike o odpovedih\u00a0<a href=\"https:\/\/www.boattoursamana.com\/sl\/spletna-rezervacija\/\" target=\"_blank\" rel=\"noopener\" data-saferedirecturl=\"https:\/\/www.google.com\/url?q=https:\/\/www.boattoursamana.com\/online-booking\/&amp;source=gmail&amp;ust=1672532492004000&amp;usg=AOvVaw3ylqI1cdbIPTimEqEWneyd\">Klikni tukaj<\/a>. Sredstva bodo izgubljena, \u010de je rezervacija odpovedana isti dan potovanja.<\/p>\n<\/div>\n<\/div>\n<\/div>\n<\/div>\n<\/div>\n<\/div>\n<\/div>\n<\/div>\n<\/div>\n<\/div>\n<\/div>\n<\/div>\n<div class=\"vc_row wpb_row vc_row-fluid\">\n<div class=\"wpb_column vc_column_container vc_col-sm-12\">\n<div class=\"vc_column-inner\">\n<div class=\"wpb_wrapper\">\n<div class=\"vc_empty_space\"><\/div>\n<div class=\"wpb_text_column wpb_content_element\">\n<div class=\"wpb_wrapper\">\n<h4>Kontaktiraj nas?<\/h4>\n<h5><b><i>TOUR WALES SAMANA<\/i><\/b><\/h5>\n<p><em><strong>Doma\u010dini<\/strong>\u00a0in\u00a0<strong>Dr\u017eavljani<\/strong>\u00a0Turisti\u010dni vodniki in storitve za goste<\/em><\/p>\n<p><span class=\"text-turquoise\">Rezervacije:<\/span>\u00a0Ogledi in izleti v Dom. Rep.<\/p>\n<p><img decoding=\"async\" class=\"emoji\" draggable=\"false\" src=\"https:\/\/s.w.org\/images\/core\/emoji\/11.2.0\/svg\/1f4de.svg\" alt=\"\ud83d\udcde\" title=\"\">\u00a0Tel\/Whatsapp\u00a0\u00a0<a href=\"tel:+1-809-720-6035\">+1-809-720-6035<\/a>.<\/p>\n<p><img decoding=\"async\" class=\"emoji\" draggable=\"false\" src=\"https:\/\/s.w.org\/images\/core\/emoji\/11.2.0\/svg\/1f4e9.svg\" alt=\"\ud83d\udce9\" title=\"\">\u00a0<a href=\"mailto:info@bookingadventures.com.do\">info@bookingadventures.com.do<\/a><\/p>\n<p><strong>Zasebne izlete prek Whatsappa smo prilagodljivi:\u00a0<a href=\"tel:+18097206035\">+18097206035.<\/a><\/strong><\/p>\n<\/div>\n<\/div>\n<\/div>\n<\/div>\n<\/div>\n<\/div>\n\n\t\t<\/div>\n\t<\/div>\n<\/div><\/div><\/div><\/div><div class=\"vc_row wpb_row vc_row-fluid\" ><div class=\"wpb_column vc_column_container vc_col-sm-12\"><div class=\"vc_column-inner\"><div class=\"wpb_wrapper\"><div class=\"vc_btn3-container vc_btn3-inline\" ><button class=\"vc_general vc_btn3 vc_btn3-size-md vc_btn3-shape-rounded vc_btn3-style-modern vc_btn3-color-green\">REZERVIRAJTE ZDAJ<\/button><\/div><\/div><\/div><\/div><\/div>","protected":false},"excerpt":{"rendered":"<p>Iz hotelov v Punta Cani bomo u\u017eivali v \u010dudoviti pokrajini Orientalskega gorovja, ko se bomo vozili severno od Punta Cane, preden bomo prispeli v majhno ribi\u0161ko vasico Miches na ju\u017eni obali zaliva Samana. Tam boste u\u017eivali v hitrem zajtrku pred vkrcanjem na \u010doln do Samane. Kri\u017earili bomo globoko v zaliv in opazovali kite. Najprej bomo dosegli Cayo Levantado, znan tudi kot otok Bacardi, ker je zelo podoben pla\u017eam, ki jih je Bacardi Rum neko\u010d uporabljal za svoje znane reklame. Cayo Levantado ni ni\u010d drugega kot tropska oaza \u2013 majhen otok sredi oceana s turkizno vodo in belim peskom.<\/p>\n<p>Ta tura lahko vklju\u010duje postanek pri\u00a0<strong>Limonski slap<\/strong>. Prosimo, da rezervirate isti izlet s slapovi <a href=\"https:\/\/www.boattoursamana.com\/sl\/tours-excursions\/fees-entrace\/samana-opazovanje-kitov-cayo-levantado-otok-bacardi-slapovi-limon-iz-hotelov-v-punta-cani\/\">KLIKNI TUKAJ.<\/a><\/p>\n<p>&nbsp;<\/p>\n<p>&nbsp;<\/p>\n<p><em><strong>Prosimo izberite datum ekskurzije:<\/strong><\/em><\/p>","protected":false},"featured_media":12053,"template":"","meta":[],"product_cat":[294,948,972,968,255,664],"product_tag":[631,184,328,480,296,428,327,222,527,313,199,526,458,342,524,276,529,528,274,525],"class_list":["post-9717","product","type-product","status-publish","has-post-thumbnail","hentry","product_cat-tours-excursions-punta-cana-dominican-republic","product_cat-1-punta-cana","product_cat-punta-cana-group-tours","product_cat-punta-cana-whale-watching","product_cat-tours-excursions-samana-bay-dominican-republic","product_cat-whale-watching-punta-cana","product_tag-631","product_tag-bacardi-island","product_tag-cayo-levantado-day-pass","product_tag-cheap-punta-cana-excursions","product_tag-day-trip-punta-cana","product_tag-half-day-whale-watching-miches","product_tag-private-tours-samana","product_tag-punta-cana","product_tag-punta-cana-activities","product_tag-punta-cana-tours","product_tag-samana-bay","product_tag-samana-day-trip","product_tag-samana-day-trip-from-punta-cana","product_tag-samana-whale-watching","product_tag-whale-punta-cana","product_tag-whale-samana","product_tag-whale-watching-2020","product_tag-whale-watching-2020-in-punta-cana-to-samana-bay-cayo-levantado-bacardi-island-from-hotels","product_tag-whale-watching-dominican-republic","product_tag-whale-watching-punta-cana"],"_links":{"self":[{"href":"https:\/\/www.boattoursamana.com\/sl\/wp-json\/wp\/v2\/product\/9717","targetHints":{"allow":["GET"]}}],"collection":[{"href":"https:\/\/www.boattoursamana.com\/sl\/wp-json\/wp\/v2\/product"}],"about":[{"href":"https:\/\/www.boattoursamana.com\/sl\/wp-json\/wp\/v2\/types\/product"}],"wp:featuredmedia":[{"embeddable":true,"href":"https:\/\/www.boattoursamana.com\/sl\/wp-json\/wp\/v2\/media\/12053"}],"wp:attachment":[{"href":"https:\/\/www.boattoursamana.com\/sl\/wp-json\/wp\/v2\/media?parent=9717"}],"wp:term":[{"taxonomy":"product_cat","embeddable":true,"href":"https:\/\/www.boattoursamana.com\/sl\/wp-json\/wp\/v2\/product_cat?post=9717"},{"taxonomy":"product_tag","embeddable":true,"href":"https:\/\/www.boattoursamana.com\/sl\/wp-json\/wp\/v2\/product_tag?post=9717"}],"curies":[{"name":"wp","href":"https:\/\/api.w.org\/{rel}","templated":true}]}}