{"id":15737,"date":"2023-07-15T07:42:45","date_gmt":"2023-07-15T07:42:45","guid":{"rendered":"https:\/\/www.ticketswhales.com\/zip-line-samana-el-valle-with-lunch-on-the-beach\/"},"modified":"2023-07-15T07:42:45","modified_gmt":"2023-07-15T07:42:45","slug":"zip-line-samana-el-valle-with-lunch-on-the-beach","status":"publish","type":"page","link":"https:\/\/www.boattoursamana.com\/sr\/zip-line-samana-el-valle-with-lunch-on-the-beach","title":{"rendered":"\u0417\u0438\u043f \u043b\u0430\u0458\u043d \u0421\u0430\u043c\u0430\u043d\u0430 \u0415\u043b \u0412\u0430\u043b\u043b\u0435 \u0441\u0430 \u0440\u0443\u0447\u043a\u043e\u043c \u043d\u0430 \u043f\u043b\u0430\u0436\u0438"},"content":{"rendered":"<p><span style=\"vertical-align: inherit;\"><span style=\"vertical-align: inherit;\">\u0422\u0438\u0440\u043e\u043b\u0435\u0441\u0430 \u0435\u043d \u0421\u0430\u043c\u0430\u043d\u0430, \u0415\u043b \u0412\u0430\u043b\u043b\u0435 \u043c\u0430\u0441 \u0410\u043b\u043c\u0443\u0435\u0440\u0437\u043e \u0435\u043d \u043b\u0430 \u041f\u043b\u0430\u0438\u0430. <\/span><span style=\"vertical-align: inherit;\">\u00a1\u0412\u0435\u043d \u0446\u043e\u043d \u043d\u043e\u0441\u043e\u0442\u0440\u043e\u0441 \u0438 \u0432\u0438\u0441\u0438\u0442\u0430 \u0443\u043d\u0430 \u0434\u0435 \u043b\u0430\u0441 \u0442\u0438\u0440\u043e\u043b\u0435\u0441\u0430\u0441 \u043c\u0430\u0441 \u043b\u0430\u0440\u0433\u0430\u0441 \u0434\u0435\u043b \u0426\u0430\u0440\u0438\u0431\u0435 12 \u043b\u0438\u043d\u0435\u0430\u0441, 13 \u0435\u0441\u0442\u0430\u0446\u0438\u043e\u043d\u0435\u0441 \u0438 \u043c\u0430\u0441 \u0434\u0435 7,400 \u043f\u0438\u0435\u0441 \u0434\u0435 \u0446\u0430\u0431\u043b\u0435!<\/span><\/span><br \/>\n\u043d<br \/>\n\u043d<span style=\"vertical-align: inherit;\"><span style=\"vertical-align: inherit;\">\u0414\u0435\u0441\u043f\u0443\u0435\u0441 \u0434\u0435 \u0435\u0441\u0442\u0430 \u0435\u043a\u043f\u0435\u0440\u0438\u0435\u043d\u0446\u0438\u0430, \u0442\u0435\u043d\u0434\u0440\u0430 \u0441\u0443 \u0442\u0438\u0435\u043c\u043f\u043e \u0435\u043d \u043b\u0430 \u043f\u043b\u0430\u0438\u0430 \u043c\u0430\u0441 \u0443\u043d \u0430\u043b\u043c\u0443\u0435\u0440\u0437\u043e \u043b\u043e\u0446\u0430\u043b \u0435\u043d \u043b\u0430 \u043f\u043b\u0430\u0438\u0430.<\/span><\/span><br \/>\n\u043d<br \/>\n\u043d&\u043dbsp;<br \/>\n\u043d<br \/>\n\u043d<em><strong><span style=\"vertical-align: inherit;\"><span style=\"vertical-align: inherit;\">\u0421\u0435\u043b\u0435\u0446\u0446\u0438\u043e\u043d\u0435 \u043b\u0430 \u0444\u0435\u0446\u0445\u0430 \u043f\u0430\u0440\u0430 \u0435\u043b \u0442\u043e\u0443\u0440\u00a0<\/span><\/span><\/strong><\/em><\/p>\n<p>&nbsp;<\/p>\n<div class=\"vc_row wpb_row vc_row-fluid\" ><div class=\"wpb_column vc_column_container vc_col-sm-12\"><div class=\"vc_column-inner\"><div class=\"wpb_wrapper\"><div class=\"mkdf-section-title-holder\" style=\"text-align: left\">\n\t<div class=\"mkdf-st-inner\">\n\t\t\t\t\t<h5 class=\"mkdf-st-subtitle\" >\n\t\t\t\t\u0417\u0438\u043f \u041b\u0438\u043d\u0435 \u0430\u0432\u0430\u043d\u0442\u0443\u0440\u0435\t\t\t<\/h5>\n\t\t\t\t\t\t\t<h3 class=\"mkdf-st-title\" >\n\t\t\t\t\u0417\u0438\u043f \u041b\u0438\u043d\u0435 \u0421\u0430\u043c\u0430\u043d\u0430, \u0415\u043b \u0412\u0430\u043b\u043b\u0435 \u0441\u0430 \u0440\u0443\u0447\u043a\u043e\u043c \u043d\u0430 \u043f\u043b\u0430\u0436\u0438\t\t\t<\/h3>\n\t\t\t\t\t<\/div>\n<\/div><div class=\"vc_btn3-container vc_btn3-inline\" ><button class=\"vc_general vc_btn3 vc_btn3-size-md vc_btn3-shape-rounded vc_btn3-style-modern vc_btn3-color-green\">\u0420\u0415\u0417\u0415\u0420\u0412\u0418\u0420\u0410\u0408\u0422\u0415 \u0421\u0410\u0414\u0410<\/button><\/div><\/div><\/div><\/div><\/div><div class=\"vc_row wpb_row vc_row-fluid\" ><div class=\"wpb_column vc_column_container vc_col-sm-12\"><div class=\"vc_column-inner\"><div class=\"wpb_wrapper\"><div class=\"vc_empty_space\"   style=\"height: 32px\"><span class=\"vc_empty_space_inner\"><\/span><\/div><\/div><\/div><\/div><\/div><div class=\"vc_row wpb_row vc_row-fluid\" ><\/div><div class=\"wpb_column vc_column_container vc_col-sm-12\"><div class=\"vc_column-inner\"><div class=\"wpb_wrapper\"><\/div><\/div><\/div><div class=\"vc_row wpb_row vc_row-fluid\" ><\/div><div class=\"wpb_column vc_column_container vc_col-sm-12\"><div class=\"vc_column-inner\"><div class=\"wpb_wrapper\"><\/div><\/div><\/div><div class=\"vc_empty_space\"   style=\"height: 32px\"><span class=\"vc_empty_space_inner\"><\/span><\/div><div class=\"vc_row wpb_row vc_row-fluid\" ><div class=\"wpb_column vc_column_container vc_col-sm-12\"><div class=\"vc_column-inner\"><div class=\"wpb_wrapper\"><div class=\"vc_btn3-container vc_btn3-inline\" ><button class=\"vc_general vc_btn3 vc_btn3-size-md vc_btn3-shape-rounded vc_btn3-style-modern vc_btn3-color-green\">\u0420\u0415\u0417\u0415\u0420\u0412\u0418\u0420\u0410\u0408\u0422\u0415 \u0421\u0410\u0414\u0410<\/button><\/div><\/div><\/div><\/div><\/div>","protected":false},"excerpt":{"rendered":"<p>Tirolesa en Saman\u00e1, El Valle m\u00e1s Almuerzo en la playa. \u00a1Ven con nosotros y visita una de las tirolesas m\u00e1s largas del Caribe 12 l\u00edneas, 13 estaciones y m\u00e1s de 7,400 pies de cable! n nDespu\u00e9s de esta experiencia, tendr\u00e1 su tiempo en la playa m\u00e1s un almuerzo local en la playa. n n&nbsp; n nSeleccione la fecha para el tour\u00a0 &nbsp;<\/p>","protected":false},"author":2,"featured_media":0,"parent":0,"menu_order":0,"comment_status":"open","ping_status":"closed","template":"","meta":{"footnotes":""},"class_list":["post-15737","page","type-page","status-publish","hentry"],"_links":{"self":[{"href":"https:\/\/www.boattoursamana.com\/sr\/wp-json\/wp\/v2\/pages\/15737","targetHints":{"allow":["GET"]}}],"collection":[{"href":"https:\/\/www.boattoursamana.com\/sr\/wp-json\/wp\/v2\/pages"}],"about":[{"href":"https:\/\/www.boattoursamana.com\/sr\/wp-json\/wp\/v2\/types\/page"}],"author":[{"embeddable":true,"href":"https:\/\/www.boattoursamana.com\/sr\/wp-json\/wp\/v2\/users\/2"}],"replies":[{"embeddable":true,"href":"https:\/\/www.boattoursamana.com\/sr\/wp-json\/wp\/v2\/comments?post=15737"}],"version-history":[{"count":0,"href":"https:\/\/www.boattoursamana.com\/sr\/wp-json\/wp\/v2\/pages\/15737\/revisions"}],"wp:attachment":[{"href":"https:\/\/www.boattoursamana.com\/sr\/wp-json\/wp\/v2\/media?parent=15737"}],"curies":[{"name":"wp","href":"https:\/\/api.w.org\/{rel}","templated":true}]}}