{"id":15790,"date":"2023-07-15T07:43:59","date_gmt":"2023-07-15T07:43:59","guid":{"rendered":"https:\/\/www.ticketswhales.com\/samana-day-trip-from-bayahibe-el-limon-waterfall-and-bacardi-island\/"},"modified":"2023-07-15T07:43:59","modified_gmt":"2023-07-15T07:43:59","slug":"samana-day-trip-from-bayahibe-el-limon-waterfall-and-bacardi-island","status":"publish","type":"page","link":"https:\/\/www.boattoursamana.com\/sr\/%d1%81%d0%b0%d0%bc%d0%b0%d0%bd%d0%b0-%d1%98%d0%b5%d0%b4%d0%bd%d0%be%d0%b4%d0%bd%d0%b5%d0%b2%d0%bd%d0%b8-%d0%b8%d0%b7%d0%bb%d0%b5%d1%82-%d1%81%d0%b0-%d0%b2%d0%be%d0%b4%d0%be%d0%bf%d0%b0%d0%b4%d0%b0","title":{"rendered":"\u0408\u0435\u0434\u043d\u043e\u0434\u043d\u0435\u0432\u043d\u0438 \u0438\u0437\u043b\u0435\u0442 \u0438\u0437 \u0421\u0430\u043c\u0430\u043d\u0435 \u0438\u0437 \u0411\u0430\u0458\u0430\u0445\u0438\u0431\u0435\u0430 \u2013 \u0432\u043e\u0434\u043e\u043f\u0430\u0434\u0430 \u0415\u043b \u041b\u0438\u043c\u043e\u043d \u0438 \u043e\u0441\u0442\u0440\u0432\u0430 \u0411\u0430\u043a\u0430\u0440\u0434\u0438"},"content":{"rendered":"<p><span style=\"vertical-align: inherit;\"><span style=\"vertical-align: inherit;\">\u0421\u0438 \u0435\u0441\u0442\u0430\u0441 \u0435\u043d \u041f\u0443\u043d\u0442\u0430 \u0426\u0430\u043d\u0430 \u043e \u0411\u0430\u0432\u0430\u0440\u043e \u0438 \u043a\u0443\u0438\u0435\u0440\u0435\u0441 \u0445\u0430\u0446\u0435\u0440 \u0443\u043d\u0430 \u0435\u043a\u0446\u0443\u0440\u0441\u0438\u043e\u043d \u0434\u0435 \u0443\u043d \u0434\u0438\u0430 \u043f\u0430\u0433\u0430\u043d\u0434\u043e \u043c\u0435\u043d\u043e\u0441 \u0434\u0435 \u043b\u043e \u0445\u0430\u0431\u0438\u0442\u0443\u0430\u043b, \u0440\u0435\u0441\u0435\u0440\u0432\u0430 \u0435\u0441\u0442\u0435 \u0432\u0438\u0430\u0458\u0435. <\/span><span style=\"vertical-align: inherit;\">\u0414\u0435\u043d\u0442\u0440\u043e \u0434\u0435 \u0435\u0441\u0442\u0435 \u0432\u0438\u0430\u0458\u0435, \u043b\u043e \u043b\u043b\u0435\u0432\u0430\u0440\u0435\u043c\u043e\u0441 \u0430 \u0421\u0430\u043c\u0430\u043d\u0430, \u0434\u043e\u043d\u0434\u0435 \u0435\u043d \u0443\u043d \u0443\u043d \u0446\u0430\u0442\u0430\u043c\u0430\u0440\u0430\u043d, \u043b\u043e \u043b\u043b\u0435\u0432\u0430\u0440\u0430\u043d \u0430 \u0421\u0430\u0431\u0430\u043d\u0430 \u0434\u0435 \u043b\u0430 \u041c\u0430\u0440, \u0443\u043d \u043c\u0443\u043d\u0438\u0446\u0438\u043f\u0438\u043e \u0434\u0435 \u0425\u0430\u0442\u043e \u041c\u0430\u0438\u043e\u0440, \u043b\u0430 \u0446\u0430\u0441\u0430 \u0434\u0435\u043b \u041f\u0430\u0440\u043a\u0443\u0435 \u041d\u0430\u0446\u0438\u043e\u043d\u0430\u043b \u041b\u043e\u0441 \u0425\u0430\u0438\u0442\u0438\u0441\u0435\u0441. <\/span><span style=\"vertical-align: inherit;\">\u0415\u0441\u0442\u0435 \u0432\u0438\u0430\u0458\u0435 \u0438\u043d\u0446\u043b\u0443\u0438\u0435 \u0421\u0430\u0444\u0430\u0440\u0438 \u0422\u043e\u0443\u0440, \u0426\u0430\u0442\u0430\u043c\u0430\u0440\u0430\u043d, \u0426\u0430\u0441\u0446\u0430\u0434\u0430 \u0438 \u043d\u0430\u0442\u0430\u0446\u0438\u043e\u043d \u0435\u043d \u043b\u0430 \u043f\u043b\u0430\u0438\u0430, \u0438 \u043c\u0430\u0441. <\/span><span style=\"vertical-align: inherit;\">\u0415\u043b \u0432\u0438\u0430\u0458\u0435 \u0446\u043e\u043c\u0438\u0435\u043d\u0437\u0430 \u0430 \u043b\u0430\u0441 6:00 \u0430\u043c \u0438 \u0422\u0435\u0440\u043c\u0438\u043d\u0430 \u0430 \u043b\u0430\u0441 6:30 \u043f\u043c. <\/span><span style=\"vertical-align: inherit;\">\u00a1\u041d\u043e \u0442\u0435 \u043b\u043e \u043f\u0438\u0435\u0440\u0434\u0430\u0441!<\/span><\/span><br \/>\n\u043d<br \/>\n\u043d&\u043dbsp;<br \/>\n\u043d<br \/>\n\u043d&\u043dbsp;<br \/>\n\u043d<br \/>\n\u043d<strong><span style=\"vertical-align: inherit;\"><span style=\"vertical-align: inherit;\">\u0421\u0435\u043b\u0435\u0446\u0446\u0438\u043e\u043d\u0435 \u043b\u0430 \u0444\u0435\u0446\u0445\u0430 \u043f\u0430\u0440\u0430 \u0435\u043b \u0442\u043e\u0443\u0440\u00a0<\/span><\/span><\/strong><\/p>\n<p>&nbsp;<\/p>\n<div class=\"vc_row wpb_row vc_row-fluid\" ><div class=\"wpb_column vc_column_container vc_col-sm-12\"><div class=\"vc_column-inner\"><div class=\"wpb_wrapper\"><div class=\"mkdf-section-title-holder\" style=\"text-align: left\">\n\t<div class=\"mkdf-st-inner\">\n\t\t\t\t\t<h5 class=\"mkdf-st-subtitle\" >\n\t\t\t\t(\u041f\u0440\u0435\u0443\u0437\u0438\u043c\u0430\u045a\u0435 \u0443 \u0445\u043e\u0442\u0435\u043b\u0438\u043c\u0430 \u0411\u0430\u0438\u0430\u0445\u0438\u0431\u0435)\t\t\t<\/h5>\n\t\t\t\t\t\t\t<h3 class=\"mkdf-st-title\" >\n\t\t\t\t\u0408\u0435\u0434\u043d\u043e\u0434\u043d\u0435\u0432\u043d\u0438 \u0438\u0437\u043b\u0435\u0442 \u0421\u0430\u043c\u0430\u043d\u0430 \u0438\u0437 \u0411\u0430\u0458\u0430\u0445\u0438\u0431\u0435\u0430 - \u0432\u043e\u0434\u043e\u043f\u0430\u0434\u0430 \u0415\u043b \u041b\u0438\u043c\u043e\u043d \u0438 \u043e\u0441\u0442\u0440\u0432\u0430 \u0411\u0430\u043a\u0430\u0440\u0434\u0438\t\t\t<\/h3>\n\t\t\t\t\t<\/div>\n<\/div><\/div><\/div><\/div><\/div><div class=\"vc_row wpb_row vc_row-fluid\" ><div class=\"wpb_column vc_column_container vc_col-sm-12\"><div class=\"vc_column-inner\"><div class=\"wpb_wrapper\">\n\t<div class=\"wpb_text_column wpb_content_element\" >\n\t\t<div class=\"wpb_wrapper\">\n\t\t\t<p>\n\u043d<\/p>\n<h4><b><i>\u041f\u0440\u0435\u0433\u043b\u0435\u0434 <\/i><\/b><\/h4>\n<p>nIf you are in Bayahibe, Punta Cana or Bavaro, and wants to have a day trip paying less than usual, go ahead and book this trip. Within this trip, we will take you to Samana, where on a catamaran, you will be taken to Sabana de la Mar, a township of Hato Mayor the house of \u00a0Los Haitises National Park. This journey includes visiting the communities of Samana and El Limon where you will be able to do Horse Riding or Hiking to a waterfall right after crossing Samana Bay. The lunch will be served at Bacardi Island. The trips begins at 6:00am and ends by 6:30pm. Do your reservation now!<br \/>\n\u043d<br \/>\nnAfter this experience,\u00a0 we will drop you off at Your Hotel.<br \/>\n\u043d<\/p>\n<ul>\n\u043d \t<\/p>\n<li style=\"font-weight: 400;\">\u0423\u043a\u0459\u0443\u0447\u0435\u043d\u0435 \u043d\u0430\u043a\u043d\u0430\u0434\u0435<\/li>\n<p>\u043d \t<\/p>\n<li>\u0423\u043a\u0459\u0443\u0447\u0435\u043d \u0440\u0443\u0447\u0430\u043a \u043d\u0430 \u043f\u043b\u0430\u0436\u0438<\/li>\n<p>\u043d \t<\/p>\n<li>\u0422\u0440\u0430\u043d\u0441\u0444\u0435\u0440 \u0443\u043a\u0459\u0443\u0447\u0435\u043d<\/li>\n<p>\u043d \t<\/p>\n<li style=\"font-weight: 400;\"><span style=\"font-weight: 400;\">\u0412\u043e\u0434\u0438\u0447 \u043f\u0440\u0443\u0436\u0430 \u0443\u043f\u0443\u0442\u0441\u0442\u0432\u0430 \u0438 \u043d\u0430\u0434\u0437\u043e\u0440<\/span><\/li>\n<p>\u043d<\/ul>\n<p>\u043d&\u043dbsp;<br \/>\n\u043d<\/p>\n<h4><b>\u0423\u043a\u0459\u0443\u0447\u0438\u0432\u0430\u045a\u0430 \u0438 \u0438\u0441\u043a\u0459\u0443\u0447\u0435\u045a\u0430<\/b><\/h4>\n<p>\u043d&\u043dbsp;<br \/>\n\u043d<br \/>\n\u043d<b>\u0418\u043d\u043a\u043b\u0443\u0437\u0438\u0458\u0435<\/b><br \/>\n\u043d<br \/>\n\u043d&\u043dbsp;<br \/>\n\u043d<\/p>\n<ol>\n\u043d \t<\/p>\n<li style=\"font-weight: 400;\">\u0414\u043e\u043b\u0430\u0437\u0430\u043a \u0443 \u0445\u043e\u0442\u0435\u043b<\/li>\n<p>\u043d \t<\/p>\n<li style=\"font-weight: 400;\">\u0421\u0430\u043c\u0430\u043d\u0430 \u0411\u0430\u0438<\/li>\n<p>\u043d \t<\/p>\n<li>\u041e\u0441\u0442\u0440\u0432\u043e \u0411\u0430\u043a\u0430\u0440\u0434\u0438, \u043f\u043b\u0430\u0436\u0430 \u0438 \u0440\u0443\u0447\u0430\u043a<\/li>\n<p>\u043d \t<\/p>\n<li>\u0421\u0430\u0444\u0430\u0440\u0438 \u0434\u043e \u0415\u043b \u041b\u0438\u043c\u043e\u043d\u0430<\/li>\n<p>\u043d \t<\/p>\n<li>\u0408\u0430\u0445\u0430\u045a\u0435 \u0438\u043b\u0438 \u043f\u043b\u0430\u043d\u0438\u043d\u0430\u0440\u0435\u045a\u0435 \u0434\u043e \u0432\u043e\u0434\u043e\u043f\u0430\u0434\u0430<\/li>\n<p>\u043d \t<\/p>\n<li>\u0414\u043e\u043c\u0438\u043d\u0438\u0446\u0430\u043d\u0441 \u0426\u043e\u0446\u043a\u0442\u0430\u0438\u043b\u0441<\/li>\n<p>\u043d \t<\/p>\n<li style=\"font-weight: 400;\"><span style=\"font-weight: 400;\">\u0421\u0432\u0438 \u043f\u043e\u0440\u0435\u0437\u0438, \u043d\u0430\u043a\u043d\u0430\u0434\u0435 \u0438 \u043d\u0430\u043a\u043d\u0430\u0434\u0435 \u0437\u0430 \u0440\u0443\u043a\u043e\u0432\u0430\u045a\u0435<\/span><\/li>\n<p>\u043d \t<\/p>\n<li style=\"font-weight: 400;\"><span style=\"font-weight: 400;\">\u041b\u043e\u043a\u0430\u043b\u043d\u0438 \u043f\u043e\u0440\u0435\u0437\u0438<\/span><\/li>\n<p>\u043d \t<\/p>\n<li style=\"font-weight: 400;\"><span style=\"font-weight: 400;\">\u041f\u0438\u045b\u0430<\/span><\/li>\n<p>\u043d \t<\/p>\n<li style=\"font-weight: 400;\"><span style=\"font-weight: 400;\">\u0421\u0432\u0435 \u0430\u043a\u0442\u0438\u0432\u043d\u043e\u0441\u0442\u0438<\/span><\/li>\n<p>\u043d \t<\/p>\n<li style=\"font-weight: 400;\"><span style=\"font-weight: 400;\">\u041b\u043e\u043a\u0430\u043b\u043d\u0438 \u0432\u043e\u0434\u0438\u0447<\/span><\/li>\n<p>\u043d<\/ol>\n<p>\u043d<b> \u0418\u0441\u043a\u0459\u0443\u0447\u0435\u045a\u0430<\/b><br \/>\n\u043d<\/p>\n<ol>\n\u043d \t<\/p>\n<li style=\"font-weight: 400;\"><span style=\"font-weight: 400;\">\u0413\u0440\u0430\u0442\u0438\u0441<\/span><\/li>\n<p>\u043d \t<\/p>\n<li style=\"font-weight: 400;\"><span style=\"font-weight: 400;\">\u0410\u043b\u043a\u043e\u0445\u043e\u043b\u043d\u0430 \u043f\u0438\u045b\u0430 \u043f\u043e\u0441\u043b\u0435 \u043a\u043e\u043a\u0442\u0435\u043b\u0430\u00a0<\/span><\/li>\n<p>\u043d<\/ol>\n<p>\u043d&\u043dbsp;<br \/>\n\u043d<\/p>\n<h4><em><strong>\u041f\u043e\u043b\u0430\u0437\u0430\u043a \u0438 \u043f\u043e\u0432\u0440\u0430\u0442\u0430\u043a<\/strong><\/em><\/h4>\n<p>\u043d<span style=\"font-weight: 400;\">\u041f\u0443\u0442\u043d\u0438\u043a \u045b\u0435 \u0434\u043e\u0431\u0438\u0442\u0438 \u043c\u0435\u0441\u0442\u043e \u0441\u0430\u0441\u0442\u0430\u043d\u043a\u0430 \u043d\u0430\u043a\u043e\u043d \u043f\u0440\u043e\u0446\u0435\u0441\u0430 \u0440\u0435\u0437\u0435\u0440\u0432\u0430\u0446\u0438\u0458\u0435. \u0422\u0443\u0440\u0435 \u043f\u043e\u0447\u0438\u045a\u0443 \u0438 \u0437\u0430\u0432\u0440\u0448\u0430\u0432\u0430\u0458\u0443 \u043d\u0430 \u043d\u0430\u0448\u0438\u043c \u043c\u0435\u0441\u0442\u0438\u043c\u0430 \u0441\u0443\u0441\u0440\u0435\u0442\u0430.<\/span><br \/>\n\u043d<br \/>\n\u043d&\u043dbsp;<br \/>\n\u043d<\/p>\n<h3>\u0408\u0435\u0434\u043d\u043e\u0434\u043d\u0435\u0432\u043d\u0438 \u0438\u0437\u043b\u0435\u0442 \u0421\u0430\u043c\u0430\u043d\u0430 \u0438\u0437 \u0411\u0430\u0458\u0430\u0445\u0438\u0431\u0435\u0430 \u2013 \u0432\u043e\u0434\u043e\u043f\u0430\u0434 \u0415\u043b \u041b\u0438\u043c\u043e\u043d \u0438 \u043e\u0441\u0442\u0440\u0432\u043e \u0411\u0430\u043a\u0430\u0440\u0434\u0438<\/h3>\n<p>\u043d<\/p>\n<h4><b><i>\u0428\u0442\u0430 \u0434\u0430 \u043e\u0447\u0435\u043a\u0443\u0458\u0435\u0442\u0435?<\/i><\/b><\/h4>\n<p>\u043d&\u043dbsp;<br \/>\n\u043d<br \/>\n\u043d<strong>\u041d\u0430\u0431\u0430\u0432\u0438\u0442\u0435 \u0441\u0432\u043e\u0458\u0435 \u043a\u0430\u0440\u0442\u0435 \u043e\u0434\u043c\u0430\u0445<\/strong>. \u041e\u0447\u0435\u043a\u0443\u0458\u0443 \u0432\u0430\u0441 \u0432\u043e\u0434\u043e\u043f\u0430\u0434\u0438, \u0458\u0430\u0445\u0430\u045a\u0435, \u043f\u043b\u0430\u043d\u0438\u043d\u0430\u0440\u0435\u045a\u0435 \u0438 \u0441\u0430\u0444\u0430\u0440\u0438 \u0442\u0443\u0440\u0430, \u043f\u043b\u0438\u0432\u0430\u045a\u0435 \u043d\u0430 \u043f\u0440\u0438\u0440\u043e\u0434\u043d\u0438\u043c \u0438\u0437\u0432\u043e\u0440\u0438\u043c\u0430, \u0440\u0443\u0447\u0430\u043a \u043d\u0430 \u043e\u0441\u0442\u0440\u0432\u0443 \u0411\u0430\u043a\u0430\u0440\u0434\u0438 \u0438 \u0434\u0440\u0443\u0433\u0435 \u0437\u0430\u0431\u0430\u0432\u043d\u0435 \u0430\u043a\u0442\u0438\u0432\u043d\u043e\u0441\u0442\u0438.<br \/>\n\u043d<br \/>\nnDeparting Bayahibe on a bus, we will head to Samana Bay port. Once at the port, we will get onboard of a boat or Catamaran with local tour guides who will direct you to the community of Samana. In this community a Safari Tour will take you around teaching you about the history of this town. \u00a0But this is not all, El Limon waterfall is next, here you will be able swim and hike or do horse riding. \u00a0El Limon waterfall is a fantastic natural monument with a tropical forest and clear natural springs. On the way back to Samana we will have a stop at Bacardi Island where a lunch will be served and you are going to be able to swim in one of the most natural pools of Dominican Republic.<br \/>\n\u043d<br \/>\n\u043d&\u043dbsp;<br \/>\n\u043d<br \/>\nnIn case you would like to adjust this trip so it is shorter or longer, please contact us.<br \/>\n\u043d<br \/>\n\u043d&\u043dbsp;<br \/>\n\u043d<\/p>\n<h4><em><strong>\u0428\u0442\u0430 \u0442\u0440\u0435\u0431\u0430 \u0434\u0430 \u043f\u043e\u043d\u0435\u0441\u0435\u0442\u0435?<\/strong><\/em><\/h4>\n<p>\u043d<\/p>\n<ul>\n\u043d \t<\/p>\n<li style=\"font-weight: 400;\"><span style=\"font-weight: 400;\">\u041a\u0430\u043c\u0435\u0440\u0430<\/span><\/li>\n<p>\u043d \t<\/p>\n<li style=\"font-weight: 400;\"><span style=\"font-weight: 400;\">\u0420\u0435\u043f\u0435\u043b\u0435\u043d\u0442\u043d\u0438 \u043f\u0443\u043f\u043e\u0459\u0446\u0438<\/span><\/li>\n<p>\u043d \t<\/p>\n<li style=\"font-weight: 400;\"><span style=\"font-weight: 400;\">\u043a\u0440\u0435\u043c\u0430 \u0437\u0430 \u0441\u0443\u043d\u0447\u0430\u045a\u0435<\/span><\/li>\n<p>\u043d \t<\/p>\n<li style=\"font-weight: 400;\"><span style=\"font-weight: 400;\">\u0428\u0435\u0448\u0438\u0440<\/span><\/li>\n<p>\u043d \t<\/p>\n<li style=\"font-weight: 400;\"><span style=\"font-weight: 400;\">\u0423\u0434\u043e\u0431\u043d\u0435 \u043f\u0430\u043d\u0442\u0430\u043b\u043e\u043d\u0435<\/span><\/li>\n<p>\u043d \t<\/p>\n<li style=\"font-weight: 400;\"><span style=\"font-weight: 400;\">\u041f\u043b\u0430\u043d\u0438\u043d\u0430\u0440\u0441\u043a\u0435 \u0446\u0438\u043f\u0435\u043b\u0435 \u0437\u0430 \u0448\u0443\u043c\u0443<\/span><\/li>\n<p>\u043d \t<\/p>\n<li style=\"font-weight: 400;\"><span style=\"font-weight: 400;\">\u0421\u0430\u043d\u0434\u0430\u043b\u0435 \u0443 \u043e\u0431\u043b\u0430\u0441\u0442\u0438 \u043f\u0440\u043e\u043b\u0435\u045b\u0430.<\/span><\/li>\n<p>\u043d \t<\/p>\n<li style=\"font-weight: 400;\"><span style=\"font-weight: 400;\">\u041e\u0434\u0458\u0435\u045b\u0430 \u0437\u0430 \u043a\u0443\u043f\u0430\u045a\u0435<\/span><\/li>\n<p>\u043d<\/ul>\n<p>\u043d&\u043dbsp;<br \/>\n\u043d<\/p>\n<h4><b><i>\u0425\u043e\u0442\u0435\u043b \u041f\u0438\u0446\u043a\u0443\u043f <\/i><\/b><\/h4>\n<p>\u043d<span style=\"font-weight: 400;\">\u0423 \u043f\u043e\u043d\u0443\u0434\u0438 \u0458\u0435 \u043f\u0440\u0435\u0443\u0437\u0438\u043c\u0430\u045a\u0435 \u043f\u0443\u0442\u043d\u0438\u043a\u0430!<\/span><br \/>\n\u043d<br \/>\n\u043d<span style=\"font-weight: 400;\">\u041c\u0438 \u043f\u0440\u0435\u0443\u0437\u0438\u043c\u0430\u043c\u043e \u0438\u0437 \u0441\u0432\u0438\u0445 \u0445\u043e\u0442\u0435\u043b\u0430 \u0443 \u0411\u0430\u0438\u0430\u0445\u0438\u0431\u0435\u0443. \u041b\u043e\u043a\u0430\u0446\u0438\u0458\u0430 \u043f\u0440\u0435\u0443\u0437\u0438\u043c\u0430\u045a\u0430 \u0458\u0435 \u043b\u043e\u0431\u0438 \u0445\u043e\u0442\u0435\u043b\u0430<br \/>\n\u0410\u043a\u043e \u0431\u043e\u0440\u0430\u0432\u0438\u0442\u0435 \u0443 \u0441\u0442\u0430\u043d\u0443 \u0443 \u043e\u043a\u043e\u043b\u0438\u043d\u0438, \u043c\u0438 \u045b\u0435\u043c\u043e \u0432\u0430\u0441 \u043f\u043e\u043a\u0443\u043f\u0438\u0442\u0438 \u0443 \u0441\u0442\u0430\u043d\u0443 \u0438\u043b\u0438 \u043d\u0430 \u0443\u043b\u0430\u0437\u0443 \u0443 \u043d\u0430\u0458\u0431\u043b\u0438\u0436\u0435 \u043e\u0434\u043c\u0430\u0440\u0430\u043b\u0438\u0448\u0442\u0435. \u041f\u043e\u0441\u0442\u0430\u0432\u0438\u043b\u0438 \u0441\u043c\u043e \u043f\u0440\u0435\u0443\u0437\u0438\u043c\u0430\u045a\u0435 \u0442\u0430\u043a\u043e \u0434\u0430 \u043d\u0430\u0441 \u043a\u043e\u043d\u0442\u0430\u043a\u0442\u0438\u0440\u0430 \u043f\u0443\u0442\u0435\u043c \u0412\u0445\u0430\u0442\u0441\u0430\u043f\u043f-\u0430.<\/span><br \/>\n\u043d<br \/>\n\u043d<b>\u0411\u0435\u043b\u0435\u0448\u043a\u0430:<\/b><span style=\"font-weight: 400;\"> \u0410\u043a\u043e \u0440\u0435\u0437\u0435\u0440\u0432\u0438\u0448\u0435\u0442\u0435 \u0443 \u0440\u043e\u043a\u0443 \u043e\u0434 24 \u0441\u0430\u0442\u0430 \u043e\u0434 \u0432\u0440\u0435\u043c\u0435\u043d\u0430 \u043f\u043e\u043b\u0430\u0441\u043a\u0430 \u043d\u0430 \u0442\u0443\u0440\u043d\u0435\u0458\u0443\/\u0438\u0437\u043b\u0435\u0442, \u043c\u043e\u0436\u0435\u043c\u043e \u043e\u0440\u0433\u0430\u043d\u0438\u0437\u043e\u0432\u0430\u0442\u0438 \u043f\u0440\u0435\u0443\u0437\u0438\u043c\u0430\u045a\u0435 \u0445\u043e\u0442\u0435\u043b\u0430. \u041a\u0430\u0434\u0430 \u0441\u0435 \u0432\u0430\u0448\u0430 \u043a\u0443\u043f\u043e\u0432\u0438\u043d\u0430 \u0437\u0430\u0432\u0440\u0448\u0438, \u043f\u043e\u0441\u043b\u0430\u045b\u0435\u043c\u043e \u0432\u0430\u043c \u043a\u043e\u043c\u043f\u043b\u0435\u0442\u043d\u0435 \u043a\u043e\u043d\u0442\u0430\u043a\u0442 \u0438\u043d\u0444\u043e\u0440\u043c\u0430\u0446\u0438\u0458\u0435 (\u0431\u0440\u043e\u0458 \u0442\u0435\u043b\u0435\u0444\u043e\u043d\u0430, \u0438\u043c\u0435\u0458\u043b \u0430\u0434\u0440\u0435\u0441\u0443, \u0438\u0442\u0434.) \u0437\u0430 \u043d\u0430\u0448 \u043b\u043e\u043a\u0430\u043b\u043d\u0438 \u0442\u0443\u0440\u0438\u0441\u0442\u0438\u0447\u043a\u0438 \u0432\u043e\u0434\u0438\u0447 \u0434\u0430 \u043e\u0440\u0433\u0430\u043d\u0438\u0437\u0443\u0458\u0435 \u0430\u0440\u0430\u043d\u0436\u043c\u0430\u043d\u0435 \u0437\u0430 \u043f\u0440\u0435\u0443\u0437\u0438\u043c\u0430\u045a\u0435<\/span><br \/>\n\u043d<\/p>\n<h4><b><i>\u041f\u043e\u0442\u0432\u0440\u0434\u0430 \u0434\u043e\u0434\u0430\u0442\u043d\u0438\u0445 \u0438\u043d\u0444\u043e\u0440\u043c\u0430\u0446\u0438\u0458\u0430 <\/i><\/b><\/h4>\n<p>\u043d<\/p>\n<ol>\n\u043d \t<\/p>\n<li>\u0423\u043b\u0430\u0437\u043d\u0438\u0446\u0435 \u0441\u0443 \u043f\u0440\u0438\u0437\u043d\u0430\u043d\u0438\u0446\u0430 \u043d\u0430\u043a\u043e\u043d \u043f\u043b\u0430\u045b\u0430\u045a\u0430 \u043e\u0432\u0435 \u0442\u0443\u0440\u043d\u0435\u0458\u0435. \u041c\u043e\u0436\u0435\u0442\u0435 \u043f\u0440\u0438\u043a\u0430\u0437\u0430\u0442\u0438 \u0443\u043f\u043b\u0430\u0442\u0443 \u043d\u0430 \u0441\u0432\u043e\u043c \u0442\u0435\u043b\u0435\u0444\u043e\u043d\u0443.<\/li>\n<p>\u043d \t<\/p>\n<li style=\"font-weight: 400;\"><span style=\"font-weight: 400;\">\u041c\u0435\u0441\u0442\u043e \u0441\u0430\u0441\u0442\u0430\u043d\u043a\u0430 \u045b\u0435 \u0431\u0438\u0442\u0438 \u043f\u0440\u0438\u043c\u0459\u0435\u043d\u043e \u043d\u0430\u043a\u043e\u043d \u043f\u0440\u043e\u0446\u0435\u0441\u0430 \u0440\u0435\u0437\u0435\u0440\u0432\u0430\u0446\u0438\u0458\u0435.<\/span><\/li>\n<p>\u043d \t<\/p>\n<li style=\"font-weight: 400;\"><span style=\"font-weight: 400;\">\u0414\u0435\u0446\u0430 \u043c\u043e\u0440\u0430\u0458\u0443 \u0431\u0438\u0442\u0438 \u0443 \u043f\u0440\u0430\u0442\u045a\u0438 \u043e\u0434\u0440\u0430\u0441\u043b\u0435 \u043e\u0441\u043e\u0431\u0435.<\/span><\/li>\n<p>\u043d \t<\/p>\n<li style=\"font-weight: 400;\"><span style=\"font-weight: 400;\"> \u041d\u0438\u0458\u0435 \u0434\u043e\u0441\u0442\u0443\u043f\u043d\u043e \u0437\u0430 \u0438\u043d\u0432\u0430\u043b\u0438\u0434\u0441\u043a\u0430 \u043a\u043e\u043b\u0438\u0446\u0430 <\/span><\/li>\n<p>\u043d \t<\/p>\n<li style=\"font-weight: 400;\"><span style=\"font-weight: 400;\">\u0411\u0435\u0431\u0435 \u043c\u043e\u0440\u0430\u0458\u0443 \u0441\u0435\u0434\u0435\u0442\u0438 \u0443 \u043a\u0440\u0438\u043b\u0443 <\/span><\/li>\n<p>\u043d \t<\/p>\n<li style=\"font-weight: 400;\"><span style=\"font-weight: 400;\">\u041d\u0435 \u043f\u0440\u0435\u043f\u043e\u0440\u0443\u0447\u0443\u0458\u0435 \u0441\u0435 \u043f\u0443\u0442\u043d\u0438\u0446\u0438\u043c\u0430 \u0441\u0430 \u043f\u0440\u043e\u0431\u043b\u0435\u043c\u0438\u043c\u0430 \u0441\u0430 \u043b\u0435\u0452\u0438\u043c\u0430<\/span><\/li>\n<p>\u043d \t<\/p>\n<li style=\"font-weight: 400;\"><span style=\"font-weight: 400;\">\u041d\u0435 \u043f\u0440\u0435\u043f\u043e\u0440\u0443\u0447\u0443\u0458\u0435 \u0441\u0435 \u0442\u0440\u0443\u0434\u043d\u0438\u0446\u0430\u043c\u0430 <\/span><\/li>\n<p>\u043d \t<\/p>\n<li style=\"font-weight: 400;\"><span style=\"font-weight: 400;\"> \u041d\u0435\u043c\u0430 \u0441\u0440\u0447\u0430\u043d\u0438\u0445 \u043f\u0440\u043e\u0431\u043b\u0435\u043c\u0430 \u0438\u043b\u0438 \u0434\u0440\u0443\u0433\u0438\u0445 \u043e\u0437\u0431\u0438\u0459\u043d\u0438\u0445 \u0437\u0434\u0440\u0430\u0432\u0441\u0442\u0432\u0435\u043d\u0438\u0445 \u0441\u0442\u0430\u045a\u0430 <\/span><\/li>\n<p>\u043d \t<\/p>\n<li style=\"font-weight: 400;\"><span style=\"font-weight: 400;\">\u0412\u0435\u045b\u0438\u043d\u0430 \u043f\u0443\u0442\u043d\u0438\u043a\u0430 \u043c\u043e\u0436\u0435 \u0443\u0447\u0435\u0441\u0442\u0432\u043e\u0432\u0430\u0442\u0438<\/span><\/li>\n<p>\u043d<\/ol>\n<p>\u043d<\/p>\n<h4><b><i>\u041f\u043e\u043b\u0438\u0442\u0438\u043a\u0430 \u043e\u0442\u043a\u0430\u0437\u0438\u0432\u0430\u045a\u0430<\/i><\/b><\/h4>\n<p>\u0417\u0430 \u043f\u043e\u0442\u043f\u0443\u043d\u0438 \u043f\u043e\u0432\u0440\u0430\u045b\u0430\u0458 \u0441\u0440\u0435\u0434\u0441\u0442\u0430\u0432\u0430, \u043f\u0440\u043e\u0447\u0438\u0442\u0430\u0458\u0442\u0435 \u043d\u0430\u0448\u0435 \u0441\u043c\u0435\u0440\u043d\u0438\u0446\u0435 \u0437\u0430 \u043e\u0442\u043a\u0430\u0437\u0438\u0432\u0430\u045a\u0435\u00a0<a href=\"https:\/\/www.boattoursamana.com\/sr\/%d0%be%d0%bd%d0%bb%d0%b0%d1%98%d0%bd-%d1%80%d0%b5%d0%b7%d0%b5%d1%80%d0%b2%d0%b0%d1%86%d0%b8%d1%98%d0%b0\/\" target=\"_blank\" rel=\"noopener\" data-saferedirecturl=\"https:\/\/www.google.com\/url?q=https:\/\/www.boattoursamana.com\/online-booking\/&amp;source=gmail&amp;ust=1672449202351000&amp;usg=AOvVaw1yAeVAPktmaVCqDujgUn90\">\u041a\u043b\u0438\u043a\u043d\u0438\u0442\u0435 \u043e\u0432\u0434\u0435<\/a>. \u0421\u0440\u0435\u0434\u0441\u0442\u0432\u0430 \u045b\u0435 \u0431\u0438\u0442\u0438 \u0438\u0437\u0433\u0443\u0431\u0459\u0435\u043d\u0430 \u0430\u043a\u043e \u0441\u0435 \u0440\u0435\u0437\u0435\u0440\u0432\u0430\u0446\u0438\u0458\u0430 \u043e\u0442\u043a\u0430\u0436\u0435 \u0438\u0441\u0442\u0438 \u0434\u0430\u043d \u043f\u0443\u0442\u043e\u0432\u0430\u045a\u0430.<\/p>\n\n\t\t<\/div>\n\t<\/div>\n<\/div><\/div><\/div><\/div><div class=\"vc_row wpb_row vc_row-fluid\" ><\/div><div class=\"wpb_column vc_column_container vc_col-sm-12\"><div class=\"vc_column-inner\"><div class=\"wpb_wrapper\"><\/div><\/div><\/div><div class=\"vc_empty_space\"   style=\"height: 32px\"><span class=\"vc_empty_space_inner\"><\/span><\/div>\n\t<div class=\"wpb_text_column wpb_content_element\" >\n\t\t<div class=\"wpb_wrapper\">\n\t\t\t<p>\n\u043d<br \/>\n\u0408\u0430 \u0441\u0430\u043c \u0431\u043b\u043e\u043a \u0442\u0435\u043a\u0441\u0442\u0430. \u041a\u043b\u0438\u043a\u043d\u0438\u0442\u0435 \u043d\u0430 \u0434\u0443\u0433\u043c\u0435 \u0437\u0430 \u0443\u0440\u0435\u0452\u0438\u0432\u0430\u045a\u0435 \u0434\u0430 \u0431\u0438\u0441\u0442\u0435 \u043f\u0440\u043e\u043c\u0435\u043d\u0438\u043b\u0438 \u043e\u0432\u0430\u0458 \u0442\u0435\u043a\u0441\u0442. \u041b\u043e\u0440\u0435\u043c \u0438\u043f\u0441\u0443\u043c \u0434\u043e\u043b\u043e\u0440 \u0441\u0438\u0442 \u0430\u043c\u0435\u0442, \u0446\u043e\u043d\u0441\u0435\u0446\u0442\u0435\u0442\u0443\u0440 \u0430\u0434\u0438\u043f\u0438\u0441\u0446\u0438\u043d\u0433 \u0435\u043b\u0438\u0442. \u0423\u0442 \u0435\u043b\u0438\u0442 \u0442\u0435\u043b\u043b\u0443\u0441, \u043b\u0443\u0446\u0442\u0443\u0441 \u043d\u0435\u0446 \u0443\u043b\u043b\u0430\u043c\u0446\u043e\u0440\u043f\u0435\u0440 \u043c\u0430\u0442\u0442\u0438\u0441, \u043f\u0443\u043b\u0432\u0438\u043d\u0430\u0440 \u0434\u0430\u043f\u0438\u0431\u0443\u0441 \u043b\u0435\u043e.<br \/>\n\u043d<br \/>\n\u043d<\/p>\n\n\t\t<\/div>\n\t<\/div>\n<div class=\"vc_empty_space\"   style=\"height: 32px\"><span class=\"vc_empty_space_inner\"><\/span><\/div>","protected":false},"excerpt":{"rendered":"<p>Si est\u00e1s en Punta Cana o B\u00e1varo y quieres hacer una excursi\u00f3n de un d\u00eda pagando menos de lo habitual, reserva este viaje. Dentro de este viaje, lo llevaremos a Samana, donde en un catamar\u00e1n, lo llevar\u00e1n a Sabana de la Mar, un municipio de Hato Mayor, la casa del Parque Nacional Los Haitises. Este viaje incluye Safari Tour, Catamar\u00e1n, Cascada y nataci\u00f3n en la playa, y m\u00e1s. El viaje comienza a las 6:00 am y termina a las 6:30 [&hellip;]<\/p>\n","protected":false},"author":2,"featured_media":0,"parent":0,"menu_order":0,"comment_status":"open","ping_status":"closed","template":"","meta":{"footnotes":""},"class_list":["post-15790","page","type-page","status-publish","hentry"],"_links":{"self":[{"href":"https:\/\/www.boattoursamana.com\/sr\/wp-json\/wp\/v2\/pages\/15790","targetHints":{"allow":["GET"]}}],"collection":[{"href":"https:\/\/www.boattoursamana.com\/sr\/wp-json\/wp\/v2\/pages"}],"about":[{"href":"https:\/\/www.boattoursamana.com\/sr\/wp-json\/wp\/v2\/types\/page"}],"author":[{"embeddable":true,"href":"https:\/\/www.boattoursamana.com\/sr\/wp-json\/wp\/v2\/users\/2"}],"replies":[{"embeddable":true,"href":"https:\/\/www.boattoursamana.com\/sr\/wp-json\/wp\/v2\/comments?post=15790"}],"version-history":[{"count":0,"href":"https:\/\/www.boattoursamana.com\/sr\/wp-json\/wp\/v2\/pages\/15790\/revisions"}],"wp:attachment":[{"href":"https:\/\/www.boattoursamana.com\/sr\/wp-json\/wp\/v2\/media?parent=15790"}],"curies":[{"name":"wp","href":"https:\/\/api.w.org\/{rel}","templated":true}]}}