{"id":15809,"date":"2023-07-15T07:43:59","date_gmt":"2023-07-15T07:43:59","guid":{"rendered":"https:\/\/www.ticketswhales.com\/mountain-bikes-tainos-canoe-los-haitises\/"},"modified":"2023-07-15T07:43:59","modified_gmt":"2023-07-15T07:43:59","slug":"mountain-bikes-tainos-canoe-los-haitises","status":"publish","type":"page","link":"https:\/\/www.boattoursamana.com\/sr\/%d0%bf%d0%bb%d0%b0%d0%bd%d0%b8%d0%bd%d1%81%d0%ba%d0%b8-%d0%b1%d0%b8%d1%86%d0%b8%d0%ba%d0%bb%d0%b8-%d1%82%d0%b0%d0%bd%d0%be%d1%81-%d0%ba%d0%b0%d0%bd%d1%83-%d0%bb%d0%be%d1%81-%d1%85%d0%b0%d0%b8%d1%82","title":{"rendered":"\u041c\u043e\u0443\u043d\u0442\u0430\u0438\u043d \u0411\u0438\u043a\u0435\u0441 + \u0422\u0430\u0438\u043d\u043e&#039;\u0441 \u0426\u0430\u043d\u043e\u0435 \u041b\u043e\u0441 \u0425\u0430\u0438\u0442\u0438\u0441\u0435\u0441"},"content":{"rendered":"<p><span style=\"font-weight: 400;\"><span style=\"vertical-align: inherit;\"><span style=\"vertical-align: inherit;\">\u0415\u043d \u0435\u0441\u0442\u0430 \u0430\u0446\u0442\u0438\u0432\u0438\u0434\u0430\u0434, \u043f\u0430\u0440\u0442\u0438\u0440\u0430\u0441 \u0435\u043d \u0446\u0430\u043d\u043e\u0430\u0441 \u0430\u0440\u0442\u0435\u0441\u0430\u043d\u0430\u043b\u0435\u0441, \u0442\u0430\u043b \u0446\u043e\u043c\u043e \u043b\u043e \u0445\u0430\u0446\u0438\u0430\u043d \u043b\u043e\u0441 \u0442\u0430\u0438\u043d\u043e\u0441. <\/span><span style=\"vertical-align: inherit;\">\u0415\u0441\u0446\u0443\u0446\u0445\u0430\u0440\u0430\u0441 \u043c\u0443\u0446\u0445\u043e\u0441 \u0434\u0435 \u043b\u043e\u0441 \u0441\u043e\u043d\u0438\u0434\u043e\u0441 \u043a\u0443\u0435 \u043c\u0430\u0440\u0446\u0430\u0440\u043e\u043d \u0441\u0443 \u0446\u043e\u043d\u0435\u043a\u0438\u043e\u043d \u0446\u043e\u043d \u043b\u0430 \u043d\u0430\u0442\u0443\u0440\u0430\u043b\u0435\u0437\u0430: \u0435\u043b \u043b\u043b\u0430\u043c\u0430\u0434\u043e \u0434\u0435 \u043b\u0430\u0441 \u0433\u0440\u0443\u043b\u043b\u0430\u0441, \u0435\u043b \u0446\u0445\u0430\u043f\u0443\u0437\u043e\u043d \u0434\u0435 \u043b\u043e\u0441 \u0446\u0430\u043d\u0433\u0440\u0435\u0458\u043e\u0441 \u0435\u043d \u0435\u043b \u0430\u0433\u0443\u0430 \u0438 \u0435\u043b \u0441\u0443\u0430\u0432\u0435 \u0431\u0430\u0442\u0438\u0440 \u0434\u0435 \u043b\u0430\u0441 \u043e\u043b\u0430\u0441 \u0446\u043e\u043d\u0442\u0440\u0430 \u043b\u0430\u0441 \u0444\u043e\u0440\u043c\u0430\u0446\u0438\u043e\u043d\u0435\u0441 \u0440\u043e\u0446\u043e\u0441\u0430\u0441 \u043d\u0430\u0442\u0443\u0440\u0430\u043b\u0435\u0441. <\/span><span style=\"vertical-align: inherit;\">\u041b\u043e\u0441 \u0430\u0440\u0446\u043e\u0441 \u0434\u0435 \u043b\u0430\u0441 \u0440\u0430\u0438\u0446\u0435\u0441 \u0434\u0435\u043b \u043c\u0430\u043d\u0433\u043b\u0430\u0440 \u0442\u0435 \u0440\u0435\u0446\u043e\u0440\u0434\u0430\u0440\u0430\u043d \u0430 \u043b\u0430\u0441 \u0446\u0430\u0442\u0435\u0434\u0440\u0430\u043b\u0435\u0441 \u0438, \u0434\u0435 \u0445\u0435\u0446\u0445\u043e, \u043b\u043e\u0441 \u0442\u0430\u0438\u043d\u043e\u0441 (\u0430\u0443\u043d\u043a\u0443\u0435 \u043d\u043e \u0442\u0435\u043d\u0438\u0430\u043d \u0438\u0433\u043b\u0435\u0441\u0438\u0430\u0441) \u0435\u0440\u0430\u043d \u043f\u0440\u043e\u0444\u0443\u043d\u0434\u0430\u043c\u0435\u043d\u0442\u0435 \u0435\u0441\u043f\u0438\u0440\u0438\u0442\u0443\u0430\u043b\u0435\u0441. <\/span><span style=\"vertical-align: inherit;\">\u0423\u043d\u0430 \u0432\u0435\u0437 \u043a\u0443\u0435 \u0445\u0430\u0438\u0430 \u0441\u0430\u043b\u0438\u0434\u043e \u0446\u043e\u043d \u043d\u0443\u0435\u0441\u0442\u0440\u043e \u0433\u0443\u0438\u0430, \u0434\u0438\u0441\u0444\u0440\u0443\u0442\u0430\u0440\u0430 \u0434\u0435 \u043b\u0430 \u0440\u0438\u0446\u0430 \u0432\u0430\u0440\u0438\u0435\u0434\u0430\u0434 \u0434\u0435 \u0430\u0432\u0435\u0441, \u0440\u0435\u043f\u0442\u0438\u043b\u0435\u0441 \u0438 \u043f\u0435\u0446\u0435\u0441 \u0434\u0435 \u043b\u043e\u0441 \u043c\u0430\u043d\u0433\u043b\u0430\u0440\u0435\u0441. <\/span><span style=\"vertical-align: inherit;\">\u0414\u0435\u0441\u043b\u0443\u043c\u0431\u0440\u0430\u0434\u043e \u043f\u043e\u0440 \u0435\u043b \u0434\u0435\u0441\u0442\u0435\u043b\u043b\u043e \u0434\u0435 \u043b\u0430\u0441 \u043e\u043b\u0430\u0441 \u043a\u0443\u0435 \u043f\u0430\u0440\u043f\u0430\u0434\u0435\u0430\u043d \u0430 \u043b\u0430 \u043b\u0443\u0437 \u0434\u0435 \u043b\u0430 \u043c\u0430\u043d\u0430\u043d\u0430, \u043b\u0430\u0441 \u043c\u043e\u043d\u0442\u0430\u043d\u0430\u0441 \u0434\u0435 \u0421\u0430\u043c\u0430\u043d\u0430 \u0435\u043d \u043b\u0430 \u0434\u0438\u0441\u0442\u0430\u043d\u0446\u0438\u0430 \u0438 \u0435\u043b \u0432\u0435\u0440\u0434\u0435 \u0435\u0441\u043c\u0435\u0440\u0430\u043b\u0434\u0430 \u0434\u0435 \u043b\u0430\u0441 \u043f\u0430\u043b\u043c\u0435\u0440\u0430\u0441 \u043a\u0443\u0435 \u0441\u0435 \u043c\u0435\u0446\u0435\u043d.\u00a0 <\/span><\/span><\/span><br \/>\n\u043d<br \/>\n\u043d&\u043dbsp;<br \/>\n\u043d<br \/>\n\u043d<strong><span style=\"vertical-align: inherit;\"><span style=\"vertical-align: inherit;\">\u0421\u0435\u043b\u0435\u0446\u0446\u0438\u043e\u043d\u0435 \u043b\u0430 \u0444\u0435\u0446\u0445\u0430 \u043f\u0430\u0440\u0430 \u0435\u043b \u0422\u043e\u0443\u0440:<\/span><\/span><\/strong><\/p>\n<p>&nbsp;<\/p>\n<div class=\"vc_row wpb_row vc_row-fluid\" ><div class=\"wpb_column vc_column_container vc_col-sm-12\"><div class=\"vc_column-inner\"><div class=\"wpb_wrapper\"><div class=\"vc_btn3-container vc_btn3-inline\" ><button class=\"vc_general vc_btn3 vc_btn3-size-md vc_btn3-shape-rounded vc_btn3-style-modern vc_btn3-color-green\">\u0420\u0415\u0417\u0415\u0420\u0412\u0418\u0420\u0410\u0408\u0422\u0415 \u0421\u0410\u0414\u0410<\/button><\/div>\n\t<div class=\"wpb_text_column wpb_content_element\" >\n\t\t<div class=\"wpb_wrapper\">\n\t\t\t<p><span style=\"vertical-align: inherit;\"><span style=\"vertical-align: inherit;\"><\/p>\n\n\t\t<\/div>\n\t<\/div>\n<\/div><\/div><\/div><\/div><div class=\"vc_row wpb_row vc_row-fluid\" ><\/div><div class=\"wpb_column vc_column_container vc_col-sm-12\"><div class=\"vc_column-inner\"><div class=\"wpb_wrapper\"><\/div><\/div><\/div><div class=\"vc_empty_space\"   style=\"height: 32px\"><span class=\"vc_empty_space_inner\"><\/span><\/div><div class=\"vc_row wpb_row vc_row-fluid\" ><\/div><div class=\"wpb_column vc_column_container vc_col-sm-12\"><div class=\"vc_column-inner\"><div class=\"wpb_wrapper\"><\/div><\/div><\/div><div class=\"mkdf-section-title-holder\" style=\"text-align: left\">\n\t<div class=\"mkdf-st-inner\">\n\t\t\t\t\t<h5 class=\"mkdf-st-subtitle\" >\n\t\t\t\t\u0410\u0432\u0435\u043d\u0442\u0443\u0440\u0430 \u0435\u043d \u0446\u0430\u043d\u043e\u0430\u0441 \u0438 \u0431\u0438\u0446\u0438\u0446\u043b\u0435\u0442\u0430\u0441 \u0434\u0435 \u043c\u043e\u043d\u0442\u0430\u043d\u0430\t\t\t<\/h5>\n\t\t\t\t\t\t\t<h3 class=\"mkdf-st-title\" >\n\t\t\t\t\u041b\u043e\u0441 \u0425\u0430\u0438\u0442\u0438\u0441\u0435\u0441 \u0422\u0430\u0438\u043d\u043e&#039;\u0441 \u0422\u043e\u0443\u0440 \u0435\u043d \u0431\u0438\u0446\u0438\u0446\u043b\u0435\u0442\u0430\t\t\t<\/h3>\n\t\t\t\t\t<\/div>\n<\/div><div class=\"vc_row wpb_row vc_row-fluid\" ><\/div><div class=\"wpb_column vc_column_container vc_col-sm-12\"><div class=\"vc_column-inner\"><div class=\"wpb_wrapper\"><\/div><\/div><\/div><div class=\"vc_empty_space\"   style=\"height: 32px\"><span class=\"vc_empty_space_inner\"><\/span><\/div><div class=\"vc_row wpb_row vc_row-fluid\" ><\/div><div class=\"wpb_column vc_column_container vc_col-sm-12\"><div class=\"vc_column-inner\"><div class=\"wpb_wrapper\"><\/div><\/div><\/div><div class=\"vc_row wpb_row vc_row-fluid\" ><\/div><div class=\"wpb_column vc_column_container vc_col-sm-12\"><div class=\"vc_column-inner\"><div class=\"wpb_wrapper\"><\/div><\/div><\/div><div class=\"vc_empty_space\"   style=\"height: 32px\"><span class=\"vc_empty_space_inner\"><\/span><\/div><div class=\"vc_empty_space\"   style=\"height: 32px\"><span class=\"vc_empty_space_inner\"><\/span><\/div><div class=\"vc_row wpb_row vc_row-fluid\" ><div class=\"wpb_column vc_column_container vc_col-sm-12\"><div class=\"vc_column-inner\"><div class=\"wpb_wrapper\"><div class=\"vc_btn3-container vc_btn3-inline\" ><button class=\"vc_general vc_btn3 vc_btn3-size-md vc_btn3-shape-rounded vc_btn3-style-modern vc_btn3-color-green\">\u0420\u0415\u0417\u0415\u0420\u0412\u0418\u0420\u0410\u0408\u0422\u0415 \u0421\u0410\u0414\u0410<\/button><\/div><\/div><\/div><\/div><\/div><\/span><\/span><\/p>","protected":false},"excerpt":{"rendered":"<p>En esta actividad, partir\u00e1s en canoas artesanales, tal como lo hac\u00edan los ta\u00ednos. Escuchar\u00e1s muchos de los sonidos que marcaron su conexi\u00f3n con la naturaleza: el llamado de las grullas, el chapuz\u00f3n de los cangrejos en el agua y el suave batir de las olas contra las formaciones rocosas naturales. Los arcos de las ra\u00edces del manglar te recordar\u00e1n a las catedrales y, de hecho, los ta\u00ednos (aunque no ten\u00edan iglesias) eran profundamente espirituales. Una vez que haya salido con [&hellip;]<\/p>\n","protected":false},"author":2,"featured_media":0,"parent":0,"menu_order":0,"comment_status":"open","ping_status":"closed","template":"","meta":{"footnotes":""},"class_list":["post-15809","page","type-page","status-publish","hentry"],"_links":{"self":[{"href":"https:\/\/www.boattoursamana.com\/sr\/wp-json\/wp\/v2\/pages\/15809","targetHints":{"allow":["GET"]}}],"collection":[{"href":"https:\/\/www.boattoursamana.com\/sr\/wp-json\/wp\/v2\/pages"}],"about":[{"href":"https:\/\/www.boattoursamana.com\/sr\/wp-json\/wp\/v2\/types\/page"}],"author":[{"embeddable":true,"href":"https:\/\/www.boattoursamana.com\/sr\/wp-json\/wp\/v2\/users\/2"}],"replies":[{"embeddable":true,"href":"https:\/\/www.boattoursamana.com\/sr\/wp-json\/wp\/v2\/comments?post=15809"}],"version-history":[{"count":0,"href":"https:\/\/www.boattoursamana.com\/sr\/wp-json\/wp\/v2\/pages\/15809\/revisions"}],"wp:attachment":[{"href":"https:\/\/www.boattoursamana.com\/sr\/wp-json\/wp\/v2\/media?parent=15809"}],"curies":[{"name":"wp","href":"https:\/\/api.w.org\/{rel}","templated":true}]}}